{"id":12454,"date":"2025-08-27T08:12:50","date_gmt":"2025-08-27T06:12:50","guid":{"rendered":"https:\/\/tinychat.com\/?page_id=12454"},"modified":"2025-08-27T09:38:24","modified_gmt":"2025-08-27T07:38:24","slug":"1v1chat","status":"publish","type":"page","link":"https:\/\/tinychat.com\/pl\/1v1chat\/","title":{"rendered":"1v1Chat"},"content":{"rendered":"<p>Internet da\u0142 nam niezliczone sposoby na \u0142\u0105czenie si\u0119 z lud\u017ami na ca\u0142ym \u015bwiecie, ale niewiele do\u015bwiadcze\u0144 dor\u00f3wnuje emocjom zwi\u0105zanym z przypadkow\u0105 rozmow\u0105 twarz\u0105 w twarz z nieznajomym. Podczas gdy czaty grupowe i media spo\u0142eczno\u015bciowe rozwijaj\u0105 si\u0119 dzi\u0119ki spo\u0142eczno\u015bciom i wsp\u00f3lnym zainteresowaniom, platformy losowych czat\u00f3w wideo koncentruj\u0105 si\u0119 na czym\u015b bardziej surowym: spontaniczno\u015bci. 1v1Chat jest jedn\u0105 z platform, kt\u00f3ra opiera si\u0119 na tej prostocie, oferuj\u0105c dok\u0142adnie to, co sugeruje jej nazwa - losowy czat jeden na jednego z nieznajomymi.<\/p>\n<p>W przeciwie\u0144stwie do aplikacji, kt\u00f3re wymagaj\u0105 d\u0142ugich rejestracji lub koncentruj\u0105 si\u0119 na wyselekcjonowanych tre\u015bciach, 1v1Chat stawia na natychmiastowo\u015b\u0107. W ci\u0105gu kilku sekund mo\u017cesz pozna\u0107 kogo\u015b nowego, rozpocz\u0105\u0107 rozmow\u0119, a je\u015bli nie pasuje, przej\u015b\u0107 dalej za pomoc\u0105 jednego klikni\u0119cia. To w\u0142a\u015bnie ten minimalistyczny, prosty projekt sprawia, \u017ce jest on atrakcyjny dla os\u00f3b, kt\u00f3re chc\u0105 po prostu szybkich, anonimowych interakcji.<\/p>\n<p>W tej recenzji zbadamy, czym jest 1v1Chat, jego funkcje, spos\u00f3b dzia\u0142ania, wra\u017cenia u\u017cytkownika, narz\u0119dzia bezpiecze\u0144stwa, por\u00f3wnania z konkurencj\u0105 i praktyczne wskaz\u00f3wki, jak najlepiej go wykorzysta\u0107.<\/p>\n<h2>Co to jest 1v1Chat?<\/h2>\n<p>1v1Chat to losowa witryna czatu wideo zaprojektowana w celu natychmiastowego po\u0142\u0105czenia dw\u00f3ch nieznajomych - tylko ciebie i jednej innej osoby naraz. W przeciwie\u0144stwie do czat\u00f3w lub sieci spo\u0142eczno\u015bciowych, nie ma tu grup, kana\u0142\u00f3w ani profili. Zamiast tego sprowadza do\u015bwiadczenie do podstaw: interakcji jeden na jednego.<\/p>\n<p>To sprawia, \u017ce r\u00f3\u017cni si\u0119 od platform takich jak Chat Avenue lub TinyChat (kt\u00f3re koncentruj\u0105 si\u0119 na spo\u0142eczno\u015bciach) i jest bardziej podobny do Omegle, Chatroulette lub Emerald Chat. R\u00f3\u017cnica tkwi w nazwie i misji: 1v1 - tylko ty i jeden nieznajomy, w prywatnej przestrzeni, tak d\u0142ugo lub tak kr\u00f3tko, jak chcesz.<\/p>\n<h2>Kluczowe cechy 1v1Chat<\/h2>\n<p>Cho\u0107 jest on minimalny w por\u00f3wnaniu do bogatych w funkcje aplikacji, 1v1Chat oferuje niezb\u0119dne elementy, kt\u00f3re zapewniaj\u0105 p\u0142ynny przep\u0142yw rozm\u00f3w.<\/p>\n<h3>1. Natychmiastowe po\u0142\u0105czenia jeden na jeden<\/h3>\n<ul>\n<li>Nie jest wymagana rejestracja ani tworzenie konta.<\/li>\n<li>Kliknij \"Start\", aby natychmiast rozpocz\u0105\u0107 parowanie.<\/li>\n<li>Tylko dwie osoby na czacie - bez grup, bez rozpraszania uwagi.<\/li>\n<\/ul>\n<h3>2. Czat tekstowy i wideo<\/h3>\n<ul>\n<li>U\u017cywaj kamery internetowej i mikrofonu do rozm\u00f3w na \u017cywo.<\/li>\n<li>Wbudowane pole tekstowe umo\u017cliwia wpisywanie wiadomo\u015bci obok wideo.<\/li>\n<li>Przydatne, gdy d\u017awi\u0119k jest s\u0142aby lub je\u015bli chcesz zacz\u0105\u0107 od tekstu.<\/li>\n<\/ul>\n<h3>3. Dopasowanie globalne<\/h3>\n<ul>\n<li>Poznaj ludzi z ca\u0142ego \u015bwiata.<\/li>\n<li>Losowe po\u0142\u0105czenia sprawiaj\u0105, \u017ce ka\u017cde klikni\u0119cie jest niespodziank\u0105.<\/li>\n<li>Idealny do wymiany kulturalnej i swobodnej zabawy.<\/li>\n<\/ul>\n<h3>4. Funkcja pomijania<\/h3>\n<ul>\n<li>Przejd\u017a dalej jednym klikni\u0119ciem, je\u015bli czat nie idzie dobrze.<\/li>\n<li>Tempo jest szybkie, a do\u015bwiadczenie wci\u0105gaj\u0105ce.<\/li>\n<\/ul>\n<h3>5. Domy\u015blna anonimowo\u015b\u0107<\/h3>\n<ul>\n<li>Nie s\u0105 wymagane \u017cadne nazwy, profile ani dane osobowe.<\/li>\n<li>Ty decydujesz, co chcesz udost\u0119pni\u0107 podczas czatu.<\/li>\n<li>Rozmowy ko\u0144cz\u0105 si\u0119, gdy odchodzisz - nic nie jest zapisywane.<\/li>\n<\/ul>\n<h3>6. Dost\u0119p przyjazny dla urz\u0105dze\u0144 mobilnych<\/h3>\n<ul>\n<li>Dzia\u0142a zar\u00f3wno w przegl\u0105darkach stacjonarnych, jak i mobilnych.<\/li>\n<li>Nie jest wymagane pobieranie aplikacji.<\/li>\n<\/ul>\n<h2>Jak korzysta\u0107 z 1v1Chat<\/h2>\n<p>Cz\u0119\u015bci\u0105 atrakcyjno\u015bci 1v1Chat jest to, jak szybko mo\u017cna w niego wskoczy\u0107.<\/p>\n<h3>Krok 1: Odwied\u017a stron\u0119 internetow\u0105<\/h3>\n<ul>\n<li>Otw\u00f3rz stron\u0119 1v1Chat w przegl\u0105darce.<\/li>\n<\/ul>\n<h3>Krok 2: W\u0142\u0105czenie kamery i mikrofonu<\/h3>\n<ul>\n<li>Zezwalaj na dost\u0119p do czat\u00f3w wideo i audio.<\/li>\n<li>Je\u015bli nie chcesz wideo, mo\u017cesz nadal korzysta\u0107 z czatu tekstowego.<\/li>\n<\/ul>\n<h3>Krok 3: Kliknij przycisk Start<\/h3>\n<ul>\n<li>Natychmiastowe po\u0142\u0105czenie z przypadkowym nieznajomym.<\/li>\n<\/ul>\n<h3>Krok 4: Czat lub pomini\u0119cie<\/h3>\n<ul>\n<li>Pozosta\u0144 w rozmowie, je\u015bli idzie dobrze.<\/li>\n<li>Je\u015bli nie, kliknij \"Dalej\", aby przej\u015b\u0107 dalej.<\/li>\n<\/ul>\n<h3>Krok 5: Powt\u00f3rz<\/h3>\n<ul>\n<li>Kontynuuj rozmow\u0119 z dowoln\u0105 liczb\u0105 os\u00f3b.<\/li>\n<\/ul>\n<p>Jest to system typu drop-in, drop-out - idealny dla os\u00f3b, kt\u00f3re chc\u0105 \u0142\u0105czy\u0107 si\u0119 w spos\u00f3b niezobowi\u0105zuj\u0105cy.<\/p>\n<h2>Wra\u017cenia u\u017cytkownika na 1v1Chat<\/h2>\n<h3>Co lubi\u0105 u\u017cytkownicy<\/h3>\n<ul>\n<li>Niezwykle szybkie uruchomienie - bez rejestracji.<\/li>\n<li>Prosta konstrukcja bez rozpraszaj\u0105cych element\u00f3w.<\/li>\n<li>Prawdziwe skupienie jeden na jeden - bez grup i pobocznych kana\u0142\u00f3w.<\/li>\n<li>Dzia\u0142a dobrze zar\u00f3wno na komputerach stacjonarnych, jak i urz\u0105dzeniach mobilnych.<\/li>\n<li>Anonimowo\u015b\u0107 pozwala na swobod\u0119 w rozmowie.<\/li>\n<\/ul>\n<h3>Gdzie u\u017cytkownicy widz\u0105 pole do poprawy<\/h3>\n<ul>\n<li>Brak filtr\u00f3w (p\u0142e\u0107, region) w wersji darmowej.<\/li>\n<li>Brak funkcji znajomych lub ponownego po\u0142\u0105czenia.<\/li>\n<li>Jako\u015b\u0107 meczu zale\u017cy w du\u017cej mierze od tego, kto jest online.<\/li>\n<li>Brak zaawansowanych funkcji, takich jak t\u0142umaczenie czy gry.<\/li>\n<\/ul>\n<p>Dla wielu jednak te \"ograniczenia\" s\u0105 r\u00f3wnie\u017c si\u0142\u0105 platformy: dzi\u0119ki nim wszystko jest proste i autentyczne.<\/p>\n<h2>1v1Chat vs. inne platformy losowych czat\u00f3w wideo<\/h2>\n<p>Oto jak 1v1Chat wypada na tle swoich konkurent\u00f3w:<\/p>\n<table>\n<thead>\n<tr>\n<th>Cecha<\/th>\n<th>1v1Chat<\/th>\n<th>Omegle<\/th>\n<th>Chatroulette<\/th>\n<th>ChatHub<\/th>\n<th>Emerald Chat<\/th>\n<th>Chat Avenue<\/th>\n<\/tr>\n<\/thead>\n<tbody>\n<tr>\n<td>Natychmiastowe wideo jeden na jednego<\/td>\n<td>Tak<\/td>\n<td>Tak<\/td>\n<td>Tak<\/td>\n<td>Tak<\/td>\n<td>Tak<\/td>\n<td>Ograniczony<\/td>\n<\/tr>\n<tr>\n<td>Opcja czatu tekstowego<\/td>\n<td>Tak<\/td>\n<td>Tak<\/td>\n<td>Tak<\/td>\n<td>Tak<\/td>\n<td>Tak<\/td>\n<td>Tak<\/td>\n<\/tr>\n<tr>\n<td>Anonimowo\u015b\u0107<\/td>\n<td>Silny<\/td>\n<td>Silny<\/td>\n<td>Silny<\/td>\n<td>Umiarkowany<\/td>\n<td>Umiarkowany<\/td>\n<td>Umiarkowany<\/td>\n<\/tr>\n<tr>\n<td>Filtry (p\u0142e\u0107\/lokalizacja)<\/td>\n<td>Nie<\/td>\n<td>Nie<\/td>\n<td>Ograniczony<\/td>\n<td>Tak<\/td>\n<td>Tak<\/td>\n<td>Nie<\/td>\n<\/tr>\n<tr>\n<td>System Friend\/Follow<\/td>\n<td>Nie<\/td>\n<td>Nie<\/td>\n<td>Nie<\/td>\n<td>Tak<\/td>\n<td>Tak<\/td>\n<td>Ograniczony<\/td>\n<\/tr>\n<tr>\n<td>Czaty grupowe<\/td>\n<td>Nie<\/td>\n<td>Nie<\/td>\n<td>Nie<\/td>\n<td>Nie<\/td>\n<td>Nie<\/td>\n<td>Tak<\/td>\n<\/tr>\n<tr>\n<td>Przyjazny dla urz\u0105dze\u0144 mobilnych<\/td>\n<td>Tak<\/td>\n<td>Tak<\/td>\n<td>Tak<\/td>\n<td>Tak<\/td>\n<td>Tak<\/td>\n<td>Tak<\/td>\n<\/tr>\n<\/tbody>\n<\/table>\n<p>Podsumowanie: 1v1Chat to jedna z najbardziej minimalistycznych platform w \u015bwiecie czat\u00f3w. Nie stara si\u0119 by\u0107 sieci\u0105 spo\u0142eczno\u015bciow\u0105 ani aplikacj\u0105 randkow\u0105 - po prostu skupia si\u0119 na prywatnych, dwuosobowych rozmowach.<\/p>\n<h2>Czy 1v1Chat jest bezpieczny?<\/h2>\n<p>Podczas korzystania z us\u0142ug czatu losowego zawsze nale\u017cy pami\u0119ta\u0107 o bezpiecze\u0144stwie. Chocia\u017c 1v1Chat oferuje anonimowo\u015b\u0107, u\u017cytkownicy powinni zachowa\u0107 \u015brodki ostro\u017cno\u015bci.<\/p>\n<h3>Wbudowane funkcje bezpiecze\u0144stwa<\/h3>\n<ul>\n<li>Nie wymaga konta - zmniejsza ryzyko zwi\u0105zane z danymi.<\/li>\n<li>Domy\u015blna anonimowo\u015b\u0107.<\/li>\n<li>Rozmowy ko\u0144cz\u0105 si\u0119, gdy odchodzisz.<\/li>\n<\/ul>\n<h3>Wskaz\u00f3wki bezpiecze\u0144stwa dla u\u017cytkownik\u00f3w<\/h3>\n<ul>\n<li>Nie udost\u0119pniaj danych osobowych (prawdziwego imienia i nazwiska, adresu, numeru telefonu, informacji finansowych).<\/li>\n<li>U\u017cyj przycisku pomijania, je\u015bli czujesz si\u0119 niekomfortowo.<\/li>\n<li>Rozmowy powinny by\u0107 lekkie i swobodne.<\/li>\n<li>Rodzice powinni nadzorowa\u0107 korzystanie z witryny przez osoby niepe\u0142noletnie.<\/li>\n<li>Rozwa\u017c korzystanie z VPN w celu zwi\u0119kszenia prywatno\u015bci.<\/li>\n<\/ul>\n<h2>Wskaz\u00f3wki, jak najlepiej wykorzysta\u0107 1v1Chat<\/h2>\n<ul>\n<li>Przyjmij losowo\u015b\u0107 - chodzi o zaskoczenie, a nie kontrol\u0119.<\/li>\n<li>U\u017cywaj w godzinach szczytu (wieczory\/weekendy) dla bardziej aktywnych u\u017cytkownik\u00f3w.<\/li>\n<li>Dobre o\u015bwietlenie i wyra\u017ane wideo poprawiaj\u0105 pierwsze wra\u017cenie.<\/li>\n<li>Zachowaj swobod\u0119 - najlepiej sprawdzaj\u0105 si\u0119 zabawne i lekkie tematy.<\/li>\n<li>U\u017cyj s\u0142uchawek, aby uzyska\u0107 wyra\u017aniejszy d\u017awi\u0119k.<\/li>\n<li>Pomijaj dowolnie - nie ka\u017cdy czat b\u0119dzie odpowiedni.<\/li>\n<\/ul>\n<h2>Typowe problemy i poprawki<\/h2>\n<h3>Problem: Nie dzia\u0142a kamera\/mikrofon<\/h3>\n<ul>\n<li>Sprawd\u017a uprawnienia przegl\u0105darki.<\/li>\n<li>Upewnij si\u0119, \u017ce \u017cadna inna aplikacja nie korzysta z aparatu.<\/li>\n<li>Uruchom ponownie urz\u0105dzenie\/przegl\u0105dark\u0119.<\/li>\n<\/ul>\n<h3>Problem: Brak dost\u0119pnych dopasowa\u0144<\/h3>\n<ul>\n<li>Od\u015bwie\u017c stron\u0119.<\/li>\n<li>Spr\u00f3buj w bardziej ruchliwych godzinach dla wi\u0119kszej liczby u\u017cytkownik\u00f3w.<\/li>\n<\/ul>\n<h3>Problem: Niska jako\u015b\u0107 wideo<\/h3>\n<ul>\n<li>Prze\u0142\u0105cz na Wi-Fi, je\u015bli korzystasz z danych mobilnych.<\/li>\n<li>Zamknij inne aplikacje wymagaj\u0105ce du\u017cej przepustowo\u015bci.<\/li>\n<\/ul>\n<h3>Problem: napotkanie niew\u0142a\u015bciwego zachowania<\/h3>\n<ul>\n<li>Pomi\u0144 natychmiast.<\/li>\n<li>Korzystaj z narz\u0119dzi do raportowania, je\u015bli s\u0105 dost\u0119pne.<\/li>\n<\/ul>\n<h2>Dlaczego ludzie wybieraj\u0105 1v1Chat<\/h2>\n<p>Ludzie wybieraj\u0105 1v1Chat, poniewa\u017c:<\/p>\n<ul>\n<li>Koncentruje si\u0119 na prostocie. Bez ba\u0142aganu, bez dodatk\u00f3w - tylko jeden na jednego.<\/li>\n<li>Chroni anonimowo\u015b\u0107. Nie musisz si\u0119 logowa\u0107 ani udost\u0119pnia\u0107 danych osobowych.<\/li>\n<li>Jest natychmiastowy. Mo\u017cesz rozpocz\u0105\u0107 rozmow\u0119 w ci\u0105gu kilku sekund.<\/li>\n<li>Czu\u0107 autentyczno\u015b\u0107. Ka\u017cdy czat jest \u015bwie\u017cy i nieprzewidywalny.<\/li>\n<\/ul>\n<p>Jest to idealne rozwi\u0105zanie dla tych, kt\u00f3rzy t\u0119skni\u0105 za prostym dreszczykiem emocji Omegle, ale chc\u0105 czego\u015b czystszego i mniej zagraconego.<\/p>\n<p>Je\u015bli potrzebujesz szybkiego, anonimowego i prostego czatu losowego, 1v1Chat jest absolutnie warty wypr\u00f3bowania. Nie posiada ona zaawansowanych funkcji, takich jak filtry, t\u0142umaczenia czy listy znajomych - ale w\u0142a\u015bnie o to chodzi. Jest minimalistyczny z za\u0142o\u017cenia, skupiaj\u0105c si\u0119 wy\u0142\u0105cznie na rozmowach jeden na jeden z nieznajomymi.<\/p>\n<p>Niezale\u017cnie od tego, czy jeste\u015b tutaj, aby:<\/p>\n<ul>\n<li>Min\u0119\u0142o kilka minut na pogaw\u0119dce.<\/li>\n<li>Poznaj ludzi z r\u00f3\u017cnych kultur.<\/li>\n<li>Ciesz si\u0119 spontanicznymi rozmowami bez presji...<\/li>\n<\/ul>\n<p>1v1Chat zapewnia dok\u0142adnie to.<\/p>\n<p>W skr\u00f3cie: 1v1Chat to nowoczesna, powracaj\u0105ca do podstaw witryna do losowych czat\u00f3w wideo, kt\u00f3ra zapewnia czysto\u015b\u0107, szybko\u015b\u0107 i zaanga\u017cowanie.<\/p>\n<p>Gotowy, by spr\u00f3bowa\u0107? Odwied\u017a 1v1Chat, kliknij start i zobacz, kogo spotkasz jako nast\u0119pnego.<\/p>","protected":false},"excerpt":{"rendered":"<p>The internet has given us countless ways to connect with people worldwide, but few experiences match the excitement of a random, face-to-face conversation with a stranger. While group chats and social media thrive on communities and shared interests, random video chat platforms focus on something more raw: spontaneity. 1v1Chat is one of the platforms that [&hellip;]<\/p>\n","protected":false},"author":6,"featured_media":0,"parent":0,"menu_order":0,"comment_status":"closed","ping_status":"closed","template":"","meta":{"footnotes":""},"class_list":["post-12454","page","type-page","status-publish","hentry"],"yoast_head":"<!-- This site is optimized with the Yoast SEO plugin v27.5 - https:\/\/yoast.com\/product\/yoast-seo-wordpress\/ -->\n<title>1v1Chat - Experience Real Human Connection - TinyChat.com<\/title>\n<meta name=\"description\" content=\"Enjoying 1v1Chat? Join over 50,000,000 strangers on TinyChat! Turn on your cam and start meeting new people, or find a match.\" \/>\n<meta name=\"robots\" content=\"index, follow, max-snippet:-1, max-image-preview:large, max-video-preview:-1\" \/>\n<link rel=\"canonical\" href=\"https:\/\/tinychat.com\/pl\/1v1chat\/\" \/>\n<meta property=\"og:locale\" content=\"pl_PL\" \/>\n<meta property=\"og:type\" content=\"article\" \/>\n<meta property=\"og:title\" content=\"1v1Chat - Experience Real Human Connection - TinyChat.com\" \/>\n<meta property=\"og:description\" content=\"Enjoying 1v1Chat? Join over 50,000,000 strangers on TinyChat! Turn on your cam and start meeting new people, or find a match.\" \/>\n<meta property=\"og:url\" content=\"https:\/\/tinychat.com\/pl\/1v1chat\/\" \/>\n<meta property=\"og:site_name\" content=\"TinyChat\" \/>\n<meta property=\"article:publisher\" content=\"https:\/\/www.facebook.com\/tinychat\" \/>\n<meta property=\"article:modified_time\" content=\"2025-08-27T07:38:24+00:00\" \/>\n<meta property=\"og:image\" content=\"https:\/\/tinychat.com\/wp-content\/uploads\/2020\/04\/Tinychat-logo-1280x284-new-black.png\" \/>\n\t<meta property=\"og:image:width\" content=\"1280\" \/>\n\t<meta property=\"og:image:height\" content=\"284\" \/>\n\t<meta property=\"og:image:type\" content=\"image\/png\" \/>\n<meta name=\"twitter:card\" content=\"summary_large_image\" \/>\n<meta name=\"twitter:site\" content=\"@tinychat\" \/>\n<meta name=\"twitter:label1\" content=\"Szacowany czas czytania\" \/>\n\t<meta name=\"twitter:data1\" content=\"5 minut\" \/>\n<script type=\"application\/ld+json\" class=\"yoast-schema-graph\">{\"@context\":\"https:\\\/\\\/schema.org\",\"@graph\":[{\"@type\":\"WebPage\",\"@id\":\"https:\\\/\\\/tinychat.com\\\/1v1chat\\\/\",\"url\":\"https:\\\/\\\/tinychat.com\\\/1v1chat\\\/\",\"name\":\"1v1Chat - Experience Real Human Connection - TinyChat.com\",\"isPartOf\":{\"@id\":\"https:\\\/\\\/tinychat.com\\\/#website\"},\"datePublished\":\"2025-08-27T06:12:50+00:00\",\"dateModified\":\"2025-08-27T07:38:24+00:00\",\"description\":\"Enjoying 1v1Chat? Join over 50,000,000 strangers on TinyChat! Turn on your cam and start meeting new people, or find a match.\",\"breadcrumb\":{\"@id\":\"https:\\\/\\\/tinychat.com\\\/1v1chat\\\/#breadcrumb\"},\"inLanguage\":\"pl-PL\",\"potentialAction\":[{\"@type\":\"ReadAction\",\"target\":[\"https:\\\/\\\/tinychat.com\\\/1v1chat\\\/\"]}]},{\"@type\":\"BreadcrumbList\",\"@id\":\"https:\\\/\\\/tinychat.com\\\/1v1chat\\\/#breadcrumb\",\"itemListElement\":[{\"@type\":\"ListItem\",\"position\":1,\"name\":\"Home\",\"item\":\"https:\\\/\\\/tinychat.com\\\/\"},{\"@type\":\"ListItem\",\"position\":2,\"name\":\"1v1Chat\"}]},{\"@type\":\"WebSite\",\"@id\":\"https:\\\/\\\/tinychat.com\\\/#website\",\"url\":\"https:\\\/\\\/tinychat.com\\\/\",\"name\":\"TinyChat\",\"description\":\"Random Video Chat with Strangers\",\"publisher\":{\"@id\":\"https:\\\/\\\/tinychat.com\\\/#organization\"},\"alternateName\":\"TinyChat.com\",\"potentialAction\":[{\"@type\":\"SearchAction\",\"target\":{\"@type\":\"EntryPoint\",\"urlTemplate\":\"https:\\\/\\\/tinychat.com\\\/?s={search_term_string}\"},\"query-input\":{\"@type\":\"PropertyValueSpecification\",\"valueRequired\":true,\"valueName\":\"search_term_string\"}}],\"inLanguage\":\"pl-PL\"},{\"@type\":\"Organization\",\"@id\":\"https:\\\/\\\/tinychat.com\\\/#organization\",\"name\":\"TinyChat\",\"alternateName\":\"TinyChat.com\",\"url\":\"https:\\\/\\\/tinychat.com\\\/\",\"logo\":{\"@type\":\"ImageObject\",\"inLanguage\":\"pl-PL\",\"@id\":\"https:\\\/\\\/tinychat.com\\\/#\\\/schema\\\/logo\\\/image\\\/\",\"url\":\"https:\\\/\\\/tinychat.com\\\/wp-content\\\/uploads\\\/2023\\\/11\\\/Tinychat-icon-square.png\",\"contentUrl\":\"https:\\\/\\\/tinychat.com\\\/wp-content\\\/uploads\\\/2023\\\/11\\\/Tinychat-icon-square.png\",\"width\":284,\"height\":284,\"caption\":\"TinyChat\"},\"image\":{\"@id\":\"https:\\\/\\\/tinychat.com\\\/#\\\/schema\\\/logo\\\/image\\\/\"},\"sameAs\":[\"https:\\\/\\\/www.facebook.com\\\/tinychat\",\"https:\\\/\\\/x.com\\\/tinychat\"]}]}<\/script>\n<!-- \/ Yoast SEO plugin. -->","yoast_head_json":{"title":"1v1Chat - Do\u015bwiadcz prawdziwej wi\u0119zi mi\u0119dzyludzkiej - TinyChat.com","description":"Korzystasz z 1v1Chat? Do\u0142\u0105cz do ponad 50 000 000 nieznajomych na TinyChat! W\u0142\u0105cz kamer\u0119 i zacznij poznawa\u0107 nowych ludzi lub znajd\u017a partnera.","robots":{"index":"index","follow":"follow","max-snippet":"max-snippet:-1","max-image-preview":"max-image-preview:large","max-video-preview":"max-video-preview:-1"},"canonical":"https:\/\/tinychat.com\/pl\/1v1chat\/","og_locale":"pl_PL","og_type":"article","og_title":"1v1Chat - Experience Real Human Connection - TinyChat.com","og_description":"Enjoying 1v1Chat? Join over 50,000,000 strangers on TinyChat! Turn on your cam and start meeting new people, or find a match.","og_url":"https:\/\/tinychat.com\/pl\/1v1chat\/","og_site_name":"TinyChat","article_publisher":"https:\/\/www.facebook.com\/tinychat","article_modified_time":"2025-08-27T07:38:24+00:00","og_image":[{"width":1280,"height":284,"url":"https:\/\/tinychat.com\/wp-content\/uploads\/2020\/04\/Tinychat-logo-1280x284-new-black.png","type":"image\/png"}],"twitter_card":"summary_large_image","twitter_site":"@tinychat","twitter_misc":{"Szacowany czas czytania":"5 minut"},"schema":{"@context":"https:\/\/schema.org","@graph":[{"@type":"WebPage","@id":"https:\/\/tinychat.com\/1v1chat\/","url":"https:\/\/tinychat.com\/1v1chat\/","name":"1v1Chat - Do\u015bwiadcz prawdziwej wi\u0119zi mi\u0119dzyludzkiej - TinyChat.com","isPartOf":{"@id":"https:\/\/tinychat.com\/#website"},"datePublished":"2025-08-27T06:12:50+00:00","dateModified":"2025-08-27T07:38:24+00:00","description":"Korzystasz z 1v1Chat? Do\u0142\u0105cz do ponad 50 000 000 nieznajomych na TinyChat! W\u0142\u0105cz kamer\u0119 i zacznij poznawa\u0107 nowych ludzi lub znajd\u017a partnera.","breadcrumb":{"@id":"https:\/\/tinychat.com\/1v1chat\/#breadcrumb"},"inLanguage":"pl-PL","potentialAction":[{"@type":"ReadAction","target":["https:\/\/tinychat.com\/1v1chat\/"]}]},{"@type":"BreadcrumbList","@id":"https:\/\/tinychat.com\/1v1chat\/#breadcrumb","itemListElement":[{"@type":"ListItem","position":1,"name":"Home","item":"https:\/\/tinychat.com\/"},{"@type":"ListItem","position":2,"name":"1v1Chat"}]},{"@type":"WebSite","@id":"https:\/\/tinychat.com\/#website","url":"https:\/\/tinychat.com\/","name":"TinyChat","description":"Losowy czat wideo z nieznajomymi","publisher":{"@id":"https:\/\/tinychat.com\/#organization"},"alternateName":"TinyChat.com","potentialAction":[{"@type":"SearchAction","target":{"@type":"EntryPoint","urlTemplate":"https:\/\/tinychat.com\/?s={search_term_string}"},"query-input":{"@type":"PropertyValueSpecification","valueRequired":true,"valueName":"search_term_string"}}],"inLanguage":"pl-PL"},{"@type":"Organization","@id":"https:\/\/tinychat.com\/#organization","name":"TinyChat","alternateName":"TinyChat.com","url":"https:\/\/tinychat.com\/","logo":{"@type":"ImageObject","inLanguage":"pl-PL","@id":"https:\/\/tinychat.com\/#\/schema\/logo\/image\/","url":"https:\/\/tinychat.com\/wp-content\/uploads\/2023\/11\/Tinychat-icon-square.png","contentUrl":"https:\/\/tinychat.com\/wp-content\/uploads\/2023\/11\/Tinychat-icon-square.png","width":284,"height":284,"caption":"TinyChat"},"image":{"@id":"https:\/\/tinychat.com\/#\/schema\/logo\/image\/"},"sameAs":["https:\/\/www.facebook.com\/tinychat","https:\/\/x.com\/tinychat"]}]}},"_links":{"self":[{"href":"https:\/\/tinychat.com\/pl\/wp-json\/wp\/v2\/pages\/12454","targetHints":{"allow":["GET"]}}],"collection":[{"href":"https:\/\/tinychat.com\/pl\/wp-json\/wp\/v2\/pages"}],"about":[{"href":"https:\/\/tinychat.com\/pl\/wp-json\/wp\/v2\/types\/page"}],"author":[{"embeddable":true,"href":"https:\/\/tinychat.com\/pl\/wp-json\/wp\/v2\/users\/6"}],"replies":[{"embeddable":true,"href":"https:\/\/tinychat.com\/pl\/wp-json\/wp\/v2\/comments?post=12454"}],"version-history":[{"count":3,"href":"https:\/\/tinychat.com\/pl\/wp-json\/wp\/v2\/pages\/12454\/revisions"}],"predecessor-version":[{"id":13477,"href":"https:\/\/tinychat.com\/pl\/wp-json\/wp\/v2\/pages\/12454\/revisions\/13477"}],"wp:attachment":[{"href":"https:\/\/tinychat.com\/pl\/wp-json\/wp\/v2\/media?parent=12454"}],"curies":[{"name":"wp","href":"https:\/\/api.w.org\/{rel}","templated":true}]}}