{"id":12463,"date":"2025-08-04T11:13:51","date_gmt":"2025-08-04T09:13:51","guid":{"rendered":"https:\/\/tinychat.com\/?page_id=12463"},"modified":"2025-08-04T11:49:51","modified_gmt":"2025-08-04T09:49:51","slug":"chitchat","status":"publish","type":"page","link":"https:\/\/tinychat.com\/pl\/chitchat\/","title":{"rendered":"ChitChat"},"content":{"rendered":"<p>Poniewa\u017c \u015bwiat online staje si\u0119 coraz bardziej zat\u0142oczony sieciami spo\u0142eczno\u015bciowymi i platformami opartymi na aplikacjach, wielu u\u017cytkownik\u00f3w szuka czego\u015b bardziej autentycznego i prostego - miejsca do rozmowy, nawi\u0105zywania przyja\u017ani i dzielenia si\u0119 pomys\u0142ami bez algorytm\u00f3w, profili i inwazyjnego gromadzenia danych. ChitChat wy\u0142oni\u0142 si\u0119 jako wiod\u0105ce miejsce do darmowego, anonimowego, opartego na przegl\u0105darce czatu, oferuj\u0105c idealne po\u0142\u0105czenie oldschoolowej energii czatu z nowoczesn\u0105 prywatno\u015bci\u0105, u\u017cyteczno\u015bci\u0105 i spo\u0142eczno\u015bci\u0105.<\/p>\n<p>Niezale\u017cnie od tego, czy chcesz pozna\u0107 nowych ludzi, om\u00f3wi\u0107 swoje zainteresowania w grupie, zasi\u0119gn\u0105\u0107 porady, czy po prostu przeprowadzi\u0107 przypadkow\u0105 rozmow\u0119 z nieznajomym, ChitChat \u0142\u0105czy ludzi z ca\u0142ego \u015bwiata w przyjaznym, bezpiecznym i \u0142atwym w u\u017cyciu \u015brodowisku - nie wymaga pobierania ani rejestracji.<\/p>\n<p>Ten szczeg\u00f3\u0142owy przewodnik poka\u017ce ci wszystko, co musisz wiedzie\u0107 o ChitChat: czym jest, jego wyr\u00f3\u017cniaj\u0105ce si\u0119 funkcje, wra\u017cenia u\u017cytkownika, prywatno\u015b\u0107 i bezpiecze\u0144stwo, jak wypada w por\u00f3wnaniu z innymi platformami czatu, rozwi\u0105zywanie problem\u00f3w i porady ekspert\u00f3w, jak najlepiej wykorzysta\u0107 ka\u017cd\u0105 sesj\u0119.<\/p>\n<h2>Co to jest ChitChat?<\/h2>\n<p>ChitChat to oparta na przegl\u0105darce anonimowa platforma czatowa, kt\u00f3ra oferuje zar\u00f3wno losowe czaty jeden na jednego, jak i otwarte pokoje rozm\u00f3w grupowych. Zaprojektowany dla tych, kt\u00f3rzy ceni\u0105 sobie prywatno\u015b\u0107 i spontaniczno\u015b\u0107, ChitChat umo\u017cliwia natychmiastowe rozpocz\u0119cie rozmowy - bez rejestracji, bez poczty e-mail i bez skomplikowanej konfiguracji.<\/p>\n<p>ChitChat jest idealny dla:<\/p>\n<ul>\n<li>Anonimowe rozmowy jeden na jeden z nieznajomymi<\/li>\n<li>Tematyczne pokoje grupowe (zainteresowania, j\u0119zyk, kraj, grupa wiekowa itp.)<\/li>\n<li>Bezpieczny czat zapewniaj\u0105cy prywatno\u015b\u0107<\/li>\n<li>Przypadkowe kontakty towarzyskie, flirt, wsparcie lub porady<\/li>\n<li>\u0141\u0105czenie si\u0119 z dowolnego urz\u0105dzenia, w dowolnym miejscu<\/li>\n<\/ul>\n<p>Platforma polega na komunikacji w czasie rzeczywistym bez barier - bez profili spo\u0142eczno\u015bciowych, bez \u015bledzenia i ca\u0142kowitej swobody bycia sob\u0105.<\/p>\n<h2>G\u0142\u00f3wne cechy ChitChat<\/h2>\n<p>ChitChat wyr\u00f3\u017cnia si\u0119 na tle innych platform, koncentruj\u0105c si\u0119 na wzmocnieniu pozycji u\u017cytkownika, bezpiecze\u0144stwie i \u0142atwo\u015bci u\u017cytkowania:<\/p>\n<h3>1. Rejestracja nie jest wymagana<\/h3>\n<p>Do\u0142\u0105cz do dowolnej rozmowy w kilka sekund - po prostu wybierz pseudonim i rozpocznij czat. Nie ma potrzeby podawania danych osobowych, adres\u00f3w e-mail ani numer\u00f3w telefon\u00f3w.<\/p>\n<h3>2. Domy\u015blnie anonimowy<\/h3>\n<p>Zachowaj prywatno\u015b\u0107, jak tylko chcesz. ChitChat nie wymaga prawdziwych imion ani nie przechowuje informacji identyfikuj\u0105cych, dzi\u0119ki czemu ka\u017cdy czat jest bezpieczn\u0105 przestrzeni\u0105 do otwartego dialogu.<\/p>\n<h3>3. Losowy czat jeden na jednego<\/h3>\n<p>Nawi\u0105zuj natychmiastowe po\u0142\u0105czenia z nieznajomymi w prywatnych czatach jeden na jednego. Przycisk \"Dalej\" pozwala szybko przej\u015b\u0107 do nowego meczu, je\u015bli rozmowa nie jest odpowiednia.<\/p>\n<h3>4. Pokoje rozm\u00f3w grupowych<\/h3>\n<p>Przegl\u0105daj szerok\u0105 gam\u0119 czat\u00f3w grupowych wed\u0142ug zainteresowa\u0144, kraju, j\u0119zyka, grupy wiekowej lub tematu. Do\u0142\u0105cz do globalnej konwersacji lub stw\u00f3rz w\u0142asn\u0105 grup\u0119 prywatn\u0105.<\/p>\n<h3>5. Prosty, nowoczesny interfejs<\/h3>\n<p>Przejrzysty i intuicyjny uk\u0142ad ChitChat dzia\u0142a p\u0142ynnie zar\u00f3wno w przegl\u0105darkach stacjonarnych, jak i mobilnych. \u017badnych reklam, \u017cadnego ba\u0142aganu - tylko czat.<\/p>\n<h3>6. Emoji i udost\u0119pnianie multimedi\u00f3w<\/h3>\n<p>Wyra\u017a siebie dzi\u0119ki pe\u0142nej bibliotece emotikon\u00f3w i (je\u015bli w\u0142\u0105czono) bezpiecznemu udost\u0119pnianiu obraz\u00f3w lub GIF-\u00f3w, dzi\u0119ki czemu rozmowy b\u0119d\u0105 bardziej \u017cywe i ekspresyjne.<\/p>\n<h3>7. Tworzenie niestandardowych pomieszcze\u0144<\/h3>\n<p>U\u017cytkownicy mog\u0105 tworzy\u0107 prywatne lub publiczne pokoje grupowe z niestandardowymi nazwami, tematami i kontrol\u0105 dost\u0119pu. Udost\u0119pnij link, aby zaprosi\u0107 znajomych lub udost\u0119pnij go wszystkim.<\/p>\n<h3>8. Narz\u0119dzia natychmiastowej moderacji<\/h3>\n<p>Zg\u0142aszaj lub blokuj u\u017cytkownik\u00f3w jednym klikni\u0119ciem. Aktywna moderacja ChitChat sprawia, \u017ce \u015brodowisko jest pe\u0142ne szacunku i wolne od spamu.<\/p>\n<h3>9. Tymczasowe, bezpieczne czaty<\/h3>\n<p>ChitChat nie rejestruje historii czat\u00f3w - po opuszczeniu pokoju lub zamkni\u0119ciu czatu wiadomo\u015bci znikaj\u0105 na dobre, zapewniaj\u0105c, \u017ce nie pozostanie po nich \u017caden \u015blad.<\/p>\n<h3>10. Filtry j\u0119zyka i lokalizacji<\/h3>\n<p>Wybierz dopasowanie do os\u00f3b z okre\u015blonych kraj\u00f3w lub m\u00f3wi\u0105cych w Twoim j\u0119zyku - idealne do \u0107wiczenia j\u0119zyka lub nawi\u0105zywania znajomo\u015bci bli\u017cej domu.<\/p>\n<h2>Jak korzysta\u0107 z ChitChat<\/h2>\n<p>Korzystanie z ChitChat zosta\u0142o zaprojektowane tak, aby by\u0142o p\u0142ynne i intuicyjne:<\/p>\n<h3>Krok 1: Odwied\u017a stron\u0119 internetow\u0105 ChitChat<\/h3>\n<p>Wejd\u017a na stron\u0119 chitchat.com (lub jej lokaln\u0105 wersj\u0119) w dowolnej przegl\u0105darce internetowej.<\/p>\n<h3>Krok 2: Wybierz pseudonim<\/h3>\n<p>Wprowad\u017a wybrany przez siebie pseudonim - nie ma potrzeby podawania prawdziwych imion i nazwisk.<\/p>\n<h3>Krok 3: Wybierz tryb czatu<\/h3>\n<ul>\n<li>Losowy czat: Zosta\u0144 natychmiast sparowany z nieznajomym na prywatny czat jeden na jednego.<\/li>\n<li>Pokoje grupowe: Przegl\u0105daj lub wyszukuj pokoje grupowe wed\u0142ug tematu, kraju, j\u0119zyka lub zainteresowa\u0144.<\/li>\n<li>Utw\u00f3rz pok\u00f3j: Skonfiguruj w\u0142asny pok\u00f3j grupowy dla znajomych lub do rozm\u00f3w publicznych.<\/li>\n<\/ul>\n<h3>Krok 4: Rozpocznij czat<\/h3>\n<p>Przywitaj si\u0119, zadawaj pytania lub przejd\u017a od razu do dyskusji. U\u017cyj przycisku \"Dalej\", aby przej\u015b\u0107 do nowego czatu w trybie losowym lub do\u0142\u0105czy\u0107 do innego pokoju grupowego.<\/p>\n<h3>Krok 5: U\u017cywaj emotikon\u00f3w i multimedi\u00f3w<\/h3>\n<p>Dodawaj emotikony do wiadomo\u015bci lub, je\u015bli jest to dozwolone, udost\u0119pniaj bezpieczne obrazy i GIF-y, aby czaty by\u0142y bardziej wyraziste.<\/p>\n<h3>Krok 6: Zg\u0142o\u015b lub zablokuj w razie potrzeby<\/h3>\n<p>Je\u015bli napotkasz trolle, spam lub nadu\u017cycia, skorzystaj z funkcji zg\u0142aszania lub blokowania - moderatorzy dzia\u0142aj\u0105 szybko, aby utrzyma\u0107 platform\u0119 w czysto\u015bci.<\/p>\n<h2>Do\u015bwiadczenie u\u017cytkownika na ChitChat<\/h2>\n<p>ChitChat to przede wszystkim wolno\u015b\u0107, prostota i autentyczna konwersacja:<\/p>\n<h3>Co kochaj\u0105 u\u017cytkownicy<\/h3>\n<ul>\n<li>Brak konieczno\u015bci rejestracji: Natychmiastowy, anonimowy dost\u0119p do wszystkich czat\u00f3w.<\/li>\n<li>Globalna spo\u0142eczno\u015b\u0107: Poznaj ludzi z ka\u017cdego kontynentu, o ka\u017cdej porze dnia.<\/li>\n<li>Nowoczesny, przyjazny dla urz\u0105dze\u0144 mobilnych design: Dzia\u0142a \u015bwietnie na ka\u017cdym urz\u0105dzeniu, z przejrzystym uk\u0142adem.<\/li>\n<li>Silna ochrona prywatno\u015bci: Brak log\u00f3w, brak profili, brak \u015bledzenia.<\/li>\n<li>Konfigurowalne pokoje: Ustaw w\u0142asne tematy i zapraszaj znajomych za pomoc\u0105 linku.<\/li>\n<li>Aktywna moderacja: Szybka reakcja na spam lub nadu\u017cycia.<\/li>\n<li>Zabawne emotikony i udost\u0119pnianie obraz\u00f3w: O\u017cyw rozmowy.<\/li>\n<\/ul>\n<h3>Gdzie u\u017cytkownicy widz\u0105 pole do poprawy<\/h3>\n<ul>\n<li>Brak czatu wideo lub audio (obecnie tylko tekstowy).<\/li>\n<li>Niekt\u00f3re funkcje (takie jak udost\u0119pnianie zdj\u0119\u0107) s\u0105 ograniczone w czacie losowym ze wzgl\u0119d\u00f3w bezpiecze\u0144stwa.<\/li>\n<li>Mniej u\u017cytkownik\u00f3w p\u00f3\u017ano w nocy w por\u00f3wnaniu z ogromnymi globalnymi platformami.<\/li>\n<li>Pe\u0142na historia konwersacji nie jest dost\u0119pna (z za\u0142o\u017cenia, dla zachowania prywatno\u015bci).<\/li>\n<\/ul>\n<h3>Rzeczywiste opinie u\u017cytkownik\u00f3w<\/h3>\n<blockquote><p>\"U\u017cywam ChitChat, aby zrelaksowa\u0107 si\u0119 pod koniec dnia - bez rejestracji, bez k\u0142opot\u00f3w, po prostu prawdziwa rozmowa z nieznajomymi lub przyjaci\u00f3\u0142mi\".<br \/>\n- <em>Emily R., Trustpilot<\/em><\/p><\/blockquote>\n<blockquote><p>\"Uwielbiam pokoje grupowe. To najlepszy spos\u00f3b na poznanie ludzi o podobnych zainteresowaniach bez martwienia si\u0119 o prywatno\u015b\u0107\".<br \/>\n- <em>Ali M., Opinie Google<\/em><\/p><\/blockquote>\n<blockquote><p>\"Przycisk zg\u0142aszania rzeczywi\u015bcie dzia\u0142a - moderatorzy szybko banuj\u0105 trolli. Czuje si\u0119 o wiele bezpieczniej ni\u017c w wi\u0119kszo\u015bci losowych aplikacji do czatowania\".<br \/>\n- <em>Sophie T., App Store<\/em><\/p><\/blockquote>\n<h2>ChitChat a inne platformy anonimowego czatu<\/h2>\n<p>Jak wypada ChitChat w por\u00f3wnaniu z wiod\u0105cymi platformami do anonimowego czatowania?<\/p>\n<table>\n<thead>\n<tr>\n<th>Cecha<\/th>\n<th>ChitChat<\/th>\n<th>Chatiwi<\/th>\n<th>Chatiw<\/th>\n<th>Chatib<\/th>\n<th>Yesichat<\/th>\n<th>Chatzy<\/th>\n<\/tr>\n<\/thead>\n<tbody>\n<tr>\n<td>Rejestracja nie jest wymagana<\/td>\n<td>Tak<\/td>\n<td>Tak<\/td>\n<td>Tak<\/td>\n<td>Tak<\/td>\n<td>Tak<\/td>\n<td>Tak<\/td>\n<\/tr>\n<tr>\n<td>Anonimowy domy\u015blnie<\/td>\n<td>Tak<\/td>\n<td>Tak<\/td>\n<td>Tak<\/td>\n<td>Tak<\/td>\n<td>Tak<\/td>\n<td>Tak<\/td>\n<\/tr>\n<tr>\n<td>Czat losowy i grupowy<\/td>\n<td>Oba<\/td>\n<td>Oba<\/td>\n<td>Oba<\/td>\n<td>Oba<\/td>\n<td>Oba<\/td>\n<td>Oba<\/td>\n<\/tr>\n<tr>\n<td>Udost\u0119pnianie multimedi\u00f3w\/Emoji<\/td>\n<td>Tak<\/td>\n<td>Tak<\/td>\n<td>Tak<\/td>\n<td>Tak<\/td>\n<td>Tak<\/td>\n<td>Tak<\/td>\n<\/tr>\n<tr>\n<td>Tworzenie niestandardowych pomieszcze\u0144<\/td>\n<td>Tak<\/td>\n<td>Tak<\/td>\n<td>Nie<\/td>\n<td>Nie<\/td>\n<td>Tak<\/td>\n<td>Tak<\/td>\n<\/tr>\n<tr>\n<td>Narz\u0119dzia moderacji<\/td>\n<td>Silny<\/td>\n<td>Silny<\/td>\n<td>\u26a0\ufe0f Niekt\u00f3re<\/td>\n<td>Tak<\/td>\n<td>Tak<\/td>\n<td>Tak<\/td>\n<\/tr>\n<tr>\n<td>Historia czat\u00f3w nie jest przechowywana<\/td>\n<td>Tak<\/td>\n<td>Tak<\/td>\n<td>Nie<\/td>\n<td>Nie<\/td>\n<td>Tak<\/td>\n<td>Tak<\/td>\n<\/tr>\n<tr>\n<td>Zoptymalizowany pod k\u0105tem urz\u0105dze\u0144 mobilnych<\/td>\n<td>Tak<\/td>\n<td>Tak<\/td>\n<td>Tak<\/td>\n<td>Tak<\/td>\n<td>Tak<\/td>\n<td>Tak<\/td>\n<\/tr>\n<\/tbody>\n<\/table>\n<p>Podsumowanie: ChitChat wyr\u00f3\u017cnia si\u0119 \u0142atwo\u015bci\u0105 obs\u0142ugi, po\u0142\u0105czeniem czatu losowego i grupowego, siln\u0105 prywatno\u015bci\u0105 i konfigurowalnymi pokojami grupowymi - idealnymi zar\u00f3wno do spontanicznych rozm\u00f3w, jak i sta\u0142ej spo\u0142eczno\u015bci.<\/p>\n<h2>Czy ChitChat jest bezpieczny?<\/h2>\n<p>ChitChat zosta\u0142 zaprojektowany z my\u015bl\u0105 o prywatno\u015bci i bezpiecze\u0144stwie u\u017cytkownik\u00f3w:<\/p>\n<ul>\n<li>Bez rejestracji, bez gromadzenia danych osobowych<\/li>\n<li>Anonimowy czat - wybierz w\u0142asny pseudonim<\/li>\n<li>Brak dziennik\u00f3w rozm\u00f3w lub przechowywania danych<\/li>\n<li>Aktywny zesp\u00f3\u0142 moderuj\u0105cy nadu\u017cycia lub spam<\/li>\n<li>Narz\u0119dzia do raportowania i blokowania u\u017cytkownik\u00f3w<\/li>\n<li>Brak reklam i \u015bledzenia przez osoby trzecie<\/li>\n<\/ul>\n<h3>Wskaz\u00f3wki dotycz\u0105ce bezpiecze\u0144stwa<\/h3>\n<ul>\n<li>Nie udost\u0119pniaj danych osobowych ani prawdziwych nazwisk na czacie.<\/li>\n<li>U\u017cywaj prywatnych pokoj\u00f3w do zaufanych rozm\u00f3w, a publicznych pokoj\u00f3w grupowych dla spo\u0142eczno\u015bci.<\/li>\n<li>Zg\u0142aszaj n\u0119kanie, spam lub nieodpowiednie tre\u015bci.<\/li>\n<li>Zaufaj swojemu instynktowi - odejd\u017a od ka\u017cdej rozmowy, kt\u00f3ra wydaje si\u0119 niekomfortowa.<\/li>\n<\/ul>\n<h2>Wskaz\u00f3wki, jak najlepiej wykorzysta\u0107 ChitChat<\/h2>\n<ul>\n<li>Zacznij od przyjaznego powitania: Otwiera wi\u0119cej rozm\u00f3w.<\/li>\n<li>Poznaj pokoje grupowe: \u015awietny spos\u00f3b na znalezienie znajomych lub dog\u0142\u0119bne om\u00f3wienie temat\u00f3w.<\/li>\n<li>Stw\u00f3rz sw\u00f3j w\u0142asny pok\u00f3j: Idealny do prywatnych czat\u00f3w lub dyskusji tematycznych.<\/li>\n<li>Wyra\u017a siebie: U\u017cywaj emotikon\u00f3w i, je\u015bli to mo\u017cliwe, obraz\u00f3w, aby czaty by\u0142y bardziej anga\u017cuj\u0105ce.<\/li>\n<li>Moderuj swoje do\u015bwiadczenia: W razie potrzeby korzystaj z narz\u0119dzi blokowania\/raportowania.<\/li>\n<li>Prze\u0142\u0105czanie mi\u0119dzy urz\u0105dzeniami: Ciesz si\u0119 p\u0142ynn\u0105 obs\u0142ug\u0105 na urz\u0105dzeniach mobilnych i komputerach stacjonarnych.<\/li>\n<li>Zachowaj anonimowo\u015b\u0107: Chro\u0144 swoj\u0105 prywatno\u015b\u0107 - nigdy nie udost\u0119pniaj poufnych informacji.<\/li>\n<\/ul>\n<h2>Rozwi\u0105zywanie typowych problem\u00f3w z ChitChat<\/h2>\n<h3>Nie mo\u017cna si\u0119 po\u0142\u0105czy\u0107 lub czat si\u0119 nie \u0142aduje<\/h3>\n<p>Sprawd\u017a po\u0142\u0105czenie internetowe, od\u015bwie\u017c przegl\u0105dark\u0119 lub wypr\u00f3buj inne urz\u0105dzenie.<\/p>\n<h3>Udost\u0119pnianie obraz\u00f3w nie dzia\u0142a<\/h3>\n<p>Sprawd\u017a limity rozmiaru\/typu plik\u00f3w; udost\u0119pnianie obraz\u00f3w mo\u017ce by\u0107 ograniczone na czacie losowym ze wzgl\u0119d\u00f3w bezpiecze\u0144stwa.<\/p>\n<h3>Napotykanie trolli lub spamu<\/h3>\n<p>Zablokuj lub zg\u0142o\u015b u\u017cytkownika - moderatorzy dzia\u0142aj\u0105 szybko, aby usun\u0105\u0107 sprawc\u00f3w.<\/p>\n<h3>Zagubiona historia czatu<\/h3>\n<p>Z za\u0142o\u017cenia czaty nie s\u0105 przechowywane w celu zapewnienia prywatno\u015bci. Zapisz wszystkie wa\u017cne informacje przed opuszczeniem pokoju.<\/p>\n<h3>Niewielu u\u017cytkownik\u00f3w online<\/h3>\n<p>Wypr\u00f3buj r\u00f3\u017cne pokoje grupowe lub pory dnia. Stw\u00f3rz w\u0142asny pok\u00f3j i zapro\u015b znajomych na prywatny czat.<\/p>\n<p>Absolutnie - zw\u0142aszcza dla ka\u017cdego, kto szuka szybkiego, prywatnego i anonimowego czatu bez baga\u017cu rejestracji, \u015bledzenia lub natr\u0119tnych reklam. ChitChat to idealne, nowoczesne po\u0142\u0105czenie klasycznej zabawy na czacie z najlepszymi obecnie funkcjami ochrony prywatno\u015bci.<\/p>\n<p>Niezale\u017cnie od tego, czy chcesz rozmawia\u0107 jeden na jednego, do\u0142\u0105czy\u0107 do dyskusji grupowej, czy zbudowa\u0107 w\u0142asn\u0105 spo\u0142eczno\u015b\u0107 czatu, ChitChat zapewnia bezpieczn\u0105, przyjazn\u0105 platform\u0119 do autentycznych rozm\u00f3w online - zawsze, wsz\u0119dzie i z ka\u017cdym.<\/p>\n<p>Gotowy do rozpocz\u0119cia rozmowy? Odwied\u017a stron\u0119 chitchat.com, wybierz sw\u00f3j nick i tryb i rozpocznij kolejn\u0105 rozmow\u0119 ju\u017c teraz.<\/p>","protected":false},"excerpt":{"rendered":"<p>As the online world becomes increasingly crowded with social networks and app-driven platforms, many users are searching for something more authentic and simple\u2014a place to talk, make friends, and share ideas without algorithms, profiles, or invasive data collection. ChitChat has emerged as a leading destination for free, anonymous, browser-based chat, offering the perfect blend of [&hellip;]<\/p>\n","protected":false},"author":6,"featured_media":0,"parent":0,"menu_order":0,"comment_status":"closed","ping_status":"closed","template":"","meta":{"footnotes":""},"class_list":["post-12463","page","type-page","status-publish","hentry"],"yoast_head":"<!-- This site is optimized with the Yoast SEO plugin v27.5 - https:\/\/yoast.com\/product\/yoast-seo-wordpress\/ -->\n<title>ChitChat - Talk to Strangers Online - TinyChat.com<\/title>\n<meta name=\"description\" content=\"Enjoying ChitChat? Join over 50,000,000 strangers on TinyChat! Turn on your cam and start meeting new people, or find a match.\" \/>\n<meta name=\"robots\" content=\"index, follow, max-snippet:-1, max-image-preview:large, max-video-preview:-1\" \/>\n<link rel=\"canonical\" href=\"https:\/\/tinychat.com\/pl\/chitchat\/\" \/>\n<meta property=\"og:locale\" content=\"pl_PL\" \/>\n<meta property=\"og:type\" content=\"article\" \/>\n<meta property=\"og:title\" content=\"ChitChat - Talk to Strangers Online - TinyChat.com\" \/>\n<meta property=\"og:description\" content=\"Enjoying ChitChat? Join over 50,000,000 strangers on TinyChat! Turn on your cam and start meeting new people, or find a match.\" \/>\n<meta property=\"og:url\" content=\"https:\/\/tinychat.com\/pl\/chitchat\/\" \/>\n<meta property=\"og:site_name\" content=\"TinyChat\" \/>\n<meta property=\"article:publisher\" content=\"https:\/\/www.facebook.com\/tinychat\" \/>\n<meta property=\"article:modified_time\" content=\"2025-08-04T09:49:51+00:00\" \/>\n<meta property=\"og:image\" content=\"https:\/\/tinychat.com\/wp-content\/uploads\/2020\/04\/Tinychat-logo-1280x284-new-black.png\" \/>\n\t<meta property=\"og:image:width\" content=\"1280\" \/>\n\t<meta property=\"og:image:height\" content=\"284\" \/>\n\t<meta property=\"og:image:type\" content=\"image\/png\" \/>\n<meta name=\"twitter:card\" content=\"summary_large_image\" \/>\n<meta name=\"twitter:site\" content=\"@tinychat\" \/>\n<meta name=\"twitter:label1\" content=\"Szacowany czas czytania\" \/>\n\t<meta name=\"twitter:data1\" content=\"7 minut\" \/>\n<script type=\"application\/ld+json\" class=\"yoast-schema-graph\">{\"@context\":\"https:\\\/\\\/schema.org\",\"@graph\":[{\"@type\":\"WebPage\",\"@id\":\"https:\\\/\\\/tinychat.com\\\/chitchat\\\/\",\"url\":\"https:\\\/\\\/tinychat.com\\\/chitchat\\\/\",\"name\":\"ChitChat - Talk to Strangers Online - TinyChat.com\",\"isPartOf\":{\"@id\":\"https:\\\/\\\/tinychat.com\\\/#website\"},\"datePublished\":\"2025-08-04T09:13:51+00:00\",\"dateModified\":\"2025-08-04T09:49:51+00:00\",\"description\":\"Enjoying ChitChat? Join over 50,000,000 strangers on TinyChat! Turn on your cam and start meeting new people, or find a match.\",\"breadcrumb\":{\"@id\":\"https:\\\/\\\/tinychat.com\\\/chitchat\\\/#breadcrumb\"},\"inLanguage\":\"pl-PL\",\"potentialAction\":[{\"@type\":\"ReadAction\",\"target\":[\"https:\\\/\\\/tinychat.com\\\/chitchat\\\/\"]}]},{\"@type\":\"BreadcrumbList\",\"@id\":\"https:\\\/\\\/tinychat.com\\\/chitchat\\\/#breadcrumb\",\"itemListElement\":[{\"@type\":\"ListItem\",\"position\":1,\"name\":\"Home\",\"item\":\"https:\\\/\\\/tinychat.com\\\/\"},{\"@type\":\"ListItem\",\"position\":2,\"name\":\"ChitChat\"}]},{\"@type\":\"WebSite\",\"@id\":\"https:\\\/\\\/tinychat.com\\\/#website\",\"url\":\"https:\\\/\\\/tinychat.com\\\/\",\"name\":\"TinyChat\",\"description\":\"Random Video Chat with Strangers\",\"publisher\":{\"@id\":\"https:\\\/\\\/tinychat.com\\\/#organization\"},\"alternateName\":\"TinyChat.com\",\"potentialAction\":[{\"@type\":\"SearchAction\",\"target\":{\"@type\":\"EntryPoint\",\"urlTemplate\":\"https:\\\/\\\/tinychat.com\\\/?s={search_term_string}\"},\"query-input\":{\"@type\":\"PropertyValueSpecification\",\"valueRequired\":true,\"valueName\":\"search_term_string\"}}],\"inLanguage\":\"pl-PL\"},{\"@type\":\"Organization\",\"@id\":\"https:\\\/\\\/tinychat.com\\\/#organization\",\"name\":\"TinyChat\",\"alternateName\":\"TinyChat.com\",\"url\":\"https:\\\/\\\/tinychat.com\\\/\",\"logo\":{\"@type\":\"ImageObject\",\"inLanguage\":\"pl-PL\",\"@id\":\"https:\\\/\\\/tinychat.com\\\/#\\\/schema\\\/logo\\\/image\\\/\",\"url\":\"https:\\\/\\\/tinychat.com\\\/wp-content\\\/uploads\\\/2023\\\/11\\\/Tinychat-icon-square.png\",\"contentUrl\":\"https:\\\/\\\/tinychat.com\\\/wp-content\\\/uploads\\\/2023\\\/11\\\/Tinychat-icon-square.png\",\"width\":284,\"height\":284,\"caption\":\"TinyChat\"},\"image\":{\"@id\":\"https:\\\/\\\/tinychat.com\\\/#\\\/schema\\\/logo\\\/image\\\/\"},\"sameAs\":[\"https:\\\/\\\/www.facebook.com\\\/tinychat\",\"https:\\\/\\\/x.com\\\/tinychat\"]}]}<\/script>\n<!-- \/ Yoast SEO plugin. -->","yoast_head_json":{"title":"ChitChat - Rozmawiaj z nieznajomymi online - TinyChat.com","description":"Podoba ci si\u0119 ChitChat? Do\u0142\u0105cz do ponad 50 000 000 nieznajomych na TinyChat! W\u0142\u0105cz kamer\u0119 i zacznij poznawa\u0107 nowych ludzi lub znajd\u017a partnera.","robots":{"index":"index","follow":"follow","max-snippet":"max-snippet:-1","max-image-preview":"max-image-preview:large","max-video-preview":"max-video-preview:-1"},"canonical":"https:\/\/tinychat.com\/pl\/chitchat\/","og_locale":"pl_PL","og_type":"article","og_title":"ChitChat - Talk to Strangers Online - TinyChat.com","og_description":"Enjoying ChitChat? Join over 50,000,000 strangers on TinyChat! Turn on your cam and start meeting new people, or find a match.","og_url":"https:\/\/tinychat.com\/pl\/chitchat\/","og_site_name":"TinyChat","article_publisher":"https:\/\/www.facebook.com\/tinychat","article_modified_time":"2025-08-04T09:49:51+00:00","og_image":[{"width":1280,"height":284,"url":"https:\/\/tinychat.com\/wp-content\/uploads\/2020\/04\/Tinychat-logo-1280x284-new-black.png","type":"image\/png"}],"twitter_card":"summary_large_image","twitter_site":"@tinychat","twitter_misc":{"Szacowany czas czytania":"7 minut"},"schema":{"@context":"https:\/\/schema.org","@graph":[{"@type":"WebPage","@id":"https:\/\/tinychat.com\/chitchat\/","url":"https:\/\/tinychat.com\/chitchat\/","name":"ChitChat - Rozmawiaj z nieznajomymi online - TinyChat.com","isPartOf":{"@id":"https:\/\/tinychat.com\/#website"},"datePublished":"2025-08-04T09:13:51+00:00","dateModified":"2025-08-04T09:49:51+00:00","description":"Podoba ci si\u0119 ChitChat? Do\u0142\u0105cz do ponad 50 000 000 nieznajomych na TinyChat! W\u0142\u0105cz kamer\u0119 i zacznij poznawa\u0107 nowych ludzi lub znajd\u017a partnera.","breadcrumb":{"@id":"https:\/\/tinychat.com\/chitchat\/#breadcrumb"},"inLanguage":"pl-PL","potentialAction":[{"@type":"ReadAction","target":["https:\/\/tinychat.com\/chitchat\/"]}]},{"@type":"BreadcrumbList","@id":"https:\/\/tinychat.com\/chitchat\/#breadcrumb","itemListElement":[{"@type":"ListItem","position":1,"name":"Home","item":"https:\/\/tinychat.com\/"},{"@type":"ListItem","position":2,"name":"ChitChat"}]},{"@type":"WebSite","@id":"https:\/\/tinychat.com\/#website","url":"https:\/\/tinychat.com\/","name":"TinyChat","description":"Losowy czat wideo z nieznajomymi","publisher":{"@id":"https:\/\/tinychat.com\/#organization"},"alternateName":"TinyChat.com","potentialAction":[{"@type":"SearchAction","target":{"@type":"EntryPoint","urlTemplate":"https:\/\/tinychat.com\/?s={search_term_string}"},"query-input":{"@type":"PropertyValueSpecification","valueRequired":true,"valueName":"search_term_string"}}],"inLanguage":"pl-PL"},{"@type":"Organization","@id":"https:\/\/tinychat.com\/#organization","name":"TinyChat","alternateName":"TinyChat.com","url":"https:\/\/tinychat.com\/","logo":{"@type":"ImageObject","inLanguage":"pl-PL","@id":"https:\/\/tinychat.com\/#\/schema\/logo\/image\/","url":"https:\/\/tinychat.com\/wp-content\/uploads\/2023\/11\/Tinychat-icon-square.png","contentUrl":"https:\/\/tinychat.com\/wp-content\/uploads\/2023\/11\/Tinychat-icon-square.png","width":284,"height":284,"caption":"TinyChat"},"image":{"@id":"https:\/\/tinychat.com\/#\/schema\/logo\/image\/"},"sameAs":["https:\/\/www.facebook.com\/tinychat","https:\/\/x.com\/tinychat"]}]}},"_links":{"self":[{"href":"https:\/\/tinychat.com\/pl\/wp-json\/wp\/v2\/pages\/12463","targetHints":{"allow":["GET"]}}],"collection":[{"href":"https:\/\/tinychat.com\/pl\/wp-json\/wp\/v2\/pages"}],"about":[{"href":"https:\/\/tinychat.com\/pl\/wp-json\/wp\/v2\/types\/page"}],"author":[{"embeddable":true,"href":"https:\/\/tinychat.com\/pl\/wp-json\/wp\/v2\/users\/6"}],"replies":[{"embeddable":true,"href":"https:\/\/tinychat.com\/pl\/wp-json\/wp\/v2\/comments?post=12463"}],"version-history":[{"count":4,"href":"https:\/\/tinychat.com\/pl\/wp-json\/wp\/v2\/pages\/12463\/revisions"}],"predecessor-version":[{"id":13379,"href":"https:\/\/tinychat.com\/pl\/wp-json\/wp\/v2\/pages\/12463\/revisions\/13379"}],"wp:attachment":[{"href":"https:\/\/tinychat.com\/pl\/wp-json\/wp\/v2\/media?parent=12463"}],"curies":[{"name":"wp","href":"https:\/\/api.w.org\/{rel}","templated":true}]}}