{"id":12655,"date":"2025-01-21T14:01:41","date_gmt":"2025-01-21T12:01:41","guid":{"rendered":"https:\/\/tinychat.com\/?page_id=12655"},"modified":"2025-07-21T13:15:52","modified_gmt":"2025-07-21T11:15:52","slug":"omegleweb","status":"publish","type":"page","link":"https:\/\/tinychat.com\/pl\/omegleweb\/","title":{"rendered":"OmegleWeb"},"content":{"rendered":"<p>\u015awiat komunikacji online zmieni\u0142 si\u0119 diametralnie od czasu, gdy oryginalny Omegle pojawi\u0142 si\u0119 na scenie, wprowadzaj\u0105c miliony ludzi w dreszczyk emocji spontanicznych rozm\u00f3w z nieznajomymi z ca\u0142ego \u015bwiata. Dzi\u015b OmegleWeb stanowi alternatyw\u0119 nowej generacji - przywracaj\u0105c wszystko, co u\u017cytkownicy kochali w klasycznym losowym czacie, ale z nowym wygl\u0105dem, lepsz\u0105 moderacj\u0105 i funkcjami zapewniaj\u0105cymi prywatno\u015b\u0107 i bezpiecze\u0144stwo.<\/p>\n<p>Niezale\u017cnie od tego, czy szukasz nowych przyjaci\u00f3\u0142, kumpla do nauki, kogo\u015b do \u0107wiczenia j\u0119zyka, czy po prostu sposobu na prze\u0142amanie monotonii, OmegleWeb oferuje natychmiastowy, anonimowy i wci\u0105gaj\u0105cy czat wideo i tekstowy z prawdziwymi lud\u017ami na ca\u0142ym \u015bwiecie. Dla wielu jest to nie tylko zamiennik Omegle - to bardzo potrzebne uaktualnienie dla nowoczesnej ery.<\/p>\n<p>W tym szczeg\u00f3\u0142owym przewodniku om\u00f3wimy wszystko na temat OmegleWeb: co to jest, jak dzia\u0142a, jego kluczowe funkcje, protoko\u0142y bezpiecze\u0144stwa, wra\u017cenia u\u017cytkownika, por\u00f3wnania z innymi platformami czatu losowego, rozwi\u0105zywanie typowych problem\u00f3w i porady ekspert\u00f3w, jak najlepiej wykorzysta\u0107 ka\u017cdy czat.<\/p>\n<h2>Co to jest OmegleWeb?<\/h2>\n<p>OmegleWeb to strona internetowa z losowymi czatami wideo i tekstowymi, kt\u00f3ra natychmiast \u0142\u0105czy ci\u0119 w pary z nieznajomymi do rozm\u00f3w jeden na jednego. Nie wymaga rejestracji ani pobierania: wystarczy otworzy\u0107 witryn\u0119, wybra\u0107 tryb czatu i w kilka sekund zosta\u0107 dopasowanym.<\/p>\n<p>Uruchomiony jako odpowied\u017a na zamkni\u0119cie i ograniczenia oryginalnego Omegle, misja OmegleWeb jest jasna: przywr\u00f3ci\u0107 magi\u0119 prawdziwego losowego czatu, ale w bezpieczniejszym, bardziej przyjaznym i bogatym w funkcje \u015brodowisku. \u0141\u0105czy w sobie \u0142atwo\u015b\u0107 oldschoolowej ruletki na czacie z nowoczesnym bezpiecze\u0144stwem i responsywnym wygl\u0105dem, dzi\u0119ki czemu jest dost\u0119pna i przyjemna dla ka\u017cdego, wsz\u0119dzie.<\/p>\n<h2>Kluczowe cechy OmegleWeb<\/h2>\n<p>OmegleWeb zapewnia wszystko, czego potrzebujesz do spontanicznych po\u0142\u0105cze\u0144 online - plus kilka przemy\u015blanych dodatk\u00f3w, kt\u00f3re go wyr\u00f3\u017cniaj\u0105:<\/p>\n<h3>1. Natychmiastowy losowy czat wideo i tekstowy<\/h3>\n<p>Nie trzeba si\u0119 rejestrowa\u0107 ani wype\u0142nia\u0107 profili. Po\u0142\u0105czenie OmegleWeb za pomoc\u0105 jednego klikni\u0119cia umo\u017cliwia rozmow\u0119 twarz\u0105 w twarz (lub klawiatur\u0119 w klawiatur\u0119) z nieznajomym z dowolnego miejsca na \u015bwiecie w ci\u0105gu zaledwie kilku sekund.<\/p>\n<h3>2. Wyb\u00f3r czatu wideo lub tekstowego<\/h3>\n<p>Wstydzisz si\u0119 aparatu? \u017baden problem. \u0141atwo prze\u0142\u0105czaj si\u0119 mi\u0119dzy czatem wideo i tekstowym - lub zacznij od tekstu i w\u0142\u0105cz kamer\u0119, gdy poczujesz si\u0119 komfortowo.<\/p>\n<h3>3. Filtry p\u0142ci i lokalizacji<\/h3>\n<p>Szukasz okre\u015blonego typu czatu? OmegleWeb pozwala filtrowa\u0107 dopasowania wed\u0142ug p\u0142ci lub regionu (niekt\u00f3re opcje mog\u0105 by\u0107 p\u0142atne), pomagaj\u0105c pozna\u0107 osoby, kt\u00f3re odpowiadaj\u0105 Twoim zainteresowaniom lub potrzebom.<\/p>\n<h3>4. Kompatybilno\u015b\u0107 z urz\u0105dzeniami mobilnymi i stacjonarnymi<\/h3>\n<p>Niezale\u017cnie od tego, czy korzystasz z laptopa w domu, czy z telefonu w podr\u00f3\u017cy, OmegleWeb dzia\u0142a p\u0142ynnie na wszystkich nowoczesnych urz\u0105dzeniach i przegl\u0105darkach, z szybkim, responsywnym interfejsem i jako\u015bci\u0105 wideo HD.<\/p>\n<h3>5. Przycisk \"Dalej\" do szybkiego pomijania<\/h3>\n<p>Je\u015bli czat nie jest odpowiedni, po prostu kliknij \"Dalej\", aby natychmiast rozpocz\u0105\u0107 nowe dopasowanie - bez czekania, bez niezr\u0119czno\u015bci.<\/p>\n<h3>6. Anonimowo\u015b\u0107, prywatno\u015b\u0107 i bezpiecze\u0144stwo<\/h3>\n<p>Do korzystania z podstawowych funkcji OmegleWeb nie jest wymagana rejestracja. Rozmowy s\u0105 prywatne i nie s\u0105 zapisywane. Mo\u017cesz kontrolowa\u0107 to, co udost\u0119pniasz i jak si\u0119 prezentujesz.<\/p>\n<h3>7. T\u0142umaczenie na czacie<\/h3>\n<p>Rozmawiaj z kimkolwiek i gdziekolwiek - nawet je\u015bli nie znacie wsp\u00f3lnego j\u0119zyka. OmegleWeb oferuje t\u0142umaczenie tekstu w czasie rzeczywistym, prze\u0142amuj\u0105c globalne bariery.<\/p>\n<h3>8. Moderacja na \u017cywo i raportowanie<\/h3>\n<p>OmegleWeb anga\u017cuje si\u0119 w bezpiecze\u0144stwo spo\u0142eczno\u015bci, \u0142\u0105cz\u0105c:<\/p>\n<ul>\n<li>Zautomatyzowana moderacja AI w celu wychwycenia nago\u015bci, spamu lub obra\u017aliwych tre\u015bci.<\/li>\n<li>Moderatorzy 24\/7 gotowi do reagowania na zg\u0142oszenia u\u017cytkownik\u00f3w<\/li>\n<li>Przyciski \u0142atwego blokowania i zg\u0142aszania s\u0105 zawsze dost\u0119pne na czacie<\/li>\n<\/ul>\n<h3>9. Opcjonalna rejestracja konta<\/h3>\n<p>Korzystaj z OmegleWeb jako prawdziwy go\u015b\u0107 lub zarejestruj opcjonalne bezp\u0142atne konto, aby uzyska\u0107 dodatkowe funkcje: zarz\u0105dzanie znajomymi, histori\u0119 czat\u00f3w, zaawansowane filtry i dost\u0119p do aktualizacji premium.<\/p>\n<h2>Jak korzysta\u0107 z OmegleWeb<\/h2>\n<p>OmegleWeb sprawia, \u017ce czat online jest tak prosty, jak to tylko mo\u017cliwe. Oto kr\u00f3tki przewodnik krok po kroku:<\/p>\n<h3>Krok 1: Odwied\u017a stron\u0119 OmegleWeb<\/h3>\n<p>Otw\u00f3rz przegl\u0105dark\u0119 i przejd\u017a na stron\u0119 omegleweb.com lub odpowiedni\u0105 stron\u0119 regionaln\u0105.<\/p>\n<h3>Krok 2: Wybierz tryb czatu<\/h3>\n<ul>\n<li>Czat wideo: W\u0142\u0105cz kamer\u0119 internetow\u0105 i mikrofon.<\/li>\n<li>Czat tekstowy: Natychmiastowe rozpocz\u0119cie czatowania bez wideo.<\/li>\n<\/ul>\n<h3>Krok 3: Ustaw filtry (opcjonalnie)<\/h3>\n<p>Wybierz filtry, takie jak p\u0142e\u0107 lub lokalizacja, aby uzyska\u0107 bardziej dopasowane wra\u017cenia. (Niekt\u00f3re filtry mog\u0105 wymaga\u0107 konta bezp\u0142atnego lub premium).<\/p>\n<h3>Krok 4: Kliknij \"Start\" lub \"Po\u0142\u0105cz\"<\/h3>\n<p>Zostaniesz dopasowany do losowego u\u017cytkownika w ci\u0105gu kilku sekund. Przedstaw si\u0119 i zobacz, jak potoczy si\u0119 rozmowa!<\/p>\n<h3>Krok 5: U\u017cyj \"Dalej\", aby przej\u015b\u0107 dalej<\/h3>\n<p>Nie pasujesz? Kliknij \"Dalej\", aby natychmiast porozmawia\u0107 z kim\u015b nowym.<\/p>\n<h3>Krok 6: Zarejestruj si\u0119 w dodatkach (opcjonalnie)<\/h3>\n<p>Potrzebujesz zaawansowanych filtr\u00f3w, mo\u017cliwo\u015bci zapisywania znajomych lub funkcji premium? Za\u0142\u00f3\u017c konto (wymagane s\u0105 tylko minimalne informacje).<\/p>\n<h3>Krok 7: U\u017cyj t\u0142umaczenia lub blokuj\/raportuj w razie potrzeby<\/h3>\n<p>Skorzystaj z t\u0142umaczenia na czacie lub u\u017cyj funkcji blokowania\/raportowania, aby zapewni\u0107 sobie bezpiecze\u0144stwo i wygod\u0119.<\/p>\n<h2>Do\u015bwiadczenie u\u017cytkownika na OmegleWeb<\/h2>\n<p>Do\u015bwiadczenie u\u017cytkownika OmegleWeb to przede wszystkim szybko\u015b\u0107, prostota i autentyczne po\u0142\u0105czenie:<\/p>\n<h3>Co kochaj\u0105 u\u017cytkownicy<\/h3>\n<ul>\n<li>Rejestracja nie jest wymagana: Do\u0142\u0105cz do czatu natychmiast, nie rezygnuj\u0105c z prywatno\u015bci.<\/li>\n<li>Nowoczesny, przejrzysty interfejs: Minimalne rozpraszanie uwagi i \u0142atwa nawigacja.<\/li>\n<li>Globalna, zr\u00f3\u017cnicowana baza u\u017cytkownik\u00f3w: Poznaj ludzi z ca\u0142ego \u015bwiata.<\/li>\n<li>Filtry, kt\u00f3re faktycznie dzia\u0142aj\u0105: Dopasuj do rodzaju os\u00f3b, kt\u00f3re chcesz pozna\u0107.<\/li>\n<li>Narz\u0119dzie do t\u0142umaczenia: Wype\u0142nia luki j\u0119zykowe w czasie rzeczywistym.<\/li>\n<li>Szybki przycisk \"Dalej\": Zapewnia \u015bwie\u017co\u015b\u0107 i zabaw\u0119.<\/li>\n<\/ul>\n<h3>Gdzie u\u017cytkownicy widz\u0105 pole do poprawy<\/h3>\n<ul>\n<li>Niekt\u00f3re zaawansowane filtry i funkcje premium wymagaj\u0105 rejestracji lub op\u0142aty (standard bran\u017cowy).<\/li>\n<li>Sporadyczne przypadki nieodpowiednich u\u017cytkownik\u00f3w (szybko rozwi\u0105zywane przez moderacj\u0119, ale wsp\u00f3lne dla wszystkich losowych stron czatu).<\/li>\n<li>Brak czat\u00f3w grupowych lub opartych na zainteresowaniach (skupiamy si\u0119 na rozmowach jeden na jeden).<\/li>\n<li>Bardzo wci\u0105gaj\u0105ca - mo\u017ce by\u0107 uzale\u017cniaj\u0105ca dla tych, kt\u00f3rzy kochaj\u0105 zbieg okoliczno\u015bci!<\/li>\n<\/ul>\n<h3>Rzeczywiste opinie u\u017cytkownik\u00f3w<\/h3>\n<blockquote><p>\"OmegleWeb przywr\u00f3ci\u0142 losowy czat wideo, za kt\u00f3rym t\u0119skni\u0142em, ale w rzeczywisto\u015bci jest bezpieczniejszy i wygl\u0105da o wiele lepiej\".<br \/>\n- <em>Alyssa G., Trustpilot<\/em><\/p><\/blockquote>\n<blockquote><p>\"U\u017cywam go na telefonie podczas podr\u00f3\u017cy - \u0142atwo pozna\u0107 ludzi z nowych kraj\u00f3w i \u0107wiczy\u0107 j\u0119zyki\".<br \/>\n- <em>Jonas W., Google Play<\/em><\/p><\/blockquote>\n<blockquote><p>\"Funkcja t\u0142umaczenia jest bardzo pomocna. Rozmawia\u0142em z lud\u017ami na wszystkich kontynentach\".<br \/>\n- <em>Yuri S., App Store<\/em><\/p><\/blockquote>\n<h2>OmegleWeb vs. inne platformy czatu losowego<\/h2>\n<p>Jak OmegleWeb wypada na tle innych wiod\u0105cych witryn z losowymi czatami wideo?<\/p>\n<table>\n<thead>\n<tr>\n<th>Cecha<\/th>\n<th>OmegleWeb<\/th>\n<th>CrushRoulette<\/th>\n<th>CamMatch<\/th>\n<th>ChatMatch<\/th>\n<th>Omegle<\/th>\n<th>Chatroulette<\/th>\n<th>LivU<\/th>\n<th>HOLLA<\/th>\n<\/tr>\n<\/thead>\n<tbody>\n<tr>\n<td>Rejestracja nie jest wymagana<\/td>\n<td>Tak<\/td>\n<td>Tak<\/td>\n<td>Tak<\/td>\n<td>Tak<\/td>\n<td>Tak<\/td>\n<td>Tak<\/td>\n<td>Tak<\/td>\n<td>Tak<\/td>\n<\/tr>\n<tr>\n<td>Czat tekstowy i wideo<\/td>\n<td>Oba<\/td>\n<td>Oba<\/td>\n<td>Oba<\/td>\n<td>Oba<\/td>\n<td>Oba<\/td>\n<td>Oba<\/td>\n<td>Oba<\/td>\n<td>Oba<\/td>\n<\/tr>\n<tr>\n<td>Filtr p\u0142ci\/kraju<\/td>\n<td>Tak*<\/td>\n<td>Tak*<\/td>\n<td>Tak*<\/td>\n<td>Tak*<\/td>\n<td>\u26a0\ufe0f Limited<\/td>\n<td>Tak<\/td>\n<td>Tak<\/td>\n<td>Tak<\/td>\n<\/tr>\n<tr>\n<td>Zoptymalizowany pod k\u0105tem urz\u0105dze\u0144 mobilnych<\/td>\n<td>Tak<\/td>\n<td>Tak<\/td>\n<td>Tak<\/td>\n<td>Tak<\/td>\n<td>\u26a0\ufe0f Mieszane<\/td>\n<td>Tak<\/td>\n<td>Tak<\/td>\n<td>Tak<\/td>\n<\/tr>\n<tr>\n<td>Narz\u0119dzie do t\u0142umaczenia<\/td>\n<td>Tak<\/td>\n<td>Tak<\/td>\n<td>Tak<\/td>\n<td>Tak<\/td>\n<td>Nie<\/td>\n<td>Nie<\/td>\n<td>Tak<\/td>\n<td>Tak<\/td>\n<\/tr>\n<tr>\n<td>Konta opcjonalne<\/td>\n<td>Tak<\/td>\n<td>Tak<\/td>\n<td>Tak<\/td>\n<td>Tak<\/td>\n<td>Nie<\/td>\n<td>Nie<\/td>\n<td>Tak<\/td>\n<td>Tak<\/td>\n<\/tr>\n<tr>\n<td>Moderacja\/Bezpiecze\u0144stwo<\/td>\n<td>Silny<\/td>\n<td>Silny<\/td>\n<td>Silny<\/td>\n<td>Silny<\/td>\n<td>\u26a0\ufe0f Limited<\/td>\n<td>\u26a0\ufe0f Limited<\/td>\n<td>Silny<\/td>\n<td>Silny<\/td>\n<\/tr>\n<\/tbody>\n<\/table>\n<p>**Niekt\u00f3re funkcje wymagaj\u0105 rejestracji lub aktualizacji do wersji premium.<\/p>\n<p>Podsumowanie: OmegleWeb to nowoczesna alternatywa dla klasycznego czatu losowego, z pot\u0119\u017cnymi filtrami, t\u0142umaczeniem na czacie, szybk\u0105 moderacj\u0105 i projektem zorientowanym na prywatno\u015b\u0107, dzi\u0119ki czemu jest to najlepszy wyb\u00f3r dla dzisiejszych u\u017cytkownik\u00f3w.<\/p>\n<h2>Czy OmegleWeb jest bezpieczny?<\/h2>\n<p>OmegleWeb bardzo powa\u017cnie traktuje bezpiecze\u0144stwo u\u017cytkownik\u00f3w, ucz\u0105c si\u0119 na b\u0142\u0119dach starszych platform:<\/p>\n<ul>\n<li>Moderacja oparta na sztucznej inteligencji: W czasie rzeczywistym sprawdza tre\u015bci wideo, tekstowe i graficzne pod k\u0105tem nago\u015bci, nadu\u017cy\u0107 lub spamu.<\/li>\n<li>Ludzcy moderatorzy: Aktywni 24\/7 w celu sprawdzania zg\u0142osze\u0144 i usuwania narusze\u0144.<\/li>\n<li>Zawsze w\u0142\u0105czone narz\u0119dzia raportowania\/blokowania: U\u017cytkownicy mog\u0105 dzia\u0142a\u0107 natychmiast, aby zapewni\u0107 bezpiecze\u0144stwo czatu.<\/li>\n<li>Dane osobowe nie s\u0105 wymagane: Zachowaj anonimowo\u015b\u0107 i udost\u0119pniaj tylko to, co chcesz.<\/li>\n<li>Prywatne czaty jeden na jednego: Brak pokoi grupowych, brak dziennik\u00f3w publicznych.<\/li>\n<li>Jasne zasady i wytyczne: \u0141atwe do odczytania i \u015bci\u015ble egzekwowane.<\/li>\n<\/ul>\n<h3>Wskaz\u00f3wki dotycz\u0105ce bezpiecze\u0144stwa<\/h3>\n<ul>\n<li>Nigdy nie udost\u0119pniaj danych osobowych (prawdziwego imienia i nazwiska, adresu, telefonu, danych finansowych).<\/li>\n<li>Zaufaj swojemu instynktowi - u\u017cyj \"Dalej\", zablokuj lub zg\u0142o\u015b, je\u015bli czujesz si\u0119 niekomfortowo.<\/li>\n<li>U\u017cywaj pseudonimu i zachowaj ostro\u017cno\u015b\u0107 przy przenoszeniu czat\u00f3w na inne platformy.<\/li>\n<li>Akceptuj tylko pliki lub linki z zaufanych po\u0142\u0105cze\u0144.<\/li>\n<li>Zachowuj si\u0119 z szacunkiem i oczekuj tego samego od innych.<\/li>\n<\/ul>\n<h2>Wskaz\u00f3wki dotycz\u0105ce korzystania z OmegleWeb<\/h2>\n<ul>\n<li>Rozpocznij od przyjaznego powitania: Liczy si\u0119 pierwsze wra\u017cenie!<\/li>\n<li>Swobodnie u\u017cywaj przycisku \"Dalej\": Nie tra\u0107 czasu na czaty, kt\u00f3re nie s\u0105 odpowiednie.<\/li>\n<li>Wypr\u00f3buj filtry: Poznawaj ludzi z okre\u015blonych region\u00f3w lub \u0107wicz nowe j\u0119zyki.<\/li>\n<li>U\u017cyj t\u0142umaczenia: Zmie\u0144 nieznajomych z ca\u0142ego \u015bwiata w natychmiastowych przyjaci\u00f3\u0142.<\/li>\n<li>Wykorzystaj narz\u0119dzia moderacji: Blokuj lub zg\u0142aszaj w razie potrzeby.<\/li>\n<li>W podr\u00f3\u017cy: Interfejs mobilny dzia\u0142a p\u0142ynnie podczas spontanicznych rozm\u00f3w.<\/li>\n<li>Zarejestruj si\u0119, aby otrzyma\u0107 dodatki: Zapisz ulubionych znajomych lub odblokuj bardziej zaawansowane funkcje.<\/li>\n<\/ul>\n<h2>Rozwi\u0105zywanie typowych problem\u00f3w z OmegleWeb<\/h2>\n<h3>Nie dzia\u0142a kamera lub mikrofon<\/h3>\n<p>Sprawd\u017a uprawnienia przegl\u0105darki\/urz\u0105dzenia, zamknij inne aplikacje za pomoc\u0105 kamery\/mikrofonu, od\u015bwie\u017c stron\u0119 lub uruchom ponownie urz\u0105dzenie.<\/p>\n<h3>Filtry lub funkcje niedost\u0119pne<\/h3>\n<p>Niekt\u00f3re funkcje wymagaj\u0105 rejestracji lub dost\u0119pu premium; zarejestruj si\u0119 lub dokonaj aktualizacji w razie potrzeby.<\/p>\n<h3>Wolne wideo lub op\u00f3\u017anienia<\/h3>\n<p>Korzystaj ze stabilnego po\u0142\u0105czenia Wi-Fi, zamknij aplikacje\/zak\u0142adki dzia\u0142aj\u0105ce w tle i upewnij si\u0119, \u017ce Twoja przegl\u0105darka jest aktualna.<\/p>\n<h3>Trolle lub nadu\u017cycia<\/h3>\n<p>Natychmiastowe blokowanie\/raportowanie; moderatorzy szybko rozwi\u0105zuj\u0105 problemy.<\/p>\n<h3>T\u0142umaczenie nie dzia\u0142a<\/h3>\n<p>Od\u015bwie\u017c przegl\u0105dark\u0119, sprawd\u017a po\u0142\u0105czenie lub skontaktuj si\u0119 z pomoc\u0105 techniczn\u0105, je\u015bli problemy nadal wyst\u0119puj\u0105.<\/p>\n<p>Zdecydowanie - szczeg\u00f3lnie dla ka\u017cdego, kto pokocha\u0142 ducha starej szko\u0142y Omegle, ale chce bezpieczniejszego, inteligentniejszego i bardziej przyjaznego dla u\u017cytkownika do\u015bwiadczenia. OmegleWeb \u0142\u0105czy w sobie natychmiastowy dreszczyk emocji zwi\u0105zany z czatowaniem z nieznajomymi z dzisiejszymi podstawowymi funkcjami prywatno\u015bci i bezpiecze\u0144stwa.<\/p>\n<p>Niezale\u017cnie od tego, czy chcesz znale\u017a\u0107 nowych przyjaci\u00f3\u0142, po\u0107wiczy\u0107 j\u0119zyk, czy po prostu zobaczy\u0107, kto tam jest, OmegleWeb zapewnia szybkie, anonimowe i satysfakcjonuj\u0105ce po\u0142\u0105czenia z dowolnego miejsca na \u015bwiecie - bez konieczno\u015bci rejestracji.<\/p>\n<p>Gotowy do czatowania? Odwied\u017a omegleweb.com, wybierz tryb czatu i zacznij poznawa\u0107 nowych ludzi w kilka sekund.<\/p>","protected":false},"excerpt":{"rendered":"<p>The world of online communication has changed dramatically since the original Omegle burst onto the scene, introducing millions to the thrill of spontaneous conversations with strangers from around the globe. Today, OmegleWeb stands as a next-generation alternative\u2014reviving everything users loved about classic random chat, but with a fresh design, better moderation, and user-first features for [&hellip;]<\/p>\n","protected":false},"author":6,"featured_media":0,"parent":0,"menu_order":0,"comment_status":"closed","ping_status":"closed","template":"","meta":{"footnotes":""},"class_list":["post-12655","page","type-page","status-publish","hentry"],"yoast_head":"<!-- This site is optimized with the Yoast SEO plugin v27.4 - https:\/\/yoast.com\/product\/yoast-seo-wordpress\/ -->\n<title>OmegleWeb - Talk to Strangers with Video Chat - TinyChat.com<\/title>\n<meta name=\"description\" content=\"Enjoying OmegleWeb? Join over 50,000,000 strangers on TinyChat! Turn on your cam and start meeting new people, or find a match.\" \/>\n<meta name=\"robots\" content=\"index, follow, max-snippet:-1, max-image-preview:large, max-video-preview:-1\" \/>\n<link rel=\"canonical\" href=\"https:\/\/tinychat.com\/pl\/omegleweb\/\" \/>\n<meta property=\"og:locale\" content=\"pl_PL\" \/>\n<meta property=\"og:type\" content=\"article\" \/>\n<meta property=\"og:title\" content=\"OmegleWeb - Talk to Strangers with Video Chat - TinyChat.com\" \/>\n<meta property=\"og:description\" content=\"Enjoying OmegleWeb? Join over 50,000,000 strangers on TinyChat! Turn on your cam and start meeting new people, or find a match.\" \/>\n<meta property=\"og:url\" content=\"https:\/\/tinychat.com\/pl\/omegleweb\/\" \/>\n<meta property=\"og:site_name\" content=\"TinyChat\" \/>\n<meta property=\"article:publisher\" content=\"https:\/\/www.facebook.com\/tinychat\" \/>\n<meta property=\"article:modified_time\" content=\"2025-07-21T11:15:52+00:00\" \/>\n<meta property=\"og:image\" content=\"https:\/\/tinychat.com\/wp-content\/uploads\/2020\/04\/Tinychat-logo-1280x284-new-black.png\" \/>\n\t<meta property=\"og:image:width\" content=\"1280\" \/>\n\t<meta property=\"og:image:height\" content=\"284\" \/>\n\t<meta property=\"og:image:type\" content=\"image\/png\" \/>\n<meta name=\"twitter:card\" content=\"summary_large_image\" \/>\n<meta name=\"twitter:site\" content=\"@tinychat\" \/>\n<meta name=\"twitter:label1\" content=\"Szacowany czas czytania\" \/>\n\t<meta name=\"twitter:data1\" content=\"7 minut\" \/>\n<script type=\"application\/ld+json\" class=\"yoast-schema-graph\">{\"@context\":\"https:\\\/\\\/schema.org\",\"@graph\":[{\"@type\":\"WebPage\",\"@id\":\"https:\\\/\\\/tinychat.com\\\/omegleweb\\\/\",\"url\":\"https:\\\/\\\/tinychat.com\\\/omegleweb\\\/\",\"name\":\"OmegleWeb - Talk to Strangers with Video Chat - TinyChat.com\",\"isPartOf\":{\"@id\":\"https:\\\/\\\/tinychat.com\\\/#website\"},\"datePublished\":\"2025-01-21T12:01:41+00:00\",\"dateModified\":\"2025-07-21T11:15:52+00:00\",\"description\":\"Enjoying OmegleWeb? Join over 50,000,000 strangers on TinyChat! Turn on your cam and start meeting new people, or find a match.\",\"breadcrumb\":{\"@id\":\"https:\\\/\\\/tinychat.com\\\/omegleweb\\\/#breadcrumb\"},\"inLanguage\":\"pl-PL\",\"potentialAction\":[{\"@type\":\"ReadAction\",\"target\":[\"https:\\\/\\\/tinychat.com\\\/omegleweb\\\/\"]}]},{\"@type\":\"BreadcrumbList\",\"@id\":\"https:\\\/\\\/tinychat.com\\\/omegleweb\\\/#breadcrumb\",\"itemListElement\":[{\"@type\":\"ListItem\",\"position\":1,\"name\":\"Home\",\"item\":\"https:\\\/\\\/tinychat.com\\\/\"},{\"@type\":\"ListItem\",\"position\":2,\"name\":\"OmegleWeb\"}]},{\"@type\":\"WebSite\",\"@id\":\"https:\\\/\\\/tinychat.com\\\/#website\",\"url\":\"https:\\\/\\\/tinychat.com\\\/\",\"name\":\"TinyChat\",\"description\":\"Random Video Chat with Strangers\",\"publisher\":{\"@id\":\"https:\\\/\\\/tinychat.com\\\/#organization\"},\"alternateName\":\"TinyChat.com\",\"potentialAction\":[{\"@type\":\"SearchAction\",\"target\":{\"@type\":\"EntryPoint\",\"urlTemplate\":\"https:\\\/\\\/tinychat.com\\\/?s={search_term_string}\"},\"query-input\":{\"@type\":\"PropertyValueSpecification\",\"valueRequired\":true,\"valueName\":\"search_term_string\"}}],\"inLanguage\":\"pl-PL\"},{\"@type\":\"Organization\",\"@id\":\"https:\\\/\\\/tinychat.com\\\/#organization\",\"name\":\"TinyChat\",\"alternateName\":\"TinyChat.com\",\"url\":\"https:\\\/\\\/tinychat.com\\\/\",\"logo\":{\"@type\":\"ImageObject\",\"inLanguage\":\"pl-PL\",\"@id\":\"https:\\\/\\\/tinychat.com\\\/#\\\/schema\\\/logo\\\/image\\\/\",\"url\":\"https:\\\/\\\/tinychat.com\\\/wp-content\\\/uploads\\\/2023\\\/11\\\/Tinychat-icon-square.png\",\"contentUrl\":\"https:\\\/\\\/tinychat.com\\\/wp-content\\\/uploads\\\/2023\\\/11\\\/Tinychat-icon-square.png\",\"width\":284,\"height\":284,\"caption\":\"TinyChat\"},\"image\":{\"@id\":\"https:\\\/\\\/tinychat.com\\\/#\\\/schema\\\/logo\\\/image\\\/\"},\"sameAs\":[\"https:\\\/\\\/www.facebook.com\\\/tinychat\",\"https:\\\/\\\/x.com\\\/tinychat\"]}]}<\/script>\n<!-- \/ Yoast SEO plugin. -->","yoast_head_json":{"title":"OmegleWeb - Rozmawiaj z nieznajomymi za pomoc\u0105 czatu wideo - TinyChat.com","description":"Korzystasz z OmegleWeb? Do\u0142\u0105cz do ponad 50 000 000 nieznajomych na TinyChat! W\u0142\u0105cz kamer\u0119 i zacznij poznawa\u0107 nowych ludzi lub znajd\u017a partnera.","robots":{"index":"index","follow":"follow","max-snippet":"max-snippet:-1","max-image-preview":"max-image-preview:large","max-video-preview":"max-video-preview:-1"},"canonical":"https:\/\/tinychat.com\/pl\/omegleweb\/","og_locale":"pl_PL","og_type":"article","og_title":"OmegleWeb - Talk to Strangers with Video Chat - TinyChat.com","og_description":"Enjoying OmegleWeb? Join over 50,000,000 strangers on TinyChat! Turn on your cam and start meeting new people, or find a match.","og_url":"https:\/\/tinychat.com\/pl\/omegleweb\/","og_site_name":"TinyChat","article_publisher":"https:\/\/www.facebook.com\/tinychat","article_modified_time":"2025-07-21T11:15:52+00:00","og_image":[{"width":1280,"height":284,"url":"https:\/\/tinychat.com\/wp-content\/uploads\/2020\/04\/Tinychat-logo-1280x284-new-black.png","type":"image\/png"}],"twitter_card":"summary_large_image","twitter_site":"@tinychat","twitter_misc":{"Szacowany czas czytania":"7 minut"},"schema":{"@context":"https:\/\/schema.org","@graph":[{"@type":"WebPage","@id":"https:\/\/tinychat.com\/omegleweb\/","url":"https:\/\/tinychat.com\/omegleweb\/","name":"OmegleWeb - Rozmawiaj z nieznajomymi za pomoc\u0105 czatu wideo - TinyChat.com","isPartOf":{"@id":"https:\/\/tinychat.com\/#website"},"datePublished":"2025-01-21T12:01:41+00:00","dateModified":"2025-07-21T11:15:52+00:00","description":"Korzystasz z OmegleWeb? Do\u0142\u0105cz do ponad 50 000 000 nieznajomych na TinyChat! W\u0142\u0105cz kamer\u0119 i zacznij poznawa\u0107 nowych ludzi lub znajd\u017a partnera.","breadcrumb":{"@id":"https:\/\/tinychat.com\/omegleweb\/#breadcrumb"},"inLanguage":"pl-PL","potentialAction":[{"@type":"ReadAction","target":["https:\/\/tinychat.com\/omegleweb\/"]}]},{"@type":"BreadcrumbList","@id":"https:\/\/tinychat.com\/omegleweb\/#breadcrumb","itemListElement":[{"@type":"ListItem","position":1,"name":"Home","item":"https:\/\/tinychat.com\/"},{"@type":"ListItem","position":2,"name":"OmegleWeb"}]},{"@type":"WebSite","@id":"https:\/\/tinychat.com\/#website","url":"https:\/\/tinychat.com\/","name":"TinyChat","description":"Losowy czat wideo z nieznajomymi","publisher":{"@id":"https:\/\/tinychat.com\/#organization"},"alternateName":"TinyChat.com","potentialAction":[{"@type":"SearchAction","target":{"@type":"EntryPoint","urlTemplate":"https:\/\/tinychat.com\/?s={search_term_string}"},"query-input":{"@type":"PropertyValueSpecification","valueRequired":true,"valueName":"search_term_string"}}],"inLanguage":"pl-PL"},{"@type":"Organization","@id":"https:\/\/tinychat.com\/#organization","name":"TinyChat","alternateName":"TinyChat.com","url":"https:\/\/tinychat.com\/","logo":{"@type":"ImageObject","inLanguage":"pl-PL","@id":"https:\/\/tinychat.com\/#\/schema\/logo\/image\/","url":"https:\/\/tinychat.com\/wp-content\/uploads\/2023\/11\/Tinychat-icon-square.png","contentUrl":"https:\/\/tinychat.com\/wp-content\/uploads\/2023\/11\/Tinychat-icon-square.png","width":284,"height":284,"caption":"TinyChat"},"image":{"@id":"https:\/\/tinychat.com\/#\/schema\/logo\/image\/"},"sameAs":["https:\/\/www.facebook.com\/tinychat","https:\/\/x.com\/tinychat"]}]}},"_links":{"self":[{"href":"https:\/\/tinychat.com\/pl\/wp-json\/wp\/v2\/pages\/12655","targetHints":{"allow":["GET"]}}],"collection":[{"href":"https:\/\/tinychat.com\/pl\/wp-json\/wp\/v2\/pages"}],"about":[{"href":"https:\/\/tinychat.com\/pl\/wp-json\/wp\/v2\/types\/page"}],"author":[{"embeddable":true,"href":"https:\/\/tinychat.com\/pl\/wp-json\/wp\/v2\/users\/6"}],"replies":[{"embeddable":true,"href":"https:\/\/tinychat.com\/pl\/wp-json\/wp\/v2\/comments?post=12655"}],"version-history":[{"count":5,"href":"https:\/\/tinychat.com\/pl\/wp-json\/wp\/v2\/pages\/12655\/revisions"}],"predecessor-version":[{"id":13349,"href":"https:\/\/tinychat.com\/pl\/wp-json\/wp\/v2\/pages\/12655\/revisions\/13349"}],"wp:attachment":[{"href":"https:\/\/tinychat.com\/pl\/wp-json\/wp\/v2\/media?parent=12655"}],"curies":[{"name":"wp","href":"https:\/\/api.w.org\/{rel}","templated":true}]}}