{"id":12683,"date":"2025-08-18T09:35:45","date_gmt":"2025-08-18T07:35:45","guid":{"rendered":"https:\/\/tinychat.com\/?page_id=12683"},"modified":"2025-08-18T10:20:31","modified_gmt":"2025-08-18T08:20:31","slug":"pink-video-chat","status":"publish","type":"page","link":"https:\/\/tinychat.com\/pl\/pink-video-chat\/","title":{"rendered":"R\u00f3\u017cowy czat wideo"},"content":{"rendered":"<p>\u015awiat platform losowych czat\u00f3w wideo nieustannie ewoluuje. Od wczesnych dni Omegle do nowoczesnych aplikacji, takich jak ChatHub, Emerald Chat i Monkey, ludzie zawsze szukali zabawnych, nieprzewidywalnych i ekscytuj\u0105cych sposob\u00f3w na poznanie nieznajomych online. Pink Video Chat to jedna z nowszych nazw, kt\u00f3re wkraczaj\u0105 w t\u0119 przestrze\u0144, przynosz\u0105c ze sob\u0105 \u015bwie\u017ce, \u017cywe i kolorowe do\u015bwiadczenie zaprojektowane z my\u015bl\u0105 o u\u017cytkownikach, kt\u00f3rzy chc\u0105 czego\u015b prostego, stylowego i zabawnego.<\/p>\n<p>W przeciwie\u0144stwie do tradycyjnych sieci spo\u0142eczno\u015bciowych, Pink Video Chat ogranicza si\u0119 do najwa\u017cniejszych rzeczy: natychmiastowych po\u0142\u0105cze\u0144, anonimowo\u015bci i \u0142atwo\u015bci u\u017cytkowania. Jego zabawny branding i nowoczesny design pomagaj\u0105 mu wyr\u00f3\u017cni\u0107 si\u0119 na zat\u0142oczonym rynku, gdzie dziesi\u0105tki losowych aplikacji do czatowania konkuruj\u0105 o uwag\u0119.<\/p>\n<p>W tej szczeg\u00f3\u0142owej analizie zbadamy wszystko, co musisz wiedzie\u0107 o Pink Video Chat - jego funkcje, u\u017cyteczno\u015b\u0107, bezpiecze\u0144stwo, zalety i wady oraz por\u00f3wnanie z uznanymi konkurentami, takimi jak Omegle, TinyChat i Chatroulette.<\/p>\n<h2>Czym jest r\u00f3\u017cowy czat wideo?<\/h2>\n<p>Pink Video Chat to platforma do losowych rozm\u00f3w wideo, kt\u00f3ra natychmiast \u0142\u0105czy nieznajomych za po\u015brednictwem kamery internetowej i mikrofonu. Nie ma procesu rejestracji, d\u0142ugiego tworzenia profilu ani barier wej\u015bcia - wystarczy nacisn\u0105\u0107 przycisk Start i jeste\u015b po\u0142\u0105czony.<\/p>\n<p>Przemawia do u\u017cytkownik\u00f3w, kt\u00f3rzy<\/p>\n<ul>\n<li>Chcesz szybko i anonimowo poznawa\u0107 ludzi?<\/li>\n<li>Preferuj\u0105 interakcje wideo zamiast czat\u00f3w tekstowych.<\/li>\n<li>S\u0105 ciekawi spotka\u0144 z nieznajomymi na ca\u0142ym \u015bwiecie.<\/li>\n<li>Ciesz si\u0119 dreszczykiem nieprzewidywalno\u015bci.<\/li>\n<\/ul>\n<p>Podczas gdy niekt\u00f3re serwisy czatowe koncentruj\u0105 si\u0119 g\u0142\u00f3wnie na randkach lub sieciach spo\u0142eczno\u015bciowych, Pink Video Chat sk\u0142ania si\u0119 bardziej ku spontanicznej rozrywce i przypadkowym spotkaniom.<\/p>\n<h2>Kluczowe cechy czatu wideo Pink<\/h2>\n<p>Oto, czego mo\u017cesz si\u0119 spodziewa\u0107 podczas korzystania z Pink Video Chat:<\/p>\n<h3>1. Natychmiastowe dopasowanie<\/h3>\n<ul>\n<li>Rejestracja nie jest wymagana.<\/li>\n<li>Jedno klikni\u0119cie \u0142\u0105czy Ci\u0119 z przypadkowym nieznajomym.<\/li>\n<li>Natychmiastowe przej\u015bcie do nast\u0119pnej osoby.<\/li>\n<\/ul>\n<h3>2. Anonimowo\u015b\u0107<\/h3>\n<ul>\n<li>U\u017cytkownicy nie musz\u0105 ujawnia\u0107 swojej to\u017csamo\u015bci.<\/li>\n<li>Nie s\u0105 wymagane nazwy u\u017cytkownik\u00f3w, biografie ani dane osobowe.<\/li>\n<li>Skupiamy si\u0119 na interakcji w czasie rzeczywistym.<\/li>\n<\/ul>\n<h3>3. Czat wideo i audio<\/h3>\n<ul>\n<li>Podstaw\u0105 platformy jest czat z kamer\u0105 internetow\u0105 na \u017cywo.<\/li>\n<li>Tylko audio, je\u015bli nie chcesz u\u017cywa\u0107 wideo.<\/li>\n<\/ul>\n<h3>4. Przyjazny dla urz\u0105dze\u0144 mobilnych<\/h3>\n<ul>\n<li>Dzia\u0142a zar\u00f3wno na przegl\u0105darkach stacjonarnych, jak i mobilnych.<\/li>\n<li>Nie ma potrzeby pobierania aplikacji - wystarczy odwiedzi\u0107 stron\u0119 internetow\u0105.<\/li>\n<\/ul>\n<h3>5. Filtry p\u0142ci i lokalizacji (opcjonalnie)<\/h3>\n<ul>\n<li>W zale\u017cno\u015bci od aktualizacji, filtry mog\u0105 by\u0107 dost\u0119pne dla u\u017cytkownik\u00f3w premium.<\/li>\n<li>Umo\u017cliwia kierowanie wed\u0142ug p\u0142ci lub kraju w celu bardziej dostosowanych interakcji.<\/li>\n<\/ul>\n<h3>6. Bezp\u0142atny dost\u0119p<\/h3>\n<ul>\n<li>Wi\u0119kszo\u015b\u0107 funkcji Pink Video Chat jest bezp\u0142atna.<\/li>\n<li>Funkcje premium mog\u0105 odblokowa\u0107 ulepszone filtry lub korzystanie bez reklam.<\/li>\n<\/ul>\n<h2>Jak korzysta\u0107 z czatu wideo Pink<\/h2>\n<p>Korzystanie z Pink Video Chat jest bardzo proste:<\/p>\n<ol>\n<li>Przejd\u017a do strony internetowej.<br \/>\nOtw\u00f3rz Pink Video Chat w przegl\u0105darce (stacjonarnej lub mobilnej).<\/li>\n<li>W\u0142\u0105cz uprawnienia.<br \/>\nPrzyznanie dost\u0119pu do kamery i mikrofonu.<\/li>\n<li>Kliknij przycisk Start.<br \/>\nNatychmiastowe sparowanie z innym u\u017cytkownikiem.<\/li>\n<li>Czat lub pomi\u0144.<br \/>\nPozosta\u0144 na czacie tak d\u0142ugo, jak chcesz, lub kliknij \"Dalej\", aby przej\u015b\u0107 dalej.<\/li>\n<li>Powt\u00f3rz.<br \/>\nKontynuuj nawi\u0105zywanie kontakt\u00f3w z nowymi nieznajomymi bez ko\u0144ca.<\/li>\n<\/ol>\n<p>Ta prostota jest cz\u0119\u015bci\u0105 uroku Pink Video Chat - eliminuje tarcia i skupia si\u0119 tylko na zabawie.<\/p>\n<h2>Do\u015bwiadczenie u\u017cytkownika<\/h2>\n<p>Pink Video Chat oferuje przejrzysty, nowoczesny i zach\u0119caj\u0105cy interfejs. \"R\u00f3\u017cowy\" motyw marki tworzy lekkie, nie onie\u015bmielaj\u0105ce \u015brodowisko, kt\u00f3re przemawia do m\u0142odszych u\u017cytkownik\u00f3w, a tak\u017ce os\u00f3b, kt\u00f3re mog\u0105 czu\u0107 si\u0119 nerwowo, korzystaj\u0105c z bardziej klinicznie wygl\u0105daj\u0105cych platform.<\/p>\n<h3>Plusy<\/h3>\n<ul>\n<li>Niezwykle \u0142atwy w u\u017cyciu.<\/li>\n<li>Rejestracja nie jest wymagana.<\/li>\n<li>Zabawny, lekki branding.<\/li>\n<li>Natychmiastowy dost\u0119p do nieznajomych na ca\u0142ym \u015bwiecie.<\/li>\n<\/ul>\n<h3>Wady<\/h3>\n<ul>\n<li>Mo\u017ce brakowa\u0107 g\u0142\u0119bi w por\u00f3wnaniu do aplikacji z profilami i wiadomo\u015bciami.<\/li>\n<li>Niekt\u00f3rzy u\u017cytkownicy mog\u0105 preferowa\u0107 wi\u0119cej opcji filtrowania.<\/li>\n<li>W du\u017cej mierze zale\u017cy od zachowania u\u017cytkownika - jako\u015b\u0107 jest r\u00f3\u017cna.<\/li>\n<\/ul>\n<h2>R\u00f3\u017cowy czat wideo a inne platformy<\/h2>\n<table>\n<thead>\n<tr>\n<th>Cecha<\/th>\n<th>R\u00f3\u017cowy czat wideo<\/th>\n<th>Omegle<\/th>\n<th>Chatroulette<\/th>\n<th>ChatHub<\/th>\n<th>Emerald Chat<\/th>\n<th>TinyChat<\/th>\n<\/tr>\n<\/thead>\n<tbody>\n<tr>\n<td>Wymagana rejestracja<\/td>\n<td>Nie<\/td>\n<td>Nie<\/td>\n<td>Nie<\/td>\n<td>Nie<\/td>\n<td>Tak<\/td>\n<td>Tak<\/td>\n<\/tr>\n<tr>\n<td>Czat wideo<\/td>\n<td>Tak<\/td>\n<td>Tak<\/td>\n<td>Tak<\/td>\n<td>Tak<\/td>\n<td>Tak<\/td>\n<td>Tak<\/td>\n<\/tr>\n<tr>\n<td>Anonimowo\u015b\u0107<\/td>\n<td>Silny<\/td>\n<td>Silny<\/td>\n<td>Silny<\/td>\n<td>Umiarkowany<\/td>\n<td>Umiarkowany<\/td>\n<td>S\u0142aby<\/td>\n<\/tr>\n<tr>\n<td>Filtry<\/td>\n<td>\u26a0\ufe0f Limited\/Paid<\/td>\n<td>Nie<\/td>\n<td>Tak<\/td>\n<td>Tak<\/td>\n<td>Tak<\/td>\n<td>Tak<\/td>\n<\/tr>\n<tr>\n<td>Cechy spo\u0142eczno\u015bci<\/td>\n<td>Brak<\/td>\n<td>Brak<\/td>\n<td>Brak<\/td>\n<td>Minimalny<\/td>\n<td>Silny<\/td>\n<td>Silny<\/td>\n<\/tr>\n<tr>\n<td>Najlepsze dla<\/td>\n<td>Przypadkowe spotkania<\/td>\n<td>Losowa zabawa<\/td>\n<td>Szybkie rozmowy<\/td>\n<td>Filtrowane czaty<\/td>\n<td>G\u0142\u0119bsze rozmowy<\/td>\n<td>Czaty grupowe<\/td>\n<\/tr>\n<\/tbody>\n<\/table>\n<p>Podsumowanie: Pink Video Chat najlepiej por\u00f3wna\u0107 do Omegle lub Chatroulette, z kolorowym, nowoczesnym akcentem marki. Nie stara si\u0119 by\u0107 sieci\u0105 spo\u0142eczno\u015bciow\u0105 - skupia si\u0119 wy\u0142\u0105cznie na losowych po\u0142\u0105czeniach jeden na jeden.<\/p>\n<h2>Bezpiecze\u0144stwo na r\u00f3\u017cowym czacie wideo<\/h2>\n<p>Podobnie jak wszystkie losowe platformy czat\u00f3w wideo, Pink Video Chat wi\u0105\u017ce si\u0119 zar\u00f3wno z zabaw\u0105, jak i ryzykiem.<\/p>\n<h3>Wbudowane narz\u0119dzia bezpiecze\u0144stwa<\/h3>\n<ul>\n<li>Funkcje raportowania i blokowania (w zale\u017cno\u015bci od wersji).<\/li>\n<li>Podstawowa moderacja w celu wykrywania nieodpowiednich tre\u015bci.<\/li>\n<\/ul>\n<h3>Wskaz\u00f3wki bezpiecze\u0144stwa dla u\u017cytkownik\u00f3w<\/h3>\n<ul>\n<li>Nigdy nie udost\u0119pniaj danych osobowych (adresu, telefonu, informacji finansowych).<\/li>\n<li>Natychmiast ko\u0144cz rozmowy, je\u015bli kto\u015b sprawia, \u017ce czujesz si\u0119 niekomfortowo.<\/li>\n<li>U\u017cywaj w miejscach publicznych lub bezpiecznych.<\/li>\n<li>Rozwa\u017c korzystanie z VPN w celu zwi\u0119kszenia prywatno\u015bci.<\/li>\n<\/ul>\n<p>Rodzice powinni r\u00f3wnie\u017c pami\u0119ta\u0107, \u017ce losowe platformy czat\u00f3w wideo mog\u0105 nara\u017ca\u0107 nieletnich na kontakt z tre\u015bciami dla doros\u0142ych, dlatego zdecydowanie zaleca si\u0119 nadz\u00f3r.<\/p>\n<h2>Wskaz\u00f3wki dotycz\u0105ce lepszych wra\u017ce\u0144<\/h2>\n<ul>\n<li>U\u017cywaj dobrego o\u015bwietlenia i wyra\u017anego k\u0105ta kamery. Uzyskasz wi\u0119cej pozytywnych reakcji.<\/li>\n<li>Rozmowy powinny by\u0107 lekkie. Losowy czat ma s\u0142u\u017cy\u0107 zabawie, a nie ci\u0119\u017ckim debatom.<\/li>\n<li>U\u017cywaj s\u0142uchawek. Poprawia jako\u015b\u0107 d\u017awi\u0119ku dla obu stron.<\/li>\n<li>Nie wahaj si\u0119 pomin\u0105\u0107. Nie ka\u017cdy czat b\u0119dzie dobrym wyborem.<\/li>\n<\/ul>\n<h2>Dlaczego ludzie wybieraj\u0105 Pink Video Chat<\/h2>\n<p>Przy tak wielu konkurentach, dlaczego u\u017cytkownicy mieliby wybra\u0107 Pink Video Chat? Odpowied\u017a le\u017cy w jego prostocie i stylu.<\/p>\n<ul>\n<li>\u0141atwo\u015b\u0107 u\u017cytkowania: Bez kont i pobierania plik\u00f3w.<\/li>\n<li>Zabawny branding: R\u00f3\u017cowy jest zabawny, przyjazny i przyst\u0119pny.<\/li>\n<li>Swobodna atmosfera: Mniejsza presja ni\u017c w przypadku aplikacji randkowych.<\/li>\n<li>Natychmiastowe po\u0142\u0105czenie: Idealny do kr\u00f3tkich chwil rozrywki.<\/li>\n<\/ul>\n<h2>Typowe problemy i poprawki<\/h2>\n<ol>\n<li>Kamera nie dzia\u0142a\n<ol>\n<li>Sprawd\u017a uprawnienia przegl\u0105darki.<\/li>\n<li>Upewnij si\u0119, \u017ce \u017cadna inna aplikacja nie korzysta z aparatu.<\/li>\n<\/ol>\n<\/li>\n<li>Nie mo\u017cna znale\u017a\u0107 dopasowa\u0144\n<ol>\n<li>Spr\u00f3buj w godzinach szczytu, aby uzyska\u0107 wi\u0119cej u\u017cytkownik\u00f3w online.<\/li>\n<li>Od\u015bwie\u017c przegl\u0105dark\u0119.<\/li>\n<\/ol>\n<\/li>\n<li>Niska jako\u015b\u0107 wideo\n<ol>\n<li>Prze\u0142\u0105cz si\u0119 na Wi-Fi, aby uzyska\u0107 silniejsze po\u0142\u0105czenie.<\/li>\n<li>Zamykanie aplikacji lub kart dzia\u0142aj\u0105cych w tle.<\/li>\n<\/ol>\n<\/li>\n<\/ol>\n<p>Je\u015bli szukasz szybkiego, darmowego i zabawnego sposobu na poznawanie nieznajomych, Pink Video Chat zapewnia dok\u0142adnie to. Nie stara si\u0119 by\u0107 aplikacj\u0105 randkow\u0105, sieci\u0105 spo\u0142eczno\u015bciow\u0105 ani skomplikowan\u0105 platform\u0105 czatu - zachowuje lekko\u015b\u0107 i rozrywk\u0119.<\/p>\n<p>Dla os\u00f3b, kt\u00f3re uwielbia\u0142y Omegle i Chatroulette, ale chc\u0105 czego\u015b \u015bwie\u017cego, Pink Video Chat oferuje zach\u0119caj\u0105c\u0105 alternatyw\u0119 z odrobin\u0105 zabawnego brandingu.<\/p>\n<p>W skr\u00f3cie: Pink Video Chat to swobodne, bezci\u015bnieniowe narz\u0119dzie do natychmiastowego nawi\u0105zywania po\u0142\u0105cze\u0144, kt\u00f3re warto wypr\u00f3bowa\u0107, je\u015bli lubisz nieprzewidywalno\u015b\u0107 rozm\u00f3w z nieznajomymi online.<\/p>","protected":false},"excerpt":{"rendered":"<p>The world of random video chat platforms is constantly evolving. From the early days of Omegle to modern apps like ChatHub, Emerald Chat, and Monkey, people have always sought fun, unpredictable, and exciting ways to meet strangers online. Pink Video Chat is one of the newer names to enter this space, bringing with it a [&hellip;]<\/p>\n","protected":false},"author":6,"featured_media":0,"parent":0,"menu_order":0,"comment_status":"closed","ping_status":"closed","template":"","meta":{"footnotes":""},"class_list":["post-12683","page","type-page","status-publish","hentry"],"yoast_head":"<!-- This site is optimized with the Yoast SEO plugin v27.6 - https:\/\/yoast.com\/product\/yoast-seo-wordpress\/ -->\n<title>Pink Video Chat - Random Video Chat with People - TinyChat.com<\/title>\n<meta name=\"description\" content=\"Enjoying Pink Video Chat? Join over 50,000,000 strangers on TinyChat! Turn on your cam and start meeting new people, or find a match.\" \/>\n<meta name=\"robots\" content=\"index, follow, max-snippet:-1, max-image-preview:large, max-video-preview:-1\" \/>\n<link rel=\"canonical\" href=\"https:\/\/tinychat.com\/pl\/pink-video-chat\/\" \/>\n<meta property=\"og:locale\" content=\"pl_PL\" \/>\n<meta property=\"og:type\" content=\"article\" \/>\n<meta property=\"og:title\" content=\"Pink Video Chat - Random Video Chat with People - TinyChat.com\" \/>\n<meta property=\"og:description\" content=\"Enjoying Pink Video Chat? Join over 50,000,000 strangers on TinyChat! Turn on your cam and start meeting new people, or find a match.\" \/>\n<meta property=\"og:url\" content=\"https:\/\/tinychat.com\/pl\/pink-video-chat\/\" \/>\n<meta property=\"og:site_name\" content=\"TinyChat\" \/>\n<meta property=\"article:publisher\" content=\"https:\/\/www.facebook.com\/tinychat\" \/>\n<meta property=\"article:modified_time\" content=\"2025-08-18T08:20:31+00:00\" \/>\n<meta property=\"og:image\" content=\"https:\/\/tinychat.com\/wp-content\/uploads\/2020\/04\/Tinychat-logo-1280x284-new-black.png\" \/>\n\t<meta property=\"og:image:width\" content=\"1280\" \/>\n\t<meta property=\"og:image:height\" content=\"284\" \/>\n\t<meta property=\"og:image:type\" content=\"image\/png\" \/>\n<meta name=\"twitter:card\" content=\"summary_large_image\" \/>\n<meta name=\"twitter:site\" content=\"@tinychat\" \/>\n<meta name=\"twitter:label1\" content=\"Szacowany czas czytania\" \/>\n\t<meta name=\"twitter:data1\" content=\"5 minut\" \/>\n<script type=\"application\/ld+json\" class=\"yoast-schema-graph\">{\"@context\":\"https:\\\/\\\/schema.org\",\"@graph\":[{\"@type\":\"WebPage\",\"@id\":\"https:\\\/\\\/tinychat.com\\\/pink-video-chat\\\/\",\"url\":\"https:\\\/\\\/tinychat.com\\\/pink-video-chat\\\/\",\"name\":\"Pink Video Chat - Random Video Chat with People - TinyChat.com\",\"isPartOf\":{\"@id\":\"https:\\\/\\\/tinychat.com\\\/#website\"},\"datePublished\":\"2025-08-18T07:35:45+00:00\",\"dateModified\":\"2025-08-18T08:20:31+00:00\",\"description\":\"Enjoying Pink Video Chat? Join over 50,000,000 strangers on TinyChat! Turn on your cam and start meeting new people, or find a match.\",\"breadcrumb\":{\"@id\":\"https:\\\/\\\/tinychat.com\\\/pink-video-chat\\\/#breadcrumb\"},\"inLanguage\":\"pl-PL\",\"potentialAction\":[{\"@type\":\"ReadAction\",\"target\":[\"https:\\\/\\\/tinychat.com\\\/pink-video-chat\\\/\"]}]},{\"@type\":\"BreadcrumbList\",\"@id\":\"https:\\\/\\\/tinychat.com\\\/pink-video-chat\\\/#breadcrumb\",\"itemListElement\":[{\"@type\":\"ListItem\",\"position\":1,\"name\":\"Home\",\"item\":\"https:\\\/\\\/tinychat.com\\\/\"},{\"@type\":\"ListItem\",\"position\":2,\"name\":\"Pink Video Chat\"}]},{\"@type\":\"WebSite\",\"@id\":\"https:\\\/\\\/tinychat.com\\\/#website\",\"url\":\"https:\\\/\\\/tinychat.com\\\/\",\"name\":\"TinyChat\",\"description\":\"Random Video Chat with Strangers\",\"publisher\":{\"@id\":\"https:\\\/\\\/tinychat.com\\\/#organization\"},\"alternateName\":\"TinyChat.com\",\"potentialAction\":[{\"@type\":\"SearchAction\",\"target\":{\"@type\":\"EntryPoint\",\"urlTemplate\":\"https:\\\/\\\/tinychat.com\\\/?s={search_term_string}\"},\"query-input\":{\"@type\":\"PropertyValueSpecification\",\"valueRequired\":true,\"valueName\":\"search_term_string\"}}],\"inLanguage\":\"pl-PL\"},{\"@type\":\"Organization\",\"@id\":\"https:\\\/\\\/tinychat.com\\\/#organization\",\"name\":\"TinyChat\",\"alternateName\":\"TinyChat.com\",\"url\":\"https:\\\/\\\/tinychat.com\\\/\",\"logo\":{\"@type\":\"ImageObject\",\"inLanguage\":\"pl-PL\",\"@id\":\"https:\\\/\\\/tinychat.com\\\/#\\\/schema\\\/logo\\\/image\\\/\",\"url\":\"https:\\\/\\\/tinychat.com\\\/wp-content\\\/uploads\\\/2023\\\/11\\\/Tinychat-icon-square.png\",\"contentUrl\":\"https:\\\/\\\/tinychat.com\\\/wp-content\\\/uploads\\\/2023\\\/11\\\/Tinychat-icon-square.png\",\"width\":284,\"height\":284,\"caption\":\"TinyChat\"},\"image\":{\"@id\":\"https:\\\/\\\/tinychat.com\\\/#\\\/schema\\\/logo\\\/image\\\/\"},\"sameAs\":[\"https:\\\/\\\/www.facebook.com\\\/tinychat\",\"https:\\\/\\\/x.com\\\/tinychat\"]}]}<\/script>\n<!-- \/ Yoast SEO plugin. -->","yoast_head_json":{"title":"Pink Video Chat - Losowy czat wideo z lud\u017ami - TinyChat.com","description":"Lubisz r\u00f3\u017cowy czat wideo? Do\u0142\u0105cz do ponad 50 000 000 nieznajomych na TinyChat! W\u0142\u0105cz kamer\u0119 i zacznij poznawa\u0107 nowych ludzi lub znajd\u017a partnera.","robots":{"index":"index","follow":"follow","max-snippet":"max-snippet:-1","max-image-preview":"max-image-preview:large","max-video-preview":"max-video-preview:-1"},"canonical":"https:\/\/tinychat.com\/pl\/pink-video-chat\/","og_locale":"pl_PL","og_type":"article","og_title":"Pink Video Chat - Random Video Chat with People - TinyChat.com","og_description":"Enjoying Pink Video Chat? Join over 50,000,000 strangers on TinyChat! Turn on your cam and start meeting new people, or find a match.","og_url":"https:\/\/tinychat.com\/pl\/pink-video-chat\/","og_site_name":"TinyChat","article_publisher":"https:\/\/www.facebook.com\/tinychat","article_modified_time":"2025-08-18T08:20:31+00:00","og_image":[{"width":1280,"height":284,"url":"https:\/\/tinychat.com\/wp-content\/uploads\/2020\/04\/Tinychat-logo-1280x284-new-black.png","type":"image\/png"}],"twitter_card":"summary_large_image","twitter_site":"@tinychat","twitter_misc":{"Szacowany czas czytania":"5 minut"},"schema":{"@context":"https:\/\/schema.org","@graph":[{"@type":"WebPage","@id":"https:\/\/tinychat.com\/pink-video-chat\/","url":"https:\/\/tinychat.com\/pink-video-chat\/","name":"Pink Video Chat - Losowy czat wideo z lud\u017ami - TinyChat.com","isPartOf":{"@id":"https:\/\/tinychat.com\/#website"},"datePublished":"2025-08-18T07:35:45+00:00","dateModified":"2025-08-18T08:20:31+00:00","description":"Lubisz r\u00f3\u017cowy czat wideo? Do\u0142\u0105cz do ponad 50 000 000 nieznajomych na TinyChat! W\u0142\u0105cz kamer\u0119 i zacznij poznawa\u0107 nowych ludzi lub znajd\u017a partnera.","breadcrumb":{"@id":"https:\/\/tinychat.com\/pink-video-chat\/#breadcrumb"},"inLanguage":"pl-PL","potentialAction":[{"@type":"ReadAction","target":["https:\/\/tinychat.com\/pink-video-chat\/"]}]},{"@type":"BreadcrumbList","@id":"https:\/\/tinychat.com\/pink-video-chat\/#breadcrumb","itemListElement":[{"@type":"ListItem","position":1,"name":"Home","item":"https:\/\/tinychat.com\/"},{"@type":"ListItem","position":2,"name":"Pink Video Chat"}]},{"@type":"WebSite","@id":"https:\/\/tinychat.com\/#website","url":"https:\/\/tinychat.com\/","name":"TinyChat","description":"Losowy czat wideo z nieznajomymi","publisher":{"@id":"https:\/\/tinychat.com\/#organization"},"alternateName":"TinyChat.com","potentialAction":[{"@type":"SearchAction","target":{"@type":"EntryPoint","urlTemplate":"https:\/\/tinychat.com\/?s={search_term_string}"},"query-input":{"@type":"PropertyValueSpecification","valueRequired":true,"valueName":"search_term_string"}}],"inLanguage":"pl-PL"},{"@type":"Organization","@id":"https:\/\/tinychat.com\/#organization","name":"TinyChat","alternateName":"TinyChat.com","url":"https:\/\/tinychat.com\/","logo":{"@type":"ImageObject","inLanguage":"pl-PL","@id":"https:\/\/tinychat.com\/#\/schema\/logo\/image\/","url":"https:\/\/tinychat.com\/wp-content\/uploads\/2023\/11\/Tinychat-icon-square.png","contentUrl":"https:\/\/tinychat.com\/wp-content\/uploads\/2023\/11\/Tinychat-icon-square.png","width":284,"height":284,"caption":"TinyChat"},"image":{"@id":"https:\/\/tinychat.com\/#\/schema\/logo\/image\/"},"sameAs":["https:\/\/www.facebook.com\/tinychat","https:\/\/x.com\/tinychat"]}]}},"_links":{"self":[{"href":"https:\/\/tinychat.com\/pl\/wp-json\/wp\/v2\/pages\/12683","targetHints":{"allow":["GET"]}}],"collection":[{"href":"https:\/\/tinychat.com\/pl\/wp-json\/wp\/v2\/pages"}],"about":[{"href":"https:\/\/tinychat.com\/pl\/wp-json\/wp\/v2\/types\/page"}],"author":[{"embeddable":true,"href":"https:\/\/tinychat.com\/pl\/wp-json\/wp\/v2\/users\/6"}],"replies":[{"embeddable":true,"href":"https:\/\/tinychat.com\/pl\/wp-json\/wp\/v2\/comments?post=12683"}],"version-history":[{"count":3,"href":"https:\/\/tinychat.com\/pl\/wp-json\/wp\/v2\/pages\/12683\/revisions"}],"predecessor-version":[{"id":13461,"href":"https:\/\/tinychat.com\/pl\/wp-json\/wp\/v2\/pages\/12683\/revisions\/13461"}],"wp:attachment":[{"href":"https:\/\/tinychat.com\/pl\/wp-json\/wp\/v2\/media?parent=12683"}],"curies":[{"name":"wp","href":"https:\/\/api.w.org\/{rel}","templated":true}]}}