{"id":12722,"date":"2025-03-12T09:12:05","date_gmt":"2025-03-12T07:12:05","guid":{"rendered":"https:\/\/tinychat.com\/?page_id=12722"},"modified":"2025-07-03T12:26:51","modified_gmt":"2025-07-03T10:26:51","slug":"anonymous-chat","status":"publish","type":"page","link":"https:\/\/tinychat.com\/pl\/anonymous-chat\/","title":{"rendered":"Anonimowy czat"},"content":{"rendered":"<p>W \u015bwiecie, w kt\u00f3rym wszyscy wydaj\u0105 si\u0119 udost\u0119pnia\u0107 wszystko online, nie jest zaskoczeniem, \u017ce coraz wi\u0119cej os\u00f3b szuka anonimowych platform czatowych. Czasami po prostu chcesz porozmawia\u0107 bez udost\u0119pniania swojego imienia i nazwiska, martwienia si\u0119 o sw\u00f3j wizerunek lub pozostawiania cyfrowego \u015bladu, kt\u00f3ry pod\u0105\u017ca za tob\u0105 na zawsze. W\u0142a\u015bnie w tym miejscu pojawia si\u0119 anonimowy czat: oferuje bezpieczn\u0105, prywatn\u0105 przestrze\u0144 do bycia sob\u0105 - bez \u017cadnych etykiet, profili czy oczekiwa\u0144.<\/p>\n<p>Niezale\u017cnie od tego, czy chcesz si\u0119 wy\u0142adowa\u0107, zasi\u0119gn\u0105\u0107 porady, podzieli\u0107 si\u0119 sekretami, czy po prostu odby\u0107 zabawn\u0105 rozmow\u0119 bez presji, anonimowe czaty pozwalaj\u0105 ci zrobi\u0107 to wszystko. A co najlepsze? Mo\u017cesz po\u0142\u0105czy\u0107 si\u0119 z kimkolwiek, gdziekolwiek, natychmiast.<\/p>\n<h2>Czym jest czat anonimowy?<\/h2>\n<p>W swej istocie anonimowy czat to ka\u017cda rozmowa online, w kt\u00f3rej nie ujawnia si\u0119 swojej prawdziwej to\u017csamo\u015bci. Nie musisz u\u017cywa\u0107 swojego prawdziwego imienia i nazwiska, zdj\u0119cia ani \u017cadnych danych osobowych. Wi\u0119kszo\u015b\u0107 platform umo\u017cliwia do\u0142\u0105czenie do czatu tylko z pseudonimem - lub nawet bez niego. To jak noszenie cyfrowej maski: sam decydujesz, co chcesz udost\u0119pni\u0107, a co zachowa\u0107 w tajemnicy.<\/p>\n<p>Anonimowy czat wyst\u0119puje w kilku wariantach:<\/p>\n<ul>\n<li>Anonimowy czat z nieznajomymi: Poznawaj ludzi z ca\u0142ego \u015bwiata, bez zobowi\u0105za\u0144 i presji.<\/li>\n<li>Anonimowe pokoje rozm\u00f3w: Do\u0142\u0105cz do pokoi tematycznych opartych na tematach, zainteresowaniach lub po prostu og\u00f3lnych spotkaniach.<\/li>\n<li>Darmowy anonimowy czat: Bez koszt\u00f3w, bez rejestracji, tylko natychmiastowe po\u0142\u0105czenie.<\/li>\n<li>Losowy czat anonimowy: Po\u0142\u0105cz si\u0119 z zupe\u0142nie przypadkowym u\u017cytkownikiem w celu spontanicznej rozmowy.<\/li>\n<\/ul>\n<h2>Dlaczego ludzie korzystaj\u0105 z czatu anonimowego?<\/h2>\n<p>Ka\u017cdy ma swoje powody! Niekt\u00f3re z najcz\u0119stszych to:<\/p>\n<ul>\n<li>Prywatno\u015b\u0107: Dziel si\u0119 przemy\u015bleniami, uczuciami lub pytaniami, kt\u00f3rych nie odwa\u017cy\u0142by\u015b si\u0119 opublikowa\u0107 w mediach spo\u0142eczno\u015bciowych.<\/li>\n<li>Wolno\u015b\u0107: Rozmawiaj o wszystkim - bez os\u0105dzania, bez oczekiwa\u0144.<\/li>\n<li>Wsparcie: Szukaj pomocy w zakresie osobistych zmaga\u0144, zdrowia psychicznego lub trudnych pyta\u0144, a wszystko to bez ujawniania swojej to\u017csamo\u015bci.<\/li>\n<li>Ciekawo\u015b\u0107: Poznawanie ludzi z r\u00f3\u017cnych kraj\u00f3w, \u015brodowisk lub \u015brodowisk.<\/li>\n<li>Zabawa: Ciesz si\u0119 g\u0142upimi, g\u0142\u0119bokimi, a nawet zalotnymi rozmowami dla samego dreszczyku emocji.<\/li>\n<\/ul>\n<p>\"Uwielbiam czat anonimowy, poniewa\u017c mog\u0119 by\u0107 sob\u0105 - bez presji, bez udawania, po prostu prawdziwa rozmowa\".<\/p>\n<p>\"\u015awietnie nadaje si\u0119 do udzielania porad. Czasami potrzebujesz pomocy od kogo\u015b, kto nie zna ci\u0119 w prawdziwym \u017cyciu\".<\/p>\n<h2>Jak dzia\u0142a czat anonimowy?<\/h2>\n<p>Wi\u0119kszo\u015b\u0107 anonimowych platform do czatowania jest tak prosta, jak to tylko mo\u017cliwe:<\/p>\n<ol>\n<li>Wejd\u017a na darmow\u0105 stron\u0119 z anonimowymi czatami lub pobierz aplikacj\u0119.<\/li>\n<li>Wybierz pseudonim (lub po prostu do\u0142\u0105cz jako \"go\u015b\u0107\").<\/li>\n<li>Do\u0142\u0105cz do pokoju lub sparuj si\u0119 losowo.<\/li>\n<li>Rozpocznij czat - tekstowy, audio, a czasem wideo (zawsze opcjonalnie).<\/li>\n<li>Opuszczaj lub prze\u0142\u0105czaj czaty, kiedy tylko chcesz, bez wi\u0119z\u00f3w i niezr\u0119czno\u015bci.<\/li>\n<\/ol>\n<p>Niekt\u00f3re strony maj\u0105 czaty tematyczne (takie jak \"wyznania\", \"porady\", \"randki\", \"nastolatki\" lub \"LGBTQ+\"), podczas gdy inne s\u0105 czysto losowymi parami jeden na jednego. Chodzi o to, \u017ce zawsze masz kontrol\u0119 nad tym, ile udost\u0119pniasz.<\/p>\n<h2>Najlepsze platformy do anonimowego czatu<\/h2>\n<p>Szukasz najlepszych miejsc do wypr\u00f3bowania anonimowego czatowania? Oto kilka ulubionych:<\/p>\n<ul>\n<li>Omegle: Oryginalny losowy anonimowy czat wideo lub tekstowy, bez rejestracji.<\/li>\n<li>Chatroulette: Natychmiastowy, anonimowy czat wideo z nieznajomymi z ca\u0142ego \u015bwiata.<\/li>\n<li>Chatous: Po\u0142\u0105cz si\u0119 wed\u0142ug zainteresowa\u0144 lub hashtag\u00f3w, bez konieczno\u015bci podawania prawdziwych nazwisk.<\/li>\n<li>AnonChat, AntiChat, Y99: anonimowe czaty tekstowe, wielu u\u017cytkownik\u00f3w globalnych i przestrzenie tematyczne.<\/li>\n<li>Whisper, 7 Cups: Bardziej skupia si\u0119 na zwierzeniach, wsparciu i poradach, a wszystko to przy zachowaniu pe\u0142nej anonimowo\u015bci.<\/li>\n<li>Discord (serwery anonimowe): Tw\u00f3rz lub do\u0142\u0105czaj do serwer\u00f3w, na kt\u00f3rych nazwy u\u017cytkownik\u00f3w i prywatne DM chroni\u0105 Twoj\u0105 to\u017csamo\u015b\u0107.<\/li>\n<\/ul>\n<p>Wypr\u00f3buj kilka, aby znale\u017a\u0107 styl i spo\u0142eczno\u015b\u0107, kt\u00f3ra najbardziej Ci odpowiada.<\/p>\n<h2>Anonimowy czat a inne czaty online<\/h2>\n<table>\n<thead>\n<tr>\n<th>Cecha<\/th>\n<th>Anonimowy czat<\/th>\n<th>Media spo\u0142eczno\u015bciowe<\/th>\n<th>Aplikacje randkowe<\/th>\n<th>Fora grupowe<\/th>\n<\/tr>\n<\/thead>\n<tbody>\n<tr>\n<td>Prawdziwe imi\u0119 nie jest wymagane<\/td>\n<td>\u2705<\/td>\n<td>\u274c<\/td>\n<td>\u274c<\/td>\n<td>\u2705<\/td>\n<\/tr>\n<tr>\n<td>Profil nie jest wymagany<\/td>\n<td>\u2705<\/td>\n<td>\u274c<\/td>\n<td>\u274c<\/td>\n<td>\u2705<\/td>\n<\/tr>\n<tr>\n<td>Losowe dopasowanie<\/td>\n<td>\u2705<\/td>\n<td>\u274c<\/td>\n<td>\u274c<\/td>\n<td>\u274c<\/td>\n<\/tr>\n<tr>\n<td>Pokoje tematyczne<\/td>\n<td>\u2705<\/td>\n<td>\u2705<\/td>\n<td>\u2705<\/td>\n<td>\u2705<\/td>\n<\/tr>\n<tr>\n<td>Darmowy w u\u017cyciu<\/td>\n<td>\u2705<\/td>\n<td>\u2705<\/td>\n<td>\u2705\/\u274c<\/td>\n<td>\u2705<\/td>\n<\/tr>\n<tr>\n<td>Pomi\u0144\/opu\u015b\u0107 w dowolnym momencie<\/td>\n<td>\u2705<\/td>\n<td>\u274c<\/td>\n<td>\u274c<\/td>\n<td>\u2705<\/td>\n<\/tr>\n<\/tbody>\n<\/table>\n<p>Anonimowy czat wygrywa prywatno\u015bci\u0105, spontaniczno\u015bci\u0105 i rozmowami bez presji.<\/p>\n<h2>Korzy\u015bci z korzystania z anonimowych czat\u00f3w<\/h2>\n<ul>\n<li>Szczere rozmowy: Mo\u017cesz zapyta\u0107 o to, o co naprawd\u0119 chcesz zapyta\u0107 lub powiedzie\u0107, co naprawd\u0119 czujesz.<\/li>\n<li>Brak baga\u017cu: Nie ma spo\u0142ecznej \"historii\", wi\u0119c mo\u017cesz by\u0107 kimkolwiek chcesz w danym momencie.<\/li>\n<li>Empatia i wsparcie: Ludzie bardziej si\u0119 otwieraj\u0105, co prowadzi do prawdziwej pomocy i porad.<\/li>\n<li>R\u00f3\u017cnorodno\u015b\u0107: B\u0119dziesz rozmawia\u0107 z lud\u017ami, kt\u00f3rych nigdy nie spotka\u0142by\u015b w normalnym \u017cyciu.<\/li>\n<li>Niskie zaanga\u017cowanie: Zosta\u0144 na pi\u0119\u0107 minut lub pi\u0119\u0107 godzin - nigdy nie ma presji.<\/li>\n<\/ul>\n<h2>Jak zachowa\u0107 bezpiecze\u0144stwo na czacie anonimowym<\/h2>\n<p>Nawet przy zachowaniu anonimowo\u015bci warto zachowa\u0107 ostro\u017cno\u015b\u0107:<\/p>\n<ul>\n<li>Nigdy nie udost\u0119pniaj prawdziwych nazwisk, adres\u00f3w ani danych kontaktowych.<\/li>\n<li>U\u017cyj unikalnego pseudonimu, a nie czego\u015b zwi\u0105zanego z Twoj\u0105 to\u017csamo\u015bci\u0105 online w innym miejscu.<\/li>\n<li>Je\u015bli kto\u015b sprawia, \u017ce czujesz si\u0119 niekomfortowo, natychmiast odejd\u017a lub zablokuj go.<\/li>\n<li>Podchod\u017a sceptycznie do link\u00f3w i pr\u00f3\u015bb o podanie danych osobowych lub zdj\u0119\u0107.<\/li>\n<li>Je\u015bli czat staje si\u0119 negatywny lub obra\u017aliwy, zg\u0142o\u015b to - wi\u0119kszo\u015b\u0107 platform ma narz\u0119dzia do szybkiego raportowania.<\/li>\n<\/ul>\n<p>Pami\u0119taj, \u017ce anonimowo\u015b\u0107 chroni Ci\u0119 - ale tylko wtedy, gdy u\u017cywasz jej m\u0105drze.<\/p>\n<h2>Kto korzysta z czatu anonimowego?<\/h2>\n<p>Wszyscy! Niekt\u00f3rzy popularni u\u017cytkownicy to:<\/p>\n<ul>\n<li>Nastolatki i m\u0142odzi doro\u015bli szukaj\u0105cy bezpiecznej przestrzeni do rozmowy lub odkrywania<\/li>\n<li>Osoby zmagaj\u0105ce si\u0119 ze zdrowiem psychicznym lub zmianami w \u017cyciu, szukaj\u0105ce anonimowego wsparcia<\/li>\n<li>Single chc\u0105cy flirtowa\u0107 lub umawia\u0107 si\u0119 na randki bez publicznego ujawniania si\u0119<\/li>\n<li>Osoby ciekawe innych kultur, styl\u00f3w \u017cycia lub opinii<\/li>\n<li>Znudzone nocne sowy, kt\u00f3re chc\u0105 po prostu porozmawia\u0107 z kim\u015b nowym<\/li>\n<\/ul>\n<p>Anonimowe czaty przyci\u0105gaj\u0105 ludzi z ca\u0142ego \u015bwiata, dzi\u0119ki czemu ka\u017cda rozmowa jest wyj\u0105tkowa.<\/p>\n<h2>Kiedy warto wypr\u00f3bowa\u0107 czat anonimowy?<\/h2>\n<ul>\n<li>Kiedy chcesz rozmawia\u0107 otwarcie, bez strachu przed os\u0105dem<\/li>\n<li>Je\u015bli czujesz si\u0119 samotny, niespokojny lub znudzony<\/li>\n<li>Gdy potrzebujesz porady od kogo\u015b ze \u015bwie\u017cym spojrzeniem<\/li>\n<li>Bezpieczne odkrywanie nowych przyja\u017ani lub flirt\u00f3w<\/li>\n<li>Kiedy chcesz po prostu prawdziwej, wolnej od presji rozmowy - bez \u017cadnych zobowi\u0105za\u0144<\/li>\n<\/ul>\n<h2>Wskaz\u00f3wki, jak najlepiej wykorzysta\u0107 czat anonimowy<\/h2>\n<ul>\n<li>B\u0105d\u017a otwarty - spodziewaj si\u0119 r\u00f3\u017cnych osobowo\u015bci, wieku i pochodzenia.<\/li>\n<li>Szanuj granice i prywatno\u015b\u0107 innych os\u00f3b.<\/li>\n<li>Nie b\u00f3j si\u0119 zako\u0144czy\u0107 rozmowy, je\u015bli nie jest to tw\u00f3j klimat.<\/li>\n<li>Je\u015bli potrzebujesz wsparcia, poszukaj pokoi lub u\u017cytkownik\u00f3w, kt\u00f3rzy specjalizuj\u0105 si\u0119 w doradztwie lub zdrowiu psychicznym.<\/li>\n<li>Zmieniaj pory dnia lub platformy, aby uzyska\u0107 najbardziej interesuj\u0105ce rozmowy.<\/li>\n<\/ul>\n<h2>Typowe zastosowania anonimowych czat\u00f3w<\/h2>\n<ul>\n<li>Wyznania: Podziel si\u0119 sekretami, daj upust emocjom lub przyznaj si\u0119 do rzeczy, kt\u00f3rych nigdy nie powiedzia\u0142by\u015b publicznie.<\/li>\n<li>Porady: Uzyskaj prawdziwe, bezstronne opinie na temat swojego \u017cycia, zwi\u0105zk\u00f3w lub problem\u00f3w.<\/li>\n<li>Flirt lub randka: Sprawd\u017a, czy masz z kim\u015b kontakt, bez zdj\u0119\u0107 profilowych i biografii.<\/li>\n<li>Praktyka j\u0119zykowa: Spr\u00f3buj porozmawia\u0107 w innym j\u0119zyku bez presji.<\/li>\n<li>Debaty lub dyskusje: Rozmawiaj o polityce, kulturze lub czymkolwiek, co Ci\u0119 pasjonuje - bez obawy, \u017ce k\u0142\u00f3tnie b\u0119d\u0105 Ci\u0119 \u015bledzi\u0107 w trybie offline.<\/li>\n<\/ul>\n<p>Je\u015bli jeste\u015b zm\u0119czony udawaniem lub martwisz si\u0119 o ocen\u0119 online, anonimowy czat jest przyciskiem resetowania, kt\u00f3rego potrzebujesz. Jest prosty, bezpieczny i wzmacniaj\u0105cy - pozwalaj\u0105c ci by\u0107 kimkolwiek chcesz, tylko przez chwil\u0119. Niezale\u017cnie od tego, czy szukasz wsparcia, szczero\u015bci, czy po prostu \u015bmiechu z nieznajomym, czeka na Ciebie anonimowy czat.<\/p>\n<p>Dlaczego wi\u0119c nie spr\u00f3bowa\u0107? Wskocz do darmowego anonimowego pokoju rozm\u00f3w lub rozpocznij losowy anonimowy czat z kim\u015b z ca\u0142ego \u015bwiata. Nast\u0119pna prawdziwa rozmowa jest tylko o jedno klikni\u0119cie.<\/p>","protected":false},"excerpt":{"rendered":"<p>In a world where everyone seems to be sharing everything online, it\u2019s no surprise that more people are seeking out anonymous chat platforms. Sometimes, you just want to talk without sharing your name, worrying about your image, or leaving a digital trail that follows you forever. That\u2019s where anonymous chat comes in: it offers a [&hellip;]<\/p>\n","protected":false},"author":8,"featured_media":0,"parent":0,"menu_order":0,"comment_status":"closed","ping_status":"closed","template":"","meta":{"footnotes":""},"class_list":["post-12722","page","type-page","status-publish","hentry"],"yoast_head":"<!-- This site is optimized with the Yoast SEO plugin v27.6 - https:\/\/yoast.com\/product\/yoast-seo-wordpress\/ -->\n<title>Anonymous Chat with Video Chat on TinyChat.com<\/title>\n<meta name=\"description\" content=\"Enjoying Anonymous Chat? Join over 50,000,000 strangers on TinyChat! Turn on your cam and start meeting new people, or find a match.\" \/>\n<meta name=\"robots\" content=\"index, follow, max-snippet:-1, max-image-preview:large, max-video-preview:-1\" \/>\n<link rel=\"canonical\" href=\"https:\/\/tinychat.com\/pl\/anonymous-chat\/\" \/>\n<meta property=\"og:locale\" content=\"pl_PL\" \/>\n<meta property=\"og:type\" content=\"article\" \/>\n<meta property=\"og:title\" content=\"Anonymous Chat with Video Chat on TinyChat.com\" \/>\n<meta property=\"og:description\" content=\"Enjoying Anonymous Chat? Join over 50,000,000 strangers on TinyChat! Turn on your cam and start meeting new people, or find a match.\" \/>\n<meta property=\"og:url\" content=\"https:\/\/tinychat.com\/pl\/anonymous-chat\/\" \/>\n<meta property=\"og:site_name\" content=\"TinyChat\" \/>\n<meta property=\"article:publisher\" content=\"https:\/\/www.facebook.com\/tinychat\" \/>\n<meta property=\"article:modified_time\" content=\"2025-07-03T10:26:51+00:00\" \/>\n<meta property=\"og:image\" content=\"https:\/\/tinychat.com\/wp-content\/uploads\/2020\/04\/Tinychat-logo-1280x284-new-black.png\" \/>\n\t<meta property=\"og:image:width\" content=\"1280\" \/>\n\t<meta property=\"og:image:height\" content=\"284\" \/>\n\t<meta property=\"og:image:type\" content=\"image\/png\" \/>\n<meta name=\"twitter:card\" content=\"summary_large_image\" \/>\n<meta name=\"twitter:site\" content=\"@tinychat\" \/>\n<meta name=\"twitter:label1\" content=\"Szacowany czas czytania\" \/>\n\t<meta name=\"twitter:data1\" content=\"5 minut\" \/>\n<script type=\"application\/ld+json\" class=\"yoast-schema-graph\">{\"@context\":\"https:\\\/\\\/schema.org\",\"@graph\":[{\"@type\":\"WebPage\",\"@id\":\"https:\\\/\\\/tinychat.com\\\/anonymous-chat\\\/\",\"url\":\"https:\\\/\\\/tinychat.com\\\/anonymous-chat\\\/\",\"name\":\"Anonymous Chat with Video Chat on TinyChat.com\",\"isPartOf\":{\"@id\":\"https:\\\/\\\/tinychat.com\\\/#website\"},\"datePublished\":\"2025-03-12T07:12:05+00:00\",\"dateModified\":\"2025-07-03T10:26:51+00:00\",\"description\":\"Enjoying Anonymous Chat? Join over 50,000,000 strangers on TinyChat! Turn on your cam and start meeting new people, or find a match.\",\"breadcrumb\":{\"@id\":\"https:\\\/\\\/tinychat.com\\\/anonymous-chat\\\/#breadcrumb\"},\"inLanguage\":\"pl-PL\",\"potentialAction\":[{\"@type\":\"ReadAction\",\"target\":[\"https:\\\/\\\/tinychat.com\\\/anonymous-chat\\\/\"]}]},{\"@type\":\"BreadcrumbList\",\"@id\":\"https:\\\/\\\/tinychat.com\\\/anonymous-chat\\\/#breadcrumb\",\"itemListElement\":[{\"@type\":\"ListItem\",\"position\":1,\"name\":\"Home\",\"item\":\"https:\\\/\\\/tinychat.com\\\/\"},{\"@type\":\"ListItem\",\"position\":2,\"name\":\"Anonymous Chat\"}]},{\"@type\":\"WebSite\",\"@id\":\"https:\\\/\\\/tinychat.com\\\/#website\",\"url\":\"https:\\\/\\\/tinychat.com\\\/\",\"name\":\"TinyChat\",\"description\":\"Random Video Chat with Strangers\",\"publisher\":{\"@id\":\"https:\\\/\\\/tinychat.com\\\/#organization\"},\"alternateName\":\"TinyChat.com\",\"potentialAction\":[{\"@type\":\"SearchAction\",\"target\":{\"@type\":\"EntryPoint\",\"urlTemplate\":\"https:\\\/\\\/tinychat.com\\\/?s={search_term_string}\"},\"query-input\":{\"@type\":\"PropertyValueSpecification\",\"valueRequired\":true,\"valueName\":\"search_term_string\"}}],\"inLanguage\":\"pl-PL\"},{\"@type\":\"Organization\",\"@id\":\"https:\\\/\\\/tinychat.com\\\/#organization\",\"name\":\"TinyChat\",\"alternateName\":\"TinyChat.com\",\"url\":\"https:\\\/\\\/tinychat.com\\\/\",\"logo\":{\"@type\":\"ImageObject\",\"inLanguage\":\"pl-PL\",\"@id\":\"https:\\\/\\\/tinychat.com\\\/#\\\/schema\\\/logo\\\/image\\\/\",\"url\":\"https:\\\/\\\/tinychat.com\\\/wp-content\\\/uploads\\\/2023\\\/11\\\/Tinychat-icon-square.png\",\"contentUrl\":\"https:\\\/\\\/tinychat.com\\\/wp-content\\\/uploads\\\/2023\\\/11\\\/Tinychat-icon-square.png\",\"width\":284,\"height\":284,\"caption\":\"TinyChat\"},\"image\":{\"@id\":\"https:\\\/\\\/tinychat.com\\\/#\\\/schema\\\/logo\\\/image\\\/\"},\"sameAs\":[\"https:\\\/\\\/www.facebook.com\\\/tinychat\",\"https:\\\/\\\/x.com\\\/tinychat\"]}]}<\/script>\n<!-- \/ Yoast SEO plugin. -->","yoast_head_json":{"title":"Anonimowy czat z czatem wideo na TinyChat.com","description":"Korzystasz z anonimowego czatu? Do\u0142\u0105cz do ponad 50 000 000 nieznajomych na TinyChat! W\u0142\u0105cz kamer\u0119 i zacznij poznawa\u0107 nowych ludzi lub znajd\u017a partnera.","robots":{"index":"index","follow":"follow","max-snippet":"max-snippet:-1","max-image-preview":"max-image-preview:large","max-video-preview":"max-video-preview:-1"},"canonical":"https:\/\/tinychat.com\/pl\/anonymous-chat\/","og_locale":"pl_PL","og_type":"article","og_title":"Anonymous Chat with Video Chat on TinyChat.com","og_description":"Enjoying Anonymous Chat? Join over 50,000,000 strangers on TinyChat! Turn on your cam and start meeting new people, or find a match.","og_url":"https:\/\/tinychat.com\/pl\/anonymous-chat\/","og_site_name":"TinyChat","article_publisher":"https:\/\/www.facebook.com\/tinychat","article_modified_time":"2025-07-03T10:26:51+00:00","og_image":[{"width":1280,"height":284,"url":"https:\/\/tinychat.com\/wp-content\/uploads\/2020\/04\/Tinychat-logo-1280x284-new-black.png","type":"image\/png"}],"twitter_card":"summary_large_image","twitter_site":"@tinychat","twitter_misc":{"Szacowany czas czytania":"5 minut"},"schema":{"@context":"https:\/\/schema.org","@graph":[{"@type":"WebPage","@id":"https:\/\/tinychat.com\/anonymous-chat\/","url":"https:\/\/tinychat.com\/anonymous-chat\/","name":"Anonimowy czat z czatem wideo na TinyChat.com","isPartOf":{"@id":"https:\/\/tinychat.com\/#website"},"datePublished":"2025-03-12T07:12:05+00:00","dateModified":"2025-07-03T10:26:51+00:00","description":"Korzystasz z anonimowego czatu? Do\u0142\u0105cz do ponad 50 000 000 nieznajomych na TinyChat! W\u0142\u0105cz kamer\u0119 i zacznij poznawa\u0107 nowych ludzi lub znajd\u017a partnera.","breadcrumb":{"@id":"https:\/\/tinychat.com\/anonymous-chat\/#breadcrumb"},"inLanguage":"pl-PL","potentialAction":[{"@type":"ReadAction","target":["https:\/\/tinychat.com\/anonymous-chat\/"]}]},{"@type":"BreadcrumbList","@id":"https:\/\/tinychat.com\/anonymous-chat\/#breadcrumb","itemListElement":[{"@type":"ListItem","position":1,"name":"Home","item":"https:\/\/tinychat.com\/"},{"@type":"ListItem","position":2,"name":"Anonymous Chat"}]},{"@type":"WebSite","@id":"https:\/\/tinychat.com\/#website","url":"https:\/\/tinychat.com\/","name":"TinyChat","description":"Losowy czat wideo z nieznajomymi","publisher":{"@id":"https:\/\/tinychat.com\/#organization"},"alternateName":"TinyChat.com","potentialAction":[{"@type":"SearchAction","target":{"@type":"EntryPoint","urlTemplate":"https:\/\/tinychat.com\/?s={search_term_string}"},"query-input":{"@type":"PropertyValueSpecification","valueRequired":true,"valueName":"search_term_string"}}],"inLanguage":"pl-PL"},{"@type":"Organization","@id":"https:\/\/tinychat.com\/#organization","name":"TinyChat","alternateName":"TinyChat.com","url":"https:\/\/tinychat.com\/","logo":{"@type":"ImageObject","inLanguage":"pl-PL","@id":"https:\/\/tinychat.com\/#\/schema\/logo\/image\/","url":"https:\/\/tinychat.com\/wp-content\/uploads\/2023\/11\/Tinychat-icon-square.png","contentUrl":"https:\/\/tinychat.com\/wp-content\/uploads\/2023\/11\/Tinychat-icon-square.png","width":284,"height":284,"caption":"TinyChat"},"image":{"@id":"https:\/\/tinychat.com\/#\/schema\/logo\/image\/"},"sameAs":["https:\/\/www.facebook.com\/tinychat","https:\/\/x.com\/tinychat"]}]}},"_links":{"self":[{"href":"https:\/\/tinychat.com\/pl\/wp-json\/wp\/v2\/pages\/12722","targetHints":{"allow":["GET"]}}],"collection":[{"href":"https:\/\/tinychat.com\/pl\/wp-json\/wp\/v2\/pages"}],"about":[{"href":"https:\/\/tinychat.com\/pl\/wp-json\/wp\/v2\/types\/page"}],"author":[{"embeddable":true,"href":"https:\/\/tinychat.com\/pl\/wp-json\/wp\/v2\/users\/8"}],"replies":[{"embeddable":true,"href":"https:\/\/tinychat.com\/pl\/wp-json\/wp\/v2\/comments?post=12722"}],"version-history":[{"count":4,"href":"https:\/\/tinychat.com\/pl\/wp-json\/wp\/v2\/pages\/12722\/revisions"}],"predecessor-version":[{"id":13308,"href":"https:\/\/tinychat.com\/pl\/wp-json\/wp\/v2\/pages\/12722\/revisions\/13308"}],"wp:attachment":[{"href":"https:\/\/tinychat.com\/pl\/wp-json\/wp\/v2\/media?parent=12722"}],"curies":[{"name":"wp","href":"https:\/\/api.w.org\/{rel}","templated":true}]}}