{"id":12724,"date":"2025-08-07T10:14:49","date_gmt":"2025-08-07T08:14:49","guid":{"rendered":"https:\/\/tinychat.com\/?page_id=12724"},"modified":"2025-08-07T11:00:11","modified_gmt":"2025-08-07T09:00:11","slug":"incognito-chat","status":"publish","type":"page","link":"https:\/\/tinychat.com\/pl\/incognito-chat\/","title":{"rendered":"Czat incognito"},"content":{"rendered":"<p>Czy kiedykolwiek chcia\u0142e\u015b porozmawia\u0107 z kim\u015b online - zada\u0107 pytanie, podzieli\u0107 si\u0119 histori\u0105 lub po prostu porozmawia\u0107 - bez ujawniania, kim jeste\u015b? To jest w\u0142a\u015bnie urok czatu incognito: pe\u0142na prywatno\u015b\u0107, ca\u0142kowita swoboda i prawdziwe rozmowy, bez konieczno\u015bci pokazywania twarzy lub udost\u0119pniania swojego imienia i nazwiska.<\/p>\n<p>Niezale\u017cnie od tego, czy szukasz bezpiecznej przestrzeni do dyskusji na osobiste tematy, chcesz pozna\u0107 nowych ludzi bez presji, czy po prostu pragniesz dreszczyku emocji zwi\u0105zanego z ca\u0142kowit\u0105 anonimowo\u015bci\u0105, czaty i aplikacje incognito s\u0105 Twoj\u0105 cyfrow\u0105 kryj\u00f3wk\u0105. Oto wszystko, co musisz wiedzie\u0107 o czatowaniu w trybie incognito i dlaczego jest ono tak popularne.<\/p>\n<h2>Czym jest czat incognito?<\/h2>\n<p>Czat incognito odnosi si\u0119 do internetowych platform czatowych, aplikacji lub pokoj\u00f3w rozm\u00f3w, kt\u00f3re pozwalaj\u0105 u\u017cytkownikom rozmawia\u0107 z innymi anonimowo. W przeciwie\u0144stwie do medi\u00f3w spo\u0142eczno\u015bciowych lub tradycyjnych aplikacji do przesy\u0142ania wiadomo\u015bci, nie musisz rejestrowa\u0107 si\u0119 przy u\u017cyciu prawdziwego imienia i nazwiska, u\u017cywa\u0107 zdj\u0119cia ani nawet tworzy\u0107 profilu. Mo\u017cesz by\u0107 kimkolwiek (lub nikim), jednocze\u015bnie prowadz\u0105c prawdziwe rozmowy.<\/p>\n<p>Czat incognito online to wszystko:<\/p>\n<ul>\n<li>Anonimowo\u015b\u0107: Nie musisz ujawnia\u0107 swojej to\u017csamo\u015bci - u\u017cyj pseudonimu, pozosta\u0144 \"incognito\" lub pozw\u00f3l aplikacji wygenerowa\u0107 dla ciebie losow\u0105 nazw\u0119.<\/li>\n<li>Prywatno\u015b\u0107: Rozmowy nie s\u0105 powi\u0105zane z kontami u\u017cytkownik\u00f3w i zazwyczaj nie s\u0105 zapisywane.<\/li>\n<li>Wolno\u015b\u0107: M\u00f3w, co masz na my\u015bli, bez obawy o os\u0105d lub konsekwencje.<\/li>\n<\/ul>\n<p>Platformy mog\u0105 oferowa\u0107 czat tekstowy, g\u0142osowy, a nawet wideo - ale zawsze z zachowaniem anonimowo\u015bci.<\/p>\n<h2>Dlaczego warto korzysta\u0107 z Incognito Chat Online?<\/h2>\n<p>Ludzie s\u0105 przyci\u0105gani do czatu incognito z r\u00f3\u017cnych powod\u00f3w:<\/p>\n<ul>\n<li>Dziel si\u0119 swobodnie: \u0141atwiej jest otwarcie rozmawia\u0107 o uczuciach, sekretach lub trudnych tematach, gdy jest si\u0119 anonimowym.<\/li>\n<li>Uzyskaj szczer\u0105 porad\u0119: Ludzie maj\u0105 tendencj\u0119 do udzielania bardziej szczerych informacji zwrotnych, gdy nie wi\u0105\u017c\u0105 si\u0119 z tym \u017cadne konsekwencje spo\u0142eczne.<\/li>\n<li>Poznawaj nowych ludzi: Nawi\u0105zuj kontakty z nieznajomymi z ca\u0142ego \u015bwiata - bez presji, bez zobowi\u0105za\u0144.<\/li>\n<li>Unikanie niezr\u0119czno\u015bci: Brak strachu przed wpadni\u0119ciem na znajome osoby lub powiedzeniem czego\u015b \u017cenuj\u0105cego.<\/li>\n<li>Wsparcie i pomoc: \u015awietny spos\u00f3b na znalezienie grup wsparcia, czat\u00f3w na temat zdrowia psychicznego lub poradnictwa peer-to-peer.<\/li>\n<\/ul>\n<blockquote><p>\"Korzystam z czat\u00f3w incognito, gdy potrzebuj\u0119 porady w sprawach, o kt\u00f3rych nie mog\u0119 rozmawia\u0107 z przyjaci\u00f3\u0142mi. Odby\u0142em tam jedne z najbardziej szczerych i pomocnych rozm\u00f3w\".<\/p><\/blockquote>\n<h2>Popularne rodzaje czatu incognito<\/h2>\n<p>Istnieje ca\u0142y \u015bwiat aplikacji i platform do czatowania incognito:<\/p>\n<h3>1. Anonimowe pokoje rozm\u00f3w incognito<\/h3>\n<p>S\u0105 to klasyczne pokoje tekstowe, w kt\u00f3rych wszyscy s\u0105 anonimowi. Chat Avenue, Wireclub i TinyChat oferuj\u0105 publiczne i prywatne pokoje, do kt\u00f3rych mo\u017cna natychmiast do\u0142\u0105czy\u0107.<\/p>\n<h3>2. Aplikacje do czatu incognito<\/h3>\n<p>Aplikacje mobilne takie jak Chatous, Whisper i Wakie s\u0105 przeznaczone do anonimowego czatowania. Wybierz sw\u00f3j pseudonim i zacznij wysy\u0142a\u0107 wiadomo\u015bci - nie jest wymagany numer telefonu ani login spo\u0142eczno\u015bciowy.<\/p>\n<h3>3. Czat wideo jeden na jednego incognito<\/h3>\n<p>Platformy takie jak Omegle i Chatroulette umo\u017cliwiaj\u0105 czatowanie przez wideo bez rejestracji. Twoja prawdziwa to\u017csamo\u015b\u0107 nigdy nie jest pokazywana, chyba \u017ce sobie tego \u017cyczysz.<\/p>\n<h3>4. Czaty grupowe incognito<\/h3>\n<p>Do\u0142\u0105cz do pokoj\u00f3w tematycznych lub opartych na zainteresowaniach (muzyka, zdrowie psychiczne, randki itp.) i \u0142\u0105cz si\u0119 z innymi, kt\u00f3rzy r\u00f3wnie\u017c chc\u0105 pozosta\u0107 incognito.<\/p>\n<h2>Czat incognito a zwyk\u0142y czat online<\/h2>\n<table>\n<thead>\n<tr>\n<th>Cecha<\/th>\n<th>Czat incognito<\/th>\n<th>Zwyk\u0142e aplikacje do czatu<\/th>\n<th>Media spo\u0142eczno\u015bciowe<\/th>\n<\/tr>\n<\/thead>\n<tbody>\n<tr>\n<td>Nie jest wymagana prawdziwa nazwa\/profil<\/td>\n<td>\u2705<\/td>\n<td>\u274c<\/td>\n<td>\u274c<\/td>\n<\/tr>\n<tr>\n<td>Anonimowe logowanie<\/td>\n<td>\u2705<\/td>\n<td>\u274c<\/td>\n<td>\u274c<\/td>\n<\/tr>\n<tr>\n<td>Rozmowy nie s\u0105 zapisywane<\/td>\n<td>\u2705\/\u274c<\/td>\n<td>\u274c<\/td>\n<td>\u274c<\/td>\n<\/tr>\n<tr>\n<td>Opcje grupowe lub prywatne<\/td>\n<td>\u2705<\/td>\n<td>\u2705<\/td>\n<td>\u2705<\/td>\n<\/tr>\n<tr>\n<td>Darmowy w u\u017cyciu<\/td>\n<td>\u2705<\/td>\n<td>\u2705<\/td>\n<td>\u2705<\/td>\n<\/tr>\n<tr>\n<td>Mo\u017cliwe losowe dopasowanie<\/td>\n<td>\u2705<\/td>\n<td>\u274c<\/td>\n<td>\u274c<\/td>\n<\/tr>\n<\/tbody>\n<\/table>\n<p>Czat Incognito wyr\u00f3\u017cnia si\u0119 tym, \u017ce zapewnia swobod\u0119, elastyczno\u015b\u0107 i spok\u00f3j ducha.<\/p>\n<h2>Jak dzia\u0142a czat incognito?<\/h2>\n<p>Rozpocz\u0119cie korzystania z czatu incognito online jest bardzo proste:<\/p>\n<ol>\n<li>Wybierz platform\u0119 lub aplikacj\u0119: Zdecyduj, czy chcesz korzysta\u0107 z czatu tekstowego, g\u0142osowego czy wideo.<\/li>\n<li>Utw\u00f3rz pseudonim (lub przejd\u017a jako \"Go\u015b\u0107\"): Wi\u0119kszo\u015b\u0107 witryn umo\u017cliwia wej\u015bcie bez rejestracji.<\/li>\n<li>Wybierz pok\u00f3j czatu lub rozpocznij rozmow\u0119 jeden na jeden: Niekt\u00f3re platformy oferuj\u0105 pokoje tematyczne dla okre\u015blonych temat\u00f3w.<\/li>\n<li>Zacznij czatowa\u0107! Dziel si\u0119 tym, co chcesz, s\u0142uchaj i \u0142\u0105cz si\u0119 z lud\u017ami z dowolnego miejsca.<\/li>\n<li>Opu\u015b\u0107 lub zrezygnuj w dowolnym momencie: Je\u015bli rozmowa nie jest tym, czego chcesz, mo\u017cesz przej\u015b\u0107 dalej.<\/li>\n<\/ol>\n<p>Wi\u0119kszo\u015b\u0107 aplikacji i witryn jest bezp\u0142atna - niekt\u00f3re oferuj\u0105 p\u0142atne funkcje, takie jak usuwanie reklam, zaawansowane filtry lub pokoje VIP.<\/p>\n<h2>Kto korzysta z czatu incognito?<\/h2>\n<p>Ka\u017cdy! Typowi u\u017cytkownicy to:<\/p>\n<ul>\n<li>Nastolatki i m\u0142odzi doro\u015bli szukaj\u0105cy porady lub wsparcia r\u00f3wie\u015bniczego<\/li>\n<li>Osoby z pytaniami dotycz\u0105cymi zwi\u0105zk\u00f3w, zdrowia lub osobistych zmaga\u0144<\/li>\n<li>Single chc\u0105ce flirtowa\u0107 lub poznawa\u0107 nowe osoby bez udost\u0119pniania prywatnych informacji<\/li>\n<li>Profesjonali\u015bci lub studenci, kt\u00f3rzy chc\u0105 otwarcie porozmawia\u0107 o stresie w pracy lub szkole<\/li>\n<li>Ka\u017cdy, kto pragnie szczerej, pozbawionej presji rozmowy<\/li>\n<\/ul>\n<p>Nie ma ogranicze\u0144 wiekowych, je\u015bli chodzi o potrzeb\u0119 odrobiny prywatno\u015bci.<\/p>\n<h2>Czy czat incognito jest naprawd\u0119 bezpieczny?<\/h2>\n<p>Czat incognito jest bezpieczniejszy ni\u017c wi\u0119kszo\u015b\u0107 platform spo\u0142eczno\u015bciowych - ale zawsze nale\u017cy zachowa\u0107 zdrowy rozs\u0105dek:<\/p>\n<ul>\n<li>Nie udost\u0119pniaj prawdziwych nazwisk, adres\u00f3w, numer\u00f3w telefon\u00f3w ani danych osobowych.<\/li>\n<li>Zachowaj ostro\u017cno\u015b\u0107 w przypadku zdj\u0119\u0107 lub film\u00f3w: Nigdy nie wysy\u0142aj zdj\u0119\u0107, kt\u00f3rych nie chcesz upublicznia\u0107.<\/li>\n<li>Je\u015bli czujesz si\u0119 niekomfortowo na czacie, natychmiast go opu\u015b\u0107.<\/li>\n<li>Korzystaj z platform z funkcjami moderacji i raportowania.<\/li>\n<li>Pami\u0119taj, \u017ce anonimowo\u015b\u0107 dzia\u0142a w obie strony: Inni u\u017cytkownicy te\u017c s\u0105 anonimowi - zaufaj swojemu instynktowi.<\/li>\n<\/ul>\n<p>Je\u015bli korzystasz z czatu incognito w celach zwi\u0105zanych ze zdrowiem psychicznym lub wsparciem, szukaj us\u0142ug z przeszkolonymi moderatorami lub zweryfikowanymi pomocnikami.<\/p>\n<h2>Najlepsze funkcje aplikacji i witryn do czatu incognito<\/h2>\n<ul>\n<li>Rejestracja nie jest wymagana: Do\u0142\u0105cz natychmiast, bez konieczno\u015bci podawania adresu e-mail lub numeru telefonu.<\/li>\n<li>Prywatne pokoje rozm\u00f3w incognito: Do\u0142\u0105cz do tematycznych lub og\u00f3lnych pokoj\u00f3w czatu dla dowolnego nastroju.<\/li>\n<li>Tymczasowe historie czat\u00f3w: Wiele aplikacji nie zapisuje rozm\u00f3w, wi\u0119c Twoje s\u0142owa znikaj\u0105 po opuszczeniu aplikacji.<\/li>\n<li>Kontrola u\u017cytkownika: Blokuj lub zg\u0142aszaj ka\u017cdego, kto przekroczy granic\u0119.<\/li>\n<li>Opcja dla tekstu, g\u0142osu lub wideo: Wybierz, ile chcesz udost\u0119pni\u0107.<\/li>\n<li>Dopasowanie oparte na zainteresowaniach: Filtruj pokoje wed\u0142ug tematu, lokalizacji lub wieku, aby uzyska\u0107 bardziej trafne czaty.<\/li>\n<\/ul>\n<h2>Wskaz\u00f3wki dotycz\u0105ce najlepszego czatu incognito<\/h2>\n<ul>\n<li>Zacznij od pokoj\u00f3w og\u00f3lnych: Poczuj si\u0119 komfortowo, zanim udost\u0119pnisz wi\u0119cej na prywatnych czatach.<\/li>\n<li>B\u0105d\u017a uprzejmy i pe\u0142en szacunku: Anonimowo\u015b\u0107 nie jest licencj\u0105 na bycie niegrzecznym - dobre wibracje maj\u0105 d\u0142ug\u0105 drog\u0119.<\/li>\n<li>Nie dziel si\u0119 nadmiernie: Nawet je\u015bli jeste\u015b anonimowy, zachowaj pewne granice.<\/li>\n<li>U\u017cywaj tag\u00f3w zainteresowa\u0144: Pomagaj\u0105 one znale\u017a\u0107 osoby, z kt\u00f3rymi faktycznie b\u0119dziesz chcia\u0142 porozmawia\u0107.<\/li>\n<li>Eksperymentuj z r\u00f3\u017cnymi platformami: Ka\u017cda z nich ma sw\u00f3j w\u0142asny klimat i funkcje.<\/li>\n<\/ul>\n<h2>Kiedy u\u017cywa\u0107 czatu incognito?<\/h2>\n<ul>\n<li>Gdy potrzebujesz porady lub chcesz si\u0119 anonimowo wy\u0142adowa\u0107<\/li>\n<li>Nawi\u0105zywanie znajomo\u015bci bez dzielenia si\u0119 swoj\u0105 to\u017csamo\u015bci\u0105<\/li>\n<li>Do prywatnego flirtowania lub czat\u00f3w randkowych<\/li>\n<li>Podczas zg\u0142\u0119biania dra\u017cliwych temat\u00f3w, o kt\u00f3rych nie mo\u017cna rozmawia\u0107 gdzie indziej<\/li>\n<li>Je\u015bli dopiero zaczynasz korzysta\u0107 z czatu online i chcesz wypr\u00f3bowa\u0107 go bez ryzyka<\/li>\n<\/ul>\n<h2>Darmowe i p\u0142atne funkcje czatu incognito<\/h2>\n<p>Wi\u0119kszo\u015b\u0107 platform do czatu incognito jest darmowa. P\u0142atne aktualizacje mog\u0105 obejmowa\u0107:<\/p>\n<ul>\n<li>Do\u015bwiadczenie bez reklam<\/li>\n<li>Zaawansowane filtry dopasowuj\u0105ce<\/li>\n<li>VIP lub pokoje prywatne<\/li>\n<li>Niestandardowe emotikony lub naklejki<\/li>\n<\/ul>\n<p>Jednak dla wi\u0119kszo\u015bci u\u017cytkownik\u00f3w darmowa wersja oferuje du\u017c\u0105 prywatno\u015b\u0107 i elastyczno\u015b\u0107.<\/p>\n<p>Czat incognito to najlepsza bezpieczna przestrze\u0144 online, w kt\u00f3rej mo\u017cesz powiedzie\u0107, co masz na my\u015bli, zada\u0107 pytania, kt\u00f3rych nie mo\u017cesz zada\u0107 nigdzie indziej, i pozna\u0107 ludzi z ca\u0142ego \u015bwiata, zachowuj\u0105c przy tym ca\u0142kowit\u0105 anonimowo\u015b\u0107. Niezale\u017cnie od tego, czy szukasz porady, przyja\u017ani, zabawy, czy po prostu nowej perspektywy, aplikacja lub pok\u00f3j do czatowania incognito czeka na Ciebie.<\/p>\n<p>Gotowy, by spr\u00f3bowa\u0107? Wskocz dzi\u015b wieczorem do czatu incognito i odkryj wolno\u015b\u0107 prawdziwie prywatnego po\u0142\u0105czenia online.<\/p>","protected":false},"excerpt":{"rendered":"<p>Have you ever wanted to talk to someone online\u2014ask a question, share a story, or just vent\u2014without revealing who you are? That\u2019s the appeal of incognito chat: complete privacy, total freedom, and real conversations, with no need to show your face or share your name. Whether you\u2019re looking for a safe space to discuss personal [&hellip;]<\/p>\n","protected":false},"author":8,"featured_media":0,"parent":0,"menu_order":0,"comment_status":"closed","ping_status":"closed","template":"","meta":{"footnotes":""},"class_list":["post-12724","page","type-page","status-publish","hentry"],"yoast_head":"<!-- This site is optimized with the Yoast SEO plugin v27.5 - https:\/\/yoast.com\/product\/yoast-seo-wordpress\/ -->\n<title>Incognito Chat with Video Chat on TinyChat.com<\/title>\n<meta name=\"description\" content=\"Enjoying Incognito Chat? Join over 50,000,000 strangers on TinyChat! Turn on your cam and start meeting new people, or find a match.\" \/>\n<meta name=\"robots\" content=\"index, follow, max-snippet:-1, max-image-preview:large, max-video-preview:-1\" \/>\n<link rel=\"canonical\" href=\"https:\/\/tinychat.com\/pl\/incognito-chat\/\" \/>\n<meta property=\"og:locale\" content=\"pl_PL\" \/>\n<meta property=\"og:type\" content=\"article\" \/>\n<meta property=\"og:title\" content=\"Incognito Chat with Video Chat on TinyChat.com\" \/>\n<meta property=\"og:description\" content=\"Enjoying Incognito Chat? Join over 50,000,000 strangers on TinyChat! Turn on your cam and start meeting new people, or find a match.\" \/>\n<meta property=\"og:url\" content=\"https:\/\/tinychat.com\/pl\/incognito-chat\/\" \/>\n<meta property=\"og:site_name\" content=\"TinyChat\" \/>\n<meta property=\"article:publisher\" content=\"https:\/\/www.facebook.com\/tinychat\" \/>\n<meta property=\"article:modified_time\" content=\"2025-08-07T09:00:11+00:00\" \/>\n<meta property=\"og:image\" content=\"https:\/\/tinychat.com\/wp-content\/uploads\/2020\/04\/Tinychat-logo-1280x284-new-black.png\" \/>\n\t<meta property=\"og:image:width\" content=\"1280\" \/>\n\t<meta property=\"og:image:height\" content=\"284\" \/>\n\t<meta property=\"og:image:type\" content=\"image\/png\" \/>\n<meta name=\"twitter:card\" content=\"summary_large_image\" \/>\n<meta name=\"twitter:site\" content=\"@tinychat\" \/>\n<meta name=\"twitter:label1\" content=\"Szacowany czas czytania\" \/>\n\t<meta name=\"twitter:data1\" content=\"5 minut\" \/>\n<script type=\"application\/ld+json\" class=\"yoast-schema-graph\">{\"@context\":\"https:\\\/\\\/schema.org\",\"@graph\":[{\"@type\":\"WebPage\",\"@id\":\"https:\\\/\\\/tinychat.com\\\/incognito-chat\\\/\",\"url\":\"https:\\\/\\\/tinychat.com\\\/incognito-chat\\\/\",\"name\":\"Incognito Chat with Video Chat on TinyChat.com\",\"isPartOf\":{\"@id\":\"https:\\\/\\\/tinychat.com\\\/#website\"},\"datePublished\":\"2025-08-07T08:14:49+00:00\",\"dateModified\":\"2025-08-07T09:00:11+00:00\",\"description\":\"Enjoying Incognito Chat? Join over 50,000,000 strangers on TinyChat! Turn on your cam and start meeting new people, or find a match.\",\"breadcrumb\":{\"@id\":\"https:\\\/\\\/tinychat.com\\\/incognito-chat\\\/#breadcrumb\"},\"inLanguage\":\"pl-PL\",\"potentialAction\":[{\"@type\":\"ReadAction\",\"target\":[\"https:\\\/\\\/tinychat.com\\\/incognito-chat\\\/\"]}]},{\"@type\":\"BreadcrumbList\",\"@id\":\"https:\\\/\\\/tinychat.com\\\/incognito-chat\\\/#breadcrumb\",\"itemListElement\":[{\"@type\":\"ListItem\",\"position\":1,\"name\":\"Home\",\"item\":\"https:\\\/\\\/tinychat.com\\\/\"},{\"@type\":\"ListItem\",\"position\":2,\"name\":\"Incognito Chat\"}]},{\"@type\":\"WebSite\",\"@id\":\"https:\\\/\\\/tinychat.com\\\/#website\",\"url\":\"https:\\\/\\\/tinychat.com\\\/\",\"name\":\"TinyChat\",\"description\":\"Random Video Chat with Strangers\",\"publisher\":{\"@id\":\"https:\\\/\\\/tinychat.com\\\/#organization\"},\"alternateName\":\"TinyChat.com\",\"potentialAction\":[{\"@type\":\"SearchAction\",\"target\":{\"@type\":\"EntryPoint\",\"urlTemplate\":\"https:\\\/\\\/tinychat.com\\\/?s={search_term_string}\"},\"query-input\":{\"@type\":\"PropertyValueSpecification\",\"valueRequired\":true,\"valueName\":\"search_term_string\"}}],\"inLanguage\":\"pl-PL\"},{\"@type\":\"Organization\",\"@id\":\"https:\\\/\\\/tinychat.com\\\/#organization\",\"name\":\"TinyChat\",\"alternateName\":\"TinyChat.com\",\"url\":\"https:\\\/\\\/tinychat.com\\\/\",\"logo\":{\"@type\":\"ImageObject\",\"inLanguage\":\"pl-PL\",\"@id\":\"https:\\\/\\\/tinychat.com\\\/#\\\/schema\\\/logo\\\/image\\\/\",\"url\":\"https:\\\/\\\/tinychat.com\\\/wp-content\\\/uploads\\\/2023\\\/11\\\/Tinychat-icon-square.png\",\"contentUrl\":\"https:\\\/\\\/tinychat.com\\\/wp-content\\\/uploads\\\/2023\\\/11\\\/Tinychat-icon-square.png\",\"width\":284,\"height\":284,\"caption\":\"TinyChat\"},\"image\":{\"@id\":\"https:\\\/\\\/tinychat.com\\\/#\\\/schema\\\/logo\\\/image\\\/\"},\"sameAs\":[\"https:\\\/\\\/www.facebook.com\\\/tinychat\",\"https:\\\/\\\/x.com\\\/tinychat\"]}]}<\/script>\n<!-- \/ Yoast SEO plugin. -->","yoast_head_json":{"title":"Czat incognito z czatem wideo na TinyChat.com","description":"Korzystasz z czatu incognito? Do\u0142\u0105cz do ponad 50 000 000 nieznajomych na TinyChat! W\u0142\u0105cz kamer\u0119 i zacznij poznawa\u0107 nowych ludzi lub znajd\u017a partnera.","robots":{"index":"index","follow":"follow","max-snippet":"max-snippet:-1","max-image-preview":"max-image-preview:large","max-video-preview":"max-video-preview:-1"},"canonical":"https:\/\/tinychat.com\/pl\/incognito-chat\/","og_locale":"pl_PL","og_type":"article","og_title":"Incognito Chat with Video Chat on TinyChat.com","og_description":"Enjoying Incognito Chat? Join over 50,000,000 strangers on TinyChat! Turn on your cam and start meeting new people, or find a match.","og_url":"https:\/\/tinychat.com\/pl\/incognito-chat\/","og_site_name":"TinyChat","article_publisher":"https:\/\/www.facebook.com\/tinychat","article_modified_time":"2025-08-07T09:00:11+00:00","og_image":[{"width":1280,"height":284,"url":"https:\/\/tinychat.com\/wp-content\/uploads\/2020\/04\/Tinychat-logo-1280x284-new-black.png","type":"image\/png"}],"twitter_card":"summary_large_image","twitter_site":"@tinychat","twitter_misc":{"Szacowany czas czytania":"5 minut"},"schema":{"@context":"https:\/\/schema.org","@graph":[{"@type":"WebPage","@id":"https:\/\/tinychat.com\/incognito-chat\/","url":"https:\/\/tinychat.com\/incognito-chat\/","name":"Czat incognito z czatem wideo na TinyChat.com","isPartOf":{"@id":"https:\/\/tinychat.com\/#website"},"datePublished":"2025-08-07T08:14:49+00:00","dateModified":"2025-08-07T09:00:11+00:00","description":"Korzystasz z czatu incognito? Do\u0142\u0105cz do ponad 50 000 000 nieznajomych na TinyChat! W\u0142\u0105cz kamer\u0119 i zacznij poznawa\u0107 nowych ludzi lub znajd\u017a partnera.","breadcrumb":{"@id":"https:\/\/tinychat.com\/incognito-chat\/#breadcrumb"},"inLanguage":"pl-PL","potentialAction":[{"@type":"ReadAction","target":["https:\/\/tinychat.com\/incognito-chat\/"]}]},{"@type":"BreadcrumbList","@id":"https:\/\/tinychat.com\/incognito-chat\/#breadcrumb","itemListElement":[{"@type":"ListItem","position":1,"name":"Home","item":"https:\/\/tinychat.com\/"},{"@type":"ListItem","position":2,"name":"Incognito Chat"}]},{"@type":"WebSite","@id":"https:\/\/tinychat.com\/#website","url":"https:\/\/tinychat.com\/","name":"TinyChat","description":"Losowy czat wideo z nieznajomymi","publisher":{"@id":"https:\/\/tinychat.com\/#organization"},"alternateName":"TinyChat.com","potentialAction":[{"@type":"SearchAction","target":{"@type":"EntryPoint","urlTemplate":"https:\/\/tinychat.com\/?s={search_term_string}"},"query-input":{"@type":"PropertyValueSpecification","valueRequired":true,"valueName":"search_term_string"}}],"inLanguage":"pl-PL"},{"@type":"Organization","@id":"https:\/\/tinychat.com\/#organization","name":"TinyChat","alternateName":"TinyChat.com","url":"https:\/\/tinychat.com\/","logo":{"@type":"ImageObject","inLanguage":"pl-PL","@id":"https:\/\/tinychat.com\/#\/schema\/logo\/image\/","url":"https:\/\/tinychat.com\/wp-content\/uploads\/2023\/11\/Tinychat-icon-square.png","contentUrl":"https:\/\/tinychat.com\/wp-content\/uploads\/2023\/11\/Tinychat-icon-square.png","width":284,"height":284,"caption":"TinyChat"},"image":{"@id":"https:\/\/tinychat.com\/#\/schema\/logo\/image\/"},"sameAs":["https:\/\/www.facebook.com\/tinychat","https:\/\/x.com\/tinychat"]}]}},"_links":{"self":[{"href":"https:\/\/tinychat.com\/pl\/wp-json\/wp\/v2\/pages\/12724","targetHints":{"allow":["GET"]}}],"collection":[{"href":"https:\/\/tinychat.com\/pl\/wp-json\/wp\/v2\/pages"}],"about":[{"href":"https:\/\/tinychat.com\/pl\/wp-json\/wp\/v2\/types\/page"}],"author":[{"embeddable":true,"href":"https:\/\/tinychat.com\/pl\/wp-json\/wp\/v2\/users\/8"}],"replies":[{"embeddable":true,"href":"https:\/\/tinychat.com\/pl\/wp-json\/wp\/v2\/comments?post=12724"}],"version-history":[{"count":2,"href":"https:\/\/tinychat.com\/pl\/wp-json\/wp\/v2\/pages\/12724\/revisions"}],"predecessor-version":[{"id":13418,"href":"https:\/\/tinychat.com\/pl\/wp-json\/wp\/v2\/pages\/12724\/revisions\/13418"}],"wp:attachment":[{"href":"https:\/\/tinychat.com\/pl\/wp-json\/wp\/v2\/media?parent=12724"}],"curies":[{"name":"wp","href":"https:\/\/api.w.org\/{rel}","templated":true}]}}