{"id":12812,"date":"2025-07-21T11:45:21","date_gmt":"2025-07-21T09:45:21","guid":{"rendered":"https:\/\/tinychat.com\/?page_id=12812"},"modified":"2025-07-21T12:55:21","modified_gmt":"2025-07-21T10:55:21","slug":"chatmatch","status":"publish","type":"page","link":"https:\/\/tinychat.com\/pl\/chatmatch\/","title":{"rendered":"ChatMatch"},"content":{"rendered":"<p>W cyfrowym krajobrazie zat\u0142oczonym aplikacjami spo\u0142eczno\u015bciowymi, platformami randkowymi i witrynami do rozm\u00f3w wideo, ChatMatch szybko staje si\u0119 zaufan\u0105 alternatyw\u0105 dla ka\u017cdego, kto szuka znacz\u0105cych, spontanicznych i bezpiecznych rozm\u00f3w online. Niezale\u017cnie od tego, czy chcesz nawi\u0105za\u0107 nowe znajomo\u015bci, po\u0107wiczy\u0107 j\u0119zyk, poflirtowa\u0107, czy po prostu prze\u0142ama\u0107 monotoni\u0119 dnia, ChatMatch oferuje losowe czaty nowej generacji - \u0142\u0105cz\u0105c to, co najlepsze z Omegle, Chatroulette i nowszych platform czatowych, a wszystko to w nowoczesnym wydaniu.<\/p>\n<p>ChatMatch to co\u015b wi\u0119cej ni\u017c kolejna strona z czatami typu \"ruletka\". To globalna spo\u0142eczno\u015b\u0107 zaprojektowana z my\u015bl\u0105 o natychmiastowych, anonimowych rozmowach wideo lub tekstowych, inteligentnym filtrowaniu i solidnych funkcjach bezpiecze\u0144stwa. Bez pobierania, z szybkim dopasowywaniem i prywatno\u015bci\u0105, ChatMatch jest tutaj, aby pom\u00f3c Ci odkry\u0107 \u015bwiat po\u0142\u0105cze\u0144 w czasie rzeczywistym - jedno klikni\u0119cie na raz.<\/p>\n<p>Ten przewodnik obejmuje wszystko, co musisz wiedzie\u0107 o ChatMatch: jak dzia\u0142a, kluczowe funkcje, wra\u017cenia u\u017cytkownika, bezpiecze\u0144stwo, por\u00f3wnania z najlepszymi alternatywami, rozwi\u0105zywanie problem\u00f3w i profesjonalne wskaz\u00f3wki, kt\u00f3re pomog\u0105 Ci jak najlepiej wykorzysta\u0107 ka\u017cdy czat.<\/p>\n<h2>Czym jest ChatMatch?<\/h2>\n<p>ChatMatch to platforma do losowych rozm\u00f3w wideo i tekstowych, kt\u00f3ra umo\u017cliwia natychmiastowe nawi\u0105zywanie kontakt\u00f3w z nieznajomymi na ca\u0142ym \u015bwiecie. Podobnie jak w przypadku klasycznych aplikacji do ruletki czatowej, nie jest wymagana rejestracja - wystarczy otworzy\u0107 witryn\u0119, przyzna\u0107 dost\u0119p do kamery \/ mikrofonu (w przypadku wideo) i w ci\u0105gu kilku sekund zostaniesz dopasowany do kogo\u015b nowego.<\/p>\n<p>To, co wyr\u00f3\u017cnia ChatMatch, to skupienie si\u0119 zar\u00f3wno na bezpiecze\u0144stwie, jak i inteligentnym dopasowywaniu. Dzi\u0119ki inteligentnym filtrom, moderacji na \u017cywo i eleganckiemu, przyjaznemu dla urz\u0105dze\u0144 mobilnych interfejsowi, ChatMatch \u0142\u0105czy spontaniczno\u015b\u0107 z wygod\u0105, pozwalaj\u0105c ci poznawa\u0107 ludzi na ca\u0142ym \u015bwiecie lub bli\u017cej domu - zawsze na twoich warunkach.<\/p>\n<p>Niezale\u017cnie od tego, czy chcesz pozna\u0107 nowego przyjaciela, cieszy\u0107 si\u0119 zabawnym czatem, znale\u017a\u0107 partnera j\u0119zykowego, czy nawet natkn\u0105\u0107 si\u0119 na romans, ChatMatch zapewnia prost\u0105, bezpieczn\u0105 i zorientowan\u0105 na u\u017cytkownika przestrze\u0144, aby to si\u0119 sta\u0142o.<\/p>\n<h2>Kluczowe cechy ChatMatch<\/h2>\n<p>ChatMatch jest pe\u0142en funkcji zaprojektowanych z my\u015bl\u0105 o szybkim, bezpiecznym i przyjemnym czacie online. Oto, co j\u0105 wyr\u00f3\u017cnia:<\/p>\n<h3>1. Czat wideo lub tekstowy jednym klikni\u0119ciem<\/h3>\n<p>Nie jest wymagana rejestracja - wystarczy odwiedzi\u0107 ChatMatch, wybra\u0107 wideo lub tekst, a natychmiast zostaniesz sparowany z przypadkowym nieznajomym. Platforma dzia\u0142a na r\u00f3\u017cnych urz\u0105dzeniach (komputer stacjonarny, tablet, telefon kom\u00f3rkowy), ma responsywny wygl\u0105d i szybkie po\u0142\u0105czenie.<\/p>\n<h3>2. Inteligentne filtry (p\u0142e\u0107, region, j\u0119zyk)<\/h3>\n<p>Chcesz mie\u0107 wi\u0119ksz\u0105 kontrol\u0119? ChatMatch pozwala filtrowa\u0107 dopasowania wed\u0142ug p\u0142ci, kraju i j\u0119zyka (niekt\u00f3re funkcje mog\u0105 wymaga\u0107 aktualizacji premium). Jest to idealne rozwi\u0105zanie dla tych, kt\u00f3rzy chc\u0105:<\/p>\n<ul>\n<li>\u0106wiczenie nowego j\u0119zyka<\/li>\n<li>Poznawanie ludzi z okre\u015blonego regionu lub kultury<\/li>\n<li>Czat tylko z m\u0119\u017cczyznami, kobietami lub u\u017cytkownikami niebinarnymi<\/li>\n<\/ul>\n<h3>3. Anonimowy i prywatny<\/h3>\n<p>Twoja prywatno\u015b\u0107 jest najwa\u017cniejsza. ChatMatch nie wymaga tworzenia konta, przesy\u0142ania zdj\u0119cia profilowego ani udost\u0119pniania danych osobowych. Wszystkie rozmowy s\u0105 prywatne i nie s\u0105 nagrywane, dzi\u0119ki czemu masz pe\u0142n\u0105 kontrol\u0119 nad tym, co ujawniasz.<\/p>\n<h3>4. Szybka funkcja \"Dalej\"<\/h3>\n<p>Nie masz ochoty na rozmow\u0119? Po prostu naci\u015bnij \"Dalej\", aby natychmiast dopasowa\u0107 si\u0119 do kogo\u015b nowego - bez czekania, bez k\u0142opot\u00f3w.<\/p>\n<h3>5. Nowoczesny, mobilny design<\/h3>\n<p>ChatMatch zosta\u0142 stworzony do u\u017cytku na dowolnym urz\u0105dzeniu - dzia\u0142a doskonale zar\u00f3wno na przegl\u0105darkach stacjonarnych, jak i smartfonach\/tabletach, z adaptacyjnym interfejsem, kt\u00f3ry utrzymuje p\u0142ynno\u015b\u0107 czatu wideo i tekstowego na wszystkich rozmiarach ekranu.<\/p>\n<h3>6. T\u0142umaczenie na czacie<\/h3>\n<p>Prze\u0142am bariery j\u0119zykowe! ChatMatch oferuje narz\u0119dzia do t\u0142umaczenia w czasie rzeczywistym, dzi\u0119ki czemu mo\u017cesz rozmawia\u0107 z u\u017cytkownikami z dowolnego kraju, niezale\u017cnie od Twoich umiej\u0119tno\u015bci j\u0119zykowych.<\/p>\n<h3>7. Bezpieczna spo\u0142eczno\u015b\u0107 i moderacja<\/h3>\n<p>ChatMatch u\u017cywa kombinacji:<\/p>\n<ul>\n<li>Zautomatyzowana moderacja AI w celu odfiltrowania nago\u015bci i nadu\u017cy\u0107<\/li>\n<li>Moderatorzy na \u017cywo dost\u0119pni 24\/7<\/li>\n<li>Funkcje raportowania i blokowania u\u017cytkownika w celu szybkiego reagowania na nieodpowiednie zachowanie<\/li>\n<\/ul>\n<h3>8. Udost\u0119pnianie tekstu i obraz\u00f3w (moderowane)<\/h3>\n<p>Opr\u00f3cz wideo na \u017cywo i tekstu, ChatMatch umo\u017cliwia bezpieczne udost\u0119pnianie obraz\u00f3w (z zastrze\u017ceniem moderacji), dzi\u0119ki czemu rozmowy s\u0105 bardziej anga\u017cuj\u0105ce - bez po\u015bwi\u0119cania bezpiecze\u0144stwa.<\/p>\n<h3>9. Opcjonalny system kont<\/h3>\n<p>Wolisz zapisa\u0107 ulubione kontakty, uzyska\u0107 dost\u0119p do zaawansowanych filtr\u00f3w lub utworzy\u0107 list\u0119 znajomych? Mo\u017cesz opcjonalnie zarejestrowa\u0107 si\u0119 (podaj\u0105c minimalne informacje), aby uzyska\u0107 dodatkowe funkcje, ale nigdy nie jest to wymagane.<\/p>\n<h2>Jak korzysta\u0107 z ChatMatch<\/h2>\n<p>Rozpocz\u0119cie korzystania z ChatMatch jest \u0142atwe i szybkie - oto przewodnik krok po kroku:<\/p>\n<h3>Krok 1: Odwied\u017a stron\u0119 ChatMatch<\/h3>\n<p>Otw\u00f3rz przegl\u0105dark\u0119 i przejd\u017a do strony chatmatch.com lub regionalnej domeny ChatMatch.<\/p>\n<h3>Krok 2: Wybierz czat wideo lub tekstowy<\/h3>\n<p>Wybierz preferowany tryb:<\/p>\n<ul>\n<li>Czat wideo: Po wy\u015bwietleniu monitu w\u0142\u0105cz kamer\u0119\/mikrofon.<\/li>\n<li>Czat tekstowy: Nie wymaga kamery - wystarczy pisa\u0107 i rozmawia\u0107.<\/li>\n<\/ul>\n<h3>Krok 3: Ustaw filtry (opcjonalnie)<\/h3>\n<p>Filtruj dopasowania wed\u0142ug p\u0142ci, kraju lub j\u0119zyka, aby uzyska\u0107 bardziej dopasowane wra\u017cenia. Niekt\u00f3re zaawansowane filtry mog\u0105 wymaga\u0107 utworzenia konta lub niewielkiej op\u0142aty.<\/p>\n<h3>Krok 4: Kliknij \"Start\" lub \"Po\u0142\u0105cz\"<\/h3>\n<p>Zostaniesz natychmiast dopasowany do nieznajomego. Przywitaj si\u0119 i rozpocznij rozmow\u0119!<\/p>\n<h3>Krok 5: U\u017cyj \"Dalej\", aby pomin\u0105\u0107<\/h3>\n<p>Nie pasujesz? Kliknij \"Dalej\", aby znale\u017a\u0107 nowego partnera do czatu. Mo\u017cesz to robi\u0107 tak cz\u0119sto, jak chcesz.<\/p>\n<h3>Krok 6: Korzystanie z funkcji t\u0142umaczenia, udost\u0119pniania obraz\u00f3w lub zapisywania znajomych (opcjonalnie)<\/h3>\n<p>Wypr\u00f3buj t\u0142umaczenie na \u017cywo, wysy\u0142aj bezpieczne obrazy lub zapisuj u\u017cytkownik\u00f3w jako znajomych, je\u015bli zarejestrowa\u0142e\u015b konto.<\/p>\n<h3>Krok 7: Zg\u0142o\u015b lub zablokuj (w razie potrzeby)<\/h3>\n<p>Widzisz nieodpowiednie zachowanie? U\u017cyj przycisku zg\u0142aszania\/blokowania - moderatorzy s\u0105 zawsze gotowi do pomocy.<\/p>\n<h2>Do\u015bwiadczenie u\u017cytkownika w ChatMatch<\/h2>\n<p>ChatMatch zosta\u0142 zaprojektowany z my\u015bl\u0105 o szybko\u015bci, bezpiecze\u0144stwie i zaskoczeniu. Oto, co doceniaj\u0105 u\u017cytkownicy:<\/p>\n<h3>Co kochaj\u0105 u\u017cytkownicy<\/h3>\n<ul>\n<li>Zero rejestracji, natychmiastowy czat: Najszybszy spos\u00f3b na poznanie kogo\u015b nowego<\/li>\n<li>Nowoczesny wygl\u0105d: Bez ba\u0142aganu, reklam i op\u00f3\u017anie\u0144 - czysta rozmowa<\/li>\n<li>Globalna baza u\u017cytkownik\u00f3w: Poznawaj ludzi z ka\u017cdego kontynentu, 24\/7<\/li>\n<li>Wyb\u00f3r czatu wideo lub tekstowego<\/li>\n<li>Inteligentne filtry i t\u0142umaczenie na \u017cywo<\/li>\n<li>Anonimowo\u015b\u0107: Nie jest wymagany profil, brak \u015bledzenia, wszystko prywatne<\/li>\n<li>Responsywny na urz\u0105dzeniach mobilnych: Idealny do czatowania w podr\u00f3\u017cy<\/li>\n<\/ul>\n<h3>Czego \u017cycz\u0105 sobie u\u017cytkownicy<\/h3>\n<ul>\n<li>Niekt\u00f3re filtry i opcje premium wymagaj\u0105 p\u0142atno\u015bci (normalne dla zaawansowanych witryn czatu).<\/li>\n<li>Nie ma jeszcze pokoj\u00f3w grupowych ani tematycznych (pojawi\u0105 si\u0119 w przysz\u0142ych aktualizacjach).<\/li>\n<li>Podobnie jak w przypadku wszystkich platform czatowych, od czasu do czasu pojawiaj\u0105 si\u0119 trolle (szybko banowane przez moderacj\u0119).<\/li>\n<li>Wci\u0105gaj\u0105ce - mo\u017cesz sp\u0119dzi\u0107 godziny na czacie, nie zdaj\u0105c sobie z tego sprawy!<\/li>\n<\/ul>\n<h3>Prawdziwe recenzje u\u017cytkownik\u00f3w<\/h3>\n<blockquote><p>\"O wiele bezpieczniejszy i p\u0142ynniejszy ni\u017c stary Omegle. Podoba mi si\u0119, \u017ce nie musz\u0119 si\u0119 rejestrowa\u0107, a narz\u0119dzie do t\u0142umaczenia jest fajne\".<br \/>\n- <em>Jessica L., Trustpilot<\/em><\/p><\/blockquote>\n<blockquote><p>\"Uwielbiam interfejs mobilny - \u015bwietny do poznawania ludzi z innych kraj\u00f3w, gdy si\u0119 nudz\u0119\".<br \/>\n- <em>Andre M., Google Play<\/em><\/p><\/blockquote>\n<blockquote><p>\"U\u017cywam go do wymiany j\u0119zykowej. Filtry kraju i j\u0119zyka dzia\u0142aj\u0105 naprawd\u0119 dobrze\".<br \/>\n- <em>Mei S., App Store<\/em><\/p><\/blockquote>\n<h2>ChatMatch vs. inne platformy losowych czat\u00f3w wideo<\/h2>\n<p>Jak wypada ChatMatch w por\u00f3wnaniu z najlepszymi obecnie serwisami do wideorozm\u00f3w?<\/p>\n<table>\n<thead>\n<tr>\n<th>Cecha<\/th>\n<th>ChatMatch<\/th>\n<th>Omegle<\/th>\n<th>Omegla<\/th>\n<th>Chatroulette<\/th>\n<th>Chatrandom<\/th>\n<th>Funyo<\/th>\n<th>HOLLA<\/th>\n<th>LivU<\/th>\n<\/tr>\n<\/thead>\n<tbody>\n<tr>\n<td>Rejestracja nie jest wymagana<\/td>\n<td>Tak<\/td>\n<td>Tak<\/td>\n<td>Tak<\/td>\n<td>Tak<\/td>\n<td>Tak<\/td>\n<td>Tak<\/td>\n<td>Tak<\/td>\n<td>Tak<\/td>\n<\/tr>\n<tr>\n<td>Czat tekstowy i wideo<\/td>\n<td>Oba<\/td>\n<td>Oba<\/td>\n<td>Oba<\/td>\n<td>Oba<\/td>\n<td>Oba<\/td>\n<td>Oba<\/td>\n<td>Oba<\/td>\n<td>Oba<\/td>\n<\/tr>\n<tr>\n<td>Filtr p\u0142ci\/kraju<\/td>\n<td>Tak*<\/td>\n<td>\u26a0\ufe0f Limited<\/td>\n<td>Tak*<\/td>\n<td>Tak<\/td>\n<td>Tak<\/td>\n<td>Tak<\/td>\n<td>Tak<\/td>\n<td>Tak<\/td>\n<\/tr>\n<tr>\n<td>Zoptymalizowany pod k\u0105tem urz\u0105dze\u0144 mobilnych<\/td>\n<td>Tak<\/td>\n<td>\u26a0\ufe0f Mieszane<\/td>\n<td>Tak<\/td>\n<td>Tak<\/td>\n<td>Tak<\/td>\n<td>Tak<\/td>\n<td>Tak<\/td>\n<td>Tak<\/td>\n<\/tr>\n<tr>\n<td>Moderacja na \u017cywo\/Bezpiecze\u0144stwo<\/td>\n<td>Silny<\/td>\n<td>\u26a0\ufe0f Limited<\/td>\n<td>Silny<\/td>\n<td>\u26a0\ufe0f Limited<\/td>\n<td>Tak<\/td>\n<td>Tak<\/td>\n<td>Silny<\/td>\n<td>Silny<\/td>\n<\/tr>\n<tr>\n<td>T\u0142umaczenie na czacie<\/td>\n<td>Tak<\/td>\n<td>Nie<\/td>\n<td>Wkr\u00f3tce<\/td>\n<td>Nie<\/td>\n<td>Nie<\/td>\n<td>Nie<\/td>\n<td>Tak<\/td>\n<td>Tak<\/td>\n<\/tr>\n<tr>\n<td>Konta opcjonalne<\/td>\n<td>Tak<\/td>\n<td>Nie<\/td>\n<td>Nie<\/td>\n<td>Nie<\/td>\n<td>Tak<\/td>\n<td>Tak<\/td>\n<td>Tak<\/td>\n<td>Tak<\/td>\n<\/tr>\n<tr>\n<td>Udost\u0119pnianie obrazu<\/td>\n<td>Tak<\/td>\n<td>Nie<\/td>\n<td>Nie<\/td>\n<td>Nie<\/td>\n<td>Tak<\/td>\n<td>Nie<\/td>\n<td>Tak<\/td>\n<td>Tak<\/td>\n<\/tr>\n<\/tbody>\n<\/table>\n<p>*Niekt\u00f3re zaawansowane filtry lub t\u0142umaczenia mog\u0105 wymaga\u0107 p\u0142atnego planu.<\/p>\n<p>Podsumowanie: ChatMatch wyr\u00f3\u017cnia si\u0119 b\u0142yskawicznym, anonimowym i wysoce konfigurowalnym czatem, z doskona\u0142ymi narz\u0119dziami do moderacji i t\u0142umaczenia, zapewniaj\u0105cymi prawdziwie globalny zasi\u0119g.<\/p>\n<h2>Czy ChatMatch jest bezpieczny?<\/h2>\n<p>ChatMatch stawia bezpiecze\u0144stwo u\u017cytkownik\u00f3w w centrum swojej platformy:<\/p>\n<ul>\n<li>Moderacja oparta na sztucznej inteligencji: Skanuje w poszukiwaniu nago\u015bci, spamu lub obra\u017aliwych zachowa\u0144 w czasie rzeczywistym.<\/li>\n<li>\u017bywi moderatorzy: Szybko sprawdzaj\u0105 i banuj\u0105 u\u017cytkownik\u00f3w, kt\u00f3rzy \u0142ami\u0105 zasady.<\/li>\n<li>Przyciski zg\u0142aszania i blokowania: Zawsze widoczne na czacie.<\/li>\n<li>Nie s\u0105 wymagane \u017cadne dane osobowe: Zachowaj pe\u0142n\u0105 anonimowo\u015b\u0107, chyba \u017ce zdecydujesz si\u0119 udost\u0119pni\u0107 wi\u0119cej informacji.<\/li>\n<li>Prywatne czaty jeden na jednego: Brak historii grupowej lub publicznej.<\/li>\n<\/ul>\n<h3>Wskaz\u00f3wki bezpiecze\u0144stwa dla u\u017cytkownik\u00f3w ChatMatch<\/h3>\n<ul>\n<li>Nigdy nie udost\u0119pniaj swojego prawdziwego imienia i nazwiska, adresu, numeru telefonu ani innych prywatnych informacji.<\/li>\n<li>Zg\u0142aszaj lub blokuj ka\u017cdego, kto sprawia, \u017ce czujesz si\u0119 niekomfortowo.<\/li>\n<li>U\u017cywaj pseudonimu i udost\u0119pniaj tylko te szczeg\u00f3\u0142y, z kt\u00f3rymi czujesz si\u0119 komfortowo.<\/li>\n<li>Uwa\u017caj na ka\u017cdego, kto pr\u00f3buje szybko przenie\u015b\u0107 czat poza platform\u0119.<\/li>\n<li>Pami\u0119taj: mo\u017cesz zako\u0144czy\u0107 rozmow\u0119 i wybra\u0107 opcj\u0119 \"Dalej\" w dowolnym momencie.<\/li>\n<\/ul>\n<h2>Wskaz\u00f3wki dotycz\u0105ce korzystania z ChatMatch<\/h2>\n<ul>\n<li>Zacznij od przyjaznego powitania: Ludzie lepiej reaguj\u0105 na pozytywn\u0105 energi\u0119.<\/li>\n<li>Wypr\u00f3buj wiele p\u00f3r dnia: Baza u\u017cytkownik\u00f3w jest globalna; poranki i wieczory przynosz\u0105 nowe mecze.<\/li>\n<li>U\u017cyj filtr\u00f3w j\u0119zykowych: Idealny dla os\u00f3b ucz\u0105cych si\u0119 j\u0119zyka lub emigrant\u00f3w poszukuj\u0105cych rodzimych u\u017cytkownik\u00f3w j\u0119zyka.<\/li>\n<li>Wysy\u0142anie obraz\u00f3w (je\u015bli s\u0105 dost\u0119pne): Bezpieczny spos\u00f3b udost\u0119pniania mem\u00f3w, dzie\u0142 sztuki lub \u017cart\u00f3w - podlega moderacji.<\/li>\n<li>Nie wahaj si\u0119 zg\u0142asza\u0107 lub blokowa\u0107: Pom\u00f3\u017c spo\u0142eczno\u015bci zachowa\u0107 szacunek dla wszystkich.<\/li>\n<li>U\u017cywaj w podr\u00f3\u017cy: Interfejs mobilny sprawia, \u017ce czatowanie z dowolnego miejsca jest \u0142atwe i przyjemne.<\/li>\n<li>Zarejestruj si\u0119 dla dodatk\u00f3w: Je\u015bli cz\u0119sto korzystasz z ChatMatch, utw\u00f3rz darmowe konto, aby uzyska\u0107 wi\u0119cej funkcji.<\/li>\n<\/ul>\n<h2>Rozwi\u0105zywanie typowych problem\u00f3w z ChatMatch<\/h2>\n<h3>Nie dzia\u0142a kamera lub mikrofon<\/h3>\n<p>Sprawd\u017a uprawnienia przegl\u0105darki, zamknij inne aplikacje aparatu, uruchom ponownie przegl\u0105dark\u0119 i spr\u00f3buj ponownie.<\/p>\n<h3>Po\u0142\u0105czenie jest wolne lub zrywa si\u0119<\/h3>\n<p>U\u017cyj silnego po\u0142\u0105czenia Wi-Fi, zamknij aplikacje\/zak\u0142adki dzia\u0142aj\u0105ce w tle i od\u015bwie\u017c stron\u0119.<\/p>\n<h3>Filtry nie dzia\u0142aj\u0105<\/h3>\n<p>Niekt\u00f3re filtry wymagaj\u0105 konta lub p\u0142atnego planu. Upewnij si\u0119, \u017ce jeste\u015b zalogowany lub w razie potrzeby dokonaj aktualizacji.<\/p>\n<h3>Napotykanie nieuczciwych u\u017cytkownik\u00f3w<\/h3>\n<p>U\u017cyj przycisk\u00f3w zg\u0142aszania\/blokowania. Moderatorzy szybko je sprawdz\u0105 i podejm\u0105 odpowiednie dzia\u0142ania.<\/p>\n<h3>T\u0142umaczenie nie dzia\u0142a<\/h3>\n<p>Od\u015bwie\u017c, sprawd\u017a po\u0142\u0105czenie internetowe lub skontaktuj si\u0119 z pomoc\u0105 techniczn\u0105. Niekt\u00f3re funkcje t\u0142umaczenia mog\u0105 wymaga\u0107 aktualizacji.<\/p>\n<p>Absolutnie - zw\u0142aszcza dla ka\u017cdego, kto szuka nowoczesnej, szybkiej i bezpiecznej alternatywy dla klasycznych stron z losowymi czatami. ChatMatch \u0142\u0105czy w sobie natychmiastowy dreszczyk emocji zwi\u0105zany z rozmow\u0105 z nieznajomymi z najlepszymi obecnie funkcjami bezpiecze\u0144stwa, prywatno\u015bci i personalizacji.<\/p>\n<p>Niezale\u017cnie od tego, czy chodzi o przyja\u017a\u0144, wymian\u0119 j\u0119zykow\u0105, flirt, czy po prostu globaln\u0105 rozmow\u0119, ChatMatch sprawia, \u017ce jest to proste, anonimowe i naprawd\u0119 zabawne. Bez pobierania, bez rejestracji (chyba \u017ce chcesz) i przyjazna, rozwijaj\u0105ca si\u0119 spo\u0142eczno\u015b\u0107 na wyci\u0105gni\u0119cie r\u0119ki.<\/p>\n<p>Gotowy, by zacz\u0105\u0107? Odwied\u017a chatmatch.com, wybierz wideo lub tekst i w kilka sekund poznaj kolejn\u0105 \u015bwietn\u0105 osob\u0119.<\/p>","protected":false},"excerpt":{"rendered":"<p>In a digital landscape crowded with social apps, dating platforms, and video chat sites, ChatMatch is quickly emerging as a trusted alternative for anyone seeking meaningful, spontaneous, and safe online conversations. Whether you want to make new friends, practice a language, flirt, or just break the monotony of your day, ChatMatch offers a next-generation random [&hellip;]<\/p>\n","protected":false},"author":6,"featured_media":0,"parent":0,"menu_order":0,"comment_status":"closed","ping_status":"closed","template":"","meta":{"footnotes":""},"class_list":["post-12812","page","type-page","status-publish","hentry"],"yoast_head":"<!-- This site is optimized with the Yoast SEO plugin v27.4 - https:\/\/yoast.com\/product\/yoast-seo-wordpress\/ -->\n<title>ChatMatch - Fun Random Video Chat to Meet Girls - TinyChat.com<\/title>\n<meta name=\"description\" content=\"Enjoying ChatMatch? Join over 50,000,000 strangers on TinyChat! Turn on your cam and start meeting new people, or find a match.\" \/>\n<meta name=\"robots\" content=\"index, follow, max-snippet:-1, max-image-preview:large, max-video-preview:-1\" \/>\n<link rel=\"canonical\" href=\"https:\/\/tinychat.com\/pl\/chatmatch\/\" \/>\n<meta property=\"og:locale\" content=\"pl_PL\" \/>\n<meta property=\"og:type\" content=\"article\" \/>\n<meta property=\"og:title\" content=\"ChatMatch - Fun Random Video Chat to Meet Girls - TinyChat.com\" \/>\n<meta property=\"og:description\" content=\"Enjoying ChatMatch? Join over 50,000,000 strangers on TinyChat! Turn on your cam and start meeting new people, or find a match.\" \/>\n<meta property=\"og:url\" content=\"https:\/\/tinychat.com\/pl\/chatmatch\/\" \/>\n<meta property=\"og:site_name\" content=\"TinyChat\" \/>\n<meta property=\"article:publisher\" content=\"https:\/\/www.facebook.com\/tinychat\" \/>\n<meta property=\"article:modified_time\" content=\"2025-07-21T10:55:21+00:00\" \/>\n<meta property=\"og:image\" content=\"https:\/\/tinychat.com\/wp-content\/uploads\/2020\/04\/Tinychat-logo-1280x284-new-black.png\" \/>\n\t<meta property=\"og:image:width\" content=\"1280\" \/>\n\t<meta property=\"og:image:height\" content=\"284\" \/>\n\t<meta property=\"og:image:type\" content=\"image\/png\" \/>\n<meta name=\"twitter:card\" content=\"summary_large_image\" \/>\n<meta name=\"twitter:site\" content=\"@tinychat\" \/>\n<meta name=\"twitter:label1\" content=\"Szacowany czas czytania\" \/>\n\t<meta name=\"twitter:data1\" content=\"7 minut\" \/>\n<script type=\"application\/ld+json\" class=\"yoast-schema-graph\">{\"@context\":\"https:\\\/\\\/schema.org\",\"@graph\":[{\"@type\":\"WebPage\",\"@id\":\"https:\\\/\\\/tinychat.com\\\/chatmatch\\\/\",\"url\":\"https:\\\/\\\/tinychat.com\\\/chatmatch\\\/\",\"name\":\"ChatMatch - Fun Random Video Chat to Meet Girls - TinyChat.com\",\"isPartOf\":{\"@id\":\"https:\\\/\\\/tinychat.com\\\/#website\"},\"datePublished\":\"2025-07-21T09:45:21+00:00\",\"dateModified\":\"2025-07-21T10:55:21+00:00\",\"description\":\"Enjoying ChatMatch? Join over 50,000,000 strangers on TinyChat! Turn on your cam and start meeting new people, or find a match.\",\"breadcrumb\":{\"@id\":\"https:\\\/\\\/tinychat.com\\\/chatmatch\\\/#breadcrumb\"},\"inLanguage\":\"pl-PL\",\"potentialAction\":[{\"@type\":\"ReadAction\",\"target\":[\"https:\\\/\\\/tinychat.com\\\/chatmatch\\\/\"]}]},{\"@type\":\"BreadcrumbList\",\"@id\":\"https:\\\/\\\/tinychat.com\\\/chatmatch\\\/#breadcrumb\",\"itemListElement\":[{\"@type\":\"ListItem\",\"position\":1,\"name\":\"Home\",\"item\":\"https:\\\/\\\/tinychat.com\\\/\"},{\"@type\":\"ListItem\",\"position\":2,\"name\":\"ChatMatch\"}]},{\"@type\":\"WebSite\",\"@id\":\"https:\\\/\\\/tinychat.com\\\/#website\",\"url\":\"https:\\\/\\\/tinychat.com\\\/\",\"name\":\"TinyChat\",\"description\":\"Random Video Chat with Strangers\",\"publisher\":{\"@id\":\"https:\\\/\\\/tinychat.com\\\/#organization\"},\"alternateName\":\"TinyChat.com\",\"potentialAction\":[{\"@type\":\"SearchAction\",\"target\":{\"@type\":\"EntryPoint\",\"urlTemplate\":\"https:\\\/\\\/tinychat.com\\\/?s={search_term_string}\"},\"query-input\":{\"@type\":\"PropertyValueSpecification\",\"valueRequired\":true,\"valueName\":\"search_term_string\"}}],\"inLanguage\":\"pl-PL\"},{\"@type\":\"Organization\",\"@id\":\"https:\\\/\\\/tinychat.com\\\/#organization\",\"name\":\"TinyChat\",\"alternateName\":\"TinyChat.com\",\"url\":\"https:\\\/\\\/tinychat.com\\\/\",\"logo\":{\"@type\":\"ImageObject\",\"inLanguage\":\"pl-PL\",\"@id\":\"https:\\\/\\\/tinychat.com\\\/#\\\/schema\\\/logo\\\/image\\\/\",\"url\":\"https:\\\/\\\/tinychat.com\\\/wp-content\\\/uploads\\\/2023\\\/11\\\/Tinychat-icon-square.png\",\"contentUrl\":\"https:\\\/\\\/tinychat.com\\\/wp-content\\\/uploads\\\/2023\\\/11\\\/Tinychat-icon-square.png\",\"width\":284,\"height\":284,\"caption\":\"TinyChat\"},\"image\":{\"@id\":\"https:\\\/\\\/tinychat.com\\\/#\\\/schema\\\/logo\\\/image\\\/\"},\"sameAs\":[\"https:\\\/\\\/www.facebook.com\\\/tinychat\",\"https:\\\/\\\/x.com\\\/tinychat\"]}]}<\/script>\n<!-- \/ Yoast SEO plugin. -->","yoast_head_json":{"title":"ChatMatch - Zabawny losowy czat wideo, aby pozna\u0107 dziewczyny - TinyChat.com","description":"Korzystasz z ChatMatch? Do\u0142\u0105cz do ponad 50 000 000 nieznajomych na TinyChat! W\u0142\u0105cz kamer\u0119 i zacznij poznawa\u0107 nowych ludzi lub znajd\u017a partnera.","robots":{"index":"index","follow":"follow","max-snippet":"max-snippet:-1","max-image-preview":"max-image-preview:large","max-video-preview":"max-video-preview:-1"},"canonical":"https:\/\/tinychat.com\/pl\/chatmatch\/","og_locale":"pl_PL","og_type":"article","og_title":"ChatMatch - Fun Random Video Chat to Meet Girls - TinyChat.com","og_description":"Enjoying ChatMatch? Join over 50,000,000 strangers on TinyChat! Turn on your cam and start meeting new people, or find a match.","og_url":"https:\/\/tinychat.com\/pl\/chatmatch\/","og_site_name":"TinyChat","article_publisher":"https:\/\/www.facebook.com\/tinychat","article_modified_time":"2025-07-21T10:55:21+00:00","og_image":[{"width":1280,"height":284,"url":"https:\/\/tinychat.com\/wp-content\/uploads\/2020\/04\/Tinychat-logo-1280x284-new-black.png","type":"image\/png"}],"twitter_card":"summary_large_image","twitter_site":"@tinychat","twitter_misc":{"Szacowany czas czytania":"7 minut"},"schema":{"@context":"https:\/\/schema.org","@graph":[{"@type":"WebPage","@id":"https:\/\/tinychat.com\/chatmatch\/","url":"https:\/\/tinychat.com\/chatmatch\/","name":"ChatMatch - Zabawny losowy czat wideo, aby pozna\u0107 dziewczyny - TinyChat.com","isPartOf":{"@id":"https:\/\/tinychat.com\/#website"},"datePublished":"2025-07-21T09:45:21+00:00","dateModified":"2025-07-21T10:55:21+00:00","description":"Korzystasz z ChatMatch? Do\u0142\u0105cz do ponad 50 000 000 nieznajomych na TinyChat! W\u0142\u0105cz kamer\u0119 i zacznij poznawa\u0107 nowych ludzi lub znajd\u017a partnera.","breadcrumb":{"@id":"https:\/\/tinychat.com\/chatmatch\/#breadcrumb"},"inLanguage":"pl-PL","potentialAction":[{"@type":"ReadAction","target":["https:\/\/tinychat.com\/chatmatch\/"]}]},{"@type":"BreadcrumbList","@id":"https:\/\/tinychat.com\/chatmatch\/#breadcrumb","itemListElement":[{"@type":"ListItem","position":1,"name":"Home","item":"https:\/\/tinychat.com\/"},{"@type":"ListItem","position":2,"name":"ChatMatch"}]},{"@type":"WebSite","@id":"https:\/\/tinychat.com\/#website","url":"https:\/\/tinychat.com\/","name":"TinyChat","description":"Losowy czat wideo z nieznajomymi","publisher":{"@id":"https:\/\/tinychat.com\/#organization"},"alternateName":"TinyChat.com","potentialAction":[{"@type":"SearchAction","target":{"@type":"EntryPoint","urlTemplate":"https:\/\/tinychat.com\/?s={search_term_string}"},"query-input":{"@type":"PropertyValueSpecification","valueRequired":true,"valueName":"search_term_string"}}],"inLanguage":"pl-PL"},{"@type":"Organization","@id":"https:\/\/tinychat.com\/#organization","name":"TinyChat","alternateName":"TinyChat.com","url":"https:\/\/tinychat.com\/","logo":{"@type":"ImageObject","inLanguage":"pl-PL","@id":"https:\/\/tinychat.com\/#\/schema\/logo\/image\/","url":"https:\/\/tinychat.com\/wp-content\/uploads\/2023\/11\/Tinychat-icon-square.png","contentUrl":"https:\/\/tinychat.com\/wp-content\/uploads\/2023\/11\/Tinychat-icon-square.png","width":284,"height":284,"caption":"TinyChat"},"image":{"@id":"https:\/\/tinychat.com\/#\/schema\/logo\/image\/"},"sameAs":["https:\/\/www.facebook.com\/tinychat","https:\/\/x.com\/tinychat"]}]}},"_links":{"self":[{"href":"https:\/\/tinychat.com\/pl\/wp-json\/wp\/v2\/pages\/12812","targetHints":{"allow":["GET"]}}],"collection":[{"href":"https:\/\/tinychat.com\/pl\/wp-json\/wp\/v2\/pages"}],"about":[{"href":"https:\/\/tinychat.com\/pl\/wp-json\/wp\/v2\/types\/page"}],"author":[{"embeddable":true,"href":"https:\/\/tinychat.com\/pl\/wp-json\/wp\/v2\/users\/6"}],"replies":[{"embeddable":true,"href":"https:\/\/tinychat.com\/pl\/wp-json\/wp\/v2\/comments?post=12812"}],"version-history":[{"count":3,"href":"https:\/\/tinychat.com\/pl\/wp-json\/wp\/v2\/pages\/12812\/revisions"}],"predecessor-version":[{"id":13344,"href":"https:\/\/tinychat.com\/pl\/wp-json\/wp\/v2\/pages\/12812\/revisions\/13344"}],"wp:attachment":[{"href":"https:\/\/tinychat.com\/pl\/wp-json\/wp\/v2\/media?parent=12812"}],"curies":[{"name":"wp","href":"https:\/\/api.w.org\/{rel}","templated":true}]}}