{"id":12823,"date":"2025-09-29T10:41:55","date_gmt":"2025-09-29T08:41:55","guid":{"rendered":"https:\/\/tinychat.com\/?page_id=12823"},"modified":"2025-09-29T12:39:34","modified_gmt":"2025-09-29T10:39:34","slug":"bigo","status":"publish","type":"page","link":"https:\/\/tinychat.com\/pl\/bigo\/","title":{"rendered":"Bigo"},"content":{"rendered":"<p>Internet zmieni\u0142 spos\u00f3b, w jaki ludzie si\u0119 komunikuj\u0105, przechodz\u0105c od wiadomo\u015bci tekstowych jeden na jednego i czat\u00f3w grupowych do ery transmisji na \u017cywo i po\u0142\u0105cze\u0144 wideo w czasie rzeczywistym. Podczas gdy platformy takie jak Omegle i Chatroulette by\u0142y pionierami koncepcji przypadkowych spotka\u0144, inne rozwin\u0119\u0142y to do\u015bwiadczenie w co\u015b wi\u0119kszego i bardziej spo\u0142ecznego. Bigo Live, cz\u0119sto nazywane po prostu Bigo, wyr\u00f3\u017cnia si\u0119 jako jedna z najpopularniejszych platform na \u015bwiecie, kt\u00f3ra \u0142\u0105czy streaming na \u017cywo, losowy czat wideo i interaktywne spo\u0142eczno\u015bci w jednym miejscu.<\/p>\n<p>Z milionami u\u017cytkownik\u00f3w na ca\u0142ym \u015bwiecie, Bigo sta\u0142o si\u0119 czym\u015b wi\u0119cej ni\u017c tylko platform\u0105 do czatowania - to centrum rozrywki, wyra\u017cania siebie i \u0142\u0105czenia si\u0119 z nieznajomymi na ca\u0142ym \u015bwiecie. Niezale\u017cnie od tego, czy chcesz do\u0142\u0105czy\u0107 do losowego czatu, transmitowa\u0107 w\u0142asny strumie\u0144, czy ogl\u0105da\u0107 wyst\u0119py innych, Bigo zapewnia wszechstronne i wci\u0105gaj\u0105ce \u015brodowisko.<\/p>\n<p>Niniejsza recenzja dotyczy tego, czym jest Bigo, jego kluczowych funkcji, sposobu korzystania z niego, do\u015bwiadczenia u\u017cytkownika, bezpiecze\u0144stwa, por\u00f3wna\u0144 z innymi platformami oraz praktycznych wskaz\u00f3wek, jak najlepiej wykorzysta\u0107 jego mo\u017cliwo\u015bci.<\/p>\n<h2>Czym jest Bigo Live?<\/h2>\n<p>Bigo Live to aplikacja do transmisji na \u017cywo i losowych czat\u00f3w wideo uruchomiona w 2016 roku. Jest ona dost\u0119pna zar\u00f3wno na iOS, jak i Androida, a tak\u017ce na komputerach stacjonarnych za po\u015brednictwem przegl\u0105darki. Z ponad 400 milionami u\u017cytkownik\u00f3w na ca\u0142ym \u015bwiecie, sta\u0142a si\u0119 jedn\u0105 z najwi\u0119kszych istniej\u0105cych platform wideo w czasie rzeczywistym.<\/p>\n<p>W swej istocie Bigo \u0142\u0105czy w sobie:<\/p>\n<ul>\n<li>Transmisja na \u017cywo: U\u017cytkownicy transmituj\u0105 si\u0119 przed publiczno\u015bci\u0105.<\/li>\n<li>Losowy czat wideo: Rozmowy jeden na jeden lub w ma\u0142ych grupach z nieznajomymi.<\/li>\n<li>Interaktywne spo\u0142eczno\u015bci: Do\u0142\u0105cz do pokoj\u00f3w, fanklub\u00f3w lub grup opartych na zainteresowaniach.<\/li>\n<li>Transmisje gier i bitwy: Streamuj gry lub rywalizuj z innymi w wyzwaniach.<\/li>\n<\/ul>\n<p>W przeciwie\u0144stwie do prostszych witryn z losowymi czatami, Bigo ma by\u0107 pe\u0142nym ekosystemem rozrywkowym, \u0142\u0105cz\u0105cym sieci spo\u0142eczno\u015bciowe z interakcj\u0105 w czasie rzeczywistym.<\/p>\n<h2>Kluczowe cechy Bigo<\/h2>\n<p>Bigo Live oferuje szeroki zakres funkcji, kt\u00f3re przemawiaj\u0105 do r\u00f3\u017cnych typ\u00f3w u\u017cytkownik\u00f3w:<\/p>\n<h3>1. Transmisja na \u017cywo<\/h3>\n<ul>\n<li>Strumieniuj do globalnej publiczno\u015bci.<\/li>\n<li>Transmisje mog\u0105 obejmowa\u0107 \u015bpiew, taniec, czat, gry lub zwyk\u0142e rozmowy.<\/li>\n<li>Obserwuj\u0105cy mog\u0105 do\u0142\u0105cza\u0107, komentowa\u0107 i wysy\u0142a\u0107 wirtualne prezenty.<\/li>\n<\/ul>\n<h3>2. Losowy czat wideo<\/h3>\n<ul>\n<li>Natychmiastowe \u0142\u0105czenie si\u0119 z nieznajomymi w czatach wideo jeden na jednego.<\/li>\n<li>Dopasuj si\u0119 do ludzi na ca\u0142ym \u015bwiecie.<\/li>\n<li>Przycisk \"Dalej\" pozwala pomin\u0105\u0107 i pozna\u0107 kogo\u015b nowego.<\/li>\n<\/ul>\n<h3>3. Grupowe pokoje na \u017cywo<\/h3>\n<ul>\n<li>Do\u0142\u0105czanie do pokoj\u00f3w, w kt\u00f3rych wielu u\u017cytkownik\u00f3w streamuje razem.<\/li>\n<li>Idealny do swobodnych spotka\u0144, dyskusji tematycznych lub wydarze\u0144 spo\u0142eczno\u015bciowych.<\/li>\n<\/ul>\n<h3>4. Strumienie gier<\/h3>\n<ul>\n<li>Dedykowana sekcja do streamowania i ogl\u0105dania gier mobilnych\/PC.<\/li>\n<li>Rywalizuj w bitwach \"PK\" na \u017cywo (wyzwania gracz kontra gracz).<\/li>\n<\/ul>\n<h3>5. Wirtualne prezenty i monetyzacja<\/h3>\n<ul>\n<li>Widzowie mog\u0105 wysy\u0142a\u0107 cyfrowe prezenty swoim ulubionym streamerom.<\/li>\n<li>Prezenty mo\u017cna zamieni\u0107 na realne zarobki, dzi\u0119ki czemu Bigo jest atrakcyjne dla tw\u00f3rc\u00f3w.<\/li>\n<\/ul>\n<h3>6. Interakcja w czasie rzeczywistym<\/h3>\n<ul>\n<li>Czatuj ze streamerami bezpo\u015brednio za pomoc\u0105 wiadomo\u015bci tekstowych, naklejek lub prezent\u00f3w.<\/li>\n<li>W przeciwie\u0144stwie do wcze\u015bniej nagranych tre\u015bci, wszystko odbywa si\u0119 na \u017cywo i spontanicznie.<\/li>\n<\/ul>\n<h3>7. Globalny zasi\u0119g<\/h3>\n<ul>\n<li>U\u017cytkownicy z kilkudziesi\u0119ciu kraj\u00f3w.<\/li>\n<li>Przegl\u0105daj strumienie wed\u0142ug regionu lub j\u0119zyka.<\/li>\n<\/ul>\n<h3>8. Projekt przyjazny dla urz\u0105dze\u0144 mobilnych<\/h3>\n<ul>\n<li>Zaprojektowany g\u0142\u00f3wnie do u\u017cytku mobilnego.<\/li>\n<li>P\u0142ynna, oparta na aplikacji obs\u0142uga w systemach Android i iOS.<\/li>\n<\/ul>\n<h2>Jak korzysta\u0107 z Bigo<\/h2>\n<p>Rozpocz\u0119cie korzystania z Bigo jest proste, ale r\u00f3\u017cni si\u0119 nieco od minimalistycznych platform czatu losowego.<\/p>\n<h3>Krok 1: Pobranie aplikacji<\/h3>\n<ul>\n<li>Dost\u0119pna w Google Play i App Store.<\/li>\n<\/ul>\n<h3>Krok 2: Zarejestruj si\u0119<\/h3>\n<ul>\n<li>Wymagana rejestracja (przez telefon, e-mail lub konta spo\u0142eczno\u015bciowe).<\/li>\n<li>Podstawowa konfiguracja profilu pomaga \u0142\u0105czy\u0107 si\u0119 z innymi.<\/li>\n<\/ul>\n<h3>Krok 3: Przegl\u0105danie tre\u015bci<\/h3>\n<ul>\n<li>Przegl\u0105daj transmisje na \u017cywo wed\u0142ug kategorii, regionu lub list trend\u00f3w.<\/li>\n<li>Wchod\u017a na losowe czaty lub do\u0142\u0105czaj do pokoj\u00f3w grupowych.<\/li>\n<\/ul>\n<h3>Krok 4: Rozpocznij czat<\/h3>\n<ul>\n<li>Po\u0142\u0105cz si\u0119 przez losowy czat wideo jeden na jednego.<\/li>\n<li>Mo\u017cesz te\u017c wchodzi\u0107 w interakcje z streamerami na \u017cywo za pomoc\u0105 wiadomo\u015bci tekstowych, naklejek i prezent\u00f3w.<\/li>\n<\/ul>\n<h3>Krok 5: Przejd\u017a na \u017cywo (opcjonalnie)<\/h3>\n<ul>\n<li>W\u0142\u0105cz kamer\u0119 i rozpocznij w\u0142asny stream.<\/li>\n<li>Zdobywaj zwolennik\u00f3w i potencjalnie zarabiaj pieni\u0105dze dzi\u0119ki wirtualnym prezentom.<\/li>\n<\/ul>\n<h3>Krok 6: Pozosta\u0144 zaanga\u017cowany<\/h3>\n<ul>\n<li>Bierz udzia\u0142 w spo\u0142eczno\u015bciach, wydarzeniach i bitwach na \u017cywo.<\/li>\n<\/ul>\n<h2>Do\u015bwiadczenie u\u017cytkownika na Bigo<\/h2>\n<h3>Co lubi\u0105 u\u017cytkownicy<\/h3>\n<ul>\n<li>Szeroki wyb\u00f3r tre\u015bci (nie tylko czat).<\/li>\n<li>Mo\u017cliwo\u015b\u0107 zar\u00f3wno ogl\u0105dania, jak i uczestniczenia.<\/li>\n<li>Opcja losowego czatu dla po\u0142\u0105cze\u0144 jeden na jeden.<\/li>\n<li>Globalny zasi\u0119g z r\u00f3\u017cnorodnymi u\u017cytkownikami.<\/li>\n<li>Mo\u017cliwo\u015bci monetyzacji dla tw\u00f3rc\u00f3w.<\/li>\n<\/ul>\n<h3>Powszechne skargi<\/h3>\n<ul>\n<li>Wymaga rejestracji (nie anonimowej jak Omegle).<\/li>\n<li>Silnie zmonetyzowana ekonomia prezent\u00f3w mo\u017ce wydawa\u0107 si\u0119 komercyjna.<\/li>\n<li>Niekt\u00f3re strumienie przedk\u0142adaj\u0105 rozrywk\u0119 nad swobodn\u0105 rozmow\u0119.<\/li>\n<li>Moderacja spo\u0142eczno\u015bci r\u00f3\u017cni si\u0119 w zale\u017cno\u015bci od regionu.<\/li>\n<\/ul>\n<p>Og\u00f3lnie rzecz bior\u0105c, Bigo oferuje bogate i anga\u017cuj\u0105ce do\u015bwiadczenie dla os\u00f3b, kt\u00f3re chc\u0105 czego\u015b wi\u0119cej ni\u017c zwyk\u0142ego losowego czatu wideo.<\/p>\n<h2>Bigo vs. inne platformy czatu<\/h2>\n<p>Oto jak Bigo wypada na tle niekt\u00f3rych konkurent\u00f3w:<\/p>\n<table>\n<thead>\n<tr>\n<th>Cecha<\/th>\n<th>Bigo Live<\/th>\n<th>Omegle<\/th>\n<th>Chatroulette<\/th>\n<th>ChatHub<\/th>\n<th>Monkey App<\/th>\n<th>LivU<\/th>\n<\/tr>\n<\/thead>\n<tbody>\n<tr>\n<td>Transmisja na \u017cywo<\/td>\n<td>Tak<\/td>\n<td>Nie<\/td>\n<td>Nie<\/td>\n<td>Nie<\/td>\n<td>Tak<\/td>\n<td>Tak<\/td>\n<\/tr>\n<tr>\n<td>Losowe wideo jeden na jednego<\/td>\n<td>Tak<\/td>\n<td>Tak<\/td>\n<td>Tak<\/td>\n<td>Tak<\/td>\n<td>Tak<\/td>\n<td>Tak<\/td>\n<\/tr>\n<tr>\n<td>Czaty grupowe<\/td>\n<td>Tak<\/td>\n<td>Nie<\/td>\n<td>Nie<\/td>\n<td>Nie<\/td>\n<td>Tak<\/td>\n<td>Tak<\/td>\n<\/tr>\n<tr>\n<td>Strumienie gier<\/td>\n<td>Tak<\/td>\n<td>Nie<\/td>\n<td>Nie<\/td>\n<td>Nie<\/td>\n<td>Nie<\/td>\n<td>Nie<\/td>\n<\/tr>\n<tr>\n<td>Monetyzacja<\/td>\n<td>Tak<\/td>\n<td>Nie<\/td>\n<td>Nie<\/td>\n<td>Nie<\/td>\n<td>Nie<\/td>\n<td>Ograniczony<\/td>\n<\/tr>\n<tr>\n<td>Przyjazny dla urz\u0105dze\u0144 mobilnych<\/td>\n<td>Tak (aplikacja)<\/td>\n<td>Tak<\/td>\n<td>Tak<\/td>\n<td>Tak<\/td>\n<td>Tak<\/td>\n<td>Tak<\/td>\n<\/tr>\n<\/tbody>\n<\/table>\n<p>Podsumowanie: Bigo oferuje znacznie wi\u0119cej funkcji ni\u017c klasyczne strony z czatami losowymi. Podczas gdy Omegle lub Chatroulette koncentruj\u0105 si\u0119 na szybkich spotkaniach, Bigo \u0142\u0105czy losowo\u015b\u0107 z sieciami spo\u0142eczno\u015bciowymi i narz\u0119dziami tw\u00f3rc\u00f3w, dzi\u0119ki czemu przypomina hybryd\u0119 Twitcha, TikTok i Omegle.<\/p>\n<h2>Czy Bigo jest bezpieczne?<\/h2>\n<p>Podobnie jak w przypadku wszystkich platform, kt\u00f3re \u0142\u0105cz\u0105 wideo na \u017cywo z nieznajomymi, bezpiecze\u0144stwo jest wa\u017cnym tematem.<\/p>\n<h3>Wbudowane narz\u0119dzia bezpiecze\u0144stwa<\/h3>\n<ul>\n<li>Zespo\u0142y moderacyjne monitoruj\u0105 strumienie.<\/li>\n<li>Narz\u0119dzia do zg\u0142aszania i blokowania nieodpowiednich zachowa\u0144.<\/li>\n<li>Wytyczne dla spo\u0142eczno\u015bci ograniczaj\u0105 szkodliwe tre\u015bci.<\/li>\n<\/ul>\n<h3>Wskaz\u00f3wki bezpiecze\u0144stwa dla u\u017cytkownik\u00f3w<\/h3>\n<ul>\n<li>Zachowaj ostro\u017cno\u015b\u0107 przy udost\u0119pnianiu danych osobowych.<\/li>\n<li>Rodzice powinni nadzorowa\u0107 m\u0142odszych u\u017cytkownik\u00f3w, poniewa\u017c aplikacja jest popularna w\u015br\u00f3d nastolatk\u00f3w.<\/li>\n<li>Korzystaj z prywatnych czat\u00f3w odpowiedzialnie - omijaj te, na kt\u00f3rych czujesz si\u0119 niekomfortowo.<\/li>\n<li>Trzymaj si\u0119 moderowanych strumieni, aby zapewni\u0107 bezpieczniejsze interakcje.<\/li>\n<\/ul>\n<h2>Wskaz\u00f3wki, jak najlepiej wykorzysta\u0107 Bigo<\/h2>\n<ul>\n<li>B\u0105d\u017a najpierw widzem. Przegl\u0105daj strumienie przed uruchomieniem w\u0142asnego.<\/li>\n<li>U\u017cywaj wysokiej jako\u015bci audio i wideo, je\u015bli nadawanie-prezentacja ma znaczenie.<\/li>\n<li>Wypr\u00f3buj przypadkowe czaty w celu wymiany kulturowej.<\/li>\n<li>Do\u0142\u0105cz do strumieni gier, je\u015bli interesujesz si\u0119 e-sportem lub grami mobilnymi.<\/li>\n<li>Eksperymentuj z transmisj\u0105 strumieniow\u0105, je\u015bli chcesz zbudowa\u0107 grono fan\u00f3w.<\/li>\n<li>Korzystaj z narz\u0119dzi moderacji - blokuj lub zg\u0142aszaj w razie potrzeby.<\/li>\n<\/ul>\n<h2>Typowe problemy i poprawki<\/h2>\n<h3>Problem: aplikacja nie \u0142aduje si\u0119<\/h3>\n<ul>\n<li>Aktualizacja do najnowszej wersji.<\/li>\n<li>Wyczy\u015b\u0107 pami\u0119\u0107 podr\u0119czn\u0105 aplikacji lub zainstaluj ponownie.<\/li>\n<\/ul>\n<h3>Problem: Problemy z d\u017awi\u0119kiem\/wideo<\/h3>\n<ul>\n<li>Sprawd\u017a uprawnienia urz\u0105dzenia.<\/li>\n<li>Uruchom ponownie aplikacj\u0119.<\/li>\n<li>Prze\u0142\u0105cz si\u0119 na Wi-Fi, je\u015bli dane mobilne s\u0105 niestabilne.<\/li>\n<\/ul>\n<h3>Problem: zbyt wiele reklam\/promocji reklamowych<\/h3>\n<ul>\n<li>Jest to cz\u0119\u015b\u0107 modelu monetyzacji Bigo - anga\u017cuj si\u0119 w tre\u015bci, kt\u00f3re lubisz i pomijaj reszt\u0119.<\/li>\n<\/ul>\n<h3>Problem: napotykanie nieodpowiednich strumieni<\/h3>\n<ul>\n<li>U\u017cyj funkcji raportu.<\/li>\n<li>Trzymaj si\u0119 popularnych, moderowanych pokoj\u00f3w.<\/li>\n<\/ul>\n<h2>Dlaczego ludzie wybieraj\u0105 Bigo<\/h2>\n<p>Bigo sta\u0142o si\u0119 popularne na ca\u0142ym \u015bwiecie, poniewa\u017c oferuje:<\/p>\n<ul>\n<li>R\u00f3\u017cne opcje - strumieniowanie, czat lub ogl\u0105danie.<\/li>\n<li>Rozrywka wykraczaj\u0105ca poza przypadkowe spotkania.<\/li>\n<li>Globalne po\u0142\u0105czenia z milionami u\u017cytkownik\u00f3w.<\/li>\n<li>Tw\u00f3rcy streamingu ekonomicznego mog\u0105 zarabia\u0107 prawdziwe pieni\u0105dze.<\/li>\n<\/ul>\n<p>To co\u015b wi\u0119cej ni\u017c tylko aplikacja do czatowania - to platforma spo\u0142eczno\u015bciowa z wbudowanym losowym czatem wideo.<\/p>\n<h2>Przemy\u015blenia ko\u0144cowe: Czy warto korzysta\u0107 z Bigo?<\/h2>\n<p>Je\u015bli szukasz hybrydy mi\u0119dzy transmisj\u0105 na \u017cywo a losowym czatem, Bigo jest jedn\u0105 z najsilniejszych dost\u0119pnych obecnie platform. Chocia\u017c nie jest tak anonimowa i lekka jak Omegle, oferuje znacznie wi\u0119ksz\u0105 r\u00f3\u017cnorodno\u015b\u0107 i g\u0142\u0119bi\u0119.<\/p>\n<p>Czy chcesz:<\/p>\n<ul>\n<li>Spotykaj si\u0119 z nieznajomymi jeden na jednego.<\/li>\n<li>Ogl\u0105daj globalne transmisje na \u017cywo.<\/li>\n<li>Do\u0142\u0105cz do spo\u0142eczno\u015bci graczy.<\/li>\n<li>Albo nawet spr\u00f3bowa\u0107 streamowa\u0107 samemu...<\/li>\n<\/ul>\n<p>Bigo zapewnia to wszystko w jednej aplikacji.<\/p>\n<p>W skr\u00f3cie: Bigo to pot\u0119\u017cna platforma do streamingu na \u017cywo i losowego czatu, kt\u00f3ra jest przeznaczona zar\u00f3wno dla zwyk\u0142ych u\u017cytkownik\u00f3w, jak i powa\u017cnych tw\u00f3rc\u00f3w. Je\u015bli chcesz czego\u015b wi\u0119cej ni\u017c tylko kr\u00f3tkich anonimowych czat\u00f3w, jest to \u015bwietna opcja do zbadania.<\/p>\n<p>Gotowy, by spr\u00f3bowa\u0107? Pobierz Bigo, skonfiguruj konto i zacznij odkrywa\u0107 strumienie i losowe czaty ju\u017c dzi\u015b.<\/p>","protected":false},"excerpt":{"rendered":"<p>The internet has reshaped how people communicate, moving from one-on-one text messaging and group chatrooms into the era of live streaming and real-time video connections. While platforms like Omegle and Chatroulette pioneered the concept of random encounters, others have evolved the experience into something bigger and more social. Bigo Live, often simply called Bigo, stands [&hellip;]<\/p>\n","protected":false},"author":6,"featured_media":0,"parent":0,"menu_order":0,"comment_status":"closed","ping_status":"closed","template":"","meta":{"footnotes":""},"class_list":["post-12823","page","type-page","status-publish","hentry"],"yoast_head":"<!-- This site is optimized with the Yoast SEO plugin v27.6 - https:\/\/yoast.com\/product\/yoast-seo-wordpress\/ -->\n<title>Bigo - Live Stream and Chat Rooms Online - TinyChat.com<\/title>\n<meta name=\"description\" content=\"Enjoying Bigo? Join over 50,000,000 strangers on TinyChat! Turn on your cam and start meeting new people, or find a match.\" \/>\n<meta name=\"robots\" content=\"index, follow, max-snippet:-1, max-image-preview:large, max-video-preview:-1\" \/>\n<link rel=\"canonical\" href=\"https:\/\/tinychat.com\/pl\/bigo\/\" \/>\n<meta property=\"og:locale\" content=\"pl_PL\" \/>\n<meta property=\"og:type\" content=\"article\" \/>\n<meta property=\"og:title\" content=\"Bigo - Live Stream and Chat Rooms Online - TinyChat.com\" \/>\n<meta property=\"og:description\" content=\"Enjoying Bigo? Join over 50,000,000 strangers on TinyChat! Turn on your cam and start meeting new people, or find a match.\" \/>\n<meta property=\"og:url\" content=\"https:\/\/tinychat.com\/pl\/bigo\/\" \/>\n<meta property=\"og:site_name\" content=\"TinyChat\" \/>\n<meta property=\"article:publisher\" content=\"https:\/\/www.facebook.com\/tinychat\" \/>\n<meta property=\"article:modified_time\" content=\"2025-09-29T10:39:34+00:00\" \/>\n<meta property=\"og:image\" content=\"https:\/\/tinychat.com\/wp-content\/uploads\/2020\/04\/Tinychat-logo-1280x284-new-black.png\" \/>\n\t<meta property=\"og:image:width\" content=\"1280\" \/>\n\t<meta property=\"og:image:height\" content=\"284\" \/>\n\t<meta property=\"og:image:type\" content=\"image\/png\" \/>\n<meta name=\"twitter:card\" content=\"summary_large_image\" \/>\n<meta name=\"twitter:site\" content=\"@tinychat\" \/>\n<meta name=\"twitter:label1\" content=\"Szacowany czas czytania\" \/>\n\t<meta name=\"twitter:data1\" content=\"6 minut\" \/>\n<script type=\"application\/ld+json\" class=\"yoast-schema-graph\">{\"@context\":\"https:\\\/\\\/schema.org\",\"@graph\":[{\"@type\":\"WebPage\",\"@id\":\"https:\\\/\\\/tinychat.com\\\/bigo\\\/\",\"url\":\"https:\\\/\\\/tinychat.com\\\/bigo\\\/\",\"name\":\"Bigo - Live Stream and Chat Rooms Online - TinyChat.com\",\"isPartOf\":{\"@id\":\"https:\\\/\\\/tinychat.com\\\/#website\"},\"datePublished\":\"2025-09-29T08:41:55+00:00\",\"dateModified\":\"2025-09-29T10:39:34+00:00\",\"description\":\"Enjoying Bigo? Join over 50,000,000 strangers on TinyChat! Turn on your cam and start meeting new people, or find a match.\",\"breadcrumb\":{\"@id\":\"https:\\\/\\\/tinychat.com\\\/bigo\\\/#breadcrumb\"},\"inLanguage\":\"pl-PL\",\"potentialAction\":[{\"@type\":\"ReadAction\",\"target\":[\"https:\\\/\\\/tinychat.com\\\/bigo\\\/\"]}]},{\"@type\":\"BreadcrumbList\",\"@id\":\"https:\\\/\\\/tinychat.com\\\/bigo\\\/#breadcrumb\",\"itemListElement\":[{\"@type\":\"ListItem\",\"position\":1,\"name\":\"Home\",\"item\":\"https:\\\/\\\/tinychat.com\\\/\"},{\"@type\":\"ListItem\",\"position\":2,\"name\":\"Bigo\"}]},{\"@type\":\"WebSite\",\"@id\":\"https:\\\/\\\/tinychat.com\\\/#website\",\"url\":\"https:\\\/\\\/tinychat.com\\\/\",\"name\":\"TinyChat\",\"description\":\"Random Video Chat with Strangers\",\"publisher\":{\"@id\":\"https:\\\/\\\/tinychat.com\\\/#organization\"},\"alternateName\":\"TinyChat.com\",\"potentialAction\":[{\"@type\":\"SearchAction\",\"target\":{\"@type\":\"EntryPoint\",\"urlTemplate\":\"https:\\\/\\\/tinychat.com\\\/?s={search_term_string}\"},\"query-input\":{\"@type\":\"PropertyValueSpecification\",\"valueRequired\":true,\"valueName\":\"search_term_string\"}}],\"inLanguage\":\"pl-PL\"},{\"@type\":\"Organization\",\"@id\":\"https:\\\/\\\/tinychat.com\\\/#organization\",\"name\":\"TinyChat\",\"alternateName\":\"TinyChat.com\",\"url\":\"https:\\\/\\\/tinychat.com\\\/\",\"logo\":{\"@type\":\"ImageObject\",\"inLanguage\":\"pl-PL\",\"@id\":\"https:\\\/\\\/tinychat.com\\\/#\\\/schema\\\/logo\\\/image\\\/\",\"url\":\"https:\\\/\\\/tinychat.com\\\/wp-content\\\/uploads\\\/2023\\\/11\\\/Tinychat-icon-square.png\",\"contentUrl\":\"https:\\\/\\\/tinychat.com\\\/wp-content\\\/uploads\\\/2023\\\/11\\\/Tinychat-icon-square.png\",\"width\":284,\"height\":284,\"caption\":\"TinyChat\"},\"image\":{\"@id\":\"https:\\\/\\\/tinychat.com\\\/#\\\/schema\\\/logo\\\/image\\\/\"},\"sameAs\":[\"https:\\\/\\\/www.facebook.com\\\/tinychat\",\"https:\\\/\\\/x.com\\\/tinychat\"]}]}<\/script>\n<!-- \/ Yoast SEO plugin. -->","yoast_head_json":{"title":"Bigo - Transmisje na \u017cywo i czaty online - TinyChat.com","description":"Korzystasz z Bigo? Do\u0142\u0105cz do ponad 50 000 000 nieznajomych na TinyChat! W\u0142\u0105cz kamer\u0119 i zacznij poznawa\u0107 nowych ludzi lub znajd\u017a partnera.","robots":{"index":"index","follow":"follow","max-snippet":"max-snippet:-1","max-image-preview":"max-image-preview:large","max-video-preview":"max-video-preview:-1"},"canonical":"https:\/\/tinychat.com\/pl\/bigo\/","og_locale":"pl_PL","og_type":"article","og_title":"Bigo - Live Stream and Chat Rooms Online - TinyChat.com","og_description":"Enjoying Bigo? Join over 50,000,000 strangers on TinyChat! Turn on your cam and start meeting new people, or find a match.","og_url":"https:\/\/tinychat.com\/pl\/bigo\/","og_site_name":"TinyChat","article_publisher":"https:\/\/www.facebook.com\/tinychat","article_modified_time":"2025-09-29T10:39:34+00:00","og_image":[{"width":1280,"height":284,"url":"https:\/\/tinychat.com\/wp-content\/uploads\/2020\/04\/Tinychat-logo-1280x284-new-black.png","type":"image\/png"}],"twitter_card":"summary_large_image","twitter_site":"@tinychat","twitter_misc":{"Szacowany czas czytania":"6 minut"},"schema":{"@context":"https:\/\/schema.org","@graph":[{"@type":"WebPage","@id":"https:\/\/tinychat.com\/bigo\/","url":"https:\/\/tinychat.com\/bigo\/","name":"Bigo - Transmisje na \u017cywo i czaty online - TinyChat.com","isPartOf":{"@id":"https:\/\/tinychat.com\/#website"},"datePublished":"2025-09-29T08:41:55+00:00","dateModified":"2025-09-29T10:39:34+00:00","description":"Korzystasz z Bigo? Do\u0142\u0105cz do ponad 50 000 000 nieznajomych na TinyChat! W\u0142\u0105cz kamer\u0119 i zacznij poznawa\u0107 nowych ludzi lub znajd\u017a partnera.","breadcrumb":{"@id":"https:\/\/tinychat.com\/bigo\/#breadcrumb"},"inLanguage":"pl-PL","potentialAction":[{"@type":"ReadAction","target":["https:\/\/tinychat.com\/bigo\/"]}]},{"@type":"BreadcrumbList","@id":"https:\/\/tinychat.com\/bigo\/#breadcrumb","itemListElement":[{"@type":"ListItem","position":1,"name":"Home","item":"https:\/\/tinychat.com\/"},{"@type":"ListItem","position":2,"name":"Bigo"}]},{"@type":"WebSite","@id":"https:\/\/tinychat.com\/#website","url":"https:\/\/tinychat.com\/","name":"TinyChat","description":"Losowy czat wideo z nieznajomymi","publisher":{"@id":"https:\/\/tinychat.com\/#organization"},"alternateName":"TinyChat.com","potentialAction":[{"@type":"SearchAction","target":{"@type":"EntryPoint","urlTemplate":"https:\/\/tinychat.com\/?s={search_term_string}"},"query-input":{"@type":"PropertyValueSpecification","valueRequired":true,"valueName":"search_term_string"}}],"inLanguage":"pl-PL"},{"@type":"Organization","@id":"https:\/\/tinychat.com\/#organization","name":"TinyChat","alternateName":"TinyChat.com","url":"https:\/\/tinychat.com\/","logo":{"@type":"ImageObject","inLanguage":"pl-PL","@id":"https:\/\/tinychat.com\/#\/schema\/logo\/image\/","url":"https:\/\/tinychat.com\/wp-content\/uploads\/2023\/11\/Tinychat-icon-square.png","contentUrl":"https:\/\/tinychat.com\/wp-content\/uploads\/2023\/11\/Tinychat-icon-square.png","width":284,"height":284,"caption":"TinyChat"},"image":{"@id":"https:\/\/tinychat.com\/#\/schema\/logo\/image\/"},"sameAs":["https:\/\/www.facebook.com\/tinychat","https:\/\/x.com\/tinychat"]}]}},"_links":{"self":[{"href":"https:\/\/tinychat.com\/pl\/wp-json\/wp\/v2\/pages\/12823","targetHints":{"allow":["GET"]}}],"collection":[{"href":"https:\/\/tinychat.com\/pl\/wp-json\/wp\/v2\/pages"}],"about":[{"href":"https:\/\/tinychat.com\/pl\/wp-json\/wp\/v2\/types\/page"}],"author":[{"embeddable":true,"href":"https:\/\/tinychat.com\/pl\/wp-json\/wp\/v2\/users\/6"}],"replies":[{"embeddable":true,"href":"https:\/\/tinychat.com\/pl\/wp-json\/wp\/v2\/comments?post=12823"}],"version-history":[{"count":4,"href":"https:\/\/tinychat.com\/pl\/wp-json\/wp\/v2\/pages\/12823\/revisions"}],"predecessor-version":[{"id":13541,"href":"https:\/\/tinychat.com\/pl\/wp-json\/wp\/v2\/pages\/12823\/revisions\/13541"}],"wp:attachment":[{"href":"https:\/\/tinychat.com\/pl\/wp-json\/wp\/v2\/media?parent=12823"}],"curies":[{"name":"wp","href":"https:\/\/api.w.org\/{rel}","templated":true}]}}