{"id":1319,"date":"2025-08-11T08:58:22","date_gmt":"2025-08-11T06:58:22","guid":{"rendered":"https:\/\/tinychat.com\/?page_id=1319"},"modified":"2025-08-11T09:23:00","modified_gmt":"2025-08-11T07:23:00","slug":"camloo","status":"publish","type":"page","link":"https:\/\/tinychat.com\/pl\/camloo\/","title":{"rendered":"Camloo"},"content":{"rendered":"<p>W erze, w kt\u00f3rej wi\u0119kszo\u015b\u0107 medi\u00f3w spo\u0142eczno\u015bciowych wydaje si\u0119 przewidywalna i oparta na algorytmach, Camloo wyr\u00f3\u017cnia si\u0119, przywracaj\u0105c czyst\u0105 spontaniczno\u015b\u0107 interakcji online. Jako nowoczesna platforma do losowych czat\u00f3w wideo, Camloo \u0142\u0105czy nieznajomych z ca\u0142ego \u015bwiata w natychmiastowych rozmowach twarz\u0105 w twarz - bez nieko\u0144cz\u0105cego si\u0119 przewijania, bez wyselekcjonowanych kana\u0142\u00f3w, tylko prawdziwi ludzie spotykaj\u0105cy si\u0119 w czasie rzeczywistym.<\/p>\n<p>Dzi\u0119ki szybkiemu dopasowywaniu, jako\u015bci wideo HD i \u0142atwemu w u\u017cyciu interfejsowi, Camloo umo\u017cliwia prowadzenie wci\u0105gaj\u0105cych czat\u00f3w w ci\u0105gu kilku sekund, niezale\u017cnie od tego, czy chcesz nawi\u0105za\u0107 nowe znajomo\u015bci, flirtowa\u0107, \u0107wiczy\u0107 j\u0119zyk obcy, czy po prostu sp\u0119dzi\u0107 czas z interesuj\u0105cymi nieznajomymi.<\/p>\n<p>Ta kompleksowa recenzja obejmuje wszystko, co musisz wiedzie\u0107 o Camloo, w tym jego funkcje, \u015brodki bezpiecze\u0144stwa i por\u00f3wnanie z innymi popularnymi us\u0142ugami czatu wideo.<\/p>\n<h2>Co to jest Camloo?<\/h2>\n<p>Camloo to losowa witryna i aplikacja do czatowania wideo zaprojektowana w celu natychmiastowego \u0142\u0105czenia ludzi na ca\u0142ym \u015bwiecie. Podobnie jak Omegle, Chatroulette i ChatHub, jej g\u0142\u00f3wnym celem jest interakcja wideo na \u017cywo, ale z czystszym interfejsem, lepsz\u0105 stabilno\u015bci\u0105 przesy\u0142ania strumieniowego i narz\u0119dziami ukierunkowanymi na prywatno\u015b\u0107.<\/p>\n<p>Platforma eliminuje konieczno\u015b\u0107 zak\u0142adania kont lub poruszania si\u0119 po skomplikowanych menu - mo\u017cesz rozpocz\u0105\u0107 rozmow\u0119 w ci\u0105gu kilku sekund od odwiedzenia strony lub otwarcia aplikacji. Ta prostota jest g\u0142\u00f3wn\u0105 atrakcj\u0105 zar\u00f3wno dla zwyk\u0142ych u\u017cytkownik\u00f3w, jak i regularnych czatownik\u00f3w.<\/p>\n<h2>Kluczowe cechy Camloo<\/h2>\n<p>Camloo to co\u015b wi\u0119cej ni\u017c tylko podstawowy portal czatu - zawiera przemy\u015blane funkcje, kt\u00f3re sprawiaj\u0105, \u017ce rozmowy s\u0105 przyjemniejsze i bezpieczniejsze.<\/p>\n<h3>1. Natychmiastowe dopasowanie<\/h3>\n<ul>\n<li>Jedno klikni\u0119cie lub jedno dotkni\u0119cie, aby po\u0142\u0105czy\u0107 si\u0119 z nieznajomym.<\/li>\n<li>Do podstawowego u\u017cytkowania nie jest wymagany d\u0142ugi proces rejestracji.<\/li>\n<li>Szybkie po\u0142\u0105czenia przy minimalnym czasie oczekiwania.<\/li>\n<\/ul>\n<h3>2. Filtry lokalizacji i p\u0142ci<\/h3>\n<ul>\n<li>Wybierz dopasowanie do os\u00f3b z okre\u015blonego kraju lub regionu.<\/li>\n<li>Filtruj wed\u0142ug p\u0142ci, aby spersonalizowa\u0107 swoje do\u015bwiadczenia.<\/li>\n<li>Filtry mo\u017cna w\u0142\u0105cza\u0107 i wy\u0142\u0105cza\u0107 w zale\u017cno\u015bci od nastroju.<\/li>\n<\/ul>\n<h3>3. Opcja czatu tekstowego<\/h3>\n<ul>\n<li>Zintegrowane wiadomo\u015bci tekstowe wraz z wideo.<\/li>\n<li>Idealny do udost\u0119pniania link\u00f3w, \u017cart\u00f3w lub szybkich t\u0142umacze\u0144.<\/li>\n<\/ul>\n<h3>4. Funkcja znajomych i ponownego po\u0142\u0105czenia<\/h3>\n<ul>\n<li>Dodaj interesuj\u0105ce osoby do swojej listy znajomych.<\/li>\n<li>Po\u0142\u0105cz si\u0119 ponownie p\u00f3\u017aniej, nie polegaj\u0105c wy\u0142\u0105cznie na losowych dopasowaniach.<\/li>\n<\/ul>\n<h3>5. Zabawne efekty wizualne<\/h3>\n<ul>\n<li>U\u017cywaj filtr\u00f3w i naklejek, aby poprawi\u0107 swoj\u0105 obecno\u015b\u0107 w wideo.<\/li>\n<li>\u015awietnie prze\u0142amuje lody i sprawia, \u017ce rozmowy s\u0105 bardziej zabawne.<\/li>\n<\/ul>\n<h3>6. Narz\u0119dzia prywatno\u015bci i bezpiecze\u0144stwa<\/h3>\n<ul>\n<li>Tryb podgl\u0105du rozmycia pozwala zobaczy\u0107 sylwetk\u0119 przed ujawnieniem kana\u0142u.<\/li>\n<li>\u0141atwo dost\u0119pne przyciski raportowania i blokowania.<\/li>\n<li>Aktywna moderacja w celu usuwania nieodpowiednich tre\u015bci.<\/li>\n<\/ul>\n<h3>7. Dost\u0119p mi\u0119dzyplatformowy<\/h3>\n<ul>\n<li>Dzia\u0142a zar\u00f3wno na przegl\u0105darkach stacjonarnych, jak i urz\u0105dzeniach mobilnych.<\/li>\n<li>Responsywny uk\u0142ad zapewniaj\u0105cy p\u0142ynn\u0105 nawigacj\u0119 na dowolnym rozmiarze ekranu.<\/li>\n<\/ul>\n<h2>Jak korzysta\u0107 z Camloo<\/h2>\n<p>Camloo zosta\u0142 zaprojektowany z my\u015bl\u0105 o maksymalnej \u0142atwo\u015bci u\u017cytkowania.<\/p>\n<h3>Krok 1: Odwied\u017a stron\u0119 internetow\u0105 lub pobierz aplikacj\u0119<\/h3>\n<ul>\n<li>U\u017cytkownicy komputer\u00f3w stacjonarnych mog\u0105 uda\u0107 si\u0119 na oficjaln\u0105 stron\u0119 Camloo.<\/li>\n<li>U\u017cytkownicy mobilni mog\u0105 korzysta\u0107 z wersji przegl\u0105darkowej lub dedykowanej aplikacji.<\/li>\n<\/ul>\n<h3>Krok 2: Dostosowanie ustawie\u0144<\/h3>\n<ul>\n<li>Wybierz preferowany kraj lub pozostaw go otwartym dla dopasowania globalnego.<\/li>\n<li>W razie potrzeby wybierz filtr p\u0142ci.<\/li>\n<li>W\u0142\u0105czenie lub wy\u0142\u0105czenie trybu rozmycia.<\/li>\n<\/ul>\n<h3>Krok 3: Rozpocznij czat<\/h3>\n<ul>\n<li>Kliknij przycisk Start, a po\u0142\u0105czenie zostanie nawi\u0105zane w ci\u0105gu kilku sekund.<\/li>\n<li>Przesu\u0144 lub kliknij Dalej, aby pomin\u0105\u0107 i pozna\u0107 kogo\u015b nowego.<\/li>\n<\/ul>\n<h3>Krok 4: Dodaj znajomych i kontynuuj<\/h3>\n<ul>\n<li>Zapisywanie kontakt\u00f3w do przysz\u0142ych rozm\u00f3w.<\/li>\n<li>U\u017cyj paska bocznego czatu, aby wysy\u0142a\u0107 wiadomo\u015bci podczas ogl\u0105dania wideo.<\/li>\n<\/ul>\n<h2>Wra\u017cenia u\u017cytkownika na Camloo<\/h2>\n<p>Prosta konstrukcja i stabilna wydajno\u015b\u0107 Camloo sprawi\u0142y, \u017ce sta\u0142 si\u0119 on ulubie\u0144cem u\u017cytkownik\u00f3w poszukuj\u0105cych bezproblemowej interakcji.<\/p>\n<h3>Co kochaj\u0105 u\u017cytkownicy<\/h3>\n<ul>\n<li>Szybkie uruchamianie - rozmowa w kilka sekund.<\/li>\n<li>Stabilna jako\u015b\u0107 wideo nawet przy \u015brednich pr\u0119dko\u015bciach Internetu.<\/li>\n<li>Filtry do wyszukiwania odpowiednich dopasowa\u0144.<\/li>\n<li>Podgl\u0105d Blur dla bezpieczniejszych pierwszych wra\u017ce\u0144.<\/li>\n<li>Przyjazny interfejs u\u017cytkownika, kt\u00f3ry dzia\u0142a dobrze zar\u00f3wno na urz\u0105dzeniach mobilnych, jak i stacjonarnych.<\/li>\n<li>Bez presji - przeskocz w dowolnym momencie bez niezr\u0119czno\u015bci.<\/li>\n<\/ul>\n<h3>Gdzie u\u017cytkownicy widz\u0105 pole do poprawy<\/h3>\n<ul>\n<li>Ograniczone zaawansowane funkcje w por\u00f3wnaniu do niekt\u00f3rych konkurent\u00f3w.<\/li>\n<li>Mniej efekt\u00f3w w aplikacji ni\u017c na platformach spo\u0142eczno\u015bciowych, takich jak Azar.<\/li>\n<li>Mniejsza baza u\u017cytkownik\u00f3w poza godzinami szczytu w niekt\u00f3rych regionach.<\/li>\n<li>Dodatki premium mog\u0105 by\u0107 potrzebne do maksymalnego filtrowania.<\/li>\n<\/ul>\n<h2>Camloo vs. inne platformy do rozm\u00f3w wideo<\/h2>\n<table>\n<thead>\n<tr>\n<th>Cecha<\/th>\n<th>Camloo<\/th>\n<th>OmegleWeb<\/th>\n<th>ChatHub<\/th>\n<th>Camzey<\/th>\n<th>LuckyCrush<\/th>\n<th>Azar<\/th>\n<\/tr>\n<\/thead>\n<tbody>\n<tr>\n<td>Losowy czat wideo<\/td>\n<td>Tak<\/td>\n<td>Tak<\/td>\n<td>Tak<\/td>\n<td>Tak<\/td>\n<td>Tak<\/td>\n<td>Tak<\/td>\n<\/tr>\n<tr>\n<td>Filtry p\u0142ci\/lokalizacji<\/td>\n<td>Tak<\/td>\n<td>\u26a0\ufe0f Limited<\/td>\n<td>Tak<\/td>\n<td>Tak<\/td>\n<td>Tak<\/td>\n<td>Tak<\/td>\n<\/tr>\n<tr>\n<td>Tryb podgl\u0105du rozmycia<\/td>\n<td>Tak<\/td>\n<td>Nie<\/td>\n<td>Tak<\/td>\n<td>Tak<\/td>\n<td>Nie<\/td>\n<td>Tak<\/td>\n<\/tr>\n<tr>\n<td>Zabawne filtry\/efekty<\/td>\n<td>Tak<\/td>\n<td>Nie<\/td>\n<td>Tak<\/td>\n<td>Tak<\/td>\n<td>Nie<\/td>\n<td>Tak<\/td>\n<\/tr>\n<tr>\n<td>System znajomych<\/td>\n<td>Tak<\/td>\n<td>Nie<\/td>\n<td>Tak<\/td>\n<td>Tak<\/td>\n<td>Tak<\/td>\n<td>Tak<\/td>\n<\/tr>\n<tr>\n<td>T\u0142umaczenie<\/td>\n<td>Nie<\/td>\n<td>Nie<\/td>\n<td>Nie<\/td>\n<td>Nie<\/td>\n<td>Nie<\/td>\n<td>Tak<\/td>\n<\/tr>\n<tr>\n<td>Cross-Platform<\/td>\n<td>Tak<\/td>\n<td>Tak<\/td>\n<td>Tak<\/td>\n<td>Tak<\/td>\n<td>Tak<\/td>\n<td>Tak<\/td>\n<\/tr>\n<\/tbody>\n<\/table>\n<p>Podsumowanie: R\u00f3wnowaga mi\u0119dzy \u0142atwo\u015bci\u0105 obs\u0142ugi, narz\u0119dziami do ochrony prywatno\u015bci i kompatybilno\u015bci\u0105 mi\u0119dzyplatformow\u0105 sprawia, \u017ce Camloo jest idealny dla u\u017cytkownik\u00f3w, kt\u00f3rzy chc\u0105 szybkich, czystych i przyjemnych czat\u00f3w wideo bez zb\u0119dnych komplikacji.<\/p>\n<h2>Czy Camloo jest bezpieczny?<\/h2>\n<p>Yes-Camloo posiada wiele zabezpiecze\u0144 chroni\u0105cych u\u017cytkownik\u00f3w:<\/p>\n<ul>\n<li>Moderacja AI w czasie rzeczywistym i weryfikacja przez cz\u0142owieka.<\/li>\n<li>Rozmyj podgl\u0105d, aby kontrolowa\u0107 to, co jest wy\u015bwietlane.<\/li>\n<li>Anonimowy czat bez podawania danych osobowych.<\/li>\n<li>Funkcje blokowania\/raportowania w celu szybkiej obs\u0142ugi narusze\u0144.<\/li>\n<\/ul>\n<h3>Wskaz\u00f3wki dotycz\u0105ce bezpiecze\u0144stwa<\/h3>\n<ul>\n<li>Nie udost\u0119pniaj danych osobowych.<\/li>\n<li>M\u0105drze korzystaj z filtr\u00f3w p\u0142ci i lokalizacji.<\/li>\n<li>Zako\u0144cz rozmowy, kt\u00f3re sprawiaj\u0105, \u017ce czujesz si\u0119 niekomfortowo.<\/li>\n<li>Rodzice powinni monitorowa\u0107 korzystanie z aplikacji przez nastolatk\u00f3w.<\/li>\n<\/ul>\n<h2>Wskaz\u00f3wki, jak najlepiej wykorzysta\u0107 Camloo<\/h2>\n<ul>\n<li>Poznaj tryb globalny, aby poszerzy\u0107 swoj\u0105 wiedz\u0119 kulturow\u0105.<\/li>\n<li>U\u017cywaj filtr\u00f3w, gdy chcesz prowadzi\u0107 bardziej ukierunkowane konwersacje.<\/li>\n<li>Zaloguj si\u0119 w godzinach szczytu, aby uzyska\u0107 wi\u0119cej mecz\u00f3w.<\/li>\n<li>Wypr\u00f3buj efekty, aby czaty by\u0142y bardziej zabawne.<\/li>\n<li>Utrzymuj dobry k\u0105t kamery i o\u015bwietlenie, aby wygl\u0105da\u0107 przyja\u017anie i przyst\u0119pnie.<\/li>\n<li>Zg\u0142aszaj z\u0142ych aktor\u00f3w, aby zapewni\u0107 bezpiecze\u0144stwo platformy.<\/li>\n<\/ul>\n<h2>Typowe problemy i poprawki Camloo<\/h2>\n<h3>Brak dost\u0119pu do kamery lub mikrofonu<\/h3>\n<p>Zezw\u00f3l na uprawnienia w ustawieniach przegl\u0105darki lub aplikacji.<\/p>\n<h3>Niska jako\u015b\u0107 wideo<\/h3>\n<p>Prze\u0142\u0105cz si\u0119 na silniejsze po\u0142\u0105czenie internetowe.<\/p>\n<h3>Filtry nie dzia\u0142aj\u0105<\/h3>\n<p>Zaloguj si\u0119 i sprawd\u017a, czy wymagaj\u0105 dost\u0119pu premium.<\/p>\n<h3>Napotykanie nieodpowiednich u\u017cytkownik\u00f3w<\/h3>\n<p>Zablokuj\/zg\u0142o\u015b i natychmiast przejd\u017a dalej.<\/p>\n<p>Je\u015bli szukasz prostej, nowoczesnej platformy do losowych czat\u00f3w wideo, kt\u00f3ra pozwala szybko rozpocz\u0105\u0107 rozmow\u0119, warto wypr\u00f3bowa\u0107 Camloo. Jest czysta, szybka i ma wystarczaj\u0105co du\u017co funkcji, aby interakcje by\u0142y bezpieczne i przyjemne - bez przyt\u0142aczania ci\u0119 opcjami.<\/p>\n<p>Chocia\u017c mo\u017ce nie mie\u0107 krzykliwych dodatk\u00f3w, takich jak t\u0142umaczenie lub ogromne kana\u0142y spo\u0142eczno\u015bciowe, Camloo wyr\u00f3\u017cnia si\u0119 dostarczaniem bezpo\u015brednich, niefiltrowanych kontakt\u00f3w mi\u0119dzyludzkich. Dla wielu jest to dok\u0142adnie to, czym powinien by\u0107 losowy czat wideo.<\/p>\n<p>Gotowy, by spr\u00f3bowa\u0107? Odwied\u017a stron\u0119 Camloo lub pobierz aplikacj\u0119, naci\u015bnij start i zobacz, kto czeka po drugiej stronie.<\/p>","protected":false},"excerpt":{"rendered":"<p>In an era where most social media feels predictable and algorithm-driven, Camloo stands out by reviving the pure spontaneity of online interactions. As a modern random video chat platform, Camloo brings together strangers from around the world for instant, face-to-face conversations\u2014no endless scrolling, no curated feeds, just real people meeting in real time. With fast [&hellip;]<\/p>\n","protected":false},"author":6,"featured_media":0,"parent":0,"menu_order":0,"comment_status":"closed","ping_status":"closed","template":"","meta":{"footnotes":""},"class_list":["post-1319","page","type-page","status-publish","hentry"],"yoast_head":"<!-- This site is optimized with the Yoast SEO plugin v27.5 - https:\/\/yoast.com\/product\/yoast-seo-wordpress\/ -->\n<title>Camloo - Alternative to OmeTV &amp; Monkey App - TinyChat.com<\/title>\n<meta name=\"description\" content=\"Enjoying Camloo? Join over 50,000,000 strangers on TinyChat! Turn on your cam and start meeting new people, or find a match.\" \/>\n<meta name=\"robots\" content=\"index, follow, max-snippet:-1, max-image-preview:large, max-video-preview:-1\" \/>\n<link rel=\"canonical\" href=\"https:\/\/tinychat.com\/pl\/camloo\/\" \/>\n<meta property=\"og:locale\" content=\"pl_PL\" \/>\n<meta property=\"og:type\" content=\"article\" \/>\n<meta property=\"og:title\" content=\"Camloo - Alternative to OmeTV &amp; Monkey App - TinyChat.com\" \/>\n<meta property=\"og:description\" content=\"Enjoying Camloo? Join over 50,000,000 strangers on TinyChat! Turn on your cam and start meeting new people, or find a match.\" \/>\n<meta property=\"og:url\" content=\"https:\/\/tinychat.com\/pl\/camloo\/\" \/>\n<meta property=\"og:site_name\" content=\"TinyChat\" \/>\n<meta property=\"article:publisher\" content=\"https:\/\/www.facebook.com\/tinychat\" \/>\n<meta property=\"article:modified_time\" content=\"2025-08-11T07:23:00+00:00\" \/>\n<meta property=\"og:image\" content=\"https:\/\/tinychat.com\/wp-content\/uploads\/2020\/04\/Tinychat-logo-1280x284-new-black.png\" \/>\n\t<meta property=\"og:image:width\" content=\"1280\" \/>\n\t<meta property=\"og:image:height\" content=\"284\" \/>\n\t<meta property=\"og:image:type\" content=\"image\/png\" \/>\n<meta name=\"twitter:card\" content=\"summary_large_image\" \/>\n<meta name=\"twitter:site\" content=\"@tinychat\" \/>\n<meta name=\"twitter:label1\" content=\"Szacowany czas czytania\" \/>\n\t<meta name=\"twitter:data1\" content=\"5 minut\" \/>\n<script type=\"application\/ld+json\" class=\"yoast-schema-graph\">{\"@context\":\"https:\\\/\\\/schema.org\",\"@graph\":[{\"@type\":\"WebPage\",\"@id\":\"https:\\\/\\\/tinychat.com\\\/camloo\\\/\",\"url\":\"https:\\\/\\\/tinychat.com\\\/camloo\\\/\",\"name\":\"Camloo - Alternative to OmeTV & Monkey App - TinyChat.com\",\"isPartOf\":{\"@id\":\"https:\\\/\\\/tinychat.com\\\/#website\"},\"datePublished\":\"2025-08-11T06:58:22+00:00\",\"dateModified\":\"2025-08-11T07:23:00+00:00\",\"description\":\"Enjoying Camloo? Join over 50,000,000 strangers on TinyChat! Turn on your cam and start meeting new people, or find a match.\",\"breadcrumb\":{\"@id\":\"https:\\\/\\\/tinychat.com\\\/camloo\\\/#breadcrumb\"},\"inLanguage\":\"pl-PL\",\"potentialAction\":[{\"@type\":\"ReadAction\",\"target\":[\"https:\\\/\\\/tinychat.com\\\/camloo\\\/\"]}]},{\"@type\":\"BreadcrumbList\",\"@id\":\"https:\\\/\\\/tinychat.com\\\/camloo\\\/#breadcrumb\",\"itemListElement\":[{\"@type\":\"ListItem\",\"position\":1,\"name\":\"Home\",\"item\":\"https:\\\/\\\/tinychat.com\\\/\"},{\"@type\":\"ListItem\",\"position\":2,\"name\":\"Camloo\"}]},{\"@type\":\"WebSite\",\"@id\":\"https:\\\/\\\/tinychat.com\\\/#website\",\"url\":\"https:\\\/\\\/tinychat.com\\\/\",\"name\":\"TinyChat\",\"description\":\"Random Video Chat with Strangers\",\"publisher\":{\"@id\":\"https:\\\/\\\/tinychat.com\\\/#organization\"},\"alternateName\":\"TinyChat.com\",\"potentialAction\":[{\"@type\":\"SearchAction\",\"target\":{\"@type\":\"EntryPoint\",\"urlTemplate\":\"https:\\\/\\\/tinychat.com\\\/?s={search_term_string}\"},\"query-input\":{\"@type\":\"PropertyValueSpecification\",\"valueRequired\":true,\"valueName\":\"search_term_string\"}}],\"inLanguage\":\"pl-PL\"},{\"@type\":\"Organization\",\"@id\":\"https:\\\/\\\/tinychat.com\\\/#organization\",\"name\":\"TinyChat\",\"alternateName\":\"TinyChat.com\",\"url\":\"https:\\\/\\\/tinychat.com\\\/\",\"logo\":{\"@type\":\"ImageObject\",\"inLanguage\":\"pl-PL\",\"@id\":\"https:\\\/\\\/tinychat.com\\\/#\\\/schema\\\/logo\\\/image\\\/\",\"url\":\"https:\\\/\\\/tinychat.com\\\/wp-content\\\/uploads\\\/2023\\\/11\\\/Tinychat-icon-square.png\",\"contentUrl\":\"https:\\\/\\\/tinychat.com\\\/wp-content\\\/uploads\\\/2023\\\/11\\\/Tinychat-icon-square.png\",\"width\":284,\"height\":284,\"caption\":\"TinyChat\"},\"image\":{\"@id\":\"https:\\\/\\\/tinychat.com\\\/#\\\/schema\\\/logo\\\/image\\\/\"},\"sameAs\":[\"https:\\\/\\\/www.facebook.com\\\/tinychat\",\"https:\\\/\\\/x.com\\\/tinychat\"]}]}<\/script>\n<!-- \/ Yoast SEO plugin. -->","yoast_head_json":{"title":"Camloo - Alternatywa dla OmeTV i Monkey App - TinyChat.com","description":"Korzystasz z Camloo? Do\u0142\u0105cz do ponad 50 000 000 nieznajomych na TinyChat! W\u0142\u0105cz kamer\u0119 i zacznij poznawa\u0107 nowych ludzi lub znajd\u017a partnera.","robots":{"index":"index","follow":"follow","max-snippet":"max-snippet:-1","max-image-preview":"max-image-preview:large","max-video-preview":"max-video-preview:-1"},"canonical":"https:\/\/tinychat.com\/pl\/camloo\/","og_locale":"pl_PL","og_type":"article","og_title":"Camloo - Alternative to OmeTV & Monkey App - TinyChat.com","og_description":"Enjoying Camloo? Join over 50,000,000 strangers on TinyChat! Turn on your cam and start meeting new people, or find a match.","og_url":"https:\/\/tinychat.com\/pl\/camloo\/","og_site_name":"TinyChat","article_publisher":"https:\/\/www.facebook.com\/tinychat","article_modified_time":"2025-08-11T07:23:00+00:00","og_image":[{"width":1280,"height":284,"url":"https:\/\/tinychat.com\/wp-content\/uploads\/2020\/04\/Tinychat-logo-1280x284-new-black.png","type":"image\/png"}],"twitter_card":"summary_large_image","twitter_site":"@tinychat","twitter_misc":{"Szacowany czas czytania":"5 minut"},"schema":{"@context":"https:\/\/schema.org","@graph":[{"@type":"WebPage","@id":"https:\/\/tinychat.com\/camloo\/","url":"https:\/\/tinychat.com\/camloo\/","name":"Camloo - Alternatywa dla OmeTV i Monkey App - TinyChat.com","isPartOf":{"@id":"https:\/\/tinychat.com\/#website"},"datePublished":"2025-08-11T06:58:22+00:00","dateModified":"2025-08-11T07:23:00+00:00","description":"Korzystasz z Camloo? Do\u0142\u0105cz do ponad 50 000 000 nieznajomych na TinyChat! W\u0142\u0105cz kamer\u0119 i zacznij poznawa\u0107 nowych ludzi lub znajd\u017a partnera.","breadcrumb":{"@id":"https:\/\/tinychat.com\/camloo\/#breadcrumb"},"inLanguage":"pl-PL","potentialAction":[{"@type":"ReadAction","target":["https:\/\/tinychat.com\/camloo\/"]}]},{"@type":"BreadcrumbList","@id":"https:\/\/tinychat.com\/camloo\/#breadcrumb","itemListElement":[{"@type":"ListItem","position":1,"name":"Home","item":"https:\/\/tinychat.com\/"},{"@type":"ListItem","position":2,"name":"Camloo"}]},{"@type":"WebSite","@id":"https:\/\/tinychat.com\/#website","url":"https:\/\/tinychat.com\/","name":"TinyChat","description":"Losowy czat wideo z nieznajomymi","publisher":{"@id":"https:\/\/tinychat.com\/#organization"},"alternateName":"TinyChat.com","potentialAction":[{"@type":"SearchAction","target":{"@type":"EntryPoint","urlTemplate":"https:\/\/tinychat.com\/?s={search_term_string}"},"query-input":{"@type":"PropertyValueSpecification","valueRequired":true,"valueName":"search_term_string"}}],"inLanguage":"pl-PL"},{"@type":"Organization","@id":"https:\/\/tinychat.com\/#organization","name":"TinyChat","alternateName":"TinyChat.com","url":"https:\/\/tinychat.com\/","logo":{"@type":"ImageObject","inLanguage":"pl-PL","@id":"https:\/\/tinychat.com\/#\/schema\/logo\/image\/","url":"https:\/\/tinychat.com\/wp-content\/uploads\/2023\/11\/Tinychat-icon-square.png","contentUrl":"https:\/\/tinychat.com\/wp-content\/uploads\/2023\/11\/Tinychat-icon-square.png","width":284,"height":284,"caption":"TinyChat"},"image":{"@id":"https:\/\/tinychat.com\/#\/schema\/logo\/image\/"},"sameAs":["https:\/\/www.facebook.com\/tinychat","https:\/\/x.com\/tinychat"]}]}},"_links":{"self":[{"href":"https:\/\/tinychat.com\/pl\/wp-json\/wp\/v2\/pages\/1319","targetHints":{"allow":["GET"]}}],"collection":[{"href":"https:\/\/tinychat.com\/pl\/wp-json\/wp\/v2\/pages"}],"about":[{"href":"https:\/\/tinychat.com\/pl\/wp-json\/wp\/v2\/types\/page"}],"author":[{"embeddable":true,"href":"https:\/\/tinychat.com\/pl\/wp-json\/wp\/v2\/users\/6"}],"replies":[{"embeddable":true,"href":"https:\/\/tinychat.com\/pl\/wp-json\/wp\/v2\/comments?post=1319"}],"version-history":[{"count":4,"href":"https:\/\/tinychat.com\/pl\/wp-json\/wp\/v2\/pages\/1319\/revisions"}],"predecessor-version":[{"id":13433,"href":"https:\/\/tinychat.com\/pl\/wp-json\/wp\/v2\/pages\/1319\/revisions\/13433"}],"wp:attachment":[{"href":"https:\/\/tinychat.com\/pl\/wp-json\/wp\/v2\/media?parent=1319"}],"curies":[{"name":"wp","href":"https:\/\/api.w.org\/{rel}","templated":true}]}}