{"id":13225,"date":"2025-06-12T09:44:17","date_gmt":"2025-06-12T07:44:17","guid":{"rendered":"https:\/\/tinychat.com\/?page_id=13225"},"modified":"2025-06-12T09:44:51","modified_gmt":"2025-06-12T07:44:51","slug":"talk-to-people-online","status":"publish","type":"page","link":"https:\/\/tinychat.com\/pl\/talk-to-people-online\/","title":{"rendered":"Rozmawiaj z lud\u017ami online"},"content":{"rendered":"<p>B\u0105d\u017amy szczerzy: czasami po prostu chcesz porozmawia\u0107 z lud\u017ami online. Nie po to, by porozmawia\u0107 o pogodzie, ale dla tych przypadkowych, niezapomnianych lub po prostu interesuj\u0105cych rozm\u00f3w, kt\u00f3rych nie mo\u017cna uzyska\u0107 nigdzie indziej. Mo\u017ce nudzisz si\u0119 o p\u00f3\u0142nocy, mo\u017ce chcesz pozna\u0107 nowe opinie, a mo\u017ce po prostu chcesz zobaczy\u0107, jacy s\u0105 ludzie w zupe\u0142nie innej cz\u0119\u015bci \u015bwiata. Niezale\u017cnie od powodu, ch\u0119\u0107 dotarcia i nawi\u0105zania kontaktu z nowymi lud\u017ami online jest obecnie do\u015b\u0107 powszechna.<\/p>\n<p>To w\u0142a\u015bnie tam pojawiaj\u0105 si\u0119 platformy takie jak TinyChat. Sprawiaj\u0105 one, \u017ce rozmawianie z lud\u017ami online - kiedykolwiek i gdziekolwiek - jest bardzo \u0142atwe (i, szczerze m\u00f3wi\u0105c, przyjemne). W tym artykule dowiesz si\u0119, dlaczego tak wielu z nas to robi, jak zachowa\u0107 bezpiecze\u0144stwo i dlaczego TinyChat mo\u017ce by\u0107 po prostu najbardziej wyluzowanym miejscem do wypr\u00f3bowania.<\/p>\n<h2>O co chodzi z rozmawianiem z lud\u017ami online?<\/h2>\n<p>Przeanalizujmy atrakcyjno\u015b\u0107. Dlaczego ludzie w og\u00f3le rozmawiaj\u0105 z lud\u017ami online? Oto, co zauwa\u017cy\u0142em (i us\u0142ysza\u0142em od znajomych):<\/p>\n<p><strong>1. Mo\u017cesz by\u0107 sob\u0105 lub kimkolwiek chcesz<\/strong><br \/>\nBez presji, bez oczekiwa\u0144. Kiedy rozmawiasz z lud\u017ami online, mo\u017cesz si\u0119 rozlu\u017ani\u0107, da\u0107 upust emocjom lub po prostu si\u0119 wyg\u0142upia\u0107. Nie musisz si\u0119 martwi\u0107 o to, co kto\u015b pomy\u015bli - ci ludzie ci\u0119 nie znaj\u0105.<\/p>\n<p><strong>2. Ciekawo\u015b\u0107 zabi\u0142a kota, ale satysfakcja go przywr\u00f3ci\u0142a<\/strong><br \/>\nPo prostu interesuj\u0105ce jest dowiedzie\u0107 si\u0119, jak \u017cyj\u0105 inni ludzie, czym si\u0119 interesuj\u0105 i co my\u015bl\u0105 o r\u00f3\u017cnych rzeczach. Czasami spotykasz ludzi online, kt\u00f3rzy otwieraj\u0105 ci oczy na zupe\u0142nie inny spos\u00f3b postrzegania rzeczy.<\/p>\n<p><strong>3. Zabijanie samotno\u015bci, jeden czat na raz<\/strong><br \/>\nJe\u015bli mieszkasz sam, pracujesz w domu lub po prostu czujesz si\u0119 od\u0142\u0105czony, rozmowa z lud\u017ami online mo\u017ce da\u0107 ci zastrzyk energii spo\u0142ecznej. To tak, jakby wpa\u015b\u0107 do zat\u0142oczonej kawiarni na pogaw\u0119dk\u0119 - z t\u0105 r\u00f3\u017cnic\u0105, \u017ce nie trzeba nawet opuszcza\u0107 kanapy.<\/p>\n<p><strong>4. Nowi znajomi, bez niezr\u0119cznych pogaw\u0119dek<\/strong><br \/>\nTak, wi\u0119kszo\u015b\u0107 czat\u00f3w online jest kr\u00f3tka i s\u0142odka. Ale od czasu do czasu mo\u017cna si\u0119 z kim\u015b zaprzyja\u017ani\u0107 i sko\u0144czy\u0107 wymieniaj\u0105c si\u0119 playlistami, historiami z \u017cycia, a nawet uchwytami na Instagramie.<\/p>\n<p><strong>5. Podnoszenie poziomu gry spo\u0142eczno\u015bciowej<\/strong><br \/>\nKiedy rozmawiasz z lud\u017ami online, w ko\u0144cu wiele si\u0119 uczysz - o sobie, o \u015bwiecie, o tym, jak radzi\u0107 sobie z r\u00f3\u017cnymi osobowo\u015bciami. To ca\u0142kiem solidne \"\u017cycie XP\".<\/p>\n<h2>Co w dzisiejszych czasach oznacza \"rozmawianie z lud\u017ami online\"?<\/h2>\n<p>To ju\u017c nie tylko DM czy oldschoolowe fora. Rozmowy z lud\u017ami online to teraz ca\u0142a scena:<\/p>\n<ul>\n<li>Wystarczy nacisn\u0105\u0107 przycisk, by znale\u017a\u0107 si\u0119 twarz\u0105 w twarz (lub tekstowo) z przypadkow\u0105 osob\u0105 po drugiej stronie globu.<\/li>\n<li>Wskocz do tematycznych pokoj\u00f3w rozm\u00f3w pe\u0142nych ludzi rozmawiaj\u0105cych o muzyce, polityce, randkach lub czymkolwiek innym.<\/li>\n<li>Ogl\u0105daj (lub prowad\u017a) czat wideo na \u017cywo, jak mini open-mic night, ale do rozm\u00f3w.<\/li>\n<li>Zachowaj ca\u0142kowit\u0105 anonimowo\u015b\u0107 lub id\u017a na ca\u0142o\u015b\u0107 i poka\u017c swoj\u0105 prawdziw\u0105 twarz - to zale\u017cy od Ciebie.<\/li>\n<\/ul>\n<p>Chodzi o to, \u017ce jest bardzo elastyczny. Ty decydujesz, jak bardzo (lub jak ma\u0142o) chcesz si\u0119 ujawni\u0107.<\/p>\n<h2>Gdzie w og\u00f3le rozmawia\u0107 z lud\u017ami online?<\/h2>\n<p>Nie brakuje witryn i aplikacji do tego celu, ale wszystkie s\u0105 nieco inne. Oto, co jest dost\u0119pne:<\/p>\n<p><strong>1. Losowy czat jeden na jednego<\/strong><br \/>\nPomy\u015bl o Omegle, StrangerCam, tego typu. Jeste\u015b sparowany z kim\u015b losowym. Je\u015bli zrobi si\u0119 dziwnie (lub nudno), po prostu naci\u015bnij \"dalej\".<\/p>\n<p><strong>2. Pokoje rozm\u00f3w grupowych<\/strong><br \/>\nMiejsca takie jak TinyChat pozwalaj\u0105 wskoczy\u0107 do publicznych lub prywatnych pokoj\u00f3w - zwykle posortowanych tematycznie. To jak do\u0142\u0105czenie do imprezy, na kt\u00f3rej nikogo nie znasz, ale wszyscy rozmawiaj\u0105 o twoim ulubionym zespole lub programie telewizyjnym.<\/p>\n<p><strong>3. Przestrzenie czatu wideo na \u017cywo<\/strong><br \/>\nNiekt\u00f3re platformy oferuj\u0105 transmisje na \u017cywo, dzi\u0119ki czemu mo\u017cna je ogl\u0105da\u0107 lub do nich do\u0142\u0105czy\u0107. To co\u015b w rodzaju Twitcha, ale chodzi o to, by rozmawia\u0107 i sp\u0119dza\u0107 czas, a nie tylko ogl\u0105da\u0107.<\/p>\n<p><strong>4. Czat g\u0142osowy<\/strong><br \/>\nNie jeste\u015b fanem wideo? Nie ma problemu. Wiele aplikacji \u0142\u0105czy Ci\u0119 z lud\u017ami w celu prowadzenia rozm\u00f3w wy\u0142\u0105cznie audio - \u015bwietne, je\u015bli jeste\u015b w pi\u017camie lub po prostu chcesz zachowa\u0107 spok\u00f3j.<\/p>\n<h2>Dlaczego TinyChat to \u015bwietne miejsce do rozm\u00f3w online?<\/h2>\n<p>TinyChat istnieje od wiek\u00f3w i nie bez powodu. Je\u015bli szukasz miejsca do rozmowy z lud\u017ami online - bez zwyk\u0142ych dramat\u00f3w - jest to solidny wyb\u00f3r.<\/p>\n<p><strong>Oto, co j\u0105 wyr\u00f3\u017cnia:<\/strong><\/p>\n<ul>\n<li><strong>Brak irytuj\u0105cych rejestracji:<\/strong> Wystarczy wybra\u0107 pseudonim i wskoczy\u0107 do gry. Chcesz wi\u0119cej funkcji? Mo\u017cesz za\u0142o\u017cy\u0107 konto, ale nie musisz.<\/li>\n<li><strong>Wybierz sw\u00f3j tryb:<\/strong> Wideo, audio, tekst - wszystko to jest dost\u0119pne, wi\u0119c mo\u017cesz do\u0142\u0105czy\u0107 w dowolny spos\u00f3b.<\/li>\n<li><strong>Pokoje tematyczne:<\/strong> Niezale\u017cnie od tego, czy interesujesz si\u0119 memami, randkami, polityk\u0105, czy po prostu chcesz si\u0119 rozerwa\u0107, prawdopodobnie znajdziesz pok\u00f3j dla siebie.<\/li>\n<li><strong>Publiczny lub prywatny:<\/strong> Chcesz zat\u0142oczonego pokoju? Prosz\u0119 bardzo. Chcesz czego\u015b kameralnego? Za\u0142\u00f3\u017c w\u0142asn\u0105 i zapro\u015b kilka os\u00f3b.<\/li>\n<li><strong>Rozpocznij transmisj\u0119 na \u017cywo:<\/strong> Je\u015bli czujesz si\u0119 odwa\u017cny, transmituj siebie i zobacz, kto wpadnie na czat. Lub po prostu zrelaksuj si\u0119 i obserwuj, jak inni robi\u0105 swoje.<\/li>\n<li><strong>Dzia\u0142a wsz\u0119dzie:<\/strong> Przegl\u0105darka, iPhone, Android - w podr\u00f3\u017cy lub w domu.<\/li>\n<\/ul>\n<h2>Dobrze, ale czy rozmawianie z lud\u017ami online jest bezpieczne?<\/h2>\n<p>Szczerze? Mo\u017ce tak by\u0107. Wi\u0119kszo\u015b\u0107 ludzi jest tam tylko po to, aby porozmawia\u0107 i dobrze si\u0119 bawi\u0107, ale nadal chcesz u\u017cywa\u0107 g\u0142owy.<\/p>\n<p><strong>Szybkie wskaz\u00f3wki dotycz\u0105ce bezpiecze\u0144stwa podczas rozm\u00f3w online:<\/strong><\/p>\n<ul>\n<li>Trzymaj si\u0119 pseudonim\u00f3w; zachowaj swoje prawdziwe informacje w tajemnicy.<\/li>\n<li>Nie udost\u0119pniaj swojego adresu, szko\u0142y ani pracy.<\/li>\n<li>Uwa\u017caj na wysy\u0142anie zdj\u0119\u0107 lub klikanie podejrzanych link\u00f3w.<\/li>\n<li>Nie zno\u015b chamstwa - korzystaj z funkcji zg\u0142aszania\/blokowania, je\u015bli kto\u015b przekracza granice.<\/li>\n<li>Je\u015bli zdecydujesz si\u0119 przenie\u015b\u0107 rozmow\u0119 do medi\u00f3w spo\u0142eczno\u015bciowych, upewnij si\u0119, \u017ce ufasz tej osobie.<\/li>\n<\/ul>\n<h2>Dlaczego ludzie lubi\u0105 rozmawia\u0107 z lud\u017ami online na TinyChat<\/h2>\n<ul>\n<li><strong>Atmosfera w grupie:<\/strong> Czasami chcesz po prostu pozosta\u0107 w tle, s\u0142ucha\u0107 i wskoczy\u0107, gdy masz co\u015b do powiedzenia. Pokoje grupowe to u\u0142atwiaj\u0105.<\/li>\n<li><strong>Ludzie zewsz\u0105d:<\/strong> B\u0119dziesz rozmawia\u0107 z lud\u017ami z r\u00f3\u017cnych kultur, z r\u00f3\u017cnych perspektyw. Zawsze co\u015b nowego.<\/li>\n<li><strong>Bez presji:<\/strong> Nie jeste\u015b zamkni\u0119ty w rozmowie. Mo\u017cesz wyciszy\u0107 mikrofon, wy\u0142\u0105czy\u0107 wideo lub odbi\u0107 si\u0119, kiedy tylko chcesz.<\/li>\n<li><strong>Tak wiele sposob\u00f3w na po\u0142\u0105czenie:<\/strong> Od g\u0142\u0119bokich rozm\u00f3w po dzielenie si\u0119 muzyk\u0105 - mo\u017cesz kszta\u0142towa\u0107 swoje w\u0142asne do\u015bwiadczenia.<\/li>\n<\/ul>\n<h2>Prawdziwi u\u017cytkownicy opowiadaj\u0105 o rozmowach z lud\u017ami online<\/h2>\n<blockquote><p>\"Sko\u0144czy\u0142o si\u0119 na tym, \u017ce przez godzin\u0119 rozmawia\u0142em z facetem o pizzy. O dziwo, by\u0142 to najwa\u017cniejszy punkt mojego tygodnia\".<br \/>\n- Molly P., USA<\/p><\/blockquote>\n<blockquote><p>\"TinyChat to miejsce, do kt\u00f3rego chodz\u0119, gdy chc\u0119 po prostu pos\u0142ucha\u0107, jak ludzie rozmawiaj\u0105. Czasami nawet si\u0119 nie w\u0142\u0105czam - po prostu lubi\u0119 szum w tle\".<br \/>\n- Thabo S., Republika Po\u0142udniowej Afryki<\/p><\/blockquote>\n<blockquote><p>\"O wiele mniej niezr\u0119czne ni\u017c inne strony z przypadkowymi czatami. Mo\u017cesz po prostu sp\u0119dza\u0107 czas i nikogo nie obchodzi, \u017ce przez chwil\u0119 nie rozmawiasz\".<br \/>\n- Emma J., Wielka Brytania<\/p><\/blockquote>\n<h2>Jak wypada TinyChat w zestawieniu?<\/h2>\n<table>\n<thead>\n<tr>\n<th>Cecha<\/th>\n<th>TinyChat<\/th>\n<th>Omegle<\/th>\n<th>Chatroulette<\/th>\n<th>OmeTV<\/th>\n<th>StrangerCam<\/th>\n<\/tr>\n<\/thead>\n<tbody>\n<tr>\n<td>Pokoje rozm\u00f3w grupowych<\/td>\n<td>\u2705<\/td>\n<td>\u274c<\/td>\n<td>\u274c<\/td>\n<td>\u274c<\/td>\n<td>\u274c<\/td>\n<\/tr>\n<tr>\n<td>Tekst\/wideo\/g\u0142os<\/td>\n<td>\u2705<\/td>\n<td>\u2705<\/td>\n<td>\u2705<\/td>\n<td>\u2705<\/td>\n<td>\u2705<\/td>\n<\/tr>\n<tr>\n<td>Rejestracja nie jest wymagana<\/td>\n<td>\u2705<\/td>\n<td>\u2705<\/td>\n<td>\u2705<\/td>\n<td>\u2705<\/td>\n<td>\u2705<\/td>\n<\/tr>\n<tr>\n<td>Temat Pokoje<\/td>\n<td>\u2705<\/td>\n<td>\u274c<\/td>\n<td>\u274c<\/td>\n<td>\u274c<\/td>\n<td>\u274c<\/td>\n<\/tr>\n<tr>\n<td>Transmisja na \u017cywo<\/td>\n<td>\u2705<\/td>\n<td>\u274c<\/td>\n<td>\u274c<\/td>\n<td>\u274c<\/td>\n<td>\u274c<\/td>\n<\/tr>\n<tr>\n<td>Aplikacje mobilne<\/td>\n<td>\u2705<\/td>\n<td>\u274c<\/td>\n<td>\u2705<\/td>\n<td>\u2705<\/td>\n<td>\u2705<\/td>\n<\/tr>\n<tr>\n<td>Moderacja\/sprawozdawczo\u015b\u0107<\/td>\n<td>\u2705<\/td>\n<td>\u26a0\ufe0f<\/td>\n<td>\u2705<\/td>\n<td>\u2705<\/td>\n<td>\u2705<\/td>\n<\/tr>\n<\/tbody>\n<\/table>\n<p><strong>Kr\u00f3tka wersja?<\/strong> TinyChat jest przeznaczony dla os\u00f3b, kt\u00f3re chc\u0105 czu\u0107 si\u0119 jak w grupie, rozmawia\u0107 na czatach tematycznych i bezstresowo rozmawia\u0107 z lud\u017ami online.<\/p>\n<h2>Chcesz jak najlepiej wykorzysta\u0107 rozmowy z lud\u017ami online? Spr\u00f3buj tego:<\/h2>\n<ul>\n<li><strong>Wystarczy pos\u0142ucha\u0107:<\/strong> Dobrze jest zacz\u0105\u0107 od czajenia si\u0119 i zobaczy\u0107, jak to dzia\u0142a.<\/li>\n<li><strong>Wypr\u00f3buj r\u00f3\u017cne pomieszczenia:<\/strong> Jest miejsce dla ka\u017cdego zainteresowania - eksploruj, a\u017c znajdziesz swoje plemi\u0119.<\/li>\n<li><strong>Wideo opcjonalne:<\/strong> Kameruj tylko wtedy, gdy czujesz si\u0119 na to gotowy.<\/li>\n<li><strong>Nie przejmuj si\u0119:<\/strong> Nie ka\u017cdy czat b\u0119dzie niesamowity. Pr\u00f3buj dalej - znajdziesz kilka pere\u0142ek.<\/li>\n<li><strong>Trzymaj si\u0119:<\/strong> Im cz\u0119\u015bciej tu zagl\u0105dasz, tym bardziej naturalnie si\u0119 czujesz.<\/li>\n<\/ul>\n<p>\"Rozmawianie z lud\u017ami online\" brzmia\u0142o kiedy\u015b troch\u0119 dziwnie. Teraz jest to spos\u00f3b, w jaki wielu z nas poznaje nowych przyjaci\u00f3\u0142, uczy si\u0119 rzeczy i sp\u0119dza czas. Dobrze zrobione, jest zabawne, \u0142atwe, a mo\u017ce nawet troch\u0119 uzale\u017cniaj\u0105ce.<\/p>\n<p>Je\u015bli chcesz wypr\u00f3bowa\u0107 wyluzowane, przyjazne miejsce, daj TinyChat szans\u0119. Mo\u017ce po prostu pos\u0142uchasz, mo\u017ce wdasz si\u0119 w dyskusj\u0119, a mo\u017ce spotkasz kogo\u015b, kto ca\u0142kowicie Ci\u0119 zaskoczy.<\/p>\n<p>Kto wie? Niekt\u00f3re z najlepszych rozm\u00f3w s\u0105 prowadzone z lud\u017ami poznanymi online.<\/p>","protected":false},"excerpt":{"rendered":"<p>Let\u2019s be real: sometimes you just want to talk to people online. Not to make small talk about the weather, but for those random, memorable, or just plain interesting chats you can\u2019t get anywhere else. Maybe you\u2019re bored at midnight, maybe you want a fresh opinion, or maybe you just want to see what people [&hellip;]<\/p>\n","protected":false},"author":8,"featured_media":0,"parent":0,"menu_order":0,"comment_status":"closed","ping_status":"closed","template":"","meta":{"footnotes":""},"class_list":["post-13225","page","type-page","status-publish","hentry"],"yoast_head":"<!-- This site is optimized with the Yoast SEO plugin v27.4 - https:\/\/yoast.com\/product\/yoast-seo-wordpress\/ -->\n<title>Talk to People Online with Video Chat on TinyChat.com<\/title>\n<meta name=\"description\" content=\"Enjoying Talk to People Online? Join over 50,000,000 strangers on TinyChat! Turn on your cam and start meeting new people, or find a match.\" \/>\n<meta name=\"robots\" content=\"index, follow, max-snippet:-1, max-image-preview:large, max-video-preview:-1\" \/>\n<link rel=\"canonical\" href=\"https:\/\/tinychat.com\/pl\/talk-to-people-online\/\" \/>\n<meta property=\"og:locale\" content=\"pl_PL\" \/>\n<meta property=\"og:type\" content=\"article\" \/>\n<meta property=\"og:title\" content=\"Talk to People Online with Video Chat on TinyChat.com\" \/>\n<meta property=\"og:description\" content=\"Enjoying Talk to People Online? Join over 50,000,000 strangers on TinyChat! Turn on your cam and start meeting new people, or find a match.\" \/>\n<meta property=\"og:url\" content=\"https:\/\/tinychat.com\/pl\/talk-to-people-online\/\" \/>\n<meta property=\"og:site_name\" content=\"TinyChat\" \/>\n<meta property=\"article:publisher\" content=\"https:\/\/www.facebook.com\/tinychat\" \/>\n<meta property=\"article:modified_time\" content=\"2025-06-12T07:44:51+00:00\" \/>\n<meta property=\"og:image\" content=\"https:\/\/tinychat.com\/wp-content\/uploads\/2020\/04\/Tinychat-logo-1280x284-new-black.png\" \/>\n\t<meta property=\"og:image:width\" content=\"1280\" \/>\n\t<meta property=\"og:image:height\" content=\"284\" \/>\n\t<meta property=\"og:image:type\" content=\"image\/png\" \/>\n<meta name=\"twitter:card\" content=\"summary_large_image\" \/>\n<meta name=\"twitter:site\" content=\"@tinychat\" \/>\n<meta name=\"twitter:label1\" content=\"Szacowany czas czytania\" \/>\n\t<meta name=\"twitter:data1\" content=\"6 minut\" \/>\n<script type=\"application\/ld+json\" class=\"yoast-schema-graph\">{\"@context\":\"https:\\\/\\\/schema.org\",\"@graph\":[{\"@type\":\"WebPage\",\"@id\":\"https:\\\/\\\/tinychat.com\\\/talk-to-people-online\\\/\",\"url\":\"https:\\\/\\\/tinychat.com\\\/talk-to-people-online\\\/\",\"name\":\"Talk to People Online with Video Chat on TinyChat.com\",\"isPartOf\":{\"@id\":\"https:\\\/\\\/tinychat.com\\\/#website\"},\"datePublished\":\"2025-06-12T07:44:17+00:00\",\"dateModified\":\"2025-06-12T07:44:51+00:00\",\"description\":\"Enjoying Talk to People Online? Join over 50,000,000 strangers on TinyChat! Turn on your cam and start meeting new people, or find a match.\",\"breadcrumb\":{\"@id\":\"https:\\\/\\\/tinychat.com\\\/talk-to-people-online\\\/#breadcrumb\"},\"inLanguage\":\"pl-PL\",\"potentialAction\":[{\"@type\":\"ReadAction\",\"target\":[\"https:\\\/\\\/tinychat.com\\\/talk-to-people-online\\\/\"]}]},{\"@type\":\"BreadcrumbList\",\"@id\":\"https:\\\/\\\/tinychat.com\\\/talk-to-people-online\\\/#breadcrumb\",\"itemListElement\":[{\"@type\":\"ListItem\",\"position\":1,\"name\":\"Home\",\"item\":\"https:\\\/\\\/tinychat.com\\\/\"},{\"@type\":\"ListItem\",\"position\":2,\"name\":\"Talk to People Online\"}]},{\"@type\":\"WebSite\",\"@id\":\"https:\\\/\\\/tinychat.com\\\/#website\",\"url\":\"https:\\\/\\\/tinychat.com\\\/\",\"name\":\"TinyChat\",\"description\":\"Random Video Chat with Strangers\",\"publisher\":{\"@id\":\"https:\\\/\\\/tinychat.com\\\/#organization\"},\"alternateName\":\"TinyChat.com\",\"potentialAction\":[{\"@type\":\"SearchAction\",\"target\":{\"@type\":\"EntryPoint\",\"urlTemplate\":\"https:\\\/\\\/tinychat.com\\\/?s={search_term_string}\"},\"query-input\":{\"@type\":\"PropertyValueSpecification\",\"valueRequired\":true,\"valueName\":\"search_term_string\"}}],\"inLanguage\":\"pl-PL\"},{\"@type\":\"Organization\",\"@id\":\"https:\\\/\\\/tinychat.com\\\/#organization\",\"name\":\"TinyChat\",\"alternateName\":\"TinyChat.com\",\"url\":\"https:\\\/\\\/tinychat.com\\\/\",\"logo\":{\"@type\":\"ImageObject\",\"inLanguage\":\"pl-PL\",\"@id\":\"https:\\\/\\\/tinychat.com\\\/#\\\/schema\\\/logo\\\/image\\\/\",\"url\":\"https:\\\/\\\/tinychat.com\\\/wp-content\\\/uploads\\\/2023\\\/11\\\/Tinychat-icon-square.png\",\"contentUrl\":\"https:\\\/\\\/tinychat.com\\\/wp-content\\\/uploads\\\/2023\\\/11\\\/Tinychat-icon-square.png\",\"width\":284,\"height\":284,\"caption\":\"TinyChat\"},\"image\":{\"@id\":\"https:\\\/\\\/tinychat.com\\\/#\\\/schema\\\/logo\\\/image\\\/\"},\"sameAs\":[\"https:\\\/\\\/www.facebook.com\\\/tinychat\",\"https:\\\/\\\/x.com\\\/tinychat\"]}]}<\/script>\n<!-- \/ Yoast SEO plugin. -->","yoast_head_json":{"title":"Rozmawiaj z lud\u017ami online za pomoc\u0105 czatu wideo na TinyChat.com","description":"Lubisz rozmawia\u0107 z lud\u017ami online? Do\u0142\u0105cz do ponad 50 000 000 nieznajomych na TinyChat! W\u0142\u0105cz kamer\u0119 i zacznij poznawa\u0107 nowych ludzi lub znajd\u017a partnera.","robots":{"index":"index","follow":"follow","max-snippet":"max-snippet:-1","max-image-preview":"max-image-preview:large","max-video-preview":"max-video-preview:-1"},"canonical":"https:\/\/tinychat.com\/pl\/talk-to-people-online\/","og_locale":"pl_PL","og_type":"article","og_title":"Talk to People Online with Video Chat on TinyChat.com","og_description":"Enjoying Talk to People Online? Join over 50,000,000 strangers on TinyChat! Turn on your cam and start meeting new people, or find a match.","og_url":"https:\/\/tinychat.com\/pl\/talk-to-people-online\/","og_site_name":"TinyChat","article_publisher":"https:\/\/www.facebook.com\/tinychat","article_modified_time":"2025-06-12T07:44:51+00:00","og_image":[{"width":1280,"height":284,"url":"https:\/\/tinychat.com\/wp-content\/uploads\/2020\/04\/Tinychat-logo-1280x284-new-black.png","type":"image\/png"}],"twitter_card":"summary_large_image","twitter_site":"@tinychat","twitter_misc":{"Szacowany czas czytania":"6 minut"},"schema":{"@context":"https:\/\/schema.org","@graph":[{"@type":"WebPage","@id":"https:\/\/tinychat.com\/talk-to-people-online\/","url":"https:\/\/tinychat.com\/talk-to-people-online\/","name":"Rozmawiaj z lud\u017ami online za pomoc\u0105 czatu wideo na TinyChat.com","isPartOf":{"@id":"https:\/\/tinychat.com\/#website"},"datePublished":"2025-06-12T07:44:17+00:00","dateModified":"2025-06-12T07:44:51+00:00","description":"Lubisz rozmawia\u0107 z lud\u017ami online? Do\u0142\u0105cz do ponad 50 000 000 nieznajomych na TinyChat! W\u0142\u0105cz kamer\u0119 i zacznij poznawa\u0107 nowych ludzi lub znajd\u017a partnera.","breadcrumb":{"@id":"https:\/\/tinychat.com\/talk-to-people-online\/#breadcrumb"},"inLanguage":"pl-PL","potentialAction":[{"@type":"ReadAction","target":["https:\/\/tinychat.com\/talk-to-people-online\/"]}]},{"@type":"BreadcrumbList","@id":"https:\/\/tinychat.com\/talk-to-people-online\/#breadcrumb","itemListElement":[{"@type":"ListItem","position":1,"name":"Home","item":"https:\/\/tinychat.com\/"},{"@type":"ListItem","position":2,"name":"Talk to People Online"}]},{"@type":"WebSite","@id":"https:\/\/tinychat.com\/#website","url":"https:\/\/tinychat.com\/","name":"TinyChat","description":"Losowy czat wideo z nieznajomymi","publisher":{"@id":"https:\/\/tinychat.com\/#organization"},"alternateName":"TinyChat.com","potentialAction":[{"@type":"SearchAction","target":{"@type":"EntryPoint","urlTemplate":"https:\/\/tinychat.com\/?s={search_term_string}"},"query-input":{"@type":"PropertyValueSpecification","valueRequired":true,"valueName":"search_term_string"}}],"inLanguage":"pl-PL"},{"@type":"Organization","@id":"https:\/\/tinychat.com\/#organization","name":"TinyChat","alternateName":"TinyChat.com","url":"https:\/\/tinychat.com\/","logo":{"@type":"ImageObject","inLanguage":"pl-PL","@id":"https:\/\/tinychat.com\/#\/schema\/logo\/image\/","url":"https:\/\/tinychat.com\/wp-content\/uploads\/2023\/11\/Tinychat-icon-square.png","contentUrl":"https:\/\/tinychat.com\/wp-content\/uploads\/2023\/11\/Tinychat-icon-square.png","width":284,"height":284,"caption":"TinyChat"},"image":{"@id":"https:\/\/tinychat.com\/#\/schema\/logo\/image\/"},"sameAs":["https:\/\/www.facebook.com\/tinychat","https:\/\/x.com\/tinychat"]}]}},"_links":{"self":[{"href":"https:\/\/tinychat.com\/pl\/wp-json\/wp\/v2\/pages\/13225","targetHints":{"allow":["GET"]}}],"collection":[{"href":"https:\/\/tinychat.com\/pl\/wp-json\/wp\/v2\/pages"}],"about":[{"href":"https:\/\/tinychat.com\/pl\/wp-json\/wp\/v2\/types\/page"}],"author":[{"embeddable":true,"href":"https:\/\/tinychat.com\/pl\/wp-json\/wp\/v2\/users\/8"}],"replies":[{"embeddable":true,"href":"https:\/\/tinychat.com\/pl\/wp-json\/wp\/v2\/comments?post=13225"}],"version-history":[{"count":2,"href":"https:\/\/tinychat.com\/pl\/wp-json\/wp\/v2\/pages\/13225\/revisions"}],"predecessor-version":[{"id":13227,"href":"https:\/\/tinychat.com\/pl\/wp-json\/wp\/v2\/pages\/13225\/revisions\/13227"}],"wp:attachment":[{"href":"https:\/\/tinychat.com\/pl\/wp-json\/wp\/v2\/media?parent=13225"}],"curies":[{"name":"wp","href":"https:\/\/api.w.org\/{rel}","templated":true}]}}