{"id":13236,"date":"2025-06-12T10:06:56","date_gmt":"2025-06-12T08:06:56","guid":{"rendered":"https:\/\/tinychat.com\/?page_id=13236"},"modified":"2025-06-12T10:06:56","modified_gmt":"2025-06-12T08:06:56","slug":"single-girl-chat-video-call","status":"publish","type":"page","link":"https:\/\/tinychat.com\/pl\/single-girl-chat-video-call\/","title":{"rendered":"Rozmowa wideo na czacie z samotn\u0105 dziewczyn\u0105"},"content":{"rendered":"<p>Jest co\u015b naprawd\u0119 ekscytuj\u0105cego w rozpocz\u0119ciu rozmowy wideo na czacie z samotn\u0105 dziewczyn\u0105. By\u0107 mo\u017ce chcesz pozna\u0107 kogo\u015b nowego, chcesz zabawnej rozmowy lub jeste\u015b ciekawy randek poza tradycyjnymi aplikacjami. Rozmowy wideo z samotnymi dziewczynami daj\u0105 szans\u0119 na natychmiastowe nawi\u0105zanie kontaktu, pomini\u0119cie d\u0142ugiej fazy wysy\u0142ania wiadomo\u015bci tekstowych i sprawdzenie, z kim naprawd\u0119 si\u0119 czujesz - na \u017cywo, bez filtrowania i w czasie rzeczywistym.<\/p>\n<p>Przy tak wielu samotnych kobietach online, wystarczy jedno klikni\u0119cie, aby odkry\u0107 prawdziwe rozmowy, nowe znajomo\u015bci, a mo\u017ce nawet odrobin\u0119 chemii. Niezale\u017cnie od tego, czy szukasz przyja\u017ani, flirtu, czy czego\u015b wi\u0119cej, te platformy sprawiaj\u0105, \u017ce nie wymaga to wysi\u0142ku.<\/p>\n<h2>Co sprawia, \u017ce czat wideo z samotn\u0105 dziewczyn\u0105 jest inny?<\/h2>\n<p>W przeciwie\u0144stwie do oldschoolowych portali randkowych lub nieko\u0144cz\u0105cego si\u0119 przesuwania palcem po aplikacjach, rozmowa wideo na czacie dla singielek pozwala od razu stan\u0105\u0107 twarz\u0105 w twarz. Nie czytasz profili ani nie wymieniasz wiadomo\u015bci przez kilka dni - rozmawiasz, \u015bmiejesz si\u0119 i widzisz si\u0119 na \u017cywo.<\/p>\n<p>Oto, co sprawia, \u017ce te platformy s\u0105 tak atrakcyjne:<\/p>\n<ul>\n<li>Natychmiastowe po\u0142\u0105czenie: Bez czekania na odpowiedzi, bez zgadywania, czy b\u0119dziesz pasowa\u0107.<\/li>\n<li>Zobacz i daj si\u0119 zobaczy\u0107: Po\u0142\u0105czenia wideo pozwalaj\u0105 pokaza\u0107 prawdziwego siebie i zobaczy\u0107, z kim rozmawiasz.<\/li>\n<li>Poznaj tylko singli: Wi\u0119kszo\u015b\u0107 platform filtruje samotne kobiety, kt\u00f3re faktycznie chc\u0105 rozmawia\u0107 lub nawi\u0105za\u0107 kontakt.<\/li>\n<li>Bez presji: Je\u015bli czat nie dzia\u0142a, po prostu przejd\u017a do nast\u0119pnej rozmowy. Bez niezr\u0119cznych po\u017cegna\u0144.<\/li>\n<\/ul>\n<h2>Jak dzia\u0142a czat wideo z samotn\u0105 dziewczyn\u0105?<\/h2>\n<p>To tak proste, jak to tylko mo\u017cliwe. Oto jak robi to wi\u0119kszo\u015b\u0107 witryn:<\/p>\n<ol>\n<li>Wybierz platform\u0119 do rozm\u00f3w wideo z jedn\u0105 dziewczyn\u0105.<\/li>\n<li>Zezw\u00f3l na dost\u0119p do kamery i mikrofonu.<\/li>\n<li>Kliknij \"Rozpocznij\" lub \"Po\u0142\u0105cz\" i natychmiast po\u0142\u0105cz si\u0119 z samotn\u0105 dziewczyn\u0105, kt\u00f3ra chce porozmawia\u0107.<\/li>\n<li>Rozmawiaj, flirtuj lub po prostu sp\u0119dzaj czas. Je\u015bli nie czujesz tego, kliknij \"dalej\" i poznaj kogo\u015b nowego.<\/li>\n<\/ol>\n<p>Niekt\u00f3re platformy pozwalaj\u0105 nawet ustawi\u0107 preferencje, takie jak kraj, wiek lub zainteresowania, dzi\u0119ki czemu dopasowania s\u0105 jeszcze lepsze.<\/p>\n<h2>Gdzie znale\u017a\u0107 najlepsze platformy do rozm\u00f3w wideo z samotnymi dziewczynami?<\/h2>\n<p>Nie wszystkie witryny do rozm\u00f3w wideo s\u0105 takie same. Najlepsze z nich koncentruj\u0105 si\u0119 na jako\u015bci po\u0142\u0105cze\u0144, bezpiecze\u0144stwie i dobrej zabawie. Niekt\u00f3re ulubione to:<\/p>\n<ul>\n<li>CooMeet: \u0142\u0105czy Ci\u0119 tylko ze zweryfikowanymi samotnymi dziewczynami, z moderacj\u0105 w czasie rzeczywistym.<\/li>\n<li>Chatrandom (czat z dziewczynami): Umo\u017cliwia filtrowanie pod k\u0105tem kobiet, zapewniaj\u0105c skupienie si\u0119 na do\u015bwiadczeniu.<\/li>\n<li>LuckyCrush: Dopasowuje m\u0119\u017cczyzn do samotnych kobiet na czaty wideo jeden na jednego.<\/li>\n<li>StrangerCam: Szybkie, \u0142atwe i pe\u0142ne przyjaznych twarzy.<\/li>\n<li>Chatspin: Oferuje filtry p\u0142ci i fajne efekty wideo.<\/li>\n<\/ul>\n<p>Zapoznaj si\u0119 z kilkoma, aby zobaczy\u0107, kt\u00f3ra z nich jest dla Ciebie odpowiednia. Atmosfera i funkcje mog\u0105 naprawd\u0119 kszta\u0142towa\u0107 rodzaj czat\u00f3w, kt\u00f3re b\u0119dziesz prowadzi\u0107.<\/p>\n<h2>Zachowanie bezpiecze\u0144stwa i szacunku podczas rozm\u00f3w wideo na czacie dla samotnych dziewczyn<\/h2>\n<p>Szacunek i bezpiecze\u0144stwo s\u0105 kluczem do dobrej zabawy. Wi\u0119kszo\u015b\u0107 samotnych dziewczyn online chce pozna\u0107 nowych ludzi, ale ka\u017cdy chce czu\u0107 si\u0119 komfortowo.<\/p>\n<p>Kilka wskaz\u00f3wek zapewniaj\u0105cych wspania\u0142e wra\u017cenia:<\/p>\n<ul>\n<li>Zachowaj przyjazny i uprzejmy ton - pierwsze wra\u017cenie ma znaczenie.<\/li>\n<li>Nie pytaj zbyt wcze\u015bnie o dane osobowe lub media spo\u0142eczno\u015bciowe.<\/li>\n<li>Nigdy na nikogo nie naciskaj.<\/li>\n<li>Je\u015bli co\u015b jest nie tak, zako\u0144cz rozmow\u0119 i przejd\u017a dalej.<\/li>\n<li>U\u017cyj funkcji blokowania\/raportowania, je\u015bli napotkasz jakiekolwiek problemy.<\/li>\n<\/ul>\n<p>Wi\u0119kszo\u015b\u0107 platform ma jasne wytyczne, aby zapewni\u0107 wszystkim pozytywne i bezpieczne warunki.<\/p>\n<h2>Dlaczego ludzie kochaj\u0105 rozmowy wideo na czacie dla samotnych dziewczyn?<\/h2>\n<p>W tych rozmowach chodzi o znacznie wi\u0119cej ni\u017c tylko flirtowanie czy randkowanie. To natychmiastowa informacja zwrotna, prawdziwy \u015bmiech i spontaniczne chwile, kt\u00f3re sprawiaj\u0105, \u017ce u\u017cytkownicy wracaj\u0105.<\/p>\n<p>Oto, co niekt\u00f3rzy maj\u0105 do powiedzenia:<\/p>\n<blockquote><p>\"Rozmowy wideo z samotnymi dziewczynami s\u0105 o wiele bardziej realne ni\u017c zwyk\u0142y czat. Od razu wiesz, czy przypadli\u015bcie sobie do gustu i mo\u017cesz prowadzi\u0107 prawdziw\u0105 rozmow\u0119\".<\/p>\n<p>\"Czasami jest to tylko kr\u00f3tka pogaw\u0119dka o przypadkowych rzeczach, ale czasami spotykasz kogo\u015b, kto po prostu ci\u0119 rozumie\".<\/p>\n<p>\"To zabawne, \u0142atwe i wcale nie kr\u0119puj\u0105ce - po prostu idziesz dalej, je\u015bli co\u015b nie dzia\u0142a\".<\/p><\/blockquote>\n<h2>Jak wypada rozmowa wideo na czacie z samotn\u0105 dziewczyn\u0105<\/h2>\n<table>\n<thead>\n<tr>\n<th>Cecha<\/th>\n<th>Rozmowa wideo na czacie z samotn\u0105 dziewczyn\u0105<\/th>\n<th>Aplikacje randkowe<\/th>\n<th>Grupowy czat wideo<\/th>\n<\/tr>\n<\/thead>\n<tbody>\n<tr>\n<td>Wideo na \u017cywo jeden na jednego<\/td>\n<td>\u2705<\/td>\n<td>\u274c<\/td>\n<td>\u2705<\/td>\n<\/tr>\n<tr>\n<td>Tylko single, tylko dziewczyny<\/td>\n<td>\u2705<\/td>\n<td>\u2705<\/td>\n<td>\u274c<\/td>\n<\/tr>\n<tr>\n<td>Brak oczekiwania - natychmiastowe po\u0142\u0105czenie<\/td>\n<td>\u2705<\/td>\n<td>\u274c<\/td>\n<td>\u2705<\/td>\n<\/tr>\n<tr>\n<td>Przejd\u017a do nast\u0119pnego meczu w dowolnym momencie<\/td>\n<td>\u2705<\/td>\n<td>\u274c<\/td>\n<td>\u2705<\/td>\n<\/tr>\n<tr>\n<td>Brak d\u0142ugich profili do wype\u0142nienia<\/td>\n<td>\u2705<\/td>\n<td>\u274c<\/td>\n<td>\u2705<\/td>\n<\/tr>\n<\/tbody>\n<\/table>\n<p>Jest bezpo\u015bredni, osobisty i skoncentrowany - idealny, je\u015bli jeste\u015b gotowy, aby faktycznie porozmawia\u0107, a nie tylko pisa\u0107.<\/p>\n<h2>Wskaz\u00f3wki dotycz\u0105ce najlepszych wra\u017ce\u0144 z czatu wideo z samotn\u0105 dziewczyn\u0105<\/h2>\n<p>Chcesz jak najlepiej wykorzysta\u0107 swoje po\u0142\u0105czenia? Spr\u00f3buj tego:<\/p>\n<ul>\n<li>U\u015bmiechaj si\u0119 i utrzymuj pozytywn\u0105 atmosfer\u0119 - to bardzo pomaga.<\/li>\n<li>Zacznij od zwyk\u0142ego przywitania i zobacz, jak potoczy si\u0119 rozmowa.<\/li>\n<li>Nie stresuj si\u0119, je\u015bli ka\u017cdy czat nie jest niesamowity - po prostu ciesz si\u0119 r\u00f3\u017cnorodno\u015bci\u0105.<\/li>\n<li>B\u0105d\u017a otwarty; nigdy nie wiesz, kogo spotkasz w przysz\u0142o\u015bci.<\/li>\n<li>Je\u015bli przypadniecie sobie do gustu, nie b\u00f3j si\u0119 przed\u0142u\u017cy\u0107 rozmowy (ale zawsze przestrzegaj granic).<\/li>\n<\/ul>\n<p>Platformy do rozm\u00f3w wideo z samotnymi dziewczynami zmieniaj\u0105 spos\u00f3b, w jaki ludzie \u0142\u0105cz\u0105 si\u0119 i spotykaj\u0105 online. S\u0105 spontaniczne, prawdziwe i szczerze m\u00f3wi\u0105c, o wiele przyjemniejsze ni\u017c przegl\u0105danie nieko\u0144cz\u0105cych si\u0119 profili. Niezale\u017cnie od tego, czy chcesz poflirtowa\u0107, nawi\u0105za\u0107 przyja\u017a\u0144, czy po prostu prze\u0142ama\u0107 rutyn\u0119, po\u0142\u0105czenie wideo z samotn\u0105 dziewczyn\u0105 mo\u017ce by\u0107 dok\u0142adnie tym, czego potrzebujesz.<\/p>\n<p>Chwy\u0107 kamer\u0119 internetow\u0105, miej troch\u0119 pewno\u015bci siebie i zacznij czatowa\u0107. Kolejna \u015bwietna rozmowa - a mo\u017ce nawet iskra - mo\u017ce by\u0107 tylko o jedno klikni\u0119cie.<\/p>","protected":false},"excerpt":{"rendered":"<p>There\u2019s something genuinely exciting about jumping into a single girl chat video call. Maybe you\u2019re looking to meet someone new, want a fun conversation, or are curious about dating outside of traditional apps. Video calling with single girls offers a chance to connect instantly, skip the long texting phase, and see who you really vibe [&hellip;]<\/p>\n","protected":false},"author":8,"featured_media":0,"parent":0,"menu_order":0,"comment_status":"closed","ping_status":"closed","template":"","meta":{"footnotes":""},"class_list":["post-13236","page","type-page","status-publish","hentry"],"yoast_head":"<!-- This site is optimized with the Yoast SEO plugin v27.4 - https:\/\/yoast.com\/product\/yoast-seo-wordpress\/ -->\n<title>Single Girl Chat Video Call with Video Chat on TinyChat.com<\/title>\n<meta name=\"description\" content=\"Enjoying Single Girl Chat Video Call? Join over 50,000,000 strangers on TinyChat! Turn on your cam and start meeting new people, or find a match.\" \/>\n<meta name=\"robots\" content=\"index, follow, max-snippet:-1, max-image-preview:large, max-video-preview:-1\" \/>\n<link rel=\"canonical\" href=\"https:\/\/tinychat.com\/pl\/single-girl-chat-video-call\/\" \/>\n<meta property=\"og:locale\" content=\"pl_PL\" \/>\n<meta property=\"og:type\" content=\"article\" \/>\n<meta property=\"og:title\" content=\"Single Girl Chat Video Call with Video Chat on TinyChat.com\" \/>\n<meta property=\"og:description\" content=\"Enjoying Single Girl Chat Video Call? Join over 50,000,000 strangers on TinyChat! Turn on your cam and start meeting new people, or find a match.\" \/>\n<meta property=\"og:url\" content=\"https:\/\/tinychat.com\/pl\/single-girl-chat-video-call\/\" \/>\n<meta property=\"og:site_name\" content=\"TinyChat\" \/>\n<meta property=\"article:publisher\" content=\"https:\/\/www.facebook.com\/tinychat\" \/>\n<meta property=\"og:image\" content=\"https:\/\/tinychat.com\/wp-content\/uploads\/2020\/04\/Tinychat-logo-1280x284-new-black.png\" \/>\n\t<meta property=\"og:image:width\" content=\"1280\" \/>\n\t<meta property=\"og:image:height\" content=\"284\" \/>\n\t<meta property=\"og:image:type\" content=\"image\/png\" \/>\n<meta name=\"twitter:card\" content=\"summary_large_image\" \/>\n<meta name=\"twitter:site\" content=\"@tinychat\" \/>\n<meta name=\"twitter:label1\" content=\"Szacowany czas czytania\" \/>\n\t<meta name=\"twitter:data1\" content=\"4 minuty\" \/>\n<script type=\"application\/ld+json\" class=\"yoast-schema-graph\">{\"@context\":\"https:\\\/\\\/schema.org\",\"@graph\":[{\"@type\":\"WebPage\",\"@id\":\"https:\\\/\\\/tinychat.com\\\/single-girl-chat-video-call\\\/\",\"url\":\"https:\\\/\\\/tinychat.com\\\/single-girl-chat-video-call\\\/\",\"name\":\"Single Girl Chat Video Call with Video Chat on TinyChat.com\",\"isPartOf\":{\"@id\":\"https:\\\/\\\/tinychat.com\\\/#website\"},\"datePublished\":\"2025-06-12T08:06:56+00:00\",\"description\":\"Enjoying Single Girl Chat Video Call? Join over 50,000,000 strangers on TinyChat! Turn on your cam and start meeting new people, or find a match.\",\"breadcrumb\":{\"@id\":\"https:\\\/\\\/tinychat.com\\\/single-girl-chat-video-call\\\/#breadcrumb\"},\"inLanguage\":\"pl-PL\",\"potentialAction\":[{\"@type\":\"ReadAction\",\"target\":[\"https:\\\/\\\/tinychat.com\\\/single-girl-chat-video-call\\\/\"]}]},{\"@type\":\"BreadcrumbList\",\"@id\":\"https:\\\/\\\/tinychat.com\\\/single-girl-chat-video-call\\\/#breadcrumb\",\"itemListElement\":[{\"@type\":\"ListItem\",\"position\":1,\"name\":\"Home\",\"item\":\"https:\\\/\\\/tinychat.com\\\/\"},{\"@type\":\"ListItem\",\"position\":2,\"name\":\"Single Girl Chat Video Call\"}]},{\"@type\":\"WebSite\",\"@id\":\"https:\\\/\\\/tinychat.com\\\/#website\",\"url\":\"https:\\\/\\\/tinychat.com\\\/\",\"name\":\"TinyChat\",\"description\":\"Random Video Chat with Strangers\",\"publisher\":{\"@id\":\"https:\\\/\\\/tinychat.com\\\/#organization\"},\"alternateName\":\"TinyChat.com\",\"potentialAction\":[{\"@type\":\"SearchAction\",\"target\":{\"@type\":\"EntryPoint\",\"urlTemplate\":\"https:\\\/\\\/tinychat.com\\\/?s={search_term_string}\"},\"query-input\":{\"@type\":\"PropertyValueSpecification\",\"valueRequired\":true,\"valueName\":\"search_term_string\"}}],\"inLanguage\":\"pl-PL\"},{\"@type\":\"Organization\",\"@id\":\"https:\\\/\\\/tinychat.com\\\/#organization\",\"name\":\"TinyChat\",\"alternateName\":\"TinyChat.com\",\"url\":\"https:\\\/\\\/tinychat.com\\\/\",\"logo\":{\"@type\":\"ImageObject\",\"inLanguage\":\"pl-PL\",\"@id\":\"https:\\\/\\\/tinychat.com\\\/#\\\/schema\\\/logo\\\/image\\\/\",\"url\":\"https:\\\/\\\/tinychat.com\\\/wp-content\\\/uploads\\\/2023\\\/11\\\/Tinychat-icon-square.png\",\"contentUrl\":\"https:\\\/\\\/tinychat.com\\\/wp-content\\\/uploads\\\/2023\\\/11\\\/Tinychat-icon-square.png\",\"width\":284,\"height\":284,\"caption\":\"TinyChat\"},\"image\":{\"@id\":\"https:\\\/\\\/tinychat.com\\\/#\\\/schema\\\/logo\\\/image\\\/\"},\"sameAs\":[\"https:\\\/\\\/www.facebook.com\\\/tinychat\",\"https:\\\/\\\/x.com\\\/tinychat\"]}]}<\/script>\n<!-- \/ Yoast SEO plugin. -->","yoast_head_json":{"title":"Rozmowa wideo na czacie z samotn\u0105 dziewczyn\u0105 na TinyChat.com","description":"Korzystasz z czatu wideo z samotn\u0105 dziewczyn\u0105? Do\u0142\u0105cz do ponad 50 000 000 nieznajomych na TinyChat! W\u0142\u0105cz kamer\u0119 i zacznij poznawa\u0107 nowych ludzi lub znajd\u017a partnera.","robots":{"index":"index","follow":"follow","max-snippet":"max-snippet:-1","max-image-preview":"max-image-preview:large","max-video-preview":"max-video-preview:-1"},"canonical":"https:\/\/tinychat.com\/pl\/single-girl-chat-video-call\/","og_locale":"pl_PL","og_type":"article","og_title":"Single Girl Chat Video Call with Video Chat on TinyChat.com","og_description":"Enjoying Single Girl Chat Video Call? Join over 50,000,000 strangers on TinyChat! Turn on your cam and start meeting new people, or find a match.","og_url":"https:\/\/tinychat.com\/pl\/single-girl-chat-video-call\/","og_site_name":"TinyChat","article_publisher":"https:\/\/www.facebook.com\/tinychat","og_image":[{"width":1280,"height":284,"url":"https:\/\/tinychat.com\/wp-content\/uploads\/2020\/04\/Tinychat-logo-1280x284-new-black.png","type":"image\/png"}],"twitter_card":"summary_large_image","twitter_site":"@tinychat","twitter_misc":{"Szacowany czas czytania":"4 minuty"},"schema":{"@context":"https:\/\/schema.org","@graph":[{"@type":"WebPage","@id":"https:\/\/tinychat.com\/single-girl-chat-video-call\/","url":"https:\/\/tinychat.com\/single-girl-chat-video-call\/","name":"Rozmowa wideo na czacie z samotn\u0105 dziewczyn\u0105 na TinyChat.com","isPartOf":{"@id":"https:\/\/tinychat.com\/#website"},"datePublished":"2025-06-12T08:06:56+00:00","description":"Korzystasz z czatu wideo z samotn\u0105 dziewczyn\u0105? Do\u0142\u0105cz do ponad 50 000 000 nieznajomych na TinyChat! W\u0142\u0105cz kamer\u0119 i zacznij poznawa\u0107 nowych ludzi lub znajd\u017a partnera.","breadcrumb":{"@id":"https:\/\/tinychat.com\/single-girl-chat-video-call\/#breadcrumb"},"inLanguage":"pl-PL","potentialAction":[{"@type":"ReadAction","target":["https:\/\/tinychat.com\/single-girl-chat-video-call\/"]}]},{"@type":"BreadcrumbList","@id":"https:\/\/tinychat.com\/single-girl-chat-video-call\/#breadcrumb","itemListElement":[{"@type":"ListItem","position":1,"name":"Home","item":"https:\/\/tinychat.com\/"},{"@type":"ListItem","position":2,"name":"Single Girl Chat Video Call"}]},{"@type":"WebSite","@id":"https:\/\/tinychat.com\/#website","url":"https:\/\/tinychat.com\/","name":"TinyChat","description":"Losowy czat wideo z nieznajomymi","publisher":{"@id":"https:\/\/tinychat.com\/#organization"},"alternateName":"TinyChat.com","potentialAction":[{"@type":"SearchAction","target":{"@type":"EntryPoint","urlTemplate":"https:\/\/tinychat.com\/?s={search_term_string}"},"query-input":{"@type":"PropertyValueSpecification","valueRequired":true,"valueName":"search_term_string"}}],"inLanguage":"pl-PL"},{"@type":"Organization","@id":"https:\/\/tinychat.com\/#organization","name":"TinyChat","alternateName":"TinyChat.com","url":"https:\/\/tinychat.com\/","logo":{"@type":"ImageObject","inLanguage":"pl-PL","@id":"https:\/\/tinychat.com\/#\/schema\/logo\/image\/","url":"https:\/\/tinychat.com\/wp-content\/uploads\/2023\/11\/Tinychat-icon-square.png","contentUrl":"https:\/\/tinychat.com\/wp-content\/uploads\/2023\/11\/Tinychat-icon-square.png","width":284,"height":284,"caption":"TinyChat"},"image":{"@id":"https:\/\/tinychat.com\/#\/schema\/logo\/image\/"},"sameAs":["https:\/\/www.facebook.com\/tinychat","https:\/\/x.com\/tinychat"]}]}},"_links":{"self":[{"href":"https:\/\/tinychat.com\/pl\/wp-json\/wp\/v2\/pages\/13236","targetHints":{"allow":["GET"]}}],"collection":[{"href":"https:\/\/tinychat.com\/pl\/wp-json\/wp\/v2\/pages"}],"about":[{"href":"https:\/\/tinychat.com\/pl\/wp-json\/wp\/v2\/types\/page"}],"author":[{"embeddable":true,"href":"https:\/\/tinychat.com\/pl\/wp-json\/wp\/v2\/users\/8"}],"replies":[{"embeddable":true,"href":"https:\/\/tinychat.com\/pl\/wp-json\/wp\/v2\/comments?post=13236"}],"version-history":[{"count":2,"href":"https:\/\/tinychat.com\/pl\/wp-json\/wp\/v2\/pages\/13236\/revisions"}],"predecessor-version":[{"id":13238,"href":"https:\/\/tinychat.com\/pl\/wp-json\/wp\/v2\/pages\/13236\/revisions\/13238"}],"wp:attachment":[{"href":"https:\/\/tinychat.com\/pl\/wp-json\/wp\/v2\/media?parent=13236"}],"curies":[{"name":"wp","href":"https:\/\/api.w.org\/{rel}","templated":true}]}}