{"id":13261,"date":"2025-06-17T13:46:44","date_gmt":"2025-06-17T11:46:44","guid":{"rendered":"https:\/\/tinychat.com\/?page_id=13261"},"modified":"2025-06-17T13:47:34","modified_gmt":"2025-06-17T11:47:34","slug":"roulette-chat","status":"publish","type":"page","link":"https:\/\/tinychat.com\/pl\/roulette-chat\/","title":{"rendered":"Roulette Chat"},"content":{"rendered":"<p>Czy kiedykolwiek chcia\u0142e\u015b po prostu rzuci\u0107 kostk\u0105 i zobaczy\u0107, kogo spotkasz online? W\u0142a\u015bnie to sprawia, \u017ce czat ruletka jest tak zabawny. W przeciwie\u0144stwie do tradycyjnych aplikacji do przesy\u0142ania wiadomo\u015bci lub medi\u00f3w spo\u0142eczno\u015bciowych, czat ruletka umo\u017cliwia natychmiastowe \u0142\u0105czenie si\u0119 z przypadkowymi osobami z dowolnego miejsca na \u015bwiecie. Za ka\u017cdym razem, gdy klikniesz \"dalej\", to jak kr\u0119cenie ko\u0142em - mo\u017cesz znale\u017a\u0107 \u015bwietn\u0105 rozmow\u0119, nowego przyjaciela, a nawet niespodziewany romans.<\/p>\n<p>Niezale\u017cnie od tego, czy jeste\u015b w domu w leniwy wiecz\u00f3r, chcesz prze\u0142ama\u0107 nud\u0119, czy po prostu jeste\u015b ciekawy, kto jeszcze tam jest, strony z czatami ruletki oferuj\u0105 \u0142atwy, bezci\u015bnieniowy spos\u00f3b na odkrywanie nowych twarzy. Atrakcyjno\u015b\u0107 polega na spontaniczno\u015bci: nie ma profili do przeczytania, nie ma d\u0142ugich wst\u0119p\u00f3w, tylko czysta, nieprzewidywalna rozmowa.<\/p>\n<h2>Co to jest Roulette Chat?<\/h2>\n<p>Roulette chat to internetowa platforma do czatowania, kt\u00f3ra \u0142\u0105czy ci\u0119 z losowymi u\u017cytkownikami w czasie rzeczywistym, zazwyczaj za po\u015brednictwem wideo, a czasem tekstu. Opiera si\u0119 na idei losowego parowania - pomy\u015bl o tym jako o internetowej wersji losowania imienia z kapelusza i sprawdzania, z kim b\u0119dziesz rozmawia\u0107 w nast\u0119pnej kolejno\u015bci.<\/p>\n<p>Wi\u0119kszo\u015b\u0107 witryn czatu w ruletce jest zaprojektowana tak, aby by\u0142a szybka, prosta i przyjazna dla u\u017cytkownika:<\/p>\n<ul>\n<li>Nie ma potrzeby d\u0142ugiego rejestrowania si\u0119 (cz\u0119sto wystarczy wybra\u0107 pseudonim i gotowe).<\/li>\n<li>Przejd\u017a od razu do sesji czatu z losowym partnerem<\/li>\n<li>Je\u015bli rozmowa nie jest dla ciebie, po prostu kliknij \"dalej\" i natychmiast zdob\u0105d\u017a kogo\u015b nowego<\/li>\n<\/ul>\n<p>Jest co\u015b ekscytuj\u0105cego w tym, \u017ce nigdy nie wiadomo, kto pojawi si\u0119 na ekranie. Czasami jest to kolega ze studi\u00f3w z drugiego ko\u0144ca \u015bwiata, czasami miejscowy, a czasami po prostu kto\u015b, kto chce si\u0119 po\u015bmia\u0107.<\/p>\n<h2>Jak dzia\u0142a Roulette Chat?<\/h2>\n<p>Proces jest prosty i prawie zawsze taki sam:<\/p>\n<ol>\n<li>Odwied\u017a platform\u0119 lub aplikacj\u0119 czatu ruletki.<\/li>\n<li>Zezw\u00f3l na dost\u0119p do kamery i mikrofonu, je\u015bli chcesz wideo (wi\u0119kszo\u015b\u0107 oferuje r\u00f3wnie\u017c czat tekstowy).<\/li>\n<li>Naci\u015bnij \"Start\" lub \"Po\u0142\u0105cz\", aby do\u0142\u0105czy\u0107 do losowej kolejki.<\/li>\n<li>Natychmiastowe sparowanie z innym u\u017cytkownikiem.<\/li>\n<li>Czatuj tak d\u0142ugo (lub tak kr\u00f3tko), jak chcesz.<\/li>\n<li>Naci\u015bnij \"dalej\" w dowolnym momencie, aby przej\u015b\u0107 dalej i pozna\u0107 kogo\u015b nowego.<\/li>\n<\/ol>\n<p>Wiele czat\u00f3w z ruletk\u0105 jest r\u00f3wnie\u017c ca\u0142kowicie darmowych, co czyni je idealnymi do spontanicznych spotka\u0144 towarzyskich.<\/p>\n<h2>Rodzaje do\u015bwiadcze\u0144 Roulette Chat<\/h2>\n<p>Czat w ruletce to nie tylko jedna rzecz - wyst\u0119puje w wielu r\u00f3\u017cnych smakach. Niekt\u00f3re z najpopularniejszych opcji obejmuj\u0105:<\/p>\n<ul>\n<li>Losowy czat wideo z ruletk\u0105: Klasyczna rozmowa przez kamer\u0119 internetow\u0105, twarz\u0105 w twarz z nieznajomymi.<\/li>\n<li>Tekstowy czat w ruletce: Je\u015bli nie jeste\u015b gotowy na kamer\u0119, pozosta\u0144 przy pisaniu.<\/li>\n<li>Darmowy czat w ruletce: Wi\u0119kszo\u015b\u0107 witryn oferuje podstawowe funkcje bez \u017cadnych op\u0142at.<\/li>\n<li>Mobilne aplikacje do czatowania w ruletk\u0119: Do czatowania w podr\u00f3\u017cy, gdziekolwiek jeste\u015b.<\/li>\n<li>Tematyczne czaty z ruletk\u0105: Niekt\u00f3re strony oferuj\u0105 filtry zainteresowa\u0144, j\u0119zyk\u00f3w lub wieku.<\/li>\n<\/ul>\n<p>Bez wzgl\u0119du na to, co lubisz, istnieje opcja czatu w ruletce, kt\u00f3ra pasuje do Twojego nastroju i stylu.<\/p>\n<h2>Dlaczego ludzie kochaj\u0105 Roulette Chat?<\/h2>\n<p>Istnieje wiele powod\u00f3w, dla kt\u00f3rych czat ruletka sta\u0142 si\u0119 tak popularny, zw\u0142aszcza w\u015br\u00f3d os\u00f3b, kt\u00f3re s\u0105 zm\u0119czone nieko\u0144cz\u0105cym si\u0119 przewijaniem lub presj\u0105 aplikacji randkowych.<\/p>\n<ul>\n<li>Jest spontaniczny: Ka\u017cdy czat to nowy pocz\u0105tek. Je\u015bli rozmowa jest niezr\u0119czna lub nudna, mo\u017cesz natychmiast przej\u015b\u0107 dalej.<\/li>\n<li>Jest globalny: spotykasz ludzi z ca\u0142ego \u015bwiata, z r\u00f3\u017cnych \u015brodowisk.<\/li>\n<li>Jest anonimowy: u\u017cyj pseudonimu, pomi\u0144 profil i b\u0105d\u017a tak otwarty (lub prywatny), jak chcesz.<\/li>\n<li>Niska presja: nie oczekuje si\u0119 wymiany numer\u00f3w ani kontakt\u00f3w towarzyskich - chyba \u017ce chcesz.<\/li>\n<li>To tylko zabawa: Zawsze jest szansa na poznanie kogo\u015b niezapomnianego.<\/li>\n<\/ul>\n<p>\"Czat w ruletce pom\u00f3g\u0142 mi przezwyci\u0119\u017cy\u0107 nie\u015bmia\u0142o\u015b\u0107. Nigdy nie wiesz, kto b\u0119dzie nast\u0119pny, wi\u0119c po prostu si\u0119 relaksujesz i p\u0142yniesz z pr\u0105dem\".<\/p>\n<p>\"Czasami spotykasz ludzi, kt\u00f3rzy staj\u0105 si\u0119 przyjaci\u00f3\u0142mi, czasami to tylko szybki \u015bmiech. Nigdy nie jest dwa razy tak samo!\"<\/p>\n<h2>Popularne platformy Roulette Chat<\/h2>\n<p>Kilka czat\u00f3w z ruletk\u0105 wyr\u00f3\u017cnia si\u0119 prostot\u0105, du\u017c\u0105 baz\u0105 u\u017cytkownik\u00f3w i dobr\u0105 moderacj\u0105:<\/p>\n<ul>\n<li>Chatroulette: Orygina\u0142, wci\u0105\u017c jeden z najbardziej ruchliwych i globalnych.<\/li>\n<li>Omegle (czat wideo): Oferuje zar\u00f3wno opcje tekstowe, jak i kamer\u0119 internetow\u0105 z przyciskiem \"next\" do natychmiastowego parowania.<\/li>\n<li>Chatrandom: Znany z filtr\u00f3w, takich jak p\u0142e\u0107 i kraj, oraz du\u017cej, aktywnej bazy u\u017cytkownik\u00f3w.<\/li>\n<li>Camsurf: Prosty, przyjazny dla urz\u0105dze\u0144 mobilnych i skoncentrowany na szybkich czatach wideo z ruletk\u0105.<\/li>\n<li>Chatspin: Zawiera filtry zainteresowa\u0144 oraz tryb wideo i tekstowy.<\/li>\n<\/ul>\n<p>Ka\u017cdy z nich ma sw\u00f3j w\u0142asny klimat - niekt\u00f3re s\u0105 bardziej wyluzowane, inne bardziej zalotne lub pe\u0142ne przyg\u00f3d. Wypr\u00f3buj kilka, aby zobaczy\u0107, kt\u00f3ry czat w ruletce jest dla Ciebie odpowiedni.<\/p>\n<h2>Bezpiecze\u0144stwo i szacunek w Roulette Chat<\/h2>\n<p>Czat w ruletce jest zazwyczaj bezpieczny i przyjemny, ale poniewa\u017c nigdy nie wiadomo, kto jest po drugiej stronie, kilka m\u0105drych nawyk\u00f3w mo\u017ce zrobi\u0107 r\u00f3\u017cnic\u0119:<\/p>\n<ul>\n<li>Nigdy nie udost\u0119pniaj prywatnych informacji (nazwiska, adresu, miejsca pracy).<\/li>\n<li>U\u017cywaj pseudonimu, zw\u0142aszcza na pocz\u0105tku rozmowy.<\/li>\n<li>Je\u015bli kto\u015b sprawi, \u017ce poczujesz si\u0119 niekomfortowo, wyjd\u017a lub naci\u015bnij \"nast\u0119pny\" - nie potrzebujesz \u017cadnych wyja\u015bnie\u0144.<\/li>\n<li>Zg\u0142aszaj lub blokuj ka\u017cdego, kto przekroczy granic\u0119; wi\u0119kszo\u015b\u0107 witryn ma do tego \u0142atwe narz\u0119dzia.<\/li>\n<li>Je\u015bli korzystasz z czatu w ruletce dla doros\u0142ych, zawsze upewnij si\u0119, \u017ce jeste\u015b na renomowanej stronie 18+.<\/li>\n<\/ul>\n<p>Wi\u0119kszo\u015b\u0107 u\u017cytkownik\u00f3w chce po prostu porozmawia\u0107, po\u015bmia\u0107 si\u0119 lub pozna\u0107 kogo\u015b nowego. Odrobina ostro\u017cno\u015bci mo\u017ce wiele zdzia\u0142a\u0107.<\/p>\n<h2>Roulette Chat vs. inne opcje czatu online<\/h2>\n<table>\n<thead>\n<tr>\n<th>Cecha<\/th>\n<th>Roulette Chat<\/th>\n<th>Media spo\u0142eczno\u015bciowe<\/th>\n<th>Aplikacje randkowe<\/th>\n<th>Pokoje rozm\u00f3w grupowych<\/th>\n<\/tr>\n<\/thead>\n<tbody>\n<tr>\n<td>Losowe natychmiastowe dopasowanie<\/td>\n<td>\u2705<\/td>\n<td>\u274c<\/td>\n<td>\u274c<\/td>\n<td>\u274c<\/td>\n<\/tr>\n<tr>\n<td>Profil nie jest wymagany<\/td>\n<td>\u2705<\/td>\n<td>\u274c<\/td>\n<td>\u274c<\/td>\n<td>\u274c<\/td>\n<\/tr>\n<tr>\n<td>Anonimowo\u015b\u0107<\/td>\n<td>\u2705<\/td>\n<td>\u274c<\/td>\n<td>\u2705<\/td>\n<td>\u2705<\/td>\n<\/tr>\n<tr>\n<td>Dost\u0119pny czat wideo<\/td>\n<td>\u2705<\/td>\n<td>\u2705<\/td>\n<td>\u2705<\/td>\n<td>\u2705<\/td>\n<\/tr>\n<tr>\n<td>Darmowy w u\u017cyciu<\/td>\n<td>\u2705<\/td>\n<td>\u2705<\/td>\n<td>\u274c<\/td>\n<td>\u2705<\/td>\n<\/tr>\n<tr>\n<td>\"Dalej\"\/przejd\u017a w dowolnym momencie<\/td>\n<td>\u2705<\/td>\n<td>\u274c<\/td>\n<td>\u274c<\/td>\n<td>\u2705<\/td>\n<\/tr>\n<\/tbody>\n<\/table>\n<p>Roulette chat to przede wszystkim szybko\u015b\u0107, zaskoczenie i prostota - bez \u015bcian rejestracji, bez nieko\u0144cz\u0105cych si\u0119 biografii i bez zobowi\u0105za\u0144.<\/p>\n<h2>Jak najlepiej wykorzysta\u0107 Roulette Chat<\/h2>\n<p>Kilka prostych wskaz\u00f3wek mo\u017ce sprawi\u0107, \u017ce czat w ruletce b\u0119dzie jeszcze przyjemniejszy:<\/p>\n<ul>\n<li>Zachowaj pozytywne nastawienie - u\u015bmiech, \u017carty i ciekawo\u015b\u0107 mog\u0105 wiele zdzia\u0142a\u0107.<\/li>\n<li>Nie stresuj si\u0119 niezr\u0119cznymi rozmowami; po prostu pomi\u0144 i spr\u00f3buj ponownie.<\/li>\n<li>Je\u015bli szukasz konkretnych rozm\u00f3w (takich jak wymiana j\u0119zykowa lub gry), wspomnij o tym na pocz\u0105tku czatu.<\/li>\n<li>Szanuj granice wszystkich - wi\u0119kszo\u015b\u0107 ludzi chce po prostu dobrze si\u0119 bawi\u0107, a nie dramatyzowa\u0107.<\/li>\n<li>Wypr\u00f3buj czat ruletki o r\u00f3\u017cnych porach dnia, aby pozna\u0107 ludzi z innych stref czasowych.<\/li>\n<\/ul>\n<p>I nie zapominaj: to ma by\u0107 zabawa! Traktuj ka\u017cdy czat jak now\u0105 przygod\u0119.<\/p>\n<h2>Kiedy warto wypr\u00f3bowa\u0107 Roulette Chat?<\/h2>\n<p>Szczerze m\u00f3wi\u0105c, za ka\u017cdym razem, gdy chcesz prawdziwej rozmowy lub czego\u015b innego. Niekt\u00f3rzy ludzie u\u017cywaj\u0105 czatu do ruletki:<\/p>\n<ul>\n<li>Pokonaj nud\u0119 w woln\u0105 noc<\/li>\n<li>\u0106wiczenie m\u00f3wienia w nowym j\u0119zyku<\/li>\n<li>Po\u015bmiej si\u0119 po ci\u0119\u017ckim dniu<\/li>\n<li>Poznaj nowych przyjaci\u00f3\u0142 w ca\u0142kowicie swobodnym otoczeniu<\/li>\n<li>Poznaj randki i flirt, bez presji<\/li>\n<li>Odkryj perspektywy z ca\u0142ego \u015bwiata<\/li>\n<\/ul>\n<p>Czat Roulette jest idealny do szybkich spotka\u0144 lub d\u0142ugich, nocnych rozm\u00f3w.<\/p>\n<p>Roulette chat to internetowa odpowied\u017a na spontaniczne, niezobowi\u0105zuj\u0105ce znajomo\u015bci. Jest \u0142atwy, natychmiastowy i otwarty dla wszystkich - niezale\u017cnie od tego, czy chcesz si\u0119 zaprzyja\u017ani\u0107, flirtowa\u0107, czy po prostu zobaczy\u0107, jak\u0105 przypadkow\u0105 zabaw\u0119 mo\u017cesz znale\u017a\u0107. Bez rejestracji, bez presji, a ka\u017cda rozmowa to nowy spin.<\/p>\n<p>Gotowy, aby zobaczy\u0107, kto tam jest? Wypr\u00f3buj darmowy czat ruletka dzi\u015b wieczorem, poznaj ludzi, kt\u00f3rych nigdy nie znalaz\u0142by\u015b w inny spos\u00f3b i do\u015bwiadcz ekscytacji, nie wiedz\u0105c, kto b\u0119dzie nast\u0119pny.<\/p>\n<p>Dzi\u0119ki czatowi ruletki \u015bwiat jest zawsze o jedno klikni\u0119cie dalej.<\/p>","protected":false},"excerpt":{"rendered":"<p>Ever wish you could just roll the dice and see who you meet next online? That\u2019s exactly what makes roulette chat so much fun. Unlike traditional messaging apps or social media, roulette chat lets you connect instantly with random people from anywhere in the world. Every time you hit \u201cnext,\u201d it\u2019s like spinning the wheel\u2014you [&hellip;]<\/p>\n","protected":false},"author":8,"featured_media":0,"parent":0,"menu_order":0,"comment_status":"closed","ping_status":"closed","template":"","meta":{"footnotes":""},"class_list":["post-13261","page","type-page","status-publish","hentry"],"yoast_head":"<!-- This site is optimized with the Yoast SEO plugin v27.5 - https:\/\/yoast.com\/product\/yoast-seo-wordpress\/ -->\n<title>Roulette Chat with Video Chat on TinyChat.com<\/title>\n<meta name=\"description\" content=\"Enjoying Roulette Chat? Join over 50,000,000 strangers on TinyChat! Turn on your cam and start meeting new people, or find a match.\" \/>\n<meta name=\"robots\" content=\"index, follow, max-snippet:-1, max-image-preview:large, max-video-preview:-1\" \/>\n<link rel=\"canonical\" href=\"https:\/\/tinychat.com\/pl\/roulette-chat\/\" \/>\n<meta property=\"og:locale\" content=\"pl_PL\" \/>\n<meta property=\"og:type\" content=\"article\" \/>\n<meta property=\"og:title\" content=\"Roulette Chat with Video Chat on TinyChat.com\" \/>\n<meta property=\"og:description\" content=\"Enjoying Roulette Chat? Join over 50,000,000 strangers on TinyChat! Turn on your cam and start meeting new people, or find a match.\" \/>\n<meta property=\"og:url\" content=\"https:\/\/tinychat.com\/pl\/roulette-chat\/\" \/>\n<meta property=\"og:site_name\" content=\"TinyChat\" \/>\n<meta property=\"article:publisher\" content=\"https:\/\/www.facebook.com\/tinychat\" \/>\n<meta property=\"article:modified_time\" content=\"2025-06-17T11:47:34+00:00\" \/>\n<meta property=\"og:image\" content=\"https:\/\/tinychat.com\/wp-content\/uploads\/2020\/04\/Tinychat-logo-1280x284-new-black.png\" \/>\n\t<meta property=\"og:image:width\" content=\"1280\" \/>\n\t<meta property=\"og:image:height\" content=\"284\" \/>\n\t<meta property=\"og:image:type\" content=\"image\/png\" \/>\n<meta name=\"twitter:card\" content=\"summary_large_image\" \/>\n<meta name=\"twitter:site\" content=\"@tinychat\" \/>\n<meta name=\"twitter:label1\" content=\"Szacowany czas czytania\" \/>\n\t<meta name=\"twitter:data1\" content=\"6 minut\" \/>\n<script type=\"application\/ld+json\" class=\"yoast-schema-graph\">{\"@context\":\"https:\\\/\\\/schema.org\",\"@graph\":[{\"@type\":\"WebPage\",\"@id\":\"https:\\\/\\\/tinychat.com\\\/roulette-chat\\\/\",\"url\":\"https:\\\/\\\/tinychat.com\\\/roulette-chat\\\/\",\"name\":\"Roulette Chat with Video Chat on TinyChat.com\",\"isPartOf\":{\"@id\":\"https:\\\/\\\/tinychat.com\\\/#website\"},\"datePublished\":\"2025-06-17T11:46:44+00:00\",\"dateModified\":\"2025-06-17T11:47:34+00:00\",\"description\":\"Enjoying Roulette Chat? Join over 50,000,000 strangers on TinyChat! Turn on your cam and start meeting new people, or find a match.\",\"breadcrumb\":{\"@id\":\"https:\\\/\\\/tinychat.com\\\/roulette-chat\\\/#breadcrumb\"},\"inLanguage\":\"pl-PL\",\"potentialAction\":[{\"@type\":\"ReadAction\",\"target\":[\"https:\\\/\\\/tinychat.com\\\/roulette-chat\\\/\"]}]},{\"@type\":\"BreadcrumbList\",\"@id\":\"https:\\\/\\\/tinychat.com\\\/roulette-chat\\\/#breadcrumb\",\"itemListElement\":[{\"@type\":\"ListItem\",\"position\":1,\"name\":\"Home\",\"item\":\"https:\\\/\\\/tinychat.com\\\/\"},{\"@type\":\"ListItem\",\"position\":2,\"name\":\"Roulette Chat\"}]},{\"@type\":\"WebSite\",\"@id\":\"https:\\\/\\\/tinychat.com\\\/#website\",\"url\":\"https:\\\/\\\/tinychat.com\\\/\",\"name\":\"TinyChat\",\"description\":\"Random Video Chat with Strangers\",\"publisher\":{\"@id\":\"https:\\\/\\\/tinychat.com\\\/#organization\"},\"alternateName\":\"TinyChat.com\",\"potentialAction\":[{\"@type\":\"SearchAction\",\"target\":{\"@type\":\"EntryPoint\",\"urlTemplate\":\"https:\\\/\\\/tinychat.com\\\/?s={search_term_string}\"},\"query-input\":{\"@type\":\"PropertyValueSpecification\",\"valueRequired\":true,\"valueName\":\"search_term_string\"}}],\"inLanguage\":\"pl-PL\"},{\"@type\":\"Organization\",\"@id\":\"https:\\\/\\\/tinychat.com\\\/#organization\",\"name\":\"TinyChat\",\"alternateName\":\"TinyChat.com\",\"url\":\"https:\\\/\\\/tinychat.com\\\/\",\"logo\":{\"@type\":\"ImageObject\",\"inLanguage\":\"pl-PL\",\"@id\":\"https:\\\/\\\/tinychat.com\\\/#\\\/schema\\\/logo\\\/image\\\/\",\"url\":\"https:\\\/\\\/tinychat.com\\\/wp-content\\\/uploads\\\/2023\\\/11\\\/Tinychat-icon-square.png\",\"contentUrl\":\"https:\\\/\\\/tinychat.com\\\/wp-content\\\/uploads\\\/2023\\\/11\\\/Tinychat-icon-square.png\",\"width\":284,\"height\":284,\"caption\":\"TinyChat\"},\"image\":{\"@id\":\"https:\\\/\\\/tinychat.com\\\/#\\\/schema\\\/logo\\\/image\\\/\"},\"sameAs\":[\"https:\\\/\\\/www.facebook.com\\\/tinychat\",\"https:\\\/\\\/x.com\\\/tinychat\"]}]}<\/script>\n<!-- \/ Yoast SEO plugin. -->","yoast_head_json":{"title":"Roulette Chat z czatem wideo na TinyChat.com","description":"Korzystasz z Roulette Chat? Do\u0142\u0105cz do ponad 50 000 000 nieznajomych na TinyChat! W\u0142\u0105cz kamer\u0119 i zacznij poznawa\u0107 nowych ludzi lub znajd\u017a partnera.","robots":{"index":"index","follow":"follow","max-snippet":"max-snippet:-1","max-image-preview":"max-image-preview:large","max-video-preview":"max-video-preview:-1"},"canonical":"https:\/\/tinychat.com\/pl\/roulette-chat\/","og_locale":"pl_PL","og_type":"article","og_title":"Roulette Chat with Video Chat on TinyChat.com","og_description":"Enjoying Roulette Chat? Join over 50,000,000 strangers on TinyChat! Turn on your cam and start meeting new people, or find a match.","og_url":"https:\/\/tinychat.com\/pl\/roulette-chat\/","og_site_name":"TinyChat","article_publisher":"https:\/\/www.facebook.com\/tinychat","article_modified_time":"2025-06-17T11:47:34+00:00","og_image":[{"width":1280,"height":284,"url":"https:\/\/tinychat.com\/wp-content\/uploads\/2020\/04\/Tinychat-logo-1280x284-new-black.png","type":"image\/png"}],"twitter_card":"summary_large_image","twitter_site":"@tinychat","twitter_misc":{"Szacowany czas czytania":"6 minut"},"schema":{"@context":"https:\/\/schema.org","@graph":[{"@type":"WebPage","@id":"https:\/\/tinychat.com\/roulette-chat\/","url":"https:\/\/tinychat.com\/roulette-chat\/","name":"Roulette Chat z czatem wideo na TinyChat.com","isPartOf":{"@id":"https:\/\/tinychat.com\/#website"},"datePublished":"2025-06-17T11:46:44+00:00","dateModified":"2025-06-17T11:47:34+00:00","description":"Korzystasz z Roulette Chat? Do\u0142\u0105cz do ponad 50 000 000 nieznajomych na TinyChat! W\u0142\u0105cz kamer\u0119 i zacznij poznawa\u0107 nowych ludzi lub znajd\u017a partnera.","breadcrumb":{"@id":"https:\/\/tinychat.com\/roulette-chat\/#breadcrumb"},"inLanguage":"pl-PL","potentialAction":[{"@type":"ReadAction","target":["https:\/\/tinychat.com\/roulette-chat\/"]}]},{"@type":"BreadcrumbList","@id":"https:\/\/tinychat.com\/roulette-chat\/#breadcrumb","itemListElement":[{"@type":"ListItem","position":1,"name":"Home","item":"https:\/\/tinychat.com\/"},{"@type":"ListItem","position":2,"name":"Roulette Chat"}]},{"@type":"WebSite","@id":"https:\/\/tinychat.com\/#website","url":"https:\/\/tinychat.com\/","name":"TinyChat","description":"Losowy czat wideo z nieznajomymi","publisher":{"@id":"https:\/\/tinychat.com\/#organization"},"alternateName":"TinyChat.com","potentialAction":[{"@type":"SearchAction","target":{"@type":"EntryPoint","urlTemplate":"https:\/\/tinychat.com\/?s={search_term_string}"},"query-input":{"@type":"PropertyValueSpecification","valueRequired":true,"valueName":"search_term_string"}}],"inLanguage":"pl-PL"},{"@type":"Organization","@id":"https:\/\/tinychat.com\/#organization","name":"TinyChat","alternateName":"TinyChat.com","url":"https:\/\/tinychat.com\/","logo":{"@type":"ImageObject","inLanguage":"pl-PL","@id":"https:\/\/tinychat.com\/#\/schema\/logo\/image\/","url":"https:\/\/tinychat.com\/wp-content\/uploads\/2023\/11\/Tinychat-icon-square.png","contentUrl":"https:\/\/tinychat.com\/wp-content\/uploads\/2023\/11\/Tinychat-icon-square.png","width":284,"height":284,"caption":"TinyChat"},"image":{"@id":"https:\/\/tinychat.com\/#\/schema\/logo\/image\/"},"sameAs":["https:\/\/www.facebook.com\/tinychat","https:\/\/x.com\/tinychat"]}]}},"_links":{"self":[{"href":"https:\/\/tinychat.com\/pl\/wp-json\/wp\/v2\/pages\/13261","targetHints":{"allow":["GET"]}}],"collection":[{"href":"https:\/\/tinychat.com\/pl\/wp-json\/wp\/v2\/pages"}],"about":[{"href":"https:\/\/tinychat.com\/pl\/wp-json\/wp\/v2\/types\/page"}],"author":[{"embeddable":true,"href":"https:\/\/tinychat.com\/pl\/wp-json\/wp\/v2\/users\/8"}],"replies":[{"embeddable":true,"href":"https:\/\/tinychat.com\/pl\/wp-json\/wp\/v2\/comments?post=13261"}],"version-history":[{"count":1,"href":"https:\/\/tinychat.com\/pl\/wp-json\/wp\/v2\/pages\/13261\/revisions"}],"predecessor-version":[{"id":13262,"href":"https:\/\/tinychat.com\/pl\/wp-json\/wp\/v2\/pages\/13261\/revisions\/13262"}],"wp:attachment":[{"href":"https:\/\/tinychat.com\/pl\/wp-json\/wp\/v2\/media?parent=13261"}],"curies":[{"name":"wp","href":"https:\/\/api.w.org\/{rel}","templated":true}]}}