{"id":13268,"date":"2025-06-17T14:13:46","date_gmt":"2025-06-17T12:13:46","guid":{"rendered":"https:\/\/tinychat.com\/?page_id=13268"},"modified":"2025-06-17T14:13:46","modified_gmt":"2025-06-17T12:13:46","slug":"free-video-chat","status":"publish","type":"page","link":"https:\/\/tinychat.com\/pl\/free-video-chat\/","title":{"rendered":"Darmowy czat wideo"},"content":{"rendered":"<p>Sp\u00f3jrzmy prawdzie w oczy - darmowy czat wideo zmieni\u0142 spos\u00f3b, w jaki utrzymujemy kontakty towarzyskie, pracujemy, a nawet umawiamy si\u0119 na randki online. Niezale\u017cnie od tego, czy rozmawiasz ze starymi znajomymi, poznajesz kogo\u015b nowego, czy do\u0142\u0105czasz do o\u017cywionej rozmowy grupowej, mo\u017cliwo\u015b\u0107 zobaczenia i us\u0142yszenia ludzi w czasie rzeczywistym (za darmo!) sprawia, \u017ce ka\u017cda rozmowa wydaje si\u0119 nieco bardziej osobista.<\/p>\n<p>A co najlepsze? Nie potrzebujesz subskrypcji premium ani specjalnego sprz\u0119tu. Wystarczy telefon lub laptop, by natychmiast rozpocz\u0105\u0107 rozmow\u0119 z kimkolwiek i gdziekolwiek.<\/p>\n<h2>Co sprawia, \u017ce darmowy czat wideo jest tak popularny?<\/h2>\n<p>Nie bez powodu w ostatnich latach tak wiele os\u00f3b przerzuci\u0142o si\u0119 na darmowe platformy do rozm\u00f3w wideo:<\/p>\n<ul>\n<li>Brak koszt\u00f3w: Mo\u017cesz \u0142\u0105czy\u0107 si\u0119 z ka\u017cdym na \u015bwiecie, nie martwi\u0105c si\u0119 o op\u0142aty czy miesi\u0119czne limity.<\/li>\n<li>Spontaniczno\u015b\u0107: Od kr\u00f3tkich przywita\u0144 po wielogodzinne rozmowy - mo\u017cesz czatowa\u0107, kiedy tylko przyjdzie ci na to ochota.<\/li>\n<li>\u0141atwy dost\u0119p: Wi\u0119kszo\u015b\u0107 platform dzia\u0142a bezpo\u015brednio w przegl\u0105darce lub za po\u015brednictwem prostej aplikacji - nie wymaga pobierania ani kart kredytowych.<\/li>\n<li>Poznawaj nowych ludzi: Dzi\u0119ki opcjom takim jak darmowy losowy czat wideo, mo\u017cesz \u0142\u0105czy\u0107 si\u0119 z nieznajomymi na ca\u0142ym \u015bwiecie za pomoc\u0105 jednego klikni\u0119cia.<\/li>\n<li>Prywatno\u015b\u0107 i kontrola: Zacznij od pseudonimu lub pozosta\u0144 anonimowy, je\u015bli chcesz. Zawsze masz kontrol\u0119.<\/li>\n<\/ul>\n<p>Niezale\u017cnie od tego, czy chcesz porozmawia\u0107 ze znajomymi, czy spotka\u0107 si\u0119 z zupe\u0142nie nieznajomymi, darmowe platformy do czat\u00f3w wideo zapewniaj\u0105 Ci miejsce kierowcy.<\/p>\n<h2>Jak dzia\u0142a darmowy czat wideo?<\/h2>\n<p>Rozpocz\u0119cie pracy nie mo\u017ce by\u0107 prostsze. Oto typowy proces:<\/p>\n<ol>\n<li>Otw\u00f3rz darmow\u0105 witryn\u0119 lub aplikacj\u0119 do rozm\u00f3w wideo (np. Omegle, Chatspin, TinyChat, a nawet Zoom i Google Meet do rozm\u00f3w grupowych).<\/li>\n<li>Zezw\u00f3l na dost\u0119p do kamery i mikrofonu.<\/li>\n<li>Wybierz tryb: jeden na jednego, czat grupowy lub darmowy losowy czat wideo.<\/li>\n<li>Po\u0142\u0105cz si\u0119 natychmiast - w wi\u0119kszo\u015bci witryn nie jest wymagana rejestracja ani p\u0142atno\u015b\u0107.<\/li>\n<li>Rozmawiaj tak d\u0142ugo, jak chcesz i przejd\u017a dalej, kiedy tylko masz na to ochot\u0119.<\/li>\n<\/ol>\n<p>Wiele platform oferuje r\u00f3wnie\u017c opcje, takie jak bezp\u0142atny grupowy czat wideo lub pokoje rozm\u00f3w tematycznych, dzi\u0119ki czemu mo\u017cna dostosowa\u0107 swoje do\u015bwiadczenia do nastroju.<\/p>\n<h2>Najlepsze darmowe platformy czatu wideo<\/h2>\n<p>Przy tak wielu mo\u017cliwo\u015bciach wyboru, ka\u017cdy znajdzie co\u015b dla siebie. Oto kilka najlepszych opcji, niezale\u017cnie od tego, czy chcesz pozna\u0107 nowych ludzi, sp\u0119dzi\u0107 czas ze znajomymi, czy zorganizowa\u0107 wirtualn\u0105 imprez\u0119:<\/p>\n<ul>\n<li>Omegle: s\u0142ynie z darmowego, losowego czatu wideo z nieznajomymi z ca\u0142ego \u015bwiata.<\/li>\n<li>Chatroulette: Oferuje losowe po\u0142\u0105czenia z zabawn\u0105, szybk\u0105 atmosfer\u0105.<\/li>\n<li>Chatspin: Umo\u017cliwia filtrowanie wed\u0142ug lokalizacji i zainteresowa\u0144 w celu lepszego dopasowania.<\/li>\n<li>TinyChat: Idealny do bezp\u0142atnych grupowych czat\u00f3w wideo z pokojami tematycznymi i wydarzeniami.<\/li>\n<li>Camsurf: \u015awietny do szybkich, \u0142atwych i anonimowych po\u0142\u0105cze\u0144.<\/li>\n<li>Zoom\/Google Meet: najlepsze rozwi\u0105zanie do grupowych rozm\u00f3w wideo z przyjaci\u00f3\u0142mi, rodzin\u0105 lub wsp\u00f3\u0142pracownikami.<\/li>\n<li>Skype\/WhatsApp: Idealny do prywatnych czat\u00f3w wideo jeden na jednego z osobami, kt\u00f3re znasz.<\/li>\n<\/ul>\n<p>Dla tych, kt\u00f3rzy maj\u0105 ochot\u0119 na przygod\u0119, platformy, kt\u00f3re koncentruj\u0105 si\u0119 na darmowych, losowych czatach wideo z nieznajomymi, oferuj\u0105 \u0142atwy spos\u00f3b na poznanie nowych twarzy, a mo\u017ce nawet nawi\u0105zanie przyja\u017ani w innym kraju.<\/p>\n<h2>Darmowy czat wideo a inna komunikacja online<\/h2>\n<table>\n<thead>\n<tr>\n<th>Cecha<\/th>\n<th>Darmowy czat wideo<\/th>\n<th>Aplikacje do przesy\u0142ania wiadomo\u015bci<\/th>\n<th>Po\u0142\u0105czenia telefoniczne<\/th>\n<th>P\u0142atny czat wideo<\/th>\n<\/tr>\n<\/thead>\n<tbody>\n<tr>\n<td>Twarz\u0105 w twarz w czasie rzeczywistym<\/td>\n<td>\u2705<\/td>\n<td>\u274c<\/td>\n<td>\u274c<\/td>\n<td>\u2705<\/td>\n<\/tr>\n<tr>\n<td>Brak koszt\u00f3w<\/td>\n<td>\u2705<\/td>\n<td>\u2705<\/td>\n<td>\u274c<\/td>\n<td>\u274c<\/td>\n<\/tr>\n<tr>\n<td>Losowe dopasowanie<\/td>\n<td>\u2705 (na niekt\u00f3rych platformach)<\/td>\n<td>\u274c<\/td>\n<td>\u274c<\/td>\n<td>\u2705<\/td>\n<\/tr>\n<tr>\n<td>Obs\u0142uguje grupy i 1 na 1<\/td>\n<td>\u2705<\/td>\n<td>\u2705<\/td>\n<td>\u2705<\/td>\n<td>\u2705<\/td>\n<\/tr>\n<tr>\n<td>Dost\u0119pna anonimowo\u015b\u0107<\/td>\n<td>\u2705<\/td>\n<td>\u2705<\/td>\n<td>\u274c<\/td>\n<td>\u2705<\/td>\n<\/tr>\n<\/tbody>\n<\/table>\n<p>Darmowy czat wideo \u0142\u0105czy w sobie to, co najlepsze ze wszystkich \u015bwiat\u00f3w: natychmiastowy, osobisty, elastyczny i ca\u0142kowicie przyst\u0119pny cenowo.<\/p>\n<h2>Jak zachowa\u0107 bezpiecze\u0144stwo<\/h2>\n<p>Wi\u0119kszo\u015b\u0107 platform ci\u0119\u017cko pracuje, aby zapewni\u0107 bezpiecze\u0144stwo, ale kilka inteligentnych nawyk\u00f3w sprawia, \u017ce korzystanie z nich jest jeszcze lepsze:<\/p>\n<ul>\n<li>U\u017cywaj pseudonimu i unikaj udost\u0119pniania swojego nazwiska lub innych danych osobowych.<\/li>\n<li>Nie klikaj dziwnych link\u00f3w ani nie udost\u0119pniaj prywatnych zdj\u0119\u0107, zw\u0142aszcza na darmowych, losowych czatach wideo.<\/li>\n<li>Je\u015bli rozmowa wydaje si\u0119 nie na miejscu, po prostu id\u017a dalej. Wyja\u015bnienia nie s\u0105 potrzebne.<\/li>\n<li>Korzystaj z funkcji blokowania i zg\u0142aszania wszelkich nieodpowiednich zachowa\u0144.<\/li>\n<li>Sprawd\u017a wytyczne platformy - zw\u0142aszcza pod k\u0105tem ogranicze\u0144 wiekowych i ustawie\u0144 prywatno\u015bci.<\/li>\n<\/ul>\n<p>Odrobina ostro\u017cno\u015bci oznacza o wiele wi\u0119cej zabawy i spokoju, zw\u0142aszcza podczas rozmowy z nieznajomymi.<\/p>\n<h2>Dlaczego ludzie kochaj\u0105 darmowy losowy czat wideo<\/h2>\n<p>Jest co\u015b wyj\u0105tkowego w rozmowie z kim\u015b, kogo inaczej nigdy by\u015b nie spotka\u0142. Darmowe platformy czat\u00f3w wideo u\u0142atwiaj\u0105 to:<\/p>\n<ul>\n<li>Wyrwij si\u0119 z rutyny i porozmawiaj z lud\u017ami z ca\u0142ego \u015bwiata.<\/li>\n<li>\u0106wicz nowy j\u0119zyk, dziel si\u0119 historiami lub po prostu \u015bmiej si\u0119 z nieznajomym.<\/li>\n<li>Pokonaj samotno\u015b\u0107 lub nud\u0119 - zw\u0142aszcza w spokojne noce.<\/li>\n<li>Poznawaj nowe kultury, opinie i pomys\u0142y w czasie rzeczywistym.<\/li>\n<\/ul>\n<p>\"Zacz\u0105\u0142em korzysta\u0107 z darmowego, losowego czatu wideo tylko po to, by zabi\u0107 czas, ale w ko\u0144cu nawi\u0105za\u0142em znajomo\u015bci na trzech kontynentach. To naprawd\u0119 uzale\u017cniaj\u0105ce\".<\/p>\n<p>\"Czasami masz szybkie, g\u0142upie pogaw\u0119dki. Czasami spotykasz kogo\u015b, kto naprawd\u0119 zmienia tw\u00f3j dzie\u0144\".<\/p>\n<h2>Wskaz\u00f3wki, jak najlepiej wykorzysta\u0107 swoje do\u015bwiadczenie<\/h2>\n<ul>\n<li>Przed rozpocz\u0119ciem sprawd\u017a kamer\u0119 i mikrofon, aby nie przegapi\u0107 \u017cadnego momentu.<\/li>\n<li>Znajd\u017a ciche, dobrze o\u015bwietlone miejsce, aby uzyska\u0107 lepsze po\u0142\u0105czenia.<\/li>\n<li>U\u015bmiechnij si\u0119, zrelaksuj i nie b\u00f3j si\u0119 zako\u0144czy\u0107 rozmowy, kt\u00f3ra nie jest dla Ciebie.<\/li>\n<li>Wypr\u00f3buj grupowe czaty wideo, je\u015bli chcesz imprezowej atmosfery, lub pozosta\u0144 przy rozmowach jeden na jeden, aby uzyska\u0107 g\u0142\u0119bsze rozmowy.<\/li>\n<li>Mieszaj: u\u017cywaj zar\u00f3wno po\u0142\u0105cze\u0144 losowych, jak i prywatnych, w zale\u017cno\u015bci od nastroju.<\/li>\n<\/ul>\n<p>Zmiana platformy, pory dnia, a nawet kraju (przy u\u017cyciu VPN) mo\u017ce przynie\u015b\u0107 zupe\u0142nie nowy zestaw rozm\u00f3w.<\/p>\n<h2>Kto korzysta z darmowego czatu wideo?<\/h2>\n<p>Wszyscy! Darmowy czat wideo jest idealny dla:<\/p>\n<ul>\n<li>Studenci studiuj\u0105cy lub spotykaj\u0105cy si\u0119 zdalnie<\/li>\n<li>Cyfrowi nomadzi i pracownicy zdalni<\/li>\n<li>Osoby szukaj\u0105ce przyjaci\u00f3\u0142 lub mi\u0142o\u015bci online<\/li>\n<li>Osoby ucz\u0105ce si\u0119 j\u0119zyka chc\u0105 prawdziwych rozm\u00f3w<\/li>\n<li>Ka\u017cdy, kto nudzi si\u0119 w domu i potrzebuje towarzystwa<\/li>\n<\/ul>\n<p>Od swobodnych pogaw\u0119dek po znacz\u0105ce znajomo\u015bci, jest tu co\u015b dla wszystkich grup wiekowych i \u015brodowisk (pami\u0119taj tylko, aby trzyma\u0107 si\u0119 pomieszcze\u0144 i wytycznych odpowiednich dla wieku).<\/p>\n<h2>Kiedy korzysta\u0107 z darmowego czatu wideo?<\/h2>\n<ul>\n<li>Spotkaj si\u0119 z przyjaci\u00f3\u0142mi i rodzin\u0105, z bliska lub z daleka<\/li>\n<li>Organizuj wirtualne spotkania, wieczory gier lub grupy do nauki.<\/li>\n<li>Poznawanie nowych os\u00f3b na losowych platformach czatu<\/li>\n<li>Umawiaj si\u0119 na wirtualne randki przed spotkaniem osobistym<\/li>\n<li>Wsp\u00f3\u0142praca ze wsp\u00f3\u0142pracownikami lub partnerami do nauki<\/li>\n<li>\u0106wiczenie rozm\u00f3w kwalifikacyjnych, prezentacji lub j\u0119zyk\u00f3w na \u017cywo<\/li>\n<\/ul>\n<p>Je\u015bli masz kamer\u0119 internetow\u0105 i odrobin\u0119 ciekawo\u015bci, jeste\u015b gotowy!<\/p>\n<p>Darmowy czat wideo to otwarte drzwi do \u015bwiata. Dzi\u0119ki opcjom po\u0142\u0105cze\u0144 grupowych, przypadkowym nieznajomym, prywatnym rozmowom i wszelkiego rodzaju spo\u0142eczno\u015bciom, \u0142\u0105czenie si\u0119 nigdy nie by\u0142o \u0142atwiejsze - ani bardziej przyst\u0119pne cenowo. Niezale\u017cnie od tego, czy chcesz si\u0119 zaprzyja\u017ani\u0107, uczy\u0107, \u015bmia\u0107, czy po prostu prze\u0142ama\u0107 rutyn\u0119, wszystko czego potrzebujesz to klikni\u0119cie i u\u015bmiech.<\/p>\n<p>Gotowy, by spr\u00f3bowa\u0107? Otw\u00f3rz darmow\u0105 platform\u0119 czatu wideo ju\u017c dzi\u015b i zobacz, kto czeka na spotkanie z Tob\u0105. Twoja nast\u0119pna \u015bwietna rozmowa ju\u017c tam jest - dlaczego nie zacz\u0105\u0107 teraz?<\/p>","protected":false},"excerpt":{"rendered":"<p>Let\u2019s face it\u2014free video chat has changed the way we socialize, work, and even date online. Whether you\u2019re catching up with old friends, meeting someone new, or joining a lively group call, the ability to see and hear people in real time (for free!) makes every conversation feel a little more personal. The best part? [&hellip;]<\/p>\n","protected":false},"author":8,"featured_media":0,"parent":0,"menu_order":0,"comment_status":"closed","ping_status":"closed","template":"","meta":{"footnotes":""},"class_list":["post-13268","page","type-page","status-publish","hentry"],"yoast_head":"<!-- This site is optimized with the Yoast SEO plugin v27.5 - https:\/\/yoast.com\/product\/yoast-seo-wordpress\/ -->\n<title>Free Video Chat with Video Chat on TinyChat.com<\/title>\n<meta name=\"description\" content=\"Enjoying Free Video Chat? Join over 50,000,000 strangers on TinyChat! Turn on your cam and start meeting new people, or find a match.\" \/>\n<meta name=\"robots\" content=\"index, follow, max-snippet:-1, max-image-preview:large, max-video-preview:-1\" \/>\n<link rel=\"canonical\" href=\"https:\/\/tinychat.com\/pl\/free-video-chat\/\" \/>\n<meta property=\"og:locale\" content=\"pl_PL\" \/>\n<meta property=\"og:type\" content=\"article\" \/>\n<meta property=\"og:title\" content=\"Free Video Chat with Video Chat on TinyChat.com\" \/>\n<meta property=\"og:description\" content=\"Enjoying Free Video Chat? Join over 50,000,000 strangers on TinyChat! Turn on your cam and start meeting new people, or find a match.\" \/>\n<meta property=\"og:url\" content=\"https:\/\/tinychat.com\/pl\/free-video-chat\/\" \/>\n<meta property=\"og:site_name\" content=\"TinyChat\" \/>\n<meta property=\"article:publisher\" content=\"https:\/\/www.facebook.com\/tinychat\" \/>\n<meta property=\"og:image\" content=\"https:\/\/tinychat.com\/wp-content\/uploads\/2020\/04\/Tinychat-logo-1280x284-new-black.png\" \/>\n\t<meta property=\"og:image:width\" content=\"1280\" \/>\n\t<meta property=\"og:image:height\" content=\"284\" \/>\n\t<meta property=\"og:image:type\" content=\"image\/png\" \/>\n<meta name=\"twitter:card\" content=\"summary_large_image\" \/>\n<meta name=\"twitter:site\" content=\"@tinychat\" \/>\n<meta name=\"twitter:label1\" content=\"Szacowany czas czytania\" \/>\n\t<meta name=\"twitter:data1\" content=\"5 minut\" \/>\n<script type=\"application\/ld+json\" class=\"yoast-schema-graph\">{\"@context\":\"https:\\\/\\\/schema.org\",\"@graph\":[{\"@type\":\"WebPage\",\"@id\":\"https:\\\/\\\/tinychat.com\\\/free-video-chat\\\/\",\"url\":\"https:\\\/\\\/tinychat.com\\\/free-video-chat\\\/\",\"name\":\"Free Video Chat with Video Chat on TinyChat.com\",\"isPartOf\":{\"@id\":\"https:\\\/\\\/tinychat.com\\\/#website\"},\"datePublished\":\"2025-06-17T12:13:46+00:00\",\"description\":\"Enjoying Free Video Chat? Join over 50,000,000 strangers on TinyChat! Turn on your cam and start meeting new people, or find a match.\",\"breadcrumb\":{\"@id\":\"https:\\\/\\\/tinychat.com\\\/free-video-chat\\\/#breadcrumb\"},\"inLanguage\":\"pl-PL\",\"potentialAction\":[{\"@type\":\"ReadAction\",\"target\":[\"https:\\\/\\\/tinychat.com\\\/free-video-chat\\\/\"]}]},{\"@type\":\"BreadcrumbList\",\"@id\":\"https:\\\/\\\/tinychat.com\\\/free-video-chat\\\/#breadcrumb\",\"itemListElement\":[{\"@type\":\"ListItem\",\"position\":1,\"name\":\"Home\",\"item\":\"https:\\\/\\\/tinychat.com\\\/\"},{\"@type\":\"ListItem\",\"position\":2,\"name\":\"Free Video Chat\"}]},{\"@type\":\"WebSite\",\"@id\":\"https:\\\/\\\/tinychat.com\\\/#website\",\"url\":\"https:\\\/\\\/tinychat.com\\\/\",\"name\":\"TinyChat\",\"description\":\"Random Video Chat with Strangers\",\"publisher\":{\"@id\":\"https:\\\/\\\/tinychat.com\\\/#organization\"},\"alternateName\":\"TinyChat.com\",\"potentialAction\":[{\"@type\":\"SearchAction\",\"target\":{\"@type\":\"EntryPoint\",\"urlTemplate\":\"https:\\\/\\\/tinychat.com\\\/?s={search_term_string}\"},\"query-input\":{\"@type\":\"PropertyValueSpecification\",\"valueRequired\":true,\"valueName\":\"search_term_string\"}}],\"inLanguage\":\"pl-PL\"},{\"@type\":\"Organization\",\"@id\":\"https:\\\/\\\/tinychat.com\\\/#organization\",\"name\":\"TinyChat\",\"alternateName\":\"TinyChat.com\",\"url\":\"https:\\\/\\\/tinychat.com\\\/\",\"logo\":{\"@type\":\"ImageObject\",\"inLanguage\":\"pl-PL\",\"@id\":\"https:\\\/\\\/tinychat.com\\\/#\\\/schema\\\/logo\\\/image\\\/\",\"url\":\"https:\\\/\\\/tinychat.com\\\/wp-content\\\/uploads\\\/2023\\\/11\\\/Tinychat-icon-square.png\",\"contentUrl\":\"https:\\\/\\\/tinychat.com\\\/wp-content\\\/uploads\\\/2023\\\/11\\\/Tinychat-icon-square.png\",\"width\":284,\"height\":284,\"caption\":\"TinyChat\"},\"image\":{\"@id\":\"https:\\\/\\\/tinychat.com\\\/#\\\/schema\\\/logo\\\/image\\\/\"},\"sameAs\":[\"https:\\\/\\\/www.facebook.com\\\/tinychat\",\"https:\\\/\\\/x.com\\\/tinychat\"]}]}<\/script>\n<!-- \/ Yoast SEO plugin. -->","yoast_head_json":{"title":"Darmowy czat wideo z czatem wideo na TinyChat.com","description":"Korzystasz z darmowego czatu wideo? Do\u0142\u0105cz do ponad 50 000 000 nieznajomych na TinyChat! W\u0142\u0105cz kamer\u0119 i zacznij poznawa\u0107 nowych ludzi lub znajd\u017a partnera.","robots":{"index":"index","follow":"follow","max-snippet":"max-snippet:-1","max-image-preview":"max-image-preview:large","max-video-preview":"max-video-preview:-1"},"canonical":"https:\/\/tinychat.com\/pl\/free-video-chat\/","og_locale":"pl_PL","og_type":"article","og_title":"Free Video Chat with Video Chat on TinyChat.com","og_description":"Enjoying Free Video Chat? Join over 50,000,000 strangers on TinyChat! Turn on your cam and start meeting new people, or find a match.","og_url":"https:\/\/tinychat.com\/pl\/free-video-chat\/","og_site_name":"TinyChat","article_publisher":"https:\/\/www.facebook.com\/tinychat","og_image":[{"width":1280,"height":284,"url":"https:\/\/tinychat.com\/wp-content\/uploads\/2020\/04\/Tinychat-logo-1280x284-new-black.png","type":"image\/png"}],"twitter_card":"summary_large_image","twitter_site":"@tinychat","twitter_misc":{"Szacowany czas czytania":"5 minut"},"schema":{"@context":"https:\/\/schema.org","@graph":[{"@type":"WebPage","@id":"https:\/\/tinychat.com\/free-video-chat\/","url":"https:\/\/tinychat.com\/free-video-chat\/","name":"Darmowy czat wideo z czatem wideo na TinyChat.com","isPartOf":{"@id":"https:\/\/tinychat.com\/#website"},"datePublished":"2025-06-17T12:13:46+00:00","description":"Korzystasz z darmowego czatu wideo? Do\u0142\u0105cz do ponad 50 000 000 nieznajomych na TinyChat! W\u0142\u0105cz kamer\u0119 i zacznij poznawa\u0107 nowych ludzi lub znajd\u017a partnera.","breadcrumb":{"@id":"https:\/\/tinychat.com\/free-video-chat\/#breadcrumb"},"inLanguage":"pl-PL","potentialAction":[{"@type":"ReadAction","target":["https:\/\/tinychat.com\/free-video-chat\/"]}]},{"@type":"BreadcrumbList","@id":"https:\/\/tinychat.com\/free-video-chat\/#breadcrumb","itemListElement":[{"@type":"ListItem","position":1,"name":"Home","item":"https:\/\/tinychat.com\/"},{"@type":"ListItem","position":2,"name":"Free Video Chat"}]},{"@type":"WebSite","@id":"https:\/\/tinychat.com\/#website","url":"https:\/\/tinychat.com\/","name":"TinyChat","description":"Losowy czat wideo z nieznajomymi","publisher":{"@id":"https:\/\/tinychat.com\/#organization"},"alternateName":"TinyChat.com","potentialAction":[{"@type":"SearchAction","target":{"@type":"EntryPoint","urlTemplate":"https:\/\/tinychat.com\/?s={search_term_string}"},"query-input":{"@type":"PropertyValueSpecification","valueRequired":true,"valueName":"search_term_string"}}],"inLanguage":"pl-PL"},{"@type":"Organization","@id":"https:\/\/tinychat.com\/#organization","name":"TinyChat","alternateName":"TinyChat.com","url":"https:\/\/tinychat.com\/","logo":{"@type":"ImageObject","inLanguage":"pl-PL","@id":"https:\/\/tinychat.com\/#\/schema\/logo\/image\/","url":"https:\/\/tinychat.com\/wp-content\/uploads\/2023\/11\/Tinychat-icon-square.png","contentUrl":"https:\/\/tinychat.com\/wp-content\/uploads\/2023\/11\/Tinychat-icon-square.png","width":284,"height":284,"caption":"TinyChat"},"image":{"@id":"https:\/\/tinychat.com\/#\/schema\/logo\/image\/"},"sameAs":["https:\/\/www.facebook.com\/tinychat","https:\/\/x.com\/tinychat"]}]}},"_links":{"self":[{"href":"https:\/\/tinychat.com\/pl\/wp-json\/wp\/v2\/pages\/13268","targetHints":{"allow":["GET"]}}],"collection":[{"href":"https:\/\/tinychat.com\/pl\/wp-json\/wp\/v2\/pages"}],"about":[{"href":"https:\/\/tinychat.com\/pl\/wp-json\/wp\/v2\/types\/page"}],"author":[{"embeddable":true,"href":"https:\/\/tinychat.com\/pl\/wp-json\/wp\/v2\/users\/8"}],"replies":[{"embeddable":true,"href":"https:\/\/tinychat.com\/pl\/wp-json\/wp\/v2\/comments?post=13268"}],"version-history":[{"count":3,"href":"https:\/\/tinychat.com\/pl\/wp-json\/wp\/v2\/pages\/13268\/revisions"}],"predecessor-version":[{"id":13271,"href":"https:\/\/tinychat.com\/pl\/wp-json\/wp\/v2\/pages\/13268\/revisions\/13271"}],"wp:attachment":[{"href":"https:\/\/tinychat.com\/pl\/wp-json\/wp\/v2\/media?parent=13268"}],"curies":[{"name":"wp","href":"https:\/\/api.w.org\/{rel}","templated":true}]}}