{"id":13273,"date":"2025-06-17T14:20:28","date_gmt":"2025-06-17T12:20:28","guid":{"rendered":"https:\/\/tinychat.com\/?page_id=13273"},"modified":"2025-06-17T14:20:28","modified_gmt":"2025-06-17T12:20:28","slug":"video-chat-with-women","status":"publish","type":"page","link":"https:\/\/tinychat.com\/pl\/video-chat-with-women\/","title":{"rendered":"Czat wideo z kobietami"},"content":{"rendered":"<p>W ci\u0105gu ostatnich kilku lat coraz wi\u0119cej os\u00f3b szuka sposob\u00f3w na czat wideo z kobietami online. Nietrudno zrozumie\u0107 dlaczego: czat wideo jest osobisty, odbywa si\u0119 w czasie rzeczywistym i jest o wiele bardziej autentyczny ni\u017c nieko\u0144cz\u0105ce si\u0119 wysy\u0142anie wiadomo\u015bci tekstowych lub przegl\u0105danie profili. Niezale\u017cnie od tego, czy chcesz pozna\u0107 nowego przyjaciela, poflirtowa\u0107, czy po prostu porozmawia\u0107 z kim\u015b z ca\u0142ego \u015bwiata, czat wideo z kobietami oferuje \u015bwie\u017cy, spontaniczny spos\u00f3b na nawi\u0105zanie kontaktu.<\/p>\n<p>Dzisiejsze platformy sprawiaj\u0105, \u017ce jest to \u0142atwe - bez k\u0142opotliwej konfiguracji, bez czekania dni na odpowiedzi. Wystarczy klikn\u0105\u0107, po\u0142\u0105czy\u0107 si\u0119 i zobaczy\u0107, jak potoczy si\u0119 rozmowa. W tym przewodniku dowiesz si\u0119, jak zacz\u0105\u0107, jakie platformy wypr\u00f3bowa\u0107 i jak najlepiej wykorzysta\u0107 swoje do\u015bwiadczenie, niezale\u017cnie od tego, czy jeste\u015b pocz\u0105tkuj\u0105cym, czy do\u015bwiadczonym rozm\u00f3wc\u0105.<\/p>\n<h2>Co sprawia, \u017ce czaty wideo z kobietami s\u0105 tak atrakcyjne?<\/h2>\n<p>B\u0105d\u017amy szczerzy: rozmowa twarz\u0105 w twarz to zupe\u0142nie inne uczucie. Czat wideo daje mo\u017cliwo\u015b\u0107 zobaczenia u\u015bmiechu, us\u0142yszenia \u015bmiechu i wychwycenia wszystkich drobiazg\u00f3w, kt\u00f3re po prostu nie pojawiaj\u0105 si\u0119 w wiadomo\u015bciach tekstowych. W\u0142a\u015bnie dlatego tak wiele os\u00f3b woli czat wideo z kobietami od tradycyjnych aplikacji randkowych lub sieci spo\u0142eczno\u015bciowych.<\/p>\n<p>Oto, co przyci\u0105ga ludzi:<\/p>\n<ul>\n<li>Prawdziwa interakcja: To nie tylko tekst na ekranie - mo\u017cesz zobaczy\u0107 i us\u0142ysze\u0107 drug\u0105 osob\u0119 w czasie rzeczywistym.<\/li>\n<li>Natychmiastowa chemia: W ci\u0105gu kilku sekund dowiesz si\u0119, czy atmosfera jest odpowiednia, oszcz\u0119dzaj\u0105c wszystkim czas.<\/li>\n<li>Bez czekania: Je\u015bli korzystasz z losowej witryny do czat\u00f3w wideo, mo\u017cesz pozna\u0107 kogo\u015b nowego w ci\u0105gu kilku sekund, a nie dni.<\/li>\n<li>Wi\u0119cej po\u0142\u0105cze\u0144 opartych na szacunku: Wi\u0119kszo\u015b\u0107 platform zach\u0119ca do lepszych manier, gdy jeste\u015b twarz\u0105 w twarz.<\/li>\n<li>Zabawa i r\u00f3\u017cnorodno\u015b\u0107: Ka\u017cda rozmowa jest niespodziank\u0105. Jedna rozmowa mo\u017ce by\u0107 lekka i g\u0142upia, a nast\u0119pna g\u0142\u0119boka i znacz\u0105ca.<\/li>\n<\/ul>\n<h2>Jak rozpocz\u0105\u0107 czat wideo z kobietami online?<\/h2>\n<p>Rozpocz\u0119cie gry nigdy nie by\u0142o \u0142atwiejsze. Oto typowa \u015bcie\u017cka:<\/p>\n<ol>\n<li>Wybierz platform\u0119 - istniej\u0105 witryny przeznaczone specjalnie do losowych rozm\u00f3w wideo z kobietami lub szersze aplikacje do czatowania z filtrami p\u0142ci.<\/li>\n<li>Skonfiguruj kamer\u0119 i mikrofon. Pomocne jest tak\u017ce dobre po\u0142\u0105czenie internetowe.<\/li>\n<li>U\u017cyj pseudonimu lub prawdziwego imienia - wi\u0119kszo\u015b\u0107 platform nie wymaga pe\u0142nych profili.<\/li>\n<li>Kliknij, aby rozpocz\u0105\u0107 czat, a zostaniesz dopasowany do kobiet zainteresowanych poznaniem nowych ludzi.<\/li>\n<li>Je\u015bli co\u015b nie pasuje, zawsze mo\u017cesz przej\u015b\u0107 do nast\u0119pnego czatu - bez niezr\u0119czno\u015bci, bez presji.<\/li>\n<\/ol>\n<p>Wiele platform oferuje r\u00f3wnie\u017c opcje rozpocz\u0119cia od tekstu lub d\u017awi\u0119ku, dzi\u0119ki czemu mo\u017cesz si\u0119 rozlu\u017ani\u0107, je\u015bli jeste\u015b nie\u015bmia\u0142y lub chcesz najpierw poczu\u0107 platform\u0119.<\/p>\n<h2>Najlepsze platformy do czat\u00f3w wideo z kobietami<\/h2>\n<p>Odpowiednia platforma zale\u017cy od Twojego stylu - czy chcesz czego\u015b swobodnego, zalotnego, czy skupionego na przyja\u017ani? Oto kilka najlepszych opcji:<\/p>\n<ul>\n<li>CooMeet: Znany z \u0142\u0105czenia m\u0119\u017cczyzn ze zweryfikowanymi u\u017cytkowniczkami, u\u0142atwiaj\u0105c tym, kt\u00f3rzy szukaj\u0105 prawdziwych rozm\u00f3w z kobietami.<\/li>\n<li>Chatspin: Zawiera filtry p\u0142ci i \u0142atwy interfejs zar\u00f3wno dla czat\u00f3w losowych, jak i prywatnych.<\/li>\n<li>Chatrandom (czat z dziewczynami): Pozwala \u0142\u0105czy\u0107 si\u0119 bezpo\u015brednio z kobietami szukaj\u0105cymi czatu, odfiltrowuj\u0105c innych u\u017cytkownik\u00f3w.<\/li>\n<li>OmeTV i Chatroulette: Oba oferuj\u0105 globalny zasi\u0119g i losowe pary, z du\u017c\u0105 spo\u0142eczno\u015bci\u0105 kobiet online.<\/li>\n<li>LuckyCrush: Losowo \u0142\u0105czy m\u0119\u017cczyzn i kobiety w pary na natychmiastowe sesje czatu wideo jeden na jednego.<\/li>\n<li>TinyChat: Najlepszy do czat\u00f3w grupowych lub tematycznych pokoj\u00f3w wideo, ale mo\u017cliwe s\u0105 r\u00f3wnie\u017c prywatne po\u0142\u0105czenia z kobietami.<\/li>\n<\/ul>\n<p>Wypr\u00f3buj kilka, aby zobaczy\u0107, kt\u00f3ry klimat Ci odpowiada - ka\u017cdy ma swoj\u0105 w\u0142asn\u0105 spo\u0142eczno\u015b\u0107 i styl.<\/p>\n<h2>Czego si\u0119 spodziewa\u0107: Losowy czat wideo z kobietami<\/h2>\n<p>Losowy czat wideo przypomina troch\u0119 szybkie randki online, ale bez presji. Do\u0142\u0105czasz do platformy, klikasz, aby rozpocz\u0105\u0107 i natychmiast zostajesz dopasowany do kogo\u015b nowego. Je\u015bli si\u0119 po\u0142\u0105czycie, rozmawiacie dalej. Je\u015bli nie, po prostu id\u017a dalej - bez urazy.<\/p>\n<p>Oto, co sprawia, \u017ce losowy czat wideo z kobietami jest wyj\u0105tkowy:<\/p>\n<ul>\n<li>Ca\u0142kowita r\u00f3\u017cnorodno\u015b\u0107: Poznaj kobiety z r\u00f3\u017cnych \u015brodowisk i z ca\u0142ego \u015bwiata.<\/li>\n<li>Prawdziwe reakcje: Zobacz prawdziwe miny i us\u0142ysz szczery \u015bmiech (lub j\u0119ki na twoje \u017carty).<\/li>\n<li>Pe\u0142na kontrola: Pozosta\u0144 na czacie tak d\u0142ugo, jak chcesz, lub przejd\u017a do nowej osoby w dowolnym momencie.<\/li>\n<li>Zero zaanga\u017cowania: \u017badnych numerk\u00f3w, \u017cadnych spotka\u0144 towarzyskich - chyba \u017ce oboje tego chcecie.<\/li>\n<\/ul>\n<h2>Wskaz\u00f3wki dotycz\u0105ce czatu wideo z kobietami<\/h2>\n<p>Niezale\u017cnie od tego, czy jeste\u015b tam dla zabawy, czy masz nadziej\u0119 na nawi\u0105zanie prawdziwej znajomo\u015bci, te wskaz\u00f3wki pomog\u0105 Ci prowadzi\u0107 lepsze rozmowy:<\/p>\n<ul>\n<li>B\u0105d\u017a pe\u0142en szacunku: Traktuj ka\u017cd\u0105 napotkan\u0105 kobiet\u0119 tak, jak sam chcia\u0142by\u015b by\u0107 traktowany. Proste maniery to podstawa.<\/li>\n<li>Zacznij od szczerego powitania: \"Hej, jak leci?\" jest lepsze ni\u017c og\u00f3lna linia podrywu.<\/li>\n<li>U\u015bmiechaj si\u0119 i nawi\u0105zuj kontakt wzrokowy: Nawet przez ekran pomaga to budowa\u0107 zaufanie i komfort.<\/li>\n<li>Znajd\u017a wsp\u00f3ln\u0105 p\u0142aszczyzn\u0119: Zapytaj o zainteresowania, hobby lub ulubion\u0105 muzyk\u0119. Ludzie uwielbiaj\u0105 rozmawia\u0107 o rzeczach, kt\u00f3re sprawiaj\u0105 im przyjemno\u015b\u0107.<\/li>\n<li>Nie spiesz si\u0119: Pozw\u00f3l rozmowie p\u0142yn\u0105\u0107. Je\u015bli jest chemia, oboje j\u0105 poczujecie.<\/li>\n<li>Szanuj granice: Je\u015bli nie jest zainteresowana lub prosi o kontynuowanie znajomo\u015bci, nie bierz tego do siebie.<\/li>\n<\/ul>\n<p>Pami\u0119taj - ka\u017cdy czat to nowa szansa i nie ka\u017cde po\u0142\u0105czenie b\u0119dzie \"tym jedynym\". To cz\u0119\u015b\u0107 zabawy.<\/p>\n<h2>Zachowanie bezpiecze\u0144stwa podczas korzystania z bezp\u0142atnych platform czatu wideo<\/h2>\n<p>Wi\u0119kszo\u015b\u0107 platform jest bezpieczna, ale kilka \u015brodk\u00f3w ostro\u017cno\u015bci zapewni pozytywne wra\u017cenia:<\/p>\n<ul>\n<li>Nie udost\u0119pniaj danych osobowych (imi\u0119 i nazwisko, adres, numer telefonu), dop\u00f3ki nie poczujesz si\u0119 komfortowo.<\/li>\n<li>U\u017cyj pseudonimu, je\u015bli nie chcesz ujawnia\u0107 swojego prawdziwego imienia i nazwiska.<\/li>\n<li>Nigdy nie wysy\u0142aj pieni\u0119dzy ani poufnych informacji osobie, kt\u00f3r\u0105 dopiero co pozna\u0142e\u015b.<\/li>\n<li>Je\u015bli kto\u015b jest nieodpowiedni, u\u017cyj funkcji blokowania\/raportowania. Maj\u0105 je wszystkie dobre platformy.<\/li>\n<li>Aby zapewni\u0107 dodatkow\u0105 prywatno\u015b\u0107, u\u017cyj neutralnego t\u0142a i unikaj pokazywania w kamerze informacji umo\u017cliwiaj\u0105cych identyfikacj\u0119.<\/li>\n<\/ul>\n<p>Bezpiecze\u0144stwo przede wszystkim - zw\u0142aszcza je\u015bli korzystasz z darmowego czatu wideo z kobietami dost\u0119pnego dla ka\u017cdego.<\/p>\n<h2>Darmowy a p\u0142atny czat wideo: Jaka jest r\u00f3\u017cnica?<\/h2>\n<p>Wi\u0119kszo\u015b\u0107 platform oferuje darmowy czat wideo z kobietami jako swoj\u0105 g\u0142\u00f3wn\u0105 funkcj\u0119. Niekt\u00f3re maj\u0105 p\u0142atne opcje dodatkowych funkcji, takich jak filtry p\u0142ci, wirtualne prezenty lub priorytetowe dopasowanie. Oto kr\u00f3tkie zestawienie:<\/p>\n<table>\n<thead>\n<tr>\n<th>Cecha<\/th>\n<th>Darmowy czat wideo z kobietami<\/th>\n<th>P\u0142atny czat wideo<\/th>\n<\/tr>\n<\/thead>\n<tbody>\n<tr>\n<td>Brak koszt\u00f3w<\/td>\n<td>\u2705<\/td>\n<td>\u274c<\/td>\n<\/tr>\n<tr>\n<td>Losowe dopasowanie<\/td>\n<td>\u2705<\/td>\n<td>\u2705<\/td>\n<\/tr>\n<tr>\n<td>Filtry p\u0142ci<\/td>\n<td>\u2705 (na niekt\u00f3rych)<\/td>\n<td>\u2705<\/td>\n<\/tr>\n<tr>\n<td>Czaty grupowe<\/td>\n<td>\u2705 (na niekt\u00f3rych)<\/td>\n<td>\u2705<\/td>\n<\/tr>\n<tr>\n<td>Czaty priorytetowe lub prywatne<\/td>\n<td>\u274c<\/td>\n<td>\u2705<\/td>\n<\/tr>\n<tr>\n<td>Dost\u0119p do funkcji premium<\/td>\n<td>\u274c<\/td>\n<td>\u2705<\/td>\n<\/tr>\n<\/tbody>\n<\/table>\n<p>Dla wi\u0119kszo\u015bci u\u017cytkownik\u00f3w darmowe platformy s\u0105 wi\u0119cej ni\u017c wystarczaj\u0105ce do prowadzenia \u015bwietnych rozm\u00f3w. P\u0142atne wersje s\u0105 tego warte tylko wtedy, gdy chcesz zagwarantowa\u0107 sobie okre\u015blone wra\u017cenia lub omin\u0105\u0107 kolejki.<\/p>\n<h2>Dlaczego czat wideo z kobietami jest lepszy ni\u017c przesuwanie lub wysy\u0142anie wiadomo\u015bci?<\/h2>\n<p>Czaty tekstowe i aplikacje randkowe maj\u0105 swoje miejsce, ale nic nie przebije rozmowy w czasie rzeczywistym z kim\u015b nowym. Oto dlaczego tak wiele os\u00f3b woli czat wideo online z dziewczynami od nieko\u0144cz\u0105cych si\u0119 wiadomo\u015bci:<\/p>\n<ul>\n<li>Znacznie szybciej mo\u017cna pozna\u0107 czyj\u0105\u015b osobowo\u015b\u0107.<\/li>\n<li>Brak ryzyka \"catfishingu\" - od razu widzisz prawdziw\u0105 osob\u0119.<\/li>\n<li>Niezr\u0119czna cisza nie jest tak niezr\u0119czna, gdy mo\u017cna si\u0119 z niej wsp\u00f3lnie po\u015bmia\u0107.<\/li>\n<li>\u0141atwiej wyczu\u0107 chemi\u0119 (lub jej brak!).<\/li>\n<li>Je\u015bli nie jeste\u015b zainteresowany, grzecznie jest po prostu i\u015b\u0107 dalej.<\/li>\n<\/ul>\n<h2>Kto u\u017cywa czatu wideo do nawi\u0105zywania kontakt\u00f3w z kobietami?<\/h2>\n<p>To nie tylko dla singli! Ludzie w ka\u017cdym wieku i z r\u00f3\u017cnych \u015brodowisk korzystaj\u0105 z czat\u00f3w wideo z r\u00f3\u017cnych powod\u00f3w:<\/p>\n<ul>\n<li>Single szukaj\u0105cy randki lub flirtu<\/li>\n<li>Ekspaci i podr\u00f3\u017cnicy szukaj\u0105cy nowych przyjaci\u00f3\u0142 za granic\u0105<\/li>\n<li>Osoby ucz\u0105ce si\u0119 j\u0119zyka \u0107wicz\u0105 z native speakerami<\/li>\n<li>Ludzie znudzeni w domu, pragn\u0105cy \u015bwie\u017cej perspektywy<\/li>\n<li>Ka\u017cdy, kto chce odkrywa\u0107 i dobrze si\u0119 bawi\u0107 w bezpieczny, pe\u0142en szacunku spos\u00f3b.<\/li>\n<\/ul>\n<p>Wideorozmowy z kobietami to nie tylko romans - to nauka, dzielenie si\u0119, \u015bmiech i nawi\u0105zywanie kontakt\u00f3w.<\/p>\n<h2>O czym mo\u017cna rozmawia\u0107?<\/h2>\n<p>To jest w\u0142a\u015bnie pi\u0119kne - prawie wszystko! Zacznij od podstaw lub zanurz si\u0119 od razu w swoich ulubionych tematach. Oto kilka pomys\u0142\u00f3w:<\/p>\n<ul>\n<li>Ulubiona muzyka, filmy lub programy telewizyjne<\/li>\n<li>Marzenia lub historie z podr\u00f3\u017cy<\/li>\n<li>Hobby, sport lub ukryte talenty<\/li>\n<li>Najlepszy posi\u0142ek, jaki kiedykolwiek jad\u0142e\u015b<\/li>\n<li>Kultury, tradycje lub \"jak to jest w twoim kraju?\".<\/li>\n<li>G\u0142upie gry lub wirtualne wyzwania<\/li>\n<\/ul>\n<p>Zachowaj lekko\u015b\u0107, otwarto\u015b\u0107 i zabaw\u0119 - pami\u0119taj, \u017ce wszyscy s\u0105 tam tylko po to, aby nawi\u0105za\u0107 kontakt i cieszy\u0107 si\u0119 dobr\u0105 rozmow\u0105.<\/p>\n<h2>Czat wideo z kobietami a inne opcje online<\/h2>\n<table>\n<thead>\n<tr>\n<th>Cecha<\/th>\n<th>Czat wideo z kobietami<\/th>\n<th>Aplikacje randkowe<\/th>\n<th>DM w mediach spo\u0142eczno\u015bciowych<\/th>\n<th>Pokoje rozm\u00f3w grupowych<\/th>\n<\/tr>\n<\/thead>\n<tbody>\n<tr>\n<td>Twarz\u0105 w twarz w czasie rzeczywistym<\/td>\n<td>\u2705<\/td>\n<td>\u274c<\/td>\n<td>\u274c<\/td>\n<td>\u2705<\/td>\n<\/tr>\n<tr>\n<td>Dost\u0119pne losowe dopasowanie<\/td>\n<td>\u2705<\/td>\n<td>\u274c<\/td>\n<td>\u274c<\/td>\n<td>\u2705<\/td>\n<\/tr>\n<tr>\n<td>Profil nie jest wymagany<\/td>\n<td>\u2705<\/td>\n<td>\u274c<\/td>\n<td>\u274c<\/td>\n<td>\u274c<\/td>\n<\/tr>\n<tr>\n<td>Darmowy w u\u017cyciu<\/td>\n<td>\u2705<\/td>\n<td>\u2705\/\u274c<\/td>\n<td>\u2705<\/td>\n<td>\u2705<\/td>\n<\/tr>\n<tr>\n<td>Opcja pomini\u0119cia\/nast\u0119pnego<\/td>\n<td>\u2705<\/td>\n<td>\u274c<\/td>\n<td>\u274c<\/td>\n<td>\u2705<\/td>\n<\/tr>\n<\/tbody>\n<\/table>\n<h2>Jak najlepiej wykorzysta\u0107 swoje do\u015bwiadczenie<\/h2>\n<ul>\n<li>Wypr\u00f3buj kilka r\u00f3\u017cnych platform, aby sprawdzi\u0107, kt\u00f3ra spo\u0142eczno\u015b\u0107 najbardziej Ci odpowiada.<\/li>\n<li>Zmie\u0144 swoje podej\u015bcie - czasami przyjazny komplement lub wsp\u00f3lne zainteresowanie rozpoczyna najlepsz\u0105 rozmow\u0119.<\/li>\n<li>Skorzystaj z pokoi grupowych, je\u015bli jeste\u015b zdenerwowany; poczujesz si\u0119 bardziej komfortowo, zanim przejdziesz do gry jeden na jednego.<\/li>\n<li>Zmieniaj pory dnia, aby poznawa\u0107 kobiety z r\u00f3\u017cnych kraj\u00f3w i \u015brodowisk.<\/li>\n<li>Nie zniech\u0119caj si\u0119, je\u015bli masz za sob\u0105 kilka niezr\u0119cznych rozm\u00f3w. Nast\u0119pna mo\u017ce by\u0107 twoj\u0105 ulubion\u0105.<\/li>\n<\/ul>\n<p>Je\u015bli jeste\u015b gotowy na co\u015b innego - co\u015b bardziej realnego, natychmiastowego i osobistego - czat wideo z kobietami jest najlepszym rozwi\u0105zaniem. Niezale\u017cnie od tego, czy chcesz si\u0119 zaprzyja\u017ani\u0107, po\u0107wiczy\u0107 j\u0119zyk, troch\u0119 poflirtowa\u0107, czy po prostu zobaczy\u0107, jak wygl\u0105da \u017cycie po drugiej stronie \u015bwiata, czeka na Ciebie platforma (i rozmowa).<\/p>\n<p>Dlaczego wi\u0119c nie spr\u00f3bowa\u0107? Kolejny \u015bwietny czat, historia, a nawet przyja\u017a\u0144 mog\u0105 by\u0107 tylko o jedno klikni\u0119cie.<\/p>\n<p>Pod\u0142\u0105cz si\u0119, zaloguj i rozpocznij pierwsz\u0105 rozmow\u0119 ju\u017c dzi\u015b wieczorem.<\/p>","protected":false},"excerpt":{"rendered":"<p>In the last few years, more and more people are searching for ways to video chat with women online. It\u2019s not hard to see why: video chat is personal, real-time, and feels so much more authentic than endless texting or swiping through profiles. Whether you\u2019re hoping to make a new friend, flirt, or just have [&hellip;]<\/p>\n","protected":false},"author":8,"featured_media":0,"parent":0,"menu_order":0,"comment_status":"closed","ping_status":"closed","template":"","meta":{"footnotes":""},"class_list":["post-13273","page","type-page","status-publish","hentry"],"yoast_head":"<!-- This site is optimized with the Yoast SEO plugin v27.5 - https:\/\/yoast.com\/product\/yoast-seo-wordpress\/ -->\n<title>Video Chat with Women with Video Chat on TinyChat.com<\/title>\n<meta name=\"description\" content=\"Enjoying Video Chat with Women? Join over 50,000,000 strangers on TinyChat! Turn on your cam and start meeting new people, or find a match.\" \/>\n<meta name=\"robots\" content=\"index, follow, max-snippet:-1, max-image-preview:large, max-video-preview:-1\" \/>\n<link rel=\"canonical\" href=\"https:\/\/tinychat.com\/pl\/video-chat-with-women\/\" \/>\n<meta property=\"og:locale\" content=\"pl_PL\" \/>\n<meta property=\"og:type\" content=\"article\" \/>\n<meta property=\"og:title\" content=\"Video Chat with Women with Video Chat on TinyChat.com\" \/>\n<meta property=\"og:description\" content=\"Enjoying Video Chat with Women? Join over 50,000,000 strangers on TinyChat! Turn on your cam and start meeting new people, or find a match.\" \/>\n<meta property=\"og:url\" content=\"https:\/\/tinychat.com\/pl\/video-chat-with-women\/\" \/>\n<meta property=\"og:site_name\" content=\"TinyChat\" \/>\n<meta property=\"article:publisher\" content=\"https:\/\/www.facebook.com\/tinychat\" \/>\n<meta property=\"og:image\" content=\"https:\/\/tinychat.com\/wp-content\/uploads\/2020\/04\/Tinychat-logo-1280x284-new-black.png\" \/>\n\t<meta property=\"og:image:width\" content=\"1280\" \/>\n\t<meta property=\"og:image:height\" content=\"284\" \/>\n\t<meta property=\"og:image:type\" content=\"image\/png\" \/>\n<meta name=\"twitter:card\" content=\"summary_large_image\" \/>\n<meta name=\"twitter:site\" content=\"@tinychat\" \/>\n<meta name=\"twitter:label1\" content=\"Szacowany czas czytania\" \/>\n\t<meta name=\"twitter:data1\" content=\"7 minut\" \/>\n<script type=\"application\/ld+json\" class=\"yoast-schema-graph\">{\"@context\":\"https:\\\/\\\/schema.org\",\"@graph\":[{\"@type\":\"WebPage\",\"@id\":\"https:\\\/\\\/tinychat.com\\\/video-chat-with-women\\\/\",\"url\":\"https:\\\/\\\/tinychat.com\\\/video-chat-with-women\\\/\",\"name\":\"Video Chat with Women with Video Chat on TinyChat.com\",\"isPartOf\":{\"@id\":\"https:\\\/\\\/tinychat.com\\\/#website\"},\"datePublished\":\"2025-06-17T12:20:28+00:00\",\"description\":\"Enjoying Video Chat with Women? Join over 50,000,000 strangers on TinyChat! Turn on your cam and start meeting new people, or find a match.\",\"breadcrumb\":{\"@id\":\"https:\\\/\\\/tinychat.com\\\/video-chat-with-women\\\/#breadcrumb\"},\"inLanguage\":\"pl-PL\",\"potentialAction\":[{\"@type\":\"ReadAction\",\"target\":[\"https:\\\/\\\/tinychat.com\\\/video-chat-with-women\\\/\"]}]},{\"@type\":\"BreadcrumbList\",\"@id\":\"https:\\\/\\\/tinychat.com\\\/video-chat-with-women\\\/#breadcrumb\",\"itemListElement\":[{\"@type\":\"ListItem\",\"position\":1,\"name\":\"Home\",\"item\":\"https:\\\/\\\/tinychat.com\\\/\"},{\"@type\":\"ListItem\",\"position\":2,\"name\":\"Video Chat with Women\"}]},{\"@type\":\"WebSite\",\"@id\":\"https:\\\/\\\/tinychat.com\\\/#website\",\"url\":\"https:\\\/\\\/tinychat.com\\\/\",\"name\":\"TinyChat\",\"description\":\"Random Video Chat with Strangers\",\"publisher\":{\"@id\":\"https:\\\/\\\/tinychat.com\\\/#organization\"},\"alternateName\":\"TinyChat.com\",\"potentialAction\":[{\"@type\":\"SearchAction\",\"target\":{\"@type\":\"EntryPoint\",\"urlTemplate\":\"https:\\\/\\\/tinychat.com\\\/?s={search_term_string}\"},\"query-input\":{\"@type\":\"PropertyValueSpecification\",\"valueRequired\":true,\"valueName\":\"search_term_string\"}}],\"inLanguage\":\"pl-PL\"},{\"@type\":\"Organization\",\"@id\":\"https:\\\/\\\/tinychat.com\\\/#organization\",\"name\":\"TinyChat\",\"alternateName\":\"TinyChat.com\",\"url\":\"https:\\\/\\\/tinychat.com\\\/\",\"logo\":{\"@type\":\"ImageObject\",\"inLanguage\":\"pl-PL\",\"@id\":\"https:\\\/\\\/tinychat.com\\\/#\\\/schema\\\/logo\\\/image\\\/\",\"url\":\"https:\\\/\\\/tinychat.com\\\/wp-content\\\/uploads\\\/2023\\\/11\\\/Tinychat-icon-square.png\",\"contentUrl\":\"https:\\\/\\\/tinychat.com\\\/wp-content\\\/uploads\\\/2023\\\/11\\\/Tinychat-icon-square.png\",\"width\":284,\"height\":284,\"caption\":\"TinyChat\"},\"image\":{\"@id\":\"https:\\\/\\\/tinychat.com\\\/#\\\/schema\\\/logo\\\/image\\\/\"},\"sameAs\":[\"https:\\\/\\\/www.facebook.com\\\/tinychat\",\"https:\\\/\\\/x.com\\\/tinychat\"]}]}<\/script>\n<!-- \/ Yoast SEO plugin. -->","yoast_head_json":{"title":"Czat wideo z kobietami z czatem wideo na TinyChat.com","description":"Lubisz czat wideo z kobietami? Do\u0142\u0105cz do ponad 50 000 000 nieznajomych na TinyChat! W\u0142\u0105cz kamer\u0119 i zacznij poznawa\u0107 nowych ludzi lub znajd\u017a partnera.","robots":{"index":"index","follow":"follow","max-snippet":"max-snippet:-1","max-image-preview":"max-image-preview:large","max-video-preview":"max-video-preview:-1"},"canonical":"https:\/\/tinychat.com\/pl\/video-chat-with-women\/","og_locale":"pl_PL","og_type":"article","og_title":"Video Chat with Women with Video Chat on TinyChat.com","og_description":"Enjoying Video Chat with Women? Join over 50,000,000 strangers on TinyChat! Turn on your cam and start meeting new people, or find a match.","og_url":"https:\/\/tinychat.com\/pl\/video-chat-with-women\/","og_site_name":"TinyChat","article_publisher":"https:\/\/www.facebook.com\/tinychat","og_image":[{"width":1280,"height":284,"url":"https:\/\/tinychat.com\/wp-content\/uploads\/2020\/04\/Tinychat-logo-1280x284-new-black.png","type":"image\/png"}],"twitter_card":"summary_large_image","twitter_site":"@tinychat","twitter_misc":{"Szacowany czas czytania":"7 minut"},"schema":{"@context":"https:\/\/schema.org","@graph":[{"@type":"WebPage","@id":"https:\/\/tinychat.com\/video-chat-with-women\/","url":"https:\/\/tinychat.com\/video-chat-with-women\/","name":"Czat wideo z kobietami z czatem wideo na TinyChat.com","isPartOf":{"@id":"https:\/\/tinychat.com\/#website"},"datePublished":"2025-06-17T12:20:28+00:00","description":"Lubisz czat wideo z kobietami? Do\u0142\u0105cz do ponad 50 000 000 nieznajomych na TinyChat! W\u0142\u0105cz kamer\u0119 i zacznij poznawa\u0107 nowych ludzi lub znajd\u017a partnera.","breadcrumb":{"@id":"https:\/\/tinychat.com\/video-chat-with-women\/#breadcrumb"},"inLanguage":"pl-PL","potentialAction":[{"@type":"ReadAction","target":["https:\/\/tinychat.com\/video-chat-with-women\/"]}]},{"@type":"BreadcrumbList","@id":"https:\/\/tinychat.com\/video-chat-with-women\/#breadcrumb","itemListElement":[{"@type":"ListItem","position":1,"name":"Home","item":"https:\/\/tinychat.com\/"},{"@type":"ListItem","position":2,"name":"Video Chat with Women"}]},{"@type":"WebSite","@id":"https:\/\/tinychat.com\/#website","url":"https:\/\/tinychat.com\/","name":"TinyChat","description":"Losowy czat wideo z nieznajomymi","publisher":{"@id":"https:\/\/tinychat.com\/#organization"},"alternateName":"TinyChat.com","potentialAction":[{"@type":"SearchAction","target":{"@type":"EntryPoint","urlTemplate":"https:\/\/tinychat.com\/?s={search_term_string}"},"query-input":{"@type":"PropertyValueSpecification","valueRequired":true,"valueName":"search_term_string"}}],"inLanguage":"pl-PL"},{"@type":"Organization","@id":"https:\/\/tinychat.com\/#organization","name":"TinyChat","alternateName":"TinyChat.com","url":"https:\/\/tinychat.com\/","logo":{"@type":"ImageObject","inLanguage":"pl-PL","@id":"https:\/\/tinychat.com\/#\/schema\/logo\/image\/","url":"https:\/\/tinychat.com\/wp-content\/uploads\/2023\/11\/Tinychat-icon-square.png","contentUrl":"https:\/\/tinychat.com\/wp-content\/uploads\/2023\/11\/Tinychat-icon-square.png","width":284,"height":284,"caption":"TinyChat"},"image":{"@id":"https:\/\/tinychat.com\/#\/schema\/logo\/image\/"},"sameAs":["https:\/\/www.facebook.com\/tinychat","https:\/\/x.com\/tinychat"]}]}},"_links":{"self":[{"href":"https:\/\/tinychat.com\/pl\/wp-json\/wp\/v2\/pages\/13273","targetHints":{"allow":["GET"]}}],"collection":[{"href":"https:\/\/tinychat.com\/pl\/wp-json\/wp\/v2\/pages"}],"about":[{"href":"https:\/\/tinychat.com\/pl\/wp-json\/wp\/v2\/types\/page"}],"author":[{"embeddable":true,"href":"https:\/\/tinychat.com\/pl\/wp-json\/wp\/v2\/users\/8"}],"replies":[{"embeddable":true,"href":"https:\/\/tinychat.com\/pl\/wp-json\/wp\/v2\/comments?post=13273"}],"version-history":[{"count":2,"href":"https:\/\/tinychat.com\/pl\/wp-json\/wp\/v2\/pages\/13273\/revisions"}],"predecessor-version":[{"id":13275,"href":"https:\/\/tinychat.com\/pl\/wp-json\/wp\/v2\/pages\/13273\/revisions\/13275"}],"wp:attachment":[{"href":"https:\/\/tinychat.com\/pl\/wp-json\/wp\/v2\/media?parent=13273"}],"curies":[{"name":"wp","href":"https:\/\/api.w.org\/{rel}","templated":true}]}}