{"id":13277,"date":"2025-06-17T14:25:46","date_gmt":"2025-06-17T12:25:46","guid":{"rendered":"https:\/\/tinychat.com\/?page_id=13277"},"modified":"2025-06-17T14:25:46","modified_gmt":"2025-06-17T12:25:46","slug":"video-chat-hot","status":"publish","type":"page","link":"https:\/\/tinychat.com\/pl\/video-chat-hot\/","title":{"rendered":"Gor\u0105cy czat wideo"},"content":{"rendered":"<p>Szukasz czego\u015b wi\u0119cej ni\u017c tylko przyjacielskiego przywitania? Chcesz doda\u0107 troch\u0119 iskry do swojego wieczoru lub pozna\u0107 kogo\u015b nowego, kto jest r\u00f3wnie odwa\u017cny i spontaniczny jak Ty? To w\u0142a\u015bnie tam pojawiaj\u0105 si\u0119 gor\u0105ce strony czat\u00f3w wideo. Na tych platformach nie chodzi tylko o przywitanie si\u0119 - chodzi o emocje, chemi\u0119 i \u0142\u0105czenie si\u0119 z lud\u017ami, kt\u00f3rzy s\u0105 otwarci na zabaw\u0119, flirt, a czasem troch\u0119 wi\u0119cej.<\/p>\n<p>W \u015bwiecie, w kt\u00f3rym wszyscy szukaj\u0105 czego\u015b autentycznego, ale tak\u017ce nieco ekscytuj\u0105cego, gor\u0105ce czaty wideo oferuj\u0105 to, co najlepsze z obu \u015bwiat\u00f3w: rozmowy wideo w czasie rzeczywistym z prawdziwymi lud\u017ami, ale ze swobod\u0105 bycia zabawnym, zalotnym i c\u00f3\u017c... nieco dzikim.<\/p>\n<h2>Co to jest \"gor\u0105ca\" strona czatu wideo?<\/h2>\n<p>Gor\u0105ca platforma czat\u00f3w wideo to dowolna witryna lub aplikacja do czatowania wideo, w kt\u00f3rej u\u017cytkownicy szukaj\u0105 czego\u015b wi\u0119cej ni\u017c tylko zwyk\u0142ej rozmowy. Mo\u017ce to oznacza\u0107 zalotne czaty, rozmowy wideo dla doros\u0142ych lub po prostu rozmowy z lud\u017ami, kt\u00f3rzy lubi\u0105 przekracza\u0107 granice i utrzymywa\u0107 interesuj\u0105ce rzeczy. Strony te zazwyczaj oferuj\u0105:<\/p>\n<ul>\n<li>Czat wideo na \u017cywo, jeden na jednego: Dzi\u0119ki temu mo\u017cesz widzie\u0107 i by\u0107 widzianym - natychmiast.<\/li>\n<li>Anonimowo\u015b\u0107 i prywatno\u015b\u0107: U\u017cyj pseudonimu, zachowaj dyskrecj\u0119 i b\u0105d\u017a tak otwarty, jak chcesz.<\/li>\n<li>Losowe opcje gor\u0105cych czat\u00f3w wideo: Nigdy nie wiadomo, kogo spotkasz i jaka b\u0119dzie atmosfera.<\/li>\n<li>Filtry p\u0142ci i zainteresowa\u0144: Do wyszukiwania os\u00f3b, kt\u00f3re pasuj\u0105 do tego, czego szukasz.<\/li>\n<li>Bez os\u0105dzania, bez presji: Przejd\u017a do nast\u0119pnej osoby, je\u015bli to nie jest tw\u00f3j klimat - bez urazy.<\/li>\n<\/ul>\n<p>Niekt\u00f3re strony s\u0105 \"tylko dla doros\u0142ych\", podczas gdy inne s\u0105 po prostu bardzo zabawne i otwarte. Tak czy inaczej, s\u0105 one przeznaczone dla os\u00f3b, kt\u00f3re chc\u0105 czego\u015b wi\u0119cej ni\u017c tylko pogaw\u0119dki.<\/p>\n<h2>Jak dzia\u0142a Hot Video Chat?<\/h2>\n<p>Rozpocz\u0119cie gry jest proste - nawet dla pocz\u0105tkuj\u0105cych:<\/p>\n<ol>\n<li>Wybierz darmow\u0105 stron\u0119 z gor\u0105cymi czatami wideo lub pobierz renomowan\u0105 aplikacj\u0119.<\/li>\n<li>Zezw\u00f3l na dost\u0119p do kamery i mikrofonu.<\/li>\n<li>Ustaw filtry - wybierz, z kim chcesz rozmawia\u0107 (p\u0142e\u0107, zainteresowania itp.).<\/li>\n<li>Kliknij, aby rozpocz\u0105\u0107, a natychmiast zostaniesz dopasowany do kogo\u015b gotowego na zabawn\u0105, gor\u0105c\u0105 rozmow\u0119.<\/li>\n<li>Je\u015bli co\u015b jest niezr\u0119czne, zbyt oswojone lub po prostu nie dla ciebie? Kliknij \"dalej\" i kontynuuj odkrywanie.<\/li>\n<\/ol>\n<p>Wi\u0119kszo\u015b\u0107 platform nie wymaga wielu danych osobowych. U\u017cyj pseudonimu, zachowaj lekko\u015b\u0107 i sam zdecyduj, ile chcesz ujawni\u0107.<\/p>\n<h2>Popularne platformy do gor\u0105cego czatu wideo<\/h2>\n<p>Szukasz odpowiedniego miejsca, aby podkr\u0119ci\u0107 temperatur\u0119? Niekt\u00f3re z najlepszych platform do pikantnych, zabawnych czat\u00f3w wideo obejmuj\u0105:<\/p>\n<ul>\n<li>Flingster: S\u0142ynny z anonimowych, gor\u0105cych czat\u00f3w wideo tylko dla doros\u0142ych ze wszystkimi p\u0142ciami i parami.<\/li>\n<li>Chatrandom (sekcja dla doros\u0142ych): Oferuje filtry p\u0142ci i par oraz mn\u00f3stwo dzikich, przypadkowych spotka\u0144.<\/li>\n<li>CooMeet: Znany z gor\u0105cych czat\u00f3w wideo ze zweryfikowanymi u\u017cytkowniczkami i natychmiastowych po\u0142\u0105cze\u0144.<\/li>\n<li>LuckyCrush: Losowo \u0142\u0105czy m\u0119\u017cczyzn z kobietami w zalotne czaty na \u017cywo.<\/li>\n<li>Chatspin (tryb dla doros\u0142ych): Dodaje zabawne filtry i opcje czatu dla doros\u0142ych.<\/li>\n<li>Bazoocam: Otwarty, losowy czat wideo z du\u017c\u0105 ilo\u015bci\u0105 flirtu i zabawy w grupie.<\/li>\n<\/ul>\n<p>Zawsze sprawdzaj wymagania wiekowe - wi\u0119kszo\u015b\u0107 gor\u0105cych czat\u00f3w wideo jest przeznaczona wy\u0142\u0105cznie dla u\u017cytkownik\u00f3w powy\u017cej 18 roku \u017cycia.<\/p>\n<h2>Dlaczego ludzie kochaj\u0105 czat wideo<\/h2>\n<p>Dla wielu atrakcyjno\u015b\u0107 jest oczywista: to wszystkie emocje zwi\u0105zane z prawdziwym flirtem, ale bezpieczniejsze i bardziej elastyczne.<\/p>\n<ul>\n<li>Natychmiastowa chemia: Sprawd\u017a, czy od razu zaiskrzy\u0142o, bez nieko\u0144cz\u0105cych si\u0119 wiadomo\u015bci.<\/li>\n<li>Globalny zasi\u0119g: Poznaj zalotnych, zabawnych ludzi z dowolnego miejsca na \u015bwiecie.<\/li>\n<li>Zero presji: Nie twoja scena? Po prostu pomi\u0144 i znajd\u017a kogo\u015b nowego.<\/li>\n<li>Spontaniczno\u015b\u0107: Ka\u017cda rozmowa jest niespodziank\u0105 - czasem szalon\u0105, czasem g\u0142upi\u0105, ale zawsze prawdziw\u0105.<\/li>\n<li>Wolno\u015b\u0107: Mo\u017cesz wyznacza\u0107 granice, wybiera\u0107 tempo i bezpiecznie odkrywa\u0107 \u015bwiat.<\/li>\n<\/ul>\n<p>\"Uwielbiam gor\u0105ce czaty wideo, poniewa\u017c nigdy nie wiesz, kogo spotkasz. Czasami jest to zalotne, czasami po prostu zabawne i zawsze mo\u017cesz i\u015b\u0107 dalej, je\u015bli co\u015b nie pasuje\".<\/p>\n<p>\"To jak wyj\u015bcie na imprez\u0119, ale z mojej kanapy. Zawsze znajdzie si\u0119 kto\u015b interesuj\u0105cy online!\"<\/p>\n<h2>Bezpiecze\u0144stwo na darmowym czacie wideo<\/h2>\n<p>Podczas gdy wi\u0119kszo\u015b\u0107 ludzi jest tam dla zabawy i przyjaznych kontakt\u00f3w, kilka sprytnych ruch\u00f3w sprawi, \u017ce twoje do\u015bwiadczenie b\u0119dzie pozytywne:<\/p>\n<ul>\n<li>Nigdy nie udost\u0119pniaj danych osobowych - trzymaj si\u0119 pseudonimu i zachowaj neutralne t\u0142o.<\/li>\n<li>Wyznacz w\u0142asne granice i jasno je zakomunikuj.<\/li>\n<li>Je\u015bli kto\u015b jest nieuprzejmy lub sprawia, \u017ce czujesz si\u0119 niekomfortowo, natychmiast u\u017cyj przycisku blokowania lub zg\u0142aszania.<\/li>\n<li>Nie wysy\u0142aj wyra\u017anych zdj\u0119\u0107 ani danych osobowych, chyba \u017ce masz pewno\u015b\u0107 100%.<\/li>\n<li>Je\u015bli zale\u017cy Ci na prywatno\u015bci, korzystaj z platform, kt\u00f3re nie wymagaj\u0105 rejestracji ani nie przechowuj\u0105 log\u00f3w czatu.<\/li>\n<\/ul>\n<p>Odrobina ostro\u017cno\u015bci zapewnia o wiele wi\u0119cej zabawy.<\/p>\n<h2>Darmowy a p\u0142atny czat wideo na gor\u0105co<\/h2>\n<p>Wi\u0119kszo\u015b\u0107 platform oferuje darmowy, losowy czat wideo jako podstawowe do\u015bwiadczenie. Niekt\u00f3re dodaj\u0105 p\u0142atne funkcje, takie jak specjalne filtry, prezenty lub \"priorytetowe\" dopasowania. Oto ich por\u00f3wnanie:<\/p>\n<table>\n<thead>\n<tr>\n<th>Cecha<\/th>\n<th>Darmowy gor\u0105cy czat wideo<\/th>\n<th>P\u0142atny gor\u0105cy czat wideo<\/th>\n<\/tr>\n<\/thead>\n<tbody>\n<tr>\n<td>Brak koszt\u00f3w<\/td>\n<td>\u2705<\/td>\n<td>\u274c<\/td>\n<\/tr>\n<tr>\n<td>Anonimowy\/przypadkowy<\/td>\n<td>\u2705<\/td>\n<td>\u2705<\/td>\n<\/tr>\n<tr>\n<td>Filtry p\u0142ci i zainteresowa\u0144<\/td>\n<td>\u2705 (na niekt\u00f3rych)<\/td>\n<td>\u2705<\/td>\n<\/tr>\n<tr>\n<td>Wirtualne prezenty i dodatki<\/td>\n<td>\u274c<\/td>\n<td>\u2705<\/td>\n<\/tr>\n<tr>\n<td>Priorytet dopasowania<\/td>\n<td>\u274c<\/td>\n<td>\u2705<\/td>\n<\/tr>\n<tr>\n<td>Pokoje tylko dla doros\u0142ych<\/td>\n<td>\u2705 (wi\u0119kszo\u015b\u0107 witryn)<\/td>\n<td>\u2705<\/td>\n<\/tr>\n<\/tbody>\n<\/table>\n<p>Wi\u0119kszo\u015b\u0107 u\u017cytkownik\u00f3w otrzymuje wszystko, czego potrzebuje z darmowych opcji. P\u0142atne funkcje to tylko dodatki dla tych, kt\u00f3rzy chc\u0105 mie\u0107 nieco wi\u0119cej kontroli lub zabawy.<\/p>\n<h2>Gor\u0105cy czat wideo a zwyk\u0142y czat wideo<\/h2>\n<table>\n<thead>\n<tr>\n<th>Cecha<\/th>\n<th>Gor\u0105cy czat wideo<\/th>\n<th>Zwyk\u0142y czat wideo<\/th>\n<th>Aplikacje randkowe<\/th>\n<th>Czat tekstowy<\/th>\n<\/tr>\n<\/thead>\n<tbody>\n<tr>\n<td>Zalotni, otwarci u\u017cytkownicy<\/td>\n<td>\u2705<\/td>\n<td>\u274c<\/td>\n<td>\u2705<\/td>\n<td>\u274c<\/td>\n<\/tr>\n<tr>\n<td>Anonimowy\/szybkie pomijanie<\/td>\n<td>\u2705<\/td>\n<td>\u2705<\/td>\n<td>\u274c<\/td>\n<td>\u2705<\/td>\n<\/tr>\n<tr>\n<td>Dozwolone tre\u015bci dla doros\u0142ych<\/td>\n<td>\u2705<\/td>\n<td>\u274c<\/td>\n<td>\u2705\/\u274c<\/td>\n<td>\u274c<\/td>\n<\/tr>\n<tr>\n<td>Jeden na jednego i w grupie<\/td>\n<td>\u2705<\/td>\n<td>\u2705<\/td>\n<td>\u2705<\/td>\n<td>\u2705<\/td>\n<\/tr>\n<tr>\n<td>Darmowy w u\u017cyciu<\/td>\n<td>\u2705<\/td>\n<td>\u2705<\/td>\n<td>\u2705\/\u274c<\/td>\n<td>\u2705<\/td>\n<\/tr>\n<\/tbody>\n<\/table>\n<p>Gor\u0105cy czat wideo nie dotyczy wy\u0142\u0105cznie randek - chodzi o natychmiastowe, niefiltrowane po\u0142\u0105czenie, zabaw\u0119 i emocje.<\/p>\n<h2>Wskaz\u00f3wki, jak najlepiej wykorzysta\u0107 swoje do\u015bwiadczenie<\/h2>\n<ul>\n<li>B\u0105d\u017a sob\u0105: Gor\u0105cy czat jest najlepszy, gdy jeste\u015b zrelaksowany i prawdziwy.<\/li>\n<li>Ustal granice: Zdecyduj z g\u00f3ry, z czym czujesz si\u0119 komfortowo i trzymaj si\u0119 tego.<\/li>\n<li>Flirtuj z szacunkiem: Pewno\u015b\u0107 siebie jest atrakcyjna - prymitywno\u015b\u0107 nie.<\/li>\n<li>Baw si\u0119 dobrze: Wypr\u00f3buj zabawne filtry, gry lub tematy, aby prze\u0142ama\u0107 lody.<\/li>\n<li>Nie traktuj tego zbyt powa\u017cnie: Je\u015bli atmosfera nie jest odpowiednia, po prostu id\u017a dalej.<\/li>\n<\/ul>\n<p>I zawsze, zawsze szanuj poziom komfortu drugiej osoby. Najlepsze gor\u0105ce czaty wideo maj\u0105 miejsce, gdy obie osoby dobrze si\u0119 bawi\u0105.<\/p>\n<h2>Kiedy i dlaczego warto wypr\u00f3bowa\u0107 Hot Video Chat<\/h2>\n<p>Istnieje wiele powod\u00f3w, dla kt\u00f3rych warto zanurzy\u0107 si\u0119 w grze:<\/p>\n<ul>\n<li>Urozmai\u0107 nudny wiecz\u00f3r prawdziw\u0105 rozmow\u0105 i zalotn\u0105 atmosfer\u0105<\/li>\n<li>Odkryj swoj\u0105 zabawn\u0105 stron\u0119 w bezpiecznej, anonimowej przestrzeni<\/li>\n<li>Poznaj otwartych ludzi z ca\u0142ego \u015bwiata - nie musisz podr\u00f3\u017cowa\u0107!<\/li>\n<li>Ciesz si\u0119 natychmiastowymi po\u0142\u0105czeniami, bez d\u0142ugiego oczekiwania i skomplikowanych rejestracji<\/li>\n<li>Poczuj dreszczyk emocji, nigdy nie wiedz\u0105c, kto b\u0119dzie nast\u0119pny<\/li>\n<\/ul>\n<p>Niezale\u017cnie od tego, czy jeste\u015b singlem, jeste\u015b w zwi\u0105zku, czy po prostu chcesz zobaczy\u0107, co tam jest, gor\u0105cy czat wideo pozwala odkry\u0107 ciekawo\u015b\u0107 i po\u0142\u0105czy\u0107 si\u0119 na sw\u00f3j spos\u00f3b.<\/p>\n<p>Gor\u0105ce platformy czat\u00f3w wideo to co\u015b wi\u0119cej ni\u017c tylko trend - to nowy spos\u00f3b na poznawanie si\u0119, flirtowanie i dobr\u0105 zabaw\u0119 online. Od darmowych, losowych czat\u00f3w wideo z nieznajomymi po prywatne pokoje tylko dla doros\u0142ych, ka\u017cdy znajdzie co\u015b dla siebie, kto chce podkr\u0119ci\u0107 temperatur\u0119 i nawi\u0105za\u0107 prawdziwe, niezapomniane znajomo\u015bci.<\/p>\n<p>Gotowy, aby zobaczy\u0107, co czeka po drugiej stronie ekranu? Do\u0142\u0105cz do gor\u0105cego czatu wideo ju\u017c dzi\u015b i odkryj, jak ekscytuj\u0105ce mog\u0105 by\u0107 rozmowy online.<\/p>\n<p>Kto wie? Nast\u0119pna niezapomniana chwila mo\u017ce by\u0107 tylko o jedno klikni\u0119cie.<\/p>","protected":false},"excerpt":{"rendered":"<p>Looking for more than just a friendly hello? Want to add a little spark to your night, or meet someone new who\u2019s as bold and spontaneous as you are? That\u2019s where video chat hot sites come in. These platforms aren\u2019t just about saying hi\u2014they\u2019re about excitement, chemistry, and connecting with people who are open to [&hellip;]<\/p>\n","protected":false},"author":8,"featured_media":0,"parent":0,"menu_order":0,"comment_status":"closed","ping_status":"closed","template":"","meta":{"footnotes":""},"class_list":["post-13277","page","type-page","status-publish","hentry"],"yoast_head":"<!-- This site is optimized with the Yoast SEO plugin v27.5 - https:\/\/yoast.com\/product\/yoast-seo-wordpress\/ -->\n<title>Video Chat Hot with Video Chat on TinyChat.com<\/title>\n<meta name=\"description\" content=\"Enjoying Video Chat Hot? Join over 50,000,000 strangers on TinyChat! Turn on your cam and start meeting new people, or find a match.\" \/>\n<meta name=\"robots\" content=\"index, follow, max-snippet:-1, max-image-preview:large, max-video-preview:-1\" \/>\n<link rel=\"canonical\" href=\"https:\/\/tinychat.com\/pl\/video-chat-hot\/\" \/>\n<meta property=\"og:locale\" content=\"pl_PL\" \/>\n<meta property=\"og:type\" content=\"article\" \/>\n<meta property=\"og:title\" content=\"Video Chat Hot with Video Chat on TinyChat.com\" \/>\n<meta property=\"og:description\" content=\"Enjoying Video Chat Hot? Join over 50,000,000 strangers on TinyChat! Turn on your cam and start meeting new people, or find a match.\" \/>\n<meta property=\"og:url\" content=\"https:\/\/tinychat.com\/pl\/video-chat-hot\/\" \/>\n<meta property=\"og:site_name\" content=\"TinyChat\" \/>\n<meta property=\"article:publisher\" content=\"https:\/\/www.facebook.com\/tinychat\" \/>\n<meta property=\"og:image\" content=\"https:\/\/tinychat.com\/wp-content\/uploads\/2020\/04\/Tinychat-logo-1280x284-new-black.png\" \/>\n\t<meta property=\"og:image:width\" content=\"1280\" \/>\n\t<meta property=\"og:image:height\" content=\"284\" \/>\n\t<meta property=\"og:image:type\" content=\"image\/png\" \/>\n<meta name=\"twitter:card\" content=\"summary_large_image\" \/>\n<meta name=\"twitter:site\" content=\"@tinychat\" \/>\n<meta name=\"twitter:label1\" content=\"Szacowany czas czytania\" \/>\n\t<meta name=\"twitter:data1\" content=\"5 minut\" \/>\n<script type=\"application\/ld+json\" class=\"yoast-schema-graph\">{\"@context\":\"https:\\\/\\\/schema.org\",\"@graph\":[{\"@type\":\"WebPage\",\"@id\":\"https:\\\/\\\/tinychat.com\\\/video-chat-hot\\\/\",\"url\":\"https:\\\/\\\/tinychat.com\\\/video-chat-hot\\\/\",\"name\":\"Video Chat Hot with Video Chat on TinyChat.com\",\"isPartOf\":{\"@id\":\"https:\\\/\\\/tinychat.com\\\/#website\"},\"datePublished\":\"2025-06-17T12:25:46+00:00\",\"description\":\"Enjoying Video Chat Hot? Join over 50,000,000 strangers on TinyChat! Turn on your cam and start meeting new people, or find a match.\",\"breadcrumb\":{\"@id\":\"https:\\\/\\\/tinychat.com\\\/video-chat-hot\\\/#breadcrumb\"},\"inLanguage\":\"pl-PL\",\"potentialAction\":[{\"@type\":\"ReadAction\",\"target\":[\"https:\\\/\\\/tinychat.com\\\/video-chat-hot\\\/\"]}]},{\"@type\":\"BreadcrumbList\",\"@id\":\"https:\\\/\\\/tinychat.com\\\/video-chat-hot\\\/#breadcrumb\",\"itemListElement\":[{\"@type\":\"ListItem\",\"position\":1,\"name\":\"Home\",\"item\":\"https:\\\/\\\/tinychat.com\\\/\"},{\"@type\":\"ListItem\",\"position\":2,\"name\":\"Video Chat Hot\"}]},{\"@type\":\"WebSite\",\"@id\":\"https:\\\/\\\/tinychat.com\\\/#website\",\"url\":\"https:\\\/\\\/tinychat.com\\\/\",\"name\":\"TinyChat\",\"description\":\"Random Video Chat with Strangers\",\"publisher\":{\"@id\":\"https:\\\/\\\/tinychat.com\\\/#organization\"},\"alternateName\":\"TinyChat.com\",\"potentialAction\":[{\"@type\":\"SearchAction\",\"target\":{\"@type\":\"EntryPoint\",\"urlTemplate\":\"https:\\\/\\\/tinychat.com\\\/?s={search_term_string}\"},\"query-input\":{\"@type\":\"PropertyValueSpecification\",\"valueRequired\":true,\"valueName\":\"search_term_string\"}}],\"inLanguage\":\"pl-PL\"},{\"@type\":\"Organization\",\"@id\":\"https:\\\/\\\/tinychat.com\\\/#organization\",\"name\":\"TinyChat\",\"alternateName\":\"TinyChat.com\",\"url\":\"https:\\\/\\\/tinychat.com\\\/\",\"logo\":{\"@type\":\"ImageObject\",\"inLanguage\":\"pl-PL\",\"@id\":\"https:\\\/\\\/tinychat.com\\\/#\\\/schema\\\/logo\\\/image\\\/\",\"url\":\"https:\\\/\\\/tinychat.com\\\/wp-content\\\/uploads\\\/2023\\\/11\\\/Tinychat-icon-square.png\",\"contentUrl\":\"https:\\\/\\\/tinychat.com\\\/wp-content\\\/uploads\\\/2023\\\/11\\\/Tinychat-icon-square.png\",\"width\":284,\"height\":284,\"caption\":\"TinyChat\"},\"image\":{\"@id\":\"https:\\\/\\\/tinychat.com\\\/#\\\/schema\\\/logo\\\/image\\\/\"},\"sameAs\":[\"https:\\\/\\\/www.facebook.com\\\/tinychat\",\"https:\\\/\\\/x.com\\\/tinychat\"]}]}<\/script>\n<!-- \/ Yoast SEO plugin. -->","yoast_head_json":{"title":"Gor\u0105cy czat wideo z czatem wideo na TinyChat.com","description":"Lubisz czat wideo na gor\u0105co? Do\u0142\u0105cz do ponad 50 000 000 nieznajomych na TinyChat! W\u0142\u0105cz kamer\u0119 i zacznij poznawa\u0107 nowych ludzi lub znajd\u017a partnera.","robots":{"index":"index","follow":"follow","max-snippet":"max-snippet:-1","max-image-preview":"max-image-preview:large","max-video-preview":"max-video-preview:-1"},"canonical":"https:\/\/tinychat.com\/pl\/video-chat-hot\/","og_locale":"pl_PL","og_type":"article","og_title":"Video Chat Hot with Video Chat on TinyChat.com","og_description":"Enjoying Video Chat Hot? Join over 50,000,000 strangers on TinyChat! Turn on your cam and start meeting new people, or find a match.","og_url":"https:\/\/tinychat.com\/pl\/video-chat-hot\/","og_site_name":"TinyChat","article_publisher":"https:\/\/www.facebook.com\/tinychat","og_image":[{"width":1280,"height":284,"url":"https:\/\/tinychat.com\/wp-content\/uploads\/2020\/04\/Tinychat-logo-1280x284-new-black.png","type":"image\/png"}],"twitter_card":"summary_large_image","twitter_site":"@tinychat","twitter_misc":{"Szacowany czas czytania":"5 minut"},"schema":{"@context":"https:\/\/schema.org","@graph":[{"@type":"WebPage","@id":"https:\/\/tinychat.com\/video-chat-hot\/","url":"https:\/\/tinychat.com\/video-chat-hot\/","name":"Gor\u0105cy czat wideo z czatem wideo na TinyChat.com","isPartOf":{"@id":"https:\/\/tinychat.com\/#website"},"datePublished":"2025-06-17T12:25:46+00:00","description":"Lubisz czat wideo na gor\u0105co? Do\u0142\u0105cz do ponad 50 000 000 nieznajomych na TinyChat! W\u0142\u0105cz kamer\u0119 i zacznij poznawa\u0107 nowych ludzi lub znajd\u017a partnera.","breadcrumb":{"@id":"https:\/\/tinychat.com\/video-chat-hot\/#breadcrumb"},"inLanguage":"pl-PL","potentialAction":[{"@type":"ReadAction","target":["https:\/\/tinychat.com\/video-chat-hot\/"]}]},{"@type":"BreadcrumbList","@id":"https:\/\/tinychat.com\/video-chat-hot\/#breadcrumb","itemListElement":[{"@type":"ListItem","position":1,"name":"Home","item":"https:\/\/tinychat.com\/"},{"@type":"ListItem","position":2,"name":"Video Chat Hot"}]},{"@type":"WebSite","@id":"https:\/\/tinychat.com\/#website","url":"https:\/\/tinychat.com\/","name":"TinyChat","description":"Losowy czat wideo z nieznajomymi","publisher":{"@id":"https:\/\/tinychat.com\/#organization"},"alternateName":"TinyChat.com","potentialAction":[{"@type":"SearchAction","target":{"@type":"EntryPoint","urlTemplate":"https:\/\/tinychat.com\/?s={search_term_string}"},"query-input":{"@type":"PropertyValueSpecification","valueRequired":true,"valueName":"search_term_string"}}],"inLanguage":"pl-PL"},{"@type":"Organization","@id":"https:\/\/tinychat.com\/#organization","name":"TinyChat","alternateName":"TinyChat.com","url":"https:\/\/tinychat.com\/","logo":{"@type":"ImageObject","inLanguage":"pl-PL","@id":"https:\/\/tinychat.com\/#\/schema\/logo\/image\/","url":"https:\/\/tinychat.com\/wp-content\/uploads\/2023\/11\/Tinychat-icon-square.png","contentUrl":"https:\/\/tinychat.com\/wp-content\/uploads\/2023\/11\/Tinychat-icon-square.png","width":284,"height":284,"caption":"TinyChat"},"image":{"@id":"https:\/\/tinychat.com\/#\/schema\/logo\/image\/"},"sameAs":["https:\/\/www.facebook.com\/tinychat","https:\/\/x.com\/tinychat"]}]}},"_links":{"self":[{"href":"https:\/\/tinychat.com\/pl\/wp-json\/wp\/v2\/pages\/13277","targetHints":{"allow":["GET"]}}],"collection":[{"href":"https:\/\/tinychat.com\/pl\/wp-json\/wp\/v2\/pages"}],"about":[{"href":"https:\/\/tinychat.com\/pl\/wp-json\/wp\/v2\/types\/page"}],"author":[{"embeddable":true,"href":"https:\/\/tinychat.com\/pl\/wp-json\/wp\/v2\/users\/8"}],"replies":[{"embeddable":true,"href":"https:\/\/tinychat.com\/pl\/wp-json\/wp\/v2\/comments?post=13277"}],"version-history":[{"count":2,"href":"https:\/\/tinychat.com\/pl\/wp-json\/wp\/v2\/pages\/13277\/revisions"}],"predecessor-version":[{"id":13279,"href":"https:\/\/tinychat.com\/pl\/wp-json\/wp\/v2\/pages\/13277\/revisions\/13279"}],"wp:attachment":[{"href":"https:\/\/tinychat.com\/pl\/wp-json\/wp\/v2\/media?parent=13277"}],"curies":[{"name":"wp","href":"https:\/\/api.w.org\/{rel}","templated":true}]}}