{"id":13358,"date":"2025-07-26T17:37:58","date_gmt":"2025-07-26T15:37:58","guid":{"rendered":"https:\/\/tinychat.com\/?page_id=13358"},"modified":"2025-07-26T17:38:19","modified_gmt":"2025-07-26T15:38:19","slug":"chatiwi","status":"publish","type":"page","link":"https:\/\/tinychat.com\/pl\/chatiwi\/","title":{"rendered":"Chatiwi"},"content":{"rendered":"<p>Krajobraz czat\u00f3w online stale ewoluuje, poniewa\u017c u\u017cytkownicy wymagaj\u0105 nie tylko szybko\u015bci i \u0142atwo\u015bci, ale tak\u017ce prawdziwej prywatno\u015bci, bezpiecze\u0144stwa danych i wolno\u015bci od baga\u017cu rejestracji, profili i inwigilacji. Je\u015bli jeste\u015b zm\u0119czony udost\u0119pnianiem swoich danych osobowych lub \u015bledzeniem na r\u00f3\u017cnych platformach, Chatiwi zosta\u0142 zaprojektowany z my\u015bl\u0105 o tobie. Ta innowacyjna witryna czatu \u0142\u0105czy w sobie wszystko, co ludzie kochaj\u0105 w Chatiw - szybki dost\u0119p, globalny czat i przyjazny dla u\u017cytkownika interfejs - z zaawansowanym szyfrowaniem i silnym zaanga\u017cowaniem w prywatno\u015b\u0107.<\/p>\n<p>Niezale\u017cnie od tego, czy chcesz rozmawia\u0107 z nieznajomymi, nawi\u0105zywa\u0107 nowe znajomo\u015bci, szuka\u0107 wsparcia, flirtowa\u0107, czy po prostu uciec od zgie\u0142ku medi\u00f3w spo\u0142eczno\u015bciowych, Chatiwi zapewnia wyj\u0105tkowe po\u0142\u0105czenie prostoty, bezpiecze\u0144stwa i absolutnej anonimowo\u015bci - a wszystko to bez pobierania aplikacji lub skomplikowanych formularzy rejestracyjnych.<\/p>\n<p>Ten kompletny przewodnik obejmuje wszystko, co musisz wiedzie\u0107 o Chatiwi: czym jest, jak dzia\u0142a, jego kluczowe funkcje, wra\u017cenia u\u017cytkownika, protoko\u0142y bezpiecze\u0144stwa, por\u00f3wnanie z innymi platformami czatu, wskaz\u00f3wki dotycz\u0105ce rozwi\u0105zywania problem\u00f3w i porady ekspert\u00f3w, aby jak najlepiej wykorzysta\u0107 ka\u017cd\u0105 sesj\u0119.<\/p>\n<h2>Co to jest Chatiwi?<\/h2>\n<p>Chatiwi to oparta na przegl\u0105darce anonimowa platforma czatowa oferuj\u0105ca natychmiastowe czaty jeden na jednego lub grupowe z lud\u017ami z ca\u0142ego \u015bwiata - bez konieczno\u015bci rejestracji. Podobnie jak w przypadku klasycznego Chatiw, mo\u017cesz wskoczy\u0107 bezpo\u015brednio do pokoju rozm\u00f3w, podaj\u0105c tylko pseudonim, ale Chatiwi dodaje nowoczesne szyfrowanie i kontrol\u0119 prywatno\u015bci, co czyni go najlepszym wyborem dla ka\u017cdego, kto dba o bezpiecze\u0144stwo i prywatno\u015b\u0107 swoich rozm\u00f3w.<\/p>\n<p>Jest idealny dla:<\/p>\n<ul>\n<li>Anonimowe i bezpieczne rozmowy<\/li>\n<li>Poznawanie nowych ludzi z ca\u0142ego \u015bwiata<\/li>\n<li>Czat tekstowy bez konieczno\u015bci logowania<\/li>\n<li>Unikanie \u015bledzenia danych i marketingu<\/li>\n<li>Ci, kt\u00f3rzy ceni\u0105 sobie prywatno\u015b\u0107, prostot\u0119 i wolno\u015b\u0107<\/li>\n<\/ul>\n<p>Misj\u0105 Chatiwi jest bycie platform\u0105 dla ka\u017cdego, kto chce prawdziwego, natychmiastowego czatu z absolutnym spokojem o swoj\u0105 to\u017csamo\u015b\u0107 i dane.<\/p>\n<h2>Kluczowe cechy Chatiwi<\/h2>\n<p>Chatiwi wyr\u00f3\u017cnia si\u0119 w zat\u0142oczonej przestrzeni czat\u00f3w, koncentruj\u0105c si\u0119 na tym, czego dzisiejsi u\u017cytkownicy oczekuj\u0105 najbardziej: bezpiecze\u0144stwie, anonimowo\u015bci i dost\u0119pno\u015bci.<\/p>\n<h3>1. Rejestracja nie jest wymagana<\/h3>\n<p>Do\u0142\u0105cz w kilka sekund - po prostu wybierz pseudonim i wejd\u017a. Nie jest wymagany adres e-mail, telefon ani profil w mediach spo\u0142eczno\u015bciowych.<\/p>\n<h3>2. Szyfrowany czat od ko\u0144ca do ko\u0144ca<\/h3>\n<p>Wszystkie wiadomo\u015bci na Chatiwi s\u0105 szyfrowane end-to-end. Oznacza to, \u017ce tylko ty i tw\u00f3j partner(-rzy) na czacie mo\u017cecie czyta\u0107 twoje wiadomo\u015bci; nawet w\u0142asne serwery Chatiwi nie maj\u0105 dost\u0119pu do twoich rozm\u00f3w.<\/p>\n<h3>3. Domy\u015blnie anonimowy<\/h3>\n<p>Nie musisz ujawnia\u0107, kim jeste\u015b - MTP65Ti nie prosi o dane osobowe, nie gromadzi ich ani nie przechowuje. Pozosta\u0144 tak prywatny, jak chcesz, zawsze.<\/p>\n<h3>4. Czat indywidualny i grupowy<\/h3>\n<ul>\n<li>Losowy czat: Zosta\u0144 natychmiast sparowany z nieznajomym na prywatn\u0105 rozmow\u0119.<\/li>\n<li>Pokoje rozm\u00f3w grupowych: Do\u0142\u0105cz do publicznych pokoj\u00f3w wed\u0142ug zainteresowa\u0144 lub kraju albo stw\u00f3rz w\u0142asn\u0105 grup\u0119 prywatn\u0105.<\/li>\n<\/ul>\n<h3>5. Prosty, nowoczesny interfejs<\/h3>\n<p>Interfejs jest czysty, przejrzysty i dzia\u0142a doskonale zar\u00f3wno w przegl\u0105darkach stacjonarnych, jak i mobilnych. \u017badnych reklam, \u017cadnych wyskakuj\u0105cych okienek, tylko czat.<\/p>\n<h3>6. Tymczasowe dzienniki czatu<\/h3>\n<p>Czaty znikaj\u0105 po opuszczeniu konta - \u017cadne dzienniki nie s\u0105 przechowywane na serwerach Chatiwi, nic nie jest indeksowane ani upubliczniane.<\/p>\n<h3>7. Emoji i udost\u0119pnianie multimedi\u00f3w (z kontrol\u0105 prywatno\u015bci)<\/h3>\n<p>Wyra\u017a siebie za pomoc\u0105 szerokiej gamy emotikon\u00f3w. W przypadku obraz\u00f3w lub multimedi\u00f3w udost\u0119pnianie jest \u015bci\u015ble kontrolowane i zawsze prywatne - nie ma publicznych kana\u0142\u00f3w.<\/p>\n<h3>8. Aktywna moderacja i kontrola u\u017cytkownika<\/h3>\n<p>Chocia\u017c Chatiwi jest w pe\u0142ni anonimowy, aktywna moderacja i narz\u0119dzia do natychmiastowego zg\u0142aszania\/blokowania pomagaj\u0105 ograniczy\u0107 spam, nadu\u017cycia i boty do minimum.<\/p>\n<h3>9. Filtry lokalizacji i j\u0119zyka<\/h3>\n<p>Znajd\u017a osoby z okre\u015blonych kraj\u00f3w lub filtruj wed\u0142ug j\u0119zyka, aby uzyska\u0107 bardziej odpowiednie wra\u017cenia z czatu (a wszystko to bez \u015bledzenia Twojego prawdziwego adresu IP lub lokalizacji).<\/p>\n<h3>10. Bez pobierania, bez aplikacji<\/h3>\n<p>Chatiwi jest oparty na przegl\u0105darce 100%, zoptymalizowany pod k\u0105tem urz\u0105dze\u0144 mobilnych i stacjonarnych - nie wymaga instalacji ani aktualizacji.<\/p>\n<h2>Jak korzysta\u0107 z Chatiwi<\/h2>\n<p>Chatiwi jest tak \u0142atwy i szybki, jak to tylko mo\u017cliwe, aby do\u0142\u0105czy\u0107 do czatu:<\/p>\n<h3>Krok 1: Odwied\u017a stron\u0119 internetow\u0105 Chatiwi<\/h3>\n<p>Otw\u00f3rz stron\u0119 chatiwi.com lub odpowiedni\u0105 wersj\u0119 lokaln\u0105 w dowolnej przegl\u0105darce.<\/p>\n<h3>Krok 2: Wybierz pseudonim<\/h3>\n<p>Wprowad\u017a pseudonim - nie musisz podawa\u0107 prawdziwych nazwisk ani szczeg\u00f3\u0142\u00f3w.<\/p>\n<h3>Krok 3: Wybierz tryb czatu<\/h3>\n<ul>\n<li>Losowy czat: Natychmiastowe \u0142\u0105czenie si\u0119 w pary w celu prowadzenia anonimowych rozm\u00f3w jeden na jednego.<\/li>\n<li>Czat grupowy: Wejd\u017a do publicznego pokoju wed\u0142ug tematu\/kraju lub utw\u00f3rz w\u0142asny prywatny pok\u00f3j grupowy i udost\u0119pnij link.<\/li>\n<\/ul>\n<h3>Krok 4: Rozpocznij czat<\/h3>\n<p>Przywitaj si\u0119! Mo\u017cesz zachowa\u0107 swobod\u0119, zadawa\u0107 pytania, szuka\u0107 porady lub po prostu mi\u0142o sp\u0119dzi\u0107 czas.<\/p>\n<h3>Krok 5: Korzystanie z filtr\u00f3w (opcjonalnie)<\/h3>\n<p>Wybierz sw\u00f3j kraj lub preferowany j\u0119zyk, aby po\u0142\u0105czy\u0107 si\u0119 z bardziej odpowiednimi u\u017cytkownikami.<\/p>\n<h3>Krok 6: Emoji i udost\u0119pnianie multimedi\u00f3w<\/h3>\n<p>Dodawaj emotikony do wiadomo\u015bci lub udost\u0119pniaj obrazy\/media (je\u015bli s\u0105 w\u0142\u0105czone) - wszystko z kompleksowym szyfrowaniem i prywatn\u0105 dostaw\u0105.<\/p>\n<h3>Krok 7: Zg\u0142o\u015b lub zablokuj w razie potrzeby<\/h3>\n<p>Je\u015bli napotkasz spam lub nadu\u017cycie, u\u017cyj przycisk\u00f3w zg\u0142aszania\/blokowania, aby podj\u0105\u0107 natychmiastowe dzia\u0142anie.<\/p>\n<h2>Wra\u017cenia u\u017cytkownika na Chatiwi<\/h2>\n<p>Chatiwi zosta\u0142 zaprojektowany z my\u015bl\u0105 o czystej, bezpiecznej rozmowie bez rozpraszania uwagi:<\/p>\n<h3>Co kochaj\u0105 u\u017cytkownicy<\/h3>\n<ul>\n<li>Prawdziwie anonimowy czat: Bez rejestracji, bez danych osobowych, bez \u015bledzenia.<\/li>\n<li>Kompleksowe szyfrowanie: Gwarantuje, \u017ce nikt poza Tob\u0105 i Twoim partnerem(ami) na czacie nie b\u0119dzie w stanie odczyta\u0107 Twoich wiadomo\u015bci.<\/li>\n<li>Nowoczesny, przejrzysty interfejs: Szybki, responsywny i wolny od reklam.<\/li>\n<li>Globalna baza u\u017cytkownik\u00f3w: Natychmiastowe poznawanie ludzi z ca\u0142ego \u015bwiata.<\/li>\n<li>Przyjazny dla urz\u0105dze\u0144 mobilnych i stacjonarnych: p\u0142ynna obs\u0142uga na wszystkich urz\u0105dzeniach.<\/li>\n<li>Brak dziennik\u00f3w, brak przechowywania danych: Prywatno\u015b\u0107 nigdy nie jest zagro\u017cona.<\/li>\n<li>Szybki dost\u0119p do wsparcia i moderacji: Ogranicza nadu\u017cycia do minimum.<\/li>\n<\/ul>\n<h3>Gdzie u\u017cytkownicy widz\u0105 pole do poprawy<\/h3>\n<ul>\n<li>Brak czatu wideo lub g\u0142osowego (nacisk k\u0142adziony jest na bezpieczny czat tekstowy).<\/li>\n<li>Udost\u0119pnianie multimedi\u00f3w jest ograniczone ze wzgl\u0119du na prywatno\u015b\u0107 (niekt\u00f3rzy mog\u0105 uzna\u0107 to za ograniczenie).<\/li>\n<li>Czasami mniej u\u017cytkownik\u00f3w ni\u017c na platformach g\u0142\u00f3wnego nurtu (wymiana ilo\u015bci na jako\u015b\u0107 i prywatno\u015b\u0107).<\/li>\n<li>Ca\u0142a anonimowo\u015b\u0107 oznacza, \u017ce musisz by\u0107 proaktywny w zg\u0142aszaniu z\u0142ych aktor\u00f3w (ale narz\u0119dzia s\u0105 dost\u0119pne).<\/li>\n<\/ul>\n<h3>Rzeczywiste opinie u\u017cytkownik\u00f3w<\/h3>\n<blockquote><p>\"Wreszcie strona czatu, na kt\u00f3rej nie musz\u0119 si\u0119 rejestrowa\u0107 ani martwi\u0107, \u017ce moje dane zostan\u0105 udost\u0119pnione. Wydaje si\u0119 znacznie bezpieczniejsza ni\u017c inne losowe aplikacje do czatowania\".<br \/>\n- <em>Khaled A., Trustpilot<\/em><\/p><\/blockquote>\n<blockquote><p>\"Szyfrowanie end-to-end jest powodem, dla kt\u00f3rego u\u017cywam Chatiwi. Proste, czyste i ca\u0142kowicie anonimowe.\"<br \/>\n- <em>Ella P., Google Play<\/em><\/p><\/blockquote>\n<blockquote><p>\"\u017badnych bot\u00f3w, \u017cadnego spamu i nikt nie sprzedaje moich danych. Tylko czat, tak jak powinno by\u0107\".<br \/>\n- <em>David L., App Store<\/em><\/p><\/blockquote>\n<h2>Chatiwi vs. inne platformy anonimowego czatu<\/h2>\n<p>Jak Chatiwi wypada na tle najpopularniejszych alternatyw?<\/p>\n<table>\n<thead>\n<tr>\n<th>Cecha<\/th>\n<th>Chatiwi<\/th>\n<th>Chatiw<\/th>\n<th>Chatib<\/th>\n<th>Yesichat<\/th>\n<th>Chatzy<\/th>\n<th>OmegleWeb<\/th>\n<\/tr>\n<\/thead>\n<tbody>\n<tr>\n<td>Rejestracja nie jest wymagana<\/td>\n<td>Tak<\/td>\n<td>Tak<\/td>\n<td>Tak<\/td>\n<td>Tak<\/td>\n<td>Tak<\/td>\n<td>Tak<\/td>\n<\/tr>\n<tr>\n<td>Szyfrowanie od ko\u0144ca do ko\u0144ca<\/td>\n<td>Tak<\/td>\n<td>Nie<\/td>\n<td>Nie<\/td>\n<td>Nie<\/td>\n<td>Nie<\/td>\n<td>Nie<\/td>\n<\/tr>\n<tr>\n<td>Brak przechowywania danych<\/td>\n<td>Tak<\/td>\n<td>Nie<\/td>\n<td>Nie<\/td>\n<td>Nie<\/td>\n<td>Tak<\/td>\n<td>Nie<\/td>\n<\/tr>\n<tr>\n<td>Czat grupowy i 1 na 1<\/td>\n<td>Oba<\/td>\n<td>Oba<\/td>\n<td>Oba<\/td>\n<td>Oba<\/td>\n<td>Oba<\/td>\n<td>Oba<\/td>\n<\/tr>\n<tr>\n<td>Udost\u0119pnianie multimedi\u00f3w\/Emoji<\/td>\n<td>Tak<\/td>\n<td>Tak<\/td>\n<td>Tak<\/td>\n<td>Tak<\/td>\n<td>Tak<\/td>\n<td>Tak<\/td>\n<\/tr>\n<tr>\n<td>Silne umiarkowanie<\/td>\n<td>Tak<\/td>\n<td>\u26a0\ufe0f Niekt\u00f3re<\/td>\n<td>Tak<\/td>\n<td>Tak<\/td>\n<td>Tak<\/td>\n<td>Tak<\/td>\n<\/tr>\n<tr>\n<td>Zoptymalizowany pod k\u0105tem urz\u0105dze\u0144 mobilnych<\/td>\n<td>Tak<\/td>\n<td>Tak<\/td>\n<td>Tak<\/td>\n<td>Tak<\/td>\n<td>Tak<\/td>\n<td>Tak<\/td>\n<\/tr>\n<tr>\n<td>Brak reklam\/\u015bledzenia<\/td>\n<td>Tak<\/td>\n<td>Nie<\/td>\n<td>Nie<\/td>\n<td>\u26a0\ufe0f Niekt\u00f3re<\/td>\n<td>Tak<\/td>\n<td>Nie<\/td>\n<\/tr>\n<\/tbody>\n<\/table>\n<p>Podsumowanie: Chatiwi wyr\u00f3\u017cnia si\u0119 prawdziwym szyfrowaniem end-to-end, \u015bcis\u0142\u0105 anonimowo\u015bci\u0105, brakiem retencji danych i szybkim, przejrzystym interfejsem - idealnym dla ka\u017cdego, kto ceni sobie prawdziw\u0105 prywatno\u015b\u0107 i bezpiecze\u0144stwo na czacie online.<\/p>\n<h2>Czy Chatiwi jest bezpieczny?<\/h2>\n<p>Chatiwi to jedna z najbezpieczniejszych platform do anonimowego czatowania:<\/p>\n<ul>\n<li>Kompleksowe szyfrowanie: Wiadomo\u015bci nie mog\u0105 by\u0107 przechwycone ani odczytane przez nikogo poza Tob\u0105 i Twoim partnerem.<\/li>\n<li>Zero retencji danych: Dzienniki czatu znikaj\u0105 po opuszczeniu aplikacji.<\/li>\n<li>\u017badne dane rejestracyjne ani osobowe nie s\u0105 gromadzone.<\/li>\n<li>Aktywna moderacja: Spam, nadu\u017cycia i boty s\u0105 szybko usuwane.<\/li>\n<li>Kontrola u\u017cytkownika: Natychmiastowe blokowanie lub zg\u0142aszanie napotkanych problem\u00f3w.<\/li>\n<li>Brak reklam i skrypt\u00f3w \u015bledz\u0105cych innych firm.<\/li>\n<\/ul>\n<h3>Wskaz\u00f3wki dotycz\u0105ce bezpiecze\u0144stwa<\/h3>\n<ul>\n<li>Nie udost\u0119pniaj danych osobowych, nawet na czacie prywatnym.<\/li>\n<li>Korzystaj z pokoj\u00f3w grupowych, aby zapewni\u0107 sobie dodatkow\u0105 anonimowo\u015b\u0107, lub pokoj\u00f3w prywatnych, aby bezpiecznie rozmawia\u0107 w cztery oczy.<\/li>\n<li>Nigdy nie klikaj link\u00f3w ani nie pobieraj plik\u00f3w, chyba \u017ce w pe\u0142ni ufasz danej osobie.<\/li>\n<li>Natychmiast zg\u0142aszaj nadu\u017cycia, spam lub podejrzanych u\u017cytkownik\u00f3w - moderatorzy dzia\u0142aj\u0105 szybko.<\/li>\n<li>Ciesz si\u0119 wolno\u015bci\u0105, ale szanuj granice i prywatno\u015b\u0107 innych.<\/li>\n<\/ul>\n<h2>Wskaz\u00f3wki, jak w pe\u0142ni wykorzysta\u0107 mo\u017cliwo\u015bci Chatiwi<\/h2>\n<ul>\n<li>Zacznij przyja\u017anie: Proste \"cze\u015b\u0107\" lub pytanie mo\u017ce wywo\u0142a\u0107 \u015bwietn\u0105 rozmow\u0119.<\/li>\n<li>U\u017cywaj szyfrowania m\u0105drze: Dyskutuj na wra\u017cliwe tematy, wiedz\u0105c, \u017ce czat jest naprawd\u0119 prywatny.<\/li>\n<li>Wypr\u00f3buj filtry j\u0119zyka i kraju: Poznawaj ludzi z okre\u015blonych \u015brodowisk.<\/li>\n<li>Zg\u0142aszaj i blokuj w razie potrzeby: Pom\u00f3\u017c utrzyma\u0107 bezpieczn\u0105 przestrze\u0144 dla wszystkich.<\/li>\n<li>W razie potrzeby mo\u017cna prze\u0142\u0105cza\u0107 urz\u0105dzenia: Strona jest zoptymalizowana dla wszystkich ekran\u00f3w.<\/li>\n<li>Wyra\u017a siebie za pomoc\u0105 emotikon\u00f3w: O\u017cywiaj rozmowy.<\/li>\n<li>Zachowaj anonimowo\u015b\u0107: Nie ujawniaj prawdziwych szczeg\u00f3\u0142\u00f3w, chyba \u017ce czujesz si\u0119 w pe\u0142ni komfortowo.<\/li>\n<\/ul>\n<h2>Rozwi\u0105zywanie typowych problem\u00f3w z Chatiwi<\/h2>\n<h3>Nie mo\u017cna si\u0119 po\u0142\u0105czy\u0107 lub czat si\u0119 nie \u0142aduje<\/h3>\n<p>Sprawd\u017a po\u0142\u0105czenie internetowe, od\u015bwie\u017c stron\u0119 lub wypr\u00f3buj inn\u0105 przegl\u0105dark\u0119\/urz\u0105dzenie.<\/p>\n<h3>Nie mo\u017cna udost\u0119pnia\u0107 multimedi\u00f3w<\/h3>\n<p>Upewnij si\u0119, \u017ce plik mie\u015bci si\u0119 w limicie rozmiaru\/typu; udost\u0119pnianie niekt\u00f3rych multimedi\u00f3w mo\u017ce by\u0107 wy\u0142\u0105czone ze wzgl\u0119du na ochron\u0119 prywatno\u015bci.<\/p>\n<h3>Napotykanie trolli lub spamu<\/h3>\n<p>U\u017cywaj przycisk\u00f3w zg\u0142aszania\/blokowania. Nadu\u017cycia s\u0105 szybko rozpatrywane przez moderator\u00f3w.<\/p>\n<h3>Zagubiona historia czatu<\/h3>\n<p>Z za\u0142o\u017cenia czaty nie s\u0105 przechowywane w celu zapewnienia prywatno\u015bci. Zapisz wszystko, co wa\u017cne, przed zamkni\u0119ciem okna.<\/p>\n<h3>Niska aktywno\u015b\u0107 u\u017cytkownik\u00f3w<\/h3>\n<p>Wypr\u00f3buj r\u00f3\u017cne pory dnia lub u\u017cyj filtr\u00f3w j\u0119zyka\/kraju, aby uzyska\u0107 wi\u0119cej dopasowa\u0144.<\/p>\n<p>Absolutnie - zw\u0142aszcza dla ka\u017cdego, kto pragnie prawdziwie anonimowego, bezpiecznego i wolnego od rejestracji czatu. Chatiwi jest nowoczesn\u0105 odpowiedzi\u0105 na obawy dotycz\u0105ce prywatno\u015bci, kt\u00f3re n\u0119ka\u0142y wiele starszych platform czatowych, oferuj\u0105c \u015bwie\u017cy, szyfrowany i \u0142atwy spos\u00f3b \u0142\u0105czenia si\u0119 bez kompromis\u00f3w.<\/p>\n<p>Niezale\u017cnie od tego, czy chcesz pozna\u0107 nieznajomych, nawi\u0105za\u0107 nowe znajomo\u015bci, czy po prostu czatowa\u0107 w ca\u0142kowitej prywatno\u015bci, Chatiwi to Twoja bezpieczna przysta\u0144 - szybka, czysta i wolna od \u015bledzenia danych, rejestracji lub inwigilacji.<\/p>\n<p>Gotowy do bezpiecznego czatu?<br \/>\nOdwied\u017a stron\u0119 chatiwi.com, wybierz sw\u00f3j pseudonim i rozpocznij kolejn\u0105 anonimow\u0105, szyfrowan\u0105 rozmow\u0119 ju\u017c teraz.<\/p>","protected":false},"excerpt":{"rendered":"<p>The landscape of online chatting is constantly evolving, as users demand not just speed and ease, but also real privacy, data security, and freedom from the baggage of signups, profiles, and surveillance. If you\u2019re tired of sharing your personal details or being tracked across platforms, Chatiwi is designed with you in mind. This innovative chat [&hellip;]<\/p>\n","protected":false},"author":6,"featured_media":0,"parent":0,"menu_order":0,"comment_status":"closed","ping_status":"closed","template":"","meta":{"footnotes":""},"class_list":["post-13358","page","type-page","status-publish","hentry"],"yoast_head":"<!-- This site is optimized with the Yoast SEO plugin v27.4 - https:\/\/yoast.com\/product\/yoast-seo-wordpress\/ -->\n<title>Chatiwi - Anonymous Encrypted Chat No Registration - TinyChat.com<\/title>\n<meta name=\"description\" content=\"Enjoying Chatiwi? Join over 50,000,000 strangers on TinyChat! Turn on your cam and start meeting new people, or find a match.\" \/>\n<meta name=\"robots\" content=\"index, follow, max-snippet:-1, max-image-preview:large, max-video-preview:-1\" \/>\n<link rel=\"canonical\" href=\"https:\/\/tinychat.com\/pl\/chatiwi\/\" \/>\n<meta property=\"og:locale\" content=\"pl_PL\" \/>\n<meta property=\"og:type\" content=\"article\" \/>\n<meta property=\"og:title\" content=\"Chatiwi - Anonymous Encrypted Chat No Registration - TinyChat.com\" \/>\n<meta property=\"og:description\" content=\"Enjoying Chatiwi? Join over 50,000,000 strangers on TinyChat! Turn on your cam and start meeting new people, or find a match.\" \/>\n<meta property=\"og:url\" content=\"https:\/\/tinychat.com\/pl\/chatiwi\/\" \/>\n<meta property=\"og:site_name\" content=\"TinyChat\" \/>\n<meta property=\"article:publisher\" content=\"https:\/\/www.facebook.com\/tinychat\" \/>\n<meta property=\"article:modified_time\" content=\"2025-07-26T15:38:19+00:00\" \/>\n<meta property=\"og:image\" content=\"https:\/\/tinychat.com\/wp-content\/uploads\/2020\/04\/Tinychat-logo-1280x284-new-black.png\" \/>\n\t<meta property=\"og:image:width\" content=\"1280\" \/>\n\t<meta property=\"og:image:height\" content=\"284\" \/>\n\t<meta property=\"og:image:type\" content=\"image\/png\" \/>\n<meta name=\"twitter:card\" content=\"summary_large_image\" \/>\n<meta name=\"twitter:site\" content=\"@tinychat\" \/>\n<meta name=\"twitter:label1\" content=\"Szacowany czas czytania\" \/>\n\t<meta name=\"twitter:data1\" content=\"7 minut\" \/>\n<script type=\"application\/ld+json\" class=\"yoast-schema-graph\">{\"@context\":\"https:\\\/\\\/schema.org\",\"@graph\":[{\"@type\":\"WebPage\",\"@id\":\"https:\\\/\\\/tinychat.com\\\/chatiwi\\\/\",\"url\":\"https:\\\/\\\/tinychat.com\\\/chatiwi\\\/\",\"name\":\"Chatiwi - Anonymous Encrypted Chat No Registration - TinyChat.com\",\"isPartOf\":{\"@id\":\"https:\\\/\\\/tinychat.com\\\/#website\"},\"datePublished\":\"2025-07-26T15:37:58+00:00\",\"dateModified\":\"2025-07-26T15:38:19+00:00\",\"description\":\"Enjoying Chatiwi? Join over 50,000,000 strangers on TinyChat! Turn on your cam and start meeting new people, or find a match.\",\"breadcrumb\":{\"@id\":\"https:\\\/\\\/tinychat.com\\\/chatiwi\\\/#breadcrumb\"},\"inLanguage\":\"pl-PL\",\"potentialAction\":[{\"@type\":\"ReadAction\",\"target\":[\"https:\\\/\\\/tinychat.com\\\/chatiwi\\\/\"]}]},{\"@type\":\"BreadcrumbList\",\"@id\":\"https:\\\/\\\/tinychat.com\\\/chatiwi\\\/#breadcrumb\",\"itemListElement\":[{\"@type\":\"ListItem\",\"position\":1,\"name\":\"Home\",\"item\":\"https:\\\/\\\/tinychat.com\\\/\"},{\"@type\":\"ListItem\",\"position\":2,\"name\":\"Chatiwi\"}]},{\"@type\":\"WebSite\",\"@id\":\"https:\\\/\\\/tinychat.com\\\/#website\",\"url\":\"https:\\\/\\\/tinychat.com\\\/\",\"name\":\"TinyChat\",\"description\":\"Random Video Chat with Strangers\",\"publisher\":{\"@id\":\"https:\\\/\\\/tinychat.com\\\/#organization\"},\"alternateName\":\"TinyChat.com\",\"potentialAction\":[{\"@type\":\"SearchAction\",\"target\":{\"@type\":\"EntryPoint\",\"urlTemplate\":\"https:\\\/\\\/tinychat.com\\\/?s={search_term_string}\"},\"query-input\":{\"@type\":\"PropertyValueSpecification\",\"valueRequired\":true,\"valueName\":\"search_term_string\"}}],\"inLanguage\":\"pl-PL\"},{\"@type\":\"Organization\",\"@id\":\"https:\\\/\\\/tinychat.com\\\/#organization\",\"name\":\"TinyChat\",\"alternateName\":\"TinyChat.com\",\"url\":\"https:\\\/\\\/tinychat.com\\\/\",\"logo\":{\"@type\":\"ImageObject\",\"inLanguage\":\"pl-PL\",\"@id\":\"https:\\\/\\\/tinychat.com\\\/#\\\/schema\\\/logo\\\/image\\\/\",\"url\":\"https:\\\/\\\/tinychat.com\\\/wp-content\\\/uploads\\\/2023\\\/11\\\/Tinychat-icon-square.png\",\"contentUrl\":\"https:\\\/\\\/tinychat.com\\\/wp-content\\\/uploads\\\/2023\\\/11\\\/Tinychat-icon-square.png\",\"width\":284,\"height\":284,\"caption\":\"TinyChat\"},\"image\":{\"@id\":\"https:\\\/\\\/tinychat.com\\\/#\\\/schema\\\/logo\\\/image\\\/\"},\"sameAs\":[\"https:\\\/\\\/www.facebook.com\\\/tinychat\",\"https:\\\/\\\/x.com\\\/tinychat\"]}]}<\/script>\n<!-- \/ Yoast SEO plugin. -->","yoast_head_json":{"title":"Chatiwi - Anonimowy szyfrowany czat bez rejestracji - TinyChat.com","description":"Korzystasz z Chatiwi? Do\u0142\u0105cz do ponad 50 000 000 nieznajomych na TinyChat! W\u0142\u0105cz kamer\u0119 i zacznij poznawa\u0107 nowych ludzi lub znajd\u017a partnera.","robots":{"index":"index","follow":"follow","max-snippet":"max-snippet:-1","max-image-preview":"max-image-preview:large","max-video-preview":"max-video-preview:-1"},"canonical":"https:\/\/tinychat.com\/pl\/chatiwi\/","og_locale":"pl_PL","og_type":"article","og_title":"Chatiwi - Anonymous Encrypted Chat No Registration - TinyChat.com","og_description":"Enjoying Chatiwi? Join over 50,000,000 strangers on TinyChat! Turn on your cam and start meeting new people, or find a match.","og_url":"https:\/\/tinychat.com\/pl\/chatiwi\/","og_site_name":"TinyChat","article_publisher":"https:\/\/www.facebook.com\/tinychat","article_modified_time":"2025-07-26T15:38:19+00:00","og_image":[{"width":1280,"height":284,"url":"https:\/\/tinychat.com\/wp-content\/uploads\/2020\/04\/Tinychat-logo-1280x284-new-black.png","type":"image\/png"}],"twitter_card":"summary_large_image","twitter_site":"@tinychat","twitter_misc":{"Szacowany czas czytania":"7 minut"},"schema":{"@context":"https:\/\/schema.org","@graph":[{"@type":"WebPage","@id":"https:\/\/tinychat.com\/chatiwi\/","url":"https:\/\/tinychat.com\/chatiwi\/","name":"Chatiwi - Anonimowy szyfrowany czat bez rejestracji - TinyChat.com","isPartOf":{"@id":"https:\/\/tinychat.com\/#website"},"datePublished":"2025-07-26T15:37:58+00:00","dateModified":"2025-07-26T15:38:19+00:00","description":"Korzystasz z Chatiwi? Do\u0142\u0105cz do ponad 50 000 000 nieznajomych na TinyChat! W\u0142\u0105cz kamer\u0119 i zacznij poznawa\u0107 nowych ludzi lub znajd\u017a partnera.","breadcrumb":{"@id":"https:\/\/tinychat.com\/chatiwi\/#breadcrumb"},"inLanguage":"pl-PL","potentialAction":[{"@type":"ReadAction","target":["https:\/\/tinychat.com\/chatiwi\/"]}]},{"@type":"BreadcrumbList","@id":"https:\/\/tinychat.com\/chatiwi\/#breadcrumb","itemListElement":[{"@type":"ListItem","position":1,"name":"Home","item":"https:\/\/tinychat.com\/"},{"@type":"ListItem","position":2,"name":"Chatiwi"}]},{"@type":"WebSite","@id":"https:\/\/tinychat.com\/#website","url":"https:\/\/tinychat.com\/","name":"TinyChat","description":"Losowy czat wideo z nieznajomymi","publisher":{"@id":"https:\/\/tinychat.com\/#organization"},"alternateName":"TinyChat.com","potentialAction":[{"@type":"SearchAction","target":{"@type":"EntryPoint","urlTemplate":"https:\/\/tinychat.com\/?s={search_term_string}"},"query-input":{"@type":"PropertyValueSpecification","valueRequired":true,"valueName":"search_term_string"}}],"inLanguage":"pl-PL"},{"@type":"Organization","@id":"https:\/\/tinychat.com\/#organization","name":"TinyChat","alternateName":"TinyChat.com","url":"https:\/\/tinychat.com\/","logo":{"@type":"ImageObject","inLanguage":"pl-PL","@id":"https:\/\/tinychat.com\/#\/schema\/logo\/image\/","url":"https:\/\/tinychat.com\/wp-content\/uploads\/2023\/11\/Tinychat-icon-square.png","contentUrl":"https:\/\/tinychat.com\/wp-content\/uploads\/2023\/11\/Tinychat-icon-square.png","width":284,"height":284,"caption":"TinyChat"},"image":{"@id":"https:\/\/tinychat.com\/#\/schema\/logo\/image\/"},"sameAs":["https:\/\/www.facebook.com\/tinychat","https:\/\/x.com\/tinychat"]}]}},"_links":{"self":[{"href":"https:\/\/tinychat.com\/pl\/wp-json\/wp\/v2\/pages\/13358","targetHints":{"allow":["GET"]}}],"collection":[{"href":"https:\/\/tinychat.com\/pl\/wp-json\/wp\/v2\/pages"}],"about":[{"href":"https:\/\/tinychat.com\/pl\/wp-json\/wp\/v2\/types\/page"}],"author":[{"embeddable":true,"href":"https:\/\/tinychat.com\/pl\/wp-json\/wp\/v2\/users\/6"}],"replies":[{"embeddable":true,"href":"https:\/\/tinychat.com\/pl\/wp-json\/wp\/v2\/comments?post=13358"}],"version-history":[{"count":1,"href":"https:\/\/tinychat.com\/pl\/wp-json\/wp\/v2\/pages\/13358\/revisions"}],"predecessor-version":[{"id":13364,"href":"https:\/\/tinychat.com\/pl\/wp-json\/wp\/v2\/pages\/13358\/revisions\/13364"}],"wp:attachment":[{"href":"https:\/\/tinychat.com\/pl\/wp-json\/wp\/v2\/media?parent=13358"}],"curies":[{"name":"wp","href":"https:\/\/api.w.org\/{rel}","templated":true}]}}