{"id":13405,"date":"2025-08-04T18:20:02","date_gmt":"2025-08-04T16:20:02","guid":{"rendered":"https:\/\/tinychat.com\/?page_id=13405"},"modified":"2025-08-04T18:20:02","modified_gmt":"2025-08-04T16:20:02","slug":"free-video-call-app-with-random-girl","status":"publish","type":"page","link":"https:\/\/tinychat.com\/pl\/free-video-call-app-with-random-girl\/","title":{"rendered":"Darmowa aplikacja do rozm\u00f3w wideo z przypadkow\u0105 dziewczyn\u0105"},"content":{"rendered":"<p>W erze natychmiastowych po\u0142\u0105cze\u0144 pomys\u0142 rozmowy twarz\u0105 w twarz z nieznajom\u0105 nigdy nie by\u0142 bardziej ekscytuj\u0105cy - ani bardziej dost\u0119pny. Darmowa aplikacja do rozm\u00f3w wideo z przypadkow\u0105 dziewczyn\u0105 umo\u017cliwia poznawanie i rozmow\u0119 z prawdziwymi kobietami z ca\u0142ego \u015bwiata, bezpo\u015brednio z telefonu lub laptopa, o dowolnej godzinie. Niezale\u017cnie od tego, czy szukasz nowych przyjaci\u00f3\u0142, zalotnych rozm\u00f3w, czy po prostu chcesz zobaczy\u0107, kogo spotkasz, te aplikacje sprawiaj\u0105, \u017ce ka\u017cda noc jest przygod\u0105.<\/p>\n<p>Je\u015bli jeste\u015b ciekawy, jak dzia\u0142aj\u0105 te platformy, co je wyr\u00f3\u017cnia i jak uzyska\u0107 najlepsze i najbezpieczniejsze wra\u017cenia, jeste\u015b we w\u0142a\u015bciwym miejscu. Odkryjmy \u015bwiat darmowych aplikacji do rozm\u00f3w wideo z przypadkowymi dziewczynami online.<\/p>\n<h2>Co to jest darmowa aplikacja do rozm\u00f3w wideo z przypadkow\u0105 dziewczyn\u0105?<\/h2>\n<p>Darmowa aplikacja do rozm\u00f3w wideo z przypadkow\u0105 dziewczyn\u0105 jest dok\u0142adnie tym, na co wygl\u0105da: aplikacj\u0105 lub platform\u0105, kt\u00f3ra umo\u017cliwia natychmiastowe \u0142\u0105czenie si\u0119 na czacie wideo z kobietami, kt\u00f3re r\u00f3wnie\u017c chc\u0105 pozna\u0107 nowych ludzi. Za pomoc\u0105 jednego klikni\u0119cia mo\u017cesz odby\u0107 spontaniczn\u0105 rozmow\u0119 twarz\u0105 w twarz z kim\u015b, kogo nigdy wcze\u015bniej nie spotka\u0142e\u015b - nie jest wymagana rejestracja, p\u0142atno\u015b\u0107 ani skomplikowana konfiguracja.<\/p>\n<p>Platformy te oferuj\u0105:<\/p>\n<ul>\n<li>Losowe dopasowanie: Natychmiast po\u0142\u0105cz si\u0119 z dziewczyn\u0105 z dowolnego miejsca na \u015bwiecie.<\/li>\n<li>Brak koszt\u00f3w: Wiele wiod\u0105cych aplikacji i witryn jest ca\u0142kowicie darmowych.<\/li>\n<li>Anonimowo\u015b\u0107 i prywatno\u015b\u0107: Ty decydujesz, co udost\u0119pni\u0107 i kiedy; u\u017cyj pseudonimu, je\u015bli chcesz.<\/li>\n<li>Elastyczne opcje czatu: Prze\u0142\u0105czaj si\u0119 mi\u0119dzy czatem wideo, audio lub tekstowym w zale\u017cno\u015bci od poziomu komfortu.<\/li>\n<\/ul>\n<p>Chodzi o prawdziwe rozmowy, prawdziw\u0105 chemi\u0119 i prawdziwych ludzi - a nie boty czy fa\u0142szywe profile.<\/p>\n<h2>Dlaczego tak wiele os\u00f3b korzysta z przypadkowych aplikacji do rozm\u00f3w wideo z dziewczynami?<\/h2>\n<p>Jest co\u015b wyj\u0105tkowo ekscytuj\u0105cego w nieprzewidywalno\u015bci losowego czatu wideo, zw\u0142aszcza gdy szukasz kontaktu z kobietami, kt\u00f3re s\u0105 otwarte, przyjazne i gotowe na nowe do\u015bwiadczenia. Oto dlaczego te aplikacje s\u0105 tak popularne:<\/p>\n<ul>\n<li>Prze\u0142am rutyn\u0119: Ka\u017cda rozmowa jest \u015bwie\u017ca i inna - koniec z nudnymi czatami grupowymi lub nieko\u0144cz\u0105cym si\u0119 przesuwaniem.<\/li>\n<li>Natychmiastowa chemia: Zobacz i us\u0142ysz kogo\u015b w czasie rzeczywistym, dzi\u0119ki czemu \u0142atwiej poczu\u0107 wi\u0119\u017a.<\/li>\n<li>\u0106wicz flirt lub umiej\u0119tno\u015bci spo\u0142eczne: \u015awietne do budowania pewno\u015bci siebie w niskoci\u015bnieniowym, zabawnym \u015brodowisku.<\/li>\n<li>Globalny zasi\u0119g: Poznaj dziewczyny z r\u00f3\u017cnych kultur, \u015brodowisk i kraj\u00f3w.<\/li>\n<li>Bezpieczna, anonimowa zabawa: Pozosta\u0144 tak prywatny, jak chcesz, dop\u00f3ki nie poczujesz si\u0119 komfortowo, dziel\u0105c si\u0119 wi\u0119cej.<\/li>\n<\/ul>\n<blockquote><p>\"Pobra\u0142em darmow\u0105 aplikacj\u0119 do rozm\u00f3w wideo z przypadkow\u0105 dziewczyn\u0105 z ciekawo\u015bci, ale teraz u\u017cywam jej ca\u0142y czas. Niekt\u00f3re czaty s\u0105 g\u0142upie, niekt\u00f3re zalotne, a kilka przerodzi\u0142o si\u0119 w prawdziwe przyja\u017anie\".<\/p><\/blockquote>\n<h2>Najlepsze aplikacje do darmowych rozm\u00f3w wideo z przypadkowymi dziewczynami<\/h2>\n<p>Zastanawiasz si\u0119 od czego zacz\u0105\u0107? Oto niekt\u00f3re z najbardziej popularnych i niezawodnych opcji poznawania dziewczyn za po\u015brednictwem bezp\u0142atnych po\u0142\u0105cze\u0144 wideo:<\/p>\n<h3>1. CooMeet<\/h3>\n<p>Znana aplikacja przeznaczona do \u0142\u0105czenia m\u0119\u017cczyzn ze zweryfikowanymi kobietami. Ka\u017cdy u\u017cytkownik jest prawdziwy, a filtry p\u0142ci u\u0142atwiaj\u0105 czatowanie tylko z dziewczynami. Szybka, prosta i popularna na ca\u0142ym \u015bwiecie.<\/p>\n<h3>2. Omegle (z filtrem Girl)<\/h3>\n<p>Klasyczny dla losowych czat\u00f3w wideo - chocia\u017c w Omegle nie ma wbudowanego filtra p\u0142ci, niekt\u00f3re witryny i rozszerzenia innych firm u\u0142atwiaj\u0105 dopasowanie do kobiet.<\/p>\n<h3>3. LuckyCrush<\/h3>\n<p>Natychmiast \u0142\u0105czy w pary m\u0119\u017cczyzn i kobiety z ca\u0142ego \u015bwiata w celu prowadzenia prywatnych, losowych czat\u00f3w wideo. Rejestracja nie jest wymagana, a w ka\u017cdej chwili mo\u017cesz przej\u015b\u0107 do nast\u0119pnej rozmowy.<\/p>\n<h3>4. Chatspin<\/h3>\n<p>Oferuje czat wideo z opcjonalnymi filtrami p\u0142ci, tagami zainteresowa\u0144 i p\u0142ynnym, przyjaznym dla u\u017cytkownika interfejsem. Dost\u0119pna na urz\u0105dzenia mobilne i komputery stacjonarne.<\/p>\n<h3>5. Chatrandom (tryb czatu dla dziewcz\u0105t)<\/h3>\n<p>Du\u017ca, aktywna spo\u0142eczno\u015b\u0107 i dedykowana sekcja do czatowania tylko z dziewczynami. Darmowy, z opcj\u0105 aktualizacji w celu uzyskania dodatkowych funkcji.<\/p>\n<blockquote><p>Wskaz\u00f3wka: Zawsze korzystaj z oficjalnych aplikacji lub renomowanych witryn. Unikaj nieznanych aplikacji, kt\u00f3re prosz\u0105 o niepotrzebne uprawnienia lub p\u0142atno\u015bci z g\u00f3ry.<\/p><\/blockquote>\n<h2>Jak dzia\u0142a aplikacja do losowych rozm\u00f3w wideo z dziewczynami?<\/h2>\n<p>Jest to niezwykle proste - nie wymaga \u017cadnych umiej\u0119tno\u015bci technicznych:<\/p>\n<ol>\n<li>Pobierz aplikacj\u0119 lub odwied\u017a stron\u0119 internetow\u0105. Wiele opcji jest dost\u0119pnych zar\u00f3wno na iOS, jak i Androida, lub dzia\u0142a bezpo\u015brednio w przegl\u0105darce.<\/li>\n<li>Wybierz swoje preferencje. Wi\u0119kszo\u015b\u0107 aplikacji umo\u017cliwia filtrowanie wed\u0142ug p\u0142ci, lokalizacji lub zainteresowa\u0144.<\/li>\n<li>Zezwalaj na dost\u0119p do kamery\/mikrofonu. U\u017cytkownik kontroluje, kiedy w\u0142\u0105czy\u0107 lub wy\u0142\u0105czy\u0107 kamer\u0119.<\/li>\n<li>Kliknij \"Rozpocznij\" lub \"Po\u0142\u0105cz\". Natychmiast po\u0142\u0105cz si\u0119 z przypadkow\u0105 dziewczyn\u0105, kt\u00f3ra r\u00f3wnie\u017c jest online.<\/li>\n<li>Porozmawiaj, po\u015bmiej si\u0119 i zobacz, jak to si\u0119 potoczy. Je\u015bli nie czujesz tej atmosfery, po prostu kliknij \"dalej\", aby pozna\u0107 kogo\u015b nowego.<\/li>\n<\/ol>\n<p>Na wielu platformach nie jest wymagana rejestracja, a wi\u0119kszo\u015b\u0107 z nich oferuje nielimitowane darmowe czaty - idealne do nieko\u0144cz\u0105cego si\u0119 odkrywania.<\/p>\n<h2>Darmowe a p\u0142atne funkcje: Jaka jest r\u00f3\u017cnica?<\/h2>\n<p>Wi\u0119kszo\u015b\u0107 darmowych aplikacji do rozm\u00f3w wideo z przypadkowymi dziewczynami zapewnia podstawowe funkcje bez \u017cadnych koszt\u00f3w, ale niekt\u00f3re oferuj\u0105 p\u0142atne dodatki:<\/p>\n<table>\n<thead>\n<tr>\n<th>Cecha<\/th>\n<th>Darmowa wersja<\/th>\n<th>Wersja p\u0142atna<\/th>\n<\/tr>\n<\/thead>\n<tbody>\n<tr>\n<td>Losowe dopasowanie wideo<\/td>\n<td>\u2705<\/td>\n<td>\u2705<\/td>\n<\/tr>\n<tr>\n<td>Filtry p\u0142ci<\/td>\n<td>\u2705 (podstawowy)<\/td>\n<td>\u2705 (zaawansowany)<\/td>\n<\/tr>\n<tr>\n<td>Nieograniczone pomijanie\/po\u0142\u0105czenia<\/td>\n<td>(mo\u017ce by\u0107 ograniczona)<\/td>\n<td>\u2705 (bez ogranicze\u0144)<\/td>\n<\/tr>\n<tr>\n<td>Brak reklam<\/td>\n<td>\u274c<\/td>\n<td>\u2705<\/td>\n<\/tr>\n<tr>\n<td>Priorytetowy lub wy\u0142\u0105czny dost\u0119p<\/td>\n<td>\u274c<\/td>\n<td>\u2705<\/td>\n<\/tr>\n<tr>\n<td>Wirtualne prezenty i naklejki<\/td>\n<td>\u274c<\/td>\n<td>\u2705<\/td>\n<\/tr>\n<\/tbody>\n<\/table>\n<p>Dla wi\u0119kszo\u015bci u\u017cytkownik\u00f3w darmowa wersja jest wi\u0119cej ni\u017c wystarczaj\u0105ca. P\u0142atne funkcje s\u0105 przydatne, je\u015bli zale\u017cy nam na wi\u0119kszej kontroli, prywatno\u015bci lub braku reklam.<\/p>\n<h2>Wskaz\u00f3wki bezpiecze\u0144stwa dotycz\u0105ce losowego czatu wideo z dziewczynami<\/h2>\n<p>Poznawanie nowych ludzi online to \u015bwietna zabawa, ale bezpiecze\u0144stwo powinno by\u0107 zawsze na pierwszym miejscu. Oto jak zachowa\u0107 bezpiecze\u0144stwo:<\/p>\n<ul>\n<li>Nigdy nie udost\u0119pniaj prywatnych informacji: Nie podawaj swojego prawdziwego imienia i nazwiska, adresu, numeru telefonu lub konta spo\u0142eczno\u015bciowego, dop\u00f3ki komu\u015b nie zaufasz.<\/li>\n<li>U\u017cywaj neutralnego pseudonimu: Zachowaj swoj\u0105 prawdziw\u0105 to\u017csamo\u015b\u0107 w tajemnicy, dop\u00f3ki nie poczujesz si\u0119 komfortowo.<\/li>\n<li>Uwa\u017caj na t\u0142o: Unikaj pokazywania w kamerze przedmiot\u00f3w osobistych, zdj\u0119\u0107 rodzinnych lub adresu domowego.<\/li>\n<li>Zg\u0142aszanie\/blokowanie z\u0142ych zachowa\u0144: Wi\u0119kszo\u015b\u0107 aplikacji ma narz\u0119dzia do natychmiastowego blokowania i zg\u0142aszania - u\u017cywaj ich do wszystkiego, co podejrzane lub obra\u017aliwe.<\/li>\n<li>Nie wysy\u0142aj pieni\u0119dzy ani nie klikaj dziwnych link\u00f3w: Chro\u0144 si\u0119 przed oszustwami lub pr\u00f3bami phishingu.<\/li>\n<\/ul>\n<p>Wi\u0119kszo\u015b\u0107 u\u017cytkownik\u00f3w jest tam dla przyjaznego, szczerego czatu, ale zawsze ufaj swojemu instynktowi.<\/p>\n<h2>Kto korzysta z darmowych aplikacji do rozm\u00f3w wideo z przypadkowymi dziewczynami?<\/h2>\n<p>Odpowied\u017a: prawie ka\u017cdy! Znajdziesz:<\/p>\n<ul>\n<li>Single szukaj\u0105ce zalotnej rozmowy lub niezobowi\u0105zuj\u0105cych randek online<\/li>\n<li>Ludzie szukaj\u0105cy nowych przyjaci\u00f3\u0142 i \u015bwie\u017cych perspektyw<\/li>\n<li>Nocne sowy pragn\u0105ce towarzystwa do p\u00f3\u017anych godzin nocnych<\/li>\n<li>Studenci \u0107wicz\u0105 nowe j\u0119zyki z native speakerami<\/li>\n<li>Ka\u017cdy znudzony w domu i pragn\u0105cy czego\u015b spontanicznego i nowego<\/li>\n<\/ul>\n<p>To jedna z najbardziej zr\u00f3\u017cnicowanych i nieprzewidywalnych spo\u0142eczno\u015bci online - ka\u017cdy czat to nowa historia.<\/p>\n<h2>O czym rozmawia\u0107 z przypadkowymi dziewczynami na czacie wideo?<\/h2>\n<p>Nie wiesz jak zacz\u0105\u0107? Wypr\u00f3buj te pomys\u0142y:<\/p>\n<ul>\n<li>Hobby, ulubiona muzyka i filmy<\/li>\n<li>Historie o jedzeniu i podr\u00f3\u017cach - dok\u0105d by\u015b pojecha\u0142, gdyby pieni\u0105dze nie stanowi\u0142y przeszkody?<\/li>\n<li>G\u0142upie pytania typu \"wola\u0142by\u015b\" lub gry prze\u0142amuj\u0105ce lody<\/li>\n<li>Najciekawsza rzecz, kt\u00f3ra przydarzy\u0142a Ci si\u0119 w tym tygodniu<\/li>\n<li>R\u00f3\u017cnice kulturowe lub \"jak to jest w twoim kraju?\".<\/li>\n<li>Zabawne wyzwania (np. narysowanie czego\u015b w 10 sekund lub opowiedzenie dowcipu)<\/li>\n<\/ul>\n<p>Najwa\u017cniejsze: b\u0105d\u017a sob\u0105! Najlepsze kontakty nawi\u0105zuje si\u0119, gdy jest si\u0119 zrelaksowanym, przyjaznym i szczerym.<\/p>\n<h2>Darmowa aplikacja do rozm\u00f3w wideo z przypadkow\u0105 dziewczyn\u0105 vs. inne aplikacje do czatu<\/h2>\n<table>\n<thead>\n<tr>\n<th>Cecha<\/th>\n<th>Darmowa aplikacja do rozm\u00f3w wideo z przypadkow\u0105 dziewczyn\u0105<\/th>\n<th>Aplikacje do przesy\u0142ania wiadomo\u015bci<\/th>\n<th>Aplikacje randkowe<\/th>\n<th>Media spo\u0142eczno\u015bciowe<\/th>\n<\/tr>\n<\/thead>\n<tbody>\n<tr>\n<td>Wideo w czasie rzeczywistym<\/td>\n<td>\u2705<\/td>\n<td>\u274c<\/td>\n<td>\u2705\/\u274c<\/td>\n<td>\u2705<\/td>\n<\/tr>\n<tr>\n<td>Losowe dopasowanie<\/td>\n<td>\u2705<\/td>\n<td>\u274c<\/td>\n<td>\u2705\/\u274c<\/td>\n<td>\u274c<\/td>\n<\/tr>\n<tr>\n<td>Filtry p\u0142ci<\/td>\n<td>\u2705<\/td>\n<td>\u274c<\/td>\n<td>\u2705<\/td>\n<td>\u274c<\/td>\n<\/tr>\n<tr>\n<td>Rejestracja nie jest wymagana<\/td>\n<td>\u2705<\/td>\n<td>\u274c<\/td>\n<td>\u274c<\/td>\n<td>\u274c<\/td>\n<\/tr>\n<tr>\n<td>Darmowy w u\u017cyciu<\/td>\n<td>\u2705<\/td>\n<td>\u2705<\/td>\n<td>\u2705\/\u274c<\/td>\n<td>\u2705<\/td>\n<\/tr>\n<tr>\n<td>Opcja pomi\u0144\/nast\u0119pny<\/td>\n<td>\u2705<\/td>\n<td>\u274c<\/td>\n<td>\u274c<\/td>\n<td>\u274c<\/td>\n<\/tr>\n<\/tbody>\n<\/table>\n<p>Te aplikacje wygrywaj\u0105 spontaniczno\u015bci\u0105, autentyczno\u015bci\u0105 i czyst\u0105 r\u00f3\u017cnorodno\u015bci\u0105.<\/p>\n<h2>Wskaz\u00f3wki zapewniaj\u0105ce najlepsze wra\u017cenia<\/h2>\n<ul>\n<li>U\u015bmiechnij si\u0119 i przywitaj - liczy si\u0119 pierwsze wra\u017cenie!<\/li>\n<li>Nie bierz niezr\u0119cznych rozm\u00f3w do siebie; pomi\u0144 je i spr\u00f3buj ponownie.<\/li>\n<li>Zachowaj szacunek i zachowaj lekko\u015b\u0107, je\u015bli nie jeste\u015b pewien nastroju drugiej osoby.<\/li>\n<li>Spr\u00f3buj czatowa\u0107 o r\u00f3\u017cnych porach, aby pozna\u0107 ludzi z ca\u0142ego \u015bwiata.<\/li>\n<li>Po\u0142\u0105cz czat wideo i tekstowy w zale\u017cno\u015bci od poziomu komfortu.<\/li>\n<\/ul>\n<h2>Kiedy korzysta\u0107 z darmowej aplikacji do rozm\u00f3w wideo z przypadkow\u0105 dziewczyn\u0105?<\/h2>\n<ul>\n<li>Kiedy jeste\u015b znudzony i chcesz pozna\u0107 kogo\u015b nowego<\/li>\n<li>Do nocnych rozm\u00f3w lub szybkiego zwi\u0119kszenia pewno\u015bci siebie<\/li>\n<li>Poznawanie innych kultur lub j\u0119zyk\u00f3w<\/li>\n<li>Je\u015bli szukasz zalotnej zabawy lub po prostu prawdziwej przyja\u017ani<\/li>\n<li>Za ka\u017cdym razem, gdy chcesz wyrwa\u0107 si\u0119 z rutyny i odkry\u0107 nowe twarze<\/li>\n<\/ul>\n<p>Darmowa aplikacja do rozm\u00f3w wideo z przypadkow\u0105 dziewczyn\u0105 to najlepszy spos\u00f3b, aby zamieni\u0107 nudn\u0105 noc w przygod\u0119, nawi\u0105za\u0107 przyja\u017anie, \u0107wiczy\u0107 umiej\u0119tno\u015bci spo\u0142eczne, a nawet znale\u017a\u0107 ma\u0142y romans. Dzi\u0119ki niesko\u0144czonym mo\u017cliwo\u015bciom, braku presji i prawdziwym rozmowom na wyci\u0105gni\u0119cie r\u0119ki, kolejne \u015bwietne po\u0142\u0105czenie jest zawsze o jedno klikni\u0119cie.<\/p>\n<p>Gotowy, by spr\u00f3bowa\u0107? Pobierz najlepiej ocenian\u0105 aplikacj\u0119 do losowych po\u0142\u0105cze\u0144 wideo lub skorzystaj z darmowej strony internetowej - Twoja nast\u0119pna ulubiona rozmowa ju\u017c czeka!<\/p>","protected":false},"excerpt":{"rendered":"<p>In the age of instant connection, the idea of chatting face-to-face with a stranger has never been more exciting\u2014or more accessible. A free video call app with random girl makes it possible to meet and talk with real women from all around the world, right from your phone or laptop, at any hour. Whether you\u2019re [&hellip;]<\/p>\n","protected":false},"author":8,"featured_media":0,"parent":0,"menu_order":0,"comment_status":"closed","ping_status":"closed","template":"","meta":{"footnotes":""},"class_list":["post-13405","page","type-page","status-publish","hentry"],"yoast_head":"<!-- This site is optimized with the Yoast SEO plugin v27.5 - https:\/\/yoast.com\/product\/yoast-seo-wordpress\/ -->\n<title>Free Video Call App With Random Girl on TinyChat.com<\/title>\n<meta name=\"description\" content=\"Enjoying Free Video Call App With Random Girl? Join over 50,000,000 strangers on TinyChat! Turn on your cam and start meeting new people.\" \/>\n<meta name=\"robots\" content=\"index, follow, max-snippet:-1, max-image-preview:large, max-video-preview:-1\" \/>\n<link rel=\"canonical\" href=\"https:\/\/tinychat.com\/pl\/free-video-call-app-with-random-girl\/\" \/>\n<meta property=\"og:locale\" content=\"pl_PL\" \/>\n<meta property=\"og:type\" content=\"article\" \/>\n<meta property=\"og:title\" content=\"Free Video Call App With Random Girl on TinyChat.com\" \/>\n<meta property=\"og:description\" content=\"Enjoying Free Video Call App With Random Girl? Join over 50,000,000 strangers on TinyChat! Turn on your cam and start meeting new people.\" \/>\n<meta property=\"og:url\" content=\"https:\/\/tinychat.com\/pl\/free-video-call-app-with-random-girl\/\" \/>\n<meta property=\"og:site_name\" content=\"TinyChat\" \/>\n<meta property=\"article:publisher\" content=\"https:\/\/www.facebook.com\/tinychat\" \/>\n<meta property=\"og:image\" content=\"https:\/\/tinychat.com\/wp-content\/uploads\/2020\/04\/Tinychat-logo-1280x284-new-black.png\" \/>\n\t<meta property=\"og:image:width\" content=\"1280\" \/>\n\t<meta property=\"og:image:height\" content=\"284\" \/>\n\t<meta property=\"og:image:type\" content=\"image\/png\" \/>\n<meta name=\"twitter:card\" content=\"summary_large_image\" \/>\n<meta name=\"twitter:site\" content=\"@tinychat\" \/>\n<meta name=\"twitter:label1\" content=\"Szacowany czas czytania\" \/>\n\t<meta name=\"twitter:data1\" content=\"6 minut\" \/>\n<script type=\"application\/ld+json\" class=\"yoast-schema-graph\">{\"@context\":\"https:\\\/\\\/schema.org\",\"@graph\":[{\"@type\":\"WebPage\",\"@id\":\"https:\\\/\\\/tinychat.com\\\/free-video-call-app-with-random-girl\\\/\",\"url\":\"https:\\\/\\\/tinychat.com\\\/free-video-call-app-with-random-girl\\\/\",\"name\":\"Free Video Call App With Random Girl on TinyChat.com\",\"isPartOf\":{\"@id\":\"https:\\\/\\\/tinychat.com\\\/#website\"},\"datePublished\":\"2025-08-04T16:20:02+00:00\",\"description\":\"Enjoying Free Video Call App With Random Girl? Join over 50,000,000 strangers on TinyChat! Turn on your cam and start meeting new people.\",\"breadcrumb\":{\"@id\":\"https:\\\/\\\/tinychat.com\\\/free-video-call-app-with-random-girl\\\/#breadcrumb\"},\"inLanguage\":\"pl-PL\",\"potentialAction\":[{\"@type\":\"ReadAction\",\"target\":[\"https:\\\/\\\/tinychat.com\\\/free-video-call-app-with-random-girl\\\/\"]}]},{\"@type\":\"BreadcrumbList\",\"@id\":\"https:\\\/\\\/tinychat.com\\\/free-video-call-app-with-random-girl\\\/#breadcrumb\",\"itemListElement\":[{\"@type\":\"ListItem\",\"position\":1,\"name\":\"Home\",\"item\":\"https:\\\/\\\/tinychat.com\\\/\"},{\"@type\":\"ListItem\",\"position\":2,\"name\":\"Free Video Call App With Random Girl\"}]},{\"@type\":\"WebSite\",\"@id\":\"https:\\\/\\\/tinychat.com\\\/#website\",\"url\":\"https:\\\/\\\/tinychat.com\\\/\",\"name\":\"TinyChat\",\"description\":\"Random Video Chat with Strangers\",\"publisher\":{\"@id\":\"https:\\\/\\\/tinychat.com\\\/#organization\"},\"alternateName\":\"TinyChat.com\",\"potentialAction\":[{\"@type\":\"SearchAction\",\"target\":{\"@type\":\"EntryPoint\",\"urlTemplate\":\"https:\\\/\\\/tinychat.com\\\/?s={search_term_string}\"},\"query-input\":{\"@type\":\"PropertyValueSpecification\",\"valueRequired\":true,\"valueName\":\"search_term_string\"}}],\"inLanguage\":\"pl-PL\"},{\"@type\":\"Organization\",\"@id\":\"https:\\\/\\\/tinychat.com\\\/#organization\",\"name\":\"TinyChat\",\"alternateName\":\"TinyChat.com\",\"url\":\"https:\\\/\\\/tinychat.com\\\/\",\"logo\":{\"@type\":\"ImageObject\",\"inLanguage\":\"pl-PL\",\"@id\":\"https:\\\/\\\/tinychat.com\\\/#\\\/schema\\\/logo\\\/image\\\/\",\"url\":\"https:\\\/\\\/tinychat.com\\\/wp-content\\\/uploads\\\/2023\\\/11\\\/Tinychat-icon-square.png\",\"contentUrl\":\"https:\\\/\\\/tinychat.com\\\/wp-content\\\/uploads\\\/2023\\\/11\\\/Tinychat-icon-square.png\",\"width\":284,\"height\":284,\"caption\":\"TinyChat\"},\"image\":{\"@id\":\"https:\\\/\\\/tinychat.com\\\/#\\\/schema\\\/logo\\\/image\\\/\"},\"sameAs\":[\"https:\\\/\\\/www.facebook.com\\\/tinychat\",\"https:\\\/\\\/x.com\\\/tinychat\"]}]}<\/script>\n<!-- \/ Yoast SEO plugin. -->","yoast_head_json":{"title":"Darmowa aplikacja do rozm\u00f3w wideo z przypadkow\u0105 dziewczyn\u0105 na TinyChat.com","description":"Korzystasz z darmowej aplikacji do rozm\u00f3w wideo z przypadkow\u0105 dziewczyn\u0105? Do\u0142\u0105cz do ponad 50 000 000 nieznajomych na TinyChat! W\u0142\u0105cz kamer\u0119 i zacznij poznawa\u0107 nowych ludzi.","robots":{"index":"index","follow":"follow","max-snippet":"max-snippet:-1","max-image-preview":"max-image-preview:large","max-video-preview":"max-video-preview:-1"},"canonical":"https:\/\/tinychat.com\/pl\/free-video-call-app-with-random-girl\/","og_locale":"pl_PL","og_type":"article","og_title":"Free Video Call App With Random Girl on TinyChat.com","og_description":"Enjoying Free Video Call App With Random Girl? Join over 50,000,000 strangers on TinyChat! Turn on your cam and start meeting new people.","og_url":"https:\/\/tinychat.com\/pl\/free-video-call-app-with-random-girl\/","og_site_name":"TinyChat","article_publisher":"https:\/\/www.facebook.com\/tinychat","og_image":[{"width":1280,"height":284,"url":"https:\/\/tinychat.com\/wp-content\/uploads\/2020\/04\/Tinychat-logo-1280x284-new-black.png","type":"image\/png"}],"twitter_card":"summary_large_image","twitter_site":"@tinychat","twitter_misc":{"Szacowany czas czytania":"6 minut"},"schema":{"@context":"https:\/\/schema.org","@graph":[{"@type":"WebPage","@id":"https:\/\/tinychat.com\/free-video-call-app-with-random-girl\/","url":"https:\/\/tinychat.com\/free-video-call-app-with-random-girl\/","name":"Darmowa aplikacja do rozm\u00f3w wideo z przypadkow\u0105 dziewczyn\u0105 na TinyChat.com","isPartOf":{"@id":"https:\/\/tinychat.com\/#website"},"datePublished":"2025-08-04T16:20:02+00:00","description":"Korzystasz z darmowej aplikacji do rozm\u00f3w wideo z przypadkow\u0105 dziewczyn\u0105? Do\u0142\u0105cz do ponad 50 000 000 nieznajomych na TinyChat! W\u0142\u0105cz kamer\u0119 i zacznij poznawa\u0107 nowych ludzi.","breadcrumb":{"@id":"https:\/\/tinychat.com\/free-video-call-app-with-random-girl\/#breadcrumb"},"inLanguage":"pl-PL","potentialAction":[{"@type":"ReadAction","target":["https:\/\/tinychat.com\/free-video-call-app-with-random-girl\/"]}]},{"@type":"BreadcrumbList","@id":"https:\/\/tinychat.com\/free-video-call-app-with-random-girl\/#breadcrumb","itemListElement":[{"@type":"ListItem","position":1,"name":"Home","item":"https:\/\/tinychat.com\/"},{"@type":"ListItem","position":2,"name":"Free Video Call App With Random Girl"}]},{"@type":"WebSite","@id":"https:\/\/tinychat.com\/#website","url":"https:\/\/tinychat.com\/","name":"TinyChat","description":"Losowy czat wideo z nieznajomymi","publisher":{"@id":"https:\/\/tinychat.com\/#organization"},"alternateName":"TinyChat.com","potentialAction":[{"@type":"SearchAction","target":{"@type":"EntryPoint","urlTemplate":"https:\/\/tinychat.com\/?s={search_term_string}"},"query-input":{"@type":"PropertyValueSpecification","valueRequired":true,"valueName":"search_term_string"}}],"inLanguage":"pl-PL"},{"@type":"Organization","@id":"https:\/\/tinychat.com\/#organization","name":"TinyChat","alternateName":"TinyChat.com","url":"https:\/\/tinychat.com\/","logo":{"@type":"ImageObject","inLanguage":"pl-PL","@id":"https:\/\/tinychat.com\/#\/schema\/logo\/image\/","url":"https:\/\/tinychat.com\/wp-content\/uploads\/2023\/11\/Tinychat-icon-square.png","contentUrl":"https:\/\/tinychat.com\/wp-content\/uploads\/2023\/11\/Tinychat-icon-square.png","width":284,"height":284,"caption":"TinyChat"},"image":{"@id":"https:\/\/tinychat.com\/#\/schema\/logo\/image\/"},"sameAs":["https:\/\/www.facebook.com\/tinychat","https:\/\/x.com\/tinychat"]}]}},"_links":{"self":[{"href":"https:\/\/tinychat.com\/pl\/wp-json\/wp\/v2\/pages\/13405","targetHints":{"allow":["GET"]}}],"collection":[{"href":"https:\/\/tinychat.com\/pl\/wp-json\/wp\/v2\/pages"}],"about":[{"href":"https:\/\/tinychat.com\/pl\/wp-json\/wp\/v2\/types\/page"}],"author":[{"embeddable":true,"href":"https:\/\/tinychat.com\/pl\/wp-json\/wp\/v2\/users\/8"}],"replies":[{"embeddable":true,"href":"https:\/\/tinychat.com\/pl\/wp-json\/wp\/v2\/comments?post=13405"}],"version-history":[{"count":2,"href":"https:\/\/tinychat.com\/pl\/wp-json\/wp\/v2\/pages\/13405\/revisions"}],"predecessor-version":[{"id":13407,"href":"https:\/\/tinychat.com\/pl\/wp-json\/wp\/v2\/pages\/13405\/revisions\/13407"}],"wp:attachment":[{"href":"https:\/\/tinychat.com\/pl\/wp-json\/wp\/v2\/media?parent=13405"}],"curies":[{"name":"wp","href":"https:\/\/api.w.org\/{rel}","templated":true}]}}