{"id":13409,"date":"2025-08-05T11:01:10","date_gmt":"2025-08-05T09:01:10","guid":{"rendered":"https:\/\/tinychat.com\/?page_id=13409"},"modified":"2025-08-05T11:01:10","modified_gmt":"2025-08-05T09:01:10","slug":"omegle-replacement","status":"publish","type":"page","link":"https:\/\/tinychat.com\/pl\/omegle-replacement\/","title":{"rendered":"Zamiennik Omegle"},"content":{"rendered":"<p>Kiedy po raz pierwszy uruchomiono Omegle, zmieni\u0142o to spos\u00f3b, w jaki poznawali\u015bmy ludzi online. Natychmiast ka\u017cdy m\u00f3g\u0142 wskoczy\u0107 na losowy czat wideo z nieznajomym, bez profili, bez zamieszania. Jednak wraz z rozwojem Internetu i zmian\u0105 potrzeb u\u017cytkownik\u00f3w, zmieni\u0142y si\u0119 r\u00f3wnie\u017c oczekiwania ludzi - a potrzeba zast\u0105pienia Omegle jest wi\u0119ksza ni\u017c kiedykolwiek.<\/p>\n<p>By\u0107 mo\u017ce Omegle nie dzia\u0142a, jest zbyt zat\u0142oczony lub po prostu nie jest ju\u017c w twoim klimacie. A mo\u017ce szukasz bezpieczniejszego, bogatszego w funkcje lub nawet bardziej moderowanego do\u015bwiadczenia. Bez wzgl\u0119du na pow\u00f3d, istniej\u0105 teraz dziesi\u0105tki \u015bwietnych alternatyw Omegle gotowych zaoferowa\u0107 nowe, ekscytuj\u0105ce sposoby poznawania nowych ludzi online.<\/p>\n<h2>Dlaczego warto szuka\u0107 zamiennika Omegle?<\/h2>\n<p>Omegle by\u0142 pionierem, ale b\u0105d\u017amy szczerzy: nie jest idealny. Przez lata wielu u\u017cytkownik\u00f3w szuka\u0142o zamiennika Omegle z powodu:<\/p>\n<ul>\n<li>Niesp\u00f3jna moderacja: Zbyt wiele bot\u00f3w lub nieodpowiednich u\u017cytkownik\u00f3w.<\/li>\n<li>Brak filtr\u00f3w: Trudno znale\u017a\u0107 osoby wed\u0142ug wieku, p\u0142ci lub zainteresowa\u0144.<\/li>\n<li>Brak aplikacji mobilnej: Omegle nie zawsze jest przyjazny dla urz\u0105dze\u0144 mobilnych.<\/li>\n<li>Ograniczone funkcje: Niewiele gier, naklejek, prezent\u00f3w czy tematycznych czat\u00f3w.<\/li>\n<li>Kwestie bezpiecze\u0144stwa: Anonimowo\u015b\u0107 jest \u015bwietna, ale czasami potrzebujesz wi\u0119kszej ochrony.<\/li>\n<\/ul>\n<p>Dlatego tak wiele os\u00f3b odkrywa alternatywne strony i aplikacje Omegle - szukaj\u0105c tej samej spontaniczno\u015bci, ale z wi\u0119ksz\u0105 kontrol\u0105 i lepszymi wibracjami.<\/p>\n<h2>Co sprawia, \u017ce Omegle jest dobr\u0105 alternatyw\u0105?<\/h2>\n<p>Najlepsze platformy zamienne Omegle maj\u0105 kilka cech wsp\u00f3lnych:<\/p>\n<ul>\n<li>Darmowy w u\u017cyciu: Brak du\u017cych op\u0142at lub ukrytych koszt\u00f3w, aby rozpocz\u0105\u0107 czat.<\/li>\n<li>Natychmiastowy czat wideo i tekstowy: Wskocz i poznaj kogo\u015b nowego w kilka sekund.<\/li>\n<li>Anonimowe dopasowywanie: Zachowaj prywatno\u015b\u0107, u\u017cywaj pseudonimu i udost\u0119pniaj tylko to, co chcesz.<\/li>\n<li>Filtry i elementy steruj\u0105ce: P\u0142e\u0107, lokalizacja, zainteresowania i inne.<\/li>\n<li>Aktywna moderacja: Blokowanie, raportowanie i aktywne standardy spo\u0142eczno\u015bci.<\/li>\n<li>Kompatybilno\u015b\u0107 z urz\u0105dzeniami mobilnymi: Aplikacje lub strony przyjazne dla urz\u0105dze\u0144 mobilnych.<\/li>\n<\/ul>\n<p>Po om\u00f3wieniu tych podstaw, ka\u017cdy zamiennik Omegle oferuje sw\u00f3j w\u0142asny, unikalny zwrot - niekt\u00f3re koncentruj\u0105 si\u0119 na zabawie, inne na bezpiecze\u0144stwie, a jeszcze inne na znalezieniu bardziej autentycznych kontakt\u00f3w.<\/p>\n<h2>Najlepsze strony i aplikacje zast\u0119puj\u0105ce Omegle<\/h2>\n<p>Gotowy na wypr\u00f3bowanie czego\u015b nowego? Oto najlepsze alternatywy dla Omegle, wszystkie z w\u0142asnym smakiem i baz\u0105 fan\u00f3w:<\/p>\n<h3>1. Chatroulette<\/h3>\n<p>Oryginalny rywal losowych czat\u00f3w wideo. Znany z szybkiego dopasowywania, prostego interfejsu i ogromnej, globalnej bazy u\u017cytkownik\u00f3w. Silna moderacja poprawi\u0142a komfort u\u017cytkowania.<\/p>\n<h3>2. Chatspin<\/h3>\n<p>Oferuje opcje czatu wideo, tekstowego i grupowego. Filtry dla p\u0142ci i lokalizacji, zabawne efekty wideo i dost\u0119pne zar\u00f3wno na komputerach stacjonarnych, jak i urz\u0105dzeniach mobilnych.<\/p>\n<h3>3. Camsurf<\/h3>\n<p>Bezpieczne i czyste \u015brodowisko z moderacj\u0105 i filtrami kraj\u00f3w\/j\u0119zyk\u00f3w. Szybkie po\u0142\u0105czenia i platforma przyjazna dla urz\u0105dze\u0144 mobilnych.<\/p>\n<h3>4. Chatrandom<\/h3>\n<p>Umo\u017cliwia filtrowanie wed\u0142ug p\u0142ci, lokalizacji, a nawet preferencji seksualnych. Zawiera czaty tematyczne i opcj\u0119 \"tylko dla dziewczyn\".<\/p>\n<h3>5. TinyChat<\/h3>\n<p>Czat grupowy z publicznymi i prywatnymi pokojami - \u015bwietny do do\u0142\u0105czania do rozm\u00f3w na dowolny temat, a nawet transmitowania w\u0142asnego czatu wideo.<\/p>\n<h3>6. Bazoocam<\/h3>\n<p>Popularny w Europie Bazoocam oferuje szybkie dopasowywanie i gry na czacie, kt\u00f3re pomagaj\u0105 prze\u0142ama\u0107 lody.<\/p>\n<h3>7. Emerald Chat<\/h3>\n<p>Koncentruje si\u0119 na spo\u0142eczno\u015bci i technologii antybotowej, z siln\u0105 moderacj\u0105, dopasowywaniem zainteresowa\u0144 i punktami karmy za dobre zachowanie.<\/p>\n<h3>8. CooMeet<\/h3>\n<p>Dla m\u0119\u017cczyzn chc\u0105cych czatowa\u0107 ze zweryfikowanymi kobietami, CooMeet jest wysokiej jako\u015bci zamiennikiem Omegle z weryfikacj\u0105 wideo i wysokim stosunkiem kobiet do m\u0119\u017cczyzn.<\/p>\n<h3>9. Shagle<\/h3>\n<p>Globalny losowy czat wideo z filtrami p\u0142ci i lokalizacji, wirtualnymi prezentami i zabawnymi filtrami wideo.<\/p>\n<blockquote><p>Wskaz\u00f3wka: Wypr\u00f3buj kilka! Ka\u017cda platforma zast\u0119pcza Omegle ma w\u0142asn\u0105 spo\u0142eczno\u015b\u0107 i osobowo\u015b\u0107.<\/p><\/blockquote>\n<h2>Zamiennik Omegle vs. Omegle: Jak wypadaj\u0105 w por\u00f3wnaniu?<\/h2>\n<table>\n<thead>\n<tr>\n<th>Cecha<\/th>\n<th>Omegle<\/th>\n<th>Chatroulette<\/th>\n<th>Chatspin<\/th>\n<th>Chatrandom<\/th>\n<th>Camsurf<\/th>\n<th>Emerald Chat<\/th>\n<\/tr>\n<\/thead>\n<tbody>\n<tr>\n<td>Darmowy w u\u017cyciu<\/td>\n<td>\u2705<\/td>\n<td>\u2705<\/td>\n<td>\u2705<\/td>\n<td>\u2705<\/td>\n<td>\u2705<\/td>\n<td>\u2705<\/td>\n<\/tr>\n<tr>\n<td>Czat wideo i tekstowy<\/td>\n<td>\u2705<\/td>\n<td>\u2705<\/td>\n<td>\u2705<\/td>\n<td>\u2705<\/td>\n<td>\u2705<\/td>\n<td>\u2705<\/td>\n<\/tr>\n<tr>\n<td>Filtry p\u0142ci<\/td>\n<td>\u274c<\/td>\n<td>\u274c<\/td>\n<td>\u2705<\/td>\n<td>\u2705<\/td>\n<td>\u2705<\/td>\n<td>\u2705<\/td>\n<\/tr>\n<tr>\n<td>Filtry zainteresowania<\/td>\n<td>\u2705<\/td>\n<td>\u274c<\/td>\n<td>\u2705<\/td>\n<td>\u2705<\/td>\n<td>\u2705<\/td>\n<td>\u2705<\/td>\n<\/tr>\n<tr>\n<td>Silny umiar<\/td>\n<td>\u274c<\/td>\n<td>\u2705<\/td>\n<td>\u2705<\/td>\n<td>\u2705<\/td>\n<td>\u2705<\/td>\n<td>\u2705<\/td>\n<\/tr>\n<tr>\n<td>Przyjazny dla urz\u0105dze\u0144 mobilnych\/aplikacja<\/td>\n<td>\u274c<\/td>\n<td>\u2705<\/td>\n<td>\u2705<\/td>\n<td>\u2705<\/td>\n<td>\u2705<\/td>\n<td>\u2705<\/td>\n<\/tr>\n<tr>\n<td>Unikalne cechy<\/td>\n<td>Tryb szpiegowski<\/td>\n<td>Gry<\/td>\n<td>Efekty<\/td>\n<td>Pokoje tematyczne<\/td>\n<td>J\u0119zyk<\/td>\n<td>System Karma<\/td>\n<\/tr>\n<\/tbody>\n<\/table>\n<p>Alternatywy Omegle zwykle dodaj\u0105 wi\u0119cej filtr\u00f3w, lepsz\u0105 moderacj\u0119 i dodatkowe funkcje.<\/p>\n<h2>Bezp\u0142atna wymiana Omegle: Czego si\u0119 spodziewa\u0107<\/h2>\n<p>Wi\u0119kszo\u015b\u0107 platform wymiany Omegle jest ca\u0142kowicie darmowa, cho\u0107 niekt\u00f3re z nich oferuj\u0105 p\u0142atne dodatki:<\/p>\n<ul>\n<li>Nieograniczone filtry<\/li>\n<li>Mecze priorytetowe<\/li>\n<li>Brak reklam<\/li>\n<li>Dost\u0119p do pokoi lub funkcji \"VIP\"<\/li>\n<\/ul>\n<p>Ale nie musisz wydawa\u0107 pieni\u0119dzy, aby prowadzi\u0107 \u015bwietne rozmowy. Darmowa wersja prawie ka\u017cdej alternatywy jest solidna i pe\u0142na mo\u017cliwo\u015bci.<\/p>\n<h2>Wskaz\u00f3wki, jak najlepiej wykorzysta\u0107 alternatyw\u0119 Omegle<\/h2>\n<ul>\n<li>B\u0105d\u017a otwarty i przyjazny: Liczy si\u0119 pierwsze wra\u017cenie! Szczere przywitanie to bardzo wa\u017cna rzecz.<\/li>\n<li>Wypr\u00f3buj r\u00f3\u017cne godziny: U\u017cytkownicy z r\u00f3\u017cnych kraj\u00f3w i stref czasowych s\u0105 online przez ca\u0142\u0105 dob\u0119.<\/li>\n<li>U\u017cyj filtr\u00f3w: P\u0142e\u0107, lokalizacja i zainteresowania mog\u0105 pom\u00f3c w znalezieniu lepszych dopasowa\u0144.<\/li>\n<li>Nie zniech\u0119caj si\u0119: Je\u015bli czat jest niezr\u0119czny lub kr\u00f3tki, po prostu kliknij \"dalej\".<\/li>\n<li>Poznaj pokoje tematyczne: Wiele witryn umo\u017cliwia do\u0142\u0105czanie do grup zajmuj\u0105cych si\u0119 muzyk\u0105, grami, randkami i nie tylko.<\/li>\n<li>Mieszaj: Prze\u0142\u0105czaj si\u0119 mi\u0119dzy tekstem a wideo w zale\u017cno\u015bci od poziomu komfortu.<\/li>\n<\/ul>\n<h2>Bezpiecze\u0144stwo na zamiennikach Omegle<\/h2>\n<p>Przypadkowy czat wideo to \u015bwietna zabawa, ale zawsze nale\u017cy zachowa\u0107 bezpiecze\u0144stwo:<\/p>\n<ul>\n<li>Nigdy nie udost\u0119pniaj swojego prawdziwego imienia i nazwiska, adresu ani danych osobowych.<\/li>\n<li>U\u017cyj pseudonimu i zachowaj neutralne t\u0142o kamery internetowej.<\/li>\n<li>Nie klikaj link\u00f3w ani nie pobieraj plik\u00f3w od nieznajomych.<\/li>\n<li>Blokuj\/zg\u0142aszaj ka\u017cdego, kto jest niegrzeczny lub nieodpowiedni.<\/li>\n<li>Je\u015bli masz mniej ni\u017c 18 lat, korzystaj tylko z platform przeznaczonych dla Twojej grupy wiekowej i z du\u017cym umiarem.<\/li>\n<\/ul>\n<p>Wi\u0119kszo\u015b\u0107 renomowanych alternatyw powa\u017cnie podchodzi do kwestii bezpiecze\u0144stwa, ale zawsze warto kierowa\u0107 si\u0119 w\u0142asnym os\u0105dem.<\/p>\n<h2>Kto korzysta z zamiennik\u00f3w Omegle?<\/h2>\n<p>Wszyscy! Poznasz:<\/p>\n<ul>\n<li>Single chc\u0105ce flirtowa\u0107, umawia\u0107 si\u0119 na randki lub nawi\u0105zywa\u0107 znajomo\u015bci<\/li>\n<li>Podr\u00f3\u017cni i emigranci chc\u0105cy \u0142\u0105czy\u0107 si\u0119 globalnie<\/li>\n<li>Uczniowie \u0107wicz\u0105 umiej\u0119tno\u015bci j\u0119zykowe<\/li>\n<li>Znudzone nocne sowy i osoby cierpi\u0105ce na bezsenno\u015b\u0107<\/li>\n<li>Ka\u017cdy otwarty na \u015bwie\u017ce rozmowy w czasie rzeczywistym<\/li>\n<\/ul>\n<p>Nigdy nie wiadomo, kto znajduje si\u0119 po drugiej stronie kamery - ka\u017cdy czat to nowa historia.<\/p>\n<h2>Kiedy nale\u017cy u\u017cywa\u0107 zamiennika Omegle?<\/h2>\n<ul>\n<li>Gdy Omegle nie dzia\u0142a lub nie dzia\u0142a<\/li>\n<li>Dla bezpieczniejszego, bardziej umiarkowanego \u015brodowiska<\/li>\n<li>Je\u015bli chcesz u\u017cy\u0107 filtr\u00f3w w celu lepszego dopasowania<\/li>\n<li>Kiedy jeste\u015b znudzony i pragniesz nowego towarzystwa<\/li>\n<li>Aby \u0107wiczy\u0107 j\u0119zyki lub poznawa\u0107 nowe kultury<\/li>\n<li>Dla czat\u00f3w grupowych lub spo\u0142eczno\u015bci tematycznych<\/li>\n<\/ul>\n<h2>Zamiennik Omegle dla urz\u0105dze\u0144 mobilnych: Czat w podr\u00f3\u017cy<\/h2>\n<p>Wi\u0119kszo\u015b\u0107 najlepszych alternatyw Omegle ma teraz aplikacje mobilne lub strony internetowe zoptymalizowane pod k\u0105tem urz\u0105dze\u0144 mobilnych, dzi\u0119ki czemu mo\u017cesz:<\/p>\n<ul>\n<li>Czat w podr\u00f3\u017cy - w kolejce, na przerwie lub p\u00f3\u017ano w nocy<\/li>\n<li>\u0141atwe prze\u0142\u0105czanie mi\u0119dzy czatami wideo, tekstowymi i grupowymi<\/li>\n<li>Poznawaj ludzi z ca\u0142ego \u015bwiata, zawsze i wsz\u0119dzie<\/li>\n<\/ul>\n<p>Wyszukaj w sklepie z aplikacjami nazwy takie jak Chatspin, Chatrandom lub Camsurf i zacznij czatowa\u0107 w kilka sekund.<\/p>\n<p>By\u0107 mo\u017ce od Omegle wszystko si\u0119 zacz\u0119\u0142o, ale istnieje zupe\u0142nie nowy \u015bwiat witryn i aplikacji zast\u0119puj\u0105cych Omegle - ka\u017cdy z nich oferuje bezpieczniejsze, inteligentniejsze i bogatsze w funkcje sposoby nawi\u0105zywania kontakt\u00f3w. Dzi\u0119ki lepszej moderacji, prawdziwym filtrom, dost\u0119powi mobilnemu i globalnym spo\u0142eczno\u015bciom zawsze mo\u017cesz znale\u017a\u0107 odpowiedni klimat, niezale\u017cnie od tego, czy szukasz przyja\u017ani, flirtu, czy po prostu zabawnej rozmowy.<\/p>\n<p>Gotowy, aby przej\u015b\u0107 z Omegle? Zapoznaj si\u0119 z kilkoma alternatywami dzi\u015b wieczorem - kolejny \u015bwietny czat mo\u017ce by\u0107 tylko o klikni\u0119cie.<\/p>","protected":false},"excerpt":{"rendered":"<p>When Omegle first launched, it changed how we met people online. Instantly, anyone could jump into a random video chat with a stranger, no profiles, no fuss. But as the internet has grown and user needs have changed, so have people\u2019s expectations\u2014and the need for an Omegle replacement is bigger than ever. Maybe Omegle is [&hellip;]<\/p>\n","protected":false},"author":8,"featured_media":0,"parent":0,"menu_order":0,"comment_status":"closed","ping_status":"closed","template":"","meta":{"footnotes":""},"class_list":["post-13409","page","type-page","status-publish","hentry"],"yoast_head":"<!-- This site is optimized with the Yoast SEO plugin v27.5 - https:\/\/yoast.com\/product\/yoast-seo-wordpress\/ -->\n<title>Omegle Replacement on TinyChat.com<\/title>\n<meta name=\"description\" content=\"Looking for an Omegle Replacement? Join over 50,000,000 strangers on TinyChat! Turn on your cam and start meeting new people.\" \/>\n<meta name=\"robots\" content=\"index, follow, max-snippet:-1, max-image-preview:large, max-video-preview:-1\" \/>\n<link rel=\"canonical\" href=\"https:\/\/tinychat.com\/pl\/omegle-replacement\/\" \/>\n<meta property=\"og:locale\" content=\"pl_PL\" \/>\n<meta property=\"og:type\" content=\"article\" \/>\n<meta property=\"og:title\" content=\"Omegle Replacement on TinyChat.com\" \/>\n<meta property=\"og:description\" content=\"Looking for an Omegle Replacement? Join over 50,000,000 strangers on TinyChat! Turn on your cam and start meeting new people.\" \/>\n<meta property=\"og:url\" content=\"https:\/\/tinychat.com\/pl\/omegle-replacement\/\" \/>\n<meta property=\"og:site_name\" content=\"TinyChat\" \/>\n<meta property=\"article:publisher\" content=\"https:\/\/www.facebook.com\/tinychat\" \/>\n<meta property=\"og:image\" content=\"https:\/\/tinychat.com\/wp-content\/uploads\/2020\/04\/Tinychat-logo-1280x284-new-black.png\" \/>\n\t<meta property=\"og:image:width\" content=\"1280\" \/>\n\t<meta property=\"og:image:height\" content=\"284\" \/>\n\t<meta property=\"og:image:type\" content=\"image\/png\" \/>\n<meta name=\"twitter:card\" content=\"summary_large_image\" \/>\n<meta name=\"twitter:site\" content=\"@tinychat\" \/>\n<meta name=\"twitter:label1\" content=\"Szacowany czas czytania\" \/>\n\t<meta name=\"twitter:data1\" content=\"5 minut\" \/>\n<script type=\"application\/ld+json\" class=\"yoast-schema-graph\">{\"@context\":\"https:\\\/\\\/schema.org\",\"@graph\":[{\"@type\":\"WebPage\",\"@id\":\"https:\\\/\\\/tinychat.com\\\/omegle-replacement\\\/\",\"url\":\"https:\\\/\\\/tinychat.com\\\/omegle-replacement\\\/\",\"name\":\"Omegle Replacement on TinyChat.com\",\"isPartOf\":{\"@id\":\"https:\\\/\\\/tinychat.com\\\/#website\"},\"datePublished\":\"2025-08-05T09:01:10+00:00\",\"description\":\"Looking for an Omegle Replacement? Join over 50,000,000 strangers on TinyChat! Turn on your cam and start meeting new people.\",\"breadcrumb\":{\"@id\":\"https:\\\/\\\/tinychat.com\\\/omegle-replacement\\\/#breadcrumb\"},\"inLanguage\":\"pl-PL\",\"potentialAction\":[{\"@type\":\"ReadAction\",\"target\":[\"https:\\\/\\\/tinychat.com\\\/omegle-replacement\\\/\"]}]},{\"@type\":\"BreadcrumbList\",\"@id\":\"https:\\\/\\\/tinychat.com\\\/omegle-replacement\\\/#breadcrumb\",\"itemListElement\":[{\"@type\":\"ListItem\",\"position\":1,\"name\":\"Home\",\"item\":\"https:\\\/\\\/tinychat.com\\\/\"},{\"@type\":\"ListItem\",\"position\":2,\"name\":\"Omegle Replacement\"}]},{\"@type\":\"WebSite\",\"@id\":\"https:\\\/\\\/tinychat.com\\\/#website\",\"url\":\"https:\\\/\\\/tinychat.com\\\/\",\"name\":\"TinyChat\",\"description\":\"Random Video Chat with Strangers\",\"publisher\":{\"@id\":\"https:\\\/\\\/tinychat.com\\\/#organization\"},\"alternateName\":\"TinyChat.com\",\"potentialAction\":[{\"@type\":\"SearchAction\",\"target\":{\"@type\":\"EntryPoint\",\"urlTemplate\":\"https:\\\/\\\/tinychat.com\\\/?s={search_term_string}\"},\"query-input\":{\"@type\":\"PropertyValueSpecification\",\"valueRequired\":true,\"valueName\":\"search_term_string\"}}],\"inLanguage\":\"pl-PL\"},{\"@type\":\"Organization\",\"@id\":\"https:\\\/\\\/tinychat.com\\\/#organization\",\"name\":\"TinyChat\",\"alternateName\":\"TinyChat.com\",\"url\":\"https:\\\/\\\/tinychat.com\\\/\",\"logo\":{\"@type\":\"ImageObject\",\"inLanguage\":\"pl-PL\",\"@id\":\"https:\\\/\\\/tinychat.com\\\/#\\\/schema\\\/logo\\\/image\\\/\",\"url\":\"https:\\\/\\\/tinychat.com\\\/wp-content\\\/uploads\\\/2023\\\/11\\\/Tinychat-icon-square.png\",\"contentUrl\":\"https:\\\/\\\/tinychat.com\\\/wp-content\\\/uploads\\\/2023\\\/11\\\/Tinychat-icon-square.png\",\"width\":284,\"height\":284,\"caption\":\"TinyChat\"},\"image\":{\"@id\":\"https:\\\/\\\/tinychat.com\\\/#\\\/schema\\\/logo\\\/image\\\/\"},\"sameAs\":[\"https:\\\/\\\/www.facebook.com\\\/tinychat\",\"https:\\\/\\\/x.com\\\/tinychat\"]}]}<\/script>\n<!-- \/ Yoast SEO plugin. -->","yoast_head_json":{"title":"Zamiennik Omegle na TinyChat.com","description":"Szukasz zamiennika Omegle? Do\u0142\u0105cz do ponad 50 000 000 nieznajomych na TinyChat! W\u0142\u0105cz kamer\u0119 i zacznij poznawa\u0107 nowych ludzi.","robots":{"index":"index","follow":"follow","max-snippet":"max-snippet:-1","max-image-preview":"max-image-preview:large","max-video-preview":"max-video-preview:-1"},"canonical":"https:\/\/tinychat.com\/pl\/omegle-replacement\/","og_locale":"pl_PL","og_type":"article","og_title":"Omegle Replacement on TinyChat.com","og_description":"Looking for an Omegle Replacement? Join over 50,000,000 strangers on TinyChat! Turn on your cam and start meeting new people.","og_url":"https:\/\/tinychat.com\/pl\/omegle-replacement\/","og_site_name":"TinyChat","article_publisher":"https:\/\/www.facebook.com\/tinychat","og_image":[{"width":1280,"height":284,"url":"https:\/\/tinychat.com\/wp-content\/uploads\/2020\/04\/Tinychat-logo-1280x284-new-black.png","type":"image\/png"}],"twitter_card":"summary_large_image","twitter_site":"@tinychat","twitter_misc":{"Szacowany czas czytania":"5 minut"},"schema":{"@context":"https:\/\/schema.org","@graph":[{"@type":"WebPage","@id":"https:\/\/tinychat.com\/omegle-replacement\/","url":"https:\/\/tinychat.com\/omegle-replacement\/","name":"Zamiennik Omegle na TinyChat.com","isPartOf":{"@id":"https:\/\/tinychat.com\/#website"},"datePublished":"2025-08-05T09:01:10+00:00","description":"Szukasz zamiennika Omegle? Do\u0142\u0105cz do ponad 50 000 000 nieznajomych na TinyChat! W\u0142\u0105cz kamer\u0119 i zacznij poznawa\u0107 nowych ludzi.","breadcrumb":{"@id":"https:\/\/tinychat.com\/omegle-replacement\/#breadcrumb"},"inLanguage":"pl-PL","potentialAction":[{"@type":"ReadAction","target":["https:\/\/tinychat.com\/omegle-replacement\/"]}]},{"@type":"BreadcrumbList","@id":"https:\/\/tinychat.com\/omegle-replacement\/#breadcrumb","itemListElement":[{"@type":"ListItem","position":1,"name":"Home","item":"https:\/\/tinychat.com\/"},{"@type":"ListItem","position":2,"name":"Omegle Replacement"}]},{"@type":"WebSite","@id":"https:\/\/tinychat.com\/#website","url":"https:\/\/tinychat.com\/","name":"TinyChat","description":"Losowy czat wideo z nieznajomymi","publisher":{"@id":"https:\/\/tinychat.com\/#organization"},"alternateName":"TinyChat.com","potentialAction":[{"@type":"SearchAction","target":{"@type":"EntryPoint","urlTemplate":"https:\/\/tinychat.com\/?s={search_term_string}"},"query-input":{"@type":"PropertyValueSpecification","valueRequired":true,"valueName":"search_term_string"}}],"inLanguage":"pl-PL"},{"@type":"Organization","@id":"https:\/\/tinychat.com\/#organization","name":"TinyChat","alternateName":"TinyChat.com","url":"https:\/\/tinychat.com\/","logo":{"@type":"ImageObject","inLanguage":"pl-PL","@id":"https:\/\/tinychat.com\/#\/schema\/logo\/image\/","url":"https:\/\/tinychat.com\/wp-content\/uploads\/2023\/11\/Tinychat-icon-square.png","contentUrl":"https:\/\/tinychat.com\/wp-content\/uploads\/2023\/11\/Tinychat-icon-square.png","width":284,"height":284,"caption":"TinyChat"},"image":{"@id":"https:\/\/tinychat.com\/#\/schema\/logo\/image\/"},"sameAs":["https:\/\/www.facebook.com\/tinychat","https:\/\/x.com\/tinychat"]}]}},"_links":{"self":[{"href":"https:\/\/tinychat.com\/pl\/wp-json\/wp\/v2\/pages\/13409","targetHints":{"allow":["GET"]}}],"collection":[{"href":"https:\/\/tinychat.com\/pl\/wp-json\/wp\/v2\/pages"}],"about":[{"href":"https:\/\/tinychat.com\/pl\/wp-json\/wp\/v2\/types\/page"}],"author":[{"embeddable":true,"href":"https:\/\/tinychat.com\/pl\/wp-json\/wp\/v2\/users\/8"}],"replies":[{"embeddable":true,"href":"https:\/\/tinychat.com\/pl\/wp-json\/wp\/v2\/comments?post=13409"}],"version-history":[{"count":1,"href":"https:\/\/tinychat.com\/pl\/wp-json\/wp\/v2\/pages\/13409\/revisions"}],"predecessor-version":[{"id":13410,"href":"https:\/\/tinychat.com\/pl\/wp-json\/wp\/v2\/pages\/13409\/revisions\/13410"}],"wp:attachment":[{"href":"https:\/\/tinychat.com\/pl\/wp-json\/wp\/v2\/media?parent=13409"}],"curies":[{"name":"wp","href":"https:\/\/api.w.org\/{rel}","templated":true}]}}