{"id":13413,"date":"2025-08-07T10:47:03","date_gmt":"2025-08-07T08:47:03","guid":{"rendered":"https:\/\/tinychat.com\/?page_id=13413"},"modified":"2025-08-07T10:47:03","modified_gmt":"2025-08-07T08:47:03","slug":"talk-to-strangers-online-video","status":"publish","type":"page","link":"https:\/\/tinychat.com\/pl\/talk-to-strangers-online-video\/","title":{"rendered":"Rozmowy z nieznajomymi online wideo"},"content":{"rendered":"<p>Internet ca\u0142kowicie zmieni\u0142 spos\u00f3b, w jaki \u0142\u0105czymy si\u0119 z lud\u017ami - ale je\u015bli nadal tkwisz w nieko\u0144cz\u0105cych si\u0119 tekstach grupowych, sekcjach komentarzy lub nudnych forach dyskusyjnych, mo\u017cesz przegapi\u0107 najbardziej ekscytuj\u0105cy spos\u00f3b poznawania nowych ludzi: Talk to Strangers Online Video. To przysz\u0142o\u015b\u0107 prawdziwych, bezpo\u015brednich kontakt\u00f3w, gdzie ka\u017cde klikni\u0119cie przynosi now\u0105 histori\u0119, nowy \u015bmiech, a czasem nawet nowego przyjaciela.<\/p>\n<p>Niezale\u017cnie od tego, czy szukasz zabawy, przyja\u017ani, wymiany kulturowej, czy nawet ma\u0142ego flirtu, rozmowa z nieznajomymi za po\u015brednictwem czatu wideo online to najszybszy i najbardziej autentyczny spos\u00f3b na poznanie \u015bwiata z w\u0142asnego domu.<\/p>\n<h2>Co to jest \"Talk to Strangers Online Video\"?<\/h2>\n<p>M\u00f3wi\u0105c pro\u015bciej, platformy wideo do rozm\u00f3w z nieznajomymi online to strony internetowe lub aplikacje, kt\u00f3re umo\u017cliwiaj\u0105 prowadzenie rozm\u00f3w wideo na \u017cywo w czasie rzeczywistym z osobami, kt\u00f3rych nigdy nie spotka\u0142e\u015b. Nie musisz si\u0119 rejestrowa\u0107, wype\u0142nia\u0107 d\u0142ugich profili ani czeka\u0107 na dopasowanie - po prostu w\u0142\u0105cz kamer\u0119 internetow\u0105, kliknij \"Start\" i natychmiast sta\u0144 twarz\u0105 w twarz z przypadkow\u0105 nieznajom\u0105 osob\u0105 w dowolnym miejscu na \u015bwiecie.<\/p>\n<p>Niekt\u00f3re popularne funkcje, kt\u00f3re mo\u017cna znale\u017a\u0107 na tych platformach obejmuj\u0105:<\/p>\n<ul>\n<li>Losowe dopasowanie: za ka\u017cdym razem, gdy rozpoczynasz czat, zostajesz sparowany z kim\u015b nowym.<\/li>\n<li>Darmowy czat wideo online z nieznajomymi: Wiele witryn oferuje nieograniczone bezp\u0142atne po\u0142\u0105czenia.<\/li>\n<li>Filtry zainteresowa\u0144 i lokalizacji: Znajd\u017a osoby o podobnych zainteresowaniach lub z interesuj\u0105cych Ci\u0119 miejsc.<\/li>\n<li>Anonimowo\u015b\u0107 i prywatno\u015b\u0107: U\u017cyj pseudonimu i kontroluj to, co udost\u0119pniasz.<\/li>\n<\/ul>\n<p>Niezale\u017cnie od tego, jaki jest tw\u00f3j cel - przyjazny czat, wymiana j\u0119zykowa, nawi\u0105zywanie nowych znajomo\u015bci lub po prostu zobaczenie, co tam jest - istnieje platforma, kt\u00f3ra pasuje do twojego klimatu.<\/p>\n<h2>Dlaczego warto rozmawia\u0107 z nieznajomymi online przez wideo?<\/h2>\n<p>Istnieje wiele powod\u00f3w, dla kt\u00f3rych miliony ludzi decyduj\u0105 si\u0119 rozmawia\u0107 z nieznajomymi online za po\u015brednictwem czatu wideo zamiast tradycyjnego SMS-a lub tradycyjnych medi\u00f3w spo\u0142eczno\u015bciowych:<\/p>\n<ul>\n<li>Natychmiastowe po\u0142\u0105czenie: Otrzymuj w czasie rzeczywistym informacje zwrotne, u\u015bmiechy i \u015bmiech - koniec z czekaniem na odpowiedzi.<\/li>\n<li>Zobacz prawdziwych ludzi: Brak fa\u0142szywych zdj\u0119\u0107 i nieko\u0144cz\u0105cych si\u0119 profili; to, co widzisz, jest tym, co otrzymujesz.<\/li>\n<li>Eksploracja kulturowa: Poznawaj ludzi z innych kraj\u00f3w i ucz si\u0119 o nowych miejscach, zwyczajach i perspektywach.<\/li>\n<li>Zero presji: Nie czujesz do kogo\u015b sympatii? Po prostu naci\u015bnij \"Dalej\" i przejd\u017a do nast\u0119pnego czatu.<\/li>\n<li>Walka z samotno\u015bci\u0105: Niezale\u017cnie od tego, czy jeste\u015b w domu, podr\u00f3\u017cujesz, czy pracujesz do p\u00f3\u017ana, zawsze znajdzie si\u0119 kto\u015b online do towarzystwa.<\/li>\n<li>\u0106wicz umiej\u0119tno\u015bci j\u0119zykowe: \u015awietne rozwi\u0105zanie dla student\u00f3w lub ka\u017cdego, kto chce doskonali\u0107 drugi j\u0119zyk z native speakerami.<\/li>\n<li>Zabawa i emocje: Ka\u017cdy czat jest zagadk\u0105 - nigdy nie wiadomo, kogo spotkasz!<\/li>\n<\/ul>\n<blockquote><p>\"Zacz\u0105\u0142em korzysta\u0107 z czatu wideo online tylko po to, by zabi\u0107 czas podczas lockdownu, ale teraz mam przyjaci\u00f3\u0142 z pi\u0119ciu r\u00f3\u017cnych kraj\u00f3w. Ka\u017cda noc to nowa przygoda!\"<\/p><\/blockquote>\n<h2>Jak dzia\u0142a losowy czat wideo z nieznajomymi online?<\/h2>\n<p>Rozpocz\u0119cie pracy jest bardzo proste - nawet je\u015bli nie jeste\u015b obeznany z technologi\u0105:<\/p>\n<ol>\n<li>Wybierz platform\u0119: Popularne opcje obejmuj\u0105 Omegle, Chatroulette, Chatspin, Camsurf i Chatrandom.<\/li>\n<li>Zezwalaj na dost\u0119p do kamery i mikrofonu: Zawsze masz kontrol\u0119 - w\u0142\u0105czaj\/wy\u0142\u0105czaj kamer\u0119 lub mikrofon w zale\u017cno\u015bci od potrzeb.<\/li>\n<li>Kliknij \"Rozpocznij\" lub \"Po\u0142\u0105cz\": Natychmiast po\u0142\u0105cz si\u0119 z nieznajomym online.<\/li>\n<li>Rozmawiaj tak d\u0142ugo, jak chcesz: Je\u015bli rozmowa jest dobra, kontynuuj. Je\u015bli nie, kliknij \"Dalej\", aby pozna\u0107 kogo\u015b innego.<\/li>\n<li>U\u017cywaj filtr\u00f3w lub tag\u00f3w: Wiele witryn umo\u017cliwia wyszukiwanie wed\u0142ug zainteresowa\u0144 lub lokalizacji w celu lepszego dopasowania.<\/li>\n<li>Rejestracja nie jest wymagana: Wi\u0119kszo\u015b\u0107 platform pozwala pozosta\u0107 ca\u0142kowicie anonimowym, u\u017cywaj\u0105c tylko pseudonimu, je\u015bli chcesz.<\/li>\n<\/ol>\n<p>To wszystko! W ci\u0105gu kilku sekund mo\u017cesz rozmawia\u0107, \u015bmia\u0107 si\u0119 i uczy\u0107 z kim\u015b zupe\u0142nie nowym.<\/p>\n<h2>Najlepsze platformy do rozm\u00f3w wideo z nieznajomymi online<\/h2>\n<p>Istniej\u0105 dziesi\u0105tki opcji, ka\u017cda z w\u0142asnymi funkcjami i spo\u0142eczno\u015bci\u0105. Oto niekt\u00f3re z najbardziej zaufanych i powszechnie u\u017cywanych:<\/p>\n<ul>\n<li>Omegle: Oryginalny losowy czat wideo online - tekstowy lub wideo, ca\u0142kowicie darmowy i miliony u\u017cytkownik\u00f3w na ca\u0142ym \u015bwiecie.<\/li>\n<li>Chatroulette: s\u0142ynie z b\u0142yskawicznego dopasowywania i rzeczywistych rozm\u00f3w wideo.<\/li>\n<li>Chatspin: Dodaje filtry zainteresowa\u0144 i p\u0142ci oraz zabawne efekty wideo.<\/li>\n<li>Camsurf: Przejrzysty interfejs, silna moderacja i przyjazna spo\u0142eczno\u015b\u0107.<\/li>\n<li>Chatrandom: Oferuje zar\u00f3wno czaty jeden na jednego, jak i grupowe, a tak\u017ce filtry regionu i zainteresowa\u0144.<\/li>\n<li>Bazoocam: Popularny w Europie, z grami i unikalnymi funkcjami prze\u0142amuj\u0105cymi lody.<\/li>\n<\/ul>\n<p>Wypr\u00f3buj kilka z nich i przekonaj si\u0119, kt\u00f3ra odpowiada Twojemu nastrojowi - najlepsze wra\u017cenia p\u0142yn\u0105 z odkrywania r\u00f3\u017cnych platform i p\u00f3r dnia.<\/p>\n<h2>Rozmowy z nieznajomymi przez wideo online a inne sposoby nawi\u0105zywania kontakt\u00f3w<\/h2>\n<table>\n<thead>\n<tr>\n<th>Cecha<\/th>\n<th>Czat wideo online<\/th>\n<th>Czat tekstowy<\/th>\n<th>Media spo\u0142eczno\u015bciowe<\/th>\n<th>Aplikacje randkowe<\/th>\n<\/tr>\n<\/thead>\n<tbody>\n<tr>\n<td>Twarz\u0105 w twarz w czasie rzeczywistym<\/td>\n<td>\u2705<\/td>\n<td>\u274c<\/td>\n<td>\u2705<\/td>\n<td>\u2705\/\u274c<\/td>\n<\/tr>\n<tr>\n<td>Losowe dopasowanie<\/td>\n<td>\u2705<\/td>\n<td>\u2705<\/td>\n<td>\u274c<\/td>\n<td>\u2705<\/td>\n<\/tr>\n<tr>\n<td>Profil nie jest wymagany<\/td>\n<td>\u2705<\/td>\n<td>\u2705<\/td>\n<td>\u274c<\/td>\n<td>\u274c<\/td>\n<\/tr>\n<tr>\n<td>Darmowy w u\u017cyciu<\/td>\n<td>\u2705<\/td>\n<td>\u2705<\/td>\n<td>\u2705<\/td>\n<td>\u2705\/\u274c<\/td>\n<\/tr>\n<tr>\n<td>Anonimowo\u015b\u0107<\/td>\n<td>\u2705<\/td>\n<td>\u2705<\/td>\n<td>\u274c<\/td>\n<td>\u274c<\/td>\n<\/tr>\n<tr>\n<td>Funkcja \"Dalej\"\/pomi\u0144<\/td>\n<td>\u2705<\/td>\n<td>\u2705<\/td>\n<td>\u274c<\/td>\n<td>\u274c<\/td>\n<\/tr>\n<\/tbody>\n<\/table>\n<p>Czat wideo na \u017cywo z nieznajomymi wyr\u00f3\u017cnia si\u0119 natychmiastowo\u015bci\u0105, spontaniczno\u015bci\u0105 i autentycznym kontaktem.<\/p>\n<h2>Zachowanie bezpiecze\u0144stwa podczas rozm\u00f3w z nieznajomymi online Wideo<\/h2>\n<p>Podczas gdy wi\u0119kszo\u015b\u0107 ludzi szuka po prostu przyjaznej rozmowy, bezpiecze\u0144stwo powinno by\u0107 zawsze na pierwszym miejscu:<\/p>\n<ul>\n<li>Nie udost\u0119pniaj prywatnych informacji: Nigdy nie ujawniaj swojego prawdziwego imienia i nazwiska, adresu, numeru telefonu ani miejsca pracy.<\/li>\n<li>U\u017cywaj neutralnego pseudonimu: Zachowaj swoj\u0105 to\u017csamo\u015b\u0107 w tajemnicy, dop\u00f3ki nie poczujesz si\u0119 komfortowo.<\/li>\n<li>B\u0105d\u017a ostro\u017cny z kamer\u0105: Zachowaj neutralne t\u0142o i nie pokazuj osobistych dokument\u00f3w ani szczeg\u00f3\u0142\u00f3w.<\/li>\n<li>Zg\u0142aszaj i blokuj w razie potrzeby: Wi\u0119kszo\u015b\u0107 platform umo\u017cliwia natychmiastowe blokowanie\/zg\u0142aszanie os\u00f3b zachowuj\u0105cych si\u0119 niew\u0142a\u015bciwie.<\/li>\n<li>Zaufaj swojemu instynktowi: je\u015bli co\u015b wydaje Ci si\u0119 nie tak, natychmiast zako\u0144cz rozmow\u0119.<\/li>\n<\/ul>\n<p>Trzymaj si\u0119 renomowanych witryn i zawsze stawiaj na pierwszym miejscu sw\u00f3j komfort i bezpiecze\u0144stwo.<\/p>\n<h2>Kto korzysta z czatu wideo online z nieznajomymi?<\/h2>\n<p>To globalna spo\u0142eczno\u015b\u0107! Znajdziesz tu:<\/p>\n<ul>\n<li>Nastolatki i m\u0142odzi doro\u015bli szukaj\u0105cy zabawy i nowych znajomo\u015bci<\/li>\n<li>Podr\u00f3\u017cnicy i ekspaci \u0142\u0105cz\u0105cy si\u0119 z lud\u017ami na ca\u0142ym \u015bwiecie<\/li>\n<li>Osoby ucz\u0105ce si\u0119 j\u0119zyka \u0107wicz\u0105 prawdziwe umiej\u0119tno\u015bci konwersacyjne<\/li>\n<li>Single szukaj\u0105ce zalotnej rozmowy lub nawet iskry<\/li>\n<li>Ka\u017cdy, kto jest znudzony, samotny lub po prostu ma ochot\u0119 na co\u015b nowego.<\/li>\n<\/ul>\n<p>Ka\u017cdy znajdzie tu co\u015b dla siebie - bez wzgl\u0119du na wiek, zainteresowania czy pochodzenie.<\/p>\n<h2>O czym rozmawia\u0107 z nieznajomymi online?<\/h2>\n<p>Nie wiesz, jak zacz\u0105\u0107? Oto kilka pomys\u0142\u00f3w na prze\u0142amanie lod\u00f3w:<\/p>\n<ul>\n<li>Muzyka, filmy i ulubione programy<\/li>\n<li>Historie podr\u00f3\u017cy i wymarzone miejsca docelowe<\/li>\n<li>Zabawne wspomnienia z dzieci\u0144stwa lub pytania typu \"czy wola\u0142by\u015b\"<\/li>\n<li>\u017bycie w Twoim mie\u015bcie lub kraju - co jest wyj\u0105tkowego w miejscu, w kt\u00f3rym mieszkasz?<\/li>\n<li>Hobby, sport lub kreatywne zainteresowania<\/li>\n<li>Pytania dotycz\u0105ce bie\u017c\u0105cych wydarze\u0144, szko\u0142y lub kariery<\/li>\n<li>G\u0142upie gry, ciekawostki lub lekkie wyzwania<\/li>\n<\/ul>\n<p>Pami\u0119taj: nie potrzebujesz scenariusza. Najlepsze rozmowy s\u0105 cz\u0119sto spontaniczne i szczere.<\/p>\n<h2>Darmowe i p\u0142atne funkcje w czatach wideo online<\/h2>\n<p>Wi\u0119kszo\u015b\u0107 platform oferuje swoje g\u0142\u00f3wne funkcje za darmo. Niekt\u00f3re dodaj\u0105 p\u0142atne aktualizacje:<\/p>\n<ul>\n<li>Zaawansowane filtry (p\u0142e\u0107, kraj, j\u0119zyk)<\/li>\n<li>Priorytetowe dopasowanie lub nieograniczone pomijanie<\/li>\n<li>Do\u015bwiadczenie bez reklam<\/li>\n<li>Dost\u0119p do ekskluzywnych czat\u00f3w lub wydarze\u0144<\/li>\n<\/ul>\n<p>Nie musisz jednak nic wydawa\u0107, aby cieszy\u0107 si\u0119 wspania\u0142ymi rozmowami - darmowe do\u015bwiadczenie jest zwykle wi\u0119cej ni\u017c wystarczaj\u0105ce.<\/p>\n<h2>Wskaz\u00f3wki dotycz\u0105ce niesamowitego do\u015bwiadczenia \"Talk to Strangers Online Video\"<\/h2>\n<ul>\n<li>B\u0105d\u017a otwarty i pe\u0142en szacunku - ka\u017cdy jest tam z innego powodu.<\/li>\n<li>U\u015bmiechnij si\u0119 i zrelaksuj - pewno\u015b\u0107 siebie robi du\u017c\u0105 r\u00f3\u017cnic\u0119, nawet online.<\/li>\n<li>Nie zniech\u0119caj si\u0119 kilkoma kr\u00f3tkimi lub niezr\u0119cznymi rozmowami - nast\u0119pna mo\u017ce by\u0107 niesamowita.<\/li>\n<li>Eksploruj o r\u00f3\u017cnych porach, aby pozna\u0107 ludzi z ca\u0142ego \u015bwiata.<\/li>\n<li>Po\u0142\u0105cz czat wideo z czatem tekstowym, je\u015bli chcesz zacz\u0105\u0107 powoli.<\/li>\n<\/ul>\n<h2>Kiedy korzysta\u0107 z czatu wideo online z nieznajomymi?<\/h2>\n<ul>\n<li>Kiedy si\u0119 nudzisz lub potrzebujesz towarzystwa p\u00f3\u017ano w nocy<\/li>\n<li>Poznawanie innych kultur lub \u0107wiczenie j\u0119zyka<\/li>\n<li>Je\u015bli chcesz si\u0119 zaprzyja\u017ani\u0107, poflirtowa\u0107 lub po prostu us\u0142ysze\u0107 nowe historie<\/li>\n<li>Zawsze, gdy chcesz wyj\u015b\u0107 z ba\u0144ki spo\u0142ecznej<\/li>\n<\/ul>\n<p>Rozmowy z nieznajomymi na platformach wideo online to co\u015b wi\u0119cej ni\u017c tylko trend - to nowoczesny spos\u00f3b na poznawanie ludzi, odkrywanie nowych pomys\u0142\u00f3w i prawdziw\u0105, nieskryptowan\u0105 zabaw\u0119, a wszystko to z domu. Dzi\u0119ki tak wielu darmowym i \u0142atwym w u\u017cyciu opcjom, przekszta\u0142cenie przypadkowej rozmowy w trwa\u0142e wspomnienie - a nawet now\u0105 przyja\u017a\u0144 - nigdy nie by\u0142o \u0142atwiejsze.<\/p>\n<p>Gotowy, by spr\u00f3bowa\u0107? Otw\u00f3rz kamer\u0119 internetow\u0105, wybierz witryn\u0119 i zanurz si\u0119 w \u015bwiecie spontanicznych po\u0142\u0105cze\u0144. Nigdy nie wiesz, kogo spotkasz.<\/p>","protected":false},"excerpt":{"rendered":"<p>The internet has completely changed how we connect with people\u2014but if you\u2019re still stuck in endless group texts, comments sections, or boring message boards, you might be missing the most exciting way to meet new people: Talk to Strangers Online Video. This is the future of real, face-to-face connection, where every click brings a new [&hellip;]<\/p>\n","protected":false},"author":8,"featured_media":0,"parent":0,"menu_order":0,"comment_status":"closed","ping_status":"closed","template":"","meta":{"footnotes":""},"class_list":["post-13413","page","type-page","status-publish","hentry"],"yoast_head":"<!-- This site is optimized with the Yoast SEO plugin v27.5 - https:\/\/yoast.com\/product\/yoast-seo-wordpress\/ -->\n<title>Talk to Strangers Online Video with Video Chat on TinyChat.com<\/title>\n<meta name=\"description\" content=\"Enjoying Talk to Strangers Online Video? Join over 50,000,000 strangers on TinyChat! Turn on your cam and start meeting new people, or find a match.\" \/>\n<meta name=\"robots\" content=\"index, follow, max-snippet:-1, max-image-preview:large, max-video-preview:-1\" \/>\n<link rel=\"canonical\" href=\"https:\/\/tinychat.com\/pl\/talk-to-strangers-online-video\/\" \/>\n<meta property=\"og:locale\" content=\"pl_PL\" \/>\n<meta property=\"og:type\" content=\"article\" \/>\n<meta property=\"og:title\" content=\"Talk to Strangers Online Video with Video Chat on TinyChat.com\" \/>\n<meta property=\"og:description\" content=\"Enjoying Talk to Strangers Online Video? Join over 50,000,000 strangers on TinyChat! Turn on your cam and start meeting new people, or find a match.\" \/>\n<meta property=\"og:url\" content=\"https:\/\/tinychat.com\/pl\/talk-to-strangers-online-video\/\" \/>\n<meta property=\"og:site_name\" content=\"TinyChat\" \/>\n<meta property=\"article:publisher\" content=\"https:\/\/www.facebook.com\/tinychat\" \/>\n<meta property=\"og:image\" content=\"https:\/\/tinychat.com\/wp-content\/uploads\/2020\/04\/Tinychat-logo-1280x284-new-black.png\" \/>\n\t<meta property=\"og:image:width\" content=\"1280\" \/>\n\t<meta property=\"og:image:height\" content=\"284\" \/>\n\t<meta property=\"og:image:type\" content=\"image\/png\" \/>\n<meta name=\"twitter:card\" content=\"summary_large_image\" \/>\n<meta name=\"twitter:site\" content=\"@tinychat\" \/>\n<meta name=\"twitter:label1\" content=\"Szacowany czas czytania\" \/>\n\t<meta name=\"twitter:data1\" content=\"6 minut\" \/>\n<script type=\"application\/ld+json\" class=\"yoast-schema-graph\">{\"@context\":\"https:\\\/\\\/schema.org\",\"@graph\":[{\"@type\":\"WebPage\",\"@id\":\"https:\\\/\\\/tinychat.com\\\/talk-to-strangers-online-video\\\/\",\"url\":\"https:\\\/\\\/tinychat.com\\\/talk-to-strangers-online-video\\\/\",\"name\":\"Talk to Strangers Online Video with Video Chat on TinyChat.com\",\"isPartOf\":{\"@id\":\"https:\\\/\\\/tinychat.com\\\/#website\"},\"datePublished\":\"2025-08-07T08:47:03+00:00\",\"description\":\"Enjoying Talk to Strangers Online Video? Join over 50,000,000 strangers on TinyChat! Turn on your cam and start meeting new people, or find a match.\",\"breadcrumb\":{\"@id\":\"https:\\\/\\\/tinychat.com\\\/talk-to-strangers-online-video\\\/#breadcrumb\"},\"inLanguage\":\"pl-PL\",\"potentialAction\":[{\"@type\":\"ReadAction\",\"target\":[\"https:\\\/\\\/tinychat.com\\\/talk-to-strangers-online-video\\\/\"]}]},{\"@type\":\"BreadcrumbList\",\"@id\":\"https:\\\/\\\/tinychat.com\\\/talk-to-strangers-online-video\\\/#breadcrumb\",\"itemListElement\":[{\"@type\":\"ListItem\",\"position\":1,\"name\":\"Home\",\"item\":\"https:\\\/\\\/tinychat.com\\\/\"},{\"@type\":\"ListItem\",\"position\":2,\"name\":\"Talk to Strangers Online Video\"}]},{\"@type\":\"WebSite\",\"@id\":\"https:\\\/\\\/tinychat.com\\\/#website\",\"url\":\"https:\\\/\\\/tinychat.com\\\/\",\"name\":\"TinyChat\",\"description\":\"Random Video Chat with Strangers\",\"publisher\":{\"@id\":\"https:\\\/\\\/tinychat.com\\\/#organization\"},\"alternateName\":\"TinyChat.com\",\"potentialAction\":[{\"@type\":\"SearchAction\",\"target\":{\"@type\":\"EntryPoint\",\"urlTemplate\":\"https:\\\/\\\/tinychat.com\\\/?s={search_term_string}\"},\"query-input\":{\"@type\":\"PropertyValueSpecification\",\"valueRequired\":true,\"valueName\":\"search_term_string\"}}],\"inLanguage\":\"pl-PL\"},{\"@type\":\"Organization\",\"@id\":\"https:\\\/\\\/tinychat.com\\\/#organization\",\"name\":\"TinyChat\",\"alternateName\":\"TinyChat.com\",\"url\":\"https:\\\/\\\/tinychat.com\\\/\",\"logo\":{\"@type\":\"ImageObject\",\"inLanguage\":\"pl-PL\",\"@id\":\"https:\\\/\\\/tinychat.com\\\/#\\\/schema\\\/logo\\\/image\\\/\",\"url\":\"https:\\\/\\\/tinychat.com\\\/wp-content\\\/uploads\\\/2023\\\/11\\\/Tinychat-icon-square.png\",\"contentUrl\":\"https:\\\/\\\/tinychat.com\\\/wp-content\\\/uploads\\\/2023\\\/11\\\/Tinychat-icon-square.png\",\"width\":284,\"height\":284,\"caption\":\"TinyChat\"},\"image\":{\"@id\":\"https:\\\/\\\/tinychat.com\\\/#\\\/schema\\\/logo\\\/image\\\/\"},\"sameAs\":[\"https:\\\/\\\/www.facebook.com\\\/tinychat\",\"https:\\\/\\\/x.com\\\/tinychat\"]}]}<\/script>\n<!-- \/ Yoast SEO plugin. -->","yoast_head_json":{"title":"Rozmawiaj z nieznajomymi przez czat wideo online na TinyChat.com","description":"Lubisz rozmawia\u0107 z nieznajomymi przez wideo online? Do\u0142\u0105cz do ponad 50 000 000 nieznajomych na TinyChat! W\u0142\u0105cz kamer\u0119 i zacznij poznawa\u0107 nowych ludzi lub znajd\u017a partnera.","robots":{"index":"index","follow":"follow","max-snippet":"max-snippet:-1","max-image-preview":"max-image-preview:large","max-video-preview":"max-video-preview:-1"},"canonical":"https:\/\/tinychat.com\/pl\/talk-to-strangers-online-video\/","og_locale":"pl_PL","og_type":"article","og_title":"Talk to Strangers Online Video with Video Chat on TinyChat.com","og_description":"Enjoying Talk to Strangers Online Video? Join over 50,000,000 strangers on TinyChat! Turn on your cam and start meeting new people, or find a match.","og_url":"https:\/\/tinychat.com\/pl\/talk-to-strangers-online-video\/","og_site_name":"TinyChat","article_publisher":"https:\/\/www.facebook.com\/tinychat","og_image":[{"width":1280,"height":284,"url":"https:\/\/tinychat.com\/wp-content\/uploads\/2020\/04\/Tinychat-logo-1280x284-new-black.png","type":"image\/png"}],"twitter_card":"summary_large_image","twitter_site":"@tinychat","twitter_misc":{"Szacowany czas czytania":"6 minut"},"schema":{"@context":"https:\/\/schema.org","@graph":[{"@type":"WebPage","@id":"https:\/\/tinychat.com\/talk-to-strangers-online-video\/","url":"https:\/\/tinychat.com\/talk-to-strangers-online-video\/","name":"Rozmawiaj z nieznajomymi przez czat wideo online na TinyChat.com","isPartOf":{"@id":"https:\/\/tinychat.com\/#website"},"datePublished":"2025-08-07T08:47:03+00:00","description":"Lubisz rozmawia\u0107 z nieznajomymi przez wideo online? Do\u0142\u0105cz do ponad 50 000 000 nieznajomych na TinyChat! W\u0142\u0105cz kamer\u0119 i zacznij poznawa\u0107 nowych ludzi lub znajd\u017a partnera.","breadcrumb":{"@id":"https:\/\/tinychat.com\/talk-to-strangers-online-video\/#breadcrumb"},"inLanguage":"pl-PL","potentialAction":[{"@type":"ReadAction","target":["https:\/\/tinychat.com\/talk-to-strangers-online-video\/"]}]},{"@type":"BreadcrumbList","@id":"https:\/\/tinychat.com\/talk-to-strangers-online-video\/#breadcrumb","itemListElement":[{"@type":"ListItem","position":1,"name":"Home","item":"https:\/\/tinychat.com\/"},{"@type":"ListItem","position":2,"name":"Talk to Strangers Online Video"}]},{"@type":"WebSite","@id":"https:\/\/tinychat.com\/#website","url":"https:\/\/tinychat.com\/","name":"TinyChat","description":"Losowy czat wideo z nieznajomymi","publisher":{"@id":"https:\/\/tinychat.com\/#organization"},"alternateName":"TinyChat.com","potentialAction":[{"@type":"SearchAction","target":{"@type":"EntryPoint","urlTemplate":"https:\/\/tinychat.com\/?s={search_term_string}"},"query-input":{"@type":"PropertyValueSpecification","valueRequired":true,"valueName":"search_term_string"}}],"inLanguage":"pl-PL"},{"@type":"Organization","@id":"https:\/\/tinychat.com\/#organization","name":"TinyChat","alternateName":"TinyChat.com","url":"https:\/\/tinychat.com\/","logo":{"@type":"ImageObject","inLanguage":"pl-PL","@id":"https:\/\/tinychat.com\/#\/schema\/logo\/image\/","url":"https:\/\/tinychat.com\/wp-content\/uploads\/2023\/11\/Tinychat-icon-square.png","contentUrl":"https:\/\/tinychat.com\/wp-content\/uploads\/2023\/11\/Tinychat-icon-square.png","width":284,"height":284,"caption":"TinyChat"},"image":{"@id":"https:\/\/tinychat.com\/#\/schema\/logo\/image\/"},"sameAs":["https:\/\/www.facebook.com\/tinychat","https:\/\/x.com\/tinychat"]}]}},"_links":{"self":[{"href":"https:\/\/tinychat.com\/pl\/wp-json\/wp\/v2\/pages\/13413","targetHints":{"allow":["GET"]}}],"collection":[{"href":"https:\/\/tinychat.com\/pl\/wp-json\/wp\/v2\/pages"}],"about":[{"href":"https:\/\/tinychat.com\/pl\/wp-json\/wp\/v2\/types\/page"}],"author":[{"embeddable":true,"href":"https:\/\/tinychat.com\/pl\/wp-json\/wp\/v2\/users\/8"}],"replies":[{"embeddable":true,"href":"https:\/\/tinychat.com\/pl\/wp-json\/wp\/v2\/comments?post=13413"}],"version-history":[{"count":2,"href":"https:\/\/tinychat.com\/pl\/wp-json\/wp\/v2\/pages\/13413\/revisions"}],"predecessor-version":[{"id":13415,"href":"https:\/\/tinychat.com\/pl\/wp-json\/wp\/v2\/pages\/13413\/revisions\/13415"}],"wp:attachment":[{"href":"https:\/\/tinychat.com\/pl\/wp-json\/wp\/v2\/media?parent=13413"}],"curies":[{"name":"wp","href":"https:\/\/api.w.org\/{rel}","templated":true}]}}