{"id":13511,"date":"2025-09-10T10:58:25","date_gmt":"2025-09-10T08:58:25","guid":{"rendered":"https:\/\/tinychat.com\/?page_id=13511"},"modified":"2025-09-10T11:03:40","modified_gmt":"2025-09-10T09:03:40","slug":"random-chat","status":"publish","type":"page","link":"https:\/\/tinychat.com\/pl\/random-chat\/","title":{"rendered":"Losowy czat"},"content":{"rendered":"<p>Jedn\u0105 z najbardziej ekscytuj\u0105cych rzeczy w Internecie jest to, jak \u0142atwo \u0142\u0105czy nas z lud\u017ami, kt\u00f3rych inaczej nigdy by\u015bmy nie spotkali. Random Chat przenosi to na wy\u017cszy poziom, umo\u017cliwiaj\u0105c natychmiastow\u0105 rozmow\u0119 z nieznajomymi z ca\u0142ego \u015bwiata. Bez profili, bez przesuwania, bez algorytm\u00f3w - tylko ty, twoje urz\u0105dzenie i ktokolwiek pojawi si\u0119 po drugiej stronie.<\/p>\n<p>To najprostsza i najbardziej spontaniczna forma nawi\u0105zywania kontakt\u00f3w towarzyskich. Niezale\u017cnie od tego, czy chcesz zabi\u0107 czas, pozna\u0107 inne kultury, nawi\u0105za\u0107 nowe znajomo\u015bci, czy nawet troch\u0119 poflirtowa\u0107, losowy czat oferuje okno na nieznane.<\/p>\n<h2>Czym jest czat losowy?<\/h2>\n<p>Czat losowy to us\u0142uga online, kt\u00f3ra umo\u017cliwia losowe \u0142\u0105czenie si\u0119 w pary z innymi u\u017cytkownikami. Mog\u0105 to by\u0107 rozmowy tekstowe, g\u0142osowe lub wideo na \u017cywo. Idea jest prosta: zacznij czatowa\u0107, zobacz, jak potoczy si\u0119 rozmowa, a je\u015bli nie klikniesz, przejd\u017a do nast\u0119pnej osoby.<\/p>\n<p>Wi\u0119kszo\u015b\u0107 platform do losowego czatowania ma kilka kluczowych cech:<\/p>\n<ul>\n<li>Natychmiastowy dost\u0119p - nie wymaga rejestracji, wystarczy klikn\u0105\u0107 i rozpocz\u0105\u0107.<\/li>\n<li>Anonimowo\u015b\u0107 - u\u017cyj pseudonimu lub pozosta\u0144 ca\u0142kowicie incognito.<\/li>\n<li>Bezp\u0142atne korzystanie - wiele platform oferuje nielimitowane czaty bez \u017cadnych op\u0142at.<\/li>\n<li>Globalny zasi\u0119g - poznaj ludzi z r\u00f3\u017cnych kraj\u00f3w, kultur i styl\u00f3w \u017cycia.<\/li>\n<li>Pomi\u0144 opcj\u0119 - je\u015bli czat nie dzia\u0142a, naci\u015bnij \"dalej\" i spr\u00f3buj ponownie.<\/li>\n<\/ul>\n<p>Jest prosta, szybka i cz\u0119sto zaskakuj\u0105co zabawna.<\/p>\n<h2>Dlaczego ludzie kochaj\u0105 losowy czat<\/h2>\n<p>Dlaczego wi\u0119c czat losowy pozostaje popularny od ponad dekady? Poniewa\u017c oferuje co\u015b, czego nie mog\u0105 zaoferowa\u0107 media spo\u0142eczno\u015bciowe: spontaniczno\u015b\u0107.<\/p>\n<ul>\n<li>Czynnik zaskoczenia - nigdy nie wiesz, kto b\u0119dzie nast\u0119pny, a ta nieprzewidywalno\u015b\u0107 jest ekscytuj\u0105ca.<\/li>\n<li>Bez zobowi\u0105za\u0144 - bez pr\u00f3\u015bb o dodanie do znajomych, bez liczby obserwuj\u0105cych, tylko rozmowy w czasie rzeczywistym.<\/li>\n<li>Prawdziwa interakcja - czat na \u017cywo jest bardziej osobisty ni\u017c posty czy komentarze.<\/li>\n<li>Wolno\u015b\u0107 - Mo\u017cesz m\u00f3wi\u0107, co chcesz, nie martwi\u0105c si\u0119 o d\u0142ugoterminowe konsekwencje.<\/li>\n<li>Niesko\u0144czona r\u00f3\u017cnorodno\u015b\u0107 - od szybkiego \u015bmiechu po g\u0142\u0119bokie rozmowy, ka\u017cdy czat jest wyj\u0105tkowy.<\/li>\n<\/ul>\n<p>Dla wielu os\u00f3b losowy czat jest od\u015bwie\u017caj\u0105cy w \u015bwiecie dopracowanych profili i skryptowanych interakcji.<\/p>\n<h2>Jak dzia\u0142a czat losowy<\/h2>\n<p>Wi\u0119kszo\u015b\u0107 platform do losowego czatowania jest niezwykle prosta w obs\u0142udze:<\/p>\n<ol>\n<li>Wybierz platform\u0119 - popularne strony to Omegle, Chatroulette, Chatrandom i TinyChat.<\/li>\n<li>Wybierz tryb - czat tekstowy, audio lub wideo.<\/li>\n<li>Kliknij \"Rozpocznij\" - Natychmiast po\u0142\u0105cz si\u0119 z nieznajomym.<\/li>\n<li>Czatuj lub pomi\u0144 - zosta\u0144, je\u015bli jest dobrze, lub id\u017a dalej, je\u015bli nie.<\/li>\n<li>Poznaj filtry - niekt\u00f3re witryny umo\u017cliwiaj\u0105 dodawanie filtr\u00f3w zainteresowa\u0144, lokalizacji lub p\u0142ci.<\/li>\n<\/ol>\n<p>W mniej ni\u017c minut\u0119 mo\u017cesz rozmawia\u0107 z kim\u015b na drugim ko\u0144cu \u015bwiata.<\/p>\n<h2>Rodzaje platform czatu losowego<\/h2>\n<p>R\u00f3\u017cne platformy obs\u0142uguj\u0105 r\u00f3\u017cne style czatowania:<\/p>\n<h3>1. Losowy czat tekstowy<\/h3>\n<p>Idealny, je\u015bli jeste\u015b nie\u015bmia\u0142y lub nie jeste\u015b gotowy na wideo. Pozostajesz anonimowy i mo\u017cesz skupi\u0107 si\u0119 na rozmowie.<\/p>\n<h3>2. Losowy czat wideo<\/h3>\n<p>Dodaje element osobisty, twarz\u0105 w twarz. Mo\u017cesz zobaczy\u0107 i us\u0142ysze\u0107 nieznajomych w czasie rzeczywistym.<\/p>\n<h3>3. Losowy czat g\u0142osowy<\/h3>\n<p>Po\u015brednie rozwi\u0105zanie - \u015bwietne, je\u015bli nie chcesz wideo, ale wolisz m\u00f3wi\u0107 ni\u017c pisa\u0107.<\/p>\n<h3>4. Tematyczne pokoje rozm\u00f3w<\/h3>\n<p>Do\u0142\u0105cz do pokoj\u00f3w po\u015bwi\u0119conych hobby, randkom, podr\u00f3\u017com, grom lub po prostu og\u00f3lnym rozmowom.<\/p>\n<h3>5. Losowy czat dla doros\u0142ych<\/h3>\n<p>Przestrzenie 18+ przeznaczone do flirtowania i bardziej bezpo\u015brednich rozm\u00f3w.<\/p>\n<h2>Najlepsze platformy do losowego czatu<\/h2>\n<p>Oto niekt\u00f3re z najbardziej popularnych i zaufanych opcji:<\/p>\n<ul>\n<li>Omegle - Klasyczny losowy czat tekstowo-wizualny.<\/li>\n<li>Chatroulette - Szybki losowy czat wideo z nieznajomymi z ca\u0142ego \u015bwiata.<\/li>\n<li>Chatrandom - Oferuje pokoje tematyczne i filtry p\u0142ci.<\/li>\n<li>Chatspin - Zawiera zabawne efekty wideo i aplikacje mobilne.<\/li>\n<li>Camsurf - Moderowana platforma skupiaj\u0105ca si\u0119 na bezpiecze\u0144stwie.<\/li>\n<li>TinyChat - Czat spo\u0142eczno\u015bciowy z publicznymi i prywatnymi pokojami.<\/li>\n<li>Bazoocam - europejski faworyt z wbudowanymi grami na prze\u0142amanie lod\u00f3w.<\/li>\n<\/ul>\n<p>Ka\u017cdy z nich ma sw\u00f3j w\u0142asny charakter, wi\u0119c wypr\u00f3buj kilka, aby zobaczy\u0107, kt\u00f3ry pasuje do Twojego klimatu.<\/p>\n<h2>Losowy czat a media spo\u0142eczno\u015bciowe<\/h2>\n<p>Podczas gdy oba czaty \u0142\u0105cz\u0105 ludzi, losowy czat oferuje zupe\u0142nie inne wra\u017cenia.<\/p>\n<table>\n<thead>\n<tr>\n<th>Cecha<\/th>\n<th>Losowy czat<\/th>\n<th>Media spo\u0142eczno\u015bciowe<\/th>\n<\/tr>\n<\/thead>\n<tbody>\n<tr>\n<td>Losowe dopasowywanie nieznajomych<\/td>\n<td>Tak<\/td>\n<td>Nie<\/td>\n<\/tr>\n<tr>\n<td>Rozmowa w czasie rzeczywistym<\/td>\n<td>Natychmiastowy<\/td>\n<td>\u26a0\ufe0f Op\u00f3\u017anienie<\/td>\n<\/tr>\n<tr>\n<td>Wymagany profil<\/td>\n<td>Nie zawsze<\/td>\n<td>Zawsze<\/td>\n<\/tr>\n<tr>\n<td>Anonimowo\u015b\u0107<\/td>\n<td>Tak<\/td>\n<td>Ograniczony<\/td>\n<\/tr>\n<tr>\n<td>Opcja pomini\u0119cia<\/td>\n<td>Tak<\/td>\n<td>Nie<\/td>\n<\/tr>\n<\/tbody>\n<\/table>\n<p>Je\u015bli media spo\u0142eczno\u015bciowe wydaj\u0105 si\u0119 zbyt wyselekcjonowane, losowy czat jest antidotum.<\/p>\n<h2>Bezpiecze\u0144stwo podczas korzystania z czatu losowego<\/h2>\n<p>Poniewa\u017c rozmawiasz z nieznajomymi, bezpiecze\u0144stwo jest wa\u017cne:<\/p>\n<ul>\n<li>Nie udost\u0119pniaj danych osobowych - zachowaj w tajemnicy swoje imi\u0119 i nazwisko, numer telefonu i adres.<\/li>\n<li>U\u017cywaj pseudonimu - pozosta\u0144 anonimowy, dop\u00f3ki nie poczujesz si\u0119 komfortowo.<\/li>\n<li>Swobodne pomijanie - Nie wchod\u017a w rozmowy, kt\u00f3re wydaj\u0105 si\u0119 nie na miejscu.<\/li>\n<li>Zg\u0142aszanie nieodpowiednich u\u017cytkownik\u00f3w - wi\u0119kszo\u015b\u0107 platform posiada funkcje moderacji.<\/li>\n<li>B\u0105d\u017a ostro\u017cny z wideo - upewnij si\u0119, \u017ce t\u0142o nie ujawnia prywatnych szczeg\u00f3\u0142\u00f3w.<\/li>\n<\/ul>\n<p>Przypadkowy czat jest zabawny i bezpieczny, gdy ustalisz granice.<\/p>\n<h2>Kto korzysta z czatu losowego?<\/h2>\n<p>R\u00f3\u017cnorodno\u015b\u0107 ludzi, kt\u00f3rych spotkasz, sprawia, \u017ce jest to tak uzale\u017cniaj\u0105ce. Powszechni u\u017cytkownicy to:<\/p>\n<ul>\n<li>Studenci - szukaj\u0105 interakcji spo\u0142ecznych lub \u0107wicze\u0144 j\u0119zykowych.<\/li>\n<li>Single - Flirtuj\u0105cy lub szukaj\u0105cy okazji do niezobowi\u0105zuj\u0105cych randek.<\/li>\n<li>Nocne sowy - szukanie towarzystwa w p\u00f3\u017anych godzinach.<\/li>\n<li>Podr\u00f3\u017cni - wirtualne spotkania z mieszka\u0144cami i poznawanie miejsc docelowych.<\/li>\n<li>Ciekawi ludzie - Po prostu odkrywanie, kto tam jest.<\/li>\n<\/ul>\n<p>To naprawd\u0119 globalna mieszanka.<\/p>\n<h2>TinyChat: Losowy Chat Alternative w stylu spo\u0142eczno\u015bciowym<\/h2>\n<p>Je\u015bli lubisz czat losowy, ale chcesz czego\u015b bardziej zorganizowanego, TinyChat jest mocn\u0105 opcj\u0105. W przeciwie\u0144stwie do platform jeden na jednego, \u0142\u0105czy losowo\u015b\u0107 z poczuciem wsp\u00f3lnoty.<\/p>\n<ul>\n<li>Pokoje publiczne - Rozmowy o muzyce, polityce, randkach lub og\u00f3lne spotkania.<\/li>\n<li>Prywatne pokoje - Stw\u00f3rz w\u0142asn\u0105 przestrze\u0144 czatu.<\/li>\n<li>Wideo, audio i tekst - wybierz preferowany format.<\/li>\n<li>Wieloplatformowo\u015b\u0107 - dzia\u0142a na przegl\u0105darkach stacjonarnych i aplikacjach mobilnych.<\/li>\n<li>Natychmiastowy dost\u0119p - rejestracja nie jest wymagana.<\/li>\n<\/ul>\n<p>TinyChat zapewnia swobod\u0119 losowego czatu z g\u0142\u0119bi\u0105 spo\u0142eczno\u015bci tematycznych.<\/p>\n<h2>Wskaz\u00f3wki, jak najlepiej wykorzysta\u0107 czat losowy<\/h2>\n<ul>\n<li>U\u015bmiechaj si\u0119, gdy nawi\u0105zujesz kontakt - przyjazne wibracje sprawiaj\u0105, \u017ce nieznajomi s\u0105 bardziej sk\u0142onni do pozostania.<\/li>\n<li>Zadawaj interesuj\u0105ce pytania - Wyjd\u017a poza \"cze\u015b\u0107\" z anga\u017cuj\u0105cymi pytaniami otwieraj\u0105cymi.<\/li>\n<li>B\u0105d\u017a pe\u0142en szacunku - traktuj nieznajomych tak, jak sam chcia\u0142by\u015b by\u0107 traktowany.<\/li>\n<li>Poznaj r\u00f3\u017cne godziny - bazy u\u017cytkownik\u00f3w zmieniaj\u0105 si\u0119 z godziny na godzin\u0119.<\/li>\n<li>Nie traktuj tego zbyt powa\u017cnie - niekt\u00f3re rozmowy s\u0105 szybkie, inne trwaj\u0105 d\u0142u\u017cej. Ciesz si\u0119 r\u00f3\u017cnorodno\u015bci\u0105.<\/li>\n<\/ul>\n<h2>Darmowy a p\u0142atny czat losowy<\/h2>\n<p>Wi\u0119kszo\u015b\u0107 platform do losowego czatowania jest darmowa, ale niekt\u00f3re oferuj\u0105 dodatkowe korzy\u015bci.<\/p>\n<table>\n<thead>\n<tr>\n<th>Cecha<\/th>\n<th>Darmowy losowy czat<\/th>\n<th>Wersje p\u0142atne<\/th>\n<\/tr>\n<\/thead>\n<tbody>\n<tr>\n<td>Nieograniczona liczba losowych mecz\u00f3w<\/td>\n<td>Tak<\/td>\n<td>Tak<\/td>\n<\/tr>\n<tr>\n<td>Przycisk pomijania<\/td>\n<td>Tak<\/td>\n<td>Tak<\/td>\n<\/tr>\n<tr>\n<td>Filtry p\u0142ci\/lokalizacji<\/td>\n<td>\u26a0\ufe0f Podstawowe lub ograniczone<\/td>\n<td>Zaawansowane<\/td>\n<\/tr>\n<tr>\n<td>Reklamy usuni\u0119te<\/td>\n<td>\u274c<\/td>\n<td>Tak<\/td>\n<\/tr>\n<tr>\n<td>Pokoje VIP\/prywatne<\/td>\n<td>\u274c<\/td>\n<td>Tak<\/td>\n<\/tr>\n<\/tbody>\n<\/table>\n<p>Do codziennego u\u017cytku darmowe wersje s\u0105 wi\u0119cej ni\u017c wystarczaj\u0105ce.<\/p>\n<h2>Ekscytacja nieznanym<\/h2>\n<p>To, co sprawia, \u017ce ludzie wracaj\u0105 do losowego czatu, to dreszczyk emocji zwi\u0105zany z niewiedz\u0105, kto b\u0119dzie nast\u0119pny. W ci\u0105gu jednego wieczoru mo\u017cesz:<\/p>\n<ul>\n<li>\u015amiej si\u0119 z kim\u015b na ca\u0142ym \u015bwiecie.<\/li>\n<li>Poznaj now\u0105 kultur\u0119.<\/li>\n<li>Odkryj nowy ulubiony zesp\u00f3\u0142 lub film.<\/li>\n<li>Dzielenie si\u0119 historiami z nieznajomymi.<\/li>\n<li>Znajd\u017a przyjaciela - lub nawet iskr\u0119 romansu.<\/li>\n<\/ul>\n<p>Ka\u017cdy czat to szansa na co\u015b nieoczekiwanego.<\/p>\n<p>Czat losowy to jeden z najprostszych i najbardziej ekscytuj\u0105cych sposob\u00f3w na poznawanie ludzi online. Bez koszt\u00f3w, bez profili i bez presji, jest to czysta forma cyfrowych spotka\u0144 towarzyskich - szybka, spontaniczna i globalna.<\/p>\n<p>Niezale\u017cnie od tego, czy chcesz wyleczy\u0107 si\u0119 z nudy, \u0107wiczy\u0107 j\u0119zyk, flirtowa\u0107 z nieznajomymi, czy po prostu cieszy\u0107 si\u0119 kontaktami mi\u0119dzyludzkimi, platformy do czatowania umo\u017cliwiaj\u0105 to za pomoc\u0105 jednego klikni\u0119cia.<\/p>\n<p>Je\u015bli wi\u0119c jeste\u015b gotowy na co\u015b nowego, otw\u00f3rz okno czatu, naci\u015bnij \"Start\" i zobacz, kto czeka. Nast\u0119pny losowy czat mo\u017ce by\u0107 najwa\u017cniejszym wydarzeniem dnia.<\/p>","protected":false},"excerpt":{"rendered":"<p>One of the most exciting things about the internet is how easily it connects us to people we\u2019d never meet otherwise. Random chat takes that to the next level by letting you talk instantly with strangers from around the world. No profiles, no swiping, no algorithms\u2014just you, your device, and whoever shows up on the [&hellip;]<\/p>\n","protected":false},"author":8,"featured_media":0,"parent":0,"menu_order":0,"comment_status":"closed","ping_status":"closed","template":"","meta":{"footnotes":""},"class_list":["post-13511","page","type-page","status-publish","hentry"],"yoast_head":"<!-- This site is optimized with the Yoast SEO plugin v27.4 - https:\/\/yoast.com\/product\/yoast-seo-wordpress\/ -->\n<title>Random Chat with Video Chat on TinyChat.com<\/title>\n<meta name=\"description\" content=\"Enjoying Random Chat? Join over 50,000,000 strangers on TinyChat! Turn on your cam and start meeting new people, or find a match.\" \/>\n<meta name=\"robots\" content=\"index, follow, max-snippet:-1, max-image-preview:large, max-video-preview:-1\" \/>\n<link rel=\"canonical\" href=\"https:\/\/tinychat.com\/pl\/random-chat\/\" \/>\n<meta property=\"og:locale\" content=\"pl_PL\" \/>\n<meta property=\"og:type\" content=\"article\" \/>\n<meta property=\"og:title\" content=\"Random Chat with Video Chat on TinyChat.com\" \/>\n<meta property=\"og:description\" content=\"Enjoying Random Chat? Join over 50,000,000 strangers on TinyChat! Turn on your cam and start meeting new people, or find a match.\" \/>\n<meta property=\"og:url\" content=\"https:\/\/tinychat.com\/pl\/random-chat\/\" \/>\n<meta property=\"og:site_name\" content=\"TinyChat\" \/>\n<meta property=\"article:publisher\" content=\"https:\/\/www.facebook.com\/tinychat\" \/>\n<meta property=\"article:modified_time\" content=\"2025-09-10T09:03:40+00:00\" \/>\n<meta property=\"og:image\" content=\"https:\/\/tinychat.com\/wp-content\/uploads\/2020\/04\/Tinychat-logo-1280x284-new-black.png\" \/>\n\t<meta property=\"og:image:width\" content=\"1280\" \/>\n\t<meta property=\"og:image:height\" content=\"284\" \/>\n\t<meta property=\"og:image:type\" content=\"image\/png\" \/>\n<meta name=\"twitter:card\" content=\"summary_large_image\" \/>\n<meta name=\"twitter:site\" content=\"@tinychat\" \/>\n<meta name=\"twitter:label1\" content=\"Szacowany czas czytania\" \/>\n\t<meta name=\"twitter:data1\" content=\"5 minut\" \/>\n<script type=\"application\/ld+json\" class=\"yoast-schema-graph\">{\"@context\":\"https:\\\/\\\/schema.org\",\"@graph\":[{\"@type\":\"WebPage\",\"@id\":\"https:\\\/\\\/tinychat.com\\\/random-chat\\\/\",\"url\":\"https:\\\/\\\/tinychat.com\\\/random-chat\\\/\",\"name\":\"Random Chat with Video Chat on TinyChat.com\",\"isPartOf\":{\"@id\":\"https:\\\/\\\/tinychat.com\\\/#website\"},\"datePublished\":\"2025-09-10T08:58:25+00:00\",\"dateModified\":\"2025-09-10T09:03:40+00:00\",\"description\":\"Enjoying Random Chat? Join over 50,000,000 strangers on TinyChat! Turn on your cam and start meeting new people, or find a match.\",\"breadcrumb\":{\"@id\":\"https:\\\/\\\/tinychat.com\\\/random-chat\\\/#breadcrumb\"},\"inLanguage\":\"pl-PL\",\"potentialAction\":[{\"@type\":\"ReadAction\",\"target\":[\"https:\\\/\\\/tinychat.com\\\/random-chat\\\/\"]}]},{\"@type\":\"BreadcrumbList\",\"@id\":\"https:\\\/\\\/tinychat.com\\\/random-chat\\\/#breadcrumb\",\"itemListElement\":[{\"@type\":\"ListItem\",\"position\":1,\"name\":\"Home\",\"item\":\"https:\\\/\\\/tinychat.com\\\/\"},{\"@type\":\"ListItem\",\"position\":2,\"name\":\"Random Chat\"}]},{\"@type\":\"WebSite\",\"@id\":\"https:\\\/\\\/tinychat.com\\\/#website\",\"url\":\"https:\\\/\\\/tinychat.com\\\/\",\"name\":\"TinyChat\",\"description\":\"Random Video Chat with Strangers\",\"publisher\":{\"@id\":\"https:\\\/\\\/tinychat.com\\\/#organization\"},\"alternateName\":\"TinyChat.com\",\"potentialAction\":[{\"@type\":\"SearchAction\",\"target\":{\"@type\":\"EntryPoint\",\"urlTemplate\":\"https:\\\/\\\/tinychat.com\\\/?s={search_term_string}\"},\"query-input\":{\"@type\":\"PropertyValueSpecification\",\"valueRequired\":true,\"valueName\":\"search_term_string\"}}],\"inLanguage\":\"pl-PL\"},{\"@type\":\"Organization\",\"@id\":\"https:\\\/\\\/tinychat.com\\\/#organization\",\"name\":\"TinyChat\",\"alternateName\":\"TinyChat.com\",\"url\":\"https:\\\/\\\/tinychat.com\\\/\",\"logo\":{\"@type\":\"ImageObject\",\"inLanguage\":\"pl-PL\",\"@id\":\"https:\\\/\\\/tinychat.com\\\/#\\\/schema\\\/logo\\\/image\\\/\",\"url\":\"https:\\\/\\\/tinychat.com\\\/wp-content\\\/uploads\\\/2023\\\/11\\\/Tinychat-icon-square.png\",\"contentUrl\":\"https:\\\/\\\/tinychat.com\\\/wp-content\\\/uploads\\\/2023\\\/11\\\/Tinychat-icon-square.png\",\"width\":284,\"height\":284,\"caption\":\"TinyChat\"},\"image\":{\"@id\":\"https:\\\/\\\/tinychat.com\\\/#\\\/schema\\\/logo\\\/image\\\/\"},\"sameAs\":[\"https:\\\/\\\/www.facebook.com\\\/tinychat\",\"https:\\\/\\\/x.com\\\/tinychat\"]}]}<\/script>\n<!-- \/ Yoast SEO plugin. -->","yoast_head_json":{"title":"Losowy czat z czatem wideo na TinyChat.com","description":"Lubisz czat losowy? Do\u0142\u0105cz do ponad 50 000 000 nieznajomych na TinyChat! W\u0142\u0105cz kamer\u0119 i zacznij poznawa\u0107 nowych ludzi lub znajd\u017a partnera.","robots":{"index":"index","follow":"follow","max-snippet":"max-snippet:-1","max-image-preview":"max-image-preview:large","max-video-preview":"max-video-preview:-1"},"canonical":"https:\/\/tinychat.com\/pl\/random-chat\/","og_locale":"pl_PL","og_type":"article","og_title":"Random Chat with Video Chat on TinyChat.com","og_description":"Enjoying Random Chat? Join over 50,000,000 strangers on TinyChat! Turn on your cam and start meeting new people, or find a match.","og_url":"https:\/\/tinychat.com\/pl\/random-chat\/","og_site_name":"TinyChat","article_publisher":"https:\/\/www.facebook.com\/tinychat","article_modified_time":"2025-09-10T09:03:40+00:00","og_image":[{"width":1280,"height":284,"url":"https:\/\/tinychat.com\/wp-content\/uploads\/2020\/04\/Tinychat-logo-1280x284-new-black.png","type":"image\/png"}],"twitter_card":"summary_large_image","twitter_site":"@tinychat","twitter_misc":{"Szacowany czas czytania":"5 minut"},"schema":{"@context":"https:\/\/schema.org","@graph":[{"@type":"WebPage","@id":"https:\/\/tinychat.com\/random-chat\/","url":"https:\/\/tinychat.com\/random-chat\/","name":"Losowy czat z czatem wideo na TinyChat.com","isPartOf":{"@id":"https:\/\/tinychat.com\/#website"},"datePublished":"2025-09-10T08:58:25+00:00","dateModified":"2025-09-10T09:03:40+00:00","description":"Lubisz czat losowy? Do\u0142\u0105cz do ponad 50 000 000 nieznajomych na TinyChat! W\u0142\u0105cz kamer\u0119 i zacznij poznawa\u0107 nowych ludzi lub znajd\u017a partnera.","breadcrumb":{"@id":"https:\/\/tinychat.com\/random-chat\/#breadcrumb"},"inLanguage":"pl-PL","potentialAction":[{"@type":"ReadAction","target":["https:\/\/tinychat.com\/random-chat\/"]}]},{"@type":"BreadcrumbList","@id":"https:\/\/tinychat.com\/random-chat\/#breadcrumb","itemListElement":[{"@type":"ListItem","position":1,"name":"Home","item":"https:\/\/tinychat.com\/"},{"@type":"ListItem","position":2,"name":"Random Chat"}]},{"@type":"WebSite","@id":"https:\/\/tinychat.com\/#website","url":"https:\/\/tinychat.com\/","name":"TinyChat","description":"Losowy czat wideo z nieznajomymi","publisher":{"@id":"https:\/\/tinychat.com\/#organization"},"alternateName":"TinyChat.com","potentialAction":[{"@type":"SearchAction","target":{"@type":"EntryPoint","urlTemplate":"https:\/\/tinychat.com\/?s={search_term_string}"},"query-input":{"@type":"PropertyValueSpecification","valueRequired":true,"valueName":"search_term_string"}}],"inLanguage":"pl-PL"},{"@type":"Organization","@id":"https:\/\/tinychat.com\/#organization","name":"TinyChat","alternateName":"TinyChat.com","url":"https:\/\/tinychat.com\/","logo":{"@type":"ImageObject","inLanguage":"pl-PL","@id":"https:\/\/tinychat.com\/#\/schema\/logo\/image\/","url":"https:\/\/tinychat.com\/wp-content\/uploads\/2023\/11\/Tinychat-icon-square.png","contentUrl":"https:\/\/tinychat.com\/wp-content\/uploads\/2023\/11\/Tinychat-icon-square.png","width":284,"height":284,"caption":"TinyChat"},"image":{"@id":"https:\/\/tinychat.com\/#\/schema\/logo\/image\/"},"sameAs":["https:\/\/www.facebook.com\/tinychat","https:\/\/x.com\/tinychat"]}]}},"_links":{"self":[{"href":"https:\/\/tinychat.com\/pl\/wp-json\/wp\/v2\/pages\/13511","targetHints":{"allow":["GET"]}}],"collection":[{"href":"https:\/\/tinychat.com\/pl\/wp-json\/wp\/v2\/pages"}],"about":[{"href":"https:\/\/tinychat.com\/pl\/wp-json\/wp\/v2\/types\/page"}],"author":[{"embeddable":true,"href":"https:\/\/tinychat.com\/pl\/wp-json\/wp\/v2\/users\/8"}],"replies":[{"embeddable":true,"href":"https:\/\/tinychat.com\/pl\/wp-json\/wp\/v2\/comments?post=13511"}],"version-history":[{"count":1,"href":"https:\/\/tinychat.com\/pl\/wp-json\/wp\/v2\/pages\/13511\/revisions"}],"predecessor-version":[{"id":13512,"href":"https:\/\/tinychat.com\/pl\/wp-json\/wp\/v2\/pages\/13511\/revisions\/13512"}],"wp:attachment":[{"href":"https:\/\/tinychat.com\/pl\/wp-json\/wp\/v2\/media?parent=13511"}],"curies":[{"name":"wp","href":"https:\/\/api.w.org\/{rel}","templated":true}]}}