{"id":13514,"date":"2025-09-10T11:10:56","date_gmt":"2025-09-10T09:10:56","guid":{"rendered":"https:\/\/tinychat.com\/?page_id=13514"},"modified":"2025-09-10T11:13:12","modified_gmt":"2025-09-10T09:13:12","slug":"omegle-online","status":"publish","type":"page","link":"https:\/\/tinychat.com\/pl\/omegle-online\/","title":{"rendered":"Omegle Online"},"content":{"rendered":"<p>Je\u015bli kiedykolwiek szuka\u0142e\u015b sposobu na natychmiastow\u0105 rozmow\u0119 z nieznajomymi, prawdopodobnie natkn\u0105\u0142e\u015b si\u0119 na Omegle online. Od czasu uruchomienia w 2009 roku, Omegle sta\u0142 si\u0119 jedn\u0105 z najbardziej rozpoznawalnych platform do losowego czatowania. Prosta konfiguracja - kliknij \"Start\" i jeste\u015b po\u0142\u0105czony - sprawi\u0142a, \u017ce sta\u0142o si\u0119 to miejsce dla os\u00f3b chc\u0105cych pozna\u0107 nieznajomych w czasie rzeczywistym.<\/p>\n<p>Na przestrzeni lat Omegle zainspirowa\u0142 niezliczon\u0105 liczb\u0119 na\u015bladowc\u00f3w i alternatyw, ale pozostaje jednym z najcz\u0119\u015bciej wyszukiwanych termin\u00f3w, je\u015bli chodzi o czat online. Przyjrzyjmy si\u0119 bli\u017cej temu, co oferuje Omegle, dlaczego sta\u0142 si\u0119 tak popularny i jakie inne opcje istniej\u0105 obecnie.<\/p>\n<h2>Co to jest Omegle Online?<\/h2>\n<p>Omegle online to bezp\u0142atna us\u0142uga, kt\u00f3ra \u0142\u0105czy Ci\u0119 z nieznajomymi na ca\u0142ym \u015bwiecie w sesjach czatu jeden na jednego. Mo\u017cesz wybra\u0107 mi\u0119dzy czatem tekstowym a rozmowami wideo na \u017cywo. Za ka\u017cdym razem, gdy si\u0119 \u0142\u0105czysz, jeste\u015b losowo \u0142\u0105czony z kim\u015b nowym.<\/p>\n<p>Kluczowe funkcje obejmuj\u0105:<\/p>\n<ul>\n<li>Czat tekstowy - oryginalny tryb Omegle. Umo\u017cliwia anonimowe wysy\u0142anie wiadomo\u015bci tam i z powrotem.<\/li>\n<li>Czat wideo - Dodaj kamery internetowe do rozm\u00f3w twarz\u0105 w twarz.<\/li>\n<li>Znaczniki zainteresowa\u0144 - Wymie\u0144 hobby lub tematy, aby zosta\u0107 dopasowanym do os\u00f3b, kt\u00f3re je podzielaj\u0105.<\/li>\n<li>Tryb szpiegowski - Zadaj pytanie i obserwuj dyskusj\u0119 dw\u00f3ch nieznajomych, pozostaj\u0105c anonimowym.<\/li>\n<li>Rejestracja nie jest wymagana - wystarczy klikn\u0105\u0107 i natychmiast rozmawia\u0107.<\/li>\n<\/ul>\n<p>To po\u0142\u0105czenie prostoty i nieprzewidywalno\u015bci sprawi\u0142o, \u017ce Omegle jest tak atrakcyjny.<\/p>\n<h2>Dlaczego ludzie u\u017cywaj\u0105 Omegle online<\/h2>\n<p>Miliony ludzi na ca\u0142ym \u015bwiecie zalogowa\u0142y si\u0119 do Omegle z jednego prostego powodu: fajnie jest rozmawia\u0107 z nieznajomymi. Oto, co sprawia, \u017ce ludzie wracaj\u0105:<\/p>\n<ul>\n<li>Natychmiastowy dost\u0119p - bez rejestracji, bez kont - po prostu zacznij czatowa\u0107.<\/li>\n<li>Anonimowo\u015b\u0107 - u\u017cyj pseudonimu lub pozosta\u0144 ca\u0142kowicie incognito.<\/li>\n<li>R\u00f3\u017cnorodno\u015b\u0107 ludzi - poznaj u\u017cytkownik\u00f3w w r\u00f3\u017cnym wieku, z r\u00f3\u017cnych \u015brodowisk i lokalizacji.<\/li>\n<li>Globalny zasi\u0119g - porozmawiaj z kim\u015b po drugiej stronie miasta lub globu.<\/li>\n<li>Rozrywka - Niekt\u00f3re czaty s\u0105 zabawne, inne wnikliwe, a jeszcze inne zupe\u0142nie przypadkowe.<\/li>\n<\/ul>\n<p>Omegle to jak kr\u0119cenie cyfrowym ko\u0142em ruletki - nigdy nie wiadomo, kto b\u0119dzie nast\u0119pny.<\/p>\n<h2>Jak korzysta\u0107 z Omegle online<\/h2>\n<p>Rozpocz\u0119cie pracy z Omegle jest niezwykle proste:<\/p>\n<ol>\n<li>Przejd\u017a do strony internetowej Omegle - pobranie aplikacji nie jest wymagane.<\/li>\n<li>Wybierz tekst lub wideo - Zdecyduj, czy chcesz prowadzi\u0107 rozmow\u0119 tekstow\u0105 czy wideo.<\/li>\n<li>Dodaj tagi zainteresowa\u0144 (opcjonalnie) - aby znale\u017a\u0107 osoby o podobnych zainteresowaniach lub tematach.<\/li>\n<li>Kliknij \"Start\" - natychmiast po\u0142\u0105cz si\u0119 z nieznajomym.<\/li>\n<li>Czatuj lub pomi\u0144 - je\u015bli rozmowa nie dzia\u0142a, kliknij \"Zatrzymaj\" i zacznij od nowa.<\/li>\n<\/ol>\n<p>To wszystko - w ci\u0105gu kilku sekund jeste\u015b na \u017cywo z kim\u015b nowym.<\/p>\n<h2>Typowe zastosowania Omegle Online<\/h2>\n<p>Ludzie u\u017cywaj\u0105 Omegle z wielu powod\u00f3w. Niekt\u00f3re z najbardziej popularnych to:<\/p>\n<ul>\n<li>Swobodna rozmowa - Rozmawiaj z przypadkowymi nieznajomymi dla zabawy.<\/li>\n<li>Flirt i randki - wielu u\u017cytkownik\u00f3w ma nadziej\u0119 na nawi\u0105zanie romantycznego zwi\u0105zku.<\/li>\n<li>Praktyka j\u0119zykowa - czatuj z native speakerami, aby poprawi\u0107 swoje umiej\u0119tno\u015bci.<\/li>\n<li>Wymiana kulturowa - poznaj \u017cycie w innych krajach bezpo\u015brednio od ich mieszka\u0144c\u00f3w.<\/li>\n<li>Zabijanie nudy - idealne rozwi\u0105zanie na p\u00f3\u017ane wieczory lub przestoje, gdy potrzebujesz towarzystwa.<\/li>\n<\/ul>\n<h2>Korzy\u015bci z Omegle Online<\/h2>\n<p>Prostota Omegle zawsze by\u0142a jego najwi\u0119ksz\u0105 zalet\u0105:<\/p>\n<ul>\n<li>Ca\u0142kowicie za darmo - bez subskrypcji i ukrytych koszt\u00f3w.<\/li>\n<li>Szybko i \u0142atwo - bez skomplikowanych rejestracji.<\/li>\n<li>Zawsze aktywni - Miliony ludzi online ka\u017cdego dnia.<\/li>\n<li>Brak baga\u017cu spo\u0142ecznego - rozmawiaj bez martwienia si\u0119 o reputacj\u0119 lub obserwuj\u0105cych.<\/li>\n<\/ul>\n<p>Dla ka\u017cdego, kto pragnie po\u0142\u0105czenia, jest to natychmiastowe uj\u015bcie.<\/p>\n<h2>Wady Omegle<\/h2>\n<p>Oczywi\u015bcie Omegle nie jest idealny. Wielu u\u017cytkownik\u00f3w szuka teraz alternatyw dla Omegle z powodu takich kwestii jak:<\/p>\n<ul>\n<li>Problemy z moderacj\u0105 - Niepo\u017c\u0105dane tre\u015bci s\u0105 powszechne.<\/li>\n<li>Boty i spam - zautomatyzowane konta mog\u0105 przerywa\u0107 czaty.<\/li>\n<li>Brak aplikacji mobilnej - Omegle dzia\u0142a tylko w przegl\u0105darce, co ogranicza wygod\u0119.<\/li>\n<li>Brak prawdziwej spo\u0142eczno\u015bci - ka\u017cdy czat jest losowy; nie ma opcji tworzenia zorganizowanych grup.<\/li>\n<\/ul>\n<p>Dlatego tak wiele os\u00f3b szuka w Internecie stron takich jak Omegle, aby uzyska\u0107 lepsze wra\u017cenia.<\/p>\n<h2>Omegle Alternatywy online<\/h2>\n<p>Je\u015bli podoba Ci si\u0119 pomys\u0142 Omegle, ale chcesz czego\u015b innego - lub bezpieczniejszego - istnieje wiele alternatyw.<\/p>\n<h3>1. TinyChat<\/h3>\n<p>TinyChat \u0142\u0105czy losowe czaty z nieznajomymi z pokojami spo\u0142eczno\u015bciowymi.<\/p>\n<ul>\n<li>Publiczne czaty do randek, muzyki, gier lub og\u00f3lnych rozm\u00f3w.<\/li>\n<li>Prywatne pokoje, kt\u00f3re mo\u017cna tworzy\u0107 i kontrolowa\u0107.<\/li>\n<li>Opcje czatu wideo, audio i tekstowego.<\/li>\n<li>Do rozpocz\u0119cia nie jest wymagana rejestracja.<\/li>\n<li>Dost\u0119p mi\u0119dzyplatformowy za po\u015brednictwem przegl\u0105darek i aplikacji.<\/li>\n<\/ul>\n<p>To \u015bwietny wyb\u00f3r, je\u015bli podoba ci si\u0119 spontaniczno\u015b\u0107 Omegle, ale chcesz bardziej zorganizowanej spo\u0142eczno\u015bci.<\/p>\n<h3>2. Chatroulette<\/h3>\n<p>Jeden z pierwszych konkurent\u00f3w, oferuj\u0105cy szybkie, losowe czaty wideo z nieznajomymi na ca\u0142ym \u015bwiecie.<\/p>\n<h3>3. Chatspin<\/h3>\n<p>Popularna dzi\u0119ki filtrom p\u0142ci\/lokalizacji i zabawnym efektom wideo.<\/p>\n<h3>4. Camsurf<\/h3>\n<p>Znany z lepszej moderacji i bardziej przyjaznej bazy u\u017cytkownik\u00f3w.<\/p>\n<h3>5. Chatrandom<\/h3>\n<p>Oferuje zar\u00f3wno czaty wideo jeden na jednego, jak i tematyczne pokoje grupowe.<\/p>\n<h2>Omegle Online vs. alternatywy<\/h2>\n<p>Oto szybkie por\u00f3wnanie, aby zobaczy\u0107, jak Omegle wypada w zestawieniu:<\/p>\n<table>\n<thead>\n<tr>\n<th>Cecha<\/th>\n<th>Omegle Online<\/th>\n<th>TinyChat<\/th>\n<th>Chatspin<\/th>\n<th>Camsurf<\/th>\n<\/tr>\n<\/thead>\n<tbody>\n<tr>\n<td>Tekst + czat wideo<\/td>\n<td>Tak<\/td>\n<td>Tak<\/td>\n<td>Tak<\/td>\n<td>Tak<\/td>\n<\/tr>\n<tr>\n<td>Rejestracja nie jest wymagana<\/td>\n<td>Tak<\/td>\n<td>Tak<\/td>\n<td>Tak<\/td>\n<td>Tak<\/td>\n<\/tr>\n<tr>\n<td>Filtry zainteresowa\u0144<\/td>\n<td>Podstawowy<\/td>\n<td>Pokoje<\/td>\n<td>Zaawansowane<\/td>\n<td>\u26a0\ufe0f Limited<\/td>\n<\/tr>\n<tr>\n<td>Czaty grupowe<\/td>\n<td>Nie<\/td>\n<td>Tak<\/td>\n<td>Nie<\/td>\n<td>Nie<\/td>\n<\/tr>\n<tr>\n<td>Dost\u0119pna aplikacja mobilna<\/td>\n<td>Nie<\/td>\n<td>Tak<\/td>\n<td>Tak<\/td>\n<td>Tak<\/td>\n<\/tr>\n<tr>\n<td>Silne umiarkowanie<\/td>\n<td>\u26a0\ufe0f S\u0142aby<\/td>\n<td>Dobry<\/td>\n<td>Dobry<\/td>\n<td>Dobry<\/td>\n<\/tr>\n<\/tbody>\n<\/table>\n<h2>Wskaz\u00f3wki bezpiecze\u0144stwa dla Omegle Online<\/h2>\n<p>Poniewa\u017c Omegle jest anonimowy i otwarty dla wszystkich, bezpiecze\u0144stwo jest kluczowe:<\/p>\n<ul>\n<li>Nie udost\u0119pniaj danych osobowych - zachowaj swoje imi\u0119 i nazwisko, lokalizacj\u0119 i dane kontaktowe w tajemnicy.<\/li>\n<li>U\u017cywaj pseudonimu - nigdy prawdziwego imienia i nazwiska.<\/li>\n<li>Uwa\u017caj na t\u0142o - nie pokazuj w kamerze szczeg\u00f3\u0142\u00f3w umo\u017cliwiaj\u0105cych identyfikacj\u0119.<\/li>\n<li>Zg\u0142o\u015b lub roz\u0142\u0105cz si\u0119 - pomi\u0144 natychmiast, je\u015bli co\u015b jest nie tak.<\/li>\n<li>Trzymaj si\u0119 bezpiecznych platform - je\u015bli Omegle wydaje si\u0119 chaotyczny, wypr\u00f3buj moderowane alternatywy, takie jak TinyChat.<\/li>\n<\/ul>\n<h2>Dlaczego ludzie wci\u0105\u017c szukaj\u0105 Omegle online?<\/h2>\n<p>Nawet ze swoimi wadami, Omegle pozostaje popularny, poniewa\u017c oferuje co\u015b wyj\u0105tkowego: natychmiastowy, niefiltrowany dost\u0119p do nieznajomych na ca\u0142ym \u015bwiecie. Prostota logowania si\u0119 i rozpoczynania rozmowy bez \u017cadnych zobowi\u0105za\u0144 jest wci\u0105\u017c trudna do pokonania.<\/p>\n<p>Dzisiejsi u\u017cytkownicy maj\u0105 jednak wi\u0119kszy wyb\u00f3r - i wielu z nich preferuje platformy z dodatkowymi funkcjami, moderacj\u0105 lub skupieniem si\u0119 na spo\u0142eczno\u015bci.<\/p>\n<p>Omegle online by\u0107 mo\u017ce zapocz\u0105tkowa\u0142 trend losowego czatu, ale nie jest ju\u017c jedyn\u0105 opcj\u0105. Chocia\u017c nadal zapewnia szybkie i anonimowe rozmowy, alternatywy takie jak TinyChat, Chatspin i Camsurf oferuj\u0105 bezpieczniejsze, bardziej bogate w funkcje \u015brodowiska.<\/p>\n<p>Je\u015bli chcesz pozna\u0107 nieznajomych online, wypr\u00f3buj Omegle, ale poznaj tak\u017ce nowsze platformy, kt\u00f3re zapewniaj\u0105 wi\u0119ksz\u0105 kontrol\u0119 i spo\u0142eczno\u015b\u0107. Mo\u017ce si\u0119 okaza\u0107, \u017ce najlepsze rozmowy odbywaj\u0105 si\u0119 gdzie indziej.<\/p>\n<p>W ko\u0144cu rado\u015b\u0107 z czatowania online nie jest zwi\u0105zana z jedn\u0105 witryn\u0105 - chodzi o dreszczyk emocji zwi\u0105zany z po\u0142\u0105czeniem si\u0119 z kim\u015b nowym, w dowolnym miejscu i czasie.<\/p>","protected":false},"excerpt":{"rendered":"<p>If you\u2019ve ever searched for a way to talk to strangers instantly, chances are you\u2019ve come across Omegle online. Since launching in 2009, Omegle became one of the most recognizable platforms for random chat. Its simple setup\u2014click \u201cStart\u201d and you\u2019re connected\u2014made it the go-to place for people looking to meet strangers in real time. Over [&hellip;]<\/p>\n","protected":false},"author":8,"featured_media":0,"parent":0,"menu_order":0,"comment_status":"closed","ping_status":"closed","template":"","meta":{"footnotes":""},"class_list":["post-13514","page","type-page","status-publish","hentry"],"yoast_head":"<!-- This site is optimized with the Yoast SEO plugin v27.4 - https:\/\/yoast.com\/product\/yoast-seo-wordpress\/ -->\n<title>Omegle Online with Video Chat on TinyChat.com<\/title>\n<meta name=\"description\" content=\"Enjoying Omegle Online? Join over 50,000,000 strangers on TinyChat! Turn on your cam and start meeting new people, or find a match.\" \/>\n<meta name=\"robots\" content=\"index, follow, max-snippet:-1, max-image-preview:large, max-video-preview:-1\" \/>\n<link rel=\"canonical\" href=\"https:\/\/tinychat.com\/pl\/omegle-online\/\" \/>\n<meta property=\"og:locale\" content=\"pl_PL\" \/>\n<meta property=\"og:type\" content=\"article\" \/>\n<meta property=\"og:title\" content=\"Omegle Online with Video Chat on TinyChat.com\" \/>\n<meta property=\"og:description\" content=\"Enjoying Omegle Online? Join over 50,000,000 strangers on TinyChat! Turn on your cam and start meeting new people, or find a match.\" \/>\n<meta property=\"og:url\" content=\"https:\/\/tinychat.com\/pl\/omegle-online\/\" \/>\n<meta property=\"og:site_name\" content=\"TinyChat\" \/>\n<meta property=\"article:publisher\" content=\"https:\/\/www.facebook.com\/tinychat\" \/>\n<meta property=\"article:modified_time\" content=\"2025-09-10T09:13:12+00:00\" \/>\n<meta property=\"og:image\" content=\"https:\/\/tinychat.com\/wp-content\/uploads\/2020\/04\/Tinychat-logo-1280x284-new-black.png\" \/>\n\t<meta property=\"og:image:width\" content=\"1280\" \/>\n\t<meta property=\"og:image:height\" content=\"284\" \/>\n\t<meta property=\"og:image:type\" content=\"image\/png\" \/>\n<meta name=\"twitter:card\" content=\"summary_large_image\" \/>\n<meta name=\"twitter:site\" content=\"@tinychat\" \/>\n<meta name=\"twitter:label1\" content=\"Szacowany czas czytania\" \/>\n\t<meta name=\"twitter:data1\" content=\"5 minut\" \/>\n<script type=\"application\/ld+json\" class=\"yoast-schema-graph\">{\"@context\":\"https:\\\/\\\/schema.org\",\"@graph\":[{\"@type\":\"WebPage\",\"@id\":\"https:\\\/\\\/tinychat.com\\\/omegle-online\\\/\",\"url\":\"https:\\\/\\\/tinychat.com\\\/omegle-online\\\/\",\"name\":\"Omegle Online with Video Chat on TinyChat.com\",\"isPartOf\":{\"@id\":\"https:\\\/\\\/tinychat.com\\\/#website\"},\"datePublished\":\"2025-09-10T09:10:56+00:00\",\"dateModified\":\"2025-09-10T09:13:12+00:00\",\"description\":\"Enjoying Omegle Online? Join over 50,000,000 strangers on TinyChat! Turn on your cam and start meeting new people, or find a match.\",\"breadcrumb\":{\"@id\":\"https:\\\/\\\/tinychat.com\\\/omegle-online\\\/#breadcrumb\"},\"inLanguage\":\"pl-PL\",\"potentialAction\":[{\"@type\":\"ReadAction\",\"target\":[\"https:\\\/\\\/tinychat.com\\\/omegle-online\\\/\"]}]},{\"@type\":\"BreadcrumbList\",\"@id\":\"https:\\\/\\\/tinychat.com\\\/omegle-online\\\/#breadcrumb\",\"itemListElement\":[{\"@type\":\"ListItem\",\"position\":1,\"name\":\"Home\",\"item\":\"https:\\\/\\\/tinychat.com\\\/\"},{\"@type\":\"ListItem\",\"position\":2,\"name\":\"Omegle Online\"}]},{\"@type\":\"WebSite\",\"@id\":\"https:\\\/\\\/tinychat.com\\\/#website\",\"url\":\"https:\\\/\\\/tinychat.com\\\/\",\"name\":\"TinyChat\",\"description\":\"Random Video Chat with Strangers\",\"publisher\":{\"@id\":\"https:\\\/\\\/tinychat.com\\\/#organization\"},\"alternateName\":\"TinyChat.com\",\"potentialAction\":[{\"@type\":\"SearchAction\",\"target\":{\"@type\":\"EntryPoint\",\"urlTemplate\":\"https:\\\/\\\/tinychat.com\\\/?s={search_term_string}\"},\"query-input\":{\"@type\":\"PropertyValueSpecification\",\"valueRequired\":true,\"valueName\":\"search_term_string\"}}],\"inLanguage\":\"pl-PL\"},{\"@type\":\"Organization\",\"@id\":\"https:\\\/\\\/tinychat.com\\\/#organization\",\"name\":\"TinyChat\",\"alternateName\":\"TinyChat.com\",\"url\":\"https:\\\/\\\/tinychat.com\\\/\",\"logo\":{\"@type\":\"ImageObject\",\"inLanguage\":\"pl-PL\",\"@id\":\"https:\\\/\\\/tinychat.com\\\/#\\\/schema\\\/logo\\\/image\\\/\",\"url\":\"https:\\\/\\\/tinychat.com\\\/wp-content\\\/uploads\\\/2023\\\/11\\\/Tinychat-icon-square.png\",\"contentUrl\":\"https:\\\/\\\/tinychat.com\\\/wp-content\\\/uploads\\\/2023\\\/11\\\/Tinychat-icon-square.png\",\"width\":284,\"height\":284,\"caption\":\"TinyChat\"},\"image\":{\"@id\":\"https:\\\/\\\/tinychat.com\\\/#\\\/schema\\\/logo\\\/image\\\/\"},\"sameAs\":[\"https:\\\/\\\/www.facebook.com\\\/tinychat\",\"https:\\\/\\\/x.com\\\/tinychat\"]}]}<\/script>\n<!-- \/ Yoast SEO plugin. -->","yoast_head_json":{"title":"Omegle online z czatem wideo na TinyChat.com","description":"Korzystasz z Omegle online? Do\u0142\u0105cz do ponad 50 000 000 nieznajomych na TinyChat! W\u0142\u0105cz kamer\u0119 i zacznij poznawa\u0107 nowych ludzi lub znajd\u017a partnera.","robots":{"index":"index","follow":"follow","max-snippet":"max-snippet:-1","max-image-preview":"max-image-preview:large","max-video-preview":"max-video-preview:-1"},"canonical":"https:\/\/tinychat.com\/pl\/omegle-online\/","og_locale":"pl_PL","og_type":"article","og_title":"Omegle Online with Video Chat on TinyChat.com","og_description":"Enjoying Omegle Online? Join over 50,000,000 strangers on TinyChat! Turn on your cam and start meeting new people, or find a match.","og_url":"https:\/\/tinychat.com\/pl\/omegle-online\/","og_site_name":"TinyChat","article_publisher":"https:\/\/www.facebook.com\/tinychat","article_modified_time":"2025-09-10T09:13:12+00:00","og_image":[{"width":1280,"height":284,"url":"https:\/\/tinychat.com\/wp-content\/uploads\/2020\/04\/Tinychat-logo-1280x284-new-black.png","type":"image\/png"}],"twitter_card":"summary_large_image","twitter_site":"@tinychat","twitter_misc":{"Szacowany czas czytania":"5 minut"},"schema":{"@context":"https:\/\/schema.org","@graph":[{"@type":"WebPage","@id":"https:\/\/tinychat.com\/omegle-online\/","url":"https:\/\/tinychat.com\/omegle-online\/","name":"Omegle online z czatem wideo na TinyChat.com","isPartOf":{"@id":"https:\/\/tinychat.com\/#website"},"datePublished":"2025-09-10T09:10:56+00:00","dateModified":"2025-09-10T09:13:12+00:00","description":"Korzystasz z Omegle online? Do\u0142\u0105cz do ponad 50 000 000 nieznajomych na TinyChat! W\u0142\u0105cz kamer\u0119 i zacznij poznawa\u0107 nowych ludzi lub znajd\u017a partnera.","breadcrumb":{"@id":"https:\/\/tinychat.com\/omegle-online\/#breadcrumb"},"inLanguage":"pl-PL","potentialAction":[{"@type":"ReadAction","target":["https:\/\/tinychat.com\/omegle-online\/"]}]},{"@type":"BreadcrumbList","@id":"https:\/\/tinychat.com\/omegle-online\/#breadcrumb","itemListElement":[{"@type":"ListItem","position":1,"name":"Home","item":"https:\/\/tinychat.com\/"},{"@type":"ListItem","position":2,"name":"Omegle Online"}]},{"@type":"WebSite","@id":"https:\/\/tinychat.com\/#website","url":"https:\/\/tinychat.com\/","name":"TinyChat","description":"Losowy czat wideo z nieznajomymi","publisher":{"@id":"https:\/\/tinychat.com\/#organization"},"alternateName":"TinyChat.com","potentialAction":[{"@type":"SearchAction","target":{"@type":"EntryPoint","urlTemplate":"https:\/\/tinychat.com\/?s={search_term_string}"},"query-input":{"@type":"PropertyValueSpecification","valueRequired":true,"valueName":"search_term_string"}}],"inLanguage":"pl-PL"},{"@type":"Organization","@id":"https:\/\/tinychat.com\/#organization","name":"TinyChat","alternateName":"TinyChat.com","url":"https:\/\/tinychat.com\/","logo":{"@type":"ImageObject","inLanguage":"pl-PL","@id":"https:\/\/tinychat.com\/#\/schema\/logo\/image\/","url":"https:\/\/tinychat.com\/wp-content\/uploads\/2023\/11\/Tinychat-icon-square.png","contentUrl":"https:\/\/tinychat.com\/wp-content\/uploads\/2023\/11\/Tinychat-icon-square.png","width":284,"height":284,"caption":"TinyChat"},"image":{"@id":"https:\/\/tinychat.com\/#\/schema\/logo\/image\/"},"sameAs":["https:\/\/www.facebook.com\/tinychat","https:\/\/x.com\/tinychat"]}]}},"_links":{"self":[{"href":"https:\/\/tinychat.com\/pl\/wp-json\/wp\/v2\/pages\/13514","targetHints":{"allow":["GET"]}}],"collection":[{"href":"https:\/\/tinychat.com\/pl\/wp-json\/wp\/v2\/pages"}],"about":[{"href":"https:\/\/tinychat.com\/pl\/wp-json\/wp\/v2\/types\/page"}],"author":[{"embeddable":true,"href":"https:\/\/tinychat.com\/pl\/wp-json\/wp\/v2\/users\/8"}],"replies":[{"embeddable":true,"href":"https:\/\/tinychat.com\/pl\/wp-json\/wp\/v2\/comments?post=13514"}],"version-history":[{"count":1,"href":"https:\/\/tinychat.com\/pl\/wp-json\/wp\/v2\/pages\/13514\/revisions"}],"predecessor-version":[{"id":13515,"href":"https:\/\/tinychat.com\/pl\/wp-json\/wp\/v2\/pages\/13514\/revisions\/13515"}],"wp:attachment":[{"href":"https:\/\/tinychat.com\/pl\/wp-json\/wp\/v2\/media?parent=13514"}],"curies":[{"name":"wp","href":"https:\/\/api.w.org\/{rel}","templated":true}]}}