{"id":13519,"date":"2025-09-10T11:15:35","date_gmt":"2025-09-10T09:15:35","guid":{"rendered":"https:\/\/tinychat.com\/?page_id=13519"},"modified":"2025-09-10T11:15:35","modified_gmt":"2025-09-10T09:15:35","slug":"live-video-call","status":"publish","type":"page","link":"https:\/\/tinychat.com\/pl\/live-video-call\/","title":{"rendered":"Po\u0142\u0105czenie wideo na \u017cywo"},"content":{"rendered":"<p>Internet zapewni\u0142 nam niezliczone sposoby komunikacji - e-maile, SMS-y, wiadomo\u015bci g\u0142osowe - ale nic nie jest tak osobiste i natychmiastowe jak rozmowa wideo na \u017cywo. Niezale\u017cnie od tego, czy chodzi o spotkanie z przyjaci\u00f3\u0142mi, wsp\u00f3\u0142prac\u0119 ze wsp\u00f3\u0142pracownikami, czy spotkanie z nieznajomymi online, rozmowy wideo o\u017cywiaj\u0105 rozmowy, pozwalaj\u0105c widzie\u0107, s\u0142ysze\u0107 i wchodzi\u0107 w interakcje w czasie rzeczywistym.<\/p>\n<p>W przeciwie\u0144stwie do tradycyjnych komunikator\u00f3w, czat wideo na \u017cywo sprawia, \u017ce ka\u017cda rozmowa jest autentyczna. Nie czytasz tylko s\u0142\u00f3w - odbierasz ton, mow\u0119 cia\u0142a i mimik\u0119 twarzy. A dzi\u0119ki tak wielu dost\u0119pnym obecnie darmowym platformom, prowadzenie rozm\u00f3w wideo na \u017cywo z kimkolwiek i gdziekolwiek jest \u0142atwiejsze ni\u017c kiedykolwiek.<\/p>\n<h2>Czym jest po\u0142\u0105czenie wideo na \u017cywo?<\/h2>\n<p>Po\u0142\u0105czenie wideo na \u017cywo to rozmowa w czasie rzeczywistym mi\u0119dzy dwiema lub wi\u0119cej osobami przy u\u017cyciu kamer internetowych i mikrofon\u00f3w przez Internet. W przeciwie\u0144stwie do wcze\u015bniej nagranych czat\u00f3w wideo lub tekstowych, wszystko dzieje si\u0119 natychmiast - Ty m\u00f3wisz, a druga osoba widzi i s\u0142yszy Ci\u0119 w tym samym czasie.<\/p>\n<p>Typowe zastosowania obejmuj\u0105:<\/p>\n<ul>\n<li>Po\u0142\u0105czenia osobiste - Pozostawanie w kontakcie z rodzin\u0105 i przyjaci\u00f3\u0142mi.<\/li>\n<li>Profesjonalne spotkania - Wirtualne przestrzenie robocze i wsp\u00f3\u0142praca zespo\u0142owa.<\/li>\n<li>Cele edukacyjne - zaj\u0119cia online, korepetycje lub sesje nauki.<\/li>\n<li>Przypadkowe rozmowy z nieznajomymi - zabawne, spontaniczne rozmowy na ca\u0142ym \u015bwiecie.<\/li>\n<li>Randki i spotkania towarzyskie - Poznawanie nowych ludzi w czasie rzeczywistym.<\/li>\n<\/ul>\n<p>Kr\u00f3tko m\u00f3wi\u0105c, jest to najbardziej zbli\u017cone do osobistej rozmowy, jak\u0105 mo\u017cna przeprowadzi\u0107 online.<\/p>\n<h2>Dlaczego rozmowy wideo na \u017cywo s\u0105 tak popularne<\/h2>\n<p>Rozw\u00f3j smartfon\u00f3w, szybkiego Internetu i darmowych aplikacji sprawi\u0142, \u017ce czat wideo na \u017cywo sta\u0142 si\u0119 cz\u0119\u015bci\u0105 codziennego \u017cycia. Oto dlaczego ludzie to uwielbiaj\u0105:<\/p>\n<ul>\n<li>Relacje mi\u0119dzyludzkie - zobaczenie czyjej\u015b twarzy sprawia, \u017ce rozmowy maj\u0105 wi\u0119ksze znaczenie.<\/li>\n<li>Globalny zasi\u0119g - Rozmawiaj z ka\u017cdym na \u015bwiecie w ci\u0105gu kilku sekund.<\/li>\n<li>Wygoda - nie wymaga podr\u00f3\u017cy - wystarczy otworzy\u0107 telefon lub laptop.<\/li>\n<li>Wszechstronno\u015b\u0107 - od profesjonalnych po zabawne, rozmowy wideo sprawdzaj\u0105 si\u0119 w ka\u017cdym kontek\u015bcie.<\/li>\n<li>Bezp\u0142atny dost\u0119p - wiele platform oferuje bezp\u0142atne po\u0142\u0105czenia wideo na \u017cywo.<\/li>\n<\/ul>\n<h2>Jak nawi\u0105za\u0107 po\u0142\u0105czenie wideo na \u017cywo<\/h2>\n<p>Nawi\u0105zywanie po\u0142\u0105cze\u0144 wideo na \u017cywo jest proste i dost\u0119pne dla niemal ka\u017cdego:<\/p>\n<ol>\n<li>Wybierz platform\u0119 - opcje obejmuj\u0105 zar\u00f3wno profesjonalne aplikacje, takie jak Zoom i Microsoft Teams, jak i aplikacje spo\u0142eczno\u015bciowe, takie jak WhatsApp, Messenger lub FaceTime.<\/li>\n<li>Sprawd\u017a kamer\u0119 i mikrofon - upewnij si\u0119, \u017ce uprawnienia urz\u0105dzenia s\u0105 w\u0142\u0105czone.<\/li>\n<li>Kliknij, aby zadzwoni\u0107 - natychmiast rozpocznij po\u0142\u0105czenie indywidualne lub grupowe.<\/li>\n<li>Anga\u017cuj si\u0119 w czasie rzeczywistym - rozmawiaj, \u015bmiej si\u0119, wsp\u00f3\u0142pracuj lub po prostu nadrabiaj zaleg\u0142o\u015bci.<\/li>\n<\/ol>\n<p>Do bardziej swobodnego u\u017cytku, platformy takie jak TinyChat, Omegle lub Chatspin umo\u017cliwiaj\u0105 prowadzenie rozm\u00f3w wideo na \u017cywo z losowo wybranymi nieznajomymi.<\/p>\n<h2>R\u00f3\u017cne rodzaje po\u0142\u0105cze\u0144 wideo na \u017cywo<\/h2>\n<p>Nie wszystkie po\u0142\u0105czenia wideo na \u017cywo s\u0142u\u017c\u0105 temu samemu celowi. Oto kilka popularnych typ\u00f3w:<\/p>\n<h3>1. Osobiste po\u0142\u0105czenia wideo na \u017cywo<\/h3>\n<p>Rozmawianie z rodzin\u0105 lub przyjaci\u00f3\u0142mi po drugiej stronie miasta - lub po drugiej stronie globu - jest \u0142atwiejsze ni\u017c kiedykolwiek.<\/p>\n<h3>2. Profesjonalne spotkania wideo na \u017cywo<\/h3>\n<p>Kultura pracy z domu sprawi\u0142a, \u017ce po\u0142\u0105czenia Zoom i spotkania Teams sta\u0142y si\u0119 codziennym nawykiem.<\/p>\n<h3>3. Losowe rozmowy wideo na \u017cywo z nieznajomymi<\/h3>\n<p>Platformy takie jak Omegle, Chatrandom i TinyChat pozwalaj\u0105 \u0142\u0105czy\u0107 si\u0119 z nieznajomymi w celu prowadzenia spontanicznych rozm\u00f3w.<\/p>\n<h3>4. Grupowe pokoje rozm\u00f3w wideo<\/h3>\n<p>Do\u0142\u0105cz do szerszej rozmowy na okre\u015blony temat, na temat hobby lub spo\u0142eczno\u015bci.<\/p>\n<h3>5. Transmisja na \u017cywo<\/h3>\n<p>Aplikacje takie jak Twitch, YouTube Live lub funkcje transmisji TinyChat umo\u017cliwiaj\u0105 streamowanie i interakcj\u0119 z widzami w czasie rzeczywistym.<\/p>\n<h2>Najlepsze platformy do rozm\u00f3w wideo na \u017cywo<\/h2>\n<p>Oto kilka najlepszych opcji, w zale\u017cno\u015bci od tego, czego szukasz:<\/p>\n<ul>\n<li>Zoom - \u015bwietny do profesjonalnych spotka\u0144 i grupowych rozm\u00f3w wideo.<\/li>\n<li>Google Meet - darmowy i \u0142atwy w u\u017cyciu, idealny zar\u00f3wno do u\u017cytku osobistego, jak i profesjonalnego.<\/li>\n<li>FaceTime - popularny w\u015br\u00f3d u\u017cytkownik\u00f3w Apple.<\/li>\n<li>WhatsApp \/ Messenger - idealny do codziennych rozm\u00f3w osobistych.<\/li>\n<li>Skype - wieloletni klasyk zar\u00f3wno do rozm\u00f3w osobistych, jak i biznesowych.<\/li>\n<li>Omegle \/ Chatroulette - Losowe rozmowy wideo na \u017cywo z nieznajomymi.<\/li>\n<li>TinyChat - \u0142\u0105czy rozmowy wideo na \u017cywo z publicznymi i prywatnymi pokojami grupowymi.<\/li>\n<\/ul>\n<h2>Darmowe rozmowy wideo na \u017cywo a p\u0142atne us\u0142ugi<\/h2>\n<p>Wi\u0119kszo\u015b\u0107 os\u00f3b korzysta z darmowych aplikacji do po\u0142\u0105cze\u0144 wideo, ale niekt\u00f3re platformy oferuj\u0105 aktualizacje premium.<\/p>\n<table>\n<thead>\n<tr>\n<th>Cecha<\/th>\n<th>Bezp\u0142atne po\u0142\u0105czenie wideo na \u017cywo<\/th>\n<th>Us\u0142ugi p\u0142atne<\/th>\n<\/tr>\n<\/thead>\n<tbody>\n<tr>\n<td>Po\u0142\u0105czenia wideo jeden na jednego<\/td>\n<td>Tak<\/td>\n<td>Tak<\/td>\n<\/tr>\n<tr>\n<td>Grupowe po\u0142\u0105czenia wideo<\/td>\n<td>Tak (w ograniczonym zakresie)<\/td>\n<td>Wi\u0119ksza pojemno\u015b\u0107<\/td>\n<\/tr>\n<tr>\n<td>Losowe dopasowywanie nieznajomych<\/td>\n<td>Tak<\/td>\n<td>Tak<\/td>\n<\/tr>\n<tr>\n<td>Reklamy usuni\u0119te<\/td>\n<td>\u274c<\/td>\n<td>Tak<\/td>\n<\/tr>\n<tr>\n<td>Filtry zaawansowane<\/td>\n<td>\u26a0\ufe0f Basic<\/td>\n<td>Wi\u0119ksza kontrola<\/td>\n<\/tr>\n<\/tbody>\n<\/table>\n<p>Do codziennego u\u017cytku darmowe aplikacje s\u0105 zazwyczaj wystarczaj\u0105ce. Firmy cz\u0119sto p\u0142ac\u0105 za niezawodno\u015b\u0107 i dodatkowe funkcje.<\/p>\n<h2>Dlaczego TinyChat to \u015bwietna opcja do po\u0142\u0105cze\u0144 wideo na \u017cywo?<\/h2>\n<p>Je\u015bli szukasz po\u0142\u0105czenia wideo na \u017cywo w stylu Chatroulette, ale z wi\u0119ksz\u0105 struktur\u0105, warto zapozna\u0107 si\u0119 z TinyChat. W przeciwie\u0144stwie do aplikacji skupiaj\u0105cych si\u0119 wy\u0142\u0105cznie na dopasowywaniu jeden na jednego, TinyChat oferuje:<\/p>\n<ul>\n<li>Publiczne czaty - do\u0142\u0105cz do grup zajmuj\u0105cych si\u0119 takimi tematami jak muzyka, randki czy gry.<\/li>\n<li>Prywatne pokoje - Stw\u00f3rz w\u0142asn\u0105 przestrze\u0144 do rozm\u00f3w na \u017cywo ze znajomymi lub nieznajomymi.<\/li>\n<li>Tryb transmisji - Streamuj do publiczno\u015bci lub ogl\u0105daj innych gospodarzy.<\/li>\n<li>Dost\u0119p mi\u0119dzyplatformowy - Dzia\u0142a na przegl\u0105darkach stacjonarnych, iOS i Android.<\/li>\n<li>Rejestracja nie jest wymagana - zacznij czatowa\u0107 natychmiast.<\/li>\n<\/ul>\n<p>\u0141\u0105czy w sobie spontaniczno\u015b\u0107 losowych czat\u00f3w ze stabilno\u015bci\u0105 pokoj\u00f3w spo\u0142eczno\u015bciowych.<\/p>\n<h2>Bezpiecze\u0144stwo podczas rozm\u00f3w wideo na \u017cywo<\/h2>\n<p>Wi\u0119kszo\u015b\u0107 platform do rozm\u00f3w wideo jest bezpieczna, ale ostro\u017cno\u015b\u0107 jest kluczowa podczas rozm\u00f3w z nieznajomymi:<\/p>\n<ul>\n<li>Nie dziel si\u0119 nadmiernie - zachowaj prywatne dane osobowe.<\/li>\n<li>U\u017cywaj pseudonimu - zw\u0142aszcza na losowych platformach czatowych.<\/li>\n<li>Sprawd\u017a swoj\u0105 przesz\u0142o\u015b\u0107 - unikaj pokazywania wra\u017cliwych szczeg\u00f3\u0142\u00f3w.<\/li>\n<li>Pomi\u0144\/zg\u0142o\u015b w razie potrzeby - Roz\u0142\u0105cz si\u0119 z niewygodnymi po\u0142\u0105czeniami.<\/li>\n<li>Trzymaj si\u0119 renomowanych platform - wybieraj serwisy z narz\u0119dziami do moderacji.<\/li>\n<\/ul>\n<h2>Kto korzysta z po\u0142\u0105cze\u0144 wideo na \u017cywo?<\/h2>\n<p>Kr\u00f3tka odpowied\u017a: ka\u017cdy. Ale motywacje s\u0105 r\u00f3\u017cne:<\/p>\n<ul>\n<li>Rodziny - Pozostawanie w kontakcie na odleg\u0142o\u015b\u0107.<\/li>\n<li>Profesjonali\u015bci - spotkania i rozmowy kwalifikacyjne w pracy zdalnej.<\/li>\n<li>Studenci - Wirtualna nauka i projekty grupowe.<\/li>\n<li>Single - Flirtowanie, randkowanie lub odkrywanie przypadkowych czat\u00f3w.<\/li>\n<li>Podr\u00f3\u017cni - wirtualne spotkania z mieszka\u0144cami przed lub w trakcie podr\u00f3\u017cy.<\/li>\n<li>Tw\u00f3rcy - Strumieniowanie na \u017cywo do odbiorc\u00f3w w celach rozrywkowych.<\/li>\n<\/ul>\n<h2>Wskaz\u00f3wki dotycz\u0105ce prowadzenia rozm\u00f3w wideo na \u017cywo<\/h2>\n<ul>\n<li>Dobre o\u015bwietlenie ma znaczenie - sprawia, \u017ce wygl\u0105dasz bardziej przyst\u0119pnie.<\/li>\n<li>U\u015bmiech na pocz\u0105tku - liczy si\u0119 pierwsze wra\u017cenie, nawet online.<\/li>\n<li>Zadawaj anga\u017cuj\u0105ce pytania - Rozmowy powinny by\u0107 p\u0142ynne.<\/li>\n<li>Zachowaj szacunek - zw\u0142aszcza podczas rozm\u00f3w z nieznajomymi.<\/li>\n<li>Eksperymentuj z czasem - r\u00f3\u017cne czasy = r\u00f3\u017cni ludzie online.<\/li>\n<\/ul>\n<h2>Rado\u015b\u0107 z rozm\u00f3w na \u017cywo<\/h2>\n<p>To, co sprawia, \u017ce rozmowy wideo na \u017cywo s\u0105 tak atrakcyjne, to ich natychmiastowo\u015b\u0107. W ci\u0105gu jednego wieczoru mo\u017cesz:<\/p>\n<ul>\n<li>\u015amiej si\u0119 z kim\u015b na ca\u0142ym \u015bwiecie.<\/li>\n<li>Udost\u0119pniaj muzyk\u0119 lub poka\u017c swoje ulubione zwierz\u0119.<\/li>\n<li>\u0106wicz j\u0119zyk obcy.<\/li>\n<li>Porozmawiaj szczerze z zupe\u0142nie obc\u0105 osob\u0105.<\/li>\n<li>Odkryj nowego przyjaciela - a nawet iskr\u0119 romansu.<\/li>\n<\/ul>\n<p>Ka\u017cda rozmowa jest inna, co sprawia, \u017ce do\u015bwiadczenie jest \u015bwie\u017ce i zabawne.<\/p>\n<p>Platformy do po\u0142\u0105cze\u0144 wideo na \u017cywo zmieni\u0142y spos\u00f3b, w jaki si\u0119 komunikujemy. Od profesjonalnych spotka\u0144 po spontaniczne czaty z nieznajomymi, pozwalaj\u0105 nam rozmawia\u0107 twarz\u0105 w twarz natychmiast, zawsze i wsz\u0119dzie.<\/p>\n<p>Je\u015bli chcesz prostych, bezp\u0142atnych rozm\u00f3w z przyjaci\u00f3\u0142mi i rodzin\u0105, aplikacje takie jak Zoom, Meet lub FaceTime spe\u0142ni\u0105 swoje zadanie. Ale je\u015bli pragniesz nieprzewidywalno\u015bci poznawania nowych ludzi, platformy takie jak TinyChat, Omegle i Chatspin zapewni\u0105 ci to losowe, ekscytuj\u0105ce do\u015bwiadczenie.<\/p>\n<p>Pi\u0119kno rozm\u00f3w wideo na \u017cywo polega na ich elastyczno\u015bci - mo\u017cna ich u\u017cywa\u0107 do pracy, zabawy, randek, nauki lub po prostu do sp\u0119dzania czasu. Wszystko czego potrzebujesz to kamera internetowa, po\u0142\u0105czenie z Internetem i odrobina ciekawo\u015bci.<\/p>\n<p>Po co wi\u0119c czeka\u0107? Rozpocznij rozmow\u0119 wideo na \u017cywo ju\u017c dzi\u015b i zobacz, kto jest po drugiej stronie - mo\u017cesz by\u0107 zaskoczony, jak zabawne mo\u017ce to by\u0107.<\/p>","protected":false},"excerpt":{"rendered":"<p>The internet has given us countless ways to communicate\u2014emails, texts, voice messages\u2014but nothing feels as personal and immediate as a live video call. Whether it\u2019s catching up with friends, collaborating with coworkers, or meeting strangers online, video calls bring conversations to life by letting you see, hear, and interact in real time. Unlike old-school messaging [&hellip;]<\/p>\n","protected":false},"author":8,"featured_media":0,"parent":0,"menu_order":0,"comment_status":"closed","ping_status":"closed","template":"","meta":{"footnotes":""},"class_list":["post-13519","page","type-page","status-publish","hentry"],"yoast_head":"<!-- This site is optimized with the Yoast SEO plugin v27.4 - https:\/\/yoast.com\/product\/yoast-seo-wordpress\/ -->\n<title>Live Video Call with Video Chat on TinyChat.com<\/title>\n<meta name=\"description\" content=\"Enjoying Live Video Call? Join over 50,000,000 strangers on TinyChat! Turn on your cam and start meeting new people, or find a match.\" \/>\n<meta name=\"robots\" content=\"index, follow, max-snippet:-1, max-image-preview:large, max-video-preview:-1\" \/>\n<link rel=\"canonical\" href=\"https:\/\/tinychat.com\/pl\/live-video-call\/\" \/>\n<meta property=\"og:locale\" content=\"pl_PL\" \/>\n<meta property=\"og:type\" content=\"article\" \/>\n<meta property=\"og:title\" content=\"Live Video Call with Video Chat on TinyChat.com\" \/>\n<meta property=\"og:description\" content=\"Enjoying Live Video Call? Join over 50,000,000 strangers on TinyChat! Turn on your cam and start meeting new people, or find a match.\" \/>\n<meta property=\"og:url\" content=\"https:\/\/tinychat.com\/pl\/live-video-call\/\" \/>\n<meta property=\"og:site_name\" content=\"TinyChat\" \/>\n<meta property=\"article:publisher\" content=\"https:\/\/www.facebook.com\/tinychat\" \/>\n<meta property=\"og:image\" content=\"https:\/\/tinychat.com\/wp-content\/uploads\/2020\/04\/Tinychat-logo-1280x284-new-black.png\" \/>\n\t<meta property=\"og:image:width\" content=\"1280\" \/>\n\t<meta property=\"og:image:height\" content=\"284\" \/>\n\t<meta property=\"og:image:type\" content=\"image\/png\" \/>\n<meta name=\"twitter:card\" content=\"summary_large_image\" \/>\n<meta name=\"twitter:site\" content=\"@tinychat\" \/>\n<meta name=\"twitter:label1\" content=\"Szacowany czas czytania\" \/>\n\t<meta name=\"twitter:data1\" content=\"5 minut\" \/>\n<script type=\"application\/ld+json\" class=\"yoast-schema-graph\">{\"@context\":\"https:\\\/\\\/schema.org\",\"@graph\":[{\"@type\":\"WebPage\",\"@id\":\"https:\\\/\\\/tinychat.com\\\/live-video-call\\\/\",\"url\":\"https:\\\/\\\/tinychat.com\\\/live-video-call\\\/\",\"name\":\"Live Video Call with Video Chat on TinyChat.com\",\"isPartOf\":{\"@id\":\"https:\\\/\\\/tinychat.com\\\/#website\"},\"datePublished\":\"2025-09-10T09:15:35+00:00\",\"description\":\"Enjoying Live Video Call? Join over 50,000,000 strangers on TinyChat! Turn on your cam and start meeting new people, or find a match.\",\"breadcrumb\":{\"@id\":\"https:\\\/\\\/tinychat.com\\\/live-video-call\\\/#breadcrumb\"},\"inLanguage\":\"pl-PL\",\"potentialAction\":[{\"@type\":\"ReadAction\",\"target\":[\"https:\\\/\\\/tinychat.com\\\/live-video-call\\\/\"]}]},{\"@type\":\"BreadcrumbList\",\"@id\":\"https:\\\/\\\/tinychat.com\\\/live-video-call\\\/#breadcrumb\",\"itemListElement\":[{\"@type\":\"ListItem\",\"position\":1,\"name\":\"Home\",\"item\":\"https:\\\/\\\/tinychat.com\\\/\"},{\"@type\":\"ListItem\",\"position\":2,\"name\":\"Live Video Call\"}]},{\"@type\":\"WebSite\",\"@id\":\"https:\\\/\\\/tinychat.com\\\/#website\",\"url\":\"https:\\\/\\\/tinychat.com\\\/\",\"name\":\"TinyChat\",\"description\":\"Random Video Chat with Strangers\",\"publisher\":{\"@id\":\"https:\\\/\\\/tinychat.com\\\/#organization\"},\"alternateName\":\"TinyChat.com\",\"potentialAction\":[{\"@type\":\"SearchAction\",\"target\":{\"@type\":\"EntryPoint\",\"urlTemplate\":\"https:\\\/\\\/tinychat.com\\\/?s={search_term_string}\"},\"query-input\":{\"@type\":\"PropertyValueSpecification\",\"valueRequired\":true,\"valueName\":\"search_term_string\"}}],\"inLanguage\":\"pl-PL\"},{\"@type\":\"Organization\",\"@id\":\"https:\\\/\\\/tinychat.com\\\/#organization\",\"name\":\"TinyChat\",\"alternateName\":\"TinyChat.com\",\"url\":\"https:\\\/\\\/tinychat.com\\\/\",\"logo\":{\"@type\":\"ImageObject\",\"inLanguage\":\"pl-PL\",\"@id\":\"https:\\\/\\\/tinychat.com\\\/#\\\/schema\\\/logo\\\/image\\\/\",\"url\":\"https:\\\/\\\/tinychat.com\\\/wp-content\\\/uploads\\\/2023\\\/11\\\/Tinychat-icon-square.png\",\"contentUrl\":\"https:\\\/\\\/tinychat.com\\\/wp-content\\\/uploads\\\/2023\\\/11\\\/Tinychat-icon-square.png\",\"width\":284,\"height\":284,\"caption\":\"TinyChat\"},\"image\":{\"@id\":\"https:\\\/\\\/tinychat.com\\\/#\\\/schema\\\/logo\\\/image\\\/\"},\"sameAs\":[\"https:\\\/\\\/www.facebook.com\\\/tinychat\",\"https:\\\/\\\/x.com\\\/tinychat\"]}]}<\/script>\n<!-- \/ Yoast SEO plugin. -->","yoast_head_json":{"title":"Po\u0142\u0105czenie wideo na \u017cywo z czatem wideo na TinyChat.com","description":"Korzystasz z po\u0142\u0105cze\u0144 wideo na \u017cywo? Do\u0142\u0105cz do ponad 50 000 000 nieznajomych na TinyChat! W\u0142\u0105cz kamer\u0119 i zacznij poznawa\u0107 nowych ludzi lub znajd\u017a partnera.","robots":{"index":"index","follow":"follow","max-snippet":"max-snippet:-1","max-image-preview":"max-image-preview:large","max-video-preview":"max-video-preview:-1"},"canonical":"https:\/\/tinychat.com\/pl\/live-video-call\/","og_locale":"pl_PL","og_type":"article","og_title":"Live Video Call with Video Chat on TinyChat.com","og_description":"Enjoying Live Video Call? Join over 50,000,000 strangers on TinyChat! Turn on your cam and start meeting new people, or find a match.","og_url":"https:\/\/tinychat.com\/pl\/live-video-call\/","og_site_name":"TinyChat","article_publisher":"https:\/\/www.facebook.com\/tinychat","og_image":[{"width":1280,"height":284,"url":"https:\/\/tinychat.com\/wp-content\/uploads\/2020\/04\/Tinychat-logo-1280x284-new-black.png","type":"image\/png"}],"twitter_card":"summary_large_image","twitter_site":"@tinychat","twitter_misc":{"Szacowany czas czytania":"5 minut"},"schema":{"@context":"https:\/\/schema.org","@graph":[{"@type":"WebPage","@id":"https:\/\/tinychat.com\/live-video-call\/","url":"https:\/\/tinychat.com\/live-video-call\/","name":"Po\u0142\u0105czenie wideo na \u017cywo z czatem wideo na TinyChat.com","isPartOf":{"@id":"https:\/\/tinychat.com\/#website"},"datePublished":"2025-09-10T09:15:35+00:00","description":"Korzystasz z po\u0142\u0105cze\u0144 wideo na \u017cywo? Do\u0142\u0105cz do ponad 50 000 000 nieznajomych na TinyChat! W\u0142\u0105cz kamer\u0119 i zacznij poznawa\u0107 nowych ludzi lub znajd\u017a partnera.","breadcrumb":{"@id":"https:\/\/tinychat.com\/live-video-call\/#breadcrumb"},"inLanguage":"pl-PL","potentialAction":[{"@type":"ReadAction","target":["https:\/\/tinychat.com\/live-video-call\/"]}]},{"@type":"BreadcrumbList","@id":"https:\/\/tinychat.com\/live-video-call\/#breadcrumb","itemListElement":[{"@type":"ListItem","position":1,"name":"Home","item":"https:\/\/tinychat.com\/"},{"@type":"ListItem","position":2,"name":"Live Video Call"}]},{"@type":"WebSite","@id":"https:\/\/tinychat.com\/#website","url":"https:\/\/tinychat.com\/","name":"TinyChat","description":"Losowy czat wideo z nieznajomymi","publisher":{"@id":"https:\/\/tinychat.com\/#organization"},"alternateName":"TinyChat.com","potentialAction":[{"@type":"SearchAction","target":{"@type":"EntryPoint","urlTemplate":"https:\/\/tinychat.com\/?s={search_term_string}"},"query-input":{"@type":"PropertyValueSpecification","valueRequired":true,"valueName":"search_term_string"}}],"inLanguage":"pl-PL"},{"@type":"Organization","@id":"https:\/\/tinychat.com\/#organization","name":"TinyChat","alternateName":"TinyChat.com","url":"https:\/\/tinychat.com\/","logo":{"@type":"ImageObject","inLanguage":"pl-PL","@id":"https:\/\/tinychat.com\/#\/schema\/logo\/image\/","url":"https:\/\/tinychat.com\/wp-content\/uploads\/2023\/11\/Tinychat-icon-square.png","contentUrl":"https:\/\/tinychat.com\/wp-content\/uploads\/2023\/11\/Tinychat-icon-square.png","width":284,"height":284,"caption":"TinyChat"},"image":{"@id":"https:\/\/tinychat.com\/#\/schema\/logo\/image\/"},"sameAs":["https:\/\/www.facebook.com\/tinychat","https:\/\/x.com\/tinychat"]}]}},"_links":{"self":[{"href":"https:\/\/tinychat.com\/pl\/wp-json\/wp\/v2\/pages\/13519","targetHints":{"allow":["GET"]}}],"collection":[{"href":"https:\/\/tinychat.com\/pl\/wp-json\/wp\/v2\/pages"}],"about":[{"href":"https:\/\/tinychat.com\/pl\/wp-json\/wp\/v2\/types\/page"}],"author":[{"embeddable":true,"href":"https:\/\/tinychat.com\/pl\/wp-json\/wp\/v2\/users\/8"}],"replies":[{"embeddable":true,"href":"https:\/\/tinychat.com\/pl\/wp-json\/wp\/v2\/comments?post=13519"}],"version-history":[{"count":1,"href":"https:\/\/tinychat.com\/pl\/wp-json\/wp\/v2\/pages\/13519\/revisions"}],"predecessor-version":[{"id":13520,"href":"https:\/\/tinychat.com\/pl\/wp-json\/wp\/v2\/pages\/13519\/revisions\/13520"}],"wp:attachment":[{"href":"https:\/\/tinychat.com\/pl\/wp-json\/wp\/v2\/media?parent=13519"}],"curies":[{"name":"wp","href":"https:\/\/api.w.org\/{rel}","templated":true}]}}