{"id":13525,"date":"2025-09-18T09:57:22","date_gmt":"2025-09-18T07:57:22","guid":{"rendered":"https:\/\/tinychat.com\/?page_id=13525"},"modified":"2025-09-18T09:57:22","modified_gmt":"2025-09-18T07:57:22","slug":"american-random-video-call","status":"publish","type":"page","link":"https:\/\/tinychat.com\/pl\/american-random-video-call\/","title":{"rendered":"Ameryka\u0144skie losowe po\u0142\u0105czenie wideo"},"content":{"rendered":"<p>Internet umo\u017cliwi\u0142 \u0142\u0105czenie si\u0119 z lud\u017ami na ca\u0142ym \u015bwiecie, ale czasami chcesz czego\u015b bli\u017cej domu. W tym miejscu z pomoc\u0105 przychodz\u0105 ameryka\u0144skie platformy do losowych po\u0142\u0105cze\u0144 wideo. Us\u0142ugi te umo\u017cliwiaj\u0105 natychmiastowe \u0142\u0105czenie si\u0119 z osobami w Stanach Zjednoczonych - niezale\u017cnie od tego, czy chcesz nawi\u0105za\u0107 nowe znajomo\u015bci, troch\u0119 poflirtowa\u0107, czy po prostu sp\u0119dzi\u0107 czas na swobodnej rozmowie.<\/p>\n<p>Od student\u00f3w w Nowym Jorku po profesjonalist\u00f3w w Los Angeles - nigdy nie wiadomo, kto pojawi si\u0119 na ekranie. To spontaniczne, ekscytuj\u0105ce i 100% na \u017cywo.<\/p>\n<h2>Czym jest ameryka\u0144skie losowe po\u0142\u0105czenie wideo?<\/h2>\n<p>Ameryka\u0144ska losowa rozmowa wideo to czat w czasie rzeczywistym z kim\u015b w Stanach Zjednoczonych, kt\u00f3ry odbywa si\u0119 natychmiast za po\u015brednictwem systemu losowego dopasowywania. Nie wybierasz, z kim rozmawiasz - platforma robi to za Ciebie.<\/p>\n<p>Funkcje, kt\u00f3re zwykle mo\u017cna znale\u017a\u0107 obejmuj\u0105:<\/p>\n<ul>\n<li>Natychmiastowe dopasowanie - Po\u0142\u0105cz si\u0119 z przypadkowym nieznajomym Amerykaninem w kilka sekund.<\/li>\n<li>Darmowy dost\u0119p - wiele witryn umo\u017cliwia do\u0142\u0105czenie bez p\u0142acenia.<\/li>\n<li>Czat wideo - zobacz i us\u0142ysz siebie nawzajem na \u017cywo.<\/li>\n<li>Przycisk pomijania - Nie podoba Ci si\u0119? Naci\u015bnij \"nast\u0119pny\", aby pozna\u0107 kogo\u015b nowego.<\/li>\n<li>Opcjonalne filtry - zaw\u0119\u017caj dopasowania wed\u0142ug p\u0142ci, lokalizacji lub zainteresowa\u0144.<\/li>\n<\/ul>\n<p>To jak szybkie randki online, ale bez presji - tylko kamera, mikrofon i dreszczyk nieznanego.<\/p>\n<h2>Dlaczego ludzie korzystaj\u0105 z ameryka\u0144skiego losowego czatu wideo<\/h2>\n<p>Istnieje wiele powod\u00f3w, dla kt\u00f3rych ludzie wybieraj\u0105 platformy skoncentrowane na USA, a nie globalne:<\/p>\n<ul>\n<li>Znajomo\u015b\u0107 kultury - \u0141atwiejsze rozmowy z lud\u017ami, kt\u00f3rzy maj\u0105 podobny slang, humor lub odniesienia.<\/li>\n<li>Mo\u017cliwo\u015bci randkowe - wiele os\u00f3b korzysta z losowych po\u0142\u0105cze\u0144 wideo, aby flirtowa\u0107 lub poznawa\u0107 potencjalnych partner\u00f3w.<\/li>\n<li>Przyja\u017a\u0144 - spos\u00f3b na poznanie nowych ludzi w tym samym kraju.<\/li>\n<li>Komfort j\u0119zykowy - Nie musisz zmaga\u0107 si\u0119 z t\u0142umaczeniem podczas rozmowy w j\u0119zyku angielskim.<\/li>\n<li>Wygoda - strefy czasowe pokrywaj\u0105 si\u0119, wi\u0119c \u0142atwiej jest prowadzi\u0107 d\u0142ugie rozmowy.<\/li>\n<\/ul>\n<p>Niezale\u017cnie od tego, czy szukasz zabawy, czy czego\u015b g\u0142\u0119bszego, losowy czat wideo z Amerykanami sprawia, \u017ce czujesz si\u0119 bardziej zwi\u0105zany.<\/p>\n<h2>Jak dzia\u0142a ameryka\u0144skie losowe po\u0142\u0105czenie wideo<\/h2>\n<p>Korzystanie z jednej z tych platform jest proste - nawet je\u015bli nigdy wcze\u015bniej nie pr\u00f3bowa\u0142e\u015b losowego czatu wideo:<\/p>\n<ol>\n<li>Wybierz platform\u0119 - opcje obejmuj\u0105 Omegle, Chatspin, Chatrandom i TinyChat.<\/li>\n<li>Zezw\u00f3l na dost\u0119p do kamery i mikrofonu - te platformy wymagaj\u0105 kamery internetowej i d\u017awi\u0119ku.<\/li>\n<li>Kliknij \"Rozpocznij\" - natychmiast po\u0142\u0105cz si\u0119 z kim\u015b w USA.<\/li>\n<li>Zosta\u0144 lub opu\u015b\u0107 - je\u015bli rozmowa przynosi efekty, kontynuuj j\u0105; je\u015bli nie, id\u017a dalej.<\/li>\n<li>Powtarzanie - ka\u017cde po\u0142\u0105czenie jest inne, a zabawa polega na r\u00f3\u017cnorodno\u015bci.<\/li>\n<\/ol>\n<p>To wszystko - bez skomplikowanej rejestracji, bez d\u0142ugich formularzy, bez czekania.<\/p>\n<h2>Rodzaje ameryka\u0144skich losowych po\u0142\u0105cze\u0144 wideo<\/h2>\n<p>Nie ma tylko jednego sposobu na \u0142\u0105czenie si\u0119. R\u00f3\u017cne platformy obs\u0142uguj\u0105 r\u00f3\u017cne style:<\/p>\n<h3>1. Rozmowy wideo jeden na jeden<\/h3>\n<p>Klasyczny czat w stylu Omegle: tylko ty i jeden nieznajomy Amerykanin.<\/p>\n<h3>2. Grupowe pokoje rozm\u00f3w wideo<\/h3>\n<p>Do\u0142\u0105cz do wi\u0119kszego pokoju, w kt\u00f3rym czatuje wielu Amerykan\u00f3w - \u015bwietne rozwi\u0105zanie, by pozna\u0107 kilka os\u00f3b jednocze\u015bnie.<\/p>\n<h3>3. Pokoje tematyczne<\/h3>\n<p>Rozmawiaj na czacie o sporcie, randkach, grach, polityce lub po prostu spotykaj si\u0119 z Amerykanami, kt\u00f3rzy podzielaj\u0105 Twoje zainteresowania.<\/p>\n<h3>4. Transmisje na \u017cywo<\/h3>\n<p>Niekt\u00f3re platformy, takie jak TinyChat, umo\u017cliwiaj\u0105 u\u017cytkownikom przesy\u0142anie strumieniowe do pokoju i interakcj\u0119 z widzami w czasie rzeczywistym.<\/p>\n<h3>5. Losowe po\u0142\u0105czenia tylko dla doros\u0142ych<\/h3>\n<p>Dla os\u00f3b powy\u017cej 18 roku \u017cycia niekt\u00f3re platformy koncentruj\u0105 si\u0119 na zalotnych lub bardziej wyra\u017anych rozmowach.<\/p>\n<h2>Najlepsze platformy dla ameryka\u0144skich losowych po\u0142\u0105cze\u0144 wideo<\/h2>\n<p>Oto niekt\u00f3re z najlepszych opcji, je\u015bli chcesz po\u0142\u0105czy\u0107 si\u0119 z lud\u017ami w USA:<\/p>\n<ul>\n<li>Omegle - Klasyczny czat losowy, cho\u0107 moderacja mo\u017ce by\u0107 s\u0142aba.<\/li>\n<li>Chatspin - Popularny w Stanach Zjednoczonych z filtrami p\u0142ci i lokalizacji.<\/li>\n<li>Chatrandom - Zawiera tryb \"tylko dla dziewczyn\" i czaty skoncentrowane na USA.<\/li>\n<li>Camsurf - Bezpieczniejsza alternatywa z lepsz\u0105 moderacj\u0105.<\/li>\n<li>TinyChat - \u0141\u0105czy losowe rozmowy wideo z tematycznymi czatami grupowymi.<\/li>\n<li>Bazoocam - z siedzib\u0105 w Europie, ale wci\u0105\u017c ma aktywnych u\u017cytkownik\u00f3w w USA.<\/li>\n<\/ul>\n<h2>Dlaczego TinyChat si\u0119 wyr\u00f3\u017cnia<\/h2>\n<p>Je\u015bli szukasz ameryka\u0144skiego losowego czatu wideo, ale nie chcesz chaosu Omegle, TinyChat jest jedn\u0105 z najlepszych opcji.<\/p>\n<ul>\n<li>Pokoje publiczne - do\u0142\u0105cz do czat\u00f3w skoncentrowanych na USA lub przestrzeni tematycznych.<\/li>\n<li>Prywatne pokoje - Stw\u00f3rz w\u0142asny czat z mniejsz\u0105 grup\u0105.<\/li>\n<li>Wideo, audio i tekst - wybierz preferowany spos\u00f3b po\u0142\u0105czenia.<\/li>\n<li>Wieloplatformowo\u015b\u0107 - dzia\u0142a na przegl\u0105darkach, iOS i Androidzie.<\/li>\n<li>Spo\u0142eczno\u015b\u0107 - bardziej zorganizowana ni\u017c nieko\u0144cz\u0105ce si\u0119 skakanie jeden na jednego.<\/li>\n<\/ul>\n<p>Jest to idealne rozwi\u0105zanie, je\u015bli chcesz zar\u00f3wno spontaniczno\u015bci, jak i mo\u017cliwo\u015bci pozostania w jednym miejscu i poznania wielu os\u00f3b.<\/p>\n<h2>Ameryka\u0144skie losowe po\u0142\u0105czenie wideo vs. globalny czat<\/h2>\n<p>Dlaczego wi\u0119c wybra\u0107 ameryka\u0144sk\u0105 platform\u0119 zamiast globalnej?<\/p>\n<table>\n<thead>\n<tr>\n<th>Cecha<\/th>\n<th>Ameryka\u0144skie losowe po\u0142\u0105czenie wideo<\/th>\n<th>Globalne losowe po\u0142\u0105czenie wideo<\/th>\n<\/tr>\n<\/thead>\n<tbody>\n<tr>\n<td>Znajomo\u015b\u0107 kultury<\/td>\n<td>Wysoki<\/td>\n<td>\u26a0\ufe0f Mieszane<\/td>\n<\/tr>\n<tr>\n<td>Bariera j\u0119zykowa<\/td>\n<td>Minimalny<\/td>\n<td>\u26a0\ufe0f Mo\u017cliwe<\/td>\n<\/tr>\n<tr>\n<td>Wyr\u00f3wnanie strefy czasowej<\/td>\n<td>Tak<\/td>\n<td>Nie zawsze<\/td>\n<\/tr>\n<tr>\n<td>Potencja\u0142 randkowy<\/td>\n<td>\u0141atwiej lokalnie<\/td>\n<td>Wi\u0119kszy zasi\u0119g<\/td>\n<\/tr>\n<tr>\n<td>R\u00f3\u017cnorodno\u015b\u0107 do\u015bwiadcze\u0144<\/td>\n<td>\u26a0\ufe0f Limited<\/td>\n<td>Bardzo wysoki<\/td>\n<\/tr>\n<\/tbody>\n<\/table>\n<p>Oba rozwi\u0105zania maj\u0105 swoje zalety, ale je\u015bli zale\u017cy nam na relacjach i \u0142atwiejszej komunikacji, czaty skoncentrowane na Ameryce maj\u0105 sens.<\/p>\n<h2>Bezpiecze\u0144stwo podczas rozm\u00f3w wideo z nieznajomymi<\/h2>\n<p>Podobnie jak w przypadku ka\u017cdej innej platformy czatu, bezpiecze\u0144stwo ma znaczenie:<\/p>\n<ul>\n<li>Nie udost\u0119pniaj swoich danych - zachowaj swoje imi\u0119 i nazwisko, numer telefonu i adres w tajemnicy.<\/li>\n<li>U\u017cywaj pseudonimu - anonimowo\u015b\u0107 zapewnia bezpiecze\u0144stwo.<\/li>\n<li>Pomi\u0144\/zg\u0142o\u015b - je\u015bli czat wydaje si\u0119 niekomfortowy, natychmiast przejd\u017a dalej.<\/li>\n<li>Pami\u0119taj o swoim pochodzeniu - unikaj pokazywania osobistych szczeg\u00f3\u0142\u00f3w w kamerze.<\/li>\n<li>Trzymaj si\u0119 moderowanych platform - TinyChat i Chatspin s\u0105 bezpieczniejsze ni\u017c niemonitorowane strony.<\/li>\n<\/ul>\n<h2>Kto korzysta z ameryka\u0144skich losowych po\u0142\u0105cze\u0144 wideo?<\/h2>\n<p>R\u00f3\u017cnorodno\u015b\u0107 os\u00f3b, kt\u00f3re mo\u017cna spotka\u0107, jest ogromna. Popularni u\u017cytkownicy to mi\u0119dzy innymi:<\/p>\n<ul>\n<li>Studenci - z uczelni w ca\u0142ych Stanach Zjednoczonych, szukaj\u0105cy ciekawych rozm\u00f3w.<\/li>\n<li>Single - maj\u0105 nadziej\u0119 na flirt lub niezobowi\u0105zuj\u0105c\u0105 randk\u0119.<\/li>\n<li>Ekspaci za granic\u0105 - Amerykanie za granic\u0105, kt\u00f3rzy chc\u0105 nawi\u0105za\u0107 kontakt z lud\u017ami w kraju.<\/li>\n<li>Podr\u00f3\u017cni - Rozmowa z mieszka\u0144cami przed wizyt\u0105 w nowym mie\u015bcie.<\/li>\n<li>Ciekawi u\u017cytkownicy - po prostu chc\u0105 pozna\u0107 nowych ludzi online.<\/li>\n<\/ul>\n<p>Ka\u017cda rozmowa jest inna - na tym polega jej urok.<\/p>\n<h2>Wskaz\u00f3wki dotycz\u0105ce wspania\u0142ej ameryka\u0144skiej losowej rozmowy wideo<\/h2>\n<p>Chcesz prowadzi\u0107 lepsze rozmowy? Pami\u0119taj o tym:<\/p>\n<ul>\n<li>U\u015bmiech w kontakcie - Pierwsze wra\u017cenie ma znaczenie.<\/li>\n<li>Zadawaj pytania otwarte - \"Jakie jest Twoje ulubione miasto w USA?\" to wi\u0119cej ni\u017c \"cze\u015b\u0107\".<\/li>\n<li>B\u0105d\u017a pe\u0142en szacunku - dobre maniery = lepsze rozmowy.<\/li>\n<li>Zachowaj cierpliwo\u015b\u0107 - niekt\u00f3re rozmowy b\u0119d\u0105 kr\u00f3tkie; inne mog\u0105 ci\u0119 zaskoczy\u0107.<\/li>\n<li>Eksperymentuj z czasem - popo\u0142udnia i wieczory w USA s\u0105 najbardziej ruchliwe.<\/li>\n<\/ul>\n<h2>Darmowy vs. p\u0142atny ameryka\u0144ski czat wideo<\/h2>\n<p>Wi\u0119kszo\u015b\u0107 platform jest darmowa, ale p\u0142atne aktualizacje mog\u0105 poprawi\u0107 komfort u\u017cytkowania.<\/p>\n<table>\n<thead>\n<tr>\n<th>Cecha<\/th>\n<th>Darmowa wersja<\/th>\n<th>Wersja p\u0142atna<\/th>\n<\/tr>\n<\/thead>\n<tbody>\n<tr>\n<td>Losowe dopasowanie<\/td>\n<td>Tak<\/td>\n<td>Tak<\/td>\n<\/tr>\n<tr>\n<td>Nieograniczone pomijanie<\/td>\n<td>\u26a0\ufe0f Czasami ograniczone<\/td>\n<td>Nieograniczony<\/td>\n<\/tr>\n<tr>\n<td>Filtry p\u0142ci\/lokalizacji<\/td>\n<td>\u26a0\ufe0f Basic<\/td>\n<td>Zaawansowane<\/td>\n<\/tr>\n<tr>\n<td>Reklamy usuni\u0119te<\/td>\n<td>\u274c<\/td>\n<td>Tak<\/td>\n<\/tr>\n<tr>\n<td>Pokoje VIP\/prywatne<\/td>\n<td>\u274c<\/td>\n<td>Tak<\/td>\n<\/tr>\n<\/tbody>\n<\/table>\n<p>Do zwyk\u0142ego u\u017cytku darmowe wersje s\u0105 zazwyczaj wystarczaj\u0105ce.<\/p>\n<h2>Ekscytuj\u0105ce przypadkowe spotkania<\/h2>\n<p>Najlepsz\u0105 cz\u0119\u015bci\u0105 ameryka\u0144skich losowych po\u0142\u0105cze\u0144 wideo jest ich nieprzewidywalno\u015b\u0107. W ci\u0105gu jednego wieczoru mo\u017cesz:<\/p>\n<ul>\n<li>\u017bartuj sobie z kim\u015b w Teksasie.<\/li>\n<li>Porozmawiaj o sporcie z fanem z Chicago.<\/li>\n<li>Pos\u0142uchaj o codziennym \u017cyciu w Nowym Jorku.<\/li>\n<li>Niezobowi\u0105zuj\u0105cy flirt z dziewczyn\u0105 w Kalifornii.<\/li>\n<li>Zdob\u0105d\u017a przyjaciela na Florydzie, kt\u00f3ry stanie si\u0119 sta\u0142ym kumplem na czacie.<\/li>\n<\/ul>\n<p>To prawdziwi ludzie, prawdziwe g\u0142osy i prawdziwe chwile - wszystko dzieje si\u0119 na \u017cywo.<\/p>\n<p>Ameryka\u0144skie platformy do losowych rozm\u00f3w wideo to jeden z najbardziej ekscytuj\u0105cych sposob\u00f3w na poznawanie ludzi online. \u0141\u0105cz\u0105 one spontaniczno\u015b\u0107 z kulturow\u0105 znajomo\u015bci\u0105, u\u0142atwiaj\u0105c czatowanie, \u015bmianie si\u0119, flirtowanie lub nawi\u0105zywanie przyja\u017ani w ca\u0142ych Stanach Zjednoczonych.<\/p>\n<p>Podczas gdy Omegle i Chatroulette rozs\u0142awi\u0142y ten pomys\u0142, platformy takie jak TinyChat, Chatspin i Chatrandom oferuj\u0105 obecnie bezpieczniejsze, bardziej anga\u017cuj\u0105ce i bardziej oparte na spo\u0142eczno\u015bci opcje.<\/p>\n<p>Wi\u0119c je\u015bli jeste\u015b gotowy, aby po\u0142\u0105czy\u0107 si\u0119 z Amerykanami online, uruchom kamer\u0119 internetow\u0105, naci\u015bnij \"Start\" i zobacz, kto si\u0119 pojawi. Nast\u0119pna rozmowa mo\u017ce odby\u0107 si\u0119 za jednym klikni\u0119ciem.<\/p>","protected":false},"excerpt":{"rendered":"<p>The internet has made it possible to connect with people all over the world, but sometimes, you want something closer to home. That\u2019s where American random video call platforms come in. These services let you connect instantly with people in the United States\u2014whether you\u2019re hoping to make new friends, flirt a little, or just pass [&hellip;]<\/p>\n","protected":false},"author":8,"featured_media":0,"parent":0,"menu_order":0,"comment_status":"closed","ping_status":"closed","template":"","meta":{"footnotes":""},"class_list":["post-13525","page","type-page","status-publish","hentry"],"yoast_head":"<!-- This site is optimized with the Yoast SEO plugin v27.5 - https:\/\/yoast.com\/product\/yoast-seo-wordpress\/ -->\n<title>American Random Video Call with Video Chat on TinyChat.com<\/title>\n<meta name=\"description\" content=\"Enjoying American Random Video Call? Join over 50,000,000 strangers on TinyChat! Turn on your cam and start meeting new people, or find a match.\" \/>\n<meta name=\"robots\" content=\"index, follow, max-snippet:-1, max-image-preview:large, max-video-preview:-1\" \/>\n<link rel=\"canonical\" href=\"https:\/\/tinychat.com\/pl\/american-random-video-call\/\" \/>\n<meta property=\"og:locale\" content=\"pl_PL\" \/>\n<meta property=\"og:type\" content=\"article\" \/>\n<meta property=\"og:title\" content=\"American Random Video Call with Video Chat on TinyChat.com\" \/>\n<meta property=\"og:description\" content=\"Enjoying American Random Video Call? Join over 50,000,000 strangers on TinyChat! Turn on your cam and start meeting new people, or find a match.\" \/>\n<meta property=\"og:url\" content=\"https:\/\/tinychat.com\/pl\/american-random-video-call\/\" \/>\n<meta property=\"og:site_name\" content=\"TinyChat\" \/>\n<meta property=\"article:publisher\" content=\"https:\/\/www.facebook.com\/tinychat\" \/>\n<meta property=\"og:image\" content=\"https:\/\/tinychat.com\/wp-content\/uploads\/2020\/04\/Tinychat-logo-1280x284-new-black.png\" \/>\n\t<meta property=\"og:image:width\" content=\"1280\" \/>\n\t<meta property=\"og:image:height\" content=\"284\" \/>\n\t<meta property=\"og:image:type\" content=\"image\/png\" \/>\n<meta name=\"twitter:card\" content=\"summary_large_image\" \/>\n<meta name=\"twitter:site\" content=\"@tinychat\" \/>\n<meta name=\"twitter:label1\" content=\"Szacowany czas czytania\" \/>\n\t<meta name=\"twitter:data1\" content=\"6 minut\" \/>\n<script type=\"application\/ld+json\" class=\"yoast-schema-graph\">{\"@context\":\"https:\\\/\\\/schema.org\",\"@graph\":[{\"@type\":\"WebPage\",\"@id\":\"https:\\\/\\\/tinychat.com\\\/american-random-video-call\\\/\",\"url\":\"https:\\\/\\\/tinychat.com\\\/american-random-video-call\\\/\",\"name\":\"American Random Video Call with Video Chat on TinyChat.com\",\"isPartOf\":{\"@id\":\"https:\\\/\\\/tinychat.com\\\/#website\"},\"datePublished\":\"2025-09-18T07:57:22+00:00\",\"description\":\"Enjoying American Random Video Call? Join over 50,000,000 strangers on TinyChat! Turn on your cam and start meeting new people, or find a match.\",\"breadcrumb\":{\"@id\":\"https:\\\/\\\/tinychat.com\\\/american-random-video-call\\\/#breadcrumb\"},\"inLanguage\":\"pl-PL\",\"potentialAction\":[{\"@type\":\"ReadAction\",\"target\":[\"https:\\\/\\\/tinychat.com\\\/american-random-video-call\\\/\"]}]},{\"@type\":\"BreadcrumbList\",\"@id\":\"https:\\\/\\\/tinychat.com\\\/american-random-video-call\\\/#breadcrumb\",\"itemListElement\":[{\"@type\":\"ListItem\",\"position\":1,\"name\":\"Home\",\"item\":\"https:\\\/\\\/tinychat.com\\\/\"},{\"@type\":\"ListItem\",\"position\":2,\"name\":\"American Random Video Call\"}]},{\"@type\":\"WebSite\",\"@id\":\"https:\\\/\\\/tinychat.com\\\/#website\",\"url\":\"https:\\\/\\\/tinychat.com\\\/\",\"name\":\"TinyChat\",\"description\":\"Random Video Chat with Strangers\",\"publisher\":{\"@id\":\"https:\\\/\\\/tinychat.com\\\/#organization\"},\"alternateName\":\"TinyChat.com\",\"potentialAction\":[{\"@type\":\"SearchAction\",\"target\":{\"@type\":\"EntryPoint\",\"urlTemplate\":\"https:\\\/\\\/tinychat.com\\\/?s={search_term_string}\"},\"query-input\":{\"@type\":\"PropertyValueSpecification\",\"valueRequired\":true,\"valueName\":\"search_term_string\"}}],\"inLanguage\":\"pl-PL\"},{\"@type\":\"Organization\",\"@id\":\"https:\\\/\\\/tinychat.com\\\/#organization\",\"name\":\"TinyChat\",\"alternateName\":\"TinyChat.com\",\"url\":\"https:\\\/\\\/tinychat.com\\\/\",\"logo\":{\"@type\":\"ImageObject\",\"inLanguage\":\"pl-PL\",\"@id\":\"https:\\\/\\\/tinychat.com\\\/#\\\/schema\\\/logo\\\/image\\\/\",\"url\":\"https:\\\/\\\/tinychat.com\\\/wp-content\\\/uploads\\\/2023\\\/11\\\/Tinychat-icon-square.png\",\"contentUrl\":\"https:\\\/\\\/tinychat.com\\\/wp-content\\\/uploads\\\/2023\\\/11\\\/Tinychat-icon-square.png\",\"width\":284,\"height\":284,\"caption\":\"TinyChat\"},\"image\":{\"@id\":\"https:\\\/\\\/tinychat.com\\\/#\\\/schema\\\/logo\\\/image\\\/\"},\"sameAs\":[\"https:\\\/\\\/www.facebook.com\\\/tinychat\",\"https:\\\/\\\/x.com\\\/tinychat\"]}]}<\/script>\n<!-- \/ Yoast SEO plugin. -->","yoast_head_json":{"title":"Ameryka\u0144ska losowa rozmowa wideo z czatem wideo na TinyChat.com","description":"Korzystasz z American Random Video Call? Do\u0142\u0105cz do ponad 50 000 000 nieznajomych na TinyChat! W\u0142\u0105cz kamer\u0119 i zacznij poznawa\u0107 nowych ludzi lub znajd\u017a partnera.","robots":{"index":"index","follow":"follow","max-snippet":"max-snippet:-1","max-image-preview":"max-image-preview:large","max-video-preview":"max-video-preview:-1"},"canonical":"https:\/\/tinychat.com\/pl\/american-random-video-call\/","og_locale":"pl_PL","og_type":"article","og_title":"American Random Video Call with Video Chat on TinyChat.com","og_description":"Enjoying American Random Video Call? Join over 50,000,000 strangers on TinyChat! Turn on your cam and start meeting new people, or find a match.","og_url":"https:\/\/tinychat.com\/pl\/american-random-video-call\/","og_site_name":"TinyChat","article_publisher":"https:\/\/www.facebook.com\/tinychat","og_image":[{"width":1280,"height":284,"url":"https:\/\/tinychat.com\/wp-content\/uploads\/2020\/04\/Tinychat-logo-1280x284-new-black.png","type":"image\/png"}],"twitter_card":"summary_large_image","twitter_site":"@tinychat","twitter_misc":{"Szacowany czas czytania":"6 minut"},"schema":{"@context":"https:\/\/schema.org","@graph":[{"@type":"WebPage","@id":"https:\/\/tinychat.com\/american-random-video-call\/","url":"https:\/\/tinychat.com\/american-random-video-call\/","name":"Ameryka\u0144ska losowa rozmowa wideo z czatem wideo na TinyChat.com","isPartOf":{"@id":"https:\/\/tinychat.com\/#website"},"datePublished":"2025-09-18T07:57:22+00:00","description":"Korzystasz z American Random Video Call? Do\u0142\u0105cz do ponad 50 000 000 nieznajomych na TinyChat! W\u0142\u0105cz kamer\u0119 i zacznij poznawa\u0107 nowych ludzi lub znajd\u017a partnera.","breadcrumb":{"@id":"https:\/\/tinychat.com\/american-random-video-call\/#breadcrumb"},"inLanguage":"pl-PL","potentialAction":[{"@type":"ReadAction","target":["https:\/\/tinychat.com\/american-random-video-call\/"]}]},{"@type":"BreadcrumbList","@id":"https:\/\/tinychat.com\/american-random-video-call\/#breadcrumb","itemListElement":[{"@type":"ListItem","position":1,"name":"Home","item":"https:\/\/tinychat.com\/"},{"@type":"ListItem","position":2,"name":"American Random Video Call"}]},{"@type":"WebSite","@id":"https:\/\/tinychat.com\/#website","url":"https:\/\/tinychat.com\/","name":"TinyChat","description":"Losowy czat wideo z nieznajomymi","publisher":{"@id":"https:\/\/tinychat.com\/#organization"},"alternateName":"TinyChat.com","potentialAction":[{"@type":"SearchAction","target":{"@type":"EntryPoint","urlTemplate":"https:\/\/tinychat.com\/?s={search_term_string}"},"query-input":{"@type":"PropertyValueSpecification","valueRequired":true,"valueName":"search_term_string"}}],"inLanguage":"pl-PL"},{"@type":"Organization","@id":"https:\/\/tinychat.com\/#organization","name":"TinyChat","alternateName":"TinyChat.com","url":"https:\/\/tinychat.com\/","logo":{"@type":"ImageObject","inLanguage":"pl-PL","@id":"https:\/\/tinychat.com\/#\/schema\/logo\/image\/","url":"https:\/\/tinychat.com\/wp-content\/uploads\/2023\/11\/Tinychat-icon-square.png","contentUrl":"https:\/\/tinychat.com\/wp-content\/uploads\/2023\/11\/Tinychat-icon-square.png","width":284,"height":284,"caption":"TinyChat"},"image":{"@id":"https:\/\/tinychat.com\/#\/schema\/logo\/image\/"},"sameAs":["https:\/\/www.facebook.com\/tinychat","https:\/\/x.com\/tinychat"]}]}},"_links":{"self":[{"href":"https:\/\/tinychat.com\/pl\/wp-json\/wp\/v2\/pages\/13525","targetHints":{"allow":["GET"]}}],"collection":[{"href":"https:\/\/tinychat.com\/pl\/wp-json\/wp\/v2\/pages"}],"about":[{"href":"https:\/\/tinychat.com\/pl\/wp-json\/wp\/v2\/types\/page"}],"author":[{"embeddable":true,"href":"https:\/\/tinychat.com\/pl\/wp-json\/wp\/v2\/users\/8"}],"replies":[{"embeddable":true,"href":"https:\/\/tinychat.com\/pl\/wp-json\/wp\/v2\/comments?post=13525"}],"version-history":[{"count":2,"href":"https:\/\/tinychat.com\/pl\/wp-json\/wp\/v2\/pages\/13525\/revisions"}],"predecessor-version":[{"id":13527,"href":"https:\/\/tinychat.com\/pl\/wp-json\/wp\/v2\/pages\/13525\/revisions\/13527"}],"wp:attachment":[{"href":"https:\/\/tinychat.com\/pl\/wp-json\/wp\/v2\/media?parent=13525"}],"curies":[{"name":"wp","href":"https:\/\/api.w.org\/{rel}","templated":true}]}}