{"id":13528,"date":"2025-09-18T10:00:10","date_gmt":"2025-09-18T08:00:10","guid":{"rendered":"https:\/\/tinychat.com\/?page_id=13528"},"modified":"2025-09-18T10:00:10","modified_gmt":"2025-09-18T08:00:10","slug":"free-chat-now","status":"publish","type":"page","link":"https:\/\/tinychat.com\/pl\/free-chat-now\/","title":{"rendered":"Darmowy czat teraz"},"content":{"rendered":"<p>Czasami nie chcesz czeka\u0107. Nie chcesz zak\u0142ada\u0107 konta, przesy\u0142a\u0107 zdj\u0119cia profilowego ani sp\u0119dza\u0107 godzin na przegl\u0105daniu nazwisk. Chcesz po prostu przeskoczy\u0107 do trybu online i zacz\u0105\u0107 z kim\u015b rozmawia\u0107. W\u0142a\u015bnie do tego stworzone s\u0105 darmowe platformy do czatowania.<\/p>\n<p>Wystarczy jedno klikni\u0119cie, aby natychmiast wej\u015b\u0107 do pokoju czatu lub rozmowy jeden na jednego. Bez p\u0142atno\u015bci, bez czekania, bez zobowi\u0105za\u0144 - po prostu na \u017cywo, w czasie rzeczywistym, z nieznajomymi (lub ca\u0142ymi grupami) z ca\u0142ego \u015bwiata.<\/p>\n<h2>Co oznacza darmowy czat teraz?<\/h2>\n<p>Wyra\u017cenie darmowy czat odnosi si\u0119 zazwyczaj do platform, kt\u00f3re umo\u017cliwiaj\u0105 natychmiastowe rozmowy online bez konieczno\u015bci rejestracji lub p\u0142atno\u015bci. Zosta\u0142y one zaprojektowane z my\u015bl\u0105 o szybko\u015bci i prostocie: zaloguj si\u0119, do\u0142\u0105cz do pokoju lub po\u0142\u0105cz si\u0119 losowo z nieznajomym.<\/p>\n<p>Platformy te zazwyczaj oferuj\u0105:<\/p>\n<ul>\n<li>Natychmiastowy dost\u0119p - do\u0142\u0105cz do konwersacji w ci\u0105gu kilku sekund.<\/li>\n<li>Rejestracja nie jest wymagana - wi\u0119kszo\u015b\u0107 z nich nie wymaga zak\u0142adania konta.<\/li>\n<li>Darmowe u\u017cytkowanie - czat bez p\u0142acenia abonamentu.<\/li>\n<li>Wiele format\u00f3w - opcje tekstowe, g\u0142osowe i wideo.<\/li>\n<li>Globalna spo\u0142eczno\u015b\u0107 - Rozmawiaj z lud\u017ami z ca\u0142ego \u015bwiata.<\/li>\n<\/ul>\n<p>Jest to jeden z naj\u0142atwiejszych sposob\u00f3w na nawi\u0105zanie kontakt\u00f3w towarzyskich online, zw\u0142aszcza je\u015bli jeste\u015b znudzony, samotny lub po prostu ciekawy.<\/p>\n<h2>Dlaczego ludzie szukaj\u0105 teraz darmowego czatu?<\/h2>\n<p>Atrakcyjno\u015b\u0107 jest prosta: szybko\u015b\u0107 i dost\u0119pno\u015b\u0107. Ludzie chc\u0105 czatowa\u0107 bez k\u0142opot\u00f3w.<\/p>\n<p>Oto najcz\u0119stsze powody:<\/p>\n<ul>\n<li>Pokonaj nud\u0119 - Idealny do rozm\u00f3w p\u00f3\u017anym wieczorem lub w czasie przestoju.<\/li>\n<li>Kontakty spo\u0142eczne - Spotykaj si\u0119 z nieznajomymi, gdy czujesz si\u0119 odizolowany.<\/li>\n<li>Globalne przyja\u017anie - Rozmawiaj z lud\u017ami z r\u00f3\u017cnych kraj\u00f3w i kultur.<\/li>\n<li>Flirtowanie i randki - Wiele os\u00f3b do\u0142\u0105cza, aby pozna\u0107 singli od niechcenia.<\/li>\n<li>Interakcja ze spo\u0142eczno\u015bci\u0105 - Do\u0142\u0105cz do dyskusji grupowych na ulubione tematy.<\/li>\n<\/ul>\n<p>W przeciwie\u0144stwie do sieci spo\u0142eczno\u015bciowych, kt\u00f3re wymagaj\u0105 wysi\u0142ku, aby budowa\u0107 relacje, darmowe platformy czatowe umo\u017cliwiaj\u0105 natychmiastowe nawi\u0105zywanie kontakt\u00f3w.<\/p>\n<h2>Rodzaje darmowych platform czatu dost\u0119pnych ju\u017c teraz<\/h2>\n<p>Nie ka\u017cdy darmowy czat dzia\u0142a w ten sam spos\u00f3b. Oto g\u0142\u00f3wne kategorie:<\/p>\n<h3>1. Losowy czat jeden na jednego<\/h3>\n<p>Witryny takie jak Omegle, Chatroulette i Chatrandom umo\u017cliwiaj\u0105 natychmiastowe nawi\u0105zanie kontaktu z nieznajomym w celu prowadzenia rozm\u00f3w tekstowych lub wideo.<\/p>\n<h3>2. Darmowe czaty online<\/h3>\n<p>Klasyczne czaty, w kt\u00f3rych wiele os\u00f3b pisze lub rozmawia jednocze\u015bnie, cz\u0119sto koncentruj\u0105c si\u0119 na tematach takich jak muzyka, randki lub gry.<\/p>\n<h3>3. Pokoje rozm\u00f3w wideo<\/h3>\n<p>Us\u0142ugi takie jak TinyChat umo\u017cliwiaj\u0105 do\u0142\u0105czanie do grupowych po\u0142\u0105cze\u0144 wideo lub transmitowanie siebie przed publiczno\u015bci\u0105.<\/p>\n<h3>4. Aplikacje do czatu mobilnego<\/h3>\n<p>Aplikacje takie jak Chatspin lub LivU oferuj\u0105 natychmiastowe losowe po\u0142\u0105czenia wideo bezpo\u015brednio z telefonu.<\/p>\n<h3>5. Darmowy czat dla doros\u0142ych<\/h3>\n<p>Platformy 18+ koncentruj\u0105 si\u0119 na flirtowaniu lub bardziej bezpo\u015brednich rozmowach.<\/p>\n<h2>Najlepsze platformy do wypr\u00f3bowania, je\u015bli chcesz darmowego czatu teraz<\/h2>\n<p>Je\u015bli jeste\u015b gotowy, aby zanurzy\u0107 si\u0119 w grze, oto kilka najlepszych opcji:<\/p>\n<ul>\n<li>Omegle - Pionier losowego czatu, zar\u00f3wno tekstowego, jak i wideo.<\/li>\n<li>Chatroulette - Szybkie losowe rozmowy wideo z nieznajomymi z ca\u0142ego \u015bwiata.<\/li>\n<li>Chatrandom - Zawiera czaty tematyczne i opcje \"tylko dla dziewczyn\".<\/li>\n<li>Chatspin - Oferuje filtry p\u0142ci i lokalizacji oraz efekty wideo.<\/li>\n<li>TinyChat - \u0141\u0105czy losowe rozmowy z publicznymi i prywatnymi pokojami rozm\u00f3w.<\/li>\n<li>Camsurf - Koncentruje si\u0119 na moderacji i bezpiecze\u0144stwie u\u017cytkownik\u00f3w.<\/li>\n<li>Bazoocam - Dodaje gry prze\u0142amuj\u0105ce lody, aby rozmowy by\u0142y zabawne.<\/li>\n<\/ul>\n<h2>Dlaczego TinyChat jest dobrym wyborem do darmowego czatu?<\/h2>\n<p>Je\u015bli lubisz losowo\u015b\u0107, ale chcesz te\u017c opcji, TinyChat jest jedn\u0105 z najlepszych darmowych platform czatowych dost\u0119pnych obecnie na rynku.<\/p>\n<ul>\n<li>Czaty tematyczne - randki, gry, muzyka, polityka i inne.<\/li>\n<li>Czat jeden na jednego lub grupowy - elastyczno\u015b\u0107 w zale\u017cno\u015bci od nastroju.<\/li>\n<li>Wideo, g\u0142os lub tekst - wybierz sw\u00f3j poziom interakcji.<\/li>\n<li>Rejestracja nie jest wymagana - natychmiast do\u0142\u0105cz do pokoju.<\/li>\n<li>Dost\u0119p wieloplatformowy - mo\u017cliwo\u015b\u0107 korzystania z przegl\u0105darki na komputerze lub aplikacji mobilnej.<\/li>\n<\/ul>\n<p>Jest to \u015bwietna r\u00f3wnowaga mi\u0119dzy chaosem losowego czatu jeden na jednego a struktur\u0105 platformy spo\u0142eczno\u015bciowej.<\/p>\n<h2>Darmowy czat a media spo\u0142eczno\u015bciowe<\/h2>\n<p>Chocia\u017c obie \u0142\u0105cz\u0105 ludzi, s\u0142u\u017c\u0105 bardzo r\u00f3\u017cnym celom.<\/p>\n<table>\n<thead>\n<tr>\n<th>Cecha<\/th>\n<th>Darmowy czat teraz<\/th>\n<th>Media spo\u0142eczno\u015bciowe<\/th>\n<\/tr>\n<\/thead>\n<tbody>\n<tr>\n<td>Natychmiastowe po\u0142\u0105czenia losowe<\/td>\n<td>Tak<\/td>\n<td>Nie<\/td>\n<\/tr>\n<tr>\n<td>Profil nie jest wymagany<\/td>\n<td>Tak<\/td>\n<td>Musi go utworzy\u0107<\/td>\n<\/tr>\n<tr>\n<td>Anonimowo\u015b\u0107<\/td>\n<td>Mo\u017cliwe<\/td>\n<td>Ograniczony<\/td>\n<\/tr>\n<tr>\n<td>Interakcja w czasie rzeczywistym<\/td>\n<td>Zawsze<\/td>\n<td>\u26a0\ufe0f Tylko w DM\/video<\/td>\n<\/tr>\n<tr>\n<td>Poczucie przynale\u017cno\u015bci do grupy\/wsp\u00f3lnoty<\/td>\n<td>Tak<\/td>\n<td>Tak<\/td>\n<\/tr>\n<\/tbody>\n<\/table>\n<p>Je\u015bli szukasz natychmiastowych, niefiltrowanych rozm\u00f3w, darmowe platformy czatowe wygrywaj\u0105 za ka\u017cdym razem.<\/p>\n<h2>Bezpiecze\u0144stwo podczas korzystania z darmowego czatu<\/h2>\n<p>Poniewa\u017c platformy te \u0142\u0105cz\u0105 Ci\u0119 z nieznajomymi, bezpiecze\u0144stwo zawsze powinno by\u0107 priorytetem:<\/p>\n<ul>\n<li>Nie udost\u0119pniaj danych osobowych - zachowaj swoje imi\u0119 i nazwisko, numer telefonu i adres w tajemnicy.<\/li>\n<li>U\u017cywaj pseudonimu - pozosta\u0144 anonimowy, dop\u00f3ki nie poczujesz si\u0119 komfortowo.<\/li>\n<li>Uwa\u017caj na t\u0142o kamery - unikaj pokazywania danych osobowych.<\/li>\n<li>Pomijaj\/zg\u0142aszaj nieodpowiednich u\u017cytkownik\u00f3w - Nie uczestnicz w rozmowach, kt\u00f3re wydaj\u0105 si\u0119 niew\u0142a\u015bciwe.<\/li>\n<li>Wybieraj moderowane platformy - serwisy takie jak TinyChat czy Camsurf s\u0105 bezpieczniejsze.<\/li>\n<\/ul>\n<h2>Kto korzysta z platform darmowego czatu?<\/h2>\n<p>Spotkasz wielu r\u00f3\u017cnych ludzi. Niekt\u00f3re z najpopularniejszych grup obejmuj\u0105:<\/p>\n<ul>\n<li>Studenci - szukaj\u0105 ciekawych rozm\u00f3w lub przerw w nauce.<\/li>\n<li>Single - maj\u0105 nadziej\u0119 na flirt lub niezobowi\u0105zuj\u0105c\u0105 randk\u0119.<\/li>\n<li>Podr\u00f3\u017cni - wirtualne \u0142\u0105czenie si\u0119 z mieszka\u0144cami.<\/li>\n<li>Ekspaci - Rozmowa z osobami, kt\u00f3re wr\u00f3ci\u0142y do domu.<\/li>\n<li>Nocne sowy - szukanie towarzystwa w p\u00f3\u017anych godzinach.<\/li>\n<li>Ciekawi u\u017cytkownicy - po prostu sprawdzaj\u0105, kto jest online.<\/li>\n<\/ul>\n<p>To po\u0142\u0105czenie sprawia, \u017ce ka\u017cdy czat jest nieprzewidywalny i wci\u0105gaj\u0105cy.<\/p>\n<h2>Wskaz\u00f3wki dotycz\u0105ce lepszego korzystania z darmowego czatu<\/h2>\n<p>Chcesz jak najlepiej wykorzysta\u0107 sw\u00f3j czas online? Wypr\u00f3buj te rozwi\u0105zania:<\/p>\n<ul>\n<li>Zacznij od u\u015bmiechu - przyjazna twarz zach\u0119ca do rozmowy.<\/li>\n<li>Zadawaj interesuj\u0105ce pytania - Wyjd\u017a poza \"cze\u015b\u0107\", poruszaj\u0105c tematy takie jak podr\u00f3\u017ce, muzyka lub hobby.<\/li>\n<li>Zachowaj szacunek - dobre maniery zwi\u0119kszaj\u0105 szanse na nawi\u0105zanie sensownej rozmowy.<\/li>\n<li>Nie traktuj tego zbyt powa\u017cnie - niekt\u00f3re rozmowy b\u0119d\u0105 szybkie; inne mog\u0105 ci\u0119 zaskoczy\u0107.<\/li>\n<li>Eksperymentuj z czasem - r\u00f3\u017cne pory dnia przyci\u0105gaj\u0105 r\u00f3\u017cne t\u0142umy.<\/li>\n<\/ul>\n<h2>Darmowe i p\u0142atne funkcje czatu<\/h2>\n<p>Wi\u0119kszo\u015b\u0107 platform \"free chat now\" nie pobiera op\u0142at, ale niekt\u00f3re oferuj\u0105 opcje premium.<\/p>\n<table>\n<thead>\n<tr>\n<th>Cecha<\/th>\n<th>Bezp\u0142atny dost\u0119p<\/th>\n<th>P\u0142atny dost\u0119p<\/th>\n<\/tr>\n<\/thead>\n<tbody>\n<tr>\n<td>Losowe dopasowanie<\/td>\n<td>Tak<\/td>\n<td>Tak<\/td>\n<\/tr>\n<tr>\n<td>Nieograniczone pomijanie<\/td>\n<td>\u26a0\ufe0f Czasami ograniczone<\/td>\n<td>Zawsze<\/td>\n<\/tr>\n<tr>\n<td>Filtry p\u0142ci\/lokalizacji<\/td>\n<td>\u26a0\ufe0f Basic<\/td>\n<td>Zaawansowane<\/td>\n<\/tr>\n<tr>\n<td>Reklamy usuni\u0119te<\/td>\n<td>\u274c<\/td>\n<td>Tak<\/td>\n<\/tr>\n<tr>\n<td>Pokoje VIP\/prywatne<\/td>\n<td>\u274c<\/td>\n<td>Tak<\/td>\n<\/tr>\n<\/tbody>\n<\/table>\n<p>Do codziennego u\u017cytku darmowe opcje s\u0105 zazwyczaj wystarczaj\u0105ce.<\/p>\n<h2>Dreszczyk emocji zwi\u0105zany z natychmiastowym po\u0142\u0105czeniem<\/h2>\n<p>Magia darmowego czatu polega na jego nieprzewidywalno\u015bci. Mo\u017cesz:<\/p>\n<ul>\n<li>Poznaj nowego przyjaciela z innego kraju.<\/li>\n<li>Podziel si\u0119 rekomendacjami muzycznymi z kim\u015b w USA.<\/li>\n<li>Flirt z nieznajomym p\u00f3\u017ano w nocy.<\/li>\n<li>Poznaj kultur\u0119, kt\u00f3rej nigdy nie do\u015bwiadczy\u0142e\u015b.<\/li>\n<li>Znajd\u017a \u015bmiech w nieoczekiwanych rozmowach.<\/li>\n<\/ul>\n<p>Ka\u017cde klikni\u0119cie otwiera drzwi do czego\u015b nowego.<\/p>\n<p>Darmowe platformy czatowe to jeden z naj\u0142atwiejszych i najbardziej ekscytuj\u0105cych sposob\u00f3w nawi\u0105zywania kontakt\u00f3w online. Bez rejestracji, bez koszt\u00f3w i z natychmiastowym dost\u0119pem, przywracaj\u0105 czat do jego podstaw: spontanicznej interakcji mi\u0119dzyludzkiej.<\/p>\n<p>Niezale\u017cnie od tego, czy chcesz do\u0142\u0105czy\u0107 do dyskusji grupowej, odby\u0107 rozmow\u0119 wideo jeden na jeden z nieznajomym, czy po prostu sp\u0119dzi\u0107 czas w t\u0119tni\u0105cym \u017cyciem pokoju, istnieje opcja darmowego czatu dla Ciebie.<\/p>\n<p>Je\u015bli pragniesz szybkich i autentycznych rozm\u00f3w, sprawd\u017a platformy takie jak TinyChat, Chatspin lub Chatrandom ju\u017c dzi\u015b. Poniewa\u017c czasami najlepsze rozmowy zdarzaj\u0105 si\u0119 wtedy, gdy najmniej si\u0119 ich spodziewasz - w\u0142a\u015bnie teraz.<\/p>","protected":false},"excerpt":{"rendered":"<p>Sometimes you don\u2019t want to wait. You don\u2019t want to set up an account, upload a profile picture, or spend hours swiping through names. You just want to jump online and start talking to someone. That\u2019s exactly what free chat now platforms are built for. With just a click, you can enter a chat room [&hellip;]<\/p>\n","protected":false},"author":8,"featured_media":0,"parent":0,"menu_order":0,"comment_status":"closed","ping_status":"closed","template":"","meta":{"footnotes":""},"class_list":["post-13528","page","type-page","status-publish","hentry"],"yoast_head":"<!-- This site is optimized with the Yoast SEO plugin v27.5 - https:\/\/yoast.com\/product\/yoast-seo-wordpress\/ -->\n<title>Free Chat Now with Video Chat on TinyChat.com<\/title>\n<meta name=\"description\" content=\"Enjoying Free Chat Now? Join over 50,000,000 strangers on TinyChat! Turn on your cam and start meeting new people, or find a match.\" \/>\n<meta name=\"robots\" content=\"index, follow, max-snippet:-1, max-image-preview:large, max-video-preview:-1\" \/>\n<link rel=\"canonical\" href=\"https:\/\/tinychat.com\/pl\/free-chat-now\/\" \/>\n<meta property=\"og:locale\" content=\"pl_PL\" \/>\n<meta property=\"og:type\" content=\"article\" \/>\n<meta property=\"og:title\" content=\"Free Chat Now with Video Chat on TinyChat.com\" \/>\n<meta property=\"og:description\" content=\"Enjoying Free Chat Now? Join over 50,000,000 strangers on TinyChat! Turn on your cam and start meeting new people, or find a match.\" \/>\n<meta property=\"og:url\" content=\"https:\/\/tinychat.com\/pl\/free-chat-now\/\" \/>\n<meta property=\"og:site_name\" content=\"TinyChat\" \/>\n<meta property=\"article:publisher\" content=\"https:\/\/www.facebook.com\/tinychat\" \/>\n<meta property=\"og:image\" content=\"https:\/\/tinychat.com\/wp-content\/uploads\/2020\/04\/Tinychat-logo-1280x284-new-black.png\" \/>\n\t<meta property=\"og:image:width\" content=\"1280\" \/>\n\t<meta property=\"og:image:height\" content=\"284\" \/>\n\t<meta property=\"og:image:type\" content=\"image\/png\" \/>\n<meta name=\"twitter:card\" content=\"summary_large_image\" \/>\n<meta name=\"twitter:site\" content=\"@tinychat\" \/>\n<meta name=\"twitter:label1\" content=\"Szacowany czas czytania\" \/>\n\t<meta name=\"twitter:data1\" content=\"5 minut\" \/>\n<script type=\"application\/ld+json\" class=\"yoast-schema-graph\">{\"@context\":\"https:\\\/\\\/schema.org\",\"@graph\":[{\"@type\":\"WebPage\",\"@id\":\"https:\\\/\\\/tinychat.com\\\/free-chat-now\\\/\",\"url\":\"https:\\\/\\\/tinychat.com\\\/free-chat-now\\\/\",\"name\":\"Free Chat Now with Video Chat on TinyChat.com\",\"isPartOf\":{\"@id\":\"https:\\\/\\\/tinychat.com\\\/#website\"},\"datePublished\":\"2025-09-18T08:00:10+00:00\",\"description\":\"Enjoying Free Chat Now? Join over 50,000,000 strangers on TinyChat! Turn on your cam and start meeting new people, or find a match.\",\"breadcrumb\":{\"@id\":\"https:\\\/\\\/tinychat.com\\\/free-chat-now\\\/#breadcrumb\"},\"inLanguage\":\"pl-PL\",\"potentialAction\":[{\"@type\":\"ReadAction\",\"target\":[\"https:\\\/\\\/tinychat.com\\\/free-chat-now\\\/\"]}]},{\"@type\":\"BreadcrumbList\",\"@id\":\"https:\\\/\\\/tinychat.com\\\/free-chat-now\\\/#breadcrumb\",\"itemListElement\":[{\"@type\":\"ListItem\",\"position\":1,\"name\":\"Home\",\"item\":\"https:\\\/\\\/tinychat.com\\\/\"},{\"@type\":\"ListItem\",\"position\":2,\"name\":\"Free Chat Now\"}]},{\"@type\":\"WebSite\",\"@id\":\"https:\\\/\\\/tinychat.com\\\/#website\",\"url\":\"https:\\\/\\\/tinychat.com\\\/\",\"name\":\"TinyChat\",\"description\":\"Random Video Chat with Strangers\",\"publisher\":{\"@id\":\"https:\\\/\\\/tinychat.com\\\/#organization\"},\"alternateName\":\"TinyChat.com\",\"potentialAction\":[{\"@type\":\"SearchAction\",\"target\":{\"@type\":\"EntryPoint\",\"urlTemplate\":\"https:\\\/\\\/tinychat.com\\\/?s={search_term_string}\"},\"query-input\":{\"@type\":\"PropertyValueSpecification\",\"valueRequired\":true,\"valueName\":\"search_term_string\"}}],\"inLanguage\":\"pl-PL\"},{\"@type\":\"Organization\",\"@id\":\"https:\\\/\\\/tinychat.com\\\/#organization\",\"name\":\"TinyChat\",\"alternateName\":\"TinyChat.com\",\"url\":\"https:\\\/\\\/tinychat.com\\\/\",\"logo\":{\"@type\":\"ImageObject\",\"inLanguage\":\"pl-PL\",\"@id\":\"https:\\\/\\\/tinychat.com\\\/#\\\/schema\\\/logo\\\/image\\\/\",\"url\":\"https:\\\/\\\/tinychat.com\\\/wp-content\\\/uploads\\\/2023\\\/11\\\/Tinychat-icon-square.png\",\"contentUrl\":\"https:\\\/\\\/tinychat.com\\\/wp-content\\\/uploads\\\/2023\\\/11\\\/Tinychat-icon-square.png\",\"width\":284,\"height\":284,\"caption\":\"TinyChat\"},\"image\":{\"@id\":\"https:\\\/\\\/tinychat.com\\\/#\\\/schema\\\/logo\\\/image\\\/\"},\"sameAs\":[\"https:\\\/\\\/www.facebook.com\\\/tinychat\",\"https:\\\/\\\/x.com\\\/tinychat\"]}]}<\/script>\n<!-- \/ Yoast SEO plugin. -->","yoast_head_json":{"title":"Darmowy czat teraz z czatem wideo na TinyChat.com","description":"Korzystasz z darmowego czatu teraz? Do\u0142\u0105cz do ponad 50 000 000 nieznajomych na TinyChat! W\u0142\u0105cz kamer\u0119 i zacznij poznawa\u0107 nowych ludzi lub znajd\u017a partnera.","robots":{"index":"index","follow":"follow","max-snippet":"max-snippet:-1","max-image-preview":"max-image-preview:large","max-video-preview":"max-video-preview:-1"},"canonical":"https:\/\/tinychat.com\/pl\/free-chat-now\/","og_locale":"pl_PL","og_type":"article","og_title":"Free Chat Now with Video Chat on TinyChat.com","og_description":"Enjoying Free Chat Now? Join over 50,000,000 strangers on TinyChat! Turn on your cam and start meeting new people, or find a match.","og_url":"https:\/\/tinychat.com\/pl\/free-chat-now\/","og_site_name":"TinyChat","article_publisher":"https:\/\/www.facebook.com\/tinychat","og_image":[{"width":1280,"height":284,"url":"https:\/\/tinychat.com\/wp-content\/uploads\/2020\/04\/Tinychat-logo-1280x284-new-black.png","type":"image\/png"}],"twitter_card":"summary_large_image","twitter_site":"@tinychat","twitter_misc":{"Szacowany czas czytania":"5 minut"},"schema":{"@context":"https:\/\/schema.org","@graph":[{"@type":"WebPage","@id":"https:\/\/tinychat.com\/free-chat-now\/","url":"https:\/\/tinychat.com\/free-chat-now\/","name":"Darmowy czat teraz z czatem wideo na TinyChat.com","isPartOf":{"@id":"https:\/\/tinychat.com\/#website"},"datePublished":"2025-09-18T08:00:10+00:00","description":"Korzystasz z darmowego czatu teraz? Do\u0142\u0105cz do ponad 50 000 000 nieznajomych na TinyChat! W\u0142\u0105cz kamer\u0119 i zacznij poznawa\u0107 nowych ludzi lub znajd\u017a partnera.","breadcrumb":{"@id":"https:\/\/tinychat.com\/free-chat-now\/#breadcrumb"},"inLanguage":"pl-PL","potentialAction":[{"@type":"ReadAction","target":["https:\/\/tinychat.com\/free-chat-now\/"]}]},{"@type":"BreadcrumbList","@id":"https:\/\/tinychat.com\/free-chat-now\/#breadcrumb","itemListElement":[{"@type":"ListItem","position":1,"name":"Home","item":"https:\/\/tinychat.com\/"},{"@type":"ListItem","position":2,"name":"Free Chat Now"}]},{"@type":"WebSite","@id":"https:\/\/tinychat.com\/#website","url":"https:\/\/tinychat.com\/","name":"TinyChat","description":"Losowy czat wideo z nieznajomymi","publisher":{"@id":"https:\/\/tinychat.com\/#organization"},"alternateName":"TinyChat.com","potentialAction":[{"@type":"SearchAction","target":{"@type":"EntryPoint","urlTemplate":"https:\/\/tinychat.com\/?s={search_term_string}"},"query-input":{"@type":"PropertyValueSpecification","valueRequired":true,"valueName":"search_term_string"}}],"inLanguage":"pl-PL"},{"@type":"Organization","@id":"https:\/\/tinychat.com\/#organization","name":"TinyChat","alternateName":"TinyChat.com","url":"https:\/\/tinychat.com\/","logo":{"@type":"ImageObject","inLanguage":"pl-PL","@id":"https:\/\/tinychat.com\/#\/schema\/logo\/image\/","url":"https:\/\/tinychat.com\/wp-content\/uploads\/2023\/11\/Tinychat-icon-square.png","contentUrl":"https:\/\/tinychat.com\/wp-content\/uploads\/2023\/11\/Tinychat-icon-square.png","width":284,"height":284,"caption":"TinyChat"},"image":{"@id":"https:\/\/tinychat.com\/#\/schema\/logo\/image\/"},"sameAs":["https:\/\/www.facebook.com\/tinychat","https:\/\/x.com\/tinychat"]}]}},"_links":{"self":[{"href":"https:\/\/tinychat.com\/pl\/wp-json\/wp\/v2\/pages\/13528","targetHints":{"allow":["GET"]}}],"collection":[{"href":"https:\/\/tinychat.com\/pl\/wp-json\/wp\/v2\/pages"}],"about":[{"href":"https:\/\/tinychat.com\/pl\/wp-json\/wp\/v2\/types\/page"}],"author":[{"embeddable":true,"href":"https:\/\/tinychat.com\/pl\/wp-json\/wp\/v2\/users\/8"}],"replies":[{"embeddable":true,"href":"https:\/\/tinychat.com\/pl\/wp-json\/wp\/v2\/comments?post=13528"}],"version-history":[{"count":1,"href":"https:\/\/tinychat.com\/pl\/wp-json\/wp\/v2\/pages\/13528\/revisions"}],"predecessor-version":[{"id":13529,"href":"https:\/\/tinychat.com\/pl\/wp-json\/wp\/v2\/pages\/13528\/revisions\/13529"}],"wp:attachment":[{"href":"https:\/\/tinychat.com\/pl\/wp-json\/wp\/v2\/media?parent=13528"}],"curies":[{"name":"wp","href":"https:\/\/api.w.org\/{rel}","templated":true}]}}