{"id":13570,"date":"2025-10-24T10:24:47","date_gmt":"2025-10-24T08:24:47","guid":{"rendered":"https:\/\/tinychat.com\/?page_id=13570"},"modified":"2025-10-24T10:24:47","modified_gmt":"2025-10-24T08:24:47","slug":"umingle","status":"publish","type":"page","link":"https:\/\/tinychat.com\/pl\/umingle\/","title":{"rendered":"Umingle"},"content":{"rendered":"<p>\u015awiat czat\u00f3w online zmieni\u0142 si\u0119 diametralnie na przestrzeni lat, ale jedna rzecz pozostaje niezmienna - pragnienie poznania prawdziwych ludzi, natychmiast, z dowolnego miejsca na \u015bwiecie. Umingle doskonale oddaje to uczucie. Jest to elegancka, nowoczesna platforma do losowych czat\u00f3w wideo stworzona z my\u015bl\u0105 o spontaniczno\u015bci, prostocie i prawdziwych kontaktach mi\u0119dzyludzkich.<\/p>\n<p>W \u015bwiecie, w kt\u00f3rym wi\u0119kszo\u015b\u0107 aplikacji spo\u0142eczno\u015bciowych wydaje si\u0119 przefiltrowana i wyselekcjonowana, Umingle przywraca dreszczyk nieprzewidywalno\u015bci - gdzie ka\u017cdy nowy czat mo\u017ce prowadzi\u0107 do nieoczekiwanej przyja\u017ani, \u015bmiechu lub znacz\u0105cej rozmowy. Dzi\u0119ki braku konieczno\u015bci rejestracji, bezp\u0142atnemu dost\u0119powi i czystemu, przyjaznemu dla urz\u0105dze\u0144 mobilnych wygl\u0105dowi, szybko staje si\u0119 wyborem dla u\u017cytkownik\u00f3w szukaj\u0105cych prawdziwego sposobu na nawi\u0105zanie kontaktu z nieznajomymi online.<\/p>\n<p>Ta recenzja bada, czym jest Umingle, jak dzia\u0142a, jego podstawowe funkcje, wra\u017cenia u\u017cytkownika, narz\u0119dzia bezpiecze\u0144stwa, por\u00f3wnania z konkurencj\u0105 i porady ekspert\u00f3w, kt\u00f3re pomog\u0105 Ci w pe\u0142ni wykorzysta\u0107 swoje do\u015bwiadczenie z Umingle.<\/p>\n<h2>Czym jest Umingle?<\/h2>\n<p>Umingle to bezp\u0142atna us\u0142uga losowego czatu wideo, kt\u00f3ra natychmiast \u0142\u0105czy u\u017cytkownik\u00f3w z ca\u0142ego \u015bwiata w celu prowadzenia rozm\u00f3w jeden na jednego. Zosta\u0142 zaprojektowany tak, aby by\u0142 prosty, szybki i anonimowy - bez rejestracji, pobierania lub skomplikowanych krok\u00f3w.<\/p>\n<p>U podstaw Umingle le\u017cy jedna rzecz: rozmowa z lud\u017ami, a nie z profilami. Klikasz przycisk i stajesz twarz\u0105 w twarz z kim\u015b nowym. Ka\u017cde po\u0142\u0105czenie jest wyj\u0105tkowe, ka\u017cdy czat nieprzewidywalny - tak jak w prawdziwym \u017cyciu.<\/p>\n<p>Jest to idealne rozwi\u0105zanie dla u\u017cytkownik\u00f3w, kt\u00f3rzy chc\u0105:<\/p>\n<ul>\n<li>Poznawaj nowych ludzi od niechcenia.<\/li>\n<li>Poznaj kultury i j\u0119zyki.<\/li>\n<li>Sp\u0119dzaj czas na spontanicznych, prawdziwych rozmowach.<\/li>\n<li>Korzystaj z czatu na \u017cywo bez \u017cadnych zobowi\u0105za\u0144.<\/li>\n<\/ul>\n<p>W przeciwie\u0144stwie do sieci spo\u0142eczno\u015bciowych, w Umingle nie chodzi o obserwuj\u0105cych czy status - chodzi o po\u0142\u0105czenia w czasie rzeczywistym i wsp\u00f3lne interakcje mi\u0119dzyludzkie.<\/p>\n<h2>Kluczowe cechy Umingle<\/h2>\n<p>Umingle oferuje zr\u00f3wnowa\u017cone po\u0142\u0105czenie prostoty, interaktywno\u015bci i elastyczno\u015bci. Usuwa niepotrzebny ba\u0142agan, zachowuj\u0105c jednocze\u015bnie wystarczaj\u0105c\u0105 liczb\u0119 funkcji, aby poprawi\u0107 wra\u017cenia.<\/p>\n<h3>1. Losowy czat wideo jeden na jednego<\/h3>\n<ul>\n<li>Natychmiastowe \u0142\u0105czenie si\u0119 z nieznajomymi na ca\u0142ym \u015bwiecie.<\/li>\n<li>U\u017cywaj kamery internetowej i mikrofonu do prowadzenia rozm\u00f3w w czasie rzeczywistym.<\/li>\n<li>Przejd\u017a do nast\u0119pnej osoby w dowolnym momencie za pomoc\u0105 jednego klikni\u0119cia.<\/li>\n<\/ul>\n<h3>2. Tryb czatu tekstowego<\/h3>\n<ul>\n<li>Wbudowany czat tekstowy dla tych, kt\u00f3rzy wol\u0105 pisa\u0107 na klawiaturze.<\/li>\n<li>Dzia\u0142a nawet wtedy, gdy kamera lub mikrofon s\u0105 wy\u0142\u0105czone.<\/li>\n<li>\u015awietnie nadaje si\u0119 do po\u0142\u0105cze\u0144 o niskiej przepustowo\u015bci lub prywatnych rozm\u00f3w.<\/li>\n<\/ul>\n<h3>3. Rejestracja nie jest wymagana<\/h3>\n<ul>\n<li>Zacznij czatowa\u0107 natychmiast - nie musisz si\u0119 rejestrowa\u0107 ani tworzy\u0107 profilu.<\/li>\n<li>Pe\u0142na anonimowo\u015b\u0107 zapewniaj\u0105ca bezstresowe do\u015bwiadczenie.<\/li>\n<\/ul>\n<h3>4. Globalna baza u\u017cytkownik\u00f3w<\/h3>\n<ul>\n<li>Poznaj ludzi z ka\u017cdego kontynentu.<\/li>\n<li>Popularny w Ameryce P\u00f3\u0142nocnej, Europie, Azji i Ameryce \u0141aci\u0144skiej.<\/li>\n<li>Losowe dopasowanie tworzy nieoczekiwane globalne interakcje.<\/li>\n<\/ul>\n<h3>5. Szybkie dopasowanie i niskie op\u00f3\u017anienia<\/h3>\n<ul>\n<li>Zoptymalizowany streaming wideo dla p\u0142ynnych rozm\u00f3w w czasie rzeczywistym.<\/li>\n<li>Minimalne op\u00f3\u017anienia w por\u00f3wnaniu do starszych platform.<\/li>\n<\/ul>\n<h3>6. Kompatybilno\u015b\u0107 z urz\u0105dzeniami mobilnymi i stacjonarnymi<\/h3>\n<ul>\n<li>W pe\u0142ni oparty na przegl\u0105darce - dzia\u0142a na ka\u017cdym urz\u0105dzeniu.<\/li>\n<li>Responsywny design automatycznie dostosowuje si\u0119 do rozmiaru ekranu.<\/li>\n<\/ul>\n<h3>7. Swoboda u\u017cytkowania<\/h3>\n<ul>\n<li>100% za darmo - bez ukrytych subskrypcji, paywalli czy aktualizacji.<\/li>\n<\/ul>\n<h3>8. Prosty, nowoczesny interfejs<\/h3>\n<ul>\n<li>Przejrzysty uk\u0142ad z intuicyjnym sterowaniem.<\/li>\n<li>Zaprojektowany z my\u015bl\u0105 o \u0142atwo\u015bci u\u017cytkowania i maksymalnym zaanga\u017cowaniu.<\/li>\n<\/ul>\n<h2>Jak korzysta\u0107 z Umingle<\/h2>\n<p>Korzystanie z Umingle jest tak proste, jak czatowanie online. Mo\u017cesz zacz\u0105\u0107 poznawa\u0107 nowych ludzi w mniej ni\u017c minut\u0119.<\/p>\n<h3>Krok 1: Odwied\u017a stron\u0119 internetow\u0105<\/h3>\n<p>Przejd\u017a do Umingle.com w przegl\u0105darce internetowej - na komputerze, tablecie lub telefonie kom\u00f3rkowym.<\/p>\n<h3>Krok 2: W\u0142\u0105czenie kamery i mikrofonu<\/h3>\n<p>Po wy\u015bwietleniu monitu zezw\u00f3l na dost\u0119p do Umingle. Umo\u017cliwia to korzystanie z funkcji czatu wideo i audio.<\/p>\n<h3>Krok 3: Kliknij \u201cStart\u201d<\/h3>\n<p>B\u0142yskawicznie po\u0142\u0105cz si\u0119 z przypadkowym nieznajomym na czacie na \u017cywo.<\/p>\n<h3>Krok 4: Czat lub pomini\u0119cie<\/h3>\n<p>Ciesz si\u0119 rozmow\u0105 - lub kliknij \u201cDalej\u201d, aby przej\u015b\u0107 do nast\u0119pnego u\u017cytkownika.<\/p>\n<h3>Krok 5: Powt\u00f3rz<\/h3>\n<p>Kontynuuj rozmow\u0119 z dowoln\u0105 liczb\u0105 os\u00f3b. Ka\u017cde nowe klikni\u0119cie prowadzi do nowego spotkania.<\/p>\n<p>Bez pobierania, bez formularzy, bez kont - tylko natychmiastowa interakcja mi\u0119dzyludzka.<\/p>\n<h2>Do\u015bwiadczenie u\u017cytkownika na Umingle<\/h2>\n<p>Umingle koncentruje si\u0119 na szybko\u015bci, prostocie i globalnym zasi\u0119gu, co czyni go jednym z najbardziej p\u0142ynnych czat\u00f3w online.<\/p>\n<h3>Co lubi\u0105 u\u017cytkownicy<\/h3>\n<ul>\n<li>Bez rejestracji i logowania.<\/li>\n<li>Wysoka jako\u015b\u0107 obrazu i stabilne po\u0142\u0105czenia.<\/li>\n<li>\u0141atwy w u\u017cyciu zar\u00f3wno na urz\u0105dzeniach mobilnych, jak i komputerach stacjonarnych.<\/li>\n<li>Zr\u00f3wnowa\u017cona, przyjazna dla u\u017cytkownika konstrukcja.<\/li>\n<li>Ca\u0142kowicie za darmo i anonimowo.<\/li>\n<\/ul>\n<h3>Gdzie u\u017cytkownicy widz\u0105 pole do poprawy<\/h3>\n<ul>\n<li>Nie ma jeszcze filtr\u00f3w p\u0142ci ani regionu (w pe\u0142ni losowe).<\/li>\n<li>Brak opcji ponownego po\u0142\u0105czenia w przypadku utraty czatu.<\/li>\n<li>Mniejsza baza u\u017cytkownik\u00f3w poza godzinami szczytu w niekt\u00f3rych regionach.<\/li>\n<li>Ograniczone narz\u0119dzia moderacji w mniej aktywnych strefach czasowych.<\/li>\n<\/ul>\n<p>Mimo to, Umingle jest chwalony za od\u015bwie\u017caj\u0105c\u0105 prostot\u0119 i p\u0142ynn\u0105 wydajno\u015b\u0107 techniczn\u0105, oferuj\u0105c lekkie i przyjemne wra\u017cenia z czatowania bez rozpraszania uwagi.<\/p>\n<h2>Umingle vs. inne platformy czatu<\/h2>\n<p>Oto jak Umingle wypada na tle innych wiod\u0105cych us\u0142ug czatu losowego:<\/p>\n<table>\n<thead>\n<tr>\n<th>Cecha<\/th>\n<th>Umingle<\/th>\n<th>Omegle<\/th>\n<th>Chatroulette<\/th>\n<th>ChatHub<\/th>\n<th>Emerald Chat<\/th>\n<th>Chateek<\/th>\n<\/tr>\n<\/thead>\n<tbody>\n<tr>\n<td>Losowy czat wideo<\/td>\n<td>Tak<\/td>\n<td>Tak<\/td>\n<td>Tak<\/td>\n<td>Tak<\/td>\n<td>Tak<\/td>\n<td>Tak<\/td>\n<\/tr>\n<tr>\n<td>Opcja czatu tekstowego<\/td>\n<td>Tak<\/td>\n<td>Tak<\/td>\n<td>Tak<\/td>\n<td>Tak<\/td>\n<td>Tak<\/td>\n<td>Tak<\/td>\n<\/tr>\n<tr>\n<td>Wymagana rejestracja<\/td>\n<td>Nie<\/td>\n<td>Nie<\/td>\n<td>Nie<\/td>\n<td>Opcjonalnie<\/td>\n<td>Opcjonalnie<\/td>\n<td>Nie<\/td>\n<\/tr>\n<tr>\n<td>Filtry (p\u0142e\u0107\/lokalizacja)<\/td>\n<td>Jeszcze nie<\/td>\n<td>Nie<\/td>\n<td>Ograniczony<\/td>\n<td>Tak<\/td>\n<td>Tak<\/td>\n<td>Tak<\/td>\n<\/tr>\n<tr>\n<td>Przyjazny dla urz\u0105dze\u0144 mobilnych<\/td>\n<td>Tak<\/td>\n<td>Tak<\/td>\n<td>Tak<\/td>\n<td>Tak<\/td>\n<td>Tak<\/td>\n<td>Tak<\/td>\n<\/tr>\n<tr>\n<td>Bezp\u0142atny dost\u0119p<\/td>\n<td>Zawsze<\/td>\n<td>Zawsze<\/td>\n<td>Zawsze<\/td>\n<td>Tak<\/td>\n<td>Tak<\/td>\n<td>Tak<\/td>\n<\/tr>\n<tr>\n<td>Anonimowo\u015b\u0107<\/td>\n<td>Silny<\/td>\n<td>Silny<\/td>\n<td>Silny<\/td>\n<td>Umiarkowany<\/td>\n<td>Umiarkowany<\/td>\n<td>Umiarkowany<\/td>\n<\/tr>\n<\/tbody>\n<\/table>\n<p>Podsumowanie: Umingle \u0142\u0105czy w sobie spontaniczno\u015b\u0107 Omegle z nowoczesn\u0105 stabilno\u015bci\u0105 i responsywno\u015bci\u0105 nowszych technologii czat\u00f3w wideo, dzi\u0119ki czemu jest silnym konkurentem na obecnym rynku czat\u00f3w losowych.<\/p>\n<h2>Czy Umingle jest bezpieczny?<\/h2>\n<p>Bezpiecze\u0144stwo jest jednym z priorytet\u00f3w Umingle i chocia\u017c platforma nie wymaga rejestracji, zach\u0119ca do odpowiedzialnego korzystania i zapewnia kilka zabezpiecze\u0144.<\/p>\n<h3>Wbudowane funkcje bezpiecze\u0144stwa<\/h3>\n<ul>\n<li>Dost\u0119p anonimowy - nie s\u0105 gromadzone \u017cadne dane osobowe.<\/li>\n<li>Pomi\u0144 lub roz\u0142\u0105cz si\u0119 natychmiast z dowolnym czatem.<\/li>\n<li>Sesje tymczasowe - konwersacje nie s\u0105 przechowywane.<\/li>\n<li>Moderacja spo\u0142eczno\u015bci za obra\u017aliwe zachowanie.<\/li>\n<\/ul>\n<h3>Wskaz\u00f3wki bezpiecze\u0144stwa dla u\u017cytkownik\u00f3w<\/h3>\n<ul>\n<li>Nie udost\u0119pniaj prywatnych danych, takich jak imi\u0119 i nazwisko, numer telefonu czy adres.<\/li>\n<li>Unikaj pokazywania identyfikowalnego t\u0142a na wideo.<\/li>\n<li>Zako\u0144cz ka\u017cd\u0105 rozmow\u0119, kt\u00f3ra wydaje si\u0119 niekomfortowa.<\/li>\n<li>Korzystaj z przycisku \u201cDalej\u201d bez ogranicze\u0144 - Tw\u00f3j komfort jest najwa\u017cniejszy.<\/li>\n<li>Rodzice powinni nadzorowa\u0107 nieletnich korzystaj\u0105cych z losowych platform czatowych.<\/li>\n<li>Rozwa\u017c skorzystanie z VPN dla dodatkowej prywatno\u015bci.<\/li>\n<\/ul>\n<p>U\u017cywany m\u0105drze, Umingle oferuje bezpieczne, anonimowe \u015brodowisko, w kt\u00f3rym u\u017cytkownicy mog\u0105 swobodnie i pewnie wchodzi\u0107 w interakcje.<\/p>\n<h2>Wskaz\u00f3wki, jak najlepiej wykorzysta\u0107 Umingle<\/h2>\n<ul>\n<li>B\u0105d\u017a otwarty: Przypadkowy czat dzia\u0142a najlepiej, gdy jeste\u015b ciekawy i zrelaksowany.<\/li>\n<li>U\u017cywaj dobrego o\u015bwietlenia: Sprawia, \u017ce wideo jest bardziej anga\u017cuj\u0105ce i przyjazne.<\/li>\n<li>Pomagaj\u0105 w tym s\u0142uchawki: Poprawiaj\u0105 jako\u015b\u0107 d\u017awi\u0119ku i redukuj\u0105 echo.<\/li>\n<li>Czatuj w godzinach szczytu: Wieczory i weekendy maj\u0105 wi\u0119cej u\u017cytkownik\u00f3w online.<\/li>\n<li>Zadbaj o lekkie tematy: humor, muzyka i podr\u00f3\u017ce to \u015bwietne prze\u0142amywacze lod\u00f3w.<\/li>\n<li>Pomi\u0144 w razie potrzeby: Nie ka\u017cdy czat si\u0119 spodoba - i to jest w porz\u0105dku.<\/li>\n<\/ul>\n<p>Te niewielkie zmiany mog\u0105 znacznie poprawi\u0107 og\u00f3lne wra\u017cenia z korzystania z Umingle.<\/p>\n<h2>Typowe problemy i poprawki<\/h2>\n<h3>Problem: Nie dzia\u0142a kamera lub mikrofon<\/h3>\n<ul>\n<li>Sprawd\u017a uprawnienia przegl\u0105darki i zezw\u00f3l na dost\u0119p.<\/li>\n<li>Uruchom ponownie przegl\u0105dark\u0119 lub urz\u0105dzenie.<\/li>\n<li>Zamknij inne aplikacje, kt\u00f3re mog\u0105 korzysta\u0107 z kamery internetowej.<\/li>\n<\/ul>\n<h3>Problem: Wolne lub zerwane po\u0142\u0105czenia<\/h3>\n<ul>\n<li>Prze\u0142\u0105cz si\u0119 na stabilne po\u0142\u0105czenie Wi-Fi.<\/li>\n<li>Unikaj pobierania lub przesy\u0142ania strumieniowego w tle.<\/li>\n<li>Wypr\u00f3buj inn\u0105 przegl\u0105dark\u0119 (zalecana Chrome lub Edge).<\/li>\n<\/ul>\n<h3>Problem: Niewielu u\u017cytkownik\u00f3w online<\/h3>\n<ul>\n<li>Spr\u00f3buj w godzinach szczytu globalnego (wieczory\/weekendy).<\/li>\n<li>Rozszerz zakres po\u0142\u0105cze\u0144, usuwaj\u0105c filtry (je\u015bli zosta\u0142y zastosowane).<\/li>\n<\/ul>\n<h3>Problem: napotkanie nieodpowiednich u\u017cytkownik\u00f3w<\/h3>\n<ul>\n<li>Natychmiast u\u017cyj przycisku pomijania.<\/li>\n<li>Zg\u0142o\u015b lub zablokuj, je\u015bli jest dost\u0119pny.<\/li>\n<\/ul>\n<h2>Dlaczego ludzie wybieraj\u0105 Umingle<\/h2>\n<p>Ludzie uwielbiaj\u0105 Umingle, poniewa\u017c przywraca magi\u0119 przypadkowych rozm\u00f3w - co\u015b, czego brakowa\u0142o od pierwszych dni czatowania online.<\/p>\n<p>Wybieraj\u0105 go dla:<\/p>\n<ul>\n<li>Darmowy dost\u0119p bez ogranicze\u0144.<\/li>\n<li>Brak rejestracji - ca\u0142kowita anonimowo\u015b\u0107.<\/li>\n<li>Prosty, przejrzysty interfejs, kt\u00f3ry dzia\u0142a wsz\u0119dzie.<\/li>\n<li>P\u0142ynny, wysokiej jako\u015bci czat wideo.<\/li>\n<li>Autentyczne, ludzkie relacje w czasie rzeczywistym.<\/li>\n<\/ul>\n<p>Jest on szczeg\u00f3lnie popularny w\u015br\u00f3d u\u017cytkownik\u00f3w, kt\u00f3rzy szukaj\u0105 nowoczesnej, usprawnionej alternatywy dla starszych witryn z losowymi czatami, kt\u00f3re wydaj\u0105 si\u0119 zagracone lub przestarza\u0142e.<\/p>\n<h2>Przemy\u015blenia ko\u0144cowe: Czy warto korzysta\u0107 z Umingle?<\/h2>\n<p>Je\u015bli szukasz nowoczesnego, lekkiego i naprawd\u0119 darmowego czatu losowego, Umingle jest absolutnie warty wypr\u00f3bowania. \u0141\u0105czy on w sobie wszystko to, co u\u017cytkownicy kochali w klasycznych witrynach czatowych - prostot\u0119, swobod\u0119 i nieprzewidywalno\u015b\u0107 - ale z p\u0142ynniejsz\u0105 technologi\u0105 i czystszym, przyjaznym dla urz\u0105dze\u0144 mobilnych interfejsem.<\/p>\n<p>Nie jest prze\u0142adowany filtrami ani niepotrzebnymi funkcjami - i to jest jego si\u0142a. Umingle zachowuje czysto\u015b\u0107, koncentruj\u0105c si\u0119 na tym, co naprawd\u0119 wa\u017cne: poznawaniu ludzi, prowadzeniu rozm\u00f3w i cieszeniu si\u0119 dreszczykiem nieoczekiwanego.<\/p>\n<p>Niezale\u017cnie od tego, czy szukasz:<\/p>\n<ul>\n<li>Szybkie pogaw\u0119dki dla zabicia czasu,<\/li>\n<li>Zabawne globalne interakcje lub<\/li>\n<li>Znacz\u0105ce, nieplanowane po\u0142\u0105czenia...<\/li>\n<\/ul>\n<p>Umingle zapewnia dok\u0142adnie to.<\/p>\n<p>W skr\u00f3cie: Umingle to nowoczesna platforma losowych czat\u00f3w wideo, kt\u00f3ra sprawia, \u017ce nawi\u0105zywanie kontakt\u00f3w z nieznajomymi nie wymaga wysi\u0142ku. Jest szybka, bezp\u0142atna, anonimowa i dost\u0119pna wsz\u0119dzie - zapewniaj\u0105c \u015bwie\u017cy, bezpieczny i przyjemny spos\u00f3b poznawania nowych ludzi online.<\/p>","protected":false},"excerpt":{"rendered":"<p>The online chat world has changed dramatically over the years, but one thing remains constant \u2014 the desire to meet real people, instantly, from anywhere on the planet. Umingle captures that feeling perfectly. It\u2019s a sleek, modern random video chat platform built for spontaneity, simplicity, and real human connection. In a world where most social [&hellip;]<\/p>\n","protected":false},"author":6,"featured_media":0,"parent":0,"menu_order":0,"comment_status":"closed","ping_status":"closed","template":"","meta":{"footnotes":""},"class_list":["post-13570","page","type-page","status-publish","hentry"],"yoast_head":"<!-- This site is optimized with the Yoast SEO plugin v27.4 - https:\/\/yoast.com\/product\/yoast-seo-wordpress\/ -->\n<title>Umingle - Chat with Strangers - TinyChat.com<\/title>\n<meta name=\"description\" content=\"Enjoying Umingle? Join over 50,000,000 strangers on TinyChat! Turn on your cam and start meeting new people, or find a match.\" \/>\n<meta name=\"robots\" content=\"index, follow, max-snippet:-1, max-image-preview:large, max-video-preview:-1\" \/>\n<link rel=\"canonical\" href=\"https:\/\/tinychat.com\/pl\/umingle\/\" \/>\n<meta property=\"og:locale\" content=\"pl_PL\" \/>\n<meta property=\"og:type\" content=\"article\" \/>\n<meta property=\"og:title\" content=\"Umingle - Chat with Strangers - TinyChat.com\" \/>\n<meta property=\"og:description\" content=\"Enjoying Umingle? Join over 50,000,000 strangers on TinyChat! Turn on your cam and start meeting new people, or find a match.\" \/>\n<meta property=\"og:url\" content=\"https:\/\/tinychat.com\/pl\/umingle\/\" \/>\n<meta property=\"og:site_name\" content=\"TinyChat\" \/>\n<meta property=\"article:publisher\" content=\"https:\/\/www.facebook.com\/tinychat\" \/>\n<meta property=\"og:image\" content=\"https:\/\/tinychat.com\/wp-content\/uploads\/2020\/04\/Tinychat-logo-1280x284-new-black.png\" \/>\n\t<meta property=\"og:image:width\" content=\"1280\" \/>\n\t<meta property=\"og:image:height\" content=\"284\" \/>\n\t<meta property=\"og:image:type\" content=\"image\/png\" \/>\n<meta name=\"twitter:card\" content=\"summary_large_image\" \/>\n<meta name=\"twitter:site\" content=\"@tinychat\" \/>\n<meta name=\"twitter:label1\" content=\"Szacowany czas czytania\" \/>\n\t<meta name=\"twitter:data1\" content=\"6 minut\" \/>\n<script type=\"application\/ld+json\" class=\"yoast-schema-graph\">{\"@context\":\"https:\\\/\\\/schema.org\",\"@graph\":[{\"@type\":\"WebPage\",\"@id\":\"https:\\\/\\\/tinychat.com\\\/umingle\\\/\",\"url\":\"https:\\\/\\\/tinychat.com\\\/umingle\\\/\",\"name\":\"Umingle - Chat with Strangers - TinyChat.com\",\"isPartOf\":{\"@id\":\"https:\\\/\\\/tinychat.com\\\/#website\"},\"datePublished\":\"2025-10-24T08:24:47+00:00\",\"description\":\"Enjoying Umingle? Join over 50,000,000 strangers on TinyChat! Turn on your cam and start meeting new people, or find a match.\",\"breadcrumb\":{\"@id\":\"https:\\\/\\\/tinychat.com\\\/umingle\\\/#breadcrumb\"},\"inLanguage\":\"pl-PL\",\"potentialAction\":[{\"@type\":\"ReadAction\",\"target\":[\"https:\\\/\\\/tinychat.com\\\/umingle\\\/\"]}]},{\"@type\":\"BreadcrumbList\",\"@id\":\"https:\\\/\\\/tinychat.com\\\/umingle\\\/#breadcrumb\",\"itemListElement\":[{\"@type\":\"ListItem\",\"position\":1,\"name\":\"Home\",\"item\":\"https:\\\/\\\/tinychat.com\\\/\"},{\"@type\":\"ListItem\",\"position\":2,\"name\":\"Umingle\"}]},{\"@type\":\"WebSite\",\"@id\":\"https:\\\/\\\/tinychat.com\\\/#website\",\"url\":\"https:\\\/\\\/tinychat.com\\\/\",\"name\":\"TinyChat\",\"description\":\"Random Video Chat with Strangers\",\"publisher\":{\"@id\":\"https:\\\/\\\/tinychat.com\\\/#organization\"},\"alternateName\":\"TinyChat.com\",\"potentialAction\":[{\"@type\":\"SearchAction\",\"target\":{\"@type\":\"EntryPoint\",\"urlTemplate\":\"https:\\\/\\\/tinychat.com\\\/?s={search_term_string}\"},\"query-input\":{\"@type\":\"PropertyValueSpecification\",\"valueRequired\":true,\"valueName\":\"search_term_string\"}}],\"inLanguage\":\"pl-PL\"},{\"@type\":\"Organization\",\"@id\":\"https:\\\/\\\/tinychat.com\\\/#organization\",\"name\":\"TinyChat\",\"alternateName\":\"TinyChat.com\",\"url\":\"https:\\\/\\\/tinychat.com\\\/\",\"logo\":{\"@type\":\"ImageObject\",\"inLanguage\":\"pl-PL\",\"@id\":\"https:\\\/\\\/tinychat.com\\\/#\\\/schema\\\/logo\\\/image\\\/\",\"url\":\"https:\\\/\\\/tinychat.com\\\/wp-content\\\/uploads\\\/2023\\\/11\\\/Tinychat-icon-square.png\",\"contentUrl\":\"https:\\\/\\\/tinychat.com\\\/wp-content\\\/uploads\\\/2023\\\/11\\\/Tinychat-icon-square.png\",\"width\":284,\"height\":284,\"caption\":\"TinyChat\"},\"image\":{\"@id\":\"https:\\\/\\\/tinychat.com\\\/#\\\/schema\\\/logo\\\/image\\\/\"},\"sameAs\":[\"https:\\\/\\\/www.facebook.com\\\/tinychat\",\"https:\\\/\\\/x.com\\\/tinychat\"]}]}<\/script>\n<!-- \/ Yoast SEO plugin. -->","yoast_head_json":{"title":"Umingle - Czat z nieznajomymi - TinyChat.com","description":"Korzystasz z Umingle? Do\u0142\u0105cz do ponad 50 000 000 nieznajomych na TinyChat! W\u0142\u0105cz kamer\u0119 i zacznij poznawa\u0107 nowych ludzi lub znajd\u017a partnera.","robots":{"index":"index","follow":"follow","max-snippet":"max-snippet:-1","max-image-preview":"max-image-preview:large","max-video-preview":"max-video-preview:-1"},"canonical":"https:\/\/tinychat.com\/pl\/umingle\/","og_locale":"pl_PL","og_type":"article","og_title":"Umingle - Chat with Strangers - TinyChat.com","og_description":"Enjoying Umingle? Join over 50,000,000 strangers on TinyChat! Turn on your cam and start meeting new people, or find a match.","og_url":"https:\/\/tinychat.com\/pl\/umingle\/","og_site_name":"TinyChat","article_publisher":"https:\/\/www.facebook.com\/tinychat","og_image":[{"width":1280,"height":284,"url":"https:\/\/tinychat.com\/wp-content\/uploads\/2020\/04\/Tinychat-logo-1280x284-new-black.png","type":"image\/png"}],"twitter_card":"summary_large_image","twitter_site":"@tinychat","twitter_misc":{"Szacowany czas czytania":"6 minut"},"schema":{"@context":"https:\/\/schema.org","@graph":[{"@type":"WebPage","@id":"https:\/\/tinychat.com\/umingle\/","url":"https:\/\/tinychat.com\/umingle\/","name":"Umingle - Czat z nieznajomymi - TinyChat.com","isPartOf":{"@id":"https:\/\/tinychat.com\/#website"},"datePublished":"2025-10-24T08:24:47+00:00","description":"Korzystasz z Umingle? Do\u0142\u0105cz do ponad 50 000 000 nieznajomych na TinyChat! W\u0142\u0105cz kamer\u0119 i zacznij poznawa\u0107 nowych ludzi lub znajd\u017a partnera.","breadcrumb":{"@id":"https:\/\/tinychat.com\/umingle\/#breadcrumb"},"inLanguage":"pl-PL","potentialAction":[{"@type":"ReadAction","target":["https:\/\/tinychat.com\/umingle\/"]}]},{"@type":"BreadcrumbList","@id":"https:\/\/tinychat.com\/umingle\/#breadcrumb","itemListElement":[{"@type":"ListItem","position":1,"name":"Home","item":"https:\/\/tinychat.com\/"},{"@type":"ListItem","position":2,"name":"Umingle"}]},{"@type":"WebSite","@id":"https:\/\/tinychat.com\/#website","url":"https:\/\/tinychat.com\/","name":"TinyChat","description":"Losowy czat wideo z nieznajomymi","publisher":{"@id":"https:\/\/tinychat.com\/#organization"},"alternateName":"TinyChat.com","potentialAction":[{"@type":"SearchAction","target":{"@type":"EntryPoint","urlTemplate":"https:\/\/tinychat.com\/?s={search_term_string}"},"query-input":{"@type":"PropertyValueSpecification","valueRequired":true,"valueName":"search_term_string"}}],"inLanguage":"pl-PL"},{"@type":"Organization","@id":"https:\/\/tinychat.com\/#organization","name":"TinyChat","alternateName":"TinyChat.com","url":"https:\/\/tinychat.com\/","logo":{"@type":"ImageObject","inLanguage":"pl-PL","@id":"https:\/\/tinychat.com\/#\/schema\/logo\/image\/","url":"https:\/\/tinychat.com\/wp-content\/uploads\/2023\/11\/Tinychat-icon-square.png","contentUrl":"https:\/\/tinychat.com\/wp-content\/uploads\/2023\/11\/Tinychat-icon-square.png","width":284,"height":284,"caption":"TinyChat"},"image":{"@id":"https:\/\/tinychat.com\/#\/schema\/logo\/image\/"},"sameAs":["https:\/\/www.facebook.com\/tinychat","https:\/\/x.com\/tinychat"]}]}},"_links":{"self":[{"href":"https:\/\/tinychat.com\/pl\/wp-json\/wp\/v2\/pages\/13570","targetHints":{"allow":["GET"]}}],"collection":[{"href":"https:\/\/tinychat.com\/pl\/wp-json\/wp\/v2\/pages"}],"about":[{"href":"https:\/\/tinychat.com\/pl\/wp-json\/wp\/v2\/types\/page"}],"author":[{"embeddable":true,"href":"https:\/\/tinychat.com\/pl\/wp-json\/wp\/v2\/users\/6"}],"replies":[{"embeddable":true,"href":"https:\/\/tinychat.com\/pl\/wp-json\/wp\/v2\/comments?post=13570"}],"version-history":[{"count":1,"href":"https:\/\/tinychat.com\/pl\/wp-json\/wp\/v2\/pages\/13570\/revisions"}],"predecessor-version":[{"id":13571,"href":"https:\/\/tinychat.com\/pl\/wp-json\/wp\/v2\/pages\/13570\/revisions\/13571"}],"wp:attachment":[{"href":"https:\/\/tinychat.com\/pl\/wp-json\/wp\/v2\/media?parent=13570"}],"curies":[{"name":"wp","href":"https:\/\/api.w.org\/{rel}","templated":true}]}}