{"id":201,"date":"2025-08-14T09:43:14","date_gmt":"2025-08-14T07:43:14","guid":{"rendered":"https:\/\/tinychat.com\/?page_id=201"},"modified":"2025-08-14T10:02:20","modified_gmt":"2025-08-14T08:02:20","slug":"random-cam-chat","status":"publish","type":"page","link":"https:\/\/tinychat.com\/pl\/random-cam-chat\/","title":{"rendered":"Losowy czat przed kamer\u0105"},"content":{"rendered":"<p>Jest co\u015b ekscytuj\u0105cego w tym, \u017ce nie wiesz, kogo spotkasz. W\u0142a\u015bnie o to chodzi w czatach z przypadkowymi kamerkami - o b\u0142yskawiczne \u0142\u0105czenie si\u0119 z nieznajomymi z ca\u0142ego \u015bwiata. \u017badnych profili do przewijania, \u017cadnych biografii do czytania - tylko prawdziwi ludzie, twarz\u0105 w twarz, gotowi do rozmowy.<\/p>\n<p>Niezale\u017cnie od tego, czy chcesz si\u0119 zaprzyja\u017ani\u0107, poflirtowa\u0107, po\u015bmia\u0107 si\u0119, czy po prostu zobaczy\u0107, co tam jest, czat wideo z losow\u0105 kamer\u0105 zapewnia dreszczyk nieprzewidywalno\u015bci za ka\u017cdym razem, gdy klikniesz \"dalej\". To jak ko\u0142o ruletki dla rozm\u00f3w - z wyj\u0105tkiem tego, \u017ce nagrod\u0105 s\u0105 nowe relacje mi\u0119dzyludzkie.<\/p>\n<h2>Czym jest Random Cam Chat?<\/h2>\n<p>M\u00f3wi\u0105c pro\u015bciej, czat z losow\u0105 kamer\u0105 to us\u0142uga czatu wideo online, kt\u00f3ra losowo \u0142\u0105czy ci\u0119 w pary z nieznajomym. W\u0142\u0105czasz kamer\u0119 internetow\u0105, a platforma natychmiast \u0142\u0105czy Ci\u0119 z kim\u015b, kto r\u00f3wnie\u017c chce porozmawia\u0107. Po zako\u0144czeniu rozmowy - lub je\u015bli chcesz przej\u015b\u0107 dalej - klikasz, aby pomin\u0105\u0107, i pojawia si\u0119 nowa twarz.<\/p>\n<p>To \u017cywy, wizualny i osobisty spos\u00f3b na poznawanie ludzi. W przeciwie\u0144stwie do czat\u00f3w tekstowych, czat przed kamer\u0105 losow\u0105 pozwala zobaczy\u0107 mimik\u0119 twarzy, us\u0142ysze\u0107 g\u0142osy i poczu\u0107 naturalny przep\u0142yw rozmowy w czasie rzeczywistym.<\/p>\n<p>Niekt\u00f3re platformy zawieraj\u0105 r\u00f3wnie\u017c opcje tekstowe i d\u017awi\u0119kowe, je\u015bli nie jeste\u015b gotowy na wideo od razu, co u\u0142atwia korzystanie z nich.<\/p>\n<h2>Dlaczego ludzie kochaj\u0105 losowy czat przed kamer\u0105<\/h2>\n<p>Atrakcyjno\u015b\u0107 losowego czatu przed kamer\u0105 jest prosta: jest nieprzewidywalny, zabawny i natychmiastowy. Oto dlaczego tak wiele os\u00f3b jest uzale\u017cnionych:<\/p>\n<ul>\n<li>Natychmiastowe po\u0142\u0105czenia: Bez rejestracji, bez czekania - wystarczy klikn\u0105\u0107, aby rozpocz\u0105\u0107 rozmow\u0119 na \u017cywo.<\/li>\n<li>Globalny zasi\u0119g: Poznawaj ludzi z r\u00f3\u017cnych kraj\u00f3w, kultur i \u015brodowisk.<\/li>\n<li>Wszystko mo\u017ce si\u0119 zdarzy\u0107: Od g\u0142upich moment\u00f3w po znacz\u0105ce rozmowy - nigdy nie wiadomo, w jakim kierunku potoczy si\u0119 rozmowa.<\/li>\n<li>Anonimowo\u015b\u0107, gdy jej potrzebujesz: U\u017cyj pseudonimu lub wy\u0142\u0105cz kamer\u0119, dop\u00f3ki nie poczujesz si\u0119 komfortowo.<\/li>\n<li>Kontrola nad do\u015bwiadczeniem: Je\u015bli nie czujesz si\u0119 z kim\u015b dobrze, po prostu zrezygnuj i spr\u00f3buj w nast\u0119pnym meczu.<\/li>\n<\/ul>\n<p>Dla wielu os\u00f3b ekscytacja polega na pierwszych kilku sekundach po po\u0142\u0105czeniu - zastanawianiu si\u0119, kto jest po drugiej stronie i co powie.<\/p>\n<h2>Jak dzia\u0142a Random Cam Chat?<\/h2>\n<p>Je\u015bli nigdy wcze\u015bniej tego nie pr\u00f3bowa\u0142e\u015b, rozpocz\u0119cie jest niezwykle \u0142atwe:<\/p>\n<ol>\n<li>Wybierz platform\u0119 - Istnieje wiele darmowych stron i aplikacji do czatowania z losowymi kamerami, takich jak TinyChat, CamSurf i Bazoocam.<\/li>\n<li>W\u0142\u0105cz kamer\u0119 internetow\u0105 i mikrofon - platforma poprosi o pozwolenie na dost\u0119p do kamery i mikrofonu.<\/li>\n<li>Rozpocznij czat - zostaniesz natychmiast po\u0142\u0105czony z przypadkow\u0105 osob\u0105 z dowolnego miejsca na \u015bwiecie.<\/li>\n<li>Pomi\u0144 lub kontynuuj - je\u015bli chcesz przej\u015b\u0107 dalej, po prostu kliknij \"dalej\", a system znajdzie inne dopasowanie.<\/li>\n<\/ol>\n<p>Wiele witryn umo\u017cliwia filtrowanie wed\u0142ug kraju lub zainteresowa\u0144, aby zwi\u0119kszy\u0107 szanse na poznanie os\u00f3b o podobnym klimacie.<\/p>\n<h2>Rodzaje losowych do\u015bwiadcze\u0144 na czacie przed kamer\u0105<\/h2>\n<p>Chocia\u017c podstawowa koncepcja jest taka sama, r\u00f3\u017cne platformy czatowe oferuj\u0105 r\u00f3\u017cne funkcje:<\/p>\n<h3>1. Darmowy losowy czat przed kamer\u0105<\/h3>\n<p>Idealne dla pocz\u0105tkuj\u0105cych - wskocz bez p\u0142acenia ani centa. Wi\u0119kszo\u015b\u0107 darmowych platform nie wymaga kont i umo\u017cliwia natychmiastowe po\u0142\u0105czenie.<\/p>\n<h3>2. Anonimowy losowy czat przed kamer\u0105<\/h3>\n<p>Dla tych, kt\u00f3rzy chc\u0105 zachowa\u0107 pe\u0142n\u0105 prywatno\u015b\u0107, tryby anonimowe ukrywaj\u0105 imi\u0119 i nazwisko oraz pozwalaj\u0105 wy\u0142\u0105czy\u0107 kamer\u0119 do momentu udost\u0119pnienia.<\/p>\n<h3>3. Dopasowanie oparte na zainteresowaniach<\/h3>\n<p>Niekt\u00f3re strony z przypadkowymi kamerkami pozwalaj\u0105 na wymienienie swoich zainteresowa\u0144, dzi\u0119ki czemu mo\u017cna spotka\u0107 osoby, kt\u00f3re podzielaj\u0105 hobby lub pasje.<\/p>\n<h3>4. Losowy czat przed kamer\u0105 dla doros\u0142ych<\/h3>\n<p>Chocia\u017c nie dla wszystkich, istniej\u0105 wersje 18+, w kt\u00f3rych ludzie \u0142\u0105cz\u0105 si\u0119 w celu prowadzenia zalotnych lub wyra\u017anych rozm\u00f3w. S\u0105 one zwykle oddzielone od og\u00f3lnych platform w celu zapewnienia bezpiecze\u0144stwa i zgody.<\/p>\n<h2>Losowy czat przed kamer\u0105 vs. czat tekstowy<\/h2>\n<p>Podczas gdy losowe czaty tekstowe s\u0105 nadal popularne, losowy czat przed kamer\u0105 ma du\u017c\u0105 przewag\u0119:<\/p>\n<table>\n<thead>\n<tr>\n<th>Cecha<\/th>\n<th>Losowy czat przed kamer\u0105<\/th>\n<th>Czat tekstowy<\/th>\n<\/tr>\n<\/thead>\n<tbody>\n<tr>\n<td>Zobacz mimik\u0119 twarzy<\/td>\n<td>\u2705<\/td>\n<td>\u274c<\/td>\n<\/tr>\n<tr>\n<td>Us\u0142ysze\u0107 ton g\u0142osu<\/td>\n<td>\u2705<\/td>\n<td>\u274c<\/td>\n<\/tr>\n<tr>\n<td>Bardziej osobisty kontakt<\/td>\n<td>\u2705<\/td>\n<td>\u26a0\ufe0f Mniej<\/td>\n<\/tr>\n<tr>\n<td>Zaanga\u017cowanie wizualne<\/td>\n<td>\u2705<\/td>\n<td>\u274c<\/td>\n<\/tr>\n<tr>\n<td>Wymaga kamery\/mikrofonu<\/td>\n<td>\u2705<\/td>\n<td>\u274c<\/td>\n<\/tr>\n<\/tbody>\n<\/table>\n<p>Wideo dodaje warstw\u0119 autentyczno\u015bci - zobaczenie czyjego\u015b u\u015bmiechu lub \u015bmiechu sprawia, \u017ce interakcja jest bardziej realna.<\/p>\n<h2>Bezpiecze\u0144stwo na czacie z przypadkow\u0105 kamer\u0105<\/h2>\n<p>Poniewa\u017c spotykasz si\u0119 z nieznajomymi, bezpiecze\u0144stwo zawsze powinno by\u0107 priorytetem:<\/p>\n<ul>\n<li>Nie udost\u0119pniaj danych osobowych - Unikaj podawania pe\u0142nego imienia i nazwiska, adresu lub danych kontaktowych.<\/li>\n<li>U\u017cyj przycisku pomijania - je\u015bli kto\u015b sprawia, \u017ce czujesz si\u0119 niekomfortowo, natychmiast przejd\u017a dalej.<\/li>\n<li>Zg\u0142aszanie nieodpowiednich zachowa\u0144 - wi\u0119kszo\u015b\u0107 platform ma wbudowane narz\u0119dzia do raportowania.<\/li>\n<li>Uwa\u017caj na kamer\u0119 - pokazuj tylko to, co chcesz, aby inni mogli zobaczy\u0107.<\/li>\n<li>Trzymaj si\u0119 renomowanych platform - wybieraj serwisy z moderacj\u0105 i jasnymi wytycznymi dla spo\u0142eczno\u015bci.<\/li>\n<\/ul>\n<p>Przypadkowy czat przed kamer\u0105 mo\u017ce by\u0107 bezpieczny i zabawny, je\u015bli ustalisz swoje granice i b\u0119dziesz si\u0119 ich trzyma\u0107.<\/p>\n<h2>Spo\u0142eczna strona losowego czatu przed kamer\u0105<\/h2>\n<p>Jedn\u0105 z najlepszych rzeczy w przypadkowych czatach jest r\u00f3\u017cnorodno\u015b\u0107 ludzi, kt\u00f3rych mo\u017cna spotka\u0107. Na jednej platformie mo\u017cesz porozmawia\u0107 ze studentem z Brazylii, muzykiem z Francji, graczem z Japonii i podr\u00f3\u017cnikiem z RPA - wszystko to tej samej nocy.<\/p>\n<p>To jak globalny mikser spo\u0142eczno\u015bciowy bez koszt\u00f3w podr\u00f3\u017cy. Ludzie cz\u0119sto u\u017cywaj\u0105 go do:<\/p>\n<ul>\n<li>\u0106wiczenie nowego j\u0119zyka<\/li>\n<li>Poznaj inne kultury<\/li>\n<li>Udost\u0119pnianie muzyki lub sztuki<\/li>\n<li>Wsp\u00f3\u0142praca nad kreatywnymi projektami<\/li>\n<li>Nawi\u0105zywanie nowych znajomo\u015bci lub znajdowanie okazji do randek online<\/li>\n<\/ul>\n<h2>Losowy czat przed kamer\u0105 dla zabawy i flirtu<\/h2>\n<p>Podczas gdy wiele os\u00f3b korzysta z czatu z przypadkowymi kamerami do swobodnej rozmowy, sta\u0142 si\u0119 on r\u00f3wnie\u017c popularnym miejscem do flirtowania online. Widz\u0105c kogo\u015b twarz\u0105 w twarz, \u0142atwiej jest wychwyci\u0107 chemi\u0119 i zbudowa\u0107 wi\u0119\u017a w czasie rzeczywistym.<\/p>\n<p>Niekt\u00f3re witryny maj\u0105 nawet tryby \"flirtowania\" lub \"randkowania\", aby dopasowa\u0107 ci\u0119 do os\u00f3b otwartych na bardziej zabawne rozmowy.<\/p>\n<h2>Darmowe losowe aplikacje do czatu przed kamer\u0105<\/h2>\n<p>Je\u015bli wolisz czatowa\u0107 z telefonu, istnieje wiele darmowych aplikacji na Androida i iOS, kt\u00f3re przenosz\u0105 losow\u0105 kamer\u0119 do kieszeni. Cz\u0119sto obejmuj\u0105 one:<\/p>\n<ul>\n<li>Funkcje przesuwania do pomini\u0119cia<\/li>\n<li>Powiadomienia push, gdy kto\u015b chce porozmawia\u0107<\/li>\n<li>Tagi zainteresowa\u0144 dla lepszych dopasowa\u0144<\/li>\n<li>Filtry wideo i zabawne efekty<\/li>\n<\/ul>\n<p>Mobilny czat z losow\u0105 kamer\u0105 jest idealny do zabicia czasu w podr\u00f3\u017cy lub po\u0142\u0105czenia si\u0119 z kanapy.<\/p>\n<h2>Wskaz\u00f3wki dotycz\u0105ce wspania\u0142ych wra\u017ce\u0144 z losowego czatu przed kamer\u0105<\/h2>\n<ul>\n<li>U\u015bmiechaj si\u0119, gdy nawi\u0105zujesz kontakt - pierwsze wra\u017cenie ma znaczenie, nawet online.<\/li>\n<li>B\u0105d\u017a ciekawy - zadawaj otwarte pytania, aby utrzyma\u0107 p\u0142ynno\u015b\u0107 rozm\u00f3w.<\/li>\n<li>Korzystaj z dobrego o\u015bwietlenia - dzi\u0119ki niemu wideo jest wyra\u017aniejsze i bardziej zach\u0119caj\u0105ce.<\/li>\n<li>B\u0105d\u017a zrelaksowany - pami\u0119taj, \u017ce je\u015bli co\u015b nie wypali, zawsze mo\u017cesz to pomin\u0105\u0107.<\/li>\n<li>Eksperymentuj z porami dnia - R\u00f3\u017cne pory dnia mog\u0105 oznacza\u0107 spotkania z lud\u017ami z r\u00f3\u017cnych cz\u0119\u015bci \u015bwiata.<\/li>\n<\/ul>\n<h2>Dlaczego TinyChat jest \u015bwietn\u0105 opcj\u0105 do losowego czatu przed kamer\u0105<\/h2>\n<p>Podczas gdy wiele platform oferuje losowy czat wideo, TinyChat wyr\u00f3\u017cnia si\u0119 po\u0142\u0105czeniem publicznych pokoj\u00f3w rozm\u00f3w, prywatnych po\u0142\u0105cze\u0144 i grupowych funkcji wideo. Mo\u017cesz wskoczy\u0107 na losowy czat z jedn\u0105 osob\u0105 lub do\u0142\u0105czy\u0107 do pokoju z wieloma strumieniami jednocze\u015bnie.<\/p>\n<p>Jest to idealne rozwi\u0105zanie dla os\u00f3b, kt\u00f3re chc\u0105 zar\u00f3wno interakcji jeden na jeden, jak i bardziej towarzyskiego, otwartego \u015brodowiska czatu. Co wi\u0119cej, nie trzeba si\u0119 rejestrowa\u0107, by zacz\u0105\u0107.<\/p>\n<h2>Dreszczyk emocji zwi\u0105zany z przypadkowymi po\u0142\u0105czeniami<\/h2>\n<p>Magia czatu z losow\u0105 kamer\u0105 polega na tym, \u017ce nie jest on skryptowany. Nie przegl\u0105dasz profili ani nie czekasz na dopasowanie. \u0141\u0105czysz si\u0119 w czasie rzeczywistym z prawdziwymi lud\u017ami i wszystko mo\u017ce si\u0119 zdarzy\u0107.<\/p>\n<p>Czasami mo\u017cna si\u0119 szybko po\u015bmia\u0107, czasami odby\u0107 g\u0142\u0119bok\u0105 rozmow\u0119, a czasami spotka\u0107 kogo\u015b, z kim chce si\u0119 rozmawia\u0107 wielokrotnie. Ta nieprzewidywalno\u015b\u0107 sprawia, \u017ce ludzie wracaj\u0105.<\/p>\n<p>Random cam chat to jeden z najszybszych i najbardziej ekscytuj\u0105cych sposob\u00f3w na poznawanie nowych ludzi online. Jest natychmiastowy, globalny i osobisty - \u0142\u0105cz\u0105c nieznajomych z ca\u0142ego \u015bwiata we wszystkim, od swobodnych pogaw\u0119dek po znacz\u0105ce przyja\u017anie.<\/p>\n<p>Niezale\u017cnie od tego, czy u\u017cywasz go do zabawy, wymiany kulturowej, praktyki j\u0119zykowej, czy nawet randek, czat wideo z przypadkowymi kamerami oferuje niesko\u0144czone mo\u017cliwo\u015bci. Pami\u0119taj tylko, aby zachowa\u0107 bezpiecze\u0144stwo, szanowa\u0107 innych i mie\u0107 otwarty umys\u0142.<\/p>\n<p>Je\u015bli jeste\u015b gotowy, aby zobaczy\u0107, kto tam jest, odpal swoj\u0105 kamer\u0119 internetow\u0105 i zanurz si\u0119 w losowym czacie przed kamer\u0105 - nigdy nie wiesz, kto czeka po drugiej stronie.<\/p>","protected":false},"excerpt":{"rendered":"<p>There\u2019s something exciting about not knowing who you\u2019ll meet next. That\u2019s exactly what random cam chat is all about\u2014connecting you with strangers from around the world in an instant. No profiles to scroll, no bios to read\u2014just real people, face-to-face, ready to chat. Whether you\u2019re looking to make friends, flirt, share a laugh, or just [&hellip;]<\/p>\n","protected":false},"author":8,"featured_media":0,"parent":0,"menu_order":0,"comment_status":"closed","ping_status":"closed","template":"","meta":{"footnotes":""},"class_list":["post-201","page","type-page","status-publish","hentry"],"yoast_head":"<!-- This site is optimized with the Yoast SEO plugin v27.6 - https:\/\/yoast.com\/product\/yoast-seo-wordpress\/ -->\n<title>Random Cam Chat with Video Chat on TinyChat.com<\/title>\n<meta name=\"description\" content=\"Enjoying Random Cam Chat? Join over 50,000,000 strangers on TinyChat! Turn on your cam and start meeting new people, or find a match.\" \/>\n<meta name=\"robots\" content=\"index, follow, max-snippet:-1, max-image-preview:large, max-video-preview:-1\" \/>\n<link rel=\"canonical\" href=\"https:\/\/tinychat.com\/pl\/random-cam-chat\/\" \/>\n<meta property=\"og:locale\" content=\"pl_PL\" \/>\n<meta property=\"og:type\" content=\"article\" \/>\n<meta property=\"og:title\" content=\"Random Cam Chat with Video Chat on TinyChat.com\" \/>\n<meta property=\"og:description\" content=\"Enjoying Random Cam Chat? Join over 50,000,000 strangers on TinyChat! Turn on your cam and start meeting new people, or find a match.\" \/>\n<meta property=\"og:url\" content=\"https:\/\/tinychat.com\/pl\/random-cam-chat\/\" \/>\n<meta property=\"og:site_name\" content=\"TinyChat\" \/>\n<meta property=\"article:publisher\" content=\"https:\/\/www.facebook.com\/tinychat\" \/>\n<meta property=\"article:modified_time\" content=\"2025-08-14T08:02:20+00:00\" \/>\n<meta property=\"og:image\" content=\"https:\/\/tinychat.com\/wp-content\/uploads\/2020\/04\/Tinychat-logo-1280x284-new-black.png\" \/>\n\t<meta property=\"og:image:width\" content=\"1280\" \/>\n\t<meta property=\"og:image:height\" content=\"284\" \/>\n\t<meta property=\"og:image:type\" content=\"image\/png\" \/>\n<meta name=\"twitter:card\" content=\"summary_large_image\" \/>\n<meta name=\"twitter:site\" content=\"@tinychat\" \/>\n<meta name=\"twitter:label1\" content=\"Szacowany czas czytania\" \/>\n\t<meta name=\"twitter:data1\" content=\"6 minut\" \/>\n<script type=\"application\/ld+json\" class=\"yoast-schema-graph\">{\"@context\":\"https:\\\/\\\/schema.org\",\"@graph\":[{\"@type\":\"WebPage\",\"@id\":\"https:\\\/\\\/tinychat.com\\\/random-cam-chat\\\/\",\"url\":\"https:\\\/\\\/tinychat.com\\\/random-cam-chat\\\/\",\"name\":\"Random Cam Chat with Video Chat on TinyChat.com\",\"isPartOf\":{\"@id\":\"https:\\\/\\\/tinychat.com\\\/#website\"},\"datePublished\":\"2025-08-14T07:43:14+00:00\",\"dateModified\":\"2025-08-14T08:02:20+00:00\",\"description\":\"Enjoying Random Cam Chat? Join over 50,000,000 strangers on TinyChat! Turn on your cam and start meeting new people, or find a match.\",\"breadcrumb\":{\"@id\":\"https:\\\/\\\/tinychat.com\\\/random-cam-chat\\\/#breadcrumb\"},\"inLanguage\":\"pl-PL\",\"potentialAction\":[{\"@type\":\"ReadAction\",\"target\":[\"https:\\\/\\\/tinychat.com\\\/random-cam-chat\\\/\"]}]},{\"@type\":\"BreadcrumbList\",\"@id\":\"https:\\\/\\\/tinychat.com\\\/random-cam-chat\\\/#breadcrumb\",\"itemListElement\":[{\"@type\":\"ListItem\",\"position\":1,\"name\":\"Home\",\"item\":\"https:\\\/\\\/tinychat.com\\\/\"},{\"@type\":\"ListItem\",\"position\":2,\"name\":\"Random Cam Chat\"}]},{\"@type\":\"WebSite\",\"@id\":\"https:\\\/\\\/tinychat.com\\\/#website\",\"url\":\"https:\\\/\\\/tinychat.com\\\/\",\"name\":\"TinyChat\",\"description\":\"Random Video Chat with Strangers\",\"publisher\":{\"@id\":\"https:\\\/\\\/tinychat.com\\\/#organization\"},\"alternateName\":\"TinyChat.com\",\"potentialAction\":[{\"@type\":\"SearchAction\",\"target\":{\"@type\":\"EntryPoint\",\"urlTemplate\":\"https:\\\/\\\/tinychat.com\\\/?s={search_term_string}\"},\"query-input\":{\"@type\":\"PropertyValueSpecification\",\"valueRequired\":true,\"valueName\":\"search_term_string\"}}],\"inLanguage\":\"pl-PL\"},{\"@type\":\"Organization\",\"@id\":\"https:\\\/\\\/tinychat.com\\\/#organization\",\"name\":\"TinyChat\",\"alternateName\":\"TinyChat.com\",\"url\":\"https:\\\/\\\/tinychat.com\\\/\",\"logo\":{\"@type\":\"ImageObject\",\"inLanguage\":\"pl-PL\",\"@id\":\"https:\\\/\\\/tinychat.com\\\/#\\\/schema\\\/logo\\\/image\\\/\",\"url\":\"https:\\\/\\\/tinychat.com\\\/wp-content\\\/uploads\\\/2023\\\/11\\\/Tinychat-icon-square.png\",\"contentUrl\":\"https:\\\/\\\/tinychat.com\\\/wp-content\\\/uploads\\\/2023\\\/11\\\/Tinychat-icon-square.png\",\"width\":284,\"height\":284,\"caption\":\"TinyChat\"},\"image\":{\"@id\":\"https:\\\/\\\/tinychat.com\\\/#\\\/schema\\\/logo\\\/image\\\/\"},\"sameAs\":[\"https:\\\/\\\/www.facebook.com\\\/tinychat\",\"https:\\\/\\\/x.com\\\/tinychat\"]}]}<\/script>\n<!-- \/ Yoast SEO plugin. -->","yoast_head_json":{"title":"Losowy czat przed kamer\u0105 z czatem wideo na TinyChat.com","description":"Lubisz czatowa\u0107 na przypadkowych kamerach? Do\u0142\u0105cz do ponad 50 000 000 nieznajomych na TinyChat! W\u0142\u0105cz kamer\u0119 i zacznij poznawa\u0107 nowych ludzi lub znajd\u017a partnera.","robots":{"index":"index","follow":"follow","max-snippet":"max-snippet:-1","max-image-preview":"max-image-preview:large","max-video-preview":"max-video-preview:-1"},"canonical":"https:\/\/tinychat.com\/pl\/random-cam-chat\/","og_locale":"pl_PL","og_type":"article","og_title":"Random Cam Chat with Video Chat on TinyChat.com","og_description":"Enjoying Random Cam Chat? Join over 50,000,000 strangers on TinyChat! Turn on your cam and start meeting new people, or find a match.","og_url":"https:\/\/tinychat.com\/pl\/random-cam-chat\/","og_site_name":"TinyChat","article_publisher":"https:\/\/www.facebook.com\/tinychat","article_modified_time":"2025-08-14T08:02:20+00:00","og_image":[{"width":1280,"height":284,"url":"https:\/\/tinychat.com\/wp-content\/uploads\/2020\/04\/Tinychat-logo-1280x284-new-black.png","type":"image\/png"}],"twitter_card":"summary_large_image","twitter_site":"@tinychat","twitter_misc":{"Szacowany czas czytania":"6 minut"},"schema":{"@context":"https:\/\/schema.org","@graph":[{"@type":"WebPage","@id":"https:\/\/tinychat.com\/random-cam-chat\/","url":"https:\/\/tinychat.com\/random-cam-chat\/","name":"Losowy czat przed kamer\u0105 z czatem wideo na TinyChat.com","isPartOf":{"@id":"https:\/\/tinychat.com\/#website"},"datePublished":"2025-08-14T07:43:14+00:00","dateModified":"2025-08-14T08:02:20+00:00","description":"Lubisz czatowa\u0107 na przypadkowych kamerach? Do\u0142\u0105cz do ponad 50 000 000 nieznajomych na TinyChat! W\u0142\u0105cz kamer\u0119 i zacznij poznawa\u0107 nowych ludzi lub znajd\u017a partnera.","breadcrumb":{"@id":"https:\/\/tinychat.com\/random-cam-chat\/#breadcrumb"},"inLanguage":"pl-PL","potentialAction":[{"@type":"ReadAction","target":["https:\/\/tinychat.com\/random-cam-chat\/"]}]},{"@type":"BreadcrumbList","@id":"https:\/\/tinychat.com\/random-cam-chat\/#breadcrumb","itemListElement":[{"@type":"ListItem","position":1,"name":"Home","item":"https:\/\/tinychat.com\/"},{"@type":"ListItem","position":2,"name":"Random Cam Chat"}]},{"@type":"WebSite","@id":"https:\/\/tinychat.com\/#website","url":"https:\/\/tinychat.com\/","name":"TinyChat","description":"Losowy czat wideo z nieznajomymi","publisher":{"@id":"https:\/\/tinychat.com\/#organization"},"alternateName":"TinyChat.com","potentialAction":[{"@type":"SearchAction","target":{"@type":"EntryPoint","urlTemplate":"https:\/\/tinychat.com\/?s={search_term_string}"},"query-input":{"@type":"PropertyValueSpecification","valueRequired":true,"valueName":"search_term_string"}}],"inLanguage":"pl-PL"},{"@type":"Organization","@id":"https:\/\/tinychat.com\/#organization","name":"TinyChat","alternateName":"TinyChat.com","url":"https:\/\/tinychat.com\/","logo":{"@type":"ImageObject","inLanguage":"pl-PL","@id":"https:\/\/tinychat.com\/#\/schema\/logo\/image\/","url":"https:\/\/tinychat.com\/wp-content\/uploads\/2023\/11\/Tinychat-icon-square.png","contentUrl":"https:\/\/tinychat.com\/wp-content\/uploads\/2023\/11\/Tinychat-icon-square.png","width":284,"height":284,"caption":"TinyChat"},"image":{"@id":"https:\/\/tinychat.com\/#\/schema\/logo\/image\/"},"sameAs":["https:\/\/www.facebook.com\/tinychat","https:\/\/x.com\/tinychat"]}]}},"_links":{"self":[{"href":"https:\/\/tinychat.com\/pl\/wp-json\/wp\/v2\/pages\/201","targetHints":{"allow":["GET"]}}],"collection":[{"href":"https:\/\/tinychat.com\/pl\/wp-json\/wp\/v2\/pages"}],"about":[{"href":"https:\/\/tinychat.com\/pl\/wp-json\/wp\/v2\/types\/page"}],"author":[{"embeddable":true,"href":"https:\/\/tinychat.com\/pl\/wp-json\/wp\/v2\/users\/8"}],"replies":[{"embeddable":true,"href":"https:\/\/tinychat.com\/pl\/wp-json\/wp\/v2\/comments?post=201"}],"version-history":[{"count":3,"href":"https:\/\/tinychat.com\/pl\/wp-json\/wp\/v2\/pages\/201\/revisions"}],"predecessor-version":[{"id":13447,"href":"https:\/\/tinychat.com\/pl\/wp-json\/wp\/v2\/pages\/201\/revisions\/13447"}],"wp:attachment":[{"href":"https:\/\/tinychat.com\/pl\/wp-json\/wp\/v2\/media?parent=201"}],"curies":[{"name":"wp","href":"https:\/\/api.w.org\/{rel}","templated":true}]}}