{"id":3141,"date":"2025-09-29T11:04:53","date_gmt":"2025-09-29T09:04:53","guid":{"rendered":"https:\/\/tinychat.com\/?page_id=3141"},"modified":"2025-09-29T12:48:03","modified_gmt":"2025-09-29T10:48:03","slug":"paltalk","status":"publish","type":"page","link":"https:\/\/tinychat.com\/pl\/paltalk\/","title":{"rendered":"Paltalk"},"content":{"rendered":"<p>Na rynku czat\u00f3w online pojawia\u0142o si\u0119 i znika\u0142o wiele platform. Od wczesnych dni czat\u00f3w AOL po pojawienie si\u0119 losowych aplikacji do czat\u00f3w wideo, takich jak Omegle, spos\u00f3b, w jaki ludzie \u0142\u0105cz\u0105 si\u0119 online, stale ewoluowa\u0142. Jedn\u0105 z najd\u0142u\u017cej istniej\u0105cych platform, kt\u00f3ra zdo\u0142a\u0142a si\u0119 dostosowa\u0107 i pozosta\u0107 istotna, jest Paltalk - nazwa, kt\u00f3ra istnieje od dziesi\u0119cioleci i nadal przyci\u0105ga miliony u\u017cytkownik\u00f3w.<\/p>\n<p>W przeciwie\u0144stwie do minimalistycznych aplikacji do losowych czat\u00f3w wideo, Paltalk jest hybryd\u0105 czat\u00f3w, wideo i interakcji g\u0142osowych, oferuj\u0105c do\u015bwiadczenie oparte na spo\u0142eczno\u015bci, kt\u00f3re jest zar\u00f3wno nostalgiczne, jak i nowoczesne. Dla u\u017cytkownik\u00f3w, kt\u00f3rzy ceni\u0105 sobie zorganizowane grupy obok rozm\u00f3w jeden na jeden, jest to wyj\u0105tkowa platforma, kt\u00f3ra nadal si\u0119 wyr\u00f3\u017cnia.<\/p>\n<p>Niniejsza recenzja wyja\u015bnia, czym jest Paltalk, jego funkcje, spos\u00f3b dzia\u0142ania, wra\u017cenia u\u017cytkownika, por\u00f3wnania, kwestie bezpiecze\u0144stwa i wskaz\u00f3wki, jak najlepiej go wykorzysta\u0107.<\/p>\n<h2>Co to jest Paltalk?<\/h2>\n<p>Paltalk to us\u0142uga czatu online za\u0142o\u017cona w 1998 roku, co czyni j\u0105 jedn\u0105 z pierwszych platform skupiaj\u0105cych si\u0119 na grupowym czacie wideo i g\u0142osowym. Chocia\u017c ma podobie\u0144stwa z losowymi aplikacjami do czat\u00f3w wideo, jego struktura jest bli\u017csza tradycyjnym chatroomom i spo\u0142eczno\u015bciom internetowym.<\/p>\n<p>W swoim rdzeniu Paltalk zapewnia:<\/p>\n<ul>\n<li>Czaty wideo na okre\u015blone tematy.<\/li>\n<li>Prywatne czaty jeden na jednego.<\/li>\n<li>Po\u0142\u0105czenia g\u0142osowe i grupowe.<\/li>\n<li>Funkcje profilu i znajomych do utrzymywania kontakt\u00f3w.<\/li>\n<\/ul>\n<p>Dzi\u0119ki milionom pobra\u0144 na iOS, Androida i komputery stacjonarne, Paltalk zyska\u0142 reputacj\u0119 jednego z najd\u0142u\u017cej dzia\u0142aj\u0105cych ekosystem\u00f3w czat\u00f3w online.<\/p>\n<h2>Kluczowe cechy Paltalk<\/h2>\n<p>Paltalk wykracza poza losowo\u015b\u0107 aplikacji w stylu Omegle, oferuj\u0105c pe\u0142en zestaw narz\u0119dzi spo\u0142eczno\u015bciowych.<\/p>\n<h3>1. Publiczne czaty wideo<\/h3>\n<ul>\n<li>Tematyczne pokoje rozm\u00f3w, w kt\u00f3rych u\u017cytkownicy gromadz\u0105 si\u0119 wok\u00f3\u0142 temat\u00f3w.<\/li>\n<li>Popularne kategorie obejmuj\u0105 muzyk\u0119, styl \u017cycia, randki i nauk\u0119 j\u0119zyk\u00f3w.<\/li>\n<li>Pokoje mog\u0105 obs\u0142ugiwa\u0107 dziesi\u0105tki, a nawet setki os\u00f3b jednocze\u015bnie.<\/li>\n<\/ul>\n<h3>2. Czat g\u0142osowy i wideo jeden na jednego<\/h3>\n<ul>\n<li>Prywatne rozmowy poza pokojami grupowymi.<\/li>\n<li>Wideo, g\u0142os lub tekst w zale\u017cno\u015bci od preferencji u\u017cytkownika.<\/li>\n<\/ul>\n<h3>3. Obs\u0142uga wielu platform<\/h3>\n<ul>\n<li>Dzia\u0142a na komputerach stacjonarnych (Windows\/Mac) i urz\u0105dzeniach mobilnych (iOS\/Android).<\/li>\n<li>Rozmowy s\u0105 synchronizowane na r\u00f3\u017cnych urz\u0105dzeniach.<\/li>\n<\/ul>\n<h3>4. Profile u\u017cytkownik\u00f3w i znajomi<\/h3>\n<ul>\n<li>Utw\u00f3rz profil z opcjonalnymi szczeg\u00f3\u0142ami.<\/li>\n<li>Dodaj osoby do znajomych, aby pozosta\u0107 w kontakcie.<\/li>\n<li>Wysy\u0142aj prywatne wiadomo\u015bci poza pokojami publicznymi.<\/li>\n<\/ul>\n<h3>5. Naklejki i wirtualne prezenty<\/h3>\n<ul>\n<li>Zintegrowana gospodarka prezentowa.<\/li>\n<li>Wysy\u0142aj zabawne naklejki lub cyfrowe prezenty do innych os\u00f3b w pokojach.<\/li>\n<li>Pomaga wspiera\u0107 platform\u0119 i nagradza\u0107 u\u017cytkownik\u00f3w.<\/li>\n<\/ul>\n<h3>6. Narz\u0119dzia moderacji spo\u0142eczno\u015bci<\/h3>\n<ul>\n<li>Administratorzy pokoju kontroluj\u0105, kto mo\u017ce do\u0142\u0105czy\u0107 i zabra\u0107 g\u0142os.<\/li>\n<li>Funkcje moderacji pomagaj\u0105 utrzyma\u0107 bezpieczne \u015brodowisko.<\/li>\n<\/ul>\n<h3>7. Opcje darmowe i premium<\/h3>\n<ul>\n<li>Dost\u0119pna jest darmowa wersja z podstawowymi funkcjami.<\/li>\n<li>Uaktualnienia Premium usuwaj\u0105 reklamy i odblokowuj\u0105 zaawansowane funkcje, takie jak wideo HD.<\/li>\n<\/ul>\n<h2>Jak u\u017cywa\u0107 Paltalk<\/h2>\n<p>Rozpocz\u0119cie korzystania z Paltalk wymaga nieco wi\u0119cej konfiguracji ni\u017c minimalistyczne aplikacje do losowego czatowania.<\/p>\n<h3>Krok 1: Pobranie aplikacji lub klienta stacjonarnego<\/h3>\n<ul>\n<li>Dost\u0119pna w Google Play, App Store i na komputerach stacjonarnych.<\/li>\n<\/ul>\n<h3>Krok 2: Utw\u00f3rz konto<\/h3>\n<ul>\n<li>Wymagana rejestracja za pomoc\u0105 adresu e-mail lub loginu spo\u0142eczno\u015bciowego.<\/li>\n<li>Skonfiguruj nazw\u0119 u\u017cytkownika i profil podstawowy.<\/li>\n<\/ul>\n<h3>Krok 3: Poznaj pokoje<\/h3>\n<ul>\n<li>Przegl\u0105daj kategorie lub wyszukuj okre\u015blone tematy.<\/li>\n<li>Do\u0142\u0105cz natychmiast do dowolnego pokoju publicznego.<\/li>\n<\/ul>\n<h3>Krok 4: Rozpocznij czat<\/h3>\n<ul>\n<li>W\u0142\u0105cz wideo\/g\u0142os, je\u015bli chcesz wzi\u0105\u0107 udzia\u0142.<\/li>\n<li>U\u017cyj czatu tekstowego, je\u015bli nie chcesz wyst\u0119powa\u0107 przed kamer\u0105.<\/li>\n<\/ul>\n<h3>Krok 5: Dodawanie znajomych i czat prywatny<\/h3>\n<ul>\n<li>Kontynuuj rozmowy prywatnie.<\/li>\n<li>Zbuduj list\u0119 znajomych, aby utrzymywa\u0107 sta\u0142e kontakty.<\/li>\n<\/ul>\n<h2>Wra\u017cenia u\u017cytkownika na Paltalk<\/h2>\n<p>Paltalk zapewnia do\u015bwiadczenie spo\u0142eczno\u015bciowe, kt\u00f3re r\u00f3\u017cni si\u0119 od losowych aplikacji do czatowania.<\/p>\n<h3>Co lubi\u0105 u\u017cytkownicy<\/h3>\n<ul>\n<li>Szeroki wyb\u00f3r czat\u00f3w z aktywnymi spo\u0142eczno\u015bciami.<\/li>\n<li>Po\u0142\u0105czenie opcji tekstowych, g\u0142osowych i wideo.<\/li>\n<li>Umiej\u0119tno\u015b\u0107 nawi\u0105zywania przyja\u017ani i utrzymywania relacji.<\/li>\n<li>Nostalgiczny chatroom z nowoczesnymi narz\u0119dziami.<\/li>\n<li>Dost\u0119pne na r\u00f3\u017cnych urz\u0105dzeniach.<\/li>\n<\/ul>\n<h3>Gdzie u\u017cytkownicy widz\u0105 pole do poprawy<\/h3>\n<ul>\n<li>Wymaga rejestracji (nie anonimowej jak Omegle).<\/li>\n<li>Du\u017ca obecno\u015b\u0107 reklam w wersji darmowej.<\/li>\n<li>Interfejs mo\u017ce wydawa\u0107 si\u0119 przestarza\u0142y w por\u00f3wnaniu do nowszych aplikacji.<\/li>\n<li>Mniejsza globalna ekspozycja ni\u017c w przypadku platform takich jak Bigo Live.<\/li>\n<\/ul>\n<p>Og\u00f3lnie rzecz bior\u0105c, u\u017cytkownicy, kt\u00f3rzy lubi\u0105 zorganizowane grupy i interakcje oparte na spo\u0142eczno\u015bci, zwykle bardziej doceniaj\u0105 Paltalk ni\u017c ci, kt\u00f3rzy chc\u0105 czystej losowo\u015bci.<\/p>\n<h2>Paltalk vs. inne platformy<\/h2>\n<p>Oto jak Paltalk wypada na tle innych platform w przestrzeni czatu:<\/p>\n<table>\n<thead>\n<tr>\n<th>Cecha<\/th>\n<th>Paltalk<\/th>\n<th>Omegle<\/th>\n<th>Chatroulette<\/th>\n<th>ChatHub<\/th>\n<th>Wireclub<\/th>\n<th>Tinychat<\/th>\n<\/tr>\n<\/thead>\n<tbody>\n<tr>\n<td>Publiczne czaty<\/td>\n<td>Tak<\/td>\n<td>Nie<\/td>\n<td>Nie<\/td>\n<td>Nie<\/td>\n<td>Tak<\/td>\n<td>Tak<\/td>\n<\/tr>\n<tr>\n<td>Czat wideo jeden na jednego<\/td>\n<td>Tak<\/td>\n<td>Tak<\/td>\n<td>Tak<\/td>\n<td>Tak<\/td>\n<td>Tak<\/td>\n<td>Tak<\/td>\n<\/tr>\n<tr>\n<td>Czat g\u0142osowy<\/td>\n<td>Tak<\/td>\n<td>Nie<\/td>\n<td>Nie<\/td>\n<td>Nie<\/td>\n<td>Ograniczony<\/td>\n<td>Ograniczony<\/td>\n<\/tr>\n<tr>\n<td>Profile i przyjaciele<\/td>\n<td>Tak<\/td>\n<td>Nie<\/td>\n<td>Nie<\/td>\n<td>Tak<\/td>\n<td>Tak<\/td>\n<td>Tak<\/td>\n<\/tr>\n<tr>\n<td>Ekonomia prezent\u00f3w<\/td>\n<td>Tak<\/td>\n<td>Nie<\/td>\n<td>Nie<\/td>\n<td>Nie<\/td>\n<td>Nie<\/td>\n<td>Nie<\/td>\n<\/tr>\n<tr>\n<td>Przyjazny dla urz\u0105dze\u0144 mobilnych<\/td>\n<td>Tak<\/td>\n<td>Tak<\/td>\n<td>Tak<\/td>\n<td>Tak<\/td>\n<td>Ograniczony<\/td>\n<td>Tak<\/td>\n<\/tr>\n<tr>\n<td>Anonimowo\u015b\u0107<\/td>\n<td>Ograniczony<\/td>\n<td>Silny<\/td>\n<td>Silny<\/td>\n<td>Umiarkowany<\/td>\n<td>Umiarkowany<\/td>\n<td>Umiarkowany<\/td>\n<\/tr>\n<\/tbody>\n<\/table>\n<p>Podsumowanie: Paltalk jest najbardziej zbli\u017cony do Wireclub lub Tinychat, oferuj\u0105c ustrukturyzowane czaty spo\u0142eczno\u015bciowe zamiast czysto losowych po\u0142\u0105cze\u0144.<\/p>\n<h2>Czy Paltalk jest bezpieczny?<\/h2>\n<p>Paltalk k\u0142adzie nacisk na umiar, ale podobnie jak wszystkie platformy z nieznajomymi, wymaga ostro\u017cno\u015bci.<\/p>\n<h3>Wbudowane funkcje bezpiecze\u0144stwa<\/h3>\n<ul>\n<li>Moderatorzy i administratorzy w pokojach publicznych.<\/li>\n<li>Narz\u0119dzia do raportowania i blokowania.<\/li>\n<li>Opcje premium ograniczaj\u0105 ilo\u015b\u0107 spamu.<\/li>\n<\/ul>\n<h3>Wskaz\u00f3wki dotycz\u0105ce bezpiecze\u0144stwa<\/h3>\n<ul>\n<li>Nie udost\u0119pniaj danych osobowych nieznajomym.<\/li>\n<li>Trzymaj si\u0119 dobrze moderowanych pokoj\u00f3w, aby czu\u0107 si\u0119 bezpieczniej.<\/li>\n<li>Nale\u017cy uwa\u017ca\u0107 na nieletnich - rodzice powinni sprawowa\u0107 nadz\u00f3r.<\/li>\n<li>Niezw\u0142ocznie zg\u0142aszaj nieodpowiednie zachowanie.<\/li>\n<\/ul>\n<h2>Wskaz\u00f3wki, jak najlepiej wykorzysta\u0107 Paltalk<\/h2>\n<ul>\n<li>Przegl\u0105daj kategorie - znajdziesz spo\u0142eczno\u015bci dla prawie wszystkich zainteresowa\u0144.<\/li>\n<li>Wypr\u00f3buj czat g\u0142osowy - nie ka\u017cda platforma go oferuje.<\/li>\n<li>Zbuduj list\u0119 znajomych-Paltalk dzia\u0142a najlepiej, gdy pozostajesz w kontakcie.<\/li>\n<li>U\u017cywaj wideo w aktywnych pomieszczeniach - b\u0119dziesz si\u0119 wyr\u00f3\u017cnia\u0107 i bardziej anga\u017cowa\u0107.<\/li>\n<li>Eksperymentuj z prezentami i naklejkami - zabawne sposoby interakcji z innymi.<\/li>\n<li>Korzystaj z aplikacji mobilnej dla wygody.<\/li>\n<\/ul>\n<h2>Typowe problemy i poprawki<\/h2>\n<h3>Problem: Aplikacja zawiesza si\u0119 lub nie \u0142aduje<\/h3>\n<ul>\n<li>Aktualizacja do najnowszej wersji.<\/li>\n<li>W razie potrzeby zainstaluj ponownie.<\/li>\n<\/ul>\n<h3>Problem: Wideo\/audio nie dzia\u0142a<\/h3>\n<ul>\n<li>Sprawd\u017a uprawnienia w ustawieniach aplikacji.<\/li>\n<li>Uruchom ponownie urz\u0105dzenie.<\/li>\n<\/ul>\n<h3>Problem: zbyt wiele reklam<\/h3>\n<ul>\n<li>Uaktualnij do wersji premium, aby korzysta\u0107 z gry bez reklam.<\/li>\n<\/ul>\n<h3>Problem: Spam lub nieodpowiednie zachowanie<\/h3>\n<ul>\n<li>Trzymaj si\u0119 moderowanych pokoj\u00f3w.<\/li>\n<li>Blokowanie\/zg\u0142aszanie przest\u0119pc\u00f3w.<\/li>\n<\/ul>\n<h2>Dlaczego ludzie wybieraj\u0105 Paltalk<\/h2>\n<p>U\u017cytkownicy wybieraj\u0105 Paltalk, poniewa\u017c oferuje on:<\/p>\n<ul>\n<li>Pokoje kierowane przez spo\u0142eczno\u015b\u0107 zamiast czystej losowo\u015bci.<\/li>\n<li>Czat g\u0142osowy opr\u00f3cz tekstu i wideo.<\/li>\n<li>D\u0142ugowieczno\u015b\u0107 - ponad 20 lat nieprzerwanej pracy.<\/li>\n<li>Dost\u0119p mi\u0119dzyplatformowy na urz\u0105dzeniach mobilnych i komputerach stacjonarnych.<\/li>\n<li>Sposoby budowania przyja\u017ani i pozostawania w kontakcie.<\/li>\n<\/ul>\n<p>Jest to idealne rozwi\u0105zanie dla os\u00f3b, kt\u00f3re t\u0119skni\u0105 za klasyczn\u0105 er\u0105 czat\u00f3w, ale chc\u0105 nowoczesnych narz\u0119dzi.<\/p>\n<h2>Przemy\u015blenia ko\u0144cowe: Czy warto u\u017cywa\u0107 Paltalk?<\/h2>\n<p>Je\u015bli szukasz platformy, kt\u00f3ra oferuje co\u015b wi\u0119cej ni\u017c przelotne, losowe czaty, Paltalk to dobry wyb\u00f3r. Chocia\u017c brakuje jej anonimowo\u015bci Omegle lub rozrywki Bigo Live, nadrabia to zorganizowanymi spo\u0142eczno\u015bciami, wszechstronnymi opcjami czatu i wieloletni\u0105 reputacj\u0105.<\/p>\n<p>Czy chcesz:<\/p>\n<ul>\n<li>Do\u0142\u0105cz do o\u017cywionych dyskusji grupowych.<\/li>\n<li>Eksploruj niszowe tematy w moderowanych pokojach.<\/li>\n<li>Czatowanie jeden na jeden z nowymi osobami.<\/li>\n<li>Lub cieszy\u0107 si\u0119 nostalgi\u0105 klasycznych czat\u00f3w...<\/li>\n<\/ul>\n<p>Paltalk zapewnia to wszystko.<\/p>\n<p>W skr\u00f3cie: Paltalk to starsza platforma, kt\u00f3ra \u0142\u0105czy w sobie ducha oldschoolowych czat\u00f3w z nowoczesnymi narz\u0119dziami wideo, g\u0142osowymi i spo\u0142eczno\u015bciowymi. Je\u015bli zale\u017cy ci na spo\u0142eczno\u015bci i przypadkowych spotkaniach, jest to jedna z najlepszych dost\u0119pnych opcji.<\/p>\n<p>Chcesz spr\u00f3bowa\u0107? Pobierz aplikacj\u0119 lub klienta stacjonarnego, utw\u00f3rz bezp\u0142atne konto i zanurz si\u0119 w \u015bwiecie czat\u00f3w na \u017cywo i globalnych po\u0142\u0105cze\u0144.<\/p>","protected":false},"excerpt":{"rendered":"<p>The online chat landscape has seen many platforms come and go. From the early days of AOL chatrooms to the rise of random video chat apps like Omegle, the way people connect online has constantly evolved. Among the longest-standing platforms that has managed to adapt and remain relevant is Paltalk\u2014a name that has been around [&hellip;]<\/p>\n","protected":false},"author":6,"featured_media":0,"parent":0,"menu_order":0,"comment_status":"closed","ping_status":"closed","template":"","meta":{"footnotes":""},"class_list":["post-3141","page","type-page","status-publish","hentry"],"yoast_head":"<!-- This site is optimized with the Yoast SEO plugin v27.6 - https:\/\/yoast.com\/product\/yoast-seo-wordpress\/ -->\n<title>Paltalk - Video Chat with Strangers &amp; Friends - TinyChat.com<\/title>\n<meta name=\"description\" content=\"Enjoying Paltalk? Join over 50,000,000 strangers on TinyChat! Turn on your cam and start meeting new people, or find a match.\" \/>\n<meta name=\"robots\" content=\"index, follow, max-snippet:-1, max-image-preview:large, max-video-preview:-1\" \/>\n<link rel=\"canonical\" href=\"https:\/\/tinychat.com\/pl\/paltalk\/\" \/>\n<meta property=\"og:locale\" content=\"pl_PL\" \/>\n<meta property=\"og:type\" content=\"article\" \/>\n<meta property=\"og:title\" content=\"Paltalk - Video Chat with Strangers &amp; Friends - TinyChat.com\" \/>\n<meta property=\"og:description\" content=\"Enjoying Paltalk? Join over 50,000,000 strangers on TinyChat! Turn on your cam and start meeting new people, or find a match.\" \/>\n<meta property=\"og:url\" content=\"https:\/\/tinychat.com\/pl\/paltalk\/\" \/>\n<meta property=\"og:site_name\" content=\"TinyChat\" \/>\n<meta property=\"article:publisher\" content=\"https:\/\/www.facebook.com\/tinychat\" \/>\n<meta property=\"article:modified_time\" content=\"2025-09-29T10:48:03+00:00\" \/>\n<meta property=\"og:image\" content=\"https:\/\/tinychat.com\/wp-content\/uploads\/2020\/04\/Tinychat-logo-1280x284-new-black.png\" \/>\n\t<meta property=\"og:image:width\" content=\"1280\" \/>\n\t<meta property=\"og:image:height\" content=\"284\" \/>\n\t<meta property=\"og:image:type\" content=\"image\/png\" \/>\n<meta name=\"twitter:card\" content=\"summary_large_image\" \/>\n<meta name=\"twitter:site\" content=\"@tinychat\" \/>\n<meta name=\"twitter:label1\" content=\"Szacowany czas czytania\" \/>\n\t<meta name=\"twitter:data1\" content=\"5 minut\" \/>\n<script type=\"application\/ld+json\" class=\"yoast-schema-graph\">{\"@context\":\"https:\\\/\\\/schema.org\",\"@graph\":[{\"@type\":\"WebPage\",\"@id\":\"https:\\\/\\\/tinychat.com\\\/paltalk\\\/\",\"url\":\"https:\\\/\\\/tinychat.com\\\/paltalk\\\/\",\"name\":\"Paltalk - Video Chat with Strangers & Friends - TinyChat.com\",\"isPartOf\":{\"@id\":\"https:\\\/\\\/tinychat.com\\\/#website\"},\"datePublished\":\"2025-09-29T09:04:53+00:00\",\"dateModified\":\"2025-09-29T10:48:03+00:00\",\"description\":\"Enjoying Paltalk? Join over 50,000,000 strangers on TinyChat! Turn on your cam and start meeting new people, or find a match.\",\"breadcrumb\":{\"@id\":\"https:\\\/\\\/tinychat.com\\\/paltalk\\\/#breadcrumb\"},\"inLanguage\":\"pl-PL\",\"potentialAction\":[{\"@type\":\"ReadAction\",\"target\":[\"https:\\\/\\\/tinychat.com\\\/paltalk\\\/\"]}]},{\"@type\":\"BreadcrumbList\",\"@id\":\"https:\\\/\\\/tinychat.com\\\/paltalk\\\/#breadcrumb\",\"itemListElement\":[{\"@type\":\"ListItem\",\"position\":1,\"name\":\"Home\",\"item\":\"https:\\\/\\\/tinychat.com\\\/\"},{\"@type\":\"ListItem\",\"position\":2,\"name\":\"Paltalk\"}]},{\"@type\":\"WebSite\",\"@id\":\"https:\\\/\\\/tinychat.com\\\/#website\",\"url\":\"https:\\\/\\\/tinychat.com\\\/\",\"name\":\"TinyChat\",\"description\":\"Random Video Chat with Strangers\",\"publisher\":{\"@id\":\"https:\\\/\\\/tinychat.com\\\/#organization\"},\"alternateName\":\"TinyChat.com\",\"potentialAction\":[{\"@type\":\"SearchAction\",\"target\":{\"@type\":\"EntryPoint\",\"urlTemplate\":\"https:\\\/\\\/tinychat.com\\\/?s={search_term_string}\"},\"query-input\":{\"@type\":\"PropertyValueSpecification\",\"valueRequired\":true,\"valueName\":\"search_term_string\"}}],\"inLanguage\":\"pl-PL\"},{\"@type\":\"Organization\",\"@id\":\"https:\\\/\\\/tinychat.com\\\/#organization\",\"name\":\"TinyChat\",\"alternateName\":\"TinyChat.com\",\"url\":\"https:\\\/\\\/tinychat.com\\\/\",\"logo\":{\"@type\":\"ImageObject\",\"inLanguage\":\"pl-PL\",\"@id\":\"https:\\\/\\\/tinychat.com\\\/#\\\/schema\\\/logo\\\/image\\\/\",\"url\":\"https:\\\/\\\/tinychat.com\\\/wp-content\\\/uploads\\\/2023\\\/11\\\/Tinychat-icon-square.png\",\"contentUrl\":\"https:\\\/\\\/tinychat.com\\\/wp-content\\\/uploads\\\/2023\\\/11\\\/Tinychat-icon-square.png\",\"width\":284,\"height\":284,\"caption\":\"TinyChat\"},\"image\":{\"@id\":\"https:\\\/\\\/tinychat.com\\\/#\\\/schema\\\/logo\\\/image\\\/\"},\"sameAs\":[\"https:\\\/\\\/www.facebook.com\\\/tinychat\",\"https:\\\/\\\/x.com\\\/tinychat\"]}]}<\/script>\n<!-- \/ Yoast SEO plugin. -->","yoast_head_json":{"title":"Paltalk - Czat wideo z nieznajomymi i przyjaci\u00f3\u0142mi - TinyChat.com","description":"Korzystasz z Paltalk? Do\u0142\u0105cz do ponad 50 000 000 nieznajomych na TinyChat! W\u0142\u0105cz kamer\u0119 i zacznij poznawa\u0107 nowych ludzi lub znajd\u017a partnera.","robots":{"index":"index","follow":"follow","max-snippet":"max-snippet:-1","max-image-preview":"max-image-preview:large","max-video-preview":"max-video-preview:-1"},"canonical":"https:\/\/tinychat.com\/pl\/paltalk\/","og_locale":"pl_PL","og_type":"article","og_title":"Paltalk - Video Chat with Strangers & Friends - TinyChat.com","og_description":"Enjoying Paltalk? Join over 50,000,000 strangers on TinyChat! Turn on your cam and start meeting new people, or find a match.","og_url":"https:\/\/tinychat.com\/pl\/paltalk\/","og_site_name":"TinyChat","article_publisher":"https:\/\/www.facebook.com\/tinychat","article_modified_time":"2025-09-29T10:48:03+00:00","og_image":[{"width":1280,"height":284,"url":"https:\/\/tinychat.com\/wp-content\/uploads\/2020\/04\/Tinychat-logo-1280x284-new-black.png","type":"image\/png"}],"twitter_card":"summary_large_image","twitter_site":"@tinychat","twitter_misc":{"Szacowany czas czytania":"5 minut"},"schema":{"@context":"https:\/\/schema.org","@graph":[{"@type":"WebPage","@id":"https:\/\/tinychat.com\/paltalk\/","url":"https:\/\/tinychat.com\/paltalk\/","name":"Paltalk - Czat wideo z nieznajomymi i przyjaci\u00f3\u0142mi - TinyChat.com","isPartOf":{"@id":"https:\/\/tinychat.com\/#website"},"datePublished":"2025-09-29T09:04:53+00:00","dateModified":"2025-09-29T10:48:03+00:00","description":"Korzystasz z Paltalk? Do\u0142\u0105cz do ponad 50 000 000 nieznajomych na TinyChat! W\u0142\u0105cz kamer\u0119 i zacznij poznawa\u0107 nowych ludzi lub znajd\u017a partnera.","breadcrumb":{"@id":"https:\/\/tinychat.com\/paltalk\/#breadcrumb"},"inLanguage":"pl-PL","potentialAction":[{"@type":"ReadAction","target":["https:\/\/tinychat.com\/paltalk\/"]}]},{"@type":"BreadcrumbList","@id":"https:\/\/tinychat.com\/paltalk\/#breadcrumb","itemListElement":[{"@type":"ListItem","position":1,"name":"Home","item":"https:\/\/tinychat.com\/"},{"@type":"ListItem","position":2,"name":"Paltalk"}]},{"@type":"WebSite","@id":"https:\/\/tinychat.com\/#website","url":"https:\/\/tinychat.com\/","name":"TinyChat","description":"Losowy czat wideo z nieznajomymi","publisher":{"@id":"https:\/\/tinychat.com\/#organization"},"alternateName":"TinyChat.com","potentialAction":[{"@type":"SearchAction","target":{"@type":"EntryPoint","urlTemplate":"https:\/\/tinychat.com\/?s={search_term_string}"},"query-input":{"@type":"PropertyValueSpecification","valueRequired":true,"valueName":"search_term_string"}}],"inLanguage":"pl-PL"},{"@type":"Organization","@id":"https:\/\/tinychat.com\/#organization","name":"TinyChat","alternateName":"TinyChat.com","url":"https:\/\/tinychat.com\/","logo":{"@type":"ImageObject","inLanguage":"pl-PL","@id":"https:\/\/tinychat.com\/#\/schema\/logo\/image\/","url":"https:\/\/tinychat.com\/wp-content\/uploads\/2023\/11\/Tinychat-icon-square.png","contentUrl":"https:\/\/tinychat.com\/wp-content\/uploads\/2023\/11\/Tinychat-icon-square.png","width":284,"height":284,"caption":"TinyChat"},"image":{"@id":"https:\/\/tinychat.com\/#\/schema\/logo\/image\/"},"sameAs":["https:\/\/www.facebook.com\/tinychat","https:\/\/x.com\/tinychat"]}]}},"_links":{"self":[{"href":"https:\/\/tinychat.com\/pl\/wp-json\/wp\/v2\/pages\/3141","targetHints":{"allow":["GET"]}}],"collection":[{"href":"https:\/\/tinychat.com\/pl\/wp-json\/wp\/v2\/pages"}],"about":[{"href":"https:\/\/tinychat.com\/pl\/wp-json\/wp\/v2\/types\/page"}],"author":[{"embeddable":true,"href":"https:\/\/tinychat.com\/pl\/wp-json\/wp\/v2\/users\/6"}],"replies":[{"embeddable":true,"href":"https:\/\/tinychat.com\/pl\/wp-json\/wp\/v2\/comments?post=3141"}],"version-history":[{"count":3,"href":"https:\/\/tinychat.com\/pl\/wp-json\/wp\/v2\/pages\/3141\/revisions"}],"predecessor-version":[{"id":13546,"href":"https:\/\/tinychat.com\/pl\/wp-json\/wp\/v2\/pages\/3141\/revisions\/13546"}],"wp:attachment":[{"href":"https:\/\/tinychat.com\/pl\/wp-json\/wp\/v2\/media?parent=3141"}],"curies":[{"name":"wp","href":"https:\/\/api.w.org\/{rel}","templated":true}]}}