{"id":3158,"date":"2025-05-09T21:11:08","date_gmt":"2025-05-09T19:11:08","guid":{"rendered":"https:\/\/tinychat.com\/?page_id=3158"},"modified":"2025-06-28T15:55:44","modified_gmt":"2025-06-28T13:55:44","slug":"strangercam","status":"publish","type":"page","link":"https:\/\/tinychat.com\/pl\/strangercam\/","title":{"rendered":"StrangerCam"},"content":{"rendered":"<p>StrangerCam wy\u0142ania si\u0119 jako atrakcyjna platforma dla tych, kt\u00f3rzy szukaj\u0105 natychmiastowych, anonimowych czat\u00f3w wideo z lud\u017ami z ca\u0142ego \u015bwiata. Na pierwszy rzut oka mo\u017ce si\u0119 wydawa\u0107, \u017ce jest to kolejna przypadkowa witryna do czat\u00f3w wideo, ale wej\u015bcie do wirtualnej przestrzeni StrangerCam ujawnia przyjazne dla u\u017cytkownika, starannie zaprojektowane do\u015bwiadczenie, kt\u00f3re \u0142\u0105czy w sobie prostot\u0119, emocje i prywatno\u015b\u0107.<\/p>\n<p>StrangerCam zaspokaja potrzeby zar\u00f3wno ciekawskich nowicjuszy, jak i do\u015bwiadczonych gaw\u0119dziarzy, oferuj\u0105c cyfrowe \u015brodowisko, w kt\u00f3rym spontaniczne rozmowy i prawdziwe interakcje mi\u0119dzyludzkie rozwijaj\u0105 si\u0119 za pomoc\u0105 jednego klikni\u0119cia. Niezale\u017cnie od tego, czy chcesz sp\u0119dzi\u0107 czas, po\u015bmia\u0107 si\u0119, czy pozna\u0107 r\u00f3\u017cne kultury, StrangerCam zamienia przypadkowe spotkania w niezapomniane chwile.<\/p>\n<p>Dzi\u0119ki modelowi niewymagaj\u0105cemu rejestracji, StrangerCam oferuje polityk\u0119 otwartych drzwi do \u015bwiata losowych czat\u00f3w wideo, k\u0142ad\u0105c nacisk na bezpiecze\u0144stwo u\u017cytkownik\u00f3w, anonimowo\u015b\u0107 i przejrzysty interfejs. Platforma ma na celu zar\u00f3wno po\u0142\u0105czenie, jak i wygod\u0119, umo\u017cliwiaj\u0105c u\u017cytkownikom swobodne czatowanie bez obci\u0105\u017ce\u0144 zwi\u0105zanych z zobowi\u0105zaniami lub ujawnianiem danych osobowych.<\/p>\n<h2>Kluczowe cechy StrangerCam<\/h2>\n<p>Atrakcyjno\u015b\u0107 StrangerCam polega nie tylko na tym, co obiecuje - rozmowach wideo w czasie rzeczywistym z nieznajomymi - ale tak\u017ce na tym, jak zapewnia to do\u015bwiadczenie dzi\u0119ki przemy\u015blanym, intuicyjnym funkcjom. Oto zestawienie tego, co sprawia, \u017ce StrangerCam wyr\u00f3\u017cnia si\u0119 na zat\u0142oczonym rynku platform czatowych.<\/p>\n<h3>Losowy czat wideo<\/h3>\n<p>Sercem StrangerCam jest jego podstawowa funkcjonalno\u015b\u0107: natychmiastowe losowe czaty wideo. Wystarczy jedno klikni\u0119cie, by po\u0142\u0105czy\u0107 u\u017cytkownika z osob\u0105 z dowolnego miejsca na \u015bwiecie. Interakcje te s\u0105 efemeryczne, nieskryptowane i od\u015bwie\u017caj\u0105co spontaniczne - podobnie jak nawi\u0105zanie rozmowy z nieznajomym w kawiarni, ale z globalnym zasi\u0119giem Internetu.<\/p>\n<p>Ka\u017cda sesja kryje w sobie potencja\u0142 zaskoczenia, sprawiaj\u0105c, \u017ce ka\u017cde klikni\u0119cie jest skokiem w nieznane. To cyfrowy odpowiednik spo\u0142eczno\u015bciowej przygody, dost\u0119pny 24 godziny na dob\u0119, 7 dni w tygodniu.<\/p>\n<h3>Anonimowo\u015b\u0107 i ochrona prywatno\u015bci<\/h3>\n<p>StrangerCam rozumie, \u017ce prywatno\u015b\u0107 nie podlega negocjacjom w sferze czatu wideo. U\u017cytkownicy nie musz\u0105 si\u0119 rejestrowa\u0107, tworzy\u0107 profili ani podawa\u0107 danych osobowych. Pozostajesz 100% anonimowy, chyba \u017ce zdecydujesz si\u0119 co\u015b ujawni\u0107 podczas interakcji.<\/p>\n<p>Co wi\u0119cej, StrangerCam nie przechowuje rozm\u00f3w ani nagra\u0144 wideo. Ka\u017cda interakcja jest na \u017cywo i efemeryczna, co pozwala nie pozostawia\u0107 po sobie cyfrowego \u015bladu. To zobowi\u0105zanie do dyskrecji u\u017cytkownika jest podstawow\u0105 warto\u015bci\u0105 platformy.<\/p>\n<h3>Bez rejestracji, bez pobierania<\/h3>\n<p>Dost\u0119pno\u015b\u0107 jest kluczowa, a StrangerCam usuwa jak najwi\u0119cej barier wej\u015bcia. Platforma jest oparta na przegl\u0105darce, co oznacza, \u017ce mo\u017cesz rozpocz\u0105\u0107 czatowanie bezpo\u015brednio z telefonu, tabletu lub komputera bez konieczno\u015bci pobierania czegokolwiek.<\/p>\n<p>Ten model bez logowania, bez instalacji zapewnia, \u017ce ka\u017cdy - niezale\u017cnie od umiej\u0119tno\u015bci technicznych - mo\u017ce z \u0142atwo\u015bci\u0105 uczestniczy\u0107. Wystarczy otworzy\u0107 stron\u0119 internetow\u0105, klikn\u0105\u0107 \"Start\" i po\u0142\u0105czy\u0107 si\u0119.<\/p>\n<h3>Filtr p\u0142ci (funkcja Premium)<\/h3>\n<p>Dla u\u017cytkownik\u00f3w poszukuj\u0105cych bardziej dostosowanych do\u015bwiadcze\u0144, StrangerCam oferuje filtr p\u0142ci, kt\u00f3ry pozwala wybra\u0107 p\u0142e\u0107 os\u00f3b, z kt\u00f3rymi chcesz by\u0107 dopasowany. Chocia\u017c funkcja ta jest zablokowana za aktualizacj\u0105 premium, daje ona p\u0142ac\u0105cym u\u017cytkownikom wi\u0119ksz\u0105 kontrol\u0119 nad ich interakcjami.<\/p>\n<p>Mo\u017ce to by\u0107 szczeg\u00f3lnie pomocne dla tych, kt\u00f3rzy maj\u0105 konkretne intencje - romantyczne, przyjacielskie lub czysto konwersacyjne.<\/p>\n<h3>Natychmiastowe ponowne po\u0142\u0105czenie<\/h3>\n<p>StrangerCam oferuje funkcj\u0119 \"Reconnect\", kt\u00f3ra daje u\u017cytkownikom mo\u017cliwo\u015b\u0107 ponownego do\u0142\u0105czenia do czatu, z kt\u00f3rego mogli si\u0119 zbyt wcze\u015bnie roz\u0142\u0105czy\u0107. Jest to szczeg\u00f3lnie przydatne, je\u015bli znacz\u0105ca rozmowa zosta\u0142a przerwana z powodu czkawki technicznej lub przypadkowego klikni\u0119cia.<\/p>\n<p>W cyfrowym \u015bwiecie, w kt\u00f3rym chwile mog\u0105 by\u0107 ulotne, StrangerCam dodaje odrobin\u0119 trwa\u0142o\u015bci do przypadkowych po\u0142\u0105cze\u0144.<\/p>\n<h3>Opcje j\u0119zyka i lokalizacji<\/h3>\n<p>Aby pom\u00f3c zniwelowa\u0107 r\u00f3\u017cnice kulturowe lub znale\u017a\u0107 u\u017cytkownik\u00f3w bli\u017cej domu, StrangerCam oferuje filtry oparte na lokalizacji i opcje j\u0119zykowe. Narz\u0119dzia te pomagaj\u0105 u\u017cytkownikom \u0142\u0105czy\u0107 si\u0119 z innymi, kt\u00f3rzy m\u00f3wi\u0105 tym samym j\u0119zykiem lub mieszkaj\u0105 w podobnych strefach czasowych, dzi\u0119ki czemu rozmowy s\u0105 p\u0142ynniejsze i bardziej zrozumia\u0142e.<\/p>\n<h3>Narz\u0119dzia moderacji i raportowania u\u017cytkownik\u00f3w<\/h3>\n<p>Bezpiecze\u0144stwo jest podstawowym elementem do\u015bwiadczenia StrangerCam. Platforma utrzymuje \u015bcis\u0142y kodeks post\u0119powania i umo\u017cliwia u\u017cytkownikom szybkie i \u0142atwe zg\u0142aszanie niew\u0142a\u015bciwych zachowa\u0144. Obra\u017caj\u0105cy u\u017cytkownicy mog\u0105 zosta\u0107 oznaczeni, wyciszeni lub zbanowani w zale\u017cno\u015bci od wagi ich zachowania.<\/p>\n<p>Moderatorzy sprawdzaj\u0105 zg\u0142oszenia u\u017cytkownik\u00f3w, a system jest stale ulepszany w oparciu o opinie u\u017cytkownik\u00f3w. Rezultatem jest spo\u0142eczno\u015b\u0107, kt\u00f3ra ceni szacunek, tolerancj\u0119 i bezpiecze\u0144stwo.<\/p>\n<h2>Jak u\u017cywa\u0107 StrangerCam<\/h2>\n<p>Rozpocz\u0119cie korzystania ze StrangerCam jest tak proste i intuicyjne, jak to tylko mo\u017cliwe. Niezale\u017cnie od tego, czy jeste\u015b u\u017cytkownikiem po raz pierwszy, czy codziennym bywalcem, proces jest p\u0142ynny i szybki. Oto kr\u00f3tki przewodnik po efektywnym korzystaniu z platformy.<\/p>\n<h3>1. Odwied\u017a stron\u0119 internetow\u0105<\/h3>\n<p>Przejd\u017a do <a href=\"https:\/\/strangercam.com\">StrangerCam<\/a> przy u\u017cyciu dowolnej nowoczesnej przegl\u0105darki. Nie trzeba si\u0119 rejestrowa\u0107 ani logowa\u0107 - wystarczy wej\u015b\u0107 na stron\u0119 g\u0142\u00f3wn\u0105 i mo\u017cna zaczyna\u0107.<\/p>\n<h3>2. W\u0142\u0105cz kamer\u0119 i mikrofon<\/h3>\n<p>Po wy\u015bwietleniu monitu zezw\u00f3l aplikacji StrangerCam na dost\u0119p do kamery internetowej i mikrofonu. S\u0105 one niezb\u0119dne do prowadzenia czatu wideo. Upewnij si\u0119, \u017ce jeste\u015b w dobrze o\u015bwietlonym, cichym miejscu, aby uzyska\u0107 najlepsze wyniki.<\/p>\n<h3>3. Kliknij \"Start\"<\/h3>\n<p>Kliknij przycisk \"Start\", aby rozpocz\u0105\u0107 podr\u00f3\u017c. Zostaniesz natychmiast po\u0142\u0105czony z przypadkowym nieznajomym. Od tego momentu wszystko zale\u017cy od chemii rozmowy.<\/p>\n<h3>4. U\u017cyj \"Dalej\", aby pomin\u0105\u0107<\/h3>\n<p>Nie jeste\u015b z kim\u015b w parze? Wystarczy klikn\u0105\u0107 \"Dalej\", aby zosta\u0107 sparowanym z innym u\u017cytkownikiem. StrangerCam opiera si\u0119 na idei szybkiej rotacji, daj\u0105c ci swobod\u0119 wyszukiwania, dop\u00f3ki nie znajdziesz kogo\u015b interesuj\u0105cego.<\/p>\n<h3>5. Przegl\u0105daj filtry (Premium)<\/h3>\n<p>Je\u015bli uaktualni\u0142e\u015b do wersji premium, mo\u017cesz ustawi\u0107 preferencje dotycz\u0105ce p\u0142ci i lokalizacji, aby zaw\u0119zi\u0107 potencjalnych partner\u00f3w do czatu. Funkcja ta zapewnia dodatkowy poziom personalizacji.<\/p>\n<h3>6. Zg\u0142aszanie lub blokowanie w razie potrzeby<\/h3>\n<p>Je\u015bli napotkasz nieodpowiednie tre\u015bci lub zachowania, kliknij przyciski zg\u0142aszania lub blokowania. Powiadomi to zesp\u00f3\u0142 moderator\u00f3w i zapewni, \u017ce spo\u0142eczno\u015b\u0107 pozostanie bezpieczna dla wszystkich.<\/p>\n<h2>Bezpiecze\u0144stwo i prywatno\u015b\u0107 u\u017cytkownik\u00f3w w StrangerCam<\/h2>\n<p>StrangerCam zdaje sobie spraw\u0119, \u017ce komfort i zaufanie s\u0105 podstaw\u0105 dobrze prosperuj\u0105cej spo\u0142eczno\u015bci online. Dlatego te\u017c wdro\u017cy\u0142a kilka warstw ochrony, aby zapewni\u0107, \u017ce zawsze masz kontrol\u0119 nad swoimi do\u015bwiadczeniami.<\/p>\n<h3>Moderacja w czasie rzeczywistym<\/h3>\n<p>Zesp\u00f3\u0142 oddanych moderator\u00f3w pracuje za kulisami, aby monitorowa\u0107 oflagowane tre\u015bci, bada\u0107 raporty i usuwa\u0107 nieuczciwych u\u017cytkownik\u00f3w. Moderatorzy pomagaj\u0105 egzekwowa\u0107 wytyczne spo\u0142eczno\u015bci i utrzymywa\u0107 \u015brodowisko pe\u0142ne szacunku.<\/p>\n<h3>Anonimowy czat<\/h3>\n<p>StrangerCam nie wymaga podawania danych osobowych, dzi\u0119ki czemu mo\u017cesz czatowa\u0107 ca\u0142kowicie anonimowo. Nie ma profilu, historii u\u017cytkownika ani archiw\u00f3w czat\u00f3w. Masz kontrol\u0119 nad tym, co i kiedy udost\u0119pniasz.<\/p>\n<h3>Bezpiecze\u0144stwo po\u0142\u0105cze\u0144 end-to-end<\/h3>\n<p>Platforma wykorzystuje bezpieczne szyfrowane po\u0142\u0105czenia w celu ochrony przesy\u0142anych danych. Oznacza to, \u017ce strumienie wideo i audio nie s\u0105 przechwytywane ani przechowywane, chroni\u0105c zar\u00f3wno prywatno\u015b\u0107, jak i wydajno\u015b\u0107.<\/p>\n<h3>Wzmocnienie pozycji u\u017cytkownika<\/h3>\n<p>Zach\u0119camy do przej\u0119cia pe\u0142nej kontroli nad swoimi do\u015bwiadczeniami. StrangerCam zapewnia dost\u0119pne narz\u0119dzia do pomijania, zg\u0142aszania lub blokowania u\u017cytkownik\u00f3w, zapewniaj\u0105c, \u017ce nikt nie jest zmuszony do pozostania w niewygodnej interakcji.<\/p>\n<h2>Do\u015bwiadczenie u\u017cytkownika na StrangerCam<\/h2>\n<p>Projekt StrangerCam stawia u\u017cytkownika na pierwszym miejscu. Od minimalistycznego interfejsu po szybki czas \u0142adowania i proste funkcje, ka\u017cdy element do\u015bwiadczenia ma na celu \u0142atwe zaanga\u017cowanie.<\/p>\n<h3>Przejrzysty i intuicyjny interfejs<\/h3>\n<p>Nie ma wyskakuj\u0105cych okienek, zagraconych menu ani przyt\u0142aczaj\u0105cych element\u00f3w projektu. Interfejs jest przejrzysty i kieruje uwag\u0119 u\u017cytkownika na najwa\u017cniejsze do\u015bwiadczenie - okno czatu wideo.<\/p>\n<h3>System szybkiego dopasowywania<\/h3>\n<p>Dopasowanie nast\u0119puje w ci\u0105gu kilku sekund. Niezale\u017cnie od tego, czy \u0142\u0105czysz si\u0119 z komputera stacjonarnego, czy urz\u0105dzenia mobilnego, serwery StrangerCam s\u0105 zoptymalizowane, aby zapewni\u0107 minimalne op\u00f3\u017anienia i kr\u00f3tki czas oczekiwania.<\/p>\n<h3>Projekt przyjazny dla urz\u0105dze\u0144 mobilnych<\/h3>\n<p>StrangerCam jest w pe\u0142ni responsywna i dzia\u0142a p\u0142ynnie na smartfonach i tabletach. Pozwala to u\u017cytkownikom na \u0142\u0105czenie si\u0119 w podr\u00f3\u017cy, co dodatkowo zwi\u0119ksza jej atrakcyjno\u015b\u0107 i elastyczno\u015b\u0107.<\/p>\n<h3>Rzeczywiste opinie u\u017cytkownik\u00f3w<\/h3>\n<blockquote><p>\"W StrangerCam podoba mi si\u0119 to, \u017ce mog\u0119 po prostu wpa\u015b\u0107 na czat, kiedy tylko mam na to ochot\u0119. Nie ma presji i fajnie jest zobaczy\u0107, kogo spotkam\".<br \/>\n- <em>Sophia R., Trustpilot<\/em><\/p><\/blockquote>\n<blockquote><p>\"W rzeczywisto\u015bci jest zaskakuj\u0105co czysty i szybki. Nie jest pe\u0142na bot\u00f3w ani dziwnych rzeczy, jak niekt\u00f3re inne\".<br \/>\n- <em>Kenny M., Google Review<\/em><\/p><\/blockquote>\n<blockquote><p>\"StrangerCam pomog\u0142o mi pozna\u0107 ludzi podczas lockdownu i nadal od czasu do czasu tu zagl\u0105dam. Losowo\u015b\u0107 jest uzale\u017cniaj\u0105ca\".<br \/>\n- <em>Juli\u00e1n T., Reddit<\/em><\/p><\/blockquote>\n<h2>StrangerCam vs. inne platformy czat\u00f3w wideo<\/h2>\n<p>Por\u00f3wnajmy StrangerCam z niekt\u00f3rymi z jego najlepszych konkurent\u00f3w, aby zobaczy\u0107, jak wypada:<\/p>\n<table>\n<thead>\n<tr>\n<th>Platforma<\/th>\n<th>Wymagana rejestracja<\/th>\n<th>Gry<\/th>\n<th>Anonimowo\u015b\u0107<\/th>\n<th>Filtry p\u0142ci<\/th>\n<th>Przyjazny dla urz\u0105dze\u0144 mobilnych<\/th>\n<th>Narz\u0119dzia bezpiecze\u0144stwa<\/th>\n<\/tr>\n<\/thead>\n<tbody>\n<tr>\n<td>StrangerCam<\/td>\n<td>Nie<\/td>\n<td>Nie<\/td>\n<td>Tak<\/td>\n<td>Premium<\/td>\n<td>Tak<\/td>\n<td>Tak<\/td>\n<\/tr>\n<tr>\n<td>Omegle<\/td>\n<td>Nie<\/td>\n<td>Nie<\/td>\n<td>Tak<\/td>\n<td>Nie<\/td>\n<td>Tak<\/td>\n<td>Podstawowy<\/td>\n<\/tr>\n<tr>\n<td>Chatroulette<\/td>\n<td>Nie<\/td>\n<td>Nie<\/td>\n<td>Tak<\/td>\n<td>Nie<\/td>\n<td>Tak<\/td>\n<td>\u26a0\ufe0f Limited<\/td>\n<\/tr>\n<tr>\n<td>Camsurf<\/td>\n<td>Nie<\/td>\n<td>Nie<\/td>\n<td>Tak<\/td>\n<td>Tak<\/td>\n<td>Tak<\/td>\n<td>Dobry<\/td>\n<\/tr>\n<tr>\n<td>Emerald Chat<\/td>\n<td>Tak<\/td>\n<td>Tak<\/td>\n<td>\u274c Cz\u0119\u015bciowy<\/td>\n<td>Tak<\/td>\n<td>Tak<\/td>\n<td>Silny<\/td>\n<\/tr>\n<\/tbody>\n<\/table>\n<p>StrangerCam dobrze konkuruje pod wzgl\u0119dem dost\u0119pno\u015bci, prostoty i prywatno\u015bci, dzi\u0119ki czemu jest preferowanym wyborem dla u\u017cytkownik\u00f3w, kt\u00f3rzy ceni\u0105 sobie szybkie, anonimowe czaty bez rozpraszania uwagi. Cho\u0107 brakuje jej gier w aplikacji, rekompensuje to wydajno\u015bci\u0105 i u\u017cyteczno\u015bci\u0105.<\/p>\n<h2>Wskaz\u00f3wki dotycz\u0105ce bezpiecznego korzystania ze StrangerCam<\/h2>\n<p>Podczas gdy StrangerCam priorytetowo traktuje Twoje bezpiecze\u0144stwo, Twoje w\u0142asne nawyki r\u00f3wnie\u017c odgrywaj\u0105 du\u017c\u0105 rol\u0119. Oto kilka istotnych wskaz\u00f3wek:<\/p>\n<ul>\n<li>Zachowaj anonimowo\u015b\u0107. Nigdy nie udost\u0119pniaj swojego imienia i nazwiska, adresu, numeru telefonu ani innych danych umo\u017cliwiaj\u0105cych identyfikacj\u0119.<\/li>\n<li>Zaufaj swojemu przeczuciu. Je\u015bli co\u015b jest nie tak, kliknij \"Dalej\" lub zg\u0142o\u015b u\u017cytkownika.<\/li>\n<li>Zachowaj szacunek. Post\u0119puj zgodnie z wytycznymi spo\u0142eczno\u015bci, aby przyczyni\u0107 si\u0119 do lepszych do\u015bwiadcze\u0144 dla wszystkich.<\/li>\n<li>U\u017cywaj s\u0142uchawek. Poprawiaj\u0105 one czysto\u015b\u0107 d\u017awi\u0119ku i pomagaj\u0105 zachowa\u0107 prywatno\u015b\u0107 we wsp\u00f3lnych przestrzeniach.<\/li>\n<li>Przygotuj si\u0119 do nagrywania. Dobrze o\u015bwietlone pomieszczenie i neutralne t\u0142o poprawiaj\u0105 jako\u015b\u0107 wideo i pomagaj\u0105 budowa\u0107 relacje.<\/li>\n<li>W razie potrzeby skorzystaj z VPN. Aby zwi\u0119kszy\u0107 bezpiecze\u0144stwo, warto rozwa\u017cy\u0107 maskowanie swojej lokalizacji za pomoc\u0105 wirtualnej sieci prywatnej.<\/li>\n<\/ul>\n<h2>Rozwi\u0105zywanie typowych problem\u00f3w<\/h2>\n<p>Nawet na sprawnie dzia\u0142aj\u0105cej platformie, takiej jak StrangerCam, mog\u0105 pojawi\u0107 si\u0119 drobne problemy. Oto jak je rozwi\u0105za\u0107:<\/p>\n<h3>Kamera lub mikrofon nie zosta\u0142y wykryte<\/h3>\n<ul>\n<li>Upewnij si\u0119, \u017ce uprawnienia s\u0105 w\u0142\u0105czone w ustawieniach przegl\u0105darki. W razie potrzeby uruchom ponownie urz\u0105dzenie.<\/li>\n<\/ul>\n<h3>Niska jako\u015b\u0107 obrazu lub d\u017awi\u0119ku<\/h3>\n<ul>\n<li>Zamknij aplikacje dzia\u0142aj\u0105ce w tle, prze\u0142\u0105cz si\u0119 na silniejsze po\u0142\u0105czenie internetowe i u\u017cyj zewn\u0119trznego mikrofonu lub kamery, je\u015bli to mo\u017cliwe.<\/li>\n<\/ul>\n<h3>Nie mo\u017cna po\u0142\u0105czy\u0107 si\u0119 z StrangerCam<\/h3>\n<ul>\n<li>Wypr\u00f3buj inn\u0105 przegl\u0105dark\u0119 lub wyczy\u015b\u0107 pami\u0119\u0107 podr\u0119czn\u0105 i pliki cookie. Rozwa\u017c skorzystanie z VPN, je\u015bli jest on zablokowany przez twoj\u0105 sie\u0107.<\/li>\n<\/ul>\n<h3>Wielokrotne dopasowanie do tych samych u\u017cytkownik\u00f3w<\/h3>\n<ul>\n<li>Rozszerz ustawienia lokalizacji lub odwied\u017a witryn\u0119 w godzinach najwi\u0119kszego ruchu.<\/li>\n<\/ul>\n<h3>Niew\u0142a\u015bciwe zachowanie<\/h3>\n<ul>\n<li>Natychmiast korzystaj z funkcji raportowania i blokowania. Mo\u017cesz tak\u017ce od\u015bwie\u017cy\u0107 sesj\u0119, aby zresetowa\u0107 histori\u0119 mecz\u00f3w.<\/li>\n<\/ul>\n<p>StrangerCam odnosi sukces tam, gdzie wiele platform czatowych zawodzi - zachowuje r\u00f3wnowag\u0119 mi\u0119dzy prostot\u0105, prywatno\u015bci\u0105 i prawdziwymi kontaktami. Nie ma tu dzwonk\u00f3w i gwizdk\u00f3w, a jedynie czyste, szybkie i bezpieczne \u015brodowisko, w kt\u00f3rym u\u017cytkownicy mog\u0105 prowadzi\u0107 rozmowy z nieznajomymi ze wszystkich zak\u0105tk\u00f3w \u015bwiata.<\/p>\n<p>Dzi\u0119ki przemy\u015blanym funkcjom, takim jak natychmiastowe parowanie wideo, anonimowe czatowanie, filtry p\u0142ci i moderacja w czasie rzeczywistym, StrangerCam zapewnia nowoczesn\u0105 platform\u0119, kt\u00f3ra daje u\u017cytkownikom kontrol\u0119. Niezale\u017cnie od tego, czy jeste\u015b tutaj, aby zabi\u0107 czas, nawi\u0105za\u0107 przyja\u017a\u0144, czy po prostu cieszy\u0107 si\u0119 spontanicznymi przekomarzaniami, StrangerCam zapewnia p\u0142ynne i przyjemne wra\u017cenia.<\/p>\n<p>Wi\u0119c \u015bmia\u0142o - odwied\u017a StrangerCam, kliknij \"Start\" i zobacz, kogo spotkasz jako nast\u0119pnego. Poniewa\u017c w \u015bwiecie pe\u0142nym nieznajomych, czasami wystarczy zwyk\u0142a rozmowa, by poprawi\u0107 sobie dzie\u0144.<\/p>","protected":false},"excerpt":{"rendered":"<p>StrangerCam emerges as a compelling platform for those seeking instant, anonymous video chats with people from around the globe. At first glance, it may seem like just another random video chat site, but stepping into StrangerCam\u2019s virtual space reveals a user-friendly, thoughtfully designed experience that blends simplicity, excitement, and privacy. StrangerCam caters to both the [&hellip;]<\/p>\n","protected":false},"author":6,"featured_media":0,"parent":0,"menu_order":0,"comment_status":"closed","ping_status":"closed","template":"","meta":{"footnotes":""},"class_list":["post-3158","page","type-page","status-publish","hentry"],"yoast_head":"<!-- This site is optimized with the Yoast SEO plugin v27.4 - https:\/\/yoast.com\/product\/yoast-seo-wordpress\/ -->\n<title>StrangerCam - Chat with Strangers on Cam - TinyChat.com<\/title>\n<meta name=\"description\" content=\"Enjoying StrangerCam? Join over 50,000,000 strangers on TinyChat! Turn on your cam and start meeting new people, or find a match.\" \/>\n<meta name=\"robots\" content=\"index, follow, max-snippet:-1, max-image-preview:large, max-video-preview:-1\" \/>\n<link rel=\"canonical\" href=\"https:\/\/tinychat.com\/pl\/strangercam\/\" \/>\n<meta property=\"og:locale\" content=\"pl_PL\" \/>\n<meta property=\"og:type\" content=\"article\" \/>\n<meta property=\"og:title\" content=\"StrangerCam - Chat with Strangers on Cam - TinyChat.com\" \/>\n<meta property=\"og:description\" content=\"Enjoying StrangerCam? Join over 50,000,000 strangers on TinyChat! Turn on your cam and start meeting new people, or find a match.\" \/>\n<meta property=\"og:url\" content=\"https:\/\/tinychat.com\/pl\/strangercam\/\" \/>\n<meta property=\"og:site_name\" content=\"TinyChat\" \/>\n<meta property=\"article:publisher\" content=\"https:\/\/www.facebook.com\/tinychat\" \/>\n<meta property=\"article:modified_time\" content=\"2025-06-28T13:55:44+00:00\" \/>\n<meta property=\"og:image\" content=\"https:\/\/tinychat.com\/wp-content\/uploads\/2020\/04\/Tinychat-logo-1280x284-new-black.png\" \/>\n\t<meta property=\"og:image:width\" content=\"1280\" \/>\n\t<meta property=\"og:image:height\" content=\"284\" \/>\n\t<meta property=\"og:image:type\" content=\"image\/png\" \/>\n<meta name=\"twitter:card\" content=\"summary_large_image\" \/>\n<meta name=\"twitter:site\" content=\"@tinychat\" \/>\n<meta name=\"twitter:label1\" content=\"Szacowany czas czytania\" \/>\n\t<meta name=\"twitter:data1\" content=\"8 minut\" \/>\n<script type=\"application\/ld+json\" class=\"yoast-schema-graph\">{\"@context\":\"https:\\\/\\\/schema.org\",\"@graph\":[{\"@type\":\"WebPage\",\"@id\":\"https:\\\/\\\/tinychat.com\\\/strangercam\\\/\",\"url\":\"https:\\\/\\\/tinychat.com\\\/strangercam\\\/\",\"name\":\"StrangerCam - Chat with Strangers on Cam - TinyChat.com\",\"isPartOf\":{\"@id\":\"https:\\\/\\\/tinychat.com\\\/#website\"},\"datePublished\":\"2025-05-09T19:11:08+00:00\",\"dateModified\":\"2025-06-28T13:55:44+00:00\",\"description\":\"Enjoying StrangerCam? Join over 50,000,000 strangers on TinyChat! Turn on your cam and start meeting new people, or find a match.\",\"breadcrumb\":{\"@id\":\"https:\\\/\\\/tinychat.com\\\/strangercam\\\/#breadcrumb\"},\"inLanguage\":\"pl-PL\",\"potentialAction\":[{\"@type\":\"ReadAction\",\"target\":[\"https:\\\/\\\/tinychat.com\\\/strangercam\\\/\"]}]},{\"@type\":\"BreadcrumbList\",\"@id\":\"https:\\\/\\\/tinychat.com\\\/strangercam\\\/#breadcrumb\",\"itemListElement\":[{\"@type\":\"ListItem\",\"position\":1,\"name\":\"Home\",\"item\":\"https:\\\/\\\/tinychat.com\\\/\"},{\"@type\":\"ListItem\",\"position\":2,\"name\":\"StrangerCam\"}]},{\"@type\":\"WebSite\",\"@id\":\"https:\\\/\\\/tinychat.com\\\/#website\",\"url\":\"https:\\\/\\\/tinychat.com\\\/\",\"name\":\"TinyChat\",\"description\":\"Random Video Chat with Strangers\",\"publisher\":{\"@id\":\"https:\\\/\\\/tinychat.com\\\/#organization\"},\"alternateName\":\"TinyChat.com\",\"potentialAction\":[{\"@type\":\"SearchAction\",\"target\":{\"@type\":\"EntryPoint\",\"urlTemplate\":\"https:\\\/\\\/tinychat.com\\\/?s={search_term_string}\"},\"query-input\":{\"@type\":\"PropertyValueSpecification\",\"valueRequired\":true,\"valueName\":\"search_term_string\"}}],\"inLanguage\":\"pl-PL\"},{\"@type\":\"Organization\",\"@id\":\"https:\\\/\\\/tinychat.com\\\/#organization\",\"name\":\"TinyChat\",\"alternateName\":\"TinyChat.com\",\"url\":\"https:\\\/\\\/tinychat.com\\\/\",\"logo\":{\"@type\":\"ImageObject\",\"inLanguage\":\"pl-PL\",\"@id\":\"https:\\\/\\\/tinychat.com\\\/#\\\/schema\\\/logo\\\/image\\\/\",\"url\":\"https:\\\/\\\/tinychat.com\\\/wp-content\\\/uploads\\\/2023\\\/11\\\/Tinychat-icon-square.png\",\"contentUrl\":\"https:\\\/\\\/tinychat.com\\\/wp-content\\\/uploads\\\/2023\\\/11\\\/Tinychat-icon-square.png\",\"width\":284,\"height\":284,\"caption\":\"TinyChat\"},\"image\":{\"@id\":\"https:\\\/\\\/tinychat.com\\\/#\\\/schema\\\/logo\\\/image\\\/\"},\"sameAs\":[\"https:\\\/\\\/www.facebook.com\\\/tinychat\",\"https:\\\/\\\/x.com\\\/tinychat\"]}]}<\/script>\n<!-- \/ Yoast SEO plugin. -->","yoast_head_json":{"title":"StrangerCam - Czat z nieznajomymi przed kamer\u0105 - TinyChat.com","description":"Podoba ci si\u0119 StrangerCam? Do\u0142\u0105cz do ponad 50 000 000 nieznajomych na TinyChat! W\u0142\u0105cz kamer\u0119 i zacznij poznawa\u0107 nowych ludzi lub znajd\u017a partnera.","robots":{"index":"index","follow":"follow","max-snippet":"max-snippet:-1","max-image-preview":"max-image-preview:large","max-video-preview":"max-video-preview:-1"},"canonical":"https:\/\/tinychat.com\/pl\/strangercam\/","og_locale":"pl_PL","og_type":"article","og_title":"StrangerCam - Chat with Strangers on Cam - TinyChat.com","og_description":"Enjoying StrangerCam? Join over 50,000,000 strangers on TinyChat! Turn on your cam and start meeting new people, or find a match.","og_url":"https:\/\/tinychat.com\/pl\/strangercam\/","og_site_name":"TinyChat","article_publisher":"https:\/\/www.facebook.com\/tinychat","article_modified_time":"2025-06-28T13:55:44+00:00","og_image":[{"width":1280,"height":284,"url":"https:\/\/tinychat.com\/wp-content\/uploads\/2020\/04\/Tinychat-logo-1280x284-new-black.png","type":"image\/png"}],"twitter_card":"summary_large_image","twitter_site":"@tinychat","twitter_misc":{"Szacowany czas czytania":"8 minut"},"schema":{"@context":"https:\/\/schema.org","@graph":[{"@type":"WebPage","@id":"https:\/\/tinychat.com\/strangercam\/","url":"https:\/\/tinychat.com\/strangercam\/","name":"StrangerCam - Czat z nieznajomymi przed kamer\u0105 - TinyChat.com","isPartOf":{"@id":"https:\/\/tinychat.com\/#website"},"datePublished":"2025-05-09T19:11:08+00:00","dateModified":"2025-06-28T13:55:44+00:00","description":"Podoba ci si\u0119 StrangerCam? Do\u0142\u0105cz do ponad 50 000 000 nieznajomych na TinyChat! W\u0142\u0105cz kamer\u0119 i zacznij poznawa\u0107 nowych ludzi lub znajd\u017a partnera.","breadcrumb":{"@id":"https:\/\/tinychat.com\/strangercam\/#breadcrumb"},"inLanguage":"pl-PL","potentialAction":[{"@type":"ReadAction","target":["https:\/\/tinychat.com\/strangercam\/"]}]},{"@type":"BreadcrumbList","@id":"https:\/\/tinychat.com\/strangercam\/#breadcrumb","itemListElement":[{"@type":"ListItem","position":1,"name":"Home","item":"https:\/\/tinychat.com\/"},{"@type":"ListItem","position":2,"name":"StrangerCam"}]},{"@type":"WebSite","@id":"https:\/\/tinychat.com\/#website","url":"https:\/\/tinychat.com\/","name":"TinyChat","description":"Losowy czat wideo z nieznajomymi","publisher":{"@id":"https:\/\/tinychat.com\/#organization"},"alternateName":"TinyChat.com","potentialAction":[{"@type":"SearchAction","target":{"@type":"EntryPoint","urlTemplate":"https:\/\/tinychat.com\/?s={search_term_string}"},"query-input":{"@type":"PropertyValueSpecification","valueRequired":true,"valueName":"search_term_string"}}],"inLanguage":"pl-PL"},{"@type":"Organization","@id":"https:\/\/tinychat.com\/#organization","name":"TinyChat","alternateName":"TinyChat.com","url":"https:\/\/tinychat.com\/","logo":{"@type":"ImageObject","inLanguage":"pl-PL","@id":"https:\/\/tinychat.com\/#\/schema\/logo\/image\/","url":"https:\/\/tinychat.com\/wp-content\/uploads\/2023\/11\/Tinychat-icon-square.png","contentUrl":"https:\/\/tinychat.com\/wp-content\/uploads\/2023\/11\/Tinychat-icon-square.png","width":284,"height":284,"caption":"TinyChat"},"image":{"@id":"https:\/\/tinychat.com\/#\/schema\/logo\/image\/"},"sameAs":["https:\/\/www.facebook.com\/tinychat","https:\/\/x.com\/tinychat"]}]}},"_links":{"self":[{"href":"https:\/\/tinychat.com\/pl\/wp-json\/wp\/v2\/pages\/3158","targetHints":{"allow":["GET"]}}],"collection":[{"href":"https:\/\/tinychat.com\/pl\/wp-json\/wp\/v2\/pages"}],"about":[{"href":"https:\/\/tinychat.com\/pl\/wp-json\/wp\/v2\/types\/page"}],"author":[{"embeddable":true,"href":"https:\/\/tinychat.com\/pl\/wp-json\/wp\/v2\/users\/6"}],"replies":[{"embeddable":true,"href":"https:\/\/tinychat.com\/pl\/wp-json\/wp\/v2\/comments?post=3158"}],"version-history":[{"count":5,"href":"https:\/\/tinychat.com\/pl\/wp-json\/wp\/v2\/pages\/3158\/revisions"}],"predecessor-version":[{"id":13284,"href":"https:\/\/tinychat.com\/pl\/wp-json\/wp\/v2\/pages\/3158\/revisions\/13284"}],"wp:attachment":[{"href":"https:\/\/tinychat.com\/pl\/wp-json\/wp\/v2\/media?parent=3158"}],"curies":[{"name":"wp","href":"https:\/\/api.w.org\/{rel}","templated":true}]}}