{"id":3171,"date":"2025-10-21T11:14:34","date_gmt":"2025-10-21T09:14:34","guid":{"rendered":"https:\/\/tinychat.com\/?page_id=3171"},"modified":"2025-10-21T13:21:20","modified_gmt":"2025-10-21T11:21:20","slug":"chatblink","status":"publish","type":"page","link":"https:\/\/tinychat.com\/pl\/chatblink\/","title":{"rendered":"ChatBlink"},"content":{"rendered":"<p>W dzisiejszym cyfrowym \u015bwiecie, w kt\u00f3rym tak wiele aplikacji opiera si\u0119 na filtrach, obserwuj\u0105cych i p\u0142atnych zaporach, ChatBlink wyr\u00f3\u017cnia si\u0119 prostot\u0105. Jest to \u0142atwa, darmowa platforma do losowego czatowania, kt\u00f3ra natychmiast \u0142\u0105czy ludzi - bez rejestracji, bez pobierania i bez zamieszania. Niezale\u017cnie od tego, czy szukasz szybkiego czatu, nowego znajomego, czy spontanicznej rozmowy wideo z kim\u015b z ca\u0142ego \u015bwiata, ChatBlink oferuje bezpo\u015bredni, przyjemny spos\u00f3b na nawi\u0105zanie kontaktu.<\/p>\n<p>Zbudowany wok\u00f3\u0142 koncepcji anonimowo\u015bci i spontaniczno\u015bci, ChatBlink \u0142\u0105czy w sobie najlepsze cechy losowego czatu wideo i klasycznej interakcji tekstowej. Jest to cz\u0119\u015b\u0107 nowej fali platform utrzymuj\u0105cych otwarte, ludzkie i zabawne do\u015bwiadczenia spo\u0142eczno\u015bciowe online - podobnie jak kiedy\u015b Omegle, ale z p\u0142ynniejsz\u0105 technologi\u0105 i czystszym wygl\u0105dem.<\/p>\n<p>Ta szczeg\u00f3\u0142owa recenzja obejmuje czym jest ChatBlink, jak dzia\u0142a, jego kluczowe funkcje, wra\u017cenia u\u017cytkownika, \u015brodki bezpiecze\u0144stwa, por\u00f3wnania z innymi platformami i praktyczne wskaz\u00f3wki, kt\u00f3re pomog\u0105 Ci w pe\u0142ni wykorzysta\u0107 jego mo\u017cliwo\u015bci.<\/p>\n<h2>Co to jest ChatBlink?<\/h2>\n<p>ChatBlink to losowa platforma czatowa, kt\u00f3ra \u0142\u0105czy u\u017cytkownik\u00f3w z ca\u0142ego \u015bwiata w ci\u0105gu kilku sekund. Mo\u017cesz czatowa\u0107 tekstowo lub w\u0142\u0105czy\u0107 kamer\u0119 internetow\u0105, aby rozmawia\u0107 twarz\u0105 w twarz - wszystko to bez konieczno\u015bci tworzenia konta. G\u0142\u00f3wna idea platformy jest prosta: losowa, anonimowa i bezp\u0142atna komunikacja mi\u0119dzy lud\u017ami, kt\u00f3rzy po prostu chc\u0105 rozmawia\u0107.<\/p>\n<p>Jest przeznaczony dla ka\u017cdego, kto lubi:<\/p>\n<ul>\n<li>Swobodne, nieplanowane rozmowy.<\/li>\n<li>Poznawanie nowych ludzi z r\u00f3\u017cnych kraj\u00f3w.<\/li>\n<li>Czatowanie bez zobowi\u0105za\u0144 i d\u0142ugich rejestracji.<\/li>\n<\/ul>\n<p>W przeciwie\u0144stwie do wielu aplikacji do czatowania, kt\u00f3re ukrywaj\u0105 funkcje za subskrypcjami, ChatBlink utrzymuje wszystko otwarte - wystarczy za\u0142adowa\u0107 stron\u0119, klikn\u0105\u0107 \u201cStart\u201d i rozpocz\u0105\u0107 rozmow\u0119.<\/p>\n<h2>Kluczowe cechy ChatBlink<\/h2>\n<p>Konstrukcja ChatBlink koncentruje si\u0119 na szybko\u015bci, prostocie i elastyczno\u015bci. Oto jego g\u0142\u00f3wne cechy, kt\u00f3re wyr\u00f3\u017cniaj\u0105 go na tle konkurencji:<\/p>\n<h3>1. Losowy czat wideo<\/h3>\n<ul>\n<li>Natychmiastowe po\u0142\u0105czenie z nieznajomym za po\u015brednictwem kamery internetowej.<\/li>\n<li>Wysokiej jako\u015bci wideo z minimalnym op\u00f3\u017anieniem.<\/li>\n<li>Dzia\u0142a w przegl\u0105darce - nie wymaga pobierania.<\/li>\n<\/ul>\n<h3>2. Tryb czatu tekstowego<\/h3>\n<ul>\n<li>Idealny dla u\u017cytkownik\u00f3w, kt\u00f3rzy wol\u0105 pisa\u0107 na klawiaturze ni\u017c ogl\u0105da\u0107 wideo.<\/li>\n<li>\u015awietnie nadaje si\u0119 do prywatnych rozm\u00f3w bez presji.<\/li>\n<li>P\u0142ynne prze\u0142\u0105czanie mi\u0119dzy opcjami tekstowymi i wideo.<\/li>\n<\/ul>\n<h3>3. Natychmiastowy dost\u0119p - bez rejestracji<\/h3>\n<ul>\n<li>Zacznij czatowa\u0107 natychmiast, bez konieczno\u015bci tworzenia konta.<\/li>\n<li>Zachowana anonimowo\u015b\u0107 - brak konieczno\u015bci udost\u0119pniania danych osobowych.<\/li>\n<\/ul>\n<h3>4. Globalny zasi\u0119g<\/h3>\n<ul>\n<li>\u0141\u0105cz si\u0119 z u\u017cytkownikami z ca\u0142ego \u015bwiata.<\/li>\n<li>Poznawaj ludzi z r\u00f3\u017cnych kultur, j\u0119zyk\u00f3w i o r\u00f3\u017cnych zainteresowaniach.<\/li>\n<\/ul>\n<h3>5. Przycisk pomijania<\/h3>\n<ul>\n<li>Natychmiastowe przej\u015bcie do nast\u0119pnej osoby, je\u015bli czat si\u0119 nie powiedzie.<\/li>\n<li>Zapewnia dobr\u0105 zabaw\u0119 i szybkie tempo.<\/li>\n<\/ul>\n<h3>6. Przyjazny dla urz\u0105dze\u0144 mobilnych i komputer\u00f3w stacjonarnych<\/h3>\n<ul>\n<li>Dzia\u0142a bezb\u0142\u0119dnie zar\u00f3wno na smartfonach, jak i komputerach stacjonarnych.<\/li>\n<li>W pe\u0142ni oparty na przegl\u0105darce - nie wymaga aplikacji.<\/li>\n<\/ul>\n<h3>7. Prosty, nowoczesny interfejs<\/h3>\n<ul>\n<li>Czysty, nie rozpraszaj\u0105cy uk\u0142ad.<\/li>\n<li>Zaprojektowany z my\u015bl\u0105 o u\u017cyteczno\u015bci i p\u0142ynnej nawigacji.<\/li>\n<\/ul>\n<h2>Jak korzysta\u0107 z ChatBlink<\/h2>\n<p>Jedn\u0105 z najwi\u0119kszych zalet ChatBlink jest \u0142atwo\u015b\u0107 i szybko\u015b\u0107 obs\u0142ugi.<\/p>\n<h3>Krok 1: Odwied\u017a stron\u0119 internetow\u0105<\/h3>\n<p>Otw\u00f3rz ChatBlink w przegl\u0105darce - nie wymaga pobierania ani rejestracji.<\/p>\n<h3>Krok 2: Wybierz sw\u00f3j tryb<\/h3>\n<p>Wybierz czat tekstowy lub wideo w zale\u017cno\u015bci od preferencji.<\/p>\n<h3>Krok 3: Zezw\u00f3l na dost\u0119p do kamery i mikrofonu<\/h3>\n<p>Je\u015bli korzystasz z wideo, nadaj przegl\u0105darce uprawnienia po wy\u015bwietleniu monitu.<\/p>\n<h3>Krok 4: Kliknij \"Start\"<\/h3>\n<p>Zostaniesz natychmiast sparowany z przypadkowym nieznajomym.<\/p>\n<h3>Krok 5: Czat, po\u0142\u0105czenie lub pomini\u0119cie<\/h3>\n<p>Ciesz si\u0119 rozmow\u0105 - lub naci\u015bnij \u201cDalej\u201d, aby przej\u015b\u0107 dalej i pozna\u0107 kogo\u015b nowego.<\/p>\n<p>To wszystko, czego potrzeba - czatowanie trwa kilka sekund.<\/p>\n<h2>Wra\u017cenia u\u017cytkownika na ChatBlink<\/h2>\n<p>ChatBlink zapewnia p\u0142ynn\u0105, lekk\u0105 prac\u0119, kt\u00f3ra przemawia do u\u017cytkownik\u00f3w ceni\u0105cych szybko\u015b\u0107 i prostot\u0119.<\/p>\n<h3>Co lubi\u0105 u\u017cytkownicy<\/h3>\n<ul>\n<li>Natychmiastowy dost\u0119p - bez rejestracji.<\/li>\n<li>Dzia\u0142a doskonale na urz\u0105dzeniach mobilnych i komputerach stacjonarnych.<\/li>\n<li>Szybkie po\u0142\u0105czenia z minimalnymi op\u00f3\u017anieniami.<\/li>\n<li>Darmowy i anonimowy.<\/li>\n<li>Tryby tekstowy i wideo w jednym miejscu.<\/li>\n<\/ul>\n<h3>Gdzie u\u017cytkownicy widz\u0105 pole do poprawy<\/h3>\n<ul>\n<li>Brak list znajomych i funkcji profilu.<\/li>\n<li>Ograniczone filtry (nie mo\u017cna wybra\u0107 p\u0142ci ani kraju).<\/li>\n<li>Sporadyczni u\u017cytkownicy spamu.<\/li>\n<li>Brak funkcji ponownego po\u0142\u0105czenia dla utraconych rozm\u00f3w.<\/li>\n<\/ul>\n<p>Pomimo tych kompromis\u00f3w, ChatBlink pozostaje faworytem dla u\u017cytkownik\u00f3w, kt\u00f3rzy chc\u0105 szybkich, niezobowi\u0105zuj\u0105cych rozm\u00f3w bez barier.<\/p>\n<h2>ChatBlink vs. inne platformy czatu<\/h2>\n<p>Oto jak ChatBlink wypada na tle innych popularnych serwis\u00f3w czatowych:<\/p>\n<table>\n<thead>\n<tr>\n<th>Cecha<\/th>\n<th>ChatBlink<\/th>\n<th>Omegle<\/th>\n<th>Chatroulette<\/th>\n<th>ChatHub<\/th>\n<th>Emerald Chat<\/th>\n<th>ChatRandom<\/th>\n<\/tr>\n<\/thead>\n<tbody>\n<tr>\n<td>Losowy czat wideo<\/td>\n<td>Tak<\/td>\n<td>Tak<\/td>\n<td>Tak<\/td>\n<td>Tak<\/td>\n<td>Tak<\/td>\n<td>Tak<\/td>\n<\/tr>\n<tr>\n<td>Czat tekstowy<\/td>\n<td>Tak<\/td>\n<td>Tak<\/td>\n<td>Tak<\/td>\n<td>Tak<\/td>\n<td>Tak<\/td>\n<td>Tak<\/td>\n<\/tr>\n<tr>\n<td>Wymagana rejestracja<\/td>\n<td>Nie<\/td>\n<td>Nie<\/td>\n<td>Nie<\/td>\n<td>Opcjonalnie<\/td>\n<td>Opcjonalnie<\/td>\n<td>Opcjonalnie<\/td>\n<\/tr>\n<tr>\n<td>Filtry p\u0142ci\/lokalizacji<\/td>\n<td>Nie<\/td>\n<td>Nie<\/td>\n<td>Ograniczony<\/td>\n<td>Tak<\/td>\n<td>Tak<\/td>\n<td>Tak<\/td>\n<\/tr>\n<tr>\n<td>Profile\/listy znajomych<\/td>\n<td>Nie<\/td>\n<td>Nie<\/td>\n<td>Nie<\/td>\n<td>Tak<\/td>\n<td>Tak<\/td>\n<td>Tak<\/td>\n<\/tr>\n<tr>\n<td>Przyjazny dla urz\u0105dze\u0144 mobilnych<\/td>\n<td>Tak<\/td>\n<td>Tak<\/td>\n<td>Tak<\/td>\n<td>Tak<\/td>\n<td>Tak<\/td>\n<td>Tak<\/td>\n<\/tr>\n<tr>\n<td>Bezp\u0142atny dost\u0119p<\/td>\n<td>Zawsze<\/td>\n<td>Zawsze<\/td>\n<td>Zawsze<\/td>\n<td>Tak<\/td>\n<td>Tak<\/td>\n<td>Tak<\/td>\n<\/tr>\n<\/tbody>\n<\/table>\n<p>Podsumowanie: ChatBlink oferuje surow\u0105 prostot\u0119 Omegle ze stabilno\u015bci\u0105 nowoczesnych platform, takich jak ChatHub - idealny dla u\u017cytkownik\u00f3w, kt\u00f3rzy preferuj\u0105 szybki, anonimowy czat bez dodatk\u00f3w.<\/p>\n<h2>Czy ChatBlink jest bezpieczny?<\/h2>\n<p>ChatBlink ceni prywatno\u015b\u0107 u\u017cytkownik\u00f3w, utrzymuj\u0105c anonimowo\u015b\u0107 i brak rejestracji. Jednak, jak w przypadku ka\u017cdej otwartej platformy, bezpiecze\u0144stwo zale\u017cy od odpowiedzialnego u\u017cytkowania.<\/p>\n<h3>Wbudowane funkcje bezpiecze\u0144stwa<\/h3>\n<ul>\n<li>Anonimowe czaty - nie s\u0105 wymagane \u017cadne dane osobowe.<\/li>\n<li>Przycisk pomijania umo\u017cliwia natychmiastowe opuszczenie dowolnej rozmowy.<\/li>\n<li>Czaty nie s\u0105 przechowywane ani zapisywane.<\/li>\n<\/ul>\n<h3>Wskaz\u00f3wki bezpiecze\u0144stwa dla u\u017cytkownik\u00f3w<\/h3>\n<ul>\n<li>Nigdy nie udost\u0119pniaj danych osobowych (prawdziwego imienia i nazwiska, adresu lub danych kontaktowych).<\/li>\n<li>Zako\u0144cz rozmowy, kt\u00f3re sprawiaj\u0105, \u017ce czujesz si\u0119 niekomfortowo.<\/li>\n<li>Unikaj klikania link\u00f3w od nieznajomych.<\/li>\n<li>Rodzice powinni nadzorowa\u0107 nieletnich korzystaj\u0105cych z platformy.<\/li>\n<li>U\u017cyj VPN dla dodatkowej ochrony prywatno\u015bci.<\/li>\n<\/ul>\n<p>U\u017cywany odpowiedzialnie, ChatBlink jest bezpiecznym i prostym sposobem na poznawanie ludzi online.<\/p>\n<h2>Wskaz\u00f3wki, jak najlepiej wykorzysta\u0107 ChatBlink<\/h2>\n<ul>\n<li>Wypr\u00f3buj r\u00f3\u017cne godziny - godziny szczytu przynosz\u0105 wi\u0119cej aktywnych u\u017cytkownik\u00f3w.<\/li>\n<li>U\u017cywaj s\u0142uchawek dla wyra\u017aniejszego d\u017awi\u0119ku i prywatno\u015bci.<\/li>\n<li>Zacznij od prostych temat\u00f3w - pomaga to prze\u0142ama\u0107 lody.<\/li>\n<li>Dobre o\u015bwietlenie sprawia, \u017ce rozmowy wideo s\u0105 przyjemniejsze.<\/li>\n<li>Zachowaj swobod\u0119 - unikaj przemy\u015blanych rozm\u00f3w.<\/li>\n<li>Pomi\u0144 szybko, je\u015bli atmosfera nie jest odpowiednia - zawsze czeka inny mecz.<\/li>\n<\/ul>\n<p>Te niewielkie zmiany mog\u0105 sprawi\u0107, \u017ce korzystanie z gry b\u0119dzie p\u0142ynniejsze i przyjemniejsze.<\/p>\n<h2>Typowe problemy i poprawki<\/h2>\n<h3>Problem: Nie dzia\u0142a kamera lub mikrofon<\/h3>\n<ul>\n<li>Sprawd\u017a ustawienia przegl\u0105darki pod k\u0105tem uprawnie\u0144.<\/li>\n<li>Uruchom ponownie przegl\u0105dark\u0119 lub urz\u0105dzenie.<\/li>\n<li>Zamknij wszystkie inne aplikacje korzystaj\u0105ce z kamery internetowej.<\/li>\n<\/ul>\n<h3>Problem: Wolne po\u0142\u0105czenie lub op\u00f3\u017anienie<\/h3>\n<ul>\n<li>Prze\u0142\u0105cz si\u0119 na stabilne po\u0142\u0105czenie Wi-Fi.<\/li>\n<li>Zamykaj karty lub aplikacje dzia\u0142aj\u0105ce w tle, kt\u00f3re wymagaj\u0105 du\u017cej przepustowo\u015bci.<\/li>\n<\/ul>\n<h3>Problem: Niewielu u\u017cytkownik\u00f3w online<\/h3>\n<ul>\n<li>Spr\u00f3buj w regionalnych godzinach wieczornych.<\/li>\n<li>Od\u015bwie\u017c stron\u0119, aby zresetowa\u0107 kolejk\u0119.<\/li>\n<\/ul>\n<h3>Problem: napotykanie spamu<\/h3>\n<ul>\n<li>Pomi\u0144 natychmiast.<\/li>\n<li>U\u017cyj narz\u0119dzi do raportowania, je\u015bli s\u0105 dost\u0119pne.<\/li>\n<\/ul>\n<h2>Dlaczego ludzie wybieraj\u0105 ChatBlink<\/h2>\n<p>Popularno\u015b\u0107 ChatBlink sprowadza si\u0119 do szybko\u015bci, prostoty i autentyczno\u015bci. Usuwa wszystko, co niepotrzebne i skupia si\u0119 na czystej rado\u015bci z \u0142\u0105czenia si\u0119 z innymi.<\/p>\n<p>Ludzie uwielbiaj\u0105 go za:<\/p>\n<ul>\n<li>Natychmiastowy, anonimowy czat.<\/li>\n<li>Bez rejestracji i logowania.<\/li>\n<li>Darmowe opcje tekstowe i wideo.<\/li>\n<li>Przejrzysty, przyjazny dla urz\u0105dze\u0144 mobilnych interfejs.<\/li>\n<li>Globalna baza u\u017cytkownik\u00f3w.<\/li>\n<\/ul>\n<p>Jest to platforma dla ka\u017cdego, kto ceni sobie po\u0142\u0105czenie bez z\u0142o\u017cono\u015bci - co\u015b coraz rzadszego w dzisiejszym cyfrowym \u015bwiecie.<\/p>\n<h2>Przemy\u015blenia ko\u0144cowe: Czy warto u\u017cywa\u0107 ChatBlink?<\/h2>\n<p>Je\u015bli szukasz szybkiej, bezp\u0142atnej i anonimowej platformy do czatowania, ChatBlink absolutnie zas\u0142uguje na miejsce na twojej li\u015bcie. Jest to jedna z tych witryn, kt\u00f3re pozostaj\u0105 wierne temu, co sprawia, \u017ce czatowanie jest zabawne - dreszczyk emocji zwi\u0105zany z poznawaniem kogo\u015b nowego, bez oczekiwa\u0144 i zobowi\u0105za\u0144.<\/p>\n<p>Chocia\u017c nie ma zaawansowanych filtr\u00f3w ani list znajomych platform takich jak ChatHub lub Emerald Chat, jego prostota jest jego najwi\u0119ksz\u0105 si\u0142\u0105. Wystarczy j\u0105 otworzy\u0107, klikn\u0105\u0107 \u201cStart\u201d i natychmiast rozpocz\u0105\u0107 rozmow\u0119 z kim\u015b z dowolnego miejsca na \u015bwiecie.<\/p>\n<p>Czy chcesz:<\/p>\n<ul>\n<li>Kr\u00f3tka, przypadkowa rozmowa,<\/li>\n<li>Poznawa\u0107 ludzi z nowych kraj\u00f3w lub<\/li>\n<li>Po prostu zrelaksuj si\u0119 i porozmawiaj z kim\u015b spoza swojego zwyk\u0142ego kr\u0119gu...<\/li>\n<\/ul>\n<p>ChatBlink zapewnia dok\u0142adnie to.<\/p>\n<p>W skr\u00f3cie: ChatBlink to lekka strona czatu bez rejestracji, kt\u00f3ra \u0142\u0105czy w sobie nostalgi\u0119 za wczesnymi pokojami rozm\u00f3w z szybko\u015bci\u0105 nowoczesnej technologii wideo. Jest idealny do spontanicznych, prawdziwych po\u0142\u0105cze\u0144 - darmowy, prywatny i dost\u0119pny w ka\u017cdej chwili.<\/p>\n<p>Gotowy, by spr\u00f3bowa\u0107? Odwied\u017a ChatBlink, naci\u015bnij \u201cStart\u201d i zobacz, kogo spotkasz - rozmowy na ca\u0142ym \u015bwiecie s\u0105 dost\u0119pne za jednym klikni\u0119ciem.<\/p>","protected":false},"excerpt":{"rendered":"<p>In today\u2019s digital world, where so many apps rely on filters, followers, and paywalls, ChatBlink stands out for keeping things simple. It\u2019s an easy, free random chat platform that connects people instantly \u2014 no registration, no downloads, and no fuss. Whether you\u2019re looking for a quick chat, a new friend, or a spontaneous video conversation [&hellip;]<\/p>\n","protected":false},"author":6,"featured_media":0,"parent":0,"menu_order":0,"comment_status":"closed","ping_status":"closed","template":"","meta":{"footnotes":""},"class_list":["post-3171","page","type-page","status-publish","hentry"],"yoast_head":"<!-- This site is optimized with the Yoast SEO plugin v27.4 - https:\/\/yoast.com\/product\/yoast-seo-wordpress\/ -->\n<title>ChatBlink - Free Online Chat &amp; Meet New Friends - TinyChat.com<\/title>\n<meta name=\"description\" content=\"Enjoying ChatBlink? Join over 50,000,000 strangers on TinyChat! Turn on your cam and start meeting new people, or find a match.\" \/>\n<meta name=\"robots\" content=\"index, follow, max-snippet:-1, max-image-preview:large, max-video-preview:-1\" \/>\n<link rel=\"canonical\" href=\"https:\/\/tinychat.com\/pl\/chatblink\/\" \/>\n<meta property=\"og:locale\" content=\"pl_PL\" \/>\n<meta property=\"og:type\" content=\"article\" \/>\n<meta property=\"og:title\" content=\"ChatBlink - Free Online Chat &amp; Meet New Friends - TinyChat.com\" \/>\n<meta property=\"og:description\" content=\"Enjoying ChatBlink? Join over 50,000,000 strangers on TinyChat! Turn on your cam and start meeting new people, or find a match.\" \/>\n<meta property=\"og:url\" content=\"https:\/\/tinychat.com\/pl\/chatblink\/\" \/>\n<meta property=\"og:site_name\" content=\"TinyChat\" \/>\n<meta property=\"article:publisher\" content=\"https:\/\/www.facebook.com\/tinychat\" \/>\n<meta property=\"article:modified_time\" content=\"2025-10-21T11:21:20+00:00\" \/>\n<meta property=\"og:image\" content=\"https:\/\/tinychat.com\/wp-content\/uploads\/2020\/04\/Tinychat-logo-1280x284-new-black.png\" \/>\n\t<meta property=\"og:image:width\" content=\"1280\" \/>\n\t<meta property=\"og:image:height\" content=\"284\" \/>\n\t<meta property=\"og:image:type\" content=\"image\/png\" \/>\n<meta name=\"twitter:card\" content=\"summary_large_image\" \/>\n<meta name=\"twitter:site\" content=\"@tinychat\" \/>\n<meta name=\"twitter:label1\" content=\"Szacowany czas czytania\" \/>\n\t<meta name=\"twitter:data1\" content=\"6 minut\" \/>\n<script type=\"application\/ld+json\" class=\"yoast-schema-graph\">{\"@context\":\"https:\\\/\\\/schema.org\",\"@graph\":[{\"@type\":\"WebPage\",\"@id\":\"https:\\\/\\\/tinychat.com\\\/chatblink\\\/\",\"url\":\"https:\\\/\\\/tinychat.com\\\/chatblink\\\/\",\"name\":\"ChatBlink - Free Online Chat & Meet New Friends - TinyChat.com\",\"isPartOf\":{\"@id\":\"https:\\\/\\\/tinychat.com\\\/#website\"},\"datePublished\":\"2025-10-21T09:14:34+00:00\",\"dateModified\":\"2025-10-21T11:21:20+00:00\",\"description\":\"Enjoying ChatBlink? Join over 50,000,000 strangers on TinyChat! Turn on your cam and start meeting new people, or find a match.\",\"breadcrumb\":{\"@id\":\"https:\\\/\\\/tinychat.com\\\/chatblink\\\/#breadcrumb\"},\"inLanguage\":\"pl-PL\",\"potentialAction\":[{\"@type\":\"ReadAction\",\"target\":[\"https:\\\/\\\/tinychat.com\\\/chatblink\\\/\"]}]},{\"@type\":\"BreadcrumbList\",\"@id\":\"https:\\\/\\\/tinychat.com\\\/chatblink\\\/#breadcrumb\",\"itemListElement\":[{\"@type\":\"ListItem\",\"position\":1,\"name\":\"Home\",\"item\":\"https:\\\/\\\/tinychat.com\\\/\"},{\"@type\":\"ListItem\",\"position\":2,\"name\":\"ChatBlink\"}]},{\"@type\":\"WebSite\",\"@id\":\"https:\\\/\\\/tinychat.com\\\/#website\",\"url\":\"https:\\\/\\\/tinychat.com\\\/\",\"name\":\"TinyChat\",\"description\":\"Random Video Chat with Strangers\",\"publisher\":{\"@id\":\"https:\\\/\\\/tinychat.com\\\/#organization\"},\"alternateName\":\"TinyChat.com\",\"potentialAction\":[{\"@type\":\"SearchAction\",\"target\":{\"@type\":\"EntryPoint\",\"urlTemplate\":\"https:\\\/\\\/tinychat.com\\\/?s={search_term_string}\"},\"query-input\":{\"@type\":\"PropertyValueSpecification\",\"valueRequired\":true,\"valueName\":\"search_term_string\"}}],\"inLanguage\":\"pl-PL\"},{\"@type\":\"Organization\",\"@id\":\"https:\\\/\\\/tinychat.com\\\/#organization\",\"name\":\"TinyChat\",\"alternateName\":\"TinyChat.com\",\"url\":\"https:\\\/\\\/tinychat.com\\\/\",\"logo\":{\"@type\":\"ImageObject\",\"inLanguage\":\"pl-PL\",\"@id\":\"https:\\\/\\\/tinychat.com\\\/#\\\/schema\\\/logo\\\/image\\\/\",\"url\":\"https:\\\/\\\/tinychat.com\\\/wp-content\\\/uploads\\\/2023\\\/11\\\/Tinychat-icon-square.png\",\"contentUrl\":\"https:\\\/\\\/tinychat.com\\\/wp-content\\\/uploads\\\/2023\\\/11\\\/Tinychat-icon-square.png\",\"width\":284,\"height\":284,\"caption\":\"TinyChat\"},\"image\":{\"@id\":\"https:\\\/\\\/tinychat.com\\\/#\\\/schema\\\/logo\\\/image\\\/\"},\"sameAs\":[\"https:\\\/\\\/www.facebook.com\\\/tinychat\",\"https:\\\/\\\/x.com\\\/tinychat\"]}]}<\/script>\n<!-- \/ Yoast SEO plugin. -->","yoast_head_json":{"title":"ChatBlink - Darmowy czat online i poznaj nowych przyjaci\u00f3\u0142 - TinyChat.com","description":"Korzystasz z ChatBlink? Do\u0142\u0105cz do ponad 50 000 000 nieznajomych na TinyChat! W\u0142\u0105cz kamer\u0119 i zacznij poznawa\u0107 nowych ludzi lub znajd\u017a partnera.","robots":{"index":"index","follow":"follow","max-snippet":"max-snippet:-1","max-image-preview":"max-image-preview:large","max-video-preview":"max-video-preview:-1"},"canonical":"https:\/\/tinychat.com\/pl\/chatblink\/","og_locale":"pl_PL","og_type":"article","og_title":"ChatBlink - Free Online Chat & Meet New Friends - TinyChat.com","og_description":"Enjoying ChatBlink? Join over 50,000,000 strangers on TinyChat! Turn on your cam and start meeting new people, or find a match.","og_url":"https:\/\/tinychat.com\/pl\/chatblink\/","og_site_name":"TinyChat","article_publisher":"https:\/\/www.facebook.com\/tinychat","article_modified_time":"2025-10-21T11:21:20+00:00","og_image":[{"width":1280,"height":284,"url":"https:\/\/tinychat.com\/wp-content\/uploads\/2020\/04\/Tinychat-logo-1280x284-new-black.png","type":"image\/png"}],"twitter_card":"summary_large_image","twitter_site":"@tinychat","twitter_misc":{"Szacowany czas czytania":"6 minut"},"schema":{"@context":"https:\/\/schema.org","@graph":[{"@type":"WebPage","@id":"https:\/\/tinychat.com\/chatblink\/","url":"https:\/\/tinychat.com\/chatblink\/","name":"ChatBlink - Darmowy czat online i poznaj nowych przyjaci\u00f3\u0142 - TinyChat.com","isPartOf":{"@id":"https:\/\/tinychat.com\/#website"},"datePublished":"2025-10-21T09:14:34+00:00","dateModified":"2025-10-21T11:21:20+00:00","description":"Korzystasz z ChatBlink? Do\u0142\u0105cz do ponad 50 000 000 nieznajomych na TinyChat! W\u0142\u0105cz kamer\u0119 i zacznij poznawa\u0107 nowych ludzi lub znajd\u017a partnera.","breadcrumb":{"@id":"https:\/\/tinychat.com\/chatblink\/#breadcrumb"},"inLanguage":"pl-PL","potentialAction":[{"@type":"ReadAction","target":["https:\/\/tinychat.com\/chatblink\/"]}]},{"@type":"BreadcrumbList","@id":"https:\/\/tinychat.com\/chatblink\/#breadcrumb","itemListElement":[{"@type":"ListItem","position":1,"name":"Home","item":"https:\/\/tinychat.com\/"},{"@type":"ListItem","position":2,"name":"ChatBlink"}]},{"@type":"WebSite","@id":"https:\/\/tinychat.com\/#website","url":"https:\/\/tinychat.com\/","name":"TinyChat","description":"Losowy czat wideo z nieznajomymi","publisher":{"@id":"https:\/\/tinychat.com\/#organization"},"alternateName":"TinyChat.com","potentialAction":[{"@type":"SearchAction","target":{"@type":"EntryPoint","urlTemplate":"https:\/\/tinychat.com\/?s={search_term_string}"},"query-input":{"@type":"PropertyValueSpecification","valueRequired":true,"valueName":"search_term_string"}}],"inLanguage":"pl-PL"},{"@type":"Organization","@id":"https:\/\/tinychat.com\/#organization","name":"TinyChat","alternateName":"TinyChat.com","url":"https:\/\/tinychat.com\/","logo":{"@type":"ImageObject","inLanguage":"pl-PL","@id":"https:\/\/tinychat.com\/#\/schema\/logo\/image\/","url":"https:\/\/tinychat.com\/wp-content\/uploads\/2023\/11\/Tinychat-icon-square.png","contentUrl":"https:\/\/tinychat.com\/wp-content\/uploads\/2023\/11\/Tinychat-icon-square.png","width":284,"height":284,"caption":"TinyChat"},"image":{"@id":"https:\/\/tinychat.com\/#\/schema\/logo\/image\/"},"sameAs":["https:\/\/www.facebook.com\/tinychat","https:\/\/x.com\/tinychat"]}]}},"_links":{"self":[{"href":"https:\/\/tinychat.com\/pl\/wp-json\/wp\/v2\/pages\/3171","targetHints":{"allow":["GET"]}}],"collection":[{"href":"https:\/\/tinychat.com\/pl\/wp-json\/wp\/v2\/pages"}],"about":[{"href":"https:\/\/tinychat.com\/pl\/wp-json\/wp\/v2\/types\/page"}],"author":[{"embeddable":true,"href":"https:\/\/tinychat.com\/pl\/wp-json\/wp\/v2\/users\/6"}],"replies":[{"embeddable":true,"href":"https:\/\/tinychat.com\/pl\/wp-json\/wp\/v2\/comments?post=3171"}],"version-history":[{"count":3,"href":"https:\/\/tinychat.com\/pl\/wp-json\/wp\/v2\/pages\/3171\/revisions"}],"predecessor-version":[{"id":13562,"href":"https:\/\/tinychat.com\/pl\/wp-json\/wp\/v2\/pages\/3171\/revisions\/13562"}],"wp:attachment":[{"href":"https:\/\/tinychat.com\/pl\/wp-json\/wp\/v2\/media?parent=3171"}],"curies":[{"name":"wp","href":"https:\/\/api.w.org\/{rel}","templated":true}]}}