{"id":3266,"date":"2025-09-29T11:39:15","date_gmt":"2025-09-29T09:39:15","guid":{"rendered":"https:\/\/tinychat.com\/?page_id=3266"},"modified":"2025-09-29T12:44:51","modified_gmt":"2025-09-29T10:44:51","slug":"imeetzu","status":"publish","type":"page","link":"https:\/\/tinychat.com\/pl\/imeetzu\/","title":{"rendered":"iMeetzu"},"content":{"rendered":"<p>Pojawienie si\u0119 platform losowych czat\u00f3w wideo zmieni\u0142o spos\u00f3b, w jaki ludzie \u0142\u0105cz\u0105 si\u0119 online. Podczas gdy sieci spo\u0142eczno\u015bciowe utrzymuj\u0105 nas przy znajomych, kt\u00f3rych ju\u017c znamy, platformy takie jak Omegle, Chatroulette i Chatrandom wprowadzi\u0142y dreszczyk emocji zwi\u0105zany z poznawaniem zupe\u0142nie obcych os\u00f3b za pomoc\u0105 jednego klikni\u0119cia. W\u015br\u00f3d mniej znanych, ale wci\u0105\u017c wp\u0142ywowych platform w tej przestrzeni jest iMeetzu, us\u0142uga, kt\u00f3ra \u0142\u0105czy losowe funkcje czatu z narz\u0119dziami sieci spo\u0142eczno\u015bciowych, tworz\u0105c do\u015bwiadczenie, kt\u00f3re wykracza poza przelotne spotkania.<\/p>\n<p>Niezale\u017cnie od tego, czy szukasz szybkiego czatu tekstowego, spontanicznej rozmowy wideo, czy nawet trwa\u0142ej przyja\u017ani, iMeetzu zapewnia mieszank\u0119 losowo\u015bci i spo\u0142eczno\u015bci, kt\u00f3ra utrzymuje j\u0105 w konkurencyjnej przestrzeni czatu.<\/p>\n<p>Ta dog\u0142\u0119bna recenzja obejmie czym jest iMeetzu, jego funkcje, jak z niego korzysta\u0107, wra\u017cenia u\u017cytkownika, por\u00f3wnania, wskaz\u00f3wki dotycz\u0105ce bezpiecze\u0144stwa i porady, aby jak najlepiej go wykorzysta\u0107.<\/p>\n<h2>Co to jest iMeetzu?<\/h2>\n<p>iMeetzu to platforma do losowego czatowania, kt\u00f3ra \u0142\u0105czy funkcje w stylu Omegle z funkcjami sieci spo\u0142eczno\u015bciowych. Zasadniczo pozwala ona u\u017cytkownikom na natychmiastowe czatowanie z nieznajomymi - za po\u015brednictwem tekstu lub wideo. Ale w przeciwie\u0144stwie do wielu jednorazowych us\u0142ug czatu, iMeetzu obejmuje r\u00f3wnie\u017c:<\/p>\n<ul>\n<li>Publiczne pokoje rozm\u00f3w<\/li>\n<li>Listy znajomych<\/li>\n<li>Profile u\u017cytkownik\u00f3w<\/li>\n<\/ul>\n<p>To hybrydowe podej\u015bcie sprawia, \u017ce jest on bardziej wszechstronny ni\u017c minimalistyczne platformy. Zamiast oferowa\u0107 tylko przypadkowe spotkania, iMeetzu zapewnia narz\u0119dzia do pozostawania w kontakcie z lud\u017ami, kt\u00f3rych lubisz, nadaj\u0105c mu wymiar spo\u0142eczny.<\/p>\n<h2>Kluczowe cechy iMeetzu<\/h2>\n<p>iMeetzu oferuje szeroki zestaw funkcji zar\u00f3wno dla zwyk\u0142ych u\u017cytkownik\u00f3w, jak i tych, kt\u00f3rzy szukaj\u0105 czego\u015b na d\u0142u\u017cej.<\/p>\n<h3>1. Losowy czat tekstowy<\/h3>\n<ul>\n<li>Natychmiastowe rozmowy jeden na jeden z nieznajomymi.<\/li>\n<li>Dzia\u0142a jak klasyczny tryb tekstowy Omegle.<\/li>\n<li>Idealny do szybkich interakcji pod niskim ci\u015bnieniem.<\/li>\n<\/ul>\n<h3>2. Losowy czat wideo<\/h3>\n<ul>\n<li>Rozmowy twarz\u0105 w twarz z nieznajomymi.<\/li>\n<li>Obs\u0142uga kamery internetowej i mikrofonu.<\/li>\n<li>Przycisk pomijania pozwala natychmiast przej\u015b\u0107 dalej.<\/li>\n<\/ul>\n<h3>3. Publiczne czaty<\/h3>\n<ul>\n<li>Pokoje grupowe, w kt\u00f3rych wielu u\u017cytkownik\u00f3w mo\u017ce rozmawia\u0107.<\/li>\n<li>\u015awietny do spotka\u0144 z kilkoma osobami jednocze\u015bnie.<\/li>\n<li>Obejmuje r\u00f3\u017cnorodne tematy i zainteresowania.<\/li>\n<\/ul>\n<h3>4. Profile u\u017cytkownik\u00f3w i znajomi<\/h3>\n<ul>\n<li>W przeciwie\u0144stwie do czysto losowych platform, iMeetzu umo\u017cliwia utworzenie profilu.<\/li>\n<li>Dodawaj osoby do znajomych, aby kontynuowa\u0107 rozmowy p\u00f3\u017aniej.<\/li>\n<li>Profile nadaj\u0105 mu charakter \"sieci spo\u0142eczno\u015bciowej\".<\/li>\n<\/ul>\n<h3>5. Kompatybilno\u015b\u0107 z urz\u0105dzeniami mobilnymi<\/h3>\n<ul>\n<li>Dzia\u0142a w przegl\u0105darkach mobilnych.<\/li>\n<li>Oferuje funkcje podobne do aplikacji dla \u0142atwiejszego dost\u0119pu.<\/li>\n<\/ul>\n<h3>6. Swoboda u\u017cytkowania<\/h3>\n<ul>\n<li>Podstawowe funkcje s\u0105 bezp\u0142atne, bez obowi\u0105zkowych subskrypcji.<\/li>\n<\/ul>\n<h2>Jak u\u017cywa\u0107 iMeetzu<\/h2>\n<p>iMeetzu zosta\u0142 zaprojektowany tak, aby by\u0142 przyjazny dla pocz\u0105tkuj\u0105cych. Oto jak zacz\u0105\u0107:<\/p>\n<h3>Krok 1: Odwied\u017a stron\u0119 internetow\u0105<\/h3>\n<ul>\n<li>Otw\u00f3rz iMeetzu w przegl\u0105darce (stacjonarnej lub mobilnej).<\/li>\n<\/ul>\n<h3>Krok 2: Wybierz tryb<\/h3>\n<ul>\n<li>Czat tekstowy: Do rozm\u00f3w opartych na pisaniu.<\/li>\n<li>Czat wideo: Do spotka\u0144 twarz\u0105 w twarz.<\/li>\n<li>Pokoje rozm\u00f3w: Do dyskusji grupowych.<\/li>\n<\/ul>\n<h3>Krok 3: Zezw\u00f3l na uprawnienia (opcjonalnie)<\/h3>\n<ul>\n<li>W przypadku korzystania z wideo nale\u017cy przyzna\u0107 dost\u0119p do kamery i mikrofonu.<\/li>\n<\/ul>\n<h3>Krok 4: Rozpocznij czat<\/h3>\n<ul>\n<li>Natychmiast zostajesz sparowany z nieznajomym.<\/li>\n<li>Dodaj znajomych, je\u015bli chcesz kontynuowa\u0107 rozmow\u0119 p\u00f3\u017aniej.<\/li>\n<\/ul>\n<h3>Krok 5: Kontynuuj odkrywanie<\/h3>\n<ul>\n<li>Prze\u0142\u0105czaj si\u0119 mi\u0119dzy czatem losowym, pokojami rozm\u00f3w i list\u0105 znajomych.<\/li>\n<\/ul>\n<p>Sprawia to, \u017ce iMeetzu jest bardziej wszechstronny ni\u017c platformy oferuj\u0105ce tylko jeden tryb czatu.<\/p>\n<h2>Wra\u017cenia u\u017cytkownika na iMeetzu<\/h2>\n<p>iMeetzu wyr\u00f3\u017cnia po\u0142\u0105czenie losowo\u015bci i spo\u0142eczno\u015bci.<\/p>\n<h3>Co lubi\u0105 u\u017cytkownicy<\/h3>\n<ul>\n<li>\u0141\u0105czy losowy czat z funkcjami spo\u0142eczno\u015bciowymi.<\/li>\n<li>Mo\u017cliwo\u015b\u0107 dodawania znajomych i tworzenia profili.<\/li>\n<li>Wiele tryb\u00f3w czatu (tekstowy, wideo, grupowy).<\/li>\n<li>Darmowy w u\u017cyciu, bez wi\u0119kszych ogranicze\u0144.<\/li>\n<\/ul>\n<h3>Gdzie u\u017cytkownicy widz\u0105 pole do poprawy<\/h3>\n<ul>\n<li>Interfejs wydaje si\u0119 przestarza\u0142y w por\u00f3wnaniu do nowoczesnych aplikacji.<\/li>\n<li>Mniejsza baza u\u017cytkownik\u00f3w ni\u017c Omegle lub Chatroulette.<\/li>\n<li>Jako\u015b\u0107 meczu r\u00f3\u017cni si\u0119 w zale\u017cno\u015bci od pory dnia.<\/li>\n<li>Nie jest tak zoptymalizowany pod k\u0105tem urz\u0105dze\u0144 mobilnych jak nowsi konkurenci.<\/li>\n<\/ul>\n<p>Jednak dla wielu u\u017cytkownik\u00f3w system znajomych i czaty w iMeetzu sprawiaj\u0105, \u017ce jest on bardziej wci\u0105gaj\u0105cy ni\u017c platformy, kt\u00f3re oferuj\u0105 tylko losowe pary.<\/p>\n<h2>iMeetzu vs. inne platformy<\/h2>\n<p>Oto jak iMeetzu wypada na tle konkurencji:<\/p>\n<table>\n<thead>\n<tr>\n<th>Cecha<\/th>\n<th>iMeetzu<\/th>\n<th>Omegle<\/th>\n<th>Chatroulette<\/th>\n<th>ChatHub<\/th>\n<th>Emerald Chat<\/th>\n<th>Y99<\/th>\n<\/tr>\n<\/thead>\n<tbody>\n<tr>\n<td>Losowy czat tekstowy<\/td>\n<td>Tak<\/td>\n<td>Tak<\/td>\n<td>Tak<\/td>\n<td>Tak<\/td>\n<td>Tak<\/td>\n<td>Tak<\/td>\n<\/tr>\n<tr>\n<td>Losowy czat wideo<\/td>\n<td>Tak<\/td>\n<td>Tak<\/td>\n<td>Tak<\/td>\n<td>Tak<\/td>\n<td>Tak<\/td>\n<td>Tak<\/td>\n<\/tr>\n<tr>\n<td>Publiczne czaty<\/td>\n<td>Tak<\/td>\n<td>Nie<\/td>\n<td>Nie<\/td>\n<td>Nie<\/td>\n<td>Nie<\/td>\n<td>Tak<\/td>\n<\/tr>\n<tr>\n<td>Profile u\u017cytkownik\u00f3w i znajomi<\/td>\n<td>Tak<\/td>\n<td>Nie<\/td>\n<td>Nie<\/td>\n<td>Tak<\/td>\n<td>Tak<\/td>\n<td>Tak<\/td>\n<\/tr>\n<tr>\n<td>Anonimowo\u015b\u0107<\/td>\n<td>Umiarkowany<\/td>\n<td>Silny<\/td>\n<td>Silny<\/td>\n<td>Umiarkowany<\/td>\n<td>Umiarkowany<\/td>\n<td>Umiarkowany<\/td>\n<\/tr>\n<tr>\n<td>Aplikacja mobilna<\/td>\n<td>\u2705 Cz\u0119\u015bciowy<\/td>\n<td>Tak<\/td>\n<td>Tak<\/td>\n<td>Tak<\/td>\n<td>Tak<\/td>\n<td>Nie<\/td>\n<\/tr>\n<\/tbody>\n<\/table>\n<p>Podsumowanie: iMeetzu plasuje si\u0119 pomi\u0119dzy losowo\u015bci\u0105 w stylu Omegle a budowaniem spo\u0142eczno\u015bci w stylu Y99, oferuj\u0105c zar\u00f3wno natychmiastowe czaty, jak i d\u0142ugoterminowe opcje spo\u0142eczno\u015bciowe.<\/p>\n<h2>Czy iMeetzu jest bezpieczny?<\/h2>\n<p>Jak ka\u017cda platforma \u0142\u0105cz\u0105ca nieznajomych, iMeetzu ma zar\u00f3wno zalety, jak i wady, je\u015bli chodzi o bezpiecze\u0144stwo.<\/p>\n<h3>Wbudowane narz\u0119dzia bezpiecze\u0144stwa<\/h3>\n<ul>\n<li>Przycisk pomijania umo\u017cliwia natychmiastowe opuszczenie konwersacji.<\/li>\n<li>Funkcje zg\u0142aszania\/blokowania nieodpowiednich zachowa\u0144.<\/li>\n<li>System profili umo\u017cliwia zarz\u0105dzanie znajomymi.<\/li>\n<\/ul>\n<h3>Wskaz\u00f3wki bezpiecze\u0144stwa dla u\u017cytkownik\u00f3w<\/h3>\n<ul>\n<li>Nie udost\u0119pniaj danych osobowych nieznajomym.<\/li>\n<li>Trzymaj si\u0119 swobodnych temat\u00f3w w przypadkowych czatach.<\/li>\n<li>Rodzice powinni nadzorowa\u0107 m\u0142odszych u\u017cytkownik\u00f3w.<\/li>\n<li>Prywatnych wiadomo\u015bci u\u017cywaj tylko z zaufanymi znajomymi.<\/li>\n<li>Rozwa\u017c skorzystanie z VPN dla dodatkowej prywatno\u015bci.<\/li>\n<\/ul>\n<h2>Wskaz\u00f3wki, jak najlepiej wykorzysta\u0107 iMeetzu<\/h2>\n<ul>\n<li>Wypr\u00f3buj r\u00f3\u017cne tryby - prze\u0142\u0105czaj si\u0119 mi\u0119dzy tekstem, wideo i czatami.<\/li>\n<li>Dodaj interesuj\u0105ce osoby do swojej listy znajomych, aby budowa\u0107 sta\u0142e kontakty.<\/li>\n<li>U\u017cywaj na komputerze stacjonarnym, aby uzyska\u0107 najlepsz\u0105 stabilno\u015b\u0107 i jako\u015b\u0107 wideo.<\/li>\n<li>B\u0105d\u017a swobodny i zabawny - czaty losowe dzia\u0142aj\u0105 najlepiej z lekkimi tematami.<\/li>\n<li>U\u017cywaj przycisku pomijania swobodnie - nie ka\u017cdy czat b\u0119dzie pasowa\u0142.<\/li>\n<li>Przegl\u0105daj czaty - cz\u0119sto maj\u0105 one aktywne, tematyczne spo\u0142eczno\u015bci.<\/li>\n<\/ul>\n<h2>Typowe problemy i poprawki<\/h2>\n<h3>Problem: Wideo nie dzia\u0142a<\/h3>\n<ul>\n<li>Sprawd\u017a uprawnienia przegl\u0105darki.<\/li>\n<li>Uruchom ponownie urz\u0105dzenie lub przegl\u0105dark\u0119.<\/li>\n<\/ul>\n<h3>Problem: Niewiele dost\u0119pnych mecz\u00f3w<\/h3>\n<ul>\n<li>Spr\u00f3buj w godzinach szczytu (wieczory\/weekendy).<\/li>\n<li>Do\u0142\u0105cz do czat\u00f3w, aby zwi\u0119kszy\u0107 zaanga\u017cowanie.<\/li>\n<\/ul>\n<h3>Problem: s\u0142aby interfejs na urz\u0105dzeniach mobilnych<\/h3>\n<ul>\n<li>Korzystanie z pulpitu zapewnia p\u0142ynniejsz\u0105 nawigacj\u0119.<\/li>\n<li>Lub w\u0142\u0105czy\u0107 \"tryb pulpitu\" w przegl\u0105darce mobilnej.<\/li>\n<\/ul>\n<h3>Problem: spam lub boty<\/h3>\n<ul>\n<li>Pomi\u0144 natychmiast.<\/li>\n<li>Zg\u0142aszaj podejrzane konta.<\/li>\n<\/ul>\n<h2>Dlaczego ludzie wybieraj\u0105 iMeetzu<\/h2>\n<p>Ludzie wybieraj\u0105 iMeetzu, poniewa\u017c oferuje:<\/p>\n<ul>\n<li>R\u00f3\u017cnorodno\u015b\u0107 - tekst, wideo i czaty w jednym miejscu.<\/li>\n<li>Spo\u0142eczno\u015bciowe listy znajomych i profile umo\u017cliwiaj\u0105ce sta\u0142e kontakty.<\/li>\n<li>Prostota - brak skomplikowanej konfiguracji, bezp\u0142atne u\u017cytkowanie.<\/li>\n<li>R\u00f3wnowaga - przypadkowa zabawa i ustrukturyzowana interakcja.<\/li>\n<\/ul>\n<p>Przechwytuje emocje zwi\u0105zane z przypadkowym czatem, dodaj\u0105c jednocze\u015bnie warstw\u0119 spo\u0142eczn\u0105 dla trwa\u0142ych po\u0142\u0105cze\u0144.<\/p>\n<h2>Przemy\u015blenia ko\u0144cowe: Czy warto u\u017cywa\u0107 iMeetzu?<\/h2>\n<p>Je\u015bli szukasz platformy, kt\u00f3ra oferuje co\u015b wi\u0119cej ni\u017c tylko przelotne, losowe czaty, warto wypr\u00f3bowa\u0107 iMeetzu. \u0141\u0105czy ona w sobie spontaniczno\u015b\u0107 Omegle z atmosfer\u0105 spo\u0142eczno\u015bci Y99 lub Wireclub, dzi\u0119ki czemu jest wszechstronna dla r\u00f3\u017cnych typ\u00f3w u\u017cytkownik\u00f3w.<\/p>\n<p>Czy chcesz:<\/p>\n<ul>\n<li>Sp\u0119dzaj czas na przypadkowych czatach tekstowych lub wideo.<\/li>\n<li>Do\u0142\u0105cz do t\u0119tni\u0105cych \u017cyciem publicznych czat\u00f3w.<\/li>\n<li>Lub budowa\u0107 przyja\u017anie poprzez profile i listy znajomych...<\/li>\n<\/ul>\n<p>iMeetzu zapewnia to wszystko w jednym pakiecie.<\/p>\n<p>W skr\u00f3cie: iMeetzu to hybrydowy czat losowy i platforma spo\u0142eczno\u015bciowa, kt\u00f3ra zapewnia u\u017cytkownikom zar\u00f3wno natychmiastowe spotkania, jak i d\u0142ugoterminowe po\u0142\u0105czenia. Je\u015bli chcesz wi\u0119kszej elastyczno\u015bci ni\u017c Omegle, ale mniej struktury ni\u017c pe\u0142ne sieci spo\u0142eczno\u015bciowe, jest to doskona\u0142y \u015brodek.<\/p>\n<p>Gotowy, aby spr\u00f3bowa\u0107? Odwied\u017a iMeetzu, zacznij czatowa\u0107 i zobacz, dok\u0105d zaprowadzi Ci\u0119 kolejne po\u0142\u0105czenie.<\/p>","protected":false},"excerpt":{"rendered":"<p>The rise of random video chat platforms has reshaped how people connect online. While social networks keep us tied to friends we already know, platforms like Omegle, Chatroulette, and Chatrandom introduced the thrill of meeting complete strangers with just one click. Among the lesser-known but still impactful platforms in this space is iMeetzu, a service [&hellip;]<\/p>\n","protected":false},"author":6,"featured_media":0,"parent":0,"menu_order":0,"comment_status":"closed","ping_status":"closed","template":"","meta":{"footnotes":""},"class_list":["post-3266","page","type-page","status-publish","hentry"],"yoast_head":"<!-- This site is optimized with the Yoast SEO plugin v27.6 - https:\/\/yoast.com\/product\/yoast-seo-wordpress\/ -->\n<title>iMeetzu - Chatroulette &amp; Omegle Alternative - TinyChat.com<\/title>\n<meta name=\"description\" content=\"Enjoying iMeetzu? Join over 50,000,000 strangers on TinyChat! Turn on your cam and start meeting new people, or find a match.\" \/>\n<meta name=\"robots\" content=\"index, follow, max-snippet:-1, max-image-preview:large, max-video-preview:-1\" \/>\n<link rel=\"canonical\" href=\"https:\/\/tinychat.com\/pl\/imeetzu\/\" \/>\n<meta property=\"og:locale\" content=\"pl_PL\" \/>\n<meta property=\"og:type\" content=\"article\" \/>\n<meta property=\"og:title\" content=\"iMeetzu - Chatroulette &amp; Omegle Alternative - TinyChat.com\" \/>\n<meta property=\"og:description\" content=\"Enjoying iMeetzu? Join over 50,000,000 strangers on TinyChat! Turn on your cam and start meeting new people, or find a match.\" \/>\n<meta property=\"og:url\" content=\"https:\/\/tinychat.com\/pl\/imeetzu\/\" \/>\n<meta property=\"og:site_name\" content=\"TinyChat\" \/>\n<meta property=\"article:publisher\" content=\"https:\/\/www.facebook.com\/tinychat\" \/>\n<meta property=\"article:modified_time\" content=\"2025-09-29T10:44:51+00:00\" \/>\n<meta property=\"og:image\" content=\"https:\/\/tinychat.com\/wp-content\/uploads\/2020\/04\/Tinychat-logo-1280x284-new-black.png\" \/>\n\t<meta property=\"og:image:width\" content=\"1280\" \/>\n\t<meta property=\"og:image:height\" content=\"284\" \/>\n\t<meta property=\"og:image:type\" content=\"image\/png\" \/>\n<meta name=\"twitter:card\" content=\"summary_large_image\" \/>\n<meta name=\"twitter:site\" content=\"@tinychat\" \/>\n<meta name=\"twitter:label1\" content=\"Szacowany czas czytania\" \/>\n\t<meta name=\"twitter:data1\" content=\"5 minut\" \/>\n<script type=\"application\/ld+json\" class=\"yoast-schema-graph\">{\"@context\":\"https:\\\/\\\/schema.org\",\"@graph\":[{\"@type\":\"WebPage\",\"@id\":\"https:\\\/\\\/tinychat.com\\\/imeetzu\\\/\",\"url\":\"https:\\\/\\\/tinychat.com\\\/imeetzu\\\/\",\"name\":\"iMeetzu - Chatroulette & Omegle Alternative - TinyChat.com\",\"isPartOf\":{\"@id\":\"https:\\\/\\\/tinychat.com\\\/#website\"},\"datePublished\":\"2025-09-29T09:39:15+00:00\",\"dateModified\":\"2025-09-29T10:44:51+00:00\",\"description\":\"Enjoying iMeetzu? Join over 50,000,000 strangers on TinyChat! Turn on your cam and start meeting new people, or find a match.\",\"breadcrumb\":{\"@id\":\"https:\\\/\\\/tinychat.com\\\/imeetzu\\\/#breadcrumb\"},\"inLanguage\":\"pl-PL\",\"potentialAction\":[{\"@type\":\"ReadAction\",\"target\":[\"https:\\\/\\\/tinychat.com\\\/imeetzu\\\/\"]}]},{\"@type\":\"BreadcrumbList\",\"@id\":\"https:\\\/\\\/tinychat.com\\\/imeetzu\\\/#breadcrumb\",\"itemListElement\":[{\"@type\":\"ListItem\",\"position\":1,\"name\":\"Home\",\"item\":\"https:\\\/\\\/tinychat.com\\\/\"},{\"@type\":\"ListItem\",\"position\":2,\"name\":\"iMeetzu\"}]},{\"@type\":\"WebSite\",\"@id\":\"https:\\\/\\\/tinychat.com\\\/#website\",\"url\":\"https:\\\/\\\/tinychat.com\\\/\",\"name\":\"TinyChat\",\"description\":\"Random Video Chat with Strangers\",\"publisher\":{\"@id\":\"https:\\\/\\\/tinychat.com\\\/#organization\"},\"alternateName\":\"TinyChat.com\",\"potentialAction\":[{\"@type\":\"SearchAction\",\"target\":{\"@type\":\"EntryPoint\",\"urlTemplate\":\"https:\\\/\\\/tinychat.com\\\/?s={search_term_string}\"},\"query-input\":{\"@type\":\"PropertyValueSpecification\",\"valueRequired\":true,\"valueName\":\"search_term_string\"}}],\"inLanguage\":\"pl-PL\"},{\"@type\":\"Organization\",\"@id\":\"https:\\\/\\\/tinychat.com\\\/#organization\",\"name\":\"TinyChat\",\"alternateName\":\"TinyChat.com\",\"url\":\"https:\\\/\\\/tinychat.com\\\/\",\"logo\":{\"@type\":\"ImageObject\",\"inLanguage\":\"pl-PL\",\"@id\":\"https:\\\/\\\/tinychat.com\\\/#\\\/schema\\\/logo\\\/image\\\/\",\"url\":\"https:\\\/\\\/tinychat.com\\\/wp-content\\\/uploads\\\/2023\\\/11\\\/Tinychat-icon-square.png\",\"contentUrl\":\"https:\\\/\\\/tinychat.com\\\/wp-content\\\/uploads\\\/2023\\\/11\\\/Tinychat-icon-square.png\",\"width\":284,\"height\":284,\"caption\":\"TinyChat\"},\"image\":{\"@id\":\"https:\\\/\\\/tinychat.com\\\/#\\\/schema\\\/logo\\\/image\\\/\"},\"sameAs\":[\"https:\\\/\\\/www.facebook.com\\\/tinychat\",\"https:\\\/\\\/x.com\\\/tinychat\"]}]}<\/script>\n<!-- \/ Yoast SEO plugin. -->","yoast_head_json":{"title":"iMeetzu - Chatroulette i Omegle Alternatywa - TinyChat.com","description":"Korzystasz z iMeetzu? Do\u0142\u0105cz do ponad 50 000 000 nieznajomych na TinyChat! W\u0142\u0105cz kamer\u0119 i zacznij poznawa\u0107 nowych ludzi lub znajd\u017a partnera.","robots":{"index":"index","follow":"follow","max-snippet":"max-snippet:-1","max-image-preview":"max-image-preview:large","max-video-preview":"max-video-preview:-1"},"canonical":"https:\/\/tinychat.com\/pl\/imeetzu\/","og_locale":"pl_PL","og_type":"article","og_title":"iMeetzu - Chatroulette & Omegle Alternative - TinyChat.com","og_description":"Enjoying iMeetzu? Join over 50,000,000 strangers on TinyChat! Turn on your cam and start meeting new people, or find a match.","og_url":"https:\/\/tinychat.com\/pl\/imeetzu\/","og_site_name":"TinyChat","article_publisher":"https:\/\/www.facebook.com\/tinychat","article_modified_time":"2025-09-29T10:44:51+00:00","og_image":[{"width":1280,"height":284,"url":"https:\/\/tinychat.com\/wp-content\/uploads\/2020\/04\/Tinychat-logo-1280x284-new-black.png","type":"image\/png"}],"twitter_card":"summary_large_image","twitter_site":"@tinychat","twitter_misc":{"Szacowany czas czytania":"5 minut"},"schema":{"@context":"https:\/\/schema.org","@graph":[{"@type":"WebPage","@id":"https:\/\/tinychat.com\/imeetzu\/","url":"https:\/\/tinychat.com\/imeetzu\/","name":"iMeetzu - Chatroulette i Omegle Alternatywa - TinyChat.com","isPartOf":{"@id":"https:\/\/tinychat.com\/#website"},"datePublished":"2025-09-29T09:39:15+00:00","dateModified":"2025-09-29T10:44:51+00:00","description":"Korzystasz z iMeetzu? Do\u0142\u0105cz do ponad 50 000 000 nieznajomych na TinyChat! W\u0142\u0105cz kamer\u0119 i zacznij poznawa\u0107 nowych ludzi lub znajd\u017a partnera.","breadcrumb":{"@id":"https:\/\/tinychat.com\/imeetzu\/#breadcrumb"},"inLanguage":"pl-PL","potentialAction":[{"@type":"ReadAction","target":["https:\/\/tinychat.com\/imeetzu\/"]}]},{"@type":"BreadcrumbList","@id":"https:\/\/tinychat.com\/imeetzu\/#breadcrumb","itemListElement":[{"@type":"ListItem","position":1,"name":"Home","item":"https:\/\/tinychat.com\/"},{"@type":"ListItem","position":2,"name":"iMeetzu"}]},{"@type":"WebSite","@id":"https:\/\/tinychat.com\/#website","url":"https:\/\/tinychat.com\/","name":"TinyChat","description":"Losowy czat wideo z nieznajomymi","publisher":{"@id":"https:\/\/tinychat.com\/#organization"},"alternateName":"TinyChat.com","potentialAction":[{"@type":"SearchAction","target":{"@type":"EntryPoint","urlTemplate":"https:\/\/tinychat.com\/?s={search_term_string}"},"query-input":{"@type":"PropertyValueSpecification","valueRequired":true,"valueName":"search_term_string"}}],"inLanguage":"pl-PL"},{"@type":"Organization","@id":"https:\/\/tinychat.com\/#organization","name":"TinyChat","alternateName":"TinyChat.com","url":"https:\/\/tinychat.com\/","logo":{"@type":"ImageObject","inLanguage":"pl-PL","@id":"https:\/\/tinychat.com\/#\/schema\/logo\/image\/","url":"https:\/\/tinychat.com\/wp-content\/uploads\/2023\/11\/Tinychat-icon-square.png","contentUrl":"https:\/\/tinychat.com\/wp-content\/uploads\/2023\/11\/Tinychat-icon-square.png","width":284,"height":284,"caption":"TinyChat"},"image":{"@id":"https:\/\/tinychat.com\/#\/schema\/logo\/image\/"},"sameAs":["https:\/\/www.facebook.com\/tinychat","https:\/\/x.com\/tinychat"]}]}},"_links":{"self":[{"href":"https:\/\/tinychat.com\/pl\/wp-json\/wp\/v2\/pages\/3266","targetHints":{"allow":["GET"]}}],"collection":[{"href":"https:\/\/tinychat.com\/pl\/wp-json\/wp\/v2\/pages"}],"about":[{"href":"https:\/\/tinychat.com\/pl\/wp-json\/wp\/v2\/types\/page"}],"author":[{"embeddable":true,"href":"https:\/\/tinychat.com\/pl\/wp-json\/wp\/v2\/users\/6"}],"replies":[{"embeddable":true,"href":"https:\/\/tinychat.com\/pl\/wp-json\/wp\/v2\/comments?post=3266"}],"version-history":[{"count":3,"href":"https:\/\/tinychat.com\/pl\/wp-json\/wp\/v2\/pages\/3266\/revisions"}],"predecessor-version":[{"id":13544,"href":"https:\/\/tinychat.com\/pl\/wp-json\/wp\/v2\/pages\/3266\/revisions\/13544"}],"wp:attachment":[{"href":"https:\/\/tinychat.com\/pl\/wp-json\/wp\/v2\/media?parent=3266"}],"curies":[{"name":"wp","href":"https:\/\/api.w.org\/{rel}","templated":true}]}}