{"id":3516,"date":"2025-07-16T00:21:58","date_gmt":"2025-07-15T22:21:58","guid":{"rendered":"https:\/\/tinychat.com\/?page_id=3516"},"modified":"2025-07-16T14:46:40","modified_gmt":"2025-07-16T12:46:40","slug":"video-chat-with-strangers","status":"publish","type":"page","link":"https:\/\/tinychat.com\/pl\/video-chat-with-strangers\/","title":{"rendered":"Czat wideo z nieznajomymi"},"content":{"rendered":"<p>Masz do\u015b\u0107 tych samych starych czat\u00f3w grupowych, nieko\u0144cz\u0105cych si\u0119 kana\u0142\u00f3w spo\u0142eczno\u015bciowych lub aplikacji do przesy\u0142ania wiadomo\u015bci, kt\u00f3re wydaj\u0105 si\u0119 bezosobowe? Jest lepszy spos\u00f3b na wyj\u015bcie ze swojej ba\u0144ki - czat wideo z nieznajomymi. Wystarczy kamera internetowa i poczucie ciekawo\u015bci, by otworzy\u0107 drzwi do \u015bwiata nowych twarzy, \u015bwie\u017cych perspektyw i szczerych rozm\u00f3w.<\/p>\n<p>Niezale\u017cnie od tego, czy masz nadziej\u0119 na konstruktywn\u0105 rozmow\u0119, \u015bmiech, zalotn\u0105 pogaw\u0119dk\u0119, czy po prostu wgl\u0105d w czyje\u015b \u017cycie, czat wideo z nieznajomymi oferuje wszystkie emocje zwi\u0105zane z prawdziwymi spotkaniami - bez podr\u00f3\u017cy, bez k\u0142opot\u00f3w, bez presji.<\/p>\n<h2>Co oznacza czat wideo z nieznajomymi?<\/h2>\n<p>M\u00f3wi\u0105c najpro\u015bciej, czat wideo z nieznajomymi oznacza wykorzystanie kamery internetowej i mikrofonu do natychmiastowego \u0142\u0105czenia si\u0119 z przypadkowymi osobami online. W przeciwie\u0144stwie do typowych portali spo\u0142eczno\u015bciowych lub aplikacji randkowych, nie trzeba wype\u0142nia\u0107 profilu, nie trzeba d\u0142ugo si\u0119 przedstawia\u0107 - po prostu natychmiastowa rozmowa twarz\u0105 w twarz z kim\u015b nowym za ka\u017cdym razem, gdy klikniesz \"dalej\".<\/p>\n<p>Platformy te s\u0105 przeznaczone dla:<\/p>\n<ul>\n<li>Darmowy czat wideo z nieznajomymi: Nie wymaga rejestracji ani p\u0142atno\u015bci, po prostu zacznij czatowa\u0107.<\/li>\n<li>Losowy czat wideo: Po\u0142\u0105cz si\u0119 z lud\u017ami z ca\u0142ego \u015bwiata w kilka sekund.<\/li>\n<li>Czaty wideo dla nieznajomych: Do\u0142\u0105cz do pokoi tematycznych opartych na zainteresowaniach lub tematach.<\/li>\n<\/ul>\n<p>Chodzi o spontaniczno\u015b\u0107, zaskoczenie i nawi\u0105zywanie prawdziwych kontakt\u00f3w - niezale\u017cnie od tego, czy rozmawiasz przez pi\u0119\u0107 minut, czy pi\u0119\u0107 godzin.<\/p>\n<h2>Dlaczego ludzie decyduj\u0105 si\u0119 na czat wideo z nieznajomymi?<\/h2>\n<p>Istnieje wiele powod\u00f3w, dla kt\u00f3rych ten trend zyskuje na popularno\u015bci:<\/p>\n<ul>\n<li>Spontaniczno\u015b\u0107: Ka\u017cdy czat jest wyj\u0105tkowy. Nigdy nie wiesz, kogo spotkasz i jak\u0105 histori\u0119 us\u0142yszysz.<\/li>\n<li>Globalny zasi\u0119g: Nawi\u0105zuj znajomo\u015bci i kontakty z lud\u017ami z r\u00f3\u017cnych kraj\u00f3w i kultur.<\/li>\n<li>Bez presji: Nie czujesz tego? Po prostu naci\u015bnij \"dalej\" i rozpocznij now\u0105 rozmow\u0119 - bez niezr\u0119cznych po\u017cegna\u0144.<\/li>\n<li>Anonimowo\u015b\u0107: U\u017cywaj pseudonimu, zachowaj neutralne t\u0142o i udost\u0119pniaj tylko to, co chcesz.<\/li>\n<li>Walka z samotno\u015bci\u0105: Idealny dla ka\u017cdego, kto potrzebuje odrobiny towarzystwa lub szybkiego poprawy nastroju.<\/li>\n<li>\u0106wicz umiej\u0119tno\u015bci spo\u0142eczne lub j\u0119zykowe: \u015awietne do nauki, flirtowania lub po prostu wyj\u015bcia ze strefy komfortu.<\/li>\n<\/ul>\n<p>\"Zacz\u0105\u0142em czatowa\u0107 z nieznajomymi z nud\u00f3w, ale teraz robi\u0119 to, by poznawa\u0107 nowych ludzi, uczy\u0107 si\u0119 o r\u00f3\u017cnych kulturach i po prostu dobrze si\u0119 bawi\u0107. Szczerze m\u00f3wi\u0105c, jest to troch\u0119 uzale\u017cniaj\u0105ce!\"<\/p>\n<h2>Jak dzia\u0142a darmowy czat wideo z nieznajomymi?<\/h2>\n<p>Rozpocz\u0119cie gry jest \u0142atwe - nawet dla zupe\u0142nie pocz\u0105tkuj\u0105cych:<\/p>\n<ol>\n<li>Wybierz darmow\u0105 stron\u0119 lub aplikacj\u0119 do rozm\u00f3w wideo z nieznajomymi (np. Omegle, Chatroulette, Chatspin lub Camsurf).<\/li>\n<li>Zezw\u00f3l na dost\u0119p do kamery i mikrofonu (zawsze mo\u017cesz pozosta\u0107 poza kamer\u0105, je\u015bli jeste\u015b nie\u015bmia\u0142y).<\/li>\n<li>Kliknij \"Rozpocznij\", \"Po\u0142\u0105cz\" lub \"Dalej\", aby dopasowa\u0107 si\u0119 do losowej nieznajomej osoby.<\/li>\n<li>Rozmawiaj tak d\u0142ugo, jak chcesz, a nast\u0119pnie przejd\u017a do nast\u0119pnej osoby, gdy b\u0119dziesz gotowy.<\/li>\n<li>Wiele platform posiada r\u00f3wnie\u017c filtry zainteresowa\u0144, ustawienia j\u0119zykowe i opcje anonimowo\u015bci.<\/li>\n<\/ol>\n<p>Bez skomplikowanej rejestracji, bez d\u0142ugich formularzy - tylko czyste, natychmiastowe po\u0142\u0105czenie.<\/p>\n<h2>Najlepsze platformy do rozm\u00f3w wideo z nieznajomymi<\/h2>\n<p>Istnieje platforma dla ka\u017cdego nastroju i osobowo\u015bci. Oto kilka ulubionych:<\/p>\n<ul>\n<li>Omegle: Oryginalny darmowy czat wideo z nieznajomymi, s\u0142yn\u0105cy z prostoty i ogromnego globalnego zasi\u0119gu.<\/li>\n<li>Chatroulette: Szybki, nieprzewidywalny i skoncentrowany na natychmiastowych po\u0142\u0105czeniach wideo.<\/li>\n<li>Chatspin: Dodaje filtry p\u0142ci, lokalizacji i zainteresowa\u0144, aby u\u0142atwi\u0107 dopasowanie.<\/li>\n<li>Camsurf: Przejrzysty i przyjazny dla urz\u0105dze\u0144 mobilnych - \u015bwietny do szybkich rozm\u00f3w wideo z nieznajomymi.<\/li>\n<li>Chatrandom: Oferuje pokoje tematyczne i wi\u0119ksz\u0105 kontrol\u0119 nad tym, kogo spotykasz.<\/li>\n<li>Bazoocam: Znany z przyjaznej spo\u0142eczno\u015bci i zabawnych gier na prze\u0142amanie lod\u00f3w.<\/li>\n<\/ul>\n<p>Wypr\u00f3buj kilka, aby zobaczy\u0107, kt\u00f3ry z nich najbardziej Ci odpowiada - ka\u017cdy ma swoj\u0105 w\u0142asn\u0105 spo\u0142eczno\u015b\u0107 i tempo.<\/p>\n<h2>Czat wideo z nieznajomymi a inna komunikacja online<\/h2>\n<table>\n<thead>\n<tr>\n<th>Cecha<\/th>\n<th>Czat wideo z nieznajomymi<\/th>\n<th>Czat grupowy<\/th>\n<th>Aplikacje do przesy\u0142ania wiadomo\u015bci<\/th>\n<th>Media spo\u0142eczno\u015bciowe<\/th>\n<\/tr>\n<\/thead>\n<tbody>\n<tr>\n<td>Twarz\u0105 w twarz w czasie rzeczywistym<\/td>\n<td>\u2705<\/td>\n<td>\u2705<\/td>\n<td>\u274c<\/td>\n<td>\u2705<\/td>\n<\/tr>\n<tr>\n<td>Anonimowe\/losowe dopasowanie<\/td>\n<td>\u2705<\/td>\n<td>\u274c<\/td>\n<td>\u274c<\/td>\n<td>\u274c<\/td>\n<\/tr>\n<tr>\n<td>Rejestracja nie jest wymagana<\/td>\n<td>\u2705<\/td>\n<td>\u2705\/\u274c<\/td>\n<td>\u274c<\/td>\n<td>\u274c<\/td>\n<\/tr>\n<tr>\n<td>Przycisk \"Dalej\" (pomi\u0144 u\u017cytkownik\u00f3w)<\/td>\n<td>\u2705<\/td>\n<td>\u274c<\/td>\n<td>\u274c<\/td>\n<td>\u274c<\/td>\n<\/tr>\n<tr>\n<td>Darmowy w u\u017cyciu<\/td>\n<td>\u2705<\/td>\n<td>\u2705<\/td>\n<td>\u2705<\/td>\n<td>\u2705<\/td>\n<\/tr>\n<\/tbody>\n<\/table>\n<p>Czat wideo z nieznajomymi wyr\u00f3\u017cnia si\u0119 natychmiastowo\u015bci\u0105, spontaniczno\u015bci\u0105 i czyst\u0105 nieprzewidywalno\u015bci\u0105.<\/p>\n<h2>Jak zachowa\u0107 bezpiecze\u0144stwo podczas rozm\u00f3w wideo z nieznajomymi?<\/h2>\n<p>Wi\u0119kszo\u015b\u0107 ludzi szuka po prostu zabawy lub kontaktu, ale prywatno\u015b\u0107 jest wa\u017cna. Pami\u0119taj o tych wskaz\u00f3wkach:<\/p>\n<ul>\n<li>Nigdy nie udost\u0119pniaj danych osobowych (nazwiska, adresu, numeru telefonu) na czacie.<\/li>\n<li>U\u017cyj pseudonimu i zachowaj neutralne t\u0142o.<\/li>\n<li>Je\u015bli kto\u015b jest niegrzeczny lub sprawia, \u017ce czujesz si\u0119 niekomfortowo, przejd\u017a do nast\u0119pnej osoby lub skorzystaj z funkcji zg\u0142aszania\/blokowania.<\/li>\n<li>Nie klikaj nieznanych link\u00f3w ani nie udost\u0119pniaj wra\u017cliwych obraz\u00f3w.<\/li>\n<li>Je\u015bli zale\u017cy Ci na dodatkowej prywatno\u015bci, korzystaj z platform, kt\u00f3re nie wymagaj\u0105 rejestracji ani nie przechowuj\u0105 log\u00f3w czatu.<\/li>\n<\/ul>\n<p>Zachowanie ostro\u017cno\u015bci sprawia, \u017ce do\u015bwiadczenie jest bezpieczniejsze i przyjemniejsze dla wszystkich.<\/p>\n<h2>Kto korzysta z czatu wideo z nieznajomymi?<\/h2>\n<p>Ludzie z r\u00f3\u017cnych \u015brodowisk! Poznasz:<\/p>\n<ul>\n<li>Studenci \u0107wicz\u0105cy umiej\u0119tno\u015bci j\u0119zykowe lub nawi\u0105zuj\u0105cy znajomo\u015bci za granic\u0105<\/li>\n<li>Single szukaj\u0105cy niskoci\u015bnieniowego sposobu na flirt i randki<\/li>\n<li>Nocne sowy i osoby cierpi\u0105ce na bezsenno\u015b\u0107, kt\u00f3re chc\u0105 po prostu z kim\u015b porozmawia\u0107<\/li>\n<li>Podr\u00f3\u017cni i ekspaci \u0142\u0105cz\u0105cy si\u0119 z nowymi spo\u0142eczno\u015bciami<\/li>\n<li>Ka\u017cdy, kto szuka porady, wsparcia lub nowego spojrzenia<\/li>\n<\/ul>\n<p>Niezale\u017cnie od tego, czy jeste\u015b nie\u015bmia\u0142y, czy towarzyski, m\u0142ody czy stary, po drugiej stronie ekranu zawsze znajdzie si\u0119 kto\u015b interesuj\u0105cy.<\/p>\n<h2>Wskaz\u00f3wki, jak najlepiej wykorzysta\u0107 losowy czat wideo<\/h2>\n<ul>\n<li>U\u015bmiechaj si\u0119 i b\u0105d\u017a otwarty - pierwsze wra\u017cenie ma znaczenie, nawet w sieci.<\/li>\n<li>Pytaj o muzyk\u0119, podr\u00f3\u017ce, hobby lub kultur\u0119. Ciekawo\u015b\u0107 sprawia, \u017ce rozmowy s\u0105 przyjemniejsze.<\/li>\n<li>Nie stresuj si\u0119, je\u015bli rozmowa jest niezr\u0119czna. Nast\u0119pny mo\u017ce by\u0107 niesamowity.<\/li>\n<li>Skorzystaj z filtr\u00f3w zainteresowa\u0144, aby pozna\u0107 osoby, z kt\u00f3rymi masz wi\u0119ksze szanse na nawi\u0105zanie kontaktu.<\/li>\n<li>Je\u015bli jeste\u015b zdenerwowany, zacznij od samego tekstu lub wy\u0142\u0105cz kamer\u0119, dop\u00f3ki nie poczujesz si\u0119 komfortowo.<\/li>\n<\/ul>\n<p>Eksploruj o r\u00f3\u017cnych porach dnia, aby pozna\u0107 nowe twarze i globalne perspektywy.<\/p>\n<h2>Kiedy wypr\u00f3bowa\u0107 czat wideo z nieznajomymi?<\/h2>\n<ul>\n<li>Je\u015bli si\u0119 nudzisz i potrzebujesz towarzystwa<\/li>\n<li>Poznawanie nowych kultur lub j\u0119zyk\u00f3w<\/li>\n<li>Do szybkiego \u015bmiechu, zalotnych pogaw\u0119dek, a nawet g\u0142\u0119bokich rozm\u00f3w<\/li>\n<li>Kiedy czujesz si\u0119 samotny lub po prostu chcesz zobaczy\u0107 przyjazn\u0105 twarz<\/li>\n<li>Poszerzenie kr\u0119gu towarzyskiego poza zwyk\u0142\u0105 ba\u0144k\u0119.<\/li>\n<\/ul>\n<p>Nie masz plan\u00f3w na wiecz\u00f3r? Przypadkowy czat wideo z nieznajomymi mo\u017ce by\u0107 najwa\u017cniejszym wydarzeniem tygodnia.<\/p>\n<h2>Darmowy czat wideo z nieznajomymi a p\u0142atne opcje<\/h2>\n<p>Wi\u0119kszo\u015b\u0107 witryn oferuje wszystkie swoje g\u0142\u00f3wne funkcje za darmo - nie jest wymagana subskrypcja ani karta kredytowa. Niekt\u00f3re p\u0142atne funkcje obejmuj\u0105:<\/p>\n<ul>\n<li>Zaawansowane filtry (p\u0142e\u0107, zainteresowania, lokalizacja)<\/li>\n<li>Priorytetowe dopasowanie lub do\u015bwiadczenie bez reklam<\/li>\n<li>Wirtualne prezenty, naklejki lub gry na czacie<\/li>\n<li>Pokoje prywatne lub tylko dla zaproszonych<\/li>\n<\/ul>\n<p>Ale dla wi\u0119kszo\u015bci ludzi darmowe platformy s\u0105 wi\u0119cej ni\u017c wystarczaj\u0105ce do spotka\u0144, czatowania i nawi\u0105zywania kontakt\u00f3w.<\/p>\n<p>Czat wideo z nieznajomymi to jeden z najbardziej ekscytuj\u0105cych i satysfakcjonuj\u0105cych sposob\u00f3w na wyrwanie si\u0119 z rutyny i poznanie nowych ludzi z ca\u0142ego \u015bwiata. Wystarczy kamera internetowa i odrobina ciekawo\u015bci, by do\u015bwiadczy\u0107 prawdziwych rozm\u00f3w, zaskakuj\u0105cych spotka\u0144 i autentycznych chwil - bez presji, bez zobowi\u0105za\u0144 i zawsze z czym\u015b nowym.<\/p>\n<p>Gotowy, by spr\u00f3bowa\u0107? Wejd\u017a dzi\u015b wieczorem na darmow\u0105 platform\u0119 czat\u00f3w wideo i zobacz, kogo spotkasz. Twoja nast\u0119pna przyja\u017a\u0144, historia, a nawet ma\u0142a przygoda jest tylko o jedno klikni\u0119cie.<\/p>","protected":false},"excerpt":{"rendered":"<p>Tired of the same old group chats, endless social feeds, or messaging apps that feel impersonal? There\u2019s a better way to break out of your bubble\u2014video chat with strangers. With just a webcam and a sense of curiosity, you can open the door to a world of new faces, fresh perspectives, and genuine conversations. Whether [&hellip;]<\/p>\n","protected":false},"author":8,"featured_media":0,"parent":0,"menu_order":0,"comment_status":"closed","ping_status":"closed","template":"","meta":{"footnotes":""},"class_list":["post-3516","page","type-page","status-publish","hentry"],"yoast_head":"<!-- This site is optimized with the Yoast SEO plugin v27.4 - https:\/\/yoast.com\/product\/yoast-seo-wordpress\/ -->\n<title>Video Chat With Strangers with Video Chat on TinyChat.com<\/title>\n<meta name=\"description\" content=\"Enjoying Video Chat With Strangers? Join over 50,000,000 strangers on TinyChat! Turn on your cam and start meeting new people, or find a match.\" \/>\n<meta name=\"robots\" content=\"index, follow, max-snippet:-1, max-image-preview:large, max-video-preview:-1\" \/>\n<link rel=\"canonical\" href=\"https:\/\/tinychat.com\/pl\/video-chat-with-strangers\/\" \/>\n<meta property=\"og:locale\" content=\"pl_PL\" \/>\n<meta property=\"og:type\" content=\"article\" \/>\n<meta property=\"og:title\" content=\"Video Chat With Strangers with Video Chat on TinyChat.com\" \/>\n<meta property=\"og:description\" content=\"Enjoying Video Chat With Strangers? Join over 50,000,000 strangers on TinyChat! Turn on your cam and start meeting new people, or find a match.\" \/>\n<meta property=\"og:url\" content=\"https:\/\/tinychat.com\/pl\/video-chat-with-strangers\/\" \/>\n<meta property=\"og:site_name\" content=\"TinyChat\" \/>\n<meta property=\"article:publisher\" content=\"https:\/\/www.facebook.com\/tinychat\" \/>\n<meta property=\"article:modified_time\" content=\"2025-07-16T12:46:40+00:00\" \/>\n<meta property=\"og:image\" content=\"https:\/\/tinychat.com\/wp-content\/uploads\/2020\/04\/Tinychat-logo-1280x284-new-black.png\" \/>\n\t<meta property=\"og:image:width\" content=\"1280\" \/>\n\t<meta property=\"og:image:height\" content=\"284\" \/>\n\t<meta property=\"og:image:type\" content=\"image\/png\" \/>\n<meta name=\"twitter:card\" content=\"summary_large_image\" \/>\n<meta name=\"twitter:site\" content=\"@tinychat\" \/>\n<meta name=\"twitter:label1\" content=\"Szacowany czas czytania\" \/>\n\t<meta name=\"twitter:data1\" content=\"5 minut\" \/>\n<script type=\"application\/ld+json\" class=\"yoast-schema-graph\">{\"@context\":\"https:\\\/\\\/schema.org\",\"@graph\":[{\"@type\":\"WebPage\",\"@id\":\"https:\\\/\\\/tinychat.com\\\/video-chat-with-strangers\\\/\",\"url\":\"https:\\\/\\\/tinychat.com\\\/video-chat-with-strangers\\\/\",\"name\":\"Video Chat With Strangers with Video Chat on TinyChat.com\",\"isPartOf\":{\"@id\":\"https:\\\/\\\/tinychat.com\\\/#website\"},\"datePublished\":\"2025-07-15T22:21:58+00:00\",\"dateModified\":\"2025-07-16T12:46:40+00:00\",\"description\":\"Enjoying Video Chat With Strangers? Join over 50,000,000 strangers on TinyChat! Turn on your cam and start meeting new people, or find a match.\",\"breadcrumb\":{\"@id\":\"https:\\\/\\\/tinychat.com\\\/video-chat-with-strangers\\\/#breadcrumb\"},\"inLanguage\":\"pl-PL\",\"potentialAction\":[{\"@type\":\"ReadAction\",\"target\":[\"https:\\\/\\\/tinychat.com\\\/video-chat-with-strangers\\\/\"]}]},{\"@type\":\"BreadcrumbList\",\"@id\":\"https:\\\/\\\/tinychat.com\\\/video-chat-with-strangers\\\/#breadcrumb\",\"itemListElement\":[{\"@type\":\"ListItem\",\"position\":1,\"name\":\"Home\",\"item\":\"https:\\\/\\\/tinychat.com\\\/\"},{\"@type\":\"ListItem\",\"position\":2,\"name\":\"Video Chat With Strangers\"}]},{\"@type\":\"WebSite\",\"@id\":\"https:\\\/\\\/tinychat.com\\\/#website\",\"url\":\"https:\\\/\\\/tinychat.com\\\/\",\"name\":\"TinyChat\",\"description\":\"Random Video Chat with Strangers\",\"publisher\":{\"@id\":\"https:\\\/\\\/tinychat.com\\\/#organization\"},\"alternateName\":\"TinyChat.com\",\"potentialAction\":[{\"@type\":\"SearchAction\",\"target\":{\"@type\":\"EntryPoint\",\"urlTemplate\":\"https:\\\/\\\/tinychat.com\\\/?s={search_term_string}\"},\"query-input\":{\"@type\":\"PropertyValueSpecification\",\"valueRequired\":true,\"valueName\":\"search_term_string\"}}],\"inLanguage\":\"pl-PL\"},{\"@type\":\"Organization\",\"@id\":\"https:\\\/\\\/tinychat.com\\\/#organization\",\"name\":\"TinyChat\",\"alternateName\":\"TinyChat.com\",\"url\":\"https:\\\/\\\/tinychat.com\\\/\",\"logo\":{\"@type\":\"ImageObject\",\"inLanguage\":\"pl-PL\",\"@id\":\"https:\\\/\\\/tinychat.com\\\/#\\\/schema\\\/logo\\\/image\\\/\",\"url\":\"https:\\\/\\\/tinychat.com\\\/wp-content\\\/uploads\\\/2023\\\/11\\\/Tinychat-icon-square.png\",\"contentUrl\":\"https:\\\/\\\/tinychat.com\\\/wp-content\\\/uploads\\\/2023\\\/11\\\/Tinychat-icon-square.png\",\"width\":284,\"height\":284,\"caption\":\"TinyChat\"},\"image\":{\"@id\":\"https:\\\/\\\/tinychat.com\\\/#\\\/schema\\\/logo\\\/image\\\/\"},\"sameAs\":[\"https:\\\/\\\/www.facebook.com\\\/tinychat\",\"https:\\\/\\\/x.com\\\/tinychat\"]}]}<\/script>\n<!-- \/ Yoast SEO plugin. -->","yoast_head_json":{"title":"Czat wideo z nieznajomymi dzi\u0119ki czatowi wideo na TinyChat.com","description":"Lubisz czat wideo z nieznajomymi? Do\u0142\u0105cz do ponad 50 000 000 nieznajomych na TinyChat! W\u0142\u0105cz kamer\u0119 i zacznij poznawa\u0107 nowych ludzi lub znajd\u017a partnera.","robots":{"index":"index","follow":"follow","max-snippet":"max-snippet:-1","max-image-preview":"max-image-preview:large","max-video-preview":"max-video-preview:-1"},"canonical":"https:\/\/tinychat.com\/pl\/video-chat-with-strangers\/","og_locale":"pl_PL","og_type":"article","og_title":"Video Chat With Strangers with Video Chat on TinyChat.com","og_description":"Enjoying Video Chat With Strangers? Join over 50,000,000 strangers on TinyChat! Turn on your cam and start meeting new people, or find a match.","og_url":"https:\/\/tinychat.com\/pl\/video-chat-with-strangers\/","og_site_name":"TinyChat","article_publisher":"https:\/\/www.facebook.com\/tinychat","article_modified_time":"2025-07-16T12:46:40+00:00","og_image":[{"width":1280,"height":284,"url":"https:\/\/tinychat.com\/wp-content\/uploads\/2020\/04\/Tinychat-logo-1280x284-new-black.png","type":"image\/png"}],"twitter_card":"summary_large_image","twitter_site":"@tinychat","twitter_misc":{"Szacowany czas czytania":"5 minut"},"schema":{"@context":"https:\/\/schema.org","@graph":[{"@type":"WebPage","@id":"https:\/\/tinychat.com\/video-chat-with-strangers\/","url":"https:\/\/tinychat.com\/video-chat-with-strangers\/","name":"Czat wideo z nieznajomymi dzi\u0119ki czatowi wideo na TinyChat.com","isPartOf":{"@id":"https:\/\/tinychat.com\/#website"},"datePublished":"2025-07-15T22:21:58+00:00","dateModified":"2025-07-16T12:46:40+00:00","description":"Lubisz czat wideo z nieznajomymi? Do\u0142\u0105cz do ponad 50 000 000 nieznajomych na TinyChat! W\u0142\u0105cz kamer\u0119 i zacznij poznawa\u0107 nowych ludzi lub znajd\u017a partnera.","breadcrumb":{"@id":"https:\/\/tinychat.com\/video-chat-with-strangers\/#breadcrumb"},"inLanguage":"pl-PL","potentialAction":[{"@type":"ReadAction","target":["https:\/\/tinychat.com\/video-chat-with-strangers\/"]}]},{"@type":"BreadcrumbList","@id":"https:\/\/tinychat.com\/video-chat-with-strangers\/#breadcrumb","itemListElement":[{"@type":"ListItem","position":1,"name":"Home","item":"https:\/\/tinychat.com\/"},{"@type":"ListItem","position":2,"name":"Video Chat With Strangers"}]},{"@type":"WebSite","@id":"https:\/\/tinychat.com\/#website","url":"https:\/\/tinychat.com\/","name":"TinyChat","description":"Losowy czat wideo z nieznajomymi","publisher":{"@id":"https:\/\/tinychat.com\/#organization"},"alternateName":"TinyChat.com","potentialAction":[{"@type":"SearchAction","target":{"@type":"EntryPoint","urlTemplate":"https:\/\/tinychat.com\/?s={search_term_string}"},"query-input":{"@type":"PropertyValueSpecification","valueRequired":true,"valueName":"search_term_string"}}],"inLanguage":"pl-PL"},{"@type":"Organization","@id":"https:\/\/tinychat.com\/#organization","name":"TinyChat","alternateName":"TinyChat.com","url":"https:\/\/tinychat.com\/","logo":{"@type":"ImageObject","inLanguage":"pl-PL","@id":"https:\/\/tinychat.com\/#\/schema\/logo\/image\/","url":"https:\/\/tinychat.com\/wp-content\/uploads\/2023\/11\/Tinychat-icon-square.png","contentUrl":"https:\/\/tinychat.com\/wp-content\/uploads\/2023\/11\/Tinychat-icon-square.png","width":284,"height":284,"caption":"TinyChat"},"image":{"@id":"https:\/\/tinychat.com\/#\/schema\/logo\/image\/"},"sameAs":["https:\/\/www.facebook.com\/tinychat","https:\/\/x.com\/tinychat"]}]}},"_links":{"self":[{"href":"https:\/\/tinychat.com\/pl\/wp-json\/wp\/v2\/pages\/3516","targetHints":{"allow":["GET"]}}],"collection":[{"href":"https:\/\/tinychat.com\/pl\/wp-json\/wp\/v2\/pages"}],"about":[{"href":"https:\/\/tinychat.com\/pl\/wp-json\/wp\/v2\/types\/page"}],"author":[{"embeddable":true,"href":"https:\/\/tinychat.com\/pl\/wp-json\/wp\/v2\/users\/8"}],"replies":[{"embeddable":true,"href":"https:\/\/tinychat.com\/pl\/wp-json\/wp\/v2\/comments?post=3516"}],"version-history":[{"count":2,"href":"https:\/\/tinychat.com\/pl\/wp-json\/wp\/v2\/pages\/3516\/revisions"}],"predecessor-version":[{"id":13330,"href":"https:\/\/tinychat.com\/pl\/wp-json\/wp\/v2\/pages\/3516\/revisions\/13330"}],"wp:attachment":[{"href":"https:\/\/tinychat.com\/pl\/wp-json\/wp\/v2\/media?parent=3516"}],"curies":[{"name":"wp","href":"https:\/\/api.w.org\/{rel}","templated":true}]}}