{"id":3935,"date":"2021-05-23T17:19:09","date_gmt":"2021-05-23T15:19:09","guid":{"rendered":"https:\/\/tinychat.com\/?page_id=3935"},"modified":"2025-07-16T14:48:20","modified_gmt":"2025-07-16T12:48:20","slug":"free-random-chat","status":"publish","type":"page","link":"https:\/\/tinychat.com\/pl\/free-random-chat\/","title":{"rendered":"Darmowy losowy czat"},"content":{"rendered":"<p>Czy kiedykolwiek czu\u0142e\u015b, \u017ce Tw\u00f3j kr\u0105g znajomych jest troch\u0119 za ma\u0142y? A mo\u017ce po prostu jeste\u015b znudzony tymi samymi starymi czatami grupowymi i chcesz zobaczy\u0107, co jeszcze (lub kto jeszcze!) tam jest. W\u0142a\u015bnie w tym miejscu pojawia si\u0119 darmowy czat - prosty, niezobowi\u0105zuj\u0105cy spos\u00f3b na nawi\u0105zywanie kontakt\u00f3w z nieznajomymi, prowadzenie prawdziwych rozm\u00f3w, a nawet nawi\u0105zywanie nieoczekiwanych znajomo\u015bci, a wszystko to za pomoc\u0105 jednego klikni\u0119cia.<\/p>\n<p>Zapomnij o skomplikowanych rejestracjach lub ukrytych op\u0142atach. Dzi\u0119ki darmowemu czatowi otrzymujesz natychmiastowy dost\u0119p do \u015bwiata mo\u017cliwo\u015bci, bezpo\u015brednio z przegl\u0105darki lub telefonu.<\/p>\n<h2>Czym jest darmowy czat losowy?<\/h2>\n<p>W swojej istocie darmowy czat oznacza mo\u017cliwo\u015b\u0107 natychmiastowego po\u0142\u0105czenia si\u0119 z inn\u0105 osob\u0105 (cz\u0119sto zupe\u0142nie obc\u0105) w celu prowadzenia rozmowy w czasie rzeczywistym. Mo\u017ce to by\u0107 rozmowa tekstowa, wideo lub jedno i drugie. Nie musisz si\u0119 rejestrowa\u0107, niczego pobiera\u0107, ani nawet u\u017cywa\u0107 swojego prawdziwego imienia i nazwiska. Wystarczy wybra\u0107 pseudonim, klikn\u0105\u0107 \"start\" i gotowe!<\/p>\n<p>Istniej\u0105 r\u00f3\u017cne rodzaje platform:<\/p>\n<ul>\n<li>Darmowe losowe pokoje rozm\u00f3w: Grupuj si\u0119 z lud\u017ami wok\u00f3\u0142 tematu, zainteresowania lub po prostu dla og\u00f3lnej zabawy.<\/li>\n<li>Darmowy losowy czat wideo: Sparuj si\u0119 jeden na jednego, aby prowadzi\u0107 spontaniczne rozmowy wideo.<\/li>\n<li>Losowy czat tekstowy: \u015awietne rozwi\u0105zanie dla os\u00f3b stroni\u0105cych od kamer lub chc\u0105cych zachowa\u0107 prostot\u0119.<\/li>\n<\/ul>\n<p>Pi\u0119kno tkwi w przypadkowo\u015bci - nigdy nie wiesz, kogo spotkasz i w jakim kierunku potoczy si\u0119 rozmowa.<\/p>\n<h2>Dlaczego warto wypr\u00f3bowa\u0107 darmowy czat z nieznajomymi?<\/h2>\n<p>Nie chodzi tylko o nud\u0119 - wskakiwanie na darmowy czat losowy przynosi realne korzy\u015bci:<\/p>\n<ul>\n<li>Poszerz sw\u00f3j \u015bwiat: Poznawaj ludzi z r\u00f3\u017cnych \u015brodowisk, kraj\u00f3w i perspektyw.<\/li>\n<li>Bez presji: nikt Ci\u0119 nie zna, wi\u0119c mo\u017cesz by\u0107 sob\u0105, \u017cartowa\u0107, flirtowa\u0107 lub po prostu rozmawia\u0107.<\/li>\n<li>\u0106wicz umiej\u0119tno\u015bci spo\u0142eczne lub j\u0119zykowe: Rozmawiaj z lud\u017ami z ca\u0142ego \u015bwiata w zabawny, zrelaksowany spos\u00f3b.<\/li>\n<li>Natychmiastowa zabawa: Pomi\u0144 niezr\u0119czn\u0105 sekcj\u0119 \"o mnie\" - przejd\u017a od razu do rozmowy.<\/li>\n<li>Pokonaj samotno\u015b\u0107: Nawet pi\u0119ciominutowa rozmowa mo\u017ce poprawi\u0107 nastr\u00f3j i rozja\u015bni\u0107 dzie\u0144.<\/li>\n<\/ul>\n<p>\"Do\u0142\u0105czy\u0142em do darmowego, losowego czatu dla zabawy, ale sko\u0144czy\u0142o si\u0119 na jednej z najlepszych rozm\u00f3w w moim \u017cyciu - z kim\u015b z po\u0142owy \u015bwiata!\".<\/p>\n<h2>Jak dzia\u0142a darmowy czat losowy?<\/h2>\n<p>Jest to bardzo proste, nawet je\u015bli jeste\u015b nowy w \u015bwiecie czat\u00f3w online:<\/p>\n<ol>\n<li>Wybierz darmow\u0105, losow\u0105 stron\u0119 lub aplikacj\u0119 do czatowania (np. Omegle, Chatroulette, Chatspin, Camsurf itp.).<\/li>\n<li>Wybierz pseudonim (lub przejd\u017a jako \"Go\u015b\u0107\").<\/li>\n<li>Zdecyduj, czy chcesz tekst, wideo, czy oba.<\/li>\n<li>Kliknij \"Start\", a platforma sparuje Ci\u0119 z przypadkow\u0105 nieznajom\u0105 osob\u0105.<\/li>\n<li>Je\u015bli chcesz, mo\u017cesz u\u017cy\u0107 filtr\u00f3w (takich jak kraj, p\u0142e\u0107, zainteresowania), aby uzyska\u0107 lepsze dopasowanie.<\/li>\n<li>Rozmawiaj tak d\u0142ugo (lub tak kr\u00f3tko), jak chcesz. Nie czujesz wibracji? Kliknij \"Dalej\" i znajd\u017a nowego partnera.<\/li>\n<\/ol>\n<p>Bez pobierania, bez p\u0142atno\u015bci, bez zobowi\u0105za\u0144 - tylko czyste, natychmiastowe po\u0142\u0105czenie.<\/p>\n<h2>Najlepsze platformy do darmowego czatu losowego<\/h2>\n<p>Istnieje ogromna r\u00f3\u017cnorodno\u015b\u0107, w zale\u017cno\u015bci od nastroju i preferencji:<\/p>\n<ul>\n<li>Omegle: Klasyczny czat tekstowy i wideo - ca\u0142kowicie darmowy, bez konieczno\u015bci rejestracji.<\/li>\n<li>Chatroulette: Znany z szybkiego tempa i nastawienia na wideo.<\/li>\n<li>Chatspin: Dodaje zabawne filtry i tagi zainteresowa\u0144 dla bardziej spersonalizowanego do\u015bwiadczenia.<\/li>\n<li>Camsurf: Przyjazny, moderowany i przyjazny dla urz\u0105dze\u0144 mobilnych.<\/li>\n<li>Chatrandom: Oferuje losowe pokoje czatowe za darmo zar\u00f3wno wideo, jak i tekstowe, a tak\u017ce pokoje tematyczne.<\/li>\n<\/ul>\n<p>Wypr\u00f3buj kilka, aby znale\u017a\u0107 klimat i funkcje, kt\u00f3re lubisz najbardziej - ka\u017cda platforma ma swoj\u0105 w\u0142asn\u0105 spo\u0142eczno\u015b\u0107.<\/p>\n<h2>Darmowy czat losowy a inne opcje online<\/h2>\n<table>\n<thead>\n<tr>\n<th>Cecha<\/th>\n<th>Darmowy losowy czat<\/th>\n<th>Media spo\u0142eczno\u015bciowe<\/th>\n<th>Czaty grupowe<\/th>\n<th>Aplikacje randkowe<\/th>\n<\/tr>\n<\/thead>\n<tbody>\n<tr>\n<td>Natychmiastowe dopasowanie<\/td>\n<td>\u2705<\/td>\n<td>\u274c<\/td>\n<td>\u274c<\/td>\n<td>\u274c<\/td>\n<\/tr>\n<tr>\n<td>Anonimowy czat<\/td>\n<td>\u2705<\/td>\n<td>\u274c<\/td>\n<td>\u274c<\/td>\n<td>\u274c<\/td>\n<\/tr>\n<tr>\n<td>Rejestracja nie jest wymagana<\/td>\n<td>\u2705<\/td>\n<td>\u274c<\/td>\n<td>\u274c<\/td>\n<td>\u274c<\/td>\n<\/tr>\n<tr>\n<td>Opcje tekstowe lub wideo<\/td>\n<td>\u2705<\/td>\n<td>\u2705<\/td>\n<td>\u2705<\/td>\n<td>\u2705<\/td>\n<\/tr>\n<tr>\n<td>Funkcja \"Dalej\"\/przejd\u017a dalej<\/td>\n<td>\u2705<\/td>\n<td>\u274c<\/td>\n<td>\u274c<\/td>\n<td>\u274c<\/td>\n<\/tr>\n<tr>\n<td>Darmowy w u\u017cyciu<\/td>\n<td>\u2705<\/td>\n<td>\u2705<\/td>\n<td>\u2705<\/td>\n<td>\u2705\/\u274c<\/td>\n<\/tr>\n<\/tbody>\n<\/table>\n<p>Darmowy czat losowy wyr\u00f3\u017cnia si\u0119 spontaniczno\u015bci\u0105, wolno\u015bci\u0105 i dreszczykiem nieznanego.<\/p>\n<h2>Bezpiecze\u0144stwo w losowych czatach<\/h2>\n<p>Podczas gdy wi\u0119kszo\u015b\u0107 ludzi chce tylko porozmawia\u0107, graj bezpiecznie:<\/p>\n<ul>\n<li>Nigdy nie udost\u0119pniaj swojego prawdziwego imienia i nazwiska, adresu, numeru telefonu ani prywatnych informacji.<\/li>\n<li>U\u017cyj pseudonimu, a je\u015bli u\u017cywasz wideo, zachowaj neutralne t\u0142o.<\/li>\n<li>Je\u015bli czujesz si\u0119 niekomfortowo, wyjd\u017a lub kliknij \"Dalej\".<\/li>\n<li>Korzystaj z platform z funkcjami raportowania\/blokowania, je\u015bli napotkasz z\u0142e zachowanie.<\/li>\n<li>Nie klikaj podejrzanych link\u00f3w ani nie wysy\u0142aj poufnych obraz\u00f3w.<\/li>\n<\/ul>\n<p>Zachowanie rozs\u0105dku pomaga utrzyma\u0107 pozytywne i zabawne wra\u017cenia.<\/p>\n<h2>Kto korzysta z darmowego czatu losowego?<\/h2>\n<p>Odpowied\u017a: <em>ka\u017cdego i wszystkich!<\/em><\/p>\n<ul>\n<li>Uczniowie \u0107wicz\u0105cy umiej\u0119tno\u015bci j\u0119zykowe lub spo\u0142eczne<\/li>\n<li>Podr\u00f3\u017cni chc\u0105cy pozna\u0107 miejscowych przed podr\u00f3\u017c\u0105<\/li>\n<li>Single szukaj\u0105ce niskoci\u015bnieniowego sposobu na nawi\u0105zanie kontaktu lub flirt<\/li>\n<li>Ka\u017cdy, kto jest znudzony, samotny lub po prostu otwarty na co\u015b nowego.<\/li>\n<li>Nocne sowy i osoby cierpi\u0105ce na bezsenno\u015b\u0107 szukaj\u0105ce okazji do nocnych rozm\u00f3w<\/li>\n<\/ul>\n<p>To jeden z najbardziej inkluzywnych i r\u00f3\u017cnorodnych zak\u0105tk\u00f3w internetu.<\/p>\n<h2>Wskaz\u00f3wki, jak najlepiej wykorzysta\u0107 darmowy czat losowy<\/h2>\n<ul>\n<li>U\u015bmiechaj si\u0119 i b\u0105d\u017a uprzejmy - liczy si\u0119 pierwsze wra\u017cenie, nawet online.<\/li>\n<li>Zadawaj pytania otwarte (\"Jak jest tam, gdzie mieszkasz?\" lub \"Jak\u0105 muzyk\u0119 lubisz?\").<\/li>\n<li>Wypr\u00f3buj r\u00f3\u017cne pory dnia, aby pozna\u0107 ludzi z innych stref czasowych.<\/li>\n<li>Nie zniech\u0119caj si\u0119 kilkoma kr\u00f3tkimi lub niezr\u0119cznymi rozmowami - nast\u0119pna mo\u017ce by\u0107 najlepsza.<\/li>\n<li>U\u017cywaj tag\u00f3w zainteresowa\u0144 lub filtr\u00f3w, je\u015bli platforma je oferuje, aby uzyska\u0107 lepsze dopasowania.<\/li>\n<\/ul>\n<h2>Kiedy korzysta\u0107 z darmowego czatu losowego?<\/h2>\n<ul>\n<li>Kiedy jeste\u015b znudzony lub czujesz, \u017ce utkn\u0105\u0142e\u015b w rutynie<\/li>\n<li>Dla szybkiego \u015bmiechu, nowych perspektyw lub spontanicznej przyja\u017ani<\/li>\n<li>\u0106wiczenie nowego j\u0119zyka w zabawny, naturalny spos\u00f3b<\/li>\n<li>Kiedy chcesz zwi\u0105zku, ale nie zaanga\u017cowania<\/li>\n<li>Zawsze, gdy jeste\u015b ciekawy, kto tam jest<\/li>\n<\/ul>\n<h2>Darmowe vs. p\u0142atne funkcje<\/h2>\n<p>Wi\u0119kszo\u015b\u0107 losowych czat\u00f3w i aplikacji do rozm\u00f3w wideo jest ca\u0142kowicie darmowa. Niekt\u00f3re oferuj\u0105 p\u0142atne dodatki:<\/p>\n<ul>\n<li>Zaawansowane filtry (lokalizacja, zainteresowania, p\u0142e\u0107)<\/li>\n<li>Nieograniczone pomijanie lub dopasowywanie<\/li>\n<li>Do\u015bwiadczenie bez reklam<\/li>\n<li>Prywatne pokoje lub specjalne naklejki<\/li>\n<\/ul>\n<p>Nie trzeba jednak p\u0142aci\u0107, by dobrze si\u0119 bawi\u0107. Darmowa wersja jest zazwyczaj wystarczaj\u0105ca dla wi\u0119kszo\u015bci u\u017cytkownik\u00f3w.<\/p>\n<p>Darmowe platformy czatowe otwieraj\u0105 zupe\u0142nie nowy \u015bwiat kontakt\u00f3w, zabawy i nieoczekiwanych przyja\u017ani. Bez presji, bez koszt\u00f3w i bez granic, mo\u017cesz spotka\u0107 si\u0119 z kimkolwiek, gdziekolwiek, w dowolnym czasie - po prostu dla dreszczyku emocji. Niezale\u017cnie od tego, czy chcesz porozmawia\u0107, po\u015bmia\u0107 si\u0119, poflirtowa\u0107, czy po prostu zobaczy\u0107, kogo spotkasz, po nast\u0119pnym klikni\u0119ciu zawsze czeka co\u015b nowego.<\/p>\n<p>Gotowy, by spr\u00f3bowa\u0107? Uruchom dzi\u015b darmow\u0105 aplikacj\u0119 lub stron\u0119 do czatowania - kolejna \u015bwietna rozmowa mo\u017ce by\u0107 ju\u017c za kilka sekund.<\/p>","protected":false},"excerpt":{"rendered":"<p>Ever feel like your social circle is a little too small? Or maybe you\u2019re just bored of the same old group chats and want to see what else (or who else!) is out there. That\u2019s where free random chat comes in\u2014a simple, no-strings-attached way to connect with strangers, have real conversations, and even make unexpected [&hellip;]<\/p>\n","protected":false},"author":8,"featured_media":0,"parent":0,"menu_order":0,"comment_status":"closed","ping_status":"closed","template":"","meta":{"footnotes":""},"class_list":["post-3935","page","type-page","status-publish","hentry"],"yoast_head":"<!-- This site is optimized with the Yoast SEO plugin v27.4 - https:\/\/yoast.com\/product\/yoast-seo-wordpress\/ -->\n<title>Free Random Chat with Video Chat on TinyChat.com<\/title>\n<meta name=\"description\" content=\"Enjoying Free Random Chat? Join over 50,000,000 strangers on TinyChat! Turn on your cam and start meeting new people, or find a match.\" \/>\n<meta name=\"robots\" content=\"index, follow, max-snippet:-1, max-image-preview:large, max-video-preview:-1\" \/>\n<link rel=\"canonical\" href=\"https:\/\/tinychat.com\/pl\/free-random-chat\/\" \/>\n<meta property=\"og:locale\" content=\"pl_PL\" \/>\n<meta property=\"og:type\" content=\"article\" \/>\n<meta property=\"og:title\" content=\"Free Random Chat with Video Chat on TinyChat.com\" \/>\n<meta property=\"og:description\" content=\"Enjoying Free Random Chat? Join over 50,000,000 strangers on TinyChat! Turn on your cam and start meeting new people, or find a match.\" \/>\n<meta property=\"og:url\" content=\"https:\/\/tinychat.com\/pl\/free-random-chat\/\" \/>\n<meta property=\"og:site_name\" content=\"TinyChat\" \/>\n<meta property=\"article:publisher\" content=\"https:\/\/www.facebook.com\/tinychat\" \/>\n<meta property=\"article:modified_time\" content=\"2025-07-16T12:48:20+00:00\" \/>\n<meta property=\"og:image\" content=\"https:\/\/tinychat.com\/wp-content\/uploads\/2020\/04\/Tinychat-logo-1280x284-new-black.png\" \/>\n\t<meta property=\"og:image:width\" content=\"1280\" \/>\n\t<meta property=\"og:image:height\" content=\"284\" \/>\n\t<meta property=\"og:image:type\" content=\"image\/png\" \/>\n<meta name=\"twitter:card\" content=\"summary_large_image\" \/>\n<meta name=\"twitter:site\" content=\"@tinychat\" \/>\n<meta name=\"twitter:label1\" content=\"Szacowany czas czytania\" \/>\n\t<meta name=\"twitter:data1\" content=\"5 minut\" \/>\n<script type=\"application\/ld+json\" class=\"yoast-schema-graph\">{\"@context\":\"https:\\\/\\\/schema.org\",\"@graph\":[{\"@type\":\"WebPage\",\"@id\":\"https:\\\/\\\/tinychat.com\\\/free-random-chat\\\/\",\"url\":\"https:\\\/\\\/tinychat.com\\\/free-random-chat\\\/\",\"name\":\"Free Random Chat with Video Chat on TinyChat.com\",\"isPartOf\":{\"@id\":\"https:\\\/\\\/tinychat.com\\\/#website\"},\"datePublished\":\"2021-05-23T15:19:09+00:00\",\"dateModified\":\"2025-07-16T12:48:20+00:00\",\"description\":\"Enjoying Free Random Chat? Join over 50,000,000 strangers on TinyChat! Turn on your cam and start meeting new people, or find a match.\",\"breadcrumb\":{\"@id\":\"https:\\\/\\\/tinychat.com\\\/free-random-chat\\\/#breadcrumb\"},\"inLanguage\":\"pl-PL\",\"potentialAction\":[{\"@type\":\"ReadAction\",\"target\":[\"https:\\\/\\\/tinychat.com\\\/free-random-chat\\\/\"]}]},{\"@type\":\"BreadcrumbList\",\"@id\":\"https:\\\/\\\/tinychat.com\\\/free-random-chat\\\/#breadcrumb\",\"itemListElement\":[{\"@type\":\"ListItem\",\"position\":1,\"name\":\"Home\",\"item\":\"https:\\\/\\\/tinychat.com\\\/\"},{\"@type\":\"ListItem\",\"position\":2,\"name\":\"Free Random Chat\"}]},{\"@type\":\"WebSite\",\"@id\":\"https:\\\/\\\/tinychat.com\\\/#website\",\"url\":\"https:\\\/\\\/tinychat.com\\\/\",\"name\":\"TinyChat\",\"description\":\"Random Video Chat with Strangers\",\"publisher\":{\"@id\":\"https:\\\/\\\/tinychat.com\\\/#organization\"},\"alternateName\":\"TinyChat.com\",\"potentialAction\":[{\"@type\":\"SearchAction\",\"target\":{\"@type\":\"EntryPoint\",\"urlTemplate\":\"https:\\\/\\\/tinychat.com\\\/?s={search_term_string}\"},\"query-input\":{\"@type\":\"PropertyValueSpecification\",\"valueRequired\":true,\"valueName\":\"search_term_string\"}}],\"inLanguage\":\"pl-PL\"},{\"@type\":\"Organization\",\"@id\":\"https:\\\/\\\/tinychat.com\\\/#organization\",\"name\":\"TinyChat\",\"alternateName\":\"TinyChat.com\",\"url\":\"https:\\\/\\\/tinychat.com\\\/\",\"logo\":{\"@type\":\"ImageObject\",\"inLanguage\":\"pl-PL\",\"@id\":\"https:\\\/\\\/tinychat.com\\\/#\\\/schema\\\/logo\\\/image\\\/\",\"url\":\"https:\\\/\\\/tinychat.com\\\/wp-content\\\/uploads\\\/2023\\\/11\\\/Tinychat-icon-square.png\",\"contentUrl\":\"https:\\\/\\\/tinychat.com\\\/wp-content\\\/uploads\\\/2023\\\/11\\\/Tinychat-icon-square.png\",\"width\":284,\"height\":284,\"caption\":\"TinyChat\"},\"image\":{\"@id\":\"https:\\\/\\\/tinychat.com\\\/#\\\/schema\\\/logo\\\/image\\\/\"},\"sameAs\":[\"https:\\\/\\\/www.facebook.com\\\/tinychat\",\"https:\\\/\\\/x.com\\\/tinychat\"]}]}<\/script>\n<!-- \/ Yoast SEO plugin. -->","yoast_head_json":{"title":"Darmowy losowy czat z czatem wideo na TinyChat.com","description":"Korzystasz z darmowego czatu losowego? Do\u0142\u0105cz do ponad 50 000 000 nieznajomych na TinyChat! W\u0142\u0105cz kamer\u0119 i zacznij poznawa\u0107 nowych ludzi lub znajd\u017a partnera.","robots":{"index":"index","follow":"follow","max-snippet":"max-snippet:-1","max-image-preview":"max-image-preview:large","max-video-preview":"max-video-preview:-1"},"canonical":"https:\/\/tinychat.com\/pl\/free-random-chat\/","og_locale":"pl_PL","og_type":"article","og_title":"Free Random Chat with Video Chat on TinyChat.com","og_description":"Enjoying Free Random Chat? Join over 50,000,000 strangers on TinyChat! Turn on your cam and start meeting new people, or find a match.","og_url":"https:\/\/tinychat.com\/pl\/free-random-chat\/","og_site_name":"TinyChat","article_publisher":"https:\/\/www.facebook.com\/tinychat","article_modified_time":"2025-07-16T12:48:20+00:00","og_image":[{"width":1280,"height":284,"url":"https:\/\/tinychat.com\/wp-content\/uploads\/2020\/04\/Tinychat-logo-1280x284-new-black.png","type":"image\/png"}],"twitter_card":"summary_large_image","twitter_site":"@tinychat","twitter_misc":{"Szacowany czas czytania":"5 minut"},"schema":{"@context":"https:\/\/schema.org","@graph":[{"@type":"WebPage","@id":"https:\/\/tinychat.com\/free-random-chat\/","url":"https:\/\/tinychat.com\/free-random-chat\/","name":"Darmowy losowy czat z czatem wideo na TinyChat.com","isPartOf":{"@id":"https:\/\/tinychat.com\/#website"},"datePublished":"2021-05-23T15:19:09+00:00","dateModified":"2025-07-16T12:48:20+00:00","description":"Korzystasz z darmowego czatu losowego? Do\u0142\u0105cz do ponad 50 000 000 nieznajomych na TinyChat! W\u0142\u0105cz kamer\u0119 i zacznij poznawa\u0107 nowych ludzi lub znajd\u017a partnera.","breadcrumb":{"@id":"https:\/\/tinychat.com\/free-random-chat\/#breadcrumb"},"inLanguage":"pl-PL","potentialAction":[{"@type":"ReadAction","target":["https:\/\/tinychat.com\/free-random-chat\/"]}]},{"@type":"BreadcrumbList","@id":"https:\/\/tinychat.com\/free-random-chat\/#breadcrumb","itemListElement":[{"@type":"ListItem","position":1,"name":"Home","item":"https:\/\/tinychat.com\/"},{"@type":"ListItem","position":2,"name":"Free Random Chat"}]},{"@type":"WebSite","@id":"https:\/\/tinychat.com\/#website","url":"https:\/\/tinychat.com\/","name":"TinyChat","description":"Losowy czat wideo z nieznajomymi","publisher":{"@id":"https:\/\/tinychat.com\/#organization"},"alternateName":"TinyChat.com","potentialAction":[{"@type":"SearchAction","target":{"@type":"EntryPoint","urlTemplate":"https:\/\/tinychat.com\/?s={search_term_string}"},"query-input":{"@type":"PropertyValueSpecification","valueRequired":true,"valueName":"search_term_string"}}],"inLanguage":"pl-PL"},{"@type":"Organization","@id":"https:\/\/tinychat.com\/#organization","name":"TinyChat","alternateName":"TinyChat.com","url":"https:\/\/tinychat.com\/","logo":{"@type":"ImageObject","inLanguage":"pl-PL","@id":"https:\/\/tinychat.com\/#\/schema\/logo\/image\/","url":"https:\/\/tinychat.com\/wp-content\/uploads\/2023\/11\/Tinychat-icon-square.png","contentUrl":"https:\/\/tinychat.com\/wp-content\/uploads\/2023\/11\/Tinychat-icon-square.png","width":284,"height":284,"caption":"TinyChat"},"image":{"@id":"https:\/\/tinychat.com\/#\/schema\/logo\/image\/"},"sameAs":["https:\/\/www.facebook.com\/tinychat","https:\/\/x.com\/tinychat"]}]}},"_links":{"self":[{"href":"https:\/\/tinychat.com\/pl\/wp-json\/wp\/v2\/pages\/3935","targetHints":{"allow":["GET"]}}],"collection":[{"href":"https:\/\/tinychat.com\/pl\/wp-json\/wp\/v2\/pages"}],"about":[{"href":"https:\/\/tinychat.com\/pl\/wp-json\/wp\/v2\/types\/page"}],"author":[{"embeddable":true,"href":"https:\/\/tinychat.com\/pl\/wp-json\/wp\/v2\/users\/8"}],"replies":[{"embeddable":true,"href":"https:\/\/tinychat.com\/pl\/wp-json\/wp\/v2\/comments?post=3935"}],"version-history":[{"count":2,"href":"https:\/\/tinychat.com\/pl\/wp-json\/wp\/v2\/pages\/3935\/revisions"}],"predecessor-version":[{"id":13331,"href":"https:\/\/tinychat.com\/pl\/wp-json\/wp\/v2\/pages\/3935\/revisions\/13331"}],"wp:attachment":[{"href":"https:\/\/tinychat.com\/pl\/wp-json\/wp\/v2\/media?parent=3935"}],"curies":[{"name":"wp","href":"https:\/\/api.w.org\/{rel}","templated":true}]}}