{"id":3953,"date":"2025-09-03T08:28:59","date_gmt":"2025-09-03T06:28:59","guid":{"rendered":"https:\/\/tinychat.com\/?page_id=3953"},"modified":"2025-09-03T12:47:40","modified_gmt":"2025-09-03T10:47:40","slug":"random-video-chat-online","status":"publish","type":"page","link":"https:\/\/tinychat.com\/pl\/random-video-chat-online\/","title":{"rendered":"Losowy czat wideo online"},"content":{"rendered":"<p>Internet po\u0142\u0105czy\u0142 nas na niezliczone sposoby, ale niewiele rzeczy jest tak ekscytuj\u0105cych - lub tak spontanicznych - jak do\u0142\u0105czenie do przypadkowego czatu wideo online. Jedno klikni\u0119cie i nagle stajesz twarz\u0105 w twarz z nieznajomym z innego miasta, kraju lub kontynentu. Czasami rozmowa jest g\u0142upia, czasami zaskakuj\u0105co g\u0142\u0119boka, a czasami prowadzi do nowych przyja\u017ani lub czego\u015b wi\u0119cej.<\/p>\n<p>W przeciwie\u0144stwie do medi\u00f3w spo\u0142eczno\u015bciowych, gdzie wszystko jest dopracowane i wyselekcjonowane, losowy czat wideo online jest surowy, prawdziwy i odbywa si\u0119 w danej chwili. To spotkania towarzyskie bez filtr\u00f3w - tylko ty, twoja kamera internetowa i kto\u015b, kogo nigdy wcze\u015bniej nie spotka\u0142e\u015b.<\/p>\n<h2>Czym jest losowy czat wideo online?<\/h2>\n<p>Losowy czat wideo online odnosi si\u0119 do platform, kt\u00f3re natychmiast \u0142\u0105cz\u0105 Ci\u0119 z nieznajomymi za po\u015brednictwem po\u0142\u0105cze\u0144 wideo na \u017cywo. Zamiast wybiera\u0107, z kim rozmawiasz, platforma dopasowuje Ci\u0119 do kogo\u015b przypadkowego. Je\u015bli rozmowa nie dzia\u0142a, naciskasz \"nast\u0119pny\" i natychmiast spotykasz kogo\u015b innego.<\/p>\n<p>Kluczowe funkcje zazwyczaj obejmuj\u0105:<\/p>\n<ul>\n<li>Darmowy dost\u0119p - wi\u0119kszo\u015b\u0107 stron umo\u017cliwia nieograniczone rozmowy wideo z nieznajomymi bez \u017cadnych koszt\u00f3w.<\/li>\n<li>Opcje anonimowe - u\u017cyj pseudonimu lub wy\u0142\u0105cz kamer\u0119, dop\u00f3ki nie poczujesz si\u0119 komfortowo.<\/li>\n<li>Przycisk pomijania - szybkie przej\u015bcie dalej, je\u015bli czat nie sprawia ci przyjemno\u015bci.<\/li>\n<li>Globalny zasi\u0119g - poznawaj ludzi z ca\u0142ego \u015bwiata o ka\u017cdej porze dnia i nocy.<\/li>\n<li>Opcjonalne filtry - zaw\u0119\u017caj dopasowania wed\u0142ug zainteresowa\u0144, lokalizacji lub p\u0142ci.<\/li>\n<\/ul>\n<p>To nieprzewidywalna mieszanka zabawy, kultury i wi\u0119zi mi\u0119dzyludzkich.<\/p>\n<h2>Dlaczego ludzie korzystaj\u0105 z losowych czat\u00f3w online?<\/h2>\n<p>Ka\u017cdego miesi\u0105ca miliony ludzi korzystaj\u0105 z darmowych, losowych czat\u00f3w wideo online. Oto dlaczego jest to tak atrakcyjne:<\/p>\n<ul>\n<li>Spontaniczno\u015b\u0107 - nigdy nie wiesz, kto b\u0119dzie nast\u0119pny, co czyni to ekscytuj\u0105cym.<\/li>\n<li>Dost\u0119pno\u015b\u0107 - bez rejestracji, bez subskrypcji - po prostu kliknij i zacznij czatowa\u0107.<\/li>\n<li>Globalna spo\u0142eczno\u015b\u0107 - poznaj ludzi z r\u00f3\u017cnych kultur i \u015brodowisk.<\/li>\n<li>Niskie ci\u015bnienie - Nie czujesz iskry? Pomi\u0144 i spr\u00f3buj ponownie, bez urazy.<\/li>\n<li>R\u00f3\u017cnorodno\u015b\u0107 do\u015bwiadcze\u0144 - niekt\u00f3re czaty s\u0105 lekkie, inne zaskakuj\u0105co znacz\u0105ce.<\/li>\n<\/ul>\n<p>Dla wielu jest to spos\u00f3b na wyrwanie si\u0119 z rutyny i do\u015bwiadczenie czego\u015b nowego bez wychodzenia z domu.<\/p>\n<h2>Jak dzia\u0142a losowy czat wideo online<\/h2>\n<p>Je\u015bli nigdy wcze\u015bniej tego nie pr\u00f3bowa\u0142e\u015b, oto prosty proces:<\/p>\n<ol>\n<li>Wybierz platform\u0119 - opcje obejmuj\u0105 Omegle, Chatroulette, Chatspin, Camsurf i TinyChat.<\/li>\n<li>W\u0142\u0105cz kamer\u0119 internetow\u0105 i mikrofon - pozw\u00f3l urz\u0105dzeniu \u0142\u0105czy\u0107 si\u0119 z Tob\u0105 w czasie rzeczywistym.<\/li>\n<li>Kliknij \"Rozpocznij\" lub \"Po\u0142\u0105cz\" - natychmiast zostaniesz dopasowany do losowej nieznajomej osoby.<\/li>\n<li>Zosta\u0144 lub pomi\u0144 - czatuj tak d\u0142ugo, jak chcesz, lub przejd\u017a do kogo\u015b nowego.<\/li>\n<li>Dostosuj filtry - U\u017cyj filtr\u00f3w p\u0142ci, j\u0119zyka lub zainteresowa\u0144, je\u015bli s\u0105 dost\u0119pne.<\/li>\n<\/ol>\n<p>Przez ca\u0142y czas masz kontrol\u0119 - chodzi o elastyczno\u015b\u0107 i zabaw\u0119.<\/p>\n<h2>Najlepsze platformy do losowego czatu wideo online<\/h2>\n<p>Oto kilka najbardziej popularnych i zaufanych miejsc, w kt\u00f3rych mo\u017cna zacz\u0105\u0107:<\/p>\n<ul>\n<li>Omegle - Pionier losowego czatu tekstowego i wideo.<\/li>\n<li>Chatroulette - s\u0142ynie z szybkiego globalnego dopasowania.<\/li>\n<li>Chatspin - Oferuje filtry p\u0142ci i zainteresowa\u0144 oraz zabawne efekty wideo.<\/li>\n<li>Camsurf - Koncentruje si\u0119 na moderacji i tworzeniu bezpiecznego \u015brodowiska.<\/li>\n<li>Chatrandom - Obejmuje zar\u00f3wno rozmowy jeden na jednego, jak i czaty tematyczne.<\/li>\n<li>TinyChat - \u0141\u0105czy losowe czaty z publicznymi i prywatnymi czatami wideo.<\/li>\n<li>Bazoocam - europejski faworyt z wbudowanymi grami na prze\u0142amanie lod\u00f3w.<\/li>\n<\/ul>\n<p>Ka\u017cda spo\u0142eczno\u015b\u0107 jest inna - niekt\u00f3re s\u0105 szybkie, inne wyluzowane. Wypr\u00f3bowanie kilku z nich pomo\u017ce ci znale\u017a\u0107 odpowiednie rozwi\u0105zanie.<\/p>\n<h2>Losowy czat wideo a media spo\u0142eczno\u015bciowe<\/h2>\n<p>Chocia\u017c oba s\u0105 sposobami na \u0142\u0105czenie si\u0119, s\u0105 to bardzo r\u00f3\u017cne do\u015bwiadczenia.<\/p>\n<table>\n<thead>\n<tr>\n<th>Cecha<\/th>\n<th>Losowy czat wideo online<\/th>\n<th>Platformy medi\u00f3w spo\u0142eczno\u015bciowych<\/th>\n<\/tr>\n<\/thead>\n<tbody>\n<tr>\n<td>Rozmowy wideo w czasie rzeczywistym<\/td>\n<td>\u2705<\/td>\n<td>\u26a0\ufe0f Czasami (po\u0142\u0105czenia wideo)<\/td>\n<\/tr>\n<tr>\n<td>Losowe dopasowanie<\/td>\n<td>\u2705<\/td>\n<td>\u274c<\/td>\n<\/tr>\n<tr>\n<td>Profil nie jest wymagany<\/td>\n<td>\u2705<\/td>\n<td>\u274c<\/td>\n<\/tr>\n<tr>\n<td>Globalni nieznajomi<\/td>\n<td>\u2705<\/td>\n<td>\u274c (g\u0142\u00f3wnie znajomi\/obserwuj\u0105cy)<\/td>\n<\/tr>\n<tr>\n<td>Opcja natychmiastowego pomijania<\/td>\n<td>\u2705<\/td>\n<td>\u274c<\/td>\n<\/tr>\n<\/tbody>\n<\/table>\n<p>Losowy czat polega na spontaniczno\u015bci, podczas gdy media spo\u0142eczno\u015bciowe s\u0105 bardziej wyselekcjonowane i kontrolowane.<\/p>\n<h2>Bezpiecze\u0144stwo podczas czatowania online<\/h2>\n<p>Podobnie jak w przypadku wszystkiego, co dotyczy nieznajomych, wa\u017cne jest, aby zachowa\u0107 bezpiecze\u0144stwo:<\/p>\n<ul>\n<li>Chro\u0144 dane osobowe - Nigdy nie udost\u0119pniaj swojego prawdziwego imienia i nazwiska, adresu ani numeru telefonu.<\/li>\n<li>U\u017cywaj neutralnego pseudonimu - pozosta\u0144 anonimowy, dop\u00f3ki nie zdecydujesz inaczej.<\/li>\n<li>Uwa\u017caj na t\u0142o - nie ujawniaj osobistych szczeg\u00f3\u0142\u00f3w w widoku z kamery.<\/li>\n<li>Pomi\u0144, je\u015bli czujesz si\u0119 niekomfortowo - Zaufaj swojemu instynktowi i przejd\u017a dalej, je\u015bli czujesz si\u0119 niekomfortowo.<\/li>\n<li>Zg\u0142aszaj nieodpowiednie zachowania - wybieraj platformy, kt\u00f3re zapewniaj\u0105 narz\u0119dzia do moderacji.<\/li>\n<\/ul>\n<h2>Kto korzysta z losowego czatu wideo online?<\/h2>\n<p>Pi\u0119kno tych platform polega na ich r\u00f3\u017cnorodno\u015bci. Znajdziesz tu:<\/p>\n<ul>\n<li>Single - szukaj\u0105 ciekawych czat\u00f3w, a nawet romans\u00f3w.<\/li>\n<li>Podr\u00f3\u017cni - Nawi\u0105zywanie kontakt\u00f3w z mieszka\u0144cami lub \u0107wiczenie j\u0119zyk\u00f3w.<\/li>\n<li>Studenci - Spotkania z r\u00f3wie\u015bnikami z ca\u0142ego \u015bwiata.<\/li>\n<li>Nocne sowy - znalezienie towarzystwa do p\u00f3\u017anych godzin nocnych.<\/li>\n<li>Ciekawi ludzie - po prostu sprawdzam, kto tam jest.<\/li>\n<\/ul>\n<p>To mieszanka osobowo\u015bci, kt\u00f3ra sprawia, \u017ce jest to \u015bwietna zabawa.<\/p>\n<h2>TinyChat: Inne spojrzenie na rozmowy wideo z nieznajomymi<\/h2>\n<p>Je\u015bli uwielbiasz emocje zwi\u0105zane z losowym czatem wideo, ale potrzebujesz opcji bardziej zorientowanej na spo\u0142eczno\u015b\u0107, TinyChat to \u015bwietny wyb\u00f3r. \u0141\u0105czy on losowo\u015b\u0107 jeden na jednego z grupowymi pokojami wideo, pozwalaj\u0105c ci:<\/p>\n<ul>\n<li>Do\u0142\u0105cz do czat\u00f3w tematycznych - od muzyki i randek po gry i polityk\u0119.<\/li>\n<li>Gospodarz prywatnego pokoju - Zapro\u015b znajomych lub poznaj nowych ludzi w kontrolowanej przestrzeni.<\/li>\n<li>Prze\u0142\u0105czanie format\u00f3w - wybierz tekst, g\u0142os lub wideo, w zale\u017cno\u015bci od poziomu komfortu.<\/li>\n<li>Dost\u0119p na r\u00f3\u017cnych urz\u0105dzeniach - Dzia\u0142a w przegl\u0105darkach i aplikacjach mobilnych.<\/li>\n<\/ul>\n<p>TinyChat zachowuje emocje zwi\u0105zane z losowo\u015bci\u0105, zapewniaj\u0105c jednocze\u015bnie wi\u0119cej struktury, je\u015bli tego chcesz.<\/p>\n<h2>Wskaz\u00f3wki dotycz\u0105ce doskona\u0142ej obs\u0142ugi losowego czatu online<\/h2>\n<p>Aby uczyni\u0107 rozmowy przyjemniejszymi, wypr\u00f3buj poni\u017csze sposoby:<\/p>\n<ul>\n<li>U\u015bmiechaj si\u0119 podczas nawi\u0105zywania kontaktu - przyjazna twarz sprawia, \u017ce ludzie ch\u0119tniej zostaj\u0105.<\/li>\n<li>Zadawaj anga\u017cuj\u0105ce pytania - Zamiast zwyk\u0142ego \"cze\u015b\u0107\", zapytaj o hobby lub do\u015bwiadczenia.<\/li>\n<li>Zachowaj otwarto\u015b\u0107 umys\u0142u - poznasz ludzi z r\u00f3\u017cnych \u015brodowisk.<\/li>\n<li>B\u0105d\u017a pe\u0142en szacunku - dobre maniery to podstawa.<\/li>\n<li>Eksperymentuj z czasem - r\u00f3\u017cne pory dnia oznaczaj\u0105 spotkania z lud\u017ami z r\u00f3\u017cnych kraj\u00f3w.<\/li>\n<\/ul>\n<h2>Darmowe vs. p\u0142atne funkcje<\/h2>\n<p>Wi\u0119kszo\u015b\u0107 platform do losowych czat\u00f3w wideo jest darmowa, ale wiele z nich oferuje opcjonalne p\u0142atne dodatki.<\/p>\n<table>\n<thead>\n<tr>\n<th>Cecha<\/th>\n<th>Darmowa wersja<\/th>\n<th>Wersja p\u0142atna<\/th>\n<\/tr>\n<\/thead>\n<tbody>\n<tr>\n<td>Losowe dopasowanie<\/td>\n<td>Tak<\/td>\n<td>Tak<\/td>\n<\/tr>\n<tr>\n<td>Nieograniczone pomijanie<\/td>\n<td>\u26a0\ufe0f Czasami ograniczone<\/td>\n<td>Zawsze<\/td>\n<\/tr>\n<tr>\n<td>Filtry p\u0142ci\/lokalizacji<\/td>\n<td>\u26a0\ufe0f Podstawowe lub ograniczone<\/td>\n<td>Zaawansowane<\/td>\n<\/tr>\n<tr>\n<td>Reklamy usuni\u0119te<\/td>\n<td>\u274c<\/td>\n<td>Tak<\/td>\n<\/tr>\n<tr>\n<td>Dost\u0119p do pomieszcze\u0144 VIP\/prywatnych<\/td>\n<td>\u274c<\/td>\n<td>Tak<\/td>\n<\/tr>\n<\/tbody>\n<\/table>\n<p>Dla zwyk\u0142ych u\u017cytkownik\u00f3w darmowa wersja zwykle zapewnia mn\u00f3stwo zabawy.<\/p>\n<h2>Ekscytuj\u0105ce przypadkowe spotkania<\/h2>\n<p>By\u0107 mo\u017ce najwi\u0119ksz\u0105 zalet\u0105 losowego czatu wideo online jest nieznane. Podczas jednej sesji mo\u017cesz:<\/p>\n<ul>\n<li>Poznaj inn\u0105 kultur\u0119 z pierwszej r\u0119ki.<\/li>\n<li>Dziel si\u0119 rekomendacjami muzycznymi lub filmowymi.<\/li>\n<li>\u015amiej si\u0119 z \u017cart\u00f3w kogo\u015b z drugiego ko\u0144ca \u015bwiata.<\/li>\n<li>\u0106wicz nowy j\u0119zyk z native speakerem.<\/li>\n<li>Znajd\u017a przyjaciela - lub nawet iskr\u0119 romansu.<\/li>\n<\/ul>\n<p>Ka\u017cde klikni\u0119cie to szansa na co\u015b nowego.<\/p>\n<p>Losowy czat wideo online sta\u0142 si\u0119 jednym z najbardziej spontanicznych i satysfakcjonuj\u0105cych sposob\u00f3w poznawania ludzi na ca\u0142ym \u015bwiecie. Jest darmowy, natychmiastowy i niesko\u0144czenie r\u00f3\u017cnorodny - idealny, gdy jeste\u015b znudzony, ciekawy lub po prostu masz ochot\u0119 nawi\u0105za\u0107 kontakt z kim\u015b nowym.<\/p>\n<p>Niezale\u017cnie od tego, czy korzystasz z Omegle, Chatroulette, Chatspin czy platform spo\u0142eczno\u015bciowych, takich jak TinyChat, zasada jest taka sama: kliknij, po\u0142\u0105cz si\u0119 i zobacz, dok\u0105d zaprowadzi Ci\u0119 rozmowa.<\/p>\n<p>Je\u015bli jeste\u015b gotowy na wyj\u015bcie z rutyny i nieoczekiwane doznania, wypr\u00f3buj losowy czat przed kamer\u0105 online ju\u017c dzi\u015b. Nigdy nie wiadomo - nast\u0119pny nieznajomy na ekranie mo\u017ce sta\u0107 si\u0119 twoj\u0105 ulubion\u0105 histori\u0105 do opowiedzenia.<\/p>","protected":false},"excerpt":{"rendered":"<p>The internet has connected us in countless ways, but few things feel as exciting\u2014or as spontaneous\u2014as joining a random video chat online. One click, and suddenly you\u2019re face-to-face with a stranger from another city, country, or continent. Sometimes the conversation is silly, sometimes it\u2019s surprisingly deep, and sometimes it leads to new friendships or more. [&hellip;]<\/p>\n","protected":false},"author":8,"featured_media":0,"parent":0,"menu_order":0,"comment_status":"closed","ping_status":"closed","template":"","meta":{"footnotes":""},"class_list":["post-3953","page","type-page","status-publish","hentry"],"yoast_head":"<!-- This site is optimized with the Yoast SEO plugin v27.4 - https:\/\/yoast.com\/product\/yoast-seo-wordpress\/ -->\n<title>Random Video Chat Online on TinyChat.com<\/title>\n<meta name=\"description\" content=\"Enjoying Random Video Chat Online? Join over 50,000,000 strangers on TinyChat! Turn on your cam and start meeting new people, or find a match.\" \/>\n<meta name=\"robots\" content=\"index, follow, max-snippet:-1, max-image-preview:large, max-video-preview:-1\" \/>\n<link rel=\"canonical\" href=\"https:\/\/tinychat.com\/pl\/random-video-chat-online\/\" \/>\n<meta property=\"og:locale\" content=\"pl_PL\" \/>\n<meta property=\"og:type\" content=\"article\" \/>\n<meta property=\"og:title\" content=\"Random Video Chat Online on TinyChat.com\" \/>\n<meta property=\"og:description\" content=\"Enjoying Random Video Chat Online? Join over 50,000,000 strangers on TinyChat! Turn on your cam and start meeting new people, or find a match.\" \/>\n<meta property=\"og:url\" content=\"https:\/\/tinychat.com\/pl\/random-video-chat-online\/\" \/>\n<meta property=\"og:site_name\" content=\"TinyChat\" \/>\n<meta property=\"article:publisher\" content=\"https:\/\/www.facebook.com\/tinychat\" \/>\n<meta property=\"article:modified_time\" content=\"2025-09-03T10:47:40+00:00\" \/>\n<meta property=\"og:image\" content=\"https:\/\/tinychat.com\/wp-content\/uploads\/2020\/04\/Tinychat-logo-1280x284-new-black.png\" \/>\n\t<meta property=\"og:image:width\" content=\"1280\" \/>\n\t<meta property=\"og:image:height\" content=\"284\" \/>\n\t<meta property=\"og:image:type\" content=\"image\/png\" \/>\n<meta name=\"twitter:card\" content=\"summary_large_image\" \/>\n<meta name=\"twitter:site\" content=\"@tinychat\" \/>\n<meta name=\"twitter:label1\" content=\"Szacowany czas czytania\" \/>\n\t<meta name=\"twitter:data1\" content=\"5 minut\" \/>\n<script type=\"application\/ld+json\" class=\"yoast-schema-graph\">{\"@context\":\"https:\\\/\\\/schema.org\",\"@graph\":[{\"@type\":\"WebPage\",\"@id\":\"https:\\\/\\\/tinychat.com\\\/random-video-chat-online\\\/\",\"url\":\"https:\\\/\\\/tinychat.com\\\/random-video-chat-online\\\/\",\"name\":\"Random Video Chat Online on TinyChat.com\",\"isPartOf\":{\"@id\":\"https:\\\/\\\/tinychat.com\\\/#website\"},\"datePublished\":\"2025-09-03T06:28:59+00:00\",\"dateModified\":\"2025-09-03T10:47:40+00:00\",\"description\":\"Enjoying Random Video Chat Online? Join over 50,000,000 strangers on TinyChat! Turn on your cam and start meeting new people, or find a match.\",\"breadcrumb\":{\"@id\":\"https:\\\/\\\/tinychat.com\\\/random-video-chat-online\\\/#breadcrumb\"},\"inLanguage\":\"pl-PL\",\"potentialAction\":[{\"@type\":\"ReadAction\",\"target\":[\"https:\\\/\\\/tinychat.com\\\/random-video-chat-online\\\/\"]}]},{\"@type\":\"BreadcrumbList\",\"@id\":\"https:\\\/\\\/tinychat.com\\\/random-video-chat-online\\\/#breadcrumb\",\"itemListElement\":[{\"@type\":\"ListItem\",\"position\":1,\"name\":\"Home\",\"item\":\"https:\\\/\\\/tinychat.com\\\/\"},{\"@type\":\"ListItem\",\"position\":2,\"name\":\"Random Video Chat Online\"}]},{\"@type\":\"WebSite\",\"@id\":\"https:\\\/\\\/tinychat.com\\\/#website\",\"url\":\"https:\\\/\\\/tinychat.com\\\/\",\"name\":\"TinyChat\",\"description\":\"Random Video Chat with Strangers\",\"publisher\":{\"@id\":\"https:\\\/\\\/tinychat.com\\\/#organization\"},\"alternateName\":\"TinyChat.com\",\"potentialAction\":[{\"@type\":\"SearchAction\",\"target\":{\"@type\":\"EntryPoint\",\"urlTemplate\":\"https:\\\/\\\/tinychat.com\\\/?s={search_term_string}\"},\"query-input\":{\"@type\":\"PropertyValueSpecification\",\"valueRequired\":true,\"valueName\":\"search_term_string\"}}],\"inLanguage\":\"pl-PL\"},{\"@type\":\"Organization\",\"@id\":\"https:\\\/\\\/tinychat.com\\\/#organization\",\"name\":\"TinyChat\",\"alternateName\":\"TinyChat.com\",\"url\":\"https:\\\/\\\/tinychat.com\\\/\",\"logo\":{\"@type\":\"ImageObject\",\"inLanguage\":\"pl-PL\",\"@id\":\"https:\\\/\\\/tinychat.com\\\/#\\\/schema\\\/logo\\\/image\\\/\",\"url\":\"https:\\\/\\\/tinychat.com\\\/wp-content\\\/uploads\\\/2023\\\/11\\\/Tinychat-icon-square.png\",\"contentUrl\":\"https:\\\/\\\/tinychat.com\\\/wp-content\\\/uploads\\\/2023\\\/11\\\/Tinychat-icon-square.png\",\"width\":284,\"height\":284,\"caption\":\"TinyChat\"},\"image\":{\"@id\":\"https:\\\/\\\/tinychat.com\\\/#\\\/schema\\\/logo\\\/image\\\/\"},\"sameAs\":[\"https:\\\/\\\/www.facebook.com\\\/tinychat\",\"https:\\\/\\\/x.com\\\/tinychat\"]}]}<\/script>\n<!-- \/ Yoast SEO plugin. -->","yoast_head_json":{"title":"Losowy czat wideo online na TinyChat.com","description":"Korzystasz z losowego czatu wideo online? Do\u0142\u0105cz do ponad 50 000 000 nieznajomych na TinyChat! W\u0142\u0105cz kamer\u0119 i zacznij poznawa\u0107 nowych ludzi lub znajd\u017a partnera.","robots":{"index":"index","follow":"follow","max-snippet":"max-snippet:-1","max-image-preview":"max-image-preview:large","max-video-preview":"max-video-preview:-1"},"canonical":"https:\/\/tinychat.com\/pl\/random-video-chat-online\/","og_locale":"pl_PL","og_type":"article","og_title":"Random Video Chat Online on TinyChat.com","og_description":"Enjoying Random Video Chat Online? Join over 50,000,000 strangers on TinyChat! Turn on your cam and start meeting new people, or find a match.","og_url":"https:\/\/tinychat.com\/pl\/random-video-chat-online\/","og_site_name":"TinyChat","article_publisher":"https:\/\/www.facebook.com\/tinychat","article_modified_time":"2025-09-03T10:47:40+00:00","og_image":[{"width":1280,"height":284,"url":"https:\/\/tinychat.com\/wp-content\/uploads\/2020\/04\/Tinychat-logo-1280x284-new-black.png","type":"image\/png"}],"twitter_card":"summary_large_image","twitter_site":"@tinychat","twitter_misc":{"Szacowany czas czytania":"5 minut"},"schema":{"@context":"https:\/\/schema.org","@graph":[{"@type":"WebPage","@id":"https:\/\/tinychat.com\/random-video-chat-online\/","url":"https:\/\/tinychat.com\/random-video-chat-online\/","name":"Losowy czat wideo online na TinyChat.com","isPartOf":{"@id":"https:\/\/tinychat.com\/#website"},"datePublished":"2025-09-03T06:28:59+00:00","dateModified":"2025-09-03T10:47:40+00:00","description":"Korzystasz z losowego czatu wideo online? Do\u0142\u0105cz do ponad 50 000 000 nieznajomych na TinyChat! W\u0142\u0105cz kamer\u0119 i zacznij poznawa\u0107 nowych ludzi lub znajd\u017a partnera.","breadcrumb":{"@id":"https:\/\/tinychat.com\/random-video-chat-online\/#breadcrumb"},"inLanguage":"pl-PL","potentialAction":[{"@type":"ReadAction","target":["https:\/\/tinychat.com\/random-video-chat-online\/"]}]},{"@type":"BreadcrumbList","@id":"https:\/\/tinychat.com\/random-video-chat-online\/#breadcrumb","itemListElement":[{"@type":"ListItem","position":1,"name":"Home","item":"https:\/\/tinychat.com\/"},{"@type":"ListItem","position":2,"name":"Random Video Chat Online"}]},{"@type":"WebSite","@id":"https:\/\/tinychat.com\/#website","url":"https:\/\/tinychat.com\/","name":"TinyChat","description":"Losowy czat wideo z nieznajomymi","publisher":{"@id":"https:\/\/tinychat.com\/#organization"},"alternateName":"TinyChat.com","potentialAction":[{"@type":"SearchAction","target":{"@type":"EntryPoint","urlTemplate":"https:\/\/tinychat.com\/?s={search_term_string}"},"query-input":{"@type":"PropertyValueSpecification","valueRequired":true,"valueName":"search_term_string"}}],"inLanguage":"pl-PL"},{"@type":"Organization","@id":"https:\/\/tinychat.com\/#organization","name":"TinyChat","alternateName":"TinyChat.com","url":"https:\/\/tinychat.com\/","logo":{"@type":"ImageObject","inLanguage":"pl-PL","@id":"https:\/\/tinychat.com\/#\/schema\/logo\/image\/","url":"https:\/\/tinychat.com\/wp-content\/uploads\/2023\/11\/Tinychat-icon-square.png","contentUrl":"https:\/\/tinychat.com\/wp-content\/uploads\/2023\/11\/Tinychat-icon-square.png","width":284,"height":284,"caption":"TinyChat"},"image":{"@id":"https:\/\/tinychat.com\/#\/schema\/logo\/image\/"},"sameAs":["https:\/\/www.facebook.com\/tinychat","https:\/\/x.com\/tinychat"]}]}},"_links":{"self":[{"href":"https:\/\/tinychat.com\/pl\/wp-json\/wp\/v2\/pages\/3953","targetHints":{"allow":["GET"]}}],"collection":[{"href":"https:\/\/tinychat.com\/pl\/wp-json\/wp\/v2\/pages"}],"about":[{"href":"https:\/\/tinychat.com\/pl\/wp-json\/wp\/v2\/types\/page"}],"author":[{"embeddable":true,"href":"https:\/\/tinychat.com\/pl\/wp-json\/wp\/v2\/users\/8"}],"replies":[{"embeddable":true,"href":"https:\/\/tinychat.com\/pl\/wp-json\/wp\/v2\/comments?post=3953"}],"version-history":[{"count":4,"href":"https:\/\/tinychat.com\/pl\/wp-json\/wp\/v2\/pages\/3953\/revisions"}],"predecessor-version":[{"id":13499,"href":"https:\/\/tinychat.com\/pl\/wp-json\/wp\/v2\/pages\/3953\/revisions\/13499"}],"wp:attachment":[{"href":"https:\/\/tinychat.com\/pl\/wp-json\/wp\/v2\/media?parent=3953"}],"curies":[{"name":"wp","href":"https:\/\/api.w.org\/{rel}","templated":true}]}}