{"id":3970,"date":"2025-08-07T10:31:39","date_gmt":"2025-08-07T08:31:39","guid":{"rendered":"https:\/\/tinychat.com\/?page_id=3970"},"modified":"2025-08-07T10:52:50","modified_gmt":"2025-08-07T08:52:50","slug":"random-webcam-chat","status":"publish","type":"page","link":"https:\/\/tinychat.com\/pl\/random-webcam-chat\/","title":{"rendered":"Losowy czat z kamer\u0105 internetow\u0105"},"content":{"rendered":"<p>Internet zamieni\u0142 ca\u0142y \u015bwiat w jedno wielkie s\u0105siedztwo - i nic tak nie oddaje tego ducha, jak losowy czat przed kamer\u0105 internetow\u0105. Wystarczy kilka klikni\u0119\u0107, aby przej\u015b\u0107 z salonu do rozmowy twarz\u0105 w twarz z nieznajomym na ca\u0142ym \u015bwiecie. Niezale\u017cnie od tego, czy chcesz nawi\u0105za\u0107 przyja\u017anie, pozna\u0107 inne kultury, czy po prostu spontanicznie si\u0119 zabawi\u0107, losowy czat z kamer\u0105 internetow\u0105 to najlepsza cyfrowa przygoda.<\/p>\n<p>Czym dok\u0142adnie jest losowy czat przed kamer\u0105 internetow\u0105, jak dzia\u0142a i dlaczego szturmem zdobywa \u015bwiat online? Zanurzmy si\u0119 w to.<\/p>\n<h2>Czym jest losowy czat przed kamer\u0105 internetow\u0105?<\/h2>\n<p>Losowy czat z kamer\u0105 internetow\u0105 to prosta, ale pot\u0119\u017cna koncepcja: zaloguj si\u0119 na platformie, w\u0142\u0105cz kamer\u0119 internetow\u0105 i natychmiast po\u0142\u0105cz si\u0119 z nieznajomym, aby prowadzi\u0107 rozmow\u0119 wideo na \u017cywo. Nie ma potrzeby udost\u0119pniania danych osobowych, tworzenia profilu lub czekania na zaproszenie do znajomych - wystarczy natychmiastowe po\u0142\u0105czenie w czasie rzeczywistym.<\/p>\n<p>Kluczowe funkcje zazwyczaj obejmuj\u0105:<\/p>\n<ul>\n<li>Darmowy czat z losow\u0105 kamer\u0105 internetow\u0105: Rozpocz\u0119cie nie wi\u0105\u017ce si\u0119 z \u017cadnymi kosztami; wiele wiod\u0105cych witryn oferuje nieograniczon\u0105 liczb\u0119 bezp\u0142atnych czat\u00f3w.<\/li>\n<li>Dopasowanie jeden na jednego: Zostajesz sparowany z jedn\u0105 osob\u0105 na raz w celu przeprowadzenia prawdziwej rozmowy.<\/li>\n<li>Przyciski \"Dalej\" lub \"Pomi\u0144\": Je\u015bli czat nie jest w twoim klimacie, kliknij, aby natychmiast pozna\u0107 kogo\u015b nowego.<\/li>\n<li>Anonimowo\u015b\u0107: U\u017cyj pseudonimu lub pozosta\u0144 ca\u0142kowicie anonimowy - dziel si\u0119 tylko tym, z czym czujesz si\u0119 komfortowo.<\/li>\n<\/ul>\n<p>Od swobodnych rozm\u00f3w po g\u0142\u0119bokie dyskusje - ka\u017cdy czat jest wyj\u0105tkowy.<\/p>\n<h2>Dlaczego warto wypr\u00f3bowa\u0107 losowy czat z nieznajomymi?<\/h2>\n<p>Miliony ludzi na ca\u0142ym \u015bwiecie uwielbiaj\u0105 losowy czat przed kamer\u0105 internetow\u0105 z wielu powod\u00f3w:<\/p>\n<ul>\n<li>Natychmiastowe po\u0142\u0105czenie: Nie musisz tworzy\u0107 profilu ani przewija\u0107 go godzinami - zacznij czatowa\u0107 w kilka sekund.<\/li>\n<li>Globalne przyja\u017anie: Poznawaj ludzi z r\u00f3\u017cnych kontynent\u00f3w, kultur i \u015brodowisk.<\/li>\n<li>\u0106wicz umiej\u0119tno\u015bci spo\u0142eczne: \u015awietny dla os\u00f3b nie\u015bmia\u0142ych, ucz\u0105cych si\u0119 j\u0119zyk\u00f3w lub ka\u017cdego, kto chce zwi\u0119kszy\u0107 pewno\u015b\u0107 siebie.<\/li>\n<li>Bez presji: Nie czujesz wibracji? Po prostu pomi\u0144 i id\u017a dalej - bez urazy.<\/li>\n<li>Walka z samotno\u015bci\u0105: Idealny na p\u00f3\u017ane noce, deszczowe dni lub zawsze, gdy chcesz nawi\u0105za\u0107 kontakt z lud\u017ami.<\/li>\n<li>Nieprzewidywalna zabawa: Ka\u017cdy czat to nowa historia; nigdy nie wiesz, kogo spotkasz i o czym b\u0119dziesz rozmawia\u0107.<\/li>\n<\/ul>\n<blockquote><p>\"Do\u0142\u0105czy\u0142am do przypadkowego czatu z kamer\u0105 internetow\u0105 dla zabicia czasu, a teraz mam znajomych z czterech r\u00f3\u017cnych kraj\u00f3w. Niekt\u00f3re czaty s\u0105 g\u0142upie, niekt\u00f3re g\u0142\u0119bokie, a niekt\u00f3re po prostu mnie roz\u015bmieszaj\u0105\".<\/p><\/blockquote>\n<h2>Jak dzia\u0142a darmowy losowy czat przed kamer\u0105 internetow\u0105?<\/h2>\n<p>Rozpocz\u0119cie korzystania z losowego czatu z kamer\u0105 internetow\u0105 nie mo\u017ce by\u0107 prostsze - nawet je\u015bli nigdy wcze\u015bniej tego nie pr\u00f3bowa\u0142e\u015b:<\/p>\n<ol>\n<li>Wybierz platform\u0119: Istniej\u0105 dziesi\u0105tki darmowych stron i aplikacji do czatowania z losowymi kamerami internetowymi (poni\u017cej znajdziesz najlepsze propozycje).<\/li>\n<li>Zezw\u00f3l na dost\u0119p do kamery i mikrofonu: Przegl\u0105darka lub aplikacja poprosi o pozwolenie na korzystanie z kamery internetowej i mikrofonu.<\/li>\n<li>Wybierz opcje: Niekt\u00f3re platformy umo\u017cliwiaj\u0105 filtrowanie wed\u0142ug p\u0142ci, kraju lub zainteresowa\u0144.<\/li>\n<li>Kliknij \"Rozpocznij\", \"Po\u0142\u0105cz\" lub \"Dalej\": B\u0142yskawicznie po\u0142\u0105cz si\u0119 z przypadkow\u0105 nieznajom\u0105 osob\u0105 na czacie wideo na \u017cywo.<\/li>\n<li>Rozmawiaj tak d\u0142ugo, jak chcesz: Je\u015bli kogo\u015b polubisz, zosta\u0144 z nim. Je\u015bli nie, kliknij \"dalej\", aby rozpocz\u0105\u0107 nowy mecz.<\/li>\n<\/ol>\n<p>Bez rejestracji, bez zobowi\u0105za\u0144 - tylko czysta rozmowa na \u017cywo.<\/p>\n<h2>Najlepsze losowe strony i aplikacje do czatu z kamerami internetowymi<\/h2>\n<p>Zastanawiasz si\u0119 od czego zacz\u0105\u0107? Oto niekt\u00f3re z najwy\u017cej ocenianych, najbardziej zaufanych platform do darmowego, losowego czatu przed kamer\u0105 internetow\u0105:<\/p>\n<ul>\n<li>Omegle: Orygina\u0142, wci\u0105\u017c silny do anonimowych rozm\u00f3w wideo z nieznajomymi.<\/li>\n<li>Chatroulette: Szybki, zawsze aktywny i popularny na ca\u0142ym \u015bwiecie.<\/li>\n<li>Chatspin: Filtry p\u0142ci, lokalizacji i zainteresowa\u0144. Zabawne efekty wideo i \u0142atwa obs\u0142uga.<\/li>\n<li>Camsurf: Moderowane pod k\u0105tem bezpiecze\u0144stwa i pozytywnego nastawienia; przyjazne dla urz\u0105dze\u0144 mobilnych i proste.<\/li>\n<li>Chatrandom: Czaty grupowe i prywatne oraz filtry umo\u017cliwiaj\u0105ce dopasowanie.<\/li>\n<li>Bazoocam: Popularny w Europie, z grami na prze\u0142amanie lod\u00f3w.<\/li>\n<\/ul>\n<p>Wypr\u00f3buj kilka z nich, aby sprawdzi\u0107, kt\u00f3ry klimat i funkcje najbardziej Ci odpowiadaj\u0105 - ka\u017cda spo\u0142eczno\u015b\u0107 ma swoj\u0105 w\u0142asn\u0105 energi\u0119.<\/p>\n<h2>Losowy czat przed kamer\u0105 internetow\u0105 a inne czaty online<\/h2>\n<table>\n<thead>\n<tr>\n<th>Cecha<\/th>\n<th>Losowy czat z kamer\u0105 internetow\u0105<\/th>\n<th>Czat grupowy<\/th>\n<th>Media spo\u0142eczno\u015bciowe<\/th>\n<th>Aplikacje do przesy\u0142ania wiadomo\u015bci<\/th>\n<\/tr>\n<\/thead>\n<tbody>\n<tr>\n<td>Wideo w czasie rzeczywistym<\/td>\n<td>\u2705<\/td>\n<td>\u2705<\/td>\n<td>\u2705<\/td>\n<td>\u2705<\/td>\n<\/tr>\n<tr>\n<td>Losowe, anonimowe parowanie<\/td>\n<td>\u2705<\/td>\n<td>\u274c<\/td>\n<td>\u274c<\/td>\n<td>\u274c<\/td>\n<\/tr>\n<tr>\n<td>Opcja \"Dalej\"\/pomi\u0144<\/td>\n<td>\u2705<\/td>\n<td>\u274c<\/td>\n<td>\u274c<\/td>\n<td>\u274c<\/td>\n<\/tr>\n<tr>\n<td>Rejestracja nie jest wymagana<\/td>\n<td>\u2705<\/td>\n<td>\u2705\/\u274c<\/td>\n<td>\u274c<\/td>\n<td>\u274c<\/td>\n<\/tr>\n<tr>\n<td>Darmowy w u\u017cyciu<\/td>\n<td>\u2705<\/td>\n<td>\u2705<\/td>\n<td>\u2705<\/td>\n<td>\u2705<\/td>\n<\/tr>\n<\/tbody>\n<\/table>\n<p>Losowy czat przed kamer\u0105 internetow\u0105 jest niezr\u00f3wnany ze wzgl\u0119du na spontaniczno\u015b\u0107, anonimowo\u015b\u0107 i dreszczyk emocji zwi\u0105zany z tym, \u017ce nie wiesz, kogo spotkasz.<\/p>\n<h2>Czy Random Webcam Chat jest bezpieczny?<\/h2>\n<p>Wi\u0119kszo\u015b\u0107 ludzi korzysta z czatu z przypadkow\u0105 kamer\u0105 internetow\u0105 dla nieszkodliwej zabawy, ale jak w przypadku wszystkiego online, bezpiecze\u0144stwo jest najwa\u017cniejsze:<\/p>\n<ul>\n<li>Nigdy nie udost\u0119pniaj danych osobowych: Zachowaj swoje imi\u0119 i nazwisko, adres, numer telefonu i media spo\u0142eczno\u015bciowe jako prywatne.<\/li>\n<li>U\u017cywaj neutralnego t\u0142a: Nie pokazuj niczego, czego nie chcia\u0142by\u015b, aby zobaczyli obcy.<\/li>\n<li>Zaufaj swojemu przeczuciu: Je\u015bli kto\u015b sprawia, \u017ce czujesz si\u0119 niekomfortowo, pomi\u0144 go lub zablokuj.<\/li>\n<li>Zg\u0142o\u015b nieodpowiednie zachowanie: Wi\u0119kszo\u015b\u0107 platform ma funkcje szybkiego zg\u0142aszania i blokowania.<\/li>\n<li>Zachowaj ostro\u017cno\u015b\u0107 w przypadku link\u00f3w i plik\u00f3w: Nigdy nie klikaj ani nie pobieraj niczego od nieznajomych.<\/li>\n<\/ul>\n<p>Trzymaj si\u0119 renomowanych witryn z aktywn\u0105 moderacj\u0105 i jasnymi zasadami, aby uzyska\u0107 najlepsze wra\u017cenia.<\/p>\n<h2>Kto korzysta z losowego czatu przed kamer\u0105 internetow\u0105?<\/h2>\n<p>Jest dla ka\u017cdego! Typowi u\u017cytkownicy to:<\/p>\n<ul>\n<li>Single szukaj\u0105cy flirtu lub nowych przyjaci\u00f3\u0142<\/li>\n<li>Studenci i osoby ucz\u0105ce si\u0119 j\u0119zyka \u0107wicz\u0105 konwersacj\u0119<\/li>\n<li>Nocne sowy i znudzeni bezsenno\u015bci\u0105 szukaj\u0105cy towarzystwa<\/li>\n<li>Ludzie chc\u0105cy nawi\u0105za\u0107 globalne kontakty lub pozna\u0107 nowe kultury<\/li>\n<li>Ka\u017cdy, kto ma ochot\u0119 na odrobin\u0119 spontanicznej zabawy<\/li>\n<\/ul>\n<p>Bez wzgl\u0119du na wiek, pochodzenie czy zainteresowania, prawdopodobnie spotkasz kogo\u015b, kto Ci\u0119 zaskoczy.<\/p>\n<h2>Wskaz\u00f3wki dotycz\u0105ce wspania\u0142ego losowego czatu przed kamer\u0105 internetow\u0105<\/h2>\n<ul>\n<li>B\u0105d\u017a przyjazny: u\u015bmiechnij si\u0119, przywitaj i zacznij od prostego pytania.<\/li>\n<li>Zachowaj lekko\u015b\u0107: Nie b\u00f3j si\u0119 by\u0107 g\u0142upi, podziel si\u0119 \u017cartem lub zapytaj o hobby.<\/li>\n<li>Nie bierz tego do siebie, je\u015bli kto\u015b pominie: Ka\u017cdy szuka czego\u015b innego.<\/li>\n<li>U\u017cyj filtr\u00f3w, je\u015bli s\u0105 dost\u0119pne: P\u0142e\u0107, kraj lub tagi zainteresowa\u0144 pomagaj\u0105 znale\u017a\u0107 lepsze dopasowania.<\/li>\n<li>Pr\u00f3buj o r\u00f3\u017cnych porach: \u015awiat zawsze gdzie\u015b si\u0119 budzi - wymieszaj to, aby pozna\u0107 nowe twarze.<\/li>\n<\/ul>\n<h2>Kiedy korzysta\u0107 z losowego czatu przed kamer\u0105 internetow\u0105?<\/h2>\n<ul>\n<li>Kiedy jeste\u015b znudzony i chcesz spontanicznego towarzystwa<\/li>\n<li>Poznawanie ludzi z innych kraj\u00f3w i kultur<\/li>\n<li>Do \u0107wiczenia nowych j\u0119zyk\u00f3w lub umiej\u0119tno\u015bci spo\u0142ecznych<\/li>\n<li>Je\u015bli czujesz si\u0119 samotny lub po prostu chcesz porozmawia\u0107<\/li>\n<li>Zawsze, gdy masz ochot\u0119 na przygod\u0119 bez scenariusza, w czasie rzeczywistym<\/li>\n<\/ul>\n<h2>Darmowe vs. p\u0142atne funkcje<\/h2>\n<p>Wi\u0119kszo\u015b\u0107 platform do czatowania z losowymi kamerami internetowymi jest ca\u0142kowicie darmowa. Niekt\u00f3re oferuj\u0105 opcjonalne p\u0142atne dodatki, takie jak:<\/p>\n<ul>\n<li>Nieograniczone filtry lub dopasowanie<\/li>\n<li>Do\u015bwiadczenie bez reklam<\/li>\n<li>Pierwsze\u0144stwo w kolejkach lub funkcje premium<\/li>\n<li>Dost\u0119p do prywatnych lub ekskluzywnych czat\u00f3w<\/li>\n<\/ul>\n<p>Darmowa wersja jest wystarczaj\u0105ca dla wi\u0119kszo\u015bci u\u017cytkownik\u00f3w - nie ma potrzeby p\u0142acenia, chyba \u017ce chcesz uzyska\u0107 dodatkowe korzy\u015bci.<\/p>\n<p>Losowy czat przed kamer\u0105 internetow\u0105 to nowoczesna odpowied\u017a na globaln\u0105 ciekawo\u015b\u0107, kontakty i zabaw\u0119. Niezale\u017cnie od tego, czy szukasz przyja\u017ani, romansu, praktyki j\u0119zykowej, czy po prostu czego\u015b, co prze\u0142amie rutyn\u0119, platformy te zapewniaj\u0105 \u015bwiat twarzy na wyci\u0105gni\u0119cie r\u0119ki - bez zobowi\u0105za\u0144, bez presji, tylko prawdziwi ludzie i prawdziwe rozmowy.<\/p>\n<p>Gotowy, by spr\u00f3bowa\u0107? Uruchom kamer\u0119 internetow\u0105, wybierz witryn\u0119 i zobacz, kto tam jest. Tw\u00f3j nast\u0119pny ulubiony czat mo\u017ce by\u0107 tylko o jedno klikni\u0119cie.<\/p>","protected":false},"excerpt":{"rendered":"<p>The internet has turned the whole world into one big neighborhood\u2014and nothing captures that spirit quite like random webcam chat. In just a few clicks, you can go from your living room to a face-to-face conversation with a stranger across the globe. Whether you\u2019re looking to make friends, learn about other cultures, or just have [&hellip;]<\/p>\n","protected":false},"author":8,"featured_media":0,"parent":0,"menu_order":0,"comment_status":"closed","ping_status":"closed","template":"","meta":{"footnotes":""},"class_list":["post-3970","page","type-page","status-publish","hentry"],"yoast_head":"<!-- This site is optimized with the Yoast SEO plugin v27.5 - https:\/\/yoast.com\/product\/yoast-seo-wordpress\/ -->\n<title>Random Webcam Chat with Video Chat on TinyChat.com<\/title>\n<meta name=\"description\" content=\"Enjoying Random Webcam Chat? Join over 50,000,000 strangers on TinyChat! Turn on your cam and start meeting new people, or find a match.\" \/>\n<meta name=\"robots\" content=\"index, follow, max-snippet:-1, max-image-preview:large, max-video-preview:-1\" \/>\n<link rel=\"canonical\" href=\"https:\/\/tinychat.com\/pl\/random-webcam-chat\/\" \/>\n<meta property=\"og:locale\" content=\"pl_PL\" \/>\n<meta property=\"og:type\" content=\"article\" \/>\n<meta property=\"og:title\" content=\"Random Webcam Chat with Video Chat on TinyChat.com\" \/>\n<meta property=\"og:description\" content=\"Enjoying Random Webcam Chat? Join over 50,000,000 strangers on TinyChat! Turn on your cam and start meeting new people, or find a match.\" \/>\n<meta property=\"og:url\" content=\"https:\/\/tinychat.com\/pl\/random-webcam-chat\/\" \/>\n<meta property=\"og:site_name\" content=\"TinyChat\" \/>\n<meta property=\"article:publisher\" content=\"https:\/\/www.facebook.com\/tinychat\" \/>\n<meta property=\"article:modified_time\" content=\"2025-08-07T08:52:50+00:00\" \/>\n<meta property=\"og:image\" content=\"https:\/\/tinychat.com\/wp-content\/uploads\/2020\/04\/Tinychat-logo-1280x284-new-black.png\" \/>\n\t<meta property=\"og:image:width\" content=\"1280\" \/>\n\t<meta property=\"og:image:height\" content=\"284\" \/>\n\t<meta property=\"og:image:type\" content=\"image\/png\" \/>\n<meta name=\"twitter:card\" content=\"summary_large_image\" \/>\n<meta name=\"twitter:site\" content=\"@tinychat\" \/>\n<meta name=\"twitter:label1\" content=\"Szacowany czas czytania\" \/>\n\t<meta name=\"twitter:data1\" content=\"5 minut\" \/>\n<script type=\"application\/ld+json\" class=\"yoast-schema-graph\">{\"@context\":\"https:\\\/\\\/schema.org\",\"@graph\":[{\"@type\":\"WebPage\",\"@id\":\"https:\\\/\\\/tinychat.com\\\/random-webcam-chat\\\/\",\"url\":\"https:\\\/\\\/tinychat.com\\\/random-webcam-chat\\\/\",\"name\":\"Random Webcam Chat with Video Chat on TinyChat.com\",\"isPartOf\":{\"@id\":\"https:\\\/\\\/tinychat.com\\\/#website\"},\"datePublished\":\"2025-08-07T08:31:39+00:00\",\"dateModified\":\"2025-08-07T08:52:50+00:00\",\"description\":\"Enjoying Random Webcam Chat? Join over 50,000,000 strangers on TinyChat! Turn on your cam and start meeting new people, or find a match.\",\"breadcrumb\":{\"@id\":\"https:\\\/\\\/tinychat.com\\\/random-webcam-chat\\\/#breadcrumb\"},\"inLanguage\":\"pl-PL\",\"potentialAction\":[{\"@type\":\"ReadAction\",\"target\":[\"https:\\\/\\\/tinychat.com\\\/random-webcam-chat\\\/\"]}]},{\"@type\":\"BreadcrumbList\",\"@id\":\"https:\\\/\\\/tinychat.com\\\/random-webcam-chat\\\/#breadcrumb\",\"itemListElement\":[{\"@type\":\"ListItem\",\"position\":1,\"name\":\"Home\",\"item\":\"https:\\\/\\\/tinychat.com\\\/\"},{\"@type\":\"ListItem\",\"position\":2,\"name\":\"Random Webcam Chat\"}]},{\"@type\":\"WebSite\",\"@id\":\"https:\\\/\\\/tinychat.com\\\/#website\",\"url\":\"https:\\\/\\\/tinychat.com\\\/\",\"name\":\"TinyChat\",\"description\":\"Random Video Chat with Strangers\",\"publisher\":{\"@id\":\"https:\\\/\\\/tinychat.com\\\/#organization\"},\"alternateName\":\"TinyChat.com\",\"potentialAction\":[{\"@type\":\"SearchAction\",\"target\":{\"@type\":\"EntryPoint\",\"urlTemplate\":\"https:\\\/\\\/tinychat.com\\\/?s={search_term_string}\"},\"query-input\":{\"@type\":\"PropertyValueSpecification\",\"valueRequired\":true,\"valueName\":\"search_term_string\"}}],\"inLanguage\":\"pl-PL\"},{\"@type\":\"Organization\",\"@id\":\"https:\\\/\\\/tinychat.com\\\/#organization\",\"name\":\"TinyChat\",\"alternateName\":\"TinyChat.com\",\"url\":\"https:\\\/\\\/tinychat.com\\\/\",\"logo\":{\"@type\":\"ImageObject\",\"inLanguage\":\"pl-PL\",\"@id\":\"https:\\\/\\\/tinychat.com\\\/#\\\/schema\\\/logo\\\/image\\\/\",\"url\":\"https:\\\/\\\/tinychat.com\\\/wp-content\\\/uploads\\\/2023\\\/11\\\/Tinychat-icon-square.png\",\"contentUrl\":\"https:\\\/\\\/tinychat.com\\\/wp-content\\\/uploads\\\/2023\\\/11\\\/Tinychat-icon-square.png\",\"width\":284,\"height\":284,\"caption\":\"TinyChat\"},\"image\":{\"@id\":\"https:\\\/\\\/tinychat.com\\\/#\\\/schema\\\/logo\\\/image\\\/\"},\"sameAs\":[\"https:\\\/\\\/www.facebook.com\\\/tinychat\",\"https:\\\/\\\/x.com\\\/tinychat\"]}]}<\/script>\n<!-- \/ Yoast SEO plugin. -->","yoast_head_json":{"title":"Losowy czat przed kamer\u0105 internetow\u0105 z czatem wideo na TinyChat.com","description":"Lubisz losowy czat przed kamer\u0105 internetow\u0105? Do\u0142\u0105cz do ponad 50 000 000 nieznajomych na TinyChat! W\u0142\u0105cz kamer\u0119 i zacznij poznawa\u0107 nowych ludzi lub znajd\u017a partnera.","robots":{"index":"index","follow":"follow","max-snippet":"max-snippet:-1","max-image-preview":"max-image-preview:large","max-video-preview":"max-video-preview:-1"},"canonical":"https:\/\/tinychat.com\/pl\/random-webcam-chat\/","og_locale":"pl_PL","og_type":"article","og_title":"Random Webcam Chat with Video Chat on TinyChat.com","og_description":"Enjoying Random Webcam Chat? Join over 50,000,000 strangers on TinyChat! Turn on your cam and start meeting new people, or find a match.","og_url":"https:\/\/tinychat.com\/pl\/random-webcam-chat\/","og_site_name":"TinyChat","article_publisher":"https:\/\/www.facebook.com\/tinychat","article_modified_time":"2025-08-07T08:52:50+00:00","og_image":[{"width":1280,"height":284,"url":"https:\/\/tinychat.com\/wp-content\/uploads\/2020\/04\/Tinychat-logo-1280x284-new-black.png","type":"image\/png"}],"twitter_card":"summary_large_image","twitter_site":"@tinychat","twitter_misc":{"Szacowany czas czytania":"5 minut"},"schema":{"@context":"https:\/\/schema.org","@graph":[{"@type":"WebPage","@id":"https:\/\/tinychat.com\/random-webcam-chat\/","url":"https:\/\/tinychat.com\/random-webcam-chat\/","name":"Losowy czat przed kamer\u0105 internetow\u0105 z czatem wideo na TinyChat.com","isPartOf":{"@id":"https:\/\/tinychat.com\/#website"},"datePublished":"2025-08-07T08:31:39+00:00","dateModified":"2025-08-07T08:52:50+00:00","description":"Lubisz losowy czat przed kamer\u0105 internetow\u0105? Do\u0142\u0105cz do ponad 50 000 000 nieznajomych na TinyChat! W\u0142\u0105cz kamer\u0119 i zacznij poznawa\u0107 nowych ludzi lub znajd\u017a partnera.","breadcrumb":{"@id":"https:\/\/tinychat.com\/random-webcam-chat\/#breadcrumb"},"inLanguage":"pl-PL","potentialAction":[{"@type":"ReadAction","target":["https:\/\/tinychat.com\/random-webcam-chat\/"]}]},{"@type":"BreadcrumbList","@id":"https:\/\/tinychat.com\/random-webcam-chat\/#breadcrumb","itemListElement":[{"@type":"ListItem","position":1,"name":"Home","item":"https:\/\/tinychat.com\/"},{"@type":"ListItem","position":2,"name":"Random Webcam Chat"}]},{"@type":"WebSite","@id":"https:\/\/tinychat.com\/#website","url":"https:\/\/tinychat.com\/","name":"TinyChat","description":"Losowy czat wideo z nieznajomymi","publisher":{"@id":"https:\/\/tinychat.com\/#organization"},"alternateName":"TinyChat.com","potentialAction":[{"@type":"SearchAction","target":{"@type":"EntryPoint","urlTemplate":"https:\/\/tinychat.com\/?s={search_term_string}"},"query-input":{"@type":"PropertyValueSpecification","valueRequired":true,"valueName":"search_term_string"}}],"inLanguage":"pl-PL"},{"@type":"Organization","@id":"https:\/\/tinychat.com\/#organization","name":"TinyChat","alternateName":"TinyChat.com","url":"https:\/\/tinychat.com\/","logo":{"@type":"ImageObject","inLanguage":"pl-PL","@id":"https:\/\/tinychat.com\/#\/schema\/logo\/image\/","url":"https:\/\/tinychat.com\/wp-content\/uploads\/2023\/11\/Tinychat-icon-square.png","contentUrl":"https:\/\/tinychat.com\/wp-content\/uploads\/2023\/11\/Tinychat-icon-square.png","width":284,"height":284,"caption":"TinyChat"},"image":{"@id":"https:\/\/tinychat.com\/#\/schema\/logo\/image\/"},"sameAs":["https:\/\/www.facebook.com\/tinychat","https:\/\/x.com\/tinychat"]}]}},"_links":{"self":[{"href":"https:\/\/tinychat.com\/pl\/wp-json\/wp\/v2\/pages\/3970","targetHints":{"allow":["GET"]}}],"collection":[{"href":"https:\/\/tinychat.com\/pl\/wp-json\/wp\/v2\/pages"}],"about":[{"href":"https:\/\/tinychat.com\/pl\/wp-json\/wp\/v2\/types\/page"}],"author":[{"embeddable":true,"href":"https:\/\/tinychat.com\/pl\/wp-json\/wp\/v2\/users\/8"}],"replies":[{"embeddable":true,"href":"https:\/\/tinychat.com\/pl\/wp-json\/wp\/v2\/comments?post=3970"}],"version-history":[{"count":2,"href":"https:\/\/tinychat.com\/pl\/wp-json\/wp\/v2\/pages\/3970\/revisions"}],"predecessor-version":[{"id":13416,"href":"https:\/\/tinychat.com\/pl\/wp-json\/wp\/v2\/pages\/3970\/revisions\/13416"}],"wp:attachment":[{"href":"https:\/\/tinychat.com\/pl\/wp-json\/wp\/v2\/media?parent=3970"}],"curies":[{"name":"wp","href":"https:\/\/api.w.org\/{rel}","templated":true}]}}