{"id":3987,"date":"2025-05-23T17:34:41","date_gmt":"2025-05-23T15:34:41","guid":{"rendered":"https:\/\/tinychat.com\/?page_id=3987"},"modified":"2025-06-12T10:27:56","modified_gmt":"2025-06-12T08:27:56","slug":"talk-to-strangers","status":"publish","type":"page","link":"https:\/\/tinychat.com\/pl\/talk-to-strangers\/","title":{"rendered":"Rozmowa z nieznajomymi"},"content":{"rendered":"<p>Ch\u0119\u0107 rozmawiania z nieznajomymi online nie polega na pogaw\u0119dkach - chodzi o przypadkowo\u015b\u0107, zaskoczenie, a czasem nawet odkrywanie siebie. Niezale\u017cnie od tego, czy czujesz si\u0119 odizolowany, znudzony, ciekawy czy \u017c\u0105dny przyg\u00f3d, ch\u0119\u0107 nawi\u0105zania kontaktu z kim\u015b nowym - kim\u015b spoza zwyk\u0142ych kr\u0119g\u00f3w - jest g\u0142\u0119boko ludzka. To w\u0142a\u015bnie tutaj platformy takie jak <a href=\"https:\/\/tinychat.com\/pl\/\">TinyChat<\/a> wkraczaj\u0105, tworz\u0105c bezpieczne, \u0142atwe i anga\u017cuj\u0105ce \u015brodowiska do robienia w\u0142a\u015bnie tego: rozmawiania z nieznajomymi.<\/p>\n<p>Ten artyku\u0142 to kompletny przewodnik po rozmowach z nieznajomymi online - dlaczego ludzie to robi\u0105, jak robi\u0107 to bezpiecznie i dlaczego <a href=\"https:\/\/tinychat.com\/pl\/\">TinyChat<\/a> to jedna z najlepszych dost\u0119pnych obecnie platform do interakcji w czasie rzeczywistym.<\/p>\n<h2>Dlaczego ludzie chc\u0105 rozmawia\u0107 z nieznajomymi?<\/h2>\n<p>Na pierwszy rzut oka pomys\u0142 mo\u017ce wydawa\u0107 si\u0119 dziwny: dlaczego mia\u0142by\u015b chcie\u0107 rozmawia\u0107 z kim\u015b, kogo nigdy nie spotka\u0142e\u015b i mo\u017cesz nigdy wi\u0119cej nie zobaczy\u0107? Ale tak naprawd\u0119 o to w\u0142a\u015bnie chodzi.<\/p>\n<h3>1. Wolno\u015b\u0107 bez os\u0105dzania<\/h3>\n<p>Rozmowa z nieznajomymi oznacza, \u017ce mo\u017cesz by\u0107 kimkolwiek chcesz. Nie ma baga\u017cu spo\u0142ecznego, nie ma potrzeby wykonywania i nie ma strachu przed d\u0142ugoterminowymi konsekwencjami. Mo\u017cesz da\u0107 upust emocjom, eksperymentowa\u0107, odkrywa\u0107 lub po prostu by\u0107 sob\u0105.<\/p>\n<h3>2. Prawdziwa ciekawo\u015b\u0107<\/h3>\n<p>Ludzie s\u0105 z natury ciekawi. Chcemy wiedzie\u0107, jak \u017cyj\u0105 ludzie w innych krajach, co my\u015bl\u0105 na pewne tematy lub jak ich \u017cycie r\u00f3\u017cni si\u0119 od naszego. Rozmowa z nieznajomymi daje nam wgl\u0105d w czyj\u015b \u015bwiat.<\/p>\n<h3>3. Walka z samotno\u015bci\u0105<\/h3>\n<p>W \u015bwiecie, kt\u00f3ry jest bardziej po\u0142\u0105czony cyfrowo ni\u017c kiedykolwiek, wiele os\u00f3b czuje si\u0119 emocjonalnie od\u0142\u0105czonych. Rozmowa z nieznajomymi online mo\u017ce z\u0142agodzi\u0107 poczucie izolacji, szczeg\u00f3lnie w przypadku os\u00f3b pracuj\u0105cych zdalnie, mieszkaj\u0105cych samotnie lub zmagaj\u0105cych si\u0119 z l\u0119kiem spo\u0142ecznym.<\/p>\n<h3>4. Poznawanie nowych przyjaci\u00f3\u0142<\/h3>\n<p>Podczas gdy niekt\u00f3re rozmowy s\u0105 przelotne, inne przeradzaj\u0105 si\u0119 w prawdziwe przyja\u017anie. Wiele os\u00f3b poznaje przyjaci\u00f3\u0142 lub partner\u00f3w na ca\u0142e \u017cycie po prostu rozpoczynaj\u0105c <a href=\"https:\/\/tinychat.com\/pl\/chatroulette\/\">czat<\/a> z <a href=\"https:\/\/tinychat.com\/pl\/strangercam\/\">nieznajomy<\/a>.<\/p>\n<h3>5. Rozw\u00f3j osobisty<\/h3>\n<p>Ka\u017cda rozmowa z <a href=\"https:\/\/tinychat.com\/pl\/strangercam\/\">nieznajomy<\/a> mo\u017ce podwa\u017cy\u0107 twoje za\u0142o\u017cenia, poszerzy\u0107 twoje my\u015blenie lub pom\u00f3c ci \u0107wiczy\u0107 empati\u0119. Jest to forma rozwoju spo\u0142ecznego o niskim ryzyku, kt\u00f3ra przynosi korzy\u015bci emocjonalne.<\/p>\n<h2>Co dzi\u015b oznacza \"rozmawia\u0107 z nieznajomymi\"?<\/h2>\n<p>W erze cyfrowej \"rozmowa z nieznajomymi\" nie oznacza ju\u017c tylko pogaw\u0119dki z kim\u015b w poci\u0105gu lub kawiarni. Dzi\u015b oznacza to:<\/p>\n<ul>\n<li>Klikni\u0119cie przycisku w celu dopasowania do losowego <a href=\"https:\/\/tinychat.com\/pl\/strangercam\/\">nieznajomy<\/a> w dowolnym miejscu na \u015bwiecie.<\/li>\n<li>Prowadzenie spontanicznych rozm\u00f3w tekstowych lub wideo, cz\u0119sto anonimowo.<\/li>\n<li>Anga\u017cowanie poprzez zainteresowania <a href=\"https:\/\/tinychat.com\/pl\/chatroulette\/\">czat<\/a> pokoje lub grupy transmisji na \u017cywo.<\/li>\n<li>Rozmawianie z lud\u017ami bez konieczno\u015bci tworzenia profilu spo\u0142eczno\u015bciowego lub u\u017cywania prawdziwego imienia i nazwiska.<\/li>\n<\/ul>\n<p>A co najwa\u017cniejsze, oznacza otwarto\u015b\u0107 na nowe do\u015bwiadczenia - czasem g\u0142upie, czasem powa\u017cne, cz\u0119sto zaskakuj\u0105ce.<\/p>\n<h2>Gdzie rozmawia\u0107 z nieznajomymi online?<\/h2>\n<p>Internet jest pe\u0142en platform, kt\u00f3re pozwalaj\u0105 rozmawia\u0107 z nieznajomymi - ale nie wszystkie s\u0105 sobie r\u00f3wne. Niekt\u00f3re stawiaj\u0105 na bezpiecze\u0144stwo i spo\u0142eczno\u015b\u0107, podczas gdy inne s\u0105 bardziej chaotyczne lub zorientowane na doros\u0142ych.<\/p>\n<p>Oto najpopularniejsze rodzaje platform, na kt\u00f3rych ludzie spotykaj\u0105 si\u0119 z nieznajomymi:<\/p>\n<h3>1. Losowy czat jeden na jednego<\/h3>\n<p>Jest to model w stylu Omegle: jeste\u015b losowo dopasowywany do kogo\u015b w celu przeprowadzenia prywatnej rozmowy wideo lub tekstowej <a href=\"https:\/\/tinychat.com\/pl\/chatroulette\/\">czat<\/a>. Mo\u017cesz przej\u015b\u0107 do nast\u0119pnej osoby w dowolnym momencie.<\/p>\n<h3>2. Pokoje rozm\u00f3w grupowych<\/h3>\n<p>Klasyczne platformy, takie jak <a href=\"https:\/\/tinychat.com\/pl\/\">TinyChat<\/a> oferta publiczna lub prywatna <a href=\"https:\/\/tinychat.com\/pl\/chatroulette\/\">czat<\/a> pokoje o okre\u015blonych zainteresowaniach (muzyka, randki, gry, zdrowie psychiczne itp.). Mo\u017cesz zobaczy\u0107 wiele os\u00f3b rozmawiaj\u0105cych za po\u015brednictwem tekstu lub wideo i do\u0142\u0105czy\u0107, gdy poczujesz si\u0119 komfortowo.<\/p>\n<h3>3. Przestrzenie czatu na \u017cywo<\/h3>\n<p>Niekt\u00f3re platformy umo\u017cliwiaj\u0105 do\u0142\u0105czanie do transmisji na \u017cywo, podczas kt\u00f3rych ludzie transmituj\u0105 siebie i <a href=\"https:\/\/tinychat.com\/pl\/chatroulette\/\">czat<\/a> z widzami. Mo\u017cesz rozmawia\u0107 z prowadz\u0105cym, anga\u017cowa\u0107 si\u0119 w dyskusje z innymi osobami w grupie. <a href=\"https:\/\/tinychat.com\/pl\/chatroulette\/\">czat<\/a>, a nawet zosta\u0107 zaproszonym \"na scen\u0119\".<\/p>\n<h3>4. Losowe czaty g\u0142osowe<\/h3>\n<p>Dla os\u00f3b, kt\u00f3re nie czuj\u0105 si\u0119 komfortowo z wideo, aplikacje, kt\u00f3re dopasowuj\u0105 Ci\u0119 za pomoc\u0105 d\u017awi\u0119ku, stanowi\u0105 \u015bwietny spos\u00f3b na z\u0142agodzenie <a href=\"https:\/\/tinychat.com\/pl\/strangercam\/\">nieznajomy<\/a> rozmowy.<\/p>\n<h2>Dlaczego TinyChat to najlepsze miejsce do rozm\u00f3w z nieznajomymi<\/h2>\n<p>Je\u015bli chodzi o spontaniczn\u0105 komunikacj\u0119 grupow\u0105, <a href=\"https:\/\/tinychat.com\/pl\/\">TinyChat<\/a> to jedna z najd\u0142u\u017cej dzia\u0142aj\u0105cych i ciesz\u0105cych si\u0119 najwi\u0119kszym zaufaniem platform. \u0141\u0105czy w sobie swobod\u0119 anonimowej interakcji ze struktur\u0105 pokoj\u00f3w tematycznych, dzi\u0119ki czemu jest idealna dla os\u00f3b, kt\u00f3re chc\u0105 rozmawia\u0107 z nieznajomymi bez chaosu.<\/p>\n<p>Oto dlaczego <a href=\"https:\/\/tinychat.com\/pl\/\">TinyChat<\/a> doskonale sprawdza si\u0119 jako platforma do rozm\u00f3w z nieznajomymi:<\/p>\n<h3>Rejestracja nie jest wymagana<\/h3>\n<p>Wskocz do <a href=\"https:\/\/tinychat.com\/pl\/chatroulette\/\">czat<\/a> room natychmiast, bez konieczno\u015bci rejestracji. Chcesz wi\u0119cej funkcji? Mo\u017cesz si\u0119 zarejestrowa\u0107 - ale nie musisz. Konstrukcja jest beztarciowa.<\/p>\n<h3>Czat wideo, g\u0142osowy i tekstowy<\/h3>\n<p>Niezale\u017cnie od tego, czy chcesz by\u0107 widziany, s\u0142yszany, czy po prostu pisa\u0107 anonimowo, <a href=\"https:\/\/tinychat.com\/pl\/\">TinyChat<\/a> zapewnia wiele sposob\u00f3w interakcji. Zawsze masz kontrol\u0119 nad tym, jak bardzo chcesz by\u0107 widoczny.<\/p>\n<h3>Tematyczne pokoje rozm\u00f3w<\/h3>\n<p>W przeciwie\u0144stwie do losowych platform jeden na jednego, <a href=\"https:\/\/tinychat.com\/pl\/\">TinyChat<\/a> pozwala wybiera\u0107 pokoje na podstawie zainteresowa\u0144: muzyka, polityka, randki, komedie, a nawet po prostu \"chill\". U\u0142atwia to znalezienie podobnie my\u015bl\u0105cych nieznajomych.<\/p>\n<h3>Pokoje publiczne i prywatne<\/h3>\n<p>Chcesz pozna\u0107 ludzi w du\u017cej przestrzeni publicznej? Wskocz do zat\u0142oczonego pokoju. Chcesz czego\u015b cichszego? Stw\u00f3rz prywatn\u0105 <a href=\"https:\/\/tinychat.com\/pl\/chatroulette\/\">czat<\/a> pok\u00f3j i zaprasza\u0107 nieznajomych indywidualnie.<\/p>\n<h3>Funkcje transmisji na \u017cywo<\/h3>\n<p><a href=\"https:\/\/tinychat.com\/pl\/\">TinyChat<\/a> to nie tylko gra jeden na jednego <a href=\"https:\/\/tinychat.com\/pl\/chatroulette\/\">czat<\/a>. Mo\u017cesz transmitowa\u0107 w\u0142asne wideo\/audio do pokoju i wchodzi\u0107 w interakcje z publiczno\u015bci\u0105 w czasie rzeczywistym. Mo\u017cesz te\u017c po prostu usi\u0105\u015b\u0107 wygodnie i obserwowa\u0107, jak inni prowadz\u0105 zabawne, dziwne lub wnikliwe sesje.<\/p>\n<h3>Przyjazny dla r\u00f3\u017cnych platform<\/h3>\n<p>Korzystaj z niego w przegl\u0105darce lub pobierz aplikacje na iOS\/Androida, aby czatowa\u0107 w podr\u00f3\u017cy.<\/p>\n<h2>Czy rozmawianie z nieznajomymi jest bezpieczne?<\/h2>\n<p>Rozmawianie z nieznajomymi online mo\u017ce by\u0107 tak bezpieczne lub ryzykowne, jak sobie tego \u017cyczysz. Chocia\u017c wi\u0119kszo\u015b\u0107 ludzi jest przyjazna lub nieszkodliwa, wa\u017cne jest, aby chroni\u0107 swoj\u0105 prywatno\u015b\u0107 i dobre samopoczucie emocjonalne. <a href=\"https:\/\/tinychat.com\/pl\/\">TinyChat<\/a> i inne renomowane platformy wykonuj\u0105 swoj\u0105 cz\u0119\u015b\u0107 poprzez moderacj\u0119, ale Twoje nawyki r\u00f3wnie\u017c maj\u0105 znaczenie.<\/p>\n<h3>Wskaz\u00f3wki dotycz\u0105ce bezpiecze\u0144stwa podczas rozm\u00f3w z nieznajomymi online<\/h3>\n<ul>\n<li>Zachowaj anonimowo\u015b\u0107: u\u017cywaj pseudonimu. Nigdy nie podawaj swojego prawdziwego imienia i nazwiska, adresu, szko\u0142y ani miejsca pracy.<\/li>\n<li>Nie wysy\u0142aj zdj\u0119\u0107 ani link\u00f3w: Nawet je\u015bli kto\u015b wydaje si\u0119 godny zaufania, unikaj udost\u0119pniania zdj\u0119\u0107 lub klikania link\u00f3w.<\/li>\n<li>B\u0105d\u017a pe\u0142en szacunku: Traktuj innych tak, jak sam chcia\u0142by\u015b by\u0107 traktowany. Wi\u0119kszo\u015b\u0107 platform, w tym <a href=\"https:\/\/tinychat.com\/pl\/\">TinyChat<\/a>, maj\u0105 jasne zasady przeciwko mowie nienawi\u015bci i n\u0119kaniu.<\/li>\n<li>Zg\u0142aszanie nieodpowiednich u\u017cytkownik\u00f3w: Je\u015bli kto\u015b przekroczy granic\u0119, u\u017cyj wbudowanego przycisku zg\u0142aszania.<\/li>\n<li>Unikaj udost\u0119pniania medi\u00f3w spo\u0142eczno\u015bciowych, chyba \u017ce jeste\u015b w pe\u0142ni pewny siebie i chcesz kontynuowa\u0107 po\u0142\u0105czenie.<\/li>\n<\/ul>\n<h2>Korzy\u015bci z rozmowy z nieznajomymi na TinyChat<\/h2>\n<p>Jest co\u015b wyj\u0105tkowego w formacie TinyChat opartym na grupach. Oto, co u\u017cytkownicy kochaj\u0105 najbardziej:<\/p>\n<h3>Spontaniczna energia grupowa<\/h3>\n<p>W przeciwie\u0144stwie do <a href=\"https:\/\/tinychat.com\/pl\/chatroulette\/\">czat<\/a> Platformy, kt\u00f3re czasami mog\u0105 wydawa\u0107 si\u0119 intensywne lub niezr\u0119czne, otwarte pokoje TinyChat pozwalaj\u0105 na swobodne pods\u0142uchiwanie, powolne zaanga\u017cowanie i zabawne komentarze. Mo\u017cesz do\u0142\u0105czy\u0107 lub po prostu obserwowa\u0107.<\/p>\n<h3>Zr\u00f3\u017cnicowana globalna spo\u0142eczno\u015b\u0107<\/h3>\n<p><a href=\"https:\/\/tinychat.com\/pl\/\">TinyChat<\/a> \u0142\u0105czy u\u017cytkownik\u00f3w z ca\u0142ego \u015bwiata, oferuj\u0105c wgl\u0105d w kultur\u0119, r\u00f3\u017cne perspektywy i okazjonaln\u0105 nieoczekiwan\u0105 przyja\u017a\u0144.<\/p>\n<h3>\u015arodowisko bez presji<\/h3>\n<p>Mo\u017cesz opu\u015bci\u0107 pok\u00f3j w dowolnym momencie, wyciszy\u0107 mikrofon lub wy\u0142\u0105czy\u0107 wideo. Zawsze masz kontrol\u0119 nad tym, jak g\u0142\u0119bokie (lub p\u0142ytkie) jest Twoje zaanga\u017cowanie.<\/p>\n<h3>Do\u015bwiadczenie dostosowane do potrzeb<\/h3>\n<p>Niezale\u017cnie od tego, czy chcesz flirtowa\u0107, nawi\u0105zywa\u0107 przyja\u017anie, dyskutowa\u0107 o polityce, dzieli\u0107 si\u0119 muzyk\u0105, czy po prostu rozmawia\u0107 z nieznajomymi, jest na to miejsce.<\/p>\n<h2>Rzeczywiste do\u015bwiadczenia u\u017cytkownik\u00f3w<\/h2>\n<blockquote><p>\"Zacz\u0105\u0142em u\u017cywa\u0107 <a href=\"https:\/\/tinychat.com\/pl\/\">TinyChat<\/a> podczas pandemii tylko po to, by znale\u017a\u0107 kogo\u015b do rozmowy. Dwa lata p\u00f3\u017aniej wci\u0105\u017c tam zagl\u0105dam, by pozna\u0107 nowych ludzi. To jak wirtualny bar\".<br \/>\n- <em>Kevin M., USA<\/em><\/p><\/blockquote>\n<blockquote><p>\"Podoba mi si\u0119 to, \u017ce nie jest to zbyt szalone. Mog\u0119 po prostu zrelaksowa\u0107 si\u0119 w pokoju muzycznym, w\u0142\u0105czy\u0107 mikrofon i wibrowa\u0107 z przypadkowymi lud\u017ami od Kanady po Chorwacj\u0119\".<br \/>\n- <em>Elena R., Holandia<\/em><\/p><\/blockquote>\n<blockquote><p>\"U\u017cywa\u0142em <a href=\"https:\/\/tinychat.com\/pl\/omegle\/\">Omegle<\/a> i tego typu strony. <a href=\"https:\/\/tinychat.com\/pl\/\">TinyChat<\/a> jest lepsza do prawdziwych rozm\u00f3w. Mo\u017cna tu sp\u0119dza\u0107 czas, nie b\u0119d\u0105c zmuszonym do rozmowy\".<br \/>\n- <em>Jason T., Republika Po\u0142udniowej Afryki<\/em><\/p><\/blockquote>\n<h2>TinyChat a inne platformy do rozm\u00f3w z nieznajomymi<\/h2>\n<table>\n<thead>\n<tr>\n<th>Cecha<\/th>\n<th><a href=\"https:\/\/tinychat.com\/pl\/\">TinyChat<\/a><\/th>\n<th><a href=\"https:\/\/tinychat.com\/pl\/omegle\/\">Omegle<\/a><\/th>\n<th><a href=\"https:\/\/tinychat.com\/pl\/chatroulette\/\">Chatroulette<\/a><\/th>\n<th><a href=\"https:\/\/tinychat.com\/pl\/ometv\/\">OmeTV<\/a><\/th>\n<th><a href=\"https:\/\/tinychat.com\/pl\/strangercam\/\">StrangerCam<\/a><\/th>\n<\/tr>\n<\/thead>\n<tbody>\n<tr>\n<td>Pokoje grupowe<\/td>\n<td>Tak<\/td>\n<td>Nie<\/td>\n<td>Nie<\/td>\n<td>Nie<\/td>\n<td>Nie<\/td>\n<\/tr>\n<tr>\n<td>Tekst + wideo + g\u0142os <a href=\"https:\/\/tinychat.com\/pl\/chatroulette\/\">Czat<\/a><\/td>\n<td>Tak<\/td>\n<td>Tak<\/td>\n<td>Tak<\/td>\n<td>Tak<\/td>\n<td>Tak<\/td>\n<\/tr>\n<tr>\n<td>Rejestracja nie jest wymagana<\/td>\n<td>Tak<\/td>\n<td>Tak<\/td>\n<td>Tak<\/td>\n<td>Tak<\/td>\n<td>Tak<\/td>\n<\/tr>\n<tr>\n<td>Tematyczny <a href=\"https:\/\/tinychat.com\/pl\/chatroulette\/\">Czat<\/a><\/td>\n<td>Tak<\/td>\n<td>Nie<\/td>\n<td>Nie<\/td>\n<td>Nie<\/td>\n<td>Nie<\/td>\n<\/tr>\n<tr>\n<td>Transmisja na \u017cywo<\/td>\n<td>Tak<\/td>\n<td>Nie<\/td>\n<td>Nie<\/td>\n<td>Nie<\/td>\n<td>Nie<\/td>\n<\/tr>\n<tr>\n<td>Dost\u0119pna aplikacja mobilna<\/td>\n<td>Tak<\/td>\n<td>Nie<\/td>\n<td>Tak<\/td>\n<td>Tak<\/td>\n<td>Tak<\/td>\n<\/tr>\n<tr>\n<td>Moderacja i raportowanie<\/td>\n<td>Dobry<\/td>\n<td>\u26a0\ufe0f Poor<\/td>\n<td>Umiarkowany<\/td>\n<td>Dobry<\/td>\n<td>Dobry<\/td>\n<\/tr>\n<\/tbody>\n<\/table>\n<p>Podsumowanie: <a href=\"https:\/\/tinychat.com\/pl\/\">TinyChat<\/a> to najlepszy wyb\u00f3r, je\u015bli szukasz niezak\u0142\u00f3conego, opartego na grupie <a href=\"https:\/\/tinychat.com\/pl\/strangercam\/\">nieznajomy<\/a> <a href=\"https:\/\/tinychat.com\/pl\/chatroulette\/\">czat<\/a> z filtrowaniem temat\u00f3w, opcjami g\u0142osowymi\/wideo i \u015brodowiskiem o niskiej presji.<\/p>\n<h2>Wskaz\u00f3wki, jak najlepiej wykorzysta\u0107 do\u015bwiadczenie \"Rozm\u00f3w z nieznajomymi\"<\/h2>\n<ul>\n<li>Zacznij w trybie obserwatora: Nie musisz m\u00f3wi\u0107 od razu. Obserwuj, zapoznaj si\u0119 z pomieszczeniem, a nast\u0119pnie zacznij dzia\u0142a\u0107.<\/li>\n<li>Znajd\u017a swoj\u0105 nisz\u0119: <a href=\"https:\/\/tinychat.com\/pl\/\">TinyChat<\/a> ma pokoje do wszystkiego, od polityki po randki. Eksploruj, a\u017c znajdziesz taki, kt\u00f3ry pasuje do Twojego klimatu.<\/li>\n<li>U\u017cywaj wideo tylko wtedy, gdy jest to wygodne: Tekst i d\u017awi\u0119k to ca\u0142kowicie poprawne sposoby nawi\u0105zywania kontaktu. Nie spiesz si\u0119 z w\u0142\u0105czaniem kamery.<\/li>\n<li>B\u0105d\u017a otwarty: Nie ka\u017cdy <a href=\"https:\/\/tinychat.com\/pl\/chatroulette\/\">czat<\/a> b\u0119d\u0105 niesamowite. Niekt\u00f3re b\u0119d\u0105 nudne. Inne mog\u0105 zmieni\u0107 Tw\u00f3j dzie\u0144. Nie przestawaj odkrywa\u0107.<\/li>\n<li>B\u0105d\u017a konsekwentny: Im cz\u0119\u015bciej si\u0119 pojawiasz, tym bardziej czujesz si\u0119 komfortowo i pewnie w kontaktach z nowymi lud\u017ami.<\/li>\n<\/ul>\n<p>Sformu\u0142owanie \"rozmawia\u0107 z nieznajomymi\" kiedy\u015b wi\u0105za\u0142o si\u0119 z ostrze\u017ceniami. Ale w \u015bwiecie online - zrobione dobrze i bezpiecznie - sta\u0142o si\u0119 bram\u0105 do po\u0142\u0105czenia, empatii i wsp\u00f3lnych do\u015bwiadcze\u0144.<\/p>\n<p><a href=\"https:\/\/tinychat.com\/pl\/\">TinyChat<\/a> oferuje platform\u0119, na kt\u00f3rej ta idea kwitnie - przestrze\u0144, w kt\u00f3rej ludzie spotykaj\u0105 si\u0119 nie dla obserwuj\u0105cych, polubie\u0144 czy randek, ale po prostu dla rado\u015bci z rozmowy. Chodzi o to, by po\u015bmia\u0107 si\u0119 z kim\u015b w innej strefie czasowej, us\u0142ysze\u0107 histori\u0119 od kogo\u015b z zupe\u0142nie innego \u015bwiata. <a href=\"https:\/\/tinychat.com\/pl\/strangercam\/\">nieznajomy<\/a>lub znalezienie wsp\u00f3lnej p\u0142aszczyzny w chaotycznym \u015bwiecie.<\/p>\n<p>Je\u015bli wi\u0119c chcesz rozmawia\u0107 z nieznajomymi - nie bez celu, ale z sensem - jeste\u015b we w\u0142a\u015bciwym miejscu. Do\u0142\u0105cz do <a href=\"https:\/\/tinychat.com\/pl\/\">TinyChat<\/a> w\u0142\u0105cz mikrofon (lub nie) i zobacz, dok\u0105d zaprowadzi Ci\u0119 rozmowa.<\/p>\n<p>Poniewa\u017c czasami najlepsze rozmowy odbywaj\u0105 si\u0119 z lud\u017ami, kt\u00f3rych nigdy nie spotka\u0142e\u015b.<\/p>","protected":false},"excerpt":{"rendered":"<p>The desire to talk to strangers online isn\u2019t about small talk \u2014 it\u2019s about serendipity, surprise, and sometimes, even self-discovery. Whether you&#8217;re feeling isolated, bored, curious, or adventurous, the urge to connect with someone new \u2014 someone outside your usual circles \u2014 is deeply human. That\u2019s where platforms like TinyChat step in, creating safe, easy, [&hellip;]<\/p>\n","protected":false},"author":8,"featured_media":0,"parent":0,"menu_order":0,"comment_status":"closed","ping_status":"closed","template":"","meta":{"footnotes":""},"class_list":["post-3987","page","type-page","status-publish","hentry"],"yoast_head":"<!-- This site is optimized with the Yoast SEO plugin v27.5 - https:\/\/yoast.com\/product\/yoast-seo-wordpress\/ -->\n<title>Talk to Strangers with Video Chat on TinyChat.com<\/title>\n<meta name=\"description\" content=\"Enjoying Talk to Strangers? Join over 50,000,000 strangers on TinyChat! Turn on your cam and start meeting new people, or find a match.\" \/>\n<meta name=\"robots\" content=\"index, follow, max-snippet:-1, max-image-preview:large, max-video-preview:-1\" \/>\n<link rel=\"canonical\" href=\"https:\/\/tinychat.com\/pl\/talk-to-strangers\/\" \/>\n<meta property=\"og:locale\" content=\"pl_PL\" \/>\n<meta property=\"og:type\" content=\"article\" \/>\n<meta property=\"og:title\" content=\"Talk to Strangers with Video Chat on TinyChat.com\" \/>\n<meta property=\"og:description\" content=\"Enjoying Talk to Strangers? Join over 50,000,000 strangers on TinyChat! Turn on your cam and start meeting new people, or find a match.\" \/>\n<meta property=\"og:url\" content=\"https:\/\/tinychat.com\/pl\/talk-to-strangers\/\" \/>\n<meta property=\"og:site_name\" content=\"TinyChat\" \/>\n<meta property=\"article:publisher\" content=\"https:\/\/www.facebook.com\/tinychat\" \/>\n<meta property=\"article:modified_time\" content=\"2025-06-12T08:27:56+00:00\" \/>\n<meta property=\"og:image\" content=\"https:\/\/tinychat.com\/wp-content\/uploads\/2020\/04\/Tinychat-logo-1280x284-new-black.png\" \/>\n\t<meta property=\"og:image:width\" content=\"1280\" \/>\n\t<meta property=\"og:image:height\" content=\"284\" \/>\n\t<meta property=\"og:image:type\" content=\"image\/png\" \/>\n<meta name=\"twitter:card\" content=\"summary_large_image\" \/>\n<meta name=\"twitter:site\" content=\"@tinychat\" \/>\n<meta name=\"twitter:label1\" content=\"Szacowany czas czytania\" \/>\n\t<meta name=\"twitter:data1\" content=\"7 minut\" \/>\n<script type=\"application\/ld+json\" class=\"yoast-schema-graph\">{\"@context\":\"https:\\\/\\\/schema.org\",\"@graph\":[{\"@type\":\"WebPage\",\"@id\":\"https:\\\/\\\/tinychat.com\\\/talk-to-strangers\\\/\",\"url\":\"https:\\\/\\\/tinychat.com\\\/talk-to-strangers\\\/\",\"name\":\"Talk to Strangers with Video Chat on TinyChat.com\",\"isPartOf\":{\"@id\":\"https:\\\/\\\/tinychat.com\\\/#website\"},\"datePublished\":\"2025-05-23T15:34:41+00:00\",\"dateModified\":\"2025-06-12T08:27:56+00:00\",\"description\":\"Enjoying Talk to Strangers? Join over 50,000,000 strangers on TinyChat! Turn on your cam and start meeting new people, or find a match.\",\"breadcrumb\":{\"@id\":\"https:\\\/\\\/tinychat.com\\\/talk-to-strangers\\\/#breadcrumb\"},\"inLanguage\":\"pl-PL\",\"potentialAction\":[{\"@type\":\"ReadAction\",\"target\":[\"https:\\\/\\\/tinychat.com\\\/talk-to-strangers\\\/\"]}]},{\"@type\":\"BreadcrumbList\",\"@id\":\"https:\\\/\\\/tinychat.com\\\/talk-to-strangers\\\/#breadcrumb\",\"itemListElement\":[{\"@type\":\"ListItem\",\"position\":1,\"name\":\"Home\",\"item\":\"https:\\\/\\\/tinychat.com\\\/\"},{\"@type\":\"ListItem\",\"position\":2,\"name\":\"Talk to Strangers\"}]},{\"@type\":\"WebSite\",\"@id\":\"https:\\\/\\\/tinychat.com\\\/#website\",\"url\":\"https:\\\/\\\/tinychat.com\\\/\",\"name\":\"TinyChat\",\"description\":\"Random Video Chat with Strangers\",\"publisher\":{\"@id\":\"https:\\\/\\\/tinychat.com\\\/#organization\"},\"alternateName\":\"TinyChat.com\",\"potentialAction\":[{\"@type\":\"SearchAction\",\"target\":{\"@type\":\"EntryPoint\",\"urlTemplate\":\"https:\\\/\\\/tinychat.com\\\/?s={search_term_string}\"},\"query-input\":{\"@type\":\"PropertyValueSpecification\",\"valueRequired\":true,\"valueName\":\"search_term_string\"}}],\"inLanguage\":\"pl-PL\"},{\"@type\":\"Organization\",\"@id\":\"https:\\\/\\\/tinychat.com\\\/#organization\",\"name\":\"TinyChat\",\"alternateName\":\"TinyChat.com\",\"url\":\"https:\\\/\\\/tinychat.com\\\/\",\"logo\":{\"@type\":\"ImageObject\",\"inLanguage\":\"pl-PL\",\"@id\":\"https:\\\/\\\/tinychat.com\\\/#\\\/schema\\\/logo\\\/image\\\/\",\"url\":\"https:\\\/\\\/tinychat.com\\\/wp-content\\\/uploads\\\/2023\\\/11\\\/Tinychat-icon-square.png\",\"contentUrl\":\"https:\\\/\\\/tinychat.com\\\/wp-content\\\/uploads\\\/2023\\\/11\\\/Tinychat-icon-square.png\",\"width\":284,\"height\":284,\"caption\":\"TinyChat\"},\"image\":{\"@id\":\"https:\\\/\\\/tinychat.com\\\/#\\\/schema\\\/logo\\\/image\\\/\"},\"sameAs\":[\"https:\\\/\\\/www.facebook.com\\\/tinychat\",\"https:\\\/\\\/x.com\\\/tinychat\"]}]}<\/script>\n<!-- \/ Yoast SEO plugin. -->","yoast_head_json":{"title":"Rozmawiaj z nieznajomymi za pomoc\u0105 czatu wideo na TinyChat.com","description":"Lubisz rozmawia\u0107 z nieznajomymi? Do\u0142\u0105cz do ponad 50 000 000 nieznajomych na TinyChat! W\u0142\u0105cz kamer\u0119 i zacznij poznawa\u0107 nowych ludzi lub znajd\u017a partnera.","robots":{"index":"index","follow":"follow","max-snippet":"max-snippet:-1","max-image-preview":"max-image-preview:large","max-video-preview":"max-video-preview:-1"},"canonical":"https:\/\/tinychat.com\/pl\/talk-to-strangers\/","og_locale":"pl_PL","og_type":"article","og_title":"Talk to Strangers with Video Chat on TinyChat.com","og_description":"Enjoying Talk to Strangers? Join over 50,000,000 strangers on TinyChat! Turn on your cam and start meeting new people, or find a match.","og_url":"https:\/\/tinychat.com\/pl\/talk-to-strangers\/","og_site_name":"TinyChat","article_publisher":"https:\/\/www.facebook.com\/tinychat","article_modified_time":"2025-06-12T08:27:56+00:00","og_image":[{"width":1280,"height":284,"url":"https:\/\/tinychat.com\/wp-content\/uploads\/2020\/04\/Tinychat-logo-1280x284-new-black.png","type":"image\/png"}],"twitter_card":"summary_large_image","twitter_site":"@tinychat","twitter_misc":{"Szacowany czas czytania":"7 minut"},"schema":{"@context":"https:\/\/schema.org","@graph":[{"@type":"WebPage","@id":"https:\/\/tinychat.com\/talk-to-strangers\/","url":"https:\/\/tinychat.com\/talk-to-strangers\/","name":"Rozmawiaj z nieznajomymi za pomoc\u0105 czatu wideo na TinyChat.com","isPartOf":{"@id":"https:\/\/tinychat.com\/#website"},"datePublished":"2025-05-23T15:34:41+00:00","dateModified":"2025-06-12T08:27:56+00:00","description":"Lubisz rozmawia\u0107 z nieznajomymi? Do\u0142\u0105cz do ponad 50 000 000 nieznajomych na TinyChat! W\u0142\u0105cz kamer\u0119 i zacznij poznawa\u0107 nowych ludzi lub znajd\u017a partnera.","breadcrumb":{"@id":"https:\/\/tinychat.com\/talk-to-strangers\/#breadcrumb"},"inLanguage":"pl-PL","potentialAction":[{"@type":"ReadAction","target":["https:\/\/tinychat.com\/talk-to-strangers\/"]}]},{"@type":"BreadcrumbList","@id":"https:\/\/tinychat.com\/talk-to-strangers\/#breadcrumb","itemListElement":[{"@type":"ListItem","position":1,"name":"Home","item":"https:\/\/tinychat.com\/"},{"@type":"ListItem","position":2,"name":"Talk to Strangers"}]},{"@type":"WebSite","@id":"https:\/\/tinychat.com\/#website","url":"https:\/\/tinychat.com\/","name":"TinyChat","description":"Losowy czat wideo z nieznajomymi","publisher":{"@id":"https:\/\/tinychat.com\/#organization"},"alternateName":"TinyChat.com","potentialAction":[{"@type":"SearchAction","target":{"@type":"EntryPoint","urlTemplate":"https:\/\/tinychat.com\/?s={search_term_string}"},"query-input":{"@type":"PropertyValueSpecification","valueRequired":true,"valueName":"search_term_string"}}],"inLanguage":"pl-PL"},{"@type":"Organization","@id":"https:\/\/tinychat.com\/#organization","name":"TinyChat","alternateName":"TinyChat.com","url":"https:\/\/tinychat.com\/","logo":{"@type":"ImageObject","inLanguage":"pl-PL","@id":"https:\/\/tinychat.com\/#\/schema\/logo\/image\/","url":"https:\/\/tinychat.com\/wp-content\/uploads\/2023\/11\/Tinychat-icon-square.png","contentUrl":"https:\/\/tinychat.com\/wp-content\/uploads\/2023\/11\/Tinychat-icon-square.png","width":284,"height":284,"caption":"TinyChat"},"image":{"@id":"https:\/\/tinychat.com\/#\/schema\/logo\/image\/"},"sameAs":["https:\/\/www.facebook.com\/tinychat","https:\/\/x.com\/tinychat"]}]}},"_links":{"self":[{"href":"https:\/\/tinychat.com\/pl\/wp-json\/wp\/v2\/pages\/3987","targetHints":{"allow":["GET"]}}],"collection":[{"href":"https:\/\/tinychat.com\/pl\/wp-json\/wp\/v2\/pages"}],"about":[{"href":"https:\/\/tinychat.com\/pl\/wp-json\/wp\/v2\/types\/page"}],"author":[{"embeddable":true,"href":"https:\/\/tinychat.com\/pl\/wp-json\/wp\/v2\/users\/8"}],"replies":[{"embeddable":true,"href":"https:\/\/tinychat.com\/pl\/wp-json\/wp\/v2\/comments?post=3987"}],"version-history":[{"count":3,"href":"https:\/\/tinychat.com\/pl\/wp-json\/wp\/v2\/pages\/3987\/revisions"}],"predecessor-version":[{"id":13180,"href":"https:\/\/tinychat.com\/pl\/wp-json\/wp\/v2\/pages\/3987\/revisions\/13180"}],"wp:attachment":[{"href":"https:\/\/tinychat.com\/pl\/wp-json\/wp\/v2\/media?parent=3987"}],"curies":[{"name":"wp","href":"https:\/\/api.w.org\/{rel}","templated":true}]}}