{"id":4004,"date":"2025-09-03T08:37:25","date_gmt":"2025-09-03T06:37:25","guid":{"rendered":"https:\/\/tinychat.com\/?page_id=4004"},"modified":"2025-09-03T12:46:19","modified_gmt":"2025-09-03T10:46:19","slug":"video-call-strangers","status":"publish","type":"page","link":"https:\/\/tinychat.com\/pl\/video-call-strangers\/","title":{"rendered":"Rozmowy wideo z nieznajomymi"},"content":{"rendered":"<p>Czasami najbardziej niezapomniane rozmowy odbywaj\u0105 si\u0119 z lud\u017ami, kt\u00f3rych nigdy nie spodziewa\u0142e\u015b si\u0119 spotka\u0107. Na tym polega magia platform do rozm\u00f3w wideo z nieznajomymi - natychmiastowe po\u0142\u0105czenia twarz\u0105 w twarz z lud\u017ami z ca\u0142ego \u015bwiata. Wystarczy jedno klikni\u0119cie, aby zobaczy\u0107 i porozmawia\u0107 z kim\u015b zupe\u0142nie nowym, bez biografii i algorytm\u00f3w.<\/p>\n<p>Niezale\u017cnie od tego, czy chcesz nawi\u0105za\u0107 znajomo\u015bci, walczy\u0107 z nud\u0105, pozna\u0107 inne kultury, czy po prostu si\u0119 po\u015bmia\u0107, rozmowy wideo z nieznajomymi oferuj\u0105 wyj\u0105tkowy spos\u00f3b na \u0142\u0105czenie si\u0119 w czasie rzeczywistym.<\/p>\n<h2>Co to znaczy prowadzi\u0107 rozmowy wideo z nieznajomymi?<\/h2>\n<p>Gdy prowadzisz rozmowy wideo online z nieznajomymi, korzystasz z witryny lub aplikacji, kt\u00f3ra \u0142\u0105czy Ci\u0119 w pary z przypadkowymi u\u017cytkownikami w celu prowadzenia indywidualnych lub grupowych rozm\u00f3w wideo na \u017cywo. Nie musisz si\u0119 rejestrowa\u0107, p\u0142aci\u0107 ani udost\u0119pnia\u0107 danych osobowych. Zamiast tego, po prostu:<\/p>\n<ol>\n<li>W\u0142\u0105cz kamer\u0119 internetow\u0105 i mikrofon.<\/li>\n<li>Kliknij \"Start\" lub \"Po\u0142\u0105cz\".<\/li>\n<li>Natychmiastowe po\u0142\u0105czenie z kim\u015b nowym.<\/li>\n<\/ol>\n<p>Rozmowy mog\u0105 trwa\u0107 sekundy, minuty lub godziny. Je\u015bli nie pasuj\u0105 do siebie, mo\u017cesz jednym klikni\u0119ciem przej\u015b\u0107 do nast\u0119pnej osoby.<\/p>\n<p>Jest spontaniczna, anonimowa i od\u015bwie\u017caj\u0105co bezpo\u015brednia.<\/p>\n<h2>Dlaczego ludzie uwielbiaj\u0105 przypadkowe rozmowy wideo z nieznajomymi?<\/h2>\n<p>Dlaczego wi\u0119c miliony ludzi loguj\u0105 si\u0119 ka\u017cdego dnia, by prowadzi\u0107 wideorozmowy z nieznajomymi?<\/p>\n<ul>\n<li>Natychmiastowe po\u0142\u0105czenie - rozpocznij prawdziw\u0105 rozmow\u0119 w kilka sekund.<\/li>\n<li>Globalna r\u00f3\u017cnorodno\u015b\u0107 - poznaj ludzi z ka\u017cdego zak\u0105tka \u015bwiata.<\/li>\n<li>Ludzka autentyczno\u015b\u0107 - zobaczenie czyjej\u015b twarzy i us\u0142yszenie czyjego\u015b g\u0142osu sprawia, \u017ce jest to bardziej realne ni\u017c pisanie SMS-\u00f3w.<\/li>\n<li>Zerowe ci\u015bnienie - je\u015bli nie kliknie, pomi\u0144 i spr\u00f3buj ponownie.<\/li>\n<li>Ekscytuj\u0105ca nieprzewidywalno\u015b\u0107 - nigdy nie wiesz, czy nast\u0119pny czat b\u0119dzie zabawny, zalotny, g\u0142\u0119boki czy zaskakuj\u0105cy.<\/li>\n<\/ul>\n<p>To cyfrowy odpowiednik rozmowy w poci\u0105gu lub kawiarni - z t\u0105 r\u00f3\u017cnic\u0105, \u017ce ca\u0142y \u015bwiat jest w zasi\u0119gu r\u0119ki.<\/p>\n<h2>Darmowe rozmowy wideo z nieznajomymi: jak to dzia\u0142a?<\/h2>\n<p>Wi\u0119kszo\u015b\u0107 platform do rozm\u00f3w wideo z nieznajomymi jest darmowa. Oto prosty proces:<\/p>\n<ol>\n<li>Odwied\u017a platform\u0119 - Popularne opcje obejmuj\u0105 Omegle, Chatroulette, Chatspin i TinyChat.<\/li>\n<li>Umo\u017cliwienie dost\u0119pu do kamery i mikrofonu - niezb\u0119dne do interakcji twarz\u0105 w twarz.<\/li>\n<li>Kliknij Po\u0142\u0105cz - natychmiast po\u0142\u0105cz si\u0119 z innym u\u017cytkownikiem.<\/li>\n<li>Zosta\u0144 lub odejd\u017a - je\u015bli atmosfera jest odpowiednia, zosta\u0144, je\u015bli nie, id\u017a dalej.<\/li>\n<\/ol>\n<p>Niekt\u00f3re platformy umo\u017cliwiaj\u0105 r\u00f3wnie\u017c dodawanie filtr\u00f3w, takich jak p\u0142e\u0107, lokalizacja lub zainteresowania, dzi\u0119ki czemu istnieje wi\u0119ksze prawdopodobie\u0144stwo, \u017ce spotkasz osoby, z kt\u00f3rymi si\u0119 polubisz.<\/p>\n<h2>Najlepsze platformy do rozm\u00f3w wideo z nieznajomymi<\/h2>\n<p>Dost\u0119pne s\u0105 dziesi\u0105tki us\u0142ug. Oto niekt\u00f3re z najbardziej popularnych i zaufanych:<\/p>\n<ul>\n<li>Omegle - Oryginalny losowy czat wideo, s\u0142yn\u0105cy z prostych opcji tekstowych i wideo.<\/li>\n<li>Chatroulette - Globalna platforma znana ze swojej szybko\u015bci i nieprzewidywalno\u015bci.<\/li>\n<li>Chatspin - Dodaje filtry, tematyczne pokoje rozm\u00f3w, a nawet zabawne efekty wideo.<\/li>\n<li>Camsurf - Koncentruje si\u0119 na bezpiecznych, moderowanych rozmowach.<\/li>\n<li>Chatrandom - Oferuje zar\u00f3wno rozmowy losowe jeden na jednego, jak i czaty grupowe.<\/li>\n<li>TinyChat - Po\u0142\u0105czenie czatu z nieznajomymi i pokoj\u00f3w spo\u0142eczno\u015bciowych.<\/li>\n<li>LuckyCrush - Dopasowuje m\u0119\u017cczyzn do kobiet w celu prowadzenia zalotnych rozm\u00f3w jeden na jeden.<\/li>\n<\/ul>\n<p>Ka\u017cdy z nich ma sw\u00f3j w\u0142asny styl, wi\u0119c wypr\u00f3bowanie wi\u0119cej ni\u017c jednego mo\u017ce pom\u00f3c w znalezieniu ulubionego.<\/p>\n<h2>Rozmowy wideo z nieznajomymi vs. czat tekstowy<\/h2>\n<p>Podczas gdy czaty tekstowe s\u0105 nadal dost\u0119pne, rozmowy wideo na \u017cywo oferuj\u0105 bogatsze wra\u017cenia.<\/p>\n<table>\n<thead>\n<tr>\n<th>Cecha<\/th>\n<th>Rozmowy wideo z nieznajomymi<\/th>\n<th>Czat tekstowy z nieznajomymi<\/th>\n<\/tr>\n<\/thead>\n<tbody>\n<tr>\n<td>Zobacz mimik\u0119 twarzy<\/td>\n<td>\u2705<\/td>\n<td>\u274c<\/td>\n<\/tr>\n<tr>\n<td>Us\u0142ysze\u0107 ton g\u0142osu<\/td>\n<td>\u2705<\/td>\n<td>\u274c<\/td>\n<\/tr>\n<tr>\n<td>Szybsze po\u0142\u0105czenie<\/td>\n<td>\u2705<\/td>\n<td>\u26a0\ufe0f Czasami wolniej<\/td>\n<\/tr>\n<tr>\n<td>Bardziej autentyczna interakcja<\/td>\n<td>\u2705<\/td>\n<td>\u274c<\/td>\n<\/tr>\n<tr>\n<td>\u0141atwiej o b\u0142\u0119dn\u0105 interpretacj\u0119<\/td>\n<td>\u274c<\/td>\n<td>\u2705<\/td>\n<\/tr>\n<\/tbody>\n<\/table>\n<p>Zobaczenie kogo\u015b w czasie rzeczywistym sprawia, \u017ce rozmowy s\u0105 autentyczne i spontaniczne.<\/p>\n<h2>Bezpiecze\u0144stwo podczas rozm\u00f3w wideo z nieznajomymi<\/h2>\n<p>Podczas gdy wi\u0119kszo\u015b\u0107 ludzi jest przyjazna i pe\u0142na szacunku, m\u0105drze jest ustala\u0107 granice. Oto jak zapewni\u0107 bezpiecze\u0144stwo podczas rozm\u00f3w wideo z nieznajomymi:<\/p>\n<ul>\n<li>Nie udost\u0119pniaj danych osobowych - Zachowaj swoje imi\u0119 i nazwisko, numer telefonu i adres w tajemnicy.<\/li>\n<li>U\u017cywaj pseudonimu - pozosta\u0144 anonimowy, dop\u00f3ki nie poczujesz si\u0119 komfortowo.<\/li>\n<li>Sprawd\u017a swoje t\u0142o - upewnij si\u0119, \u017ce kamera nie ujawnia prywatnych szczeg\u00f3\u0142\u00f3w.<\/li>\n<li>Szybkie pomijanie - Nie czuj si\u0119 zobowi\u0105zany do pozostania na czacie, kt\u00f3ry wydaje si\u0119 niekomfortowy.<\/li>\n<li>Zg\u0142aszaj nieodpowiednich u\u017cytkownik\u00f3w - wybieraj platformy z narz\u0119dziami do moderacji.<\/li>\n<\/ul>\n<p>Bezpiecze\u0144stwo jest tym, co sprawia, \u017ce darmowe rozmowy wideo z nieznajomymi s\u0105 zar\u00f3wno zabawne, jak i bezstresowe.<\/p>\n<h2>Dlaczego ludzie do\u0142\u0105czaj\u0105 do nieznajomych stron z rozmowami wideo?<\/h2>\n<p>Nie ma jednego powodu, dla kt\u00f3rego ludzie kochaj\u0105 te platformy - jest to po\u0142\u0105czenie ciekawo\u015bci, zabawy i wi\u0119zi.<\/p>\n<ul>\n<li>Na nud\u0119 - \u015bwietne rozwi\u0105zanie na p\u00f3\u017ane wieczory lub przestoje.<\/li>\n<li>Poznawanie nowych znajomych - Poszerz sw\u00f3j kr\u0105g znajomych poza swoj\u0105 okolic\u0119.<\/li>\n<li>Flirtowa\u0107 i umawia\u0107 si\u0119 na randki - niekt\u00f3re czaty wywo\u0142uj\u0105 natychmiastow\u0105 chemi\u0119.<\/li>\n<li>\u0106wiczenie umiej\u0119tno\u015bci j\u0119zykowych - Rozmowa z native speakerami to najlepszy spos\u00f3b na nauk\u0119.<\/li>\n<li>Poznawanie kultur - bezpo\u015brednie s\u0142uchanie o \u017cyciu w innej cz\u0119\u015bci \u015bwiata.<\/li>\n<\/ul>\n<p>Nieprzewidywalno\u015b\u0107 jest cz\u0119\u015bci\u0105 zabawy - mo\u017cesz mie\u0107 g\u0142upi\u0105 rozmow\u0119 lub tak\u0105, kt\u00f3ra wydaje si\u0119 zaskakuj\u0105co znacz\u0105ca.<\/p>\n<h2>TinyChat: Alternatywa w stylu spo\u0142eczno\u015bciowym<\/h2>\n<p>Je\u015bli lubisz emocje zwi\u0105zane z rozmowami wideo z nieznajomymi, ale chcesz wi\u0119kszej struktury, warto sprawdzi\u0107 TinyChat. W przeciwie\u0144stwie do wielu losowych platform jeden na jednego, TinyChat oferuje:<\/p>\n<ul>\n<li>Grupowe czaty wideo - Do\u0142\u0105cz do trwaj\u0105cych rozm\u00f3w na okre\u015blone tematy.<\/li>\n<li>Prywatne pokoje - Stw\u00f3rz w\u0142asn\u0105 przestrze\u0144 i zapraszaj do niej ludzi.<\/li>\n<li>Wiele format\u00f3w - prze\u0142\u0105czanie mi\u0119dzy tekstem, g\u0142osem i wideo.<\/li>\n<li>Dost\u0119p mi\u0119dzyplatformowy - dzia\u0142a w przegl\u0105darkach i aplikacjach mobilnych.<\/li>\n<li>Wydarzenia spo\u0142eczno\u015bciowe - poznaj ludzi o wsp\u00f3lnych zainteresowaniach w czasie rzeczywistym.<\/li>\n<\/ul>\n<p>TinyChat \u0142\u0105czy losowo\u015b\u0107 ze spo\u0142eczno\u015bci\u0105, daj\u0105c ci to, co najlepsze z obu \u015bwiat\u00f3w.<\/p>\n<h2>Wskaz\u00f3wki dotycz\u0105ce prowadzenia rozm\u00f3w wideo z nieznajomymi<\/h2>\n<p>Chcesz lepiej wykorzysta\u0107 swoje czaty? Wypr\u00f3buj te:<\/p>\n<ul>\n<li>U\u015bmiech podczas nawi\u0105zywania po\u0142\u0105czenia - ciep\u0142y pocz\u0105tek nadaje ton.<\/li>\n<li>Zachowaj otwarty umys\u0142 - b\u0105d\u017a gotowy na r\u00f3\u017cne perspektywy i osobowo\u015bci.<\/li>\n<li>Zadawaj zabawne pytania - \"Jaki by\u0142 najlepszy posi\u0142ek, jaki kiedykolwiek jad\u0142e\u015b?\" jest lepsze ni\u017c \"cze\u015b\u0107\".<\/li>\n<li>Zachowaj szacunek - uprzejmo\u015b\u0107 zwykle przynosi najlepsze odpowiedzi.<\/li>\n<li>Wypr\u00f3buj r\u00f3\u017cne godziny - logowanie w r\u00f3\u017cnych godzinach pozwala pozna\u0107 nowe regiony \u015bwiata.<\/li>\n<\/ul>\n<h2>Darmowe vs. p\u0142atne funkcje<\/h2>\n<p>Wi\u0119kszo\u015b\u0107 platform do rozm\u00f3w wideo z nieznajomymi jest ca\u0142kowicie darmowa. Niekt\u00f3re jednak oferuj\u0105 opcjonalne aktualizacje:<\/p>\n<table>\n<thead>\n<tr>\n<th>Cecha<\/th>\n<th>Darmowa wersja<\/th>\n<th>Wersja p\u0142atna<\/th>\n<\/tr>\n<\/thead>\n<tbody>\n<tr>\n<td>Losowe dopasowanie wideo<\/td>\n<td>Tak<\/td>\n<td>Tak<\/td>\n<\/tr>\n<tr>\n<td>Nieograniczone pomijanie<\/td>\n<td>\u26a0\ufe0f Czasami ograniczone<\/td>\n<td>Nieograniczony<\/td>\n<\/tr>\n<tr>\n<td>Filtry p\u0142ci\/lokalizacji<\/td>\n<td>\u26a0\ufe0f Basic<\/td>\n<td>Zaawansowane<\/td>\n<\/tr>\n<tr>\n<td>Reklamy usuni\u0119te<\/td>\n<td>\u274c<\/td>\n<td>Tak<\/td>\n<\/tr>\n<tr>\n<td>Prywatne pokoje VIP<\/td>\n<td>\u274c<\/td>\n<td>Tak<\/td>\n<\/tr>\n<\/tbody>\n<\/table>\n<p>Dla zwyk\u0142ych u\u017cytkownik\u00f3w darmowe wersje s\u0105 wi\u0119cej ni\u017c wystarczaj\u0105ce.<\/p>\n<h2>Ekscytacja nieznanym<\/h2>\n<p>Jedn\u0105 z najwi\u0119kszych zalet rozm\u00f3w wideo z nieznajomymi jest poczucie przygody. Ka\u017cda rozmowa to rzut kostk\u0105. W ci\u0105gu jednego wieczoru mo\u017cesz:<\/p>\n<ul>\n<li>Naucz si\u0119 slangu z innego j\u0119zyka.<\/li>\n<li>\u015amiej si\u0119 z g\u0142upich \u017cart\u00f3w z kim\u015b na ca\u0142ym \u015bwiecie.<\/li>\n<li>Odkryj nowy zesp\u00f3\u0142 lub polecany program telewizyjny.<\/li>\n<li>Podziel si\u0119 histori\u0105 ze swojego \u017cycia i wys\u0142uchaj jej w zamian.<\/li>\n<li>Nawi\u0105\u017c wi\u0119\u017a, kt\u00f3ra b\u0119dzie trwa\u0142a d\u0142u\u017cej ni\u017c rozmowa telefoniczna.<\/li>\n<\/ul>\n<p>Niepewno\u015b\u0107 sprawia, \u017ce wszystko jest \u015bwie\u017ce i ekscytuj\u0105ce.<\/p>\n<p>Platformy do rozm\u00f3w wideo z nieznajomymi s\u0105 jednym z najbardziej zabawnych i spontanicznych sposob\u00f3w \u0142\u0105czenia si\u0119 online. S\u0105 darmowe, szybkie i globalne - \u0142\u0105cz\u0105 ludzi z r\u00f3\u017cnych \u015brodowisk, umo\u017cliwiaj\u0105c rozmow\u0119 twarz\u0105 w twarz w czasie rzeczywistym.<\/p>\n<p>Niezale\u017cnie od tego, czy chcesz si\u0119 zaprzyja\u017ani\u0107, flirtowa\u0107, \u0107wiczy\u0107 nowy j\u0119zyk, czy po prostu cieszy\u0107 si\u0119 towarzystwem p\u00f3\u017an\u0105 noc\u0105, zawsze znajdzie si\u0119 kto\u015b nowy, kto czeka na rozmow\u0119.<\/p>\n<p>Je\u015bli wi\u0119c jeste\u015b gotowy wyj\u015b\u0107 ze swojej ba\u0144ki, w\u0142\u0105cz kamer\u0119 internetow\u0105, kliknij \"po\u0142\u0105cz\" i zobacz, kogo spotkasz. Twoja nast\u0119pna rozmowa wideo z nieznajomym mo\u017ce by\u0107 punktem kulminacyjnym Twojego dnia.<\/p>","protected":false},"excerpt":{"rendered":"<p>Sometimes, the most memorable conversations are with people you never expected to meet. That\u2019s the magic of video call strangers platforms\u2014instant, face-to-face connections with people from all over the world. With just a click, you can see and talk to someone completely new, no bios or algorithms required. Whether you\u2019re looking to make friends, fight [&hellip;]<\/p>\n","protected":false},"author":8,"featured_media":0,"parent":0,"menu_order":0,"comment_status":"closed","ping_status":"closed","template":"","meta":{"footnotes":""},"class_list":["post-4004","page","type-page","status-publish","hentry"],"yoast_head":"<!-- This site is optimized with the Yoast SEO plugin v27.4 - https:\/\/yoast.com\/product\/yoast-seo-wordpress\/ -->\n<title>Video Call Strangers with Video Chat on TinyChat.com<\/title>\n<meta name=\"description\" content=\"Enjoying Video Call Strangers? Join over 50,000,000 strangers on TinyChat! Turn on your cam and start meeting new people, or find a match.\" \/>\n<meta name=\"robots\" content=\"index, follow, max-snippet:-1, max-image-preview:large, max-video-preview:-1\" \/>\n<link rel=\"canonical\" href=\"https:\/\/tinychat.com\/pl\/video-call-strangers\/\" \/>\n<meta property=\"og:locale\" content=\"pl_PL\" \/>\n<meta property=\"og:type\" content=\"article\" \/>\n<meta property=\"og:title\" content=\"Video Call Strangers with Video Chat on TinyChat.com\" \/>\n<meta property=\"og:description\" content=\"Enjoying Video Call Strangers? Join over 50,000,000 strangers on TinyChat! Turn on your cam and start meeting new people, or find a match.\" \/>\n<meta property=\"og:url\" content=\"https:\/\/tinychat.com\/pl\/video-call-strangers\/\" \/>\n<meta property=\"og:site_name\" content=\"TinyChat\" \/>\n<meta property=\"article:publisher\" content=\"https:\/\/www.facebook.com\/tinychat\" \/>\n<meta property=\"article:modified_time\" content=\"2025-09-03T10:46:19+00:00\" \/>\n<meta property=\"og:image\" content=\"https:\/\/tinychat.com\/wp-content\/uploads\/2020\/04\/Tinychat-logo-1280x284-new-black.png\" \/>\n\t<meta property=\"og:image:width\" content=\"1280\" \/>\n\t<meta property=\"og:image:height\" content=\"284\" \/>\n\t<meta property=\"og:image:type\" content=\"image\/png\" \/>\n<meta name=\"twitter:card\" content=\"summary_large_image\" \/>\n<meta name=\"twitter:site\" content=\"@tinychat\" \/>\n<meta name=\"twitter:label1\" content=\"Szacowany czas czytania\" \/>\n\t<meta name=\"twitter:data1\" content=\"5 minut\" \/>\n<script type=\"application\/ld+json\" class=\"yoast-schema-graph\">{\"@context\":\"https:\\\/\\\/schema.org\",\"@graph\":[{\"@type\":\"WebPage\",\"@id\":\"https:\\\/\\\/tinychat.com\\\/video-call-strangers\\\/\",\"url\":\"https:\\\/\\\/tinychat.com\\\/video-call-strangers\\\/\",\"name\":\"Video Call Strangers with Video Chat on TinyChat.com\",\"isPartOf\":{\"@id\":\"https:\\\/\\\/tinychat.com\\\/#website\"},\"datePublished\":\"2025-09-03T06:37:25+00:00\",\"dateModified\":\"2025-09-03T10:46:19+00:00\",\"description\":\"Enjoying Video Call Strangers? Join over 50,000,000 strangers on TinyChat! Turn on your cam and start meeting new people, or find a match.\",\"breadcrumb\":{\"@id\":\"https:\\\/\\\/tinychat.com\\\/video-call-strangers\\\/#breadcrumb\"},\"inLanguage\":\"pl-PL\",\"potentialAction\":[{\"@type\":\"ReadAction\",\"target\":[\"https:\\\/\\\/tinychat.com\\\/video-call-strangers\\\/\"]}]},{\"@type\":\"BreadcrumbList\",\"@id\":\"https:\\\/\\\/tinychat.com\\\/video-call-strangers\\\/#breadcrumb\",\"itemListElement\":[{\"@type\":\"ListItem\",\"position\":1,\"name\":\"Home\",\"item\":\"https:\\\/\\\/tinychat.com\\\/\"},{\"@type\":\"ListItem\",\"position\":2,\"name\":\"Video Call Strangers\"}]},{\"@type\":\"WebSite\",\"@id\":\"https:\\\/\\\/tinychat.com\\\/#website\",\"url\":\"https:\\\/\\\/tinychat.com\\\/\",\"name\":\"TinyChat\",\"description\":\"Random Video Chat with Strangers\",\"publisher\":{\"@id\":\"https:\\\/\\\/tinychat.com\\\/#organization\"},\"alternateName\":\"TinyChat.com\",\"potentialAction\":[{\"@type\":\"SearchAction\",\"target\":{\"@type\":\"EntryPoint\",\"urlTemplate\":\"https:\\\/\\\/tinychat.com\\\/?s={search_term_string}\"},\"query-input\":{\"@type\":\"PropertyValueSpecification\",\"valueRequired\":true,\"valueName\":\"search_term_string\"}}],\"inLanguage\":\"pl-PL\"},{\"@type\":\"Organization\",\"@id\":\"https:\\\/\\\/tinychat.com\\\/#organization\",\"name\":\"TinyChat\",\"alternateName\":\"TinyChat.com\",\"url\":\"https:\\\/\\\/tinychat.com\\\/\",\"logo\":{\"@type\":\"ImageObject\",\"inLanguage\":\"pl-PL\",\"@id\":\"https:\\\/\\\/tinychat.com\\\/#\\\/schema\\\/logo\\\/image\\\/\",\"url\":\"https:\\\/\\\/tinychat.com\\\/wp-content\\\/uploads\\\/2023\\\/11\\\/Tinychat-icon-square.png\",\"contentUrl\":\"https:\\\/\\\/tinychat.com\\\/wp-content\\\/uploads\\\/2023\\\/11\\\/Tinychat-icon-square.png\",\"width\":284,\"height\":284,\"caption\":\"TinyChat\"},\"image\":{\"@id\":\"https:\\\/\\\/tinychat.com\\\/#\\\/schema\\\/logo\\\/image\\\/\"},\"sameAs\":[\"https:\\\/\\\/www.facebook.com\\\/tinychat\",\"https:\\\/\\\/x.com\\\/tinychat\"]}]}<\/script>\n<!-- \/ Yoast SEO plugin. -->","yoast_head_json":{"title":"Rozmowy wideo z nieznajomymi dzi\u0119ki czatowi wideo na TinyChat.com","description":"Lubisz rozmowy wideo z nieznajomymi? Do\u0142\u0105cz do ponad 50 000 000 nieznajomych na TinyChat! W\u0142\u0105cz kamer\u0119 i zacznij poznawa\u0107 nowych ludzi lub znajd\u017a partnera.","robots":{"index":"index","follow":"follow","max-snippet":"max-snippet:-1","max-image-preview":"max-image-preview:large","max-video-preview":"max-video-preview:-1"},"canonical":"https:\/\/tinychat.com\/pl\/video-call-strangers\/","og_locale":"pl_PL","og_type":"article","og_title":"Video Call Strangers with Video Chat on TinyChat.com","og_description":"Enjoying Video Call Strangers? Join over 50,000,000 strangers on TinyChat! Turn on your cam and start meeting new people, or find a match.","og_url":"https:\/\/tinychat.com\/pl\/video-call-strangers\/","og_site_name":"TinyChat","article_publisher":"https:\/\/www.facebook.com\/tinychat","article_modified_time":"2025-09-03T10:46:19+00:00","og_image":[{"width":1280,"height":284,"url":"https:\/\/tinychat.com\/wp-content\/uploads\/2020\/04\/Tinychat-logo-1280x284-new-black.png","type":"image\/png"}],"twitter_card":"summary_large_image","twitter_site":"@tinychat","twitter_misc":{"Szacowany czas czytania":"5 minut"},"schema":{"@context":"https:\/\/schema.org","@graph":[{"@type":"WebPage","@id":"https:\/\/tinychat.com\/video-call-strangers\/","url":"https:\/\/tinychat.com\/video-call-strangers\/","name":"Rozmowy wideo z nieznajomymi dzi\u0119ki czatowi wideo na TinyChat.com","isPartOf":{"@id":"https:\/\/tinychat.com\/#website"},"datePublished":"2025-09-03T06:37:25+00:00","dateModified":"2025-09-03T10:46:19+00:00","description":"Lubisz rozmowy wideo z nieznajomymi? Do\u0142\u0105cz do ponad 50 000 000 nieznajomych na TinyChat! W\u0142\u0105cz kamer\u0119 i zacznij poznawa\u0107 nowych ludzi lub znajd\u017a partnera.","breadcrumb":{"@id":"https:\/\/tinychat.com\/video-call-strangers\/#breadcrumb"},"inLanguage":"pl-PL","potentialAction":[{"@type":"ReadAction","target":["https:\/\/tinychat.com\/video-call-strangers\/"]}]},{"@type":"BreadcrumbList","@id":"https:\/\/tinychat.com\/video-call-strangers\/#breadcrumb","itemListElement":[{"@type":"ListItem","position":1,"name":"Home","item":"https:\/\/tinychat.com\/"},{"@type":"ListItem","position":2,"name":"Video Call Strangers"}]},{"@type":"WebSite","@id":"https:\/\/tinychat.com\/#website","url":"https:\/\/tinychat.com\/","name":"TinyChat","description":"Losowy czat wideo z nieznajomymi","publisher":{"@id":"https:\/\/tinychat.com\/#organization"},"alternateName":"TinyChat.com","potentialAction":[{"@type":"SearchAction","target":{"@type":"EntryPoint","urlTemplate":"https:\/\/tinychat.com\/?s={search_term_string}"},"query-input":{"@type":"PropertyValueSpecification","valueRequired":true,"valueName":"search_term_string"}}],"inLanguage":"pl-PL"},{"@type":"Organization","@id":"https:\/\/tinychat.com\/#organization","name":"TinyChat","alternateName":"TinyChat.com","url":"https:\/\/tinychat.com\/","logo":{"@type":"ImageObject","inLanguage":"pl-PL","@id":"https:\/\/tinychat.com\/#\/schema\/logo\/image\/","url":"https:\/\/tinychat.com\/wp-content\/uploads\/2023\/11\/Tinychat-icon-square.png","contentUrl":"https:\/\/tinychat.com\/wp-content\/uploads\/2023\/11\/Tinychat-icon-square.png","width":284,"height":284,"caption":"TinyChat"},"image":{"@id":"https:\/\/tinychat.com\/#\/schema\/logo\/image\/"},"sameAs":["https:\/\/www.facebook.com\/tinychat","https:\/\/x.com\/tinychat"]}]}},"_links":{"self":[{"href":"https:\/\/tinychat.com\/pl\/wp-json\/wp\/v2\/pages\/4004","targetHints":{"allow":["GET"]}}],"collection":[{"href":"https:\/\/tinychat.com\/pl\/wp-json\/wp\/v2\/pages"}],"about":[{"href":"https:\/\/tinychat.com\/pl\/wp-json\/wp\/v2\/types\/page"}],"author":[{"embeddable":true,"href":"https:\/\/tinychat.com\/pl\/wp-json\/wp\/v2\/users\/8"}],"replies":[{"embeddable":true,"href":"https:\/\/tinychat.com\/pl\/wp-json\/wp\/v2\/comments?post=4004"}],"version-history":[{"count":4,"href":"https:\/\/tinychat.com\/pl\/wp-json\/wp\/v2\/pages\/4004\/revisions"}],"predecessor-version":[{"id":13498,"href":"https:\/\/tinychat.com\/pl\/wp-json\/wp\/v2\/pages\/4004\/revisions\/13498"}],"wp:attachment":[{"href":"https:\/\/tinychat.com\/pl\/wp-json\/wp\/v2\/media?parent=4004"}],"curies":[{"name":"wp","href":"https:\/\/api.w.org\/{rel}","templated":true}]}}