{"id":4022,"date":"2025-08-14T09:43:36","date_gmt":"2025-08-14T07:43:36","guid":{"rendered":"https:\/\/tinychat.com\/?page_id=4022"},"modified":"2025-08-14T10:00:09","modified_gmt":"2025-08-14T08:00:09","slug":"free-random-video-chat","status":"publish","type":"page","link":"https:\/\/tinychat.com\/pl\/free-random-video-chat\/","title":{"rendered":"Darmowy losowy czat wideo"},"content":{"rendered":"<p>W \u015bwiecie, w kt\u00f3rym wi\u0119kszo\u015b\u0107 interakcji online jest starannie wyselekcjonowana, darmowy losowy czat wideo przywraca dreszczyk spontaniczno\u015bci. Nigdy nie wiesz, kogo spotkasz - kogo\u015b z naprzeciwka lub z drugiego ko\u0144ca \u015bwiata. Wystarczy jedno klikni\u0119cie, aby stan\u0105\u0107 twarz\u0105 w twarz z nieznajomym, podzieli\u0107 si\u0119 historiami, \u017cartami lub po prostu po\u015bwi\u0119ci\u0107 kilka minut swojego czasu.<\/p>\n<p>To prawdziwe, niefiltrowane po\u0142\u0105czenie - co\u015b, czego kana\u0142y spo\u0142eczno\u015bciowe i aplikacje randkowe nie s\u0105 w stanie odtworzy\u0107.<\/p>\n<h2>Czym jest darmowy losowy czat wideo?<\/h2>\n<p>Darmowy losowy czat wideo jest dok\u0142adnie tym, na co wygl\u0105da: rozmow\u0105 wideo na \u017cywo, jeden na jednego z nieznajomym, dopasowanym ca\u0142kowicie losowo, bez p\u0142acenia ani centa. Otwierasz witryn\u0119 lub aplikacj\u0119, w\u0142\u0105czasz kamer\u0119 internetow\u0105 i mikrofon, a platforma natychmiast \u0142\u0105czy Ci\u0119 z inn\u0105 osob\u0105, kt\u00f3ra robi to samo.<\/p>\n<p>Bez profili, bez przesuwania palcem, bez d\u0142ugich biografii - po prostu natychmiastowa komunikacja w czasie rzeczywistym.<\/p>\n<p>Niekt\u00f3re platformy utrzymuj\u0105 czysto losowy charakter, podczas gdy inne pozwalaj\u0105 dodawa\u0107 filtry, takie jak zainteresowania, lokalizacja lub p\u0142e\u0107, aby kierowa\u0107 tym, kogo spotykasz.<\/p>\n<h2>Dlaczego ludzie uwielbiaj\u0105 losowe rozmowy wideo za darmo<\/h2>\n<p>Atrakcyjno\u015b\u0107 sprowadza si\u0119 do jednego s\u0142owa: niespodzianka. Ka\u017cde klikni\u0119cie to nowy pocz\u0105tek, bez presji, by kontynuowa\u0107 rozmow\u0119, je\u015bli tego nie chcesz.<\/p>\n<p>Oto dlaczego tak wiele os\u00f3b wybiera darmowy, losowy czat wideo:<\/p>\n<ul>\n<li>To natychmiastowe - nie wymaga rejestracji ani karty kredytowej. Po prostu do\u0142\u0105cz i zacznij rozmawia\u0107.<\/li>\n<li>Jest globalny - poznaj ludzi z r\u00f3\u017cnych kultur, stref czasowych i \u015brodowisk.<\/li>\n<li>To nieprzewidywalne - ka\u017cda rozmowa jest inna; mo\u017cesz si\u0119 uczy\u0107, \u015bmia\u0107, a nawet pozna\u0107 nowego przyjaciela.<\/li>\n<li>Prywatno\u015b\u0107 - wi\u0119kszo\u015b\u0107 platform nie wymaga podawania prawdziwych nazwisk, dzi\u0119ki czemu to\u017csamo\u015b\u0107 u\u017cytkownika jest bezpieczna.<\/li>\n<li>Jest elastyczny - zosta\u0144 godzinami z jedn\u0105 osob\u0105 lub pomi\u0144 j\u0105 po kilku sekundach - to zale\u017cy wy\u0142\u0105cznie od Ciebie.<\/li>\n<\/ul>\n<h2>Jak dzia\u0142a darmowy losowy czat wideo<\/h2>\n<p>Rozpocz\u0119cie pracy jest szybkie i proste:<\/p>\n<ol>\n<li>Wybierz platform\u0119 - opcje obejmuj\u0105 TinyChat, Chatspin, CamSurf i inne oferuj\u0105ce darmowy losowy czat wideo na \u017cywo.<\/li>\n<li>W\u0142\u0105cz kamer\u0119 i mikrofon - pozwala to widzie\u0107 i s\u0142ysze\u0107 drug\u0105 osob\u0119 w czasie rzeczywistym.<\/li>\n<li>Kliknij, aby po\u0142\u0105czy\u0107 - platforma losowo \u0142\u0105czy Ci\u0119 z innym u\u017cytkownikiem.<\/li>\n<li>Zdecyduj, czy chcesz zosta\u0107, czy opu\u015bci\u0107 czat - je\u015bli podoba Ci si\u0119 czat, kontynuuj. Je\u015bli nie, kliknij \"Dalej\" i natychmiast poznaj kogo\u015b nowego.<\/li>\n<\/ol>\n<p>Wiele witryn dzia\u0142a zar\u00f3wno w przegl\u0105darkach stacjonarnych, jak i na urz\u0105dzeniach mobilnych, dzi\u0119ki czemu mo\u017cna z nich korzysta\u0107 w dowolnym miejscu.<\/p>\n<h2>Popularne rodzaje losowych czat\u00f3w wideo<\/h2>\n<p>Darmowe czaty przed kamerami dost\u0119pne s\u0105 w kilku r\u00f3\u017cnych formatach, z kt\u00f3rych ka\u017cdy ma sw\u00f3j w\u0142asny klimat:<\/p>\n<ul>\n<li>Czaty wideo jeden na jednego - klasyczne mecze w stylu Omegle do prywatnych rozm\u00f3w.<\/li>\n<li>Dopasowywanie na podstawie zainteresowa\u0144 - Wprowad\u017a tematy takie jak \"muzyka\", \"sport\" lub \"podr\u00f3\u017ce\", aby pozna\u0107 osoby o podobnych zainteresowaniach.<\/li>\n<li>Anonimowy czat wideo - wy\u0142\u0105cz kamer\u0119 lub ukryj swoj\u0105 to\u017csamo\u015b\u0107, dop\u00f3ki nie b\u0119dziesz gotowy do udost\u0119pnienia.<\/li>\n<li>Sekcje tylko dla doros\u0142ych - niekt\u00f3re platformy oferuj\u0105 obszary 18+ dla os\u00f3b szukaj\u0105cych zalotnych lub wyra\u017anych czat\u00f3w.<\/li>\n<li>Grupowe pokoje wideo - do\u0142\u0105cz do otwartych pokoi, w kt\u00f3rych jednocze\u015bnie dzia\u0142a wiele kamer internetowych.<\/li>\n<\/ul>\n<h2>Zachowanie bezpiecze\u0144stwa podczas korzystania z darmowego losowego czatu wideo<\/h2>\n<p>Wi\u0119kszo\u015b\u0107 ludzi, kt\u00f3rych spotkasz, jest przyjazna i pe\u0142na szacunku, ale bezpiecze\u0144stwo online zawsze powinno by\u0107 priorytetem.<\/p>\n<ul>\n<li>Chro\u0144 swoj\u0105 to\u017csamo\u015b\u0107 - u\u017cywaj pseudonimu zamiast prawdziwego imienia i nazwiska.<\/li>\n<li>Unikaj udost\u0119pniania danych osobowych - nie podawaj swojego adresu, miejsca pracy ani numeru telefonu.<\/li>\n<li>Kontroluj t\u0142o kamery - upewnij si\u0119, \u017ce nic prywatnego nie jest widoczne.<\/li>\n<li>Swobodne korzystanie z przycisku pomijania - nigdy nie musisz pozostawa\u0107 na czacie.<\/li>\n<li>Zg\u0142aszanie z\u0142ych zachowa\u0144 - wi\u0119kszo\u015b\u0107 platform ma funkcje szybkiego zg\u0142aszania\/blokowania.<\/li>\n<\/ul>\n<h2>TinyChat: \u015awietna darmowa opcja losowego czatu wideo<\/h2>\n<p>Chocia\u017c istnieje wiele platform, TinyChat wyr\u00f3\u017cnia si\u0119 jako wszechstronna alternatywa dla klasycznych losowych czat\u00f3w wideo. \u0141\u0105czy w sobie emocje zwi\u0105zane z losowymi rozmowami jeden na jednego z grupowymi pokojami rozm\u00f3w, do kt\u00f3rych mo\u017cna do\u0142\u0105czy\u0107 wed\u0142ug tematu.<\/p>\n<p>Dlaczego warto wypr\u00f3bowa\u0107 TinyChat:<\/p>\n<ul>\n<li>Brak przymusowej rejestracji - do\u0142\u0105cz natychmiast lub zarejestruj si\u0119, aby uzyska\u0107 wi\u0119cej funkcji.<\/li>\n<li>Wiele sposob\u00f3w czatowania - dost\u0119pne s\u0105 opcje wideo, audio i tekstowe.<\/li>\n<li>Pokoje tematyczne - do\u0142\u0105cz do przestrzeni po\u015bwi\u0119conych muzyce, randkom, polityce lub swobodnym spotkaniom.<\/li>\n<li>Publiczne lub prywatne - poznawaj nowych ludzi w zat\u0142oczonych pokojach publicznych lub stw\u00f3rz w\u0142asn\u0105 przestrze\u0144 prywatn\u0105.<\/li>\n<li>Dost\u0119p mi\u0119dzyplatformowy - Dzia\u0142a na przegl\u0105darkach i ma aplikacje na iOS\/Androida do czatowania w podr\u00f3\u017cy.<\/li>\n<\/ul>\n<p>Je\u015bli lubisz nieprzewidywalno\u015b\u0107 darmowych losowych czat\u00f3w wideo, ale chcesz mie\u0107 wi\u0119ksz\u0105 kontrol\u0119 nad tym, kogo spotykasz, TinyChat to solidny wyb\u00f3r.<\/p>\n<h2>Darmowy losowy czat wideo vs. p\u0142atny czat wideo<\/h2>\n<p>Mo\u017cna si\u0119 zastanawia\u0107, czy p\u0142atne us\u0142ugi czatu oferuj\u0105 co\u015b wi\u0119cej. Podczas gdy p\u0142atne platformy mog\u0105 zawiera\u0107 dodatki, takie jak wy\u017csze filtrowanie dopasowa\u0144 lub brak reklam, darmowy losowy czat wideo ma sw\u00f3j w\u0142asny silny urok.<\/p>\n<table>\n<thead>\n<tr>\n<th>Cecha<\/th>\n<th>Darmowy losowy czat wideo<\/th>\n<th>P\u0142atne us\u0142ugi czatu wideo<\/th>\n<\/tr>\n<\/thead>\n<tbody>\n<tr>\n<td>Koszt<\/td>\n<td>Darmowy<\/td>\n<td>Wymagana subskrypcja<\/td>\n<\/tr>\n<tr>\n<td>Natychmiastowy dost\u0119p<\/td>\n<td>Tak<\/td>\n<td>\u26a0\ufe0f Czasami ograniczone<\/td>\n<\/tr>\n<tr>\n<td>Globalny zasi\u0119g<\/td>\n<td>Tak<\/td>\n<td>Tak<\/td>\n<\/tr>\n<tr>\n<td>Filtry (lokalizacja\/p\u0142e\u0107)<\/td>\n<td>\u26a0\ufe0f Limited<\/td>\n<td>Bardziej zaawansowany<\/td>\n<\/tr>\n<tr>\n<td>Bez zobowi\u0105za\u0144<\/td>\n<td>Tak<\/td>\n<td>\u26a0\ufe0f Cz\u0119sto wymaga rejestracji<\/td>\n<\/tr>\n<\/tbody>\n<\/table>\n<p>Dla wi\u0119kszo\u015bci zwyk\u0142ych u\u017cytkownik\u00f3w darmowe us\u0142ugi s\u0105 wi\u0119cej ni\u017c wystarczaj\u0105ce.<\/p>\n<h2>Dlaczego ludzie wci\u0105\u017c wracaj\u0105<\/h2>\n<p>Darmowy, losowy czat wideo na \u017cywo to nie tylko spos\u00f3b na zabicie czasu - chodzi o kontakty mi\u0119dzyludzkie bez warstwy medi\u00f3w spo\u0142eczno\u015bciowych. Mo\u017cesz rozmawia\u0107 z prawdziwymi lud\u017ami w czasie rzeczywistym, ze wszystkimi dziwactwami i nieprzewidywalno\u015bci\u0105, kt\u00f3re si\u0119 z tym wi\u0105\u017c\u0105.<\/p>\n<p>Niekt\u00f3rzy u\u017cywaj\u0105 go do:<\/p>\n<ul>\n<li>\u0106wicz m\u00f3wienie w nowym j\u0119zyku.<\/li>\n<li>Dowiedz si\u0119 wi\u0119cej o innych krajach i kulturach.<\/li>\n<li>Znajd\u017a now\u0105 muzyk\u0119, programy lub hobby poprzez rozmow\u0119.<\/li>\n<li>Prze\u0142am nud\u0119 i poczuj si\u0119 mniej odizolowany.<\/li>\n<li>Flirtuj lub poznaj kogo\u015b wyj\u0105tkowego.<\/li>\n<\/ul>\n<h2>Wskaz\u00f3wki dotycz\u0105ce doskona\u0142ej obs\u0142ugi losowych czat\u00f3w wideo<\/h2>\n<ul>\n<li>Zacznij od u\u015bmiechu - pierwsze wra\u017cenie ma znaczenie, nawet online.<\/li>\n<li>B\u0105d\u017a otwarty - Zabawa polega na poznawaniu r\u00f3\u017cnych typ\u00f3w ludzi.<\/li>\n<li>Zachowaj szacunek - uprzejmo\u015b\u0107 cz\u0119sto prowadzi do najlepszych rozm\u00f3w.<\/li>\n<li>Zmieniaj pory dnia - Wypr\u00f3buj r\u00f3\u017cne pory dnia, aby pozna\u0107 ludzi z innych cz\u0119\u015bci \u015bwiata.<\/li>\n<li>Wiedz, kiedy j\u0105 zako\u0144czy\u0107 - Nie przeci\u0105gaj rozmowy, kt\u00f3ra nie sprawia ci przyjemno\u015bci.<\/li>\n<\/ul>\n<h2>Rado\u015b\u0107 z nieoczekiwanego<\/h2>\n<p>Jedn\u0105 z najlepszych rzeczy w darmowych czatach jest ich nieprzewidywalno\u015b\u0107. W ci\u0105gu jednego wieczoru mo\u017cesz porozmawia\u0107 ze studentem z Hiszpanii, graczem z Japonii i muzykiem z Brazylii. Niekt\u00f3re czaty mog\u0105 trwa\u0107 30 sekund, inne godzin\u0119 - ale ka\u017cdy z nich jest ma\u0142ym oknem na inne \u017cycie.<\/p>\n<p>Darmowe, losowe czaty wideo to co\u015b wi\u0119cej ni\u017c tylko trend - to spos\u00f3b na \u0142\u0105czenie si\u0119 ze \u015bwiatem w czasie rzeczywistym, bez wydawania ani grosza. Niezale\u017cnie od tego, czy chcesz si\u0119 zaprzyja\u017ani\u0107, po\u0107wiczy\u0107 j\u0119zyk, poflirtowa\u0107, czy po prostu cieszy\u0107 si\u0119 rozmow\u0105 z kim\u015b nowym, istnieje platforma dla Ciebie.<\/p>\n<p>Pi\u0119kno tkwi w prostocie: w\u0142\u0105cz kamer\u0119, kliknij \"po\u0142\u0105cz\" i zobacz, dok\u0105d zaprowadzi Ci\u0119 chwila. Nigdy nie wiadomo - nast\u0119pny czat mo\u017ce by\u0107 najwa\u017cniejszym wydarzeniem dnia.<\/p>","protected":false},"excerpt":{"rendered":"<p>In a world where most online interactions are carefully curated, free random video chat brings back the thrill of spontaneity. You never know who you\u2019ll meet next\u2014someone from across the street, or halfway around the world. With just one click, you\u2019re face-to-face with a stranger, sharing stories, jokes, or simply a few minutes of your [&hellip;]<\/p>\n","protected":false},"author":8,"featured_media":0,"parent":0,"menu_order":0,"comment_status":"closed","ping_status":"closed","template":"","meta":{"footnotes":""},"class_list":["post-4022","page","type-page","status-publish","hentry"],"yoast_head":"<!-- This site is optimized with the Yoast SEO plugin v27.6 - https:\/\/yoast.com\/product\/yoast-seo-wordpress\/ -->\n<title>Free Random Video Chat with Video Chat on TinyChat.com<\/title>\n<meta name=\"description\" content=\"Enjoying Free Random Video Chat? Join over 50,000,000 strangers on TinyChat! Turn on your cam and start meeting new people, or find a match.\" \/>\n<meta name=\"robots\" content=\"index, follow, max-snippet:-1, max-image-preview:large, max-video-preview:-1\" \/>\n<link rel=\"canonical\" href=\"https:\/\/tinychat.com\/pl\/free-random-video-chat\/\" \/>\n<meta property=\"og:locale\" content=\"pl_PL\" \/>\n<meta property=\"og:type\" content=\"article\" \/>\n<meta property=\"og:title\" content=\"Free Random Video Chat with Video Chat on TinyChat.com\" \/>\n<meta property=\"og:description\" content=\"Enjoying Free Random Video Chat? Join over 50,000,000 strangers on TinyChat! Turn on your cam and start meeting new people, or find a match.\" \/>\n<meta property=\"og:url\" content=\"https:\/\/tinychat.com\/pl\/free-random-video-chat\/\" \/>\n<meta property=\"og:site_name\" content=\"TinyChat\" \/>\n<meta property=\"article:publisher\" content=\"https:\/\/www.facebook.com\/tinychat\" \/>\n<meta property=\"article:modified_time\" content=\"2025-08-14T08:00:09+00:00\" \/>\n<meta property=\"og:image\" content=\"https:\/\/tinychat.com\/wp-content\/uploads\/2020\/04\/Tinychat-logo-1280x284-new-black.png\" \/>\n\t<meta property=\"og:image:width\" content=\"1280\" \/>\n\t<meta property=\"og:image:height\" content=\"284\" \/>\n\t<meta property=\"og:image:type\" content=\"image\/png\" \/>\n<meta name=\"twitter:card\" content=\"summary_large_image\" \/>\n<meta name=\"twitter:site\" content=\"@tinychat\" \/>\n<meta name=\"twitter:label1\" content=\"Szacowany czas czytania\" \/>\n\t<meta name=\"twitter:data1\" content=\"5 minut\" \/>\n<script type=\"application\/ld+json\" class=\"yoast-schema-graph\">{\"@context\":\"https:\\\/\\\/schema.org\",\"@graph\":[{\"@type\":\"WebPage\",\"@id\":\"https:\\\/\\\/tinychat.com\\\/free-random-video-chat\\\/\",\"url\":\"https:\\\/\\\/tinychat.com\\\/free-random-video-chat\\\/\",\"name\":\"Free Random Video Chat with Video Chat on TinyChat.com\",\"isPartOf\":{\"@id\":\"https:\\\/\\\/tinychat.com\\\/#website\"},\"datePublished\":\"2025-08-14T07:43:36+00:00\",\"dateModified\":\"2025-08-14T08:00:09+00:00\",\"description\":\"Enjoying Free Random Video Chat? Join over 50,000,000 strangers on TinyChat! Turn on your cam and start meeting new people, or find a match.\",\"breadcrumb\":{\"@id\":\"https:\\\/\\\/tinychat.com\\\/free-random-video-chat\\\/#breadcrumb\"},\"inLanguage\":\"pl-PL\",\"potentialAction\":[{\"@type\":\"ReadAction\",\"target\":[\"https:\\\/\\\/tinychat.com\\\/free-random-video-chat\\\/\"]}]},{\"@type\":\"BreadcrumbList\",\"@id\":\"https:\\\/\\\/tinychat.com\\\/free-random-video-chat\\\/#breadcrumb\",\"itemListElement\":[{\"@type\":\"ListItem\",\"position\":1,\"name\":\"Home\",\"item\":\"https:\\\/\\\/tinychat.com\\\/\"},{\"@type\":\"ListItem\",\"position\":2,\"name\":\"Free Random Video Chat\"}]},{\"@type\":\"WebSite\",\"@id\":\"https:\\\/\\\/tinychat.com\\\/#website\",\"url\":\"https:\\\/\\\/tinychat.com\\\/\",\"name\":\"TinyChat\",\"description\":\"Random Video Chat with Strangers\",\"publisher\":{\"@id\":\"https:\\\/\\\/tinychat.com\\\/#organization\"},\"alternateName\":\"TinyChat.com\",\"potentialAction\":[{\"@type\":\"SearchAction\",\"target\":{\"@type\":\"EntryPoint\",\"urlTemplate\":\"https:\\\/\\\/tinychat.com\\\/?s={search_term_string}\"},\"query-input\":{\"@type\":\"PropertyValueSpecification\",\"valueRequired\":true,\"valueName\":\"search_term_string\"}}],\"inLanguage\":\"pl-PL\"},{\"@type\":\"Organization\",\"@id\":\"https:\\\/\\\/tinychat.com\\\/#organization\",\"name\":\"TinyChat\",\"alternateName\":\"TinyChat.com\",\"url\":\"https:\\\/\\\/tinychat.com\\\/\",\"logo\":{\"@type\":\"ImageObject\",\"inLanguage\":\"pl-PL\",\"@id\":\"https:\\\/\\\/tinychat.com\\\/#\\\/schema\\\/logo\\\/image\\\/\",\"url\":\"https:\\\/\\\/tinychat.com\\\/wp-content\\\/uploads\\\/2023\\\/11\\\/Tinychat-icon-square.png\",\"contentUrl\":\"https:\\\/\\\/tinychat.com\\\/wp-content\\\/uploads\\\/2023\\\/11\\\/Tinychat-icon-square.png\",\"width\":284,\"height\":284,\"caption\":\"TinyChat\"},\"image\":{\"@id\":\"https:\\\/\\\/tinychat.com\\\/#\\\/schema\\\/logo\\\/image\\\/\"},\"sameAs\":[\"https:\\\/\\\/www.facebook.com\\\/tinychat\",\"https:\\\/\\\/x.com\\\/tinychat\"]}]}<\/script>\n<!-- \/ Yoast SEO plugin. -->","yoast_head_json":{"title":"Darmowy losowy czat wideo z czatem wideo na TinyChat.com","description":"Korzystasz z darmowego losowego czatu wideo? Do\u0142\u0105cz do ponad 50 000 000 nieznajomych na TinyChat! W\u0142\u0105cz kamer\u0119 i zacznij poznawa\u0107 nowych ludzi lub znajd\u017a partnera.","robots":{"index":"index","follow":"follow","max-snippet":"max-snippet:-1","max-image-preview":"max-image-preview:large","max-video-preview":"max-video-preview:-1"},"canonical":"https:\/\/tinychat.com\/pl\/free-random-video-chat\/","og_locale":"pl_PL","og_type":"article","og_title":"Free Random Video Chat with Video Chat on TinyChat.com","og_description":"Enjoying Free Random Video Chat? Join over 50,000,000 strangers on TinyChat! Turn on your cam and start meeting new people, or find a match.","og_url":"https:\/\/tinychat.com\/pl\/free-random-video-chat\/","og_site_name":"TinyChat","article_publisher":"https:\/\/www.facebook.com\/tinychat","article_modified_time":"2025-08-14T08:00:09+00:00","og_image":[{"width":1280,"height":284,"url":"https:\/\/tinychat.com\/wp-content\/uploads\/2020\/04\/Tinychat-logo-1280x284-new-black.png","type":"image\/png"}],"twitter_card":"summary_large_image","twitter_site":"@tinychat","twitter_misc":{"Szacowany czas czytania":"5 minut"},"schema":{"@context":"https:\/\/schema.org","@graph":[{"@type":"WebPage","@id":"https:\/\/tinychat.com\/free-random-video-chat\/","url":"https:\/\/tinychat.com\/free-random-video-chat\/","name":"Darmowy losowy czat wideo z czatem wideo na TinyChat.com","isPartOf":{"@id":"https:\/\/tinychat.com\/#website"},"datePublished":"2025-08-14T07:43:36+00:00","dateModified":"2025-08-14T08:00:09+00:00","description":"Korzystasz z darmowego losowego czatu wideo? Do\u0142\u0105cz do ponad 50 000 000 nieznajomych na TinyChat! W\u0142\u0105cz kamer\u0119 i zacznij poznawa\u0107 nowych ludzi lub znajd\u017a partnera.","breadcrumb":{"@id":"https:\/\/tinychat.com\/free-random-video-chat\/#breadcrumb"},"inLanguage":"pl-PL","potentialAction":[{"@type":"ReadAction","target":["https:\/\/tinychat.com\/free-random-video-chat\/"]}]},{"@type":"BreadcrumbList","@id":"https:\/\/tinychat.com\/free-random-video-chat\/#breadcrumb","itemListElement":[{"@type":"ListItem","position":1,"name":"Home","item":"https:\/\/tinychat.com\/"},{"@type":"ListItem","position":2,"name":"Free Random Video Chat"}]},{"@type":"WebSite","@id":"https:\/\/tinychat.com\/#website","url":"https:\/\/tinychat.com\/","name":"TinyChat","description":"Losowy czat wideo z nieznajomymi","publisher":{"@id":"https:\/\/tinychat.com\/#organization"},"alternateName":"TinyChat.com","potentialAction":[{"@type":"SearchAction","target":{"@type":"EntryPoint","urlTemplate":"https:\/\/tinychat.com\/?s={search_term_string}"},"query-input":{"@type":"PropertyValueSpecification","valueRequired":true,"valueName":"search_term_string"}}],"inLanguage":"pl-PL"},{"@type":"Organization","@id":"https:\/\/tinychat.com\/#organization","name":"TinyChat","alternateName":"TinyChat.com","url":"https:\/\/tinychat.com\/","logo":{"@type":"ImageObject","inLanguage":"pl-PL","@id":"https:\/\/tinychat.com\/#\/schema\/logo\/image\/","url":"https:\/\/tinychat.com\/wp-content\/uploads\/2023\/11\/Tinychat-icon-square.png","contentUrl":"https:\/\/tinychat.com\/wp-content\/uploads\/2023\/11\/Tinychat-icon-square.png","width":284,"height":284,"caption":"TinyChat"},"image":{"@id":"https:\/\/tinychat.com\/#\/schema\/logo\/image\/"},"sameAs":["https:\/\/www.facebook.com\/tinychat","https:\/\/x.com\/tinychat"]}]}},"_links":{"self":[{"href":"https:\/\/tinychat.com\/pl\/wp-json\/wp\/v2\/pages\/4022","targetHints":{"allow":["GET"]}}],"collection":[{"href":"https:\/\/tinychat.com\/pl\/wp-json\/wp\/v2\/pages"}],"about":[{"href":"https:\/\/tinychat.com\/pl\/wp-json\/wp\/v2\/types\/page"}],"author":[{"embeddable":true,"href":"https:\/\/tinychat.com\/pl\/wp-json\/wp\/v2\/users\/8"}],"replies":[{"embeddable":true,"href":"https:\/\/tinychat.com\/pl\/wp-json\/wp\/v2\/comments?post=4022"}],"version-history":[{"count":3,"href":"https:\/\/tinychat.com\/pl\/wp-json\/wp\/v2\/pages\/4022\/revisions"}],"predecessor-version":[{"id":13445,"href":"https:\/\/tinychat.com\/pl\/wp-json\/wp\/v2\/pages\/4022\/revisions\/13445"}],"wp:attachment":[{"href":"https:\/\/tinychat.com\/pl\/wp-json\/wp\/v2\/media?parent=4022"}],"curies":[{"name":"wp","href":"https:\/\/api.w.org\/{rel}","templated":true}]}}