{"id":4039,"date":"2025-09-03T08:47:55","date_gmt":"2025-09-03T06:47:55","guid":{"rendered":"https:\/\/tinychat.com\/?page_id=4039"},"modified":"2025-09-03T12:38:11","modified_gmt":"2025-09-03T10:38:11","slug":"random-video-chat-with-strangers","status":"publish","type":"page","link":"https:\/\/tinychat.com\/pl\/random-video-chat-with-strangers\/","title":{"rendered":"Losowy czat wideo z nieznajomymi"},"content":{"rendered":"<p>Jest co\u015b ekscytuj\u0105cego w nawi\u0105zaniu rozmowy z zupe\u0142nie obc\u0105 osob\u0105. Gdy dodamy do tego wideo, do\u015bwiadczenie to staje si\u0119 jeszcze bardziej realne, osobiste i spontaniczne. W\u0142a\u015bnie dlatego miliony ludzi na ca\u0142ym \u015bwiecie codziennie korzystaj\u0105 z czat\u00f3w wideo z nieznajomymi. Wystarczy jedno klikni\u0119cie, aby znale\u017a\u0107 si\u0119 twarz\u0105 w twarz z kim\u015b, kogo nigdy wcze\u015bniej nie spotka\u0142e\u015b, dziel\u0105c si\u0119 historiami, \u017cartami, a czasem nawet nawi\u0105zuj\u0105c d\u0142ugoterminowe znajomo\u015bci.<\/p>\n<p>W przeciwie\u0144stwie do medi\u00f3w spo\u0142eczno\u015bciowych lub aplikacji randkowych, nie ma tu profili do przewijania ani biografii do przeczytania. Losowy czat wideo usuwa filtry i pozwala od razu przej\u015b\u0107 do \u017cywej, niefiltrowanej rozmowy.<\/p>\n<h2>Czym jest losowy czat wideo z nieznajomymi?<\/h2>\n<p>W swojej istocie, losowy czat wideo z nieznajomymi to platforma internetowa, kt\u00f3ra \u0142\u0105czy Ci\u0119 z inn\u0105 osob\u0105 ca\u0142kowicie losowo w jedn\u0105 rozmow\u0119 wideo na \u017cywo. Mo\u017cesz rozmawia\u0107 tak d\u0142ugo, jak chcesz, lub nacisn\u0105\u0107 \"Dalej\", aby natychmiast przej\u015b\u0107 do innego u\u017cytkownika.<\/p>\n<p>Te czaty to:<\/p>\n<ul>\n<li>Bezp\u0142atne i natychmiastowe - wiele platform nie wymaga rejestracji ani p\u0142atno\u015bci.<\/li>\n<li>Anonimowy - u\u017cyj pseudonimu lub pozosta\u0144 incognito, dop\u00f3ki nie b\u0119dziesz gotowy do udost\u0119pnienia.<\/li>\n<li>Elastyczno\u015b\u0107 - zacznij od czatu wideo, g\u0142osowego lub tekstowego.<\/li>\n<li>Nieprzewidywalno\u015b\u0107 - nigdy nie wiesz, kogo spotkasz w przysz\u0142o\u015bci.<\/li>\n<\/ul>\n<p>To jak cyfrowa przygoda - ka\u017cde po\u0142\u0105czenie to nowa historia, kt\u00f3ra czeka, by si\u0119 wydarzy\u0107.<\/p>\n<h2>Dlaczego ludzie kochaj\u0105 losowe czaty wideo<\/h2>\n<p>Co sprawia, \u017ce ten format jest tak popularny? Oto kilka najwa\u017cniejszych powod\u00f3w:<\/p>\n<ul>\n<li>Spontaniczno\u015b\u0107 - ka\u017cde po\u0142\u0105czenie jest \u015bwie\u017ce i nieoczekiwane.<\/li>\n<li>Globalny zasi\u0119g - poznaj ludzi z r\u00f3\u017cnych kultur, stref czasowych i \u015brodowisk.<\/li>\n<li>Relacje mi\u0119dzyludzkie - Wideo pozwala zobaczy\u0107 u\u015bmiechy, us\u0142ysze\u0107 g\u0142osy i nawi\u0105za\u0107 autentyczn\u0105 wi\u0119\u017a.<\/li>\n<li>Niska presja - je\u015bli czat nie jest odpowiedni, pomi\u0144 go i przejd\u017a dalej.<\/li>\n<li>Zabawa i r\u00f3\u017cnorodno\u015b\u0107 - od lekkich przekomarzanek po g\u0142\u0119bokie rozmowy p\u00f3\u017an\u0105 noc\u0105, \u017cadne dwa czaty nie s\u0105 takie same.<\/li>\n<\/ul>\n<p>Dla wielu os\u00f3b losowy czat wideo polega na ponownym odkryciu rado\u015bci z rozmowy bez nadmiernego zastanawiania si\u0119.<\/p>\n<h2>Jak dzia\u0142a losowy czat wideo z nieznajomymi<\/h2>\n<p>Rozpocz\u0119cie pracy jest proste - nawet je\u015bli nie znasz si\u0119 na technologii:<\/p>\n<ol>\n<li>Wybierz platform\u0119 - strony takie jak Omegle, Chatroulette, Chatspin i TinyChat s\u0105 popularnym wyborem.<\/li>\n<li>Zezw\u00f3l na korzystanie z kamery internetowej i mikrofonu - platformy za\u017c\u0105daj\u0105 dost\u0119pu, aby mo\u017cna by\u0142o Ci\u0119 zobaczy\u0107 i us\u0142ysze\u0107.<\/li>\n<li>Kliknij \"Rozpocznij\" lub \"Po\u0142\u0105cz\" - zostaniesz natychmiast dopasowany do losowej nieznajomej osoby.<\/li>\n<li>Czatuj lub pomi\u0144 - Pozosta\u0144 w rozmowie, je\u015bli jest dobra, lub przejd\u017a dalej, aby pozna\u0107 kogo\u015b nowego.<\/li>\n<li>Korzystaj z filtr\u00f3w, je\u015bli s\u0105 dost\u0119pne - niekt\u00f3re platformy pozwalaj\u0105 zaw\u0119zi\u0107 dopasowania wed\u0142ug zainteresowa\u0144, lokalizacji lub p\u0142ci.<\/li>\n<\/ol>\n<p>To wszystko - bez skomplikowanej konfiguracji, po prostu natychmiastowe rozmowy wideo.<\/p>\n<h2>Najlepsze platformy do losowego czatu wideo z nieznajomymi<\/h2>\n<p>Oto niekt\u00f3re z najbardziej znanych i zaufanych opcji:<\/p>\n<ul>\n<li>Omegle - Oryginalny losowy czat wideo z trybem tekstowym i wideo.<\/li>\n<li>Chatroulette - Globalna platforma z szybkim dopasowaniem i du\u017c\u0105 baz\u0105 u\u017cytkownik\u00f3w.<\/li>\n<li>Chatspin - Dodaje filtry p\u0142ci, lokalizacji i zainteresowa\u0144 oraz zabawne efekty wideo.<\/li>\n<li>Camsurf - Znany z przejrzystego wygl\u0105du, moderacji i przyjaznej spo\u0142eczno\u015bci.<\/li>\n<li>Chatrandom - Oferuje czaty tematyczne, a tak\u017ce tryb \"tylko dla dziewczyn\".<\/li>\n<li>TinyChat - \u0141\u0105czy czat z nieznajomymi z grupowymi pokojami wideo, daj\u0105c poczucie wsp\u00f3lnoty.<\/li>\n<li>Bazoocam - europejski faworyt z grami typu icebreaker wbudowanymi w czat.<\/li>\n<\/ul>\n<p>Ka\u017cda platforma ma swoje mocne strony, wi\u0119c wypr\u00f3buj kilka, aby zobaczy\u0107, kt\u00f3ra pasuje do Twojego klimatu.<\/p>\n<h2>Losowy czat wideo a inne rozmowy online<\/h2>\n<p>Chocia\u017c istnieje wiele sposob\u00f3w na rozmow\u0119 online, czat wideo z przypadkowymi nieznajomymi wyr\u00f3\u017cnia si\u0119 na ich tle.<\/p>\n<table>\n<thead>\n<tr>\n<th>Cecha<\/th>\n<th>Losowy czat wideo<\/th>\n<th>Media spo\u0142eczno\u015bciowe<\/th>\n<th>Aplikacje randkowe<\/th>\n<th>Pokoje rozm\u00f3w tekstowych<\/th>\n<\/tr>\n<\/thead>\n<tbody>\n<tr>\n<td>Wideo w czasie rzeczywistym<\/td>\n<td>\u2705<\/td>\n<td>\u2705<\/td>\n<td>\u2705<\/td>\n<td>\u274c<\/td>\n<\/tr>\n<tr>\n<td>Losowe dopasowanie<\/td>\n<td>\u2705<\/td>\n<td>\u274c<\/td>\n<td>\u2705\/\u274c<\/td>\n<td>\u2705<\/td>\n<\/tr>\n<tr>\n<td>Profil nie jest wymagany<\/td>\n<td>\u2705<\/td>\n<td>\u274c<\/td>\n<td>\u274c<\/td>\n<td>\u2705<\/td>\n<\/tr>\n<tr>\n<td>Bezp\u0142atny i natychmiastowy dost\u0119p<\/td>\n<td>\u2705<\/td>\n<td>\u2705<\/td>\n<td>\u26a0\ufe0f Cz\u0119sto p\u0142atne<\/td>\n<td>\u2705<\/td>\n<\/tr>\n<tr>\n<td>Opcja pomi\u0144\/nast\u0119pny<\/td>\n<td>\u2705<\/td>\n<td>\u274c<\/td>\n<td>\u274c<\/td>\n<td>\u274c<\/td>\n<\/tr>\n<\/tbody>\n<\/table>\n<p>To w\u0142a\u015bnie bezpo\u015brednio\u015b\u0107, nieprzewidywalno\u015b\u0107 i bezpo\u015bredni kontakt sprawiaj\u0105, \u017ce jest ona wyj\u0105tkowa.<\/p>\n<h2>Bezpiecze\u0144stwo podczas czatowania z nieznajomymi<\/h2>\n<p>Wi\u0119kszo\u015b\u0107 u\u017cytkownik\u00f3w jest tam dla zabawy i przyjaznej rozmowy, ale bezpiecze\u0144stwo jest zawsze wa\u017cne:<\/p>\n<ul>\n<li>Nie udost\u0119pniaj danych osobowych - Zachowaj swoje imi\u0119 i nazwisko, adres i numer telefonu w tajemnicy.<\/li>\n<li>U\u017cywaj neutralnego t\u0142a - unikaj pokazywania danych osobowych w widoku z kamery internetowej.<\/li>\n<li>B\u0105d\u017a ostro\u017cny z linkami - Nigdy nie klikaj ani nie pobieraj plik\u00f3w od nieznajomych.<\/li>\n<li>Zg\u0142aszaj lub pomijaj nieodpowiednich u\u017cytkownik\u00f3w - renomowane platformy maj\u0105 funkcje moderacji.<\/li>\n<li>Zaufaj swojemu instynktowi - je\u015bli co\u015b jest nie tak, id\u017a dalej.<\/li>\n<\/ul>\n<p>Prawid\u0142owo przeprowadzony losowy czat wideo jest zar\u00f3wno zabawny, jak i bezpieczny.<\/p>\n<h2>Dlaczego ludzie do\u0142\u0105czaj\u0105 do czat\u00f3w z nieznajomymi<\/h2>\n<p>Z darmowych czat\u00f3w wideo z nieznajomymi korzysta wiele r\u00f3\u017cnych os\u00f3b. Najcz\u0119stsze powody to:<\/p>\n<ul>\n<li>Leczenie nudy - nocna rozrywka w domu.<\/li>\n<li>Ciekawo\u015b\u0107 kulturowa - poznawanie r\u00f3\u017cnych kraj\u00f3w i styl\u00f3w \u017cycia.<\/li>\n<li>Praktyka j\u0119zykowa - rozmowa z rodzimymi u\u017cytkownikami j\u0119zyka w celu poprawy p\u0142ynno\u015bci.<\/li>\n<li>Flirt i randki - Mam nadziej\u0119, \u017ce poznam kogo\u015b z chemi\u0105.<\/li>\n<li>Niezobowi\u0105zuj\u0105ca rozmowa - ch\u0119\u0107 porozmawiania z kim\u015b nowym.<\/li>\n<\/ul>\n<p>Nieprzewidywalno\u015b\u0107 zapewnia \u015bwie\u017co\u015b\u0107 - ka\u017cde po\u0142\u0105czenie to szansa na odkrycie czego\u015b nieoczekiwanego.<\/p>\n<h2>TinyChat: Alternatywa zorientowana na spo\u0142eczno\u015b\u0107<\/h2>\n<p>Je\u015bli podoba ci si\u0119 pomys\u0142 losowego czatu wideo z nieznajomymi, ale chcesz nieco wi\u0119cej struktury, warto wypr\u00f3bowa\u0107 TinyChat. Zamiast losowych mecz\u00f3w jeden na jednego, oferuje:<\/p>\n<ul>\n<li>Publiczne pokoje rozm\u00f3w - Do\u0142\u0105cz do rozm\u00f3w grupowych na okre\u015blone tematy.<\/li>\n<li>Prywatne pokoje - Stw\u00f3rz w\u0142asn\u0105 przestrze\u0144 do rozm\u00f3w w cztery oczy.<\/li>\n<li>Wiele format\u00f3w czatu - prze\u0142\u0105czanie mi\u0119dzy tekstem, d\u017awi\u0119kiem i wideo.<\/li>\n<li>Dost\u0119p wieloplatformowy - mo\u017cliwo\u015b\u0107 korzystania w przegl\u0105darce lub za po\u015brednictwem aplikacji mobilnych.<\/li>\n<li>Wydarzenia spo\u0142eczno\u015bciowe - Znajd\u017a podobnie my\u015bl\u0105cych ludzi w trwaj\u0105cych sesjach grupowych.<\/li>\n<\/ul>\n<p>Jest to \u015bwietna r\u00f3wnowaga mi\u0119dzy spontanicznymi czatami a d\u0142ugoterminow\u0105 interakcj\u0105 ze spo\u0142eczno\u015bci\u0105.<\/p>\n<h2>Wskaz\u00f3wki dotycz\u0105ce doskona\u0142ej obs\u0142ugi losowych czat\u00f3w wideo<\/h2>\n<p>Chcesz w pe\u0142ni wykorzysta\u0107 swoje sesje? Wypr\u00f3buj te rozwi\u0105zania:<\/p>\n<ul>\n<li>U\u015bmiechaj si\u0119 i b\u0105d\u017a przyjazny - pierwsze wra\u017cenie ma znaczenie, nawet w Internecie.<\/li>\n<li>Zadawaj anga\u017cuj\u0105ce pytania - \"Jakie jest Twoje ulubione miejsce, do kt\u00f3rego podr\u00f3\u017cowa\u0142e\u015b?\" bije \"Cze\u015b\u0107\".<\/li>\n<li>Zachowaj szacunek - pozytywne nastawienie sprawia, \u017ce ludzie ch\u0119tniej zostaj\u0105.<\/li>\n<li>Eksperymentuj z czasem - r\u00f3\u017cne strefy czasowe oznaczaj\u0105 r\u00f3\u017cnych ludzi online.<\/li>\n<li>Wiedz, kiedy pomin\u0105\u0107 - nie ka\u017cdy mecz si\u0119 spodoba i to jest w porz\u0105dku.<\/li>\n<\/ul>\n<h2>Darmowe i p\u0142atne funkcje losowego czatu wideo<\/h2>\n<p>Wi\u0119kszo\u015b\u0107 platform jest darmowa, ale niekt\u00f3re oferuj\u0105 aktualizacje:<\/p>\n<table>\n<thead>\n<tr>\n<th>Cecha<\/th>\n<th>Darmowa wersja<\/th>\n<th>Wersja p\u0142atna<\/th>\n<\/tr>\n<\/thead>\n<tbody>\n<tr>\n<td>Losowe dopasowanie<\/td>\n<td>Tak<\/td>\n<td>Tak<\/td>\n<\/tr>\n<tr>\n<td>Nieograniczone pomijanie<\/td>\n<td>\u26a0\ufe0f Czasami ograniczone<\/td>\n<td>Nieograniczony<\/td>\n<\/tr>\n<tr>\n<td>Filtry p\u0142ci\/lokalizacji<\/td>\n<td>\u26a0\ufe0f Basic<\/td>\n<td>Zaawansowane<\/td>\n<\/tr>\n<tr>\n<td>Reklamy usuni\u0119te<\/td>\n<td>\u274c<\/td>\n<td>Tak<\/td>\n<\/tr>\n<tr>\n<td>Pokoje VIP\/prywatne<\/td>\n<td>\u274c<\/td>\n<td>Tak<\/td>\n<\/tr>\n<\/tbody>\n<\/table>\n<p>Do codziennego u\u017cytku darmowy czat losowy jest wi\u0119cej ni\u017c wystarczaj\u0105cy - nie musisz p\u0142aci\u0107, aby dobrze si\u0119 bawi\u0107.<\/p>\n<h2>Rado\u015b\u0107 z przypadkowo\u015bci<\/h2>\n<p>Najwi\u0119ksz\u0105 zalet\u0105 losowego czatu wideo z nieznajomymi jest jego nieprzewidywalno\u015b\u0107. W ci\u0105gu jednego wieczoru mo\u017cesz:<\/p>\n<ul>\n<li>\u015amiej si\u0119 z kim\u015b na ca\u0142ym \u015bwiecie.<\/li>\n<li>Naucz si\u0119 frazy w innym j\u0119zyku.<\/li>\n<li>Udost\u0119pniaj rekomendacje muzyczne lub filmowe.<\/li>\n<li>Porozmawiaj z kim\u015b, kto wpad\u0142 Ci w oko.<\/li>\n<li>Sko\u0144cz z histori\u0105, kt\u00f3r\u0105 b\u0119dziesz opowiada\u0107 przez lata.<\/li>\n<\/ul>\n<p>Chodzi o mo\u017cliwo\u015b\u0107 - nieznan\u0105 twarz czekaj\u0105c\u0105 po drugiej stronie ekranu.<\/p>\n<p>Przypadkowy czat wideo z nieznajomymi to jeden z najprostszych i najbardziej ekscytuj\u0105cych sposob\u00f3w nawi\u0105zywania kontakt\u00f3w online. Jest spontaniczny, globalny i od\u015bwie\u017caj\u0105co ludzki. Niezale\u017cnie od tego, czy szukasz niezobowi\u0105zuj\u0105cej zabawy, wymiany kulturowej, czy nawet iskry romansu, platformy te zapewniaj\u0105 natychmiastowy dost\u0119p do prawdziwych ludzi - bez profili, bez przesuwania, bez stresu.<\/p>\n<p>Je\u015bli jeste\u015b ciekawy, uruchom kamer\u0119 internetow\u0105, kliknij \"Start\" i zobacz, kogo spotkasz. Nast\u0119pny przypadkowy nieznajomy mo\u017ce by\u0107 atrakcj\u0105 twojego wieczoru.<\/p>","protected":false},"excerpt":{"rendered":"<p>There\u2019s something exciting about striking up a conversation with a complete stranger. Add video into the mix, and the experience becomes even more real, personal, and spontaneous. That\u2019s why millions of people around the world turn to random video chat with strangers every day. With one click, you\u2019re face-to-face with someone you\u2019ve never met before\u2014sharing [&hellip;]<\/p>\n","protected":false},"author":8,"featured_media":0,"parent":0,"menu_order":0,"comment_status":"closed","ping_status":"closed","template":"","meta":{"footnotes":""},"class_list":["post-4039","page","type-page","status-publish","hentry"],"yoast_head":"<!-- This site is optimized with the Yoast SEO plugin v27.4 - https:\/\/yoast.com\/product\/yoast-seo-wordpress\/ -->\n<title>Random Video Chat With Strangers on TinyChat.com<\/title>\n<meta name=\"description\" content=\"Enjoying Random Video Chat With Strangers? Join over 50,000,000 strangers on TinyChat! Turn on your cam and start meeting new people, or find a match.\" \/>\n<meta name=\"robots\" content=\"index, follow, max-snippet:-1, max-image-preview:large, max-video-preview:-1\" \/>\n<link rel=\"canonical\" href=\"https:\/\/tinychat.com\/pl\/random-video-chat-with-strangers\/\" \/>\n<meta property=\"og:locale\" content=\"pl_PL\" \/>\n<meta property=\"og:type\" content=\"article\" \/>\n<meta property=\"og:title\" content=\"Random Video Chat With Strangers on TinyChat.com\" \/>\n<meta property=\"og:description\" content=\"Enjoying Random Video Chat With Strangers? Join over 50,000,000 strangers on TinyChat! Turn on your cam and start meeting new people, or find a match.\" \/>\n<meta property=\"og:url\" content=\"https:\/\/tinychat.com\/pl\/random-video-chat-with-strangers\/\" \/>\n<meta property=\"og:site_name\" content=\"TinyChat\" \/>\n<meta property=\"article:publisher\" content=\"https:\/\/www.facebook.com\/tinychat\" \/>\n<meta property=\"article:modified_time\" content=\"2025-09-03T10:38:11+00:00\" \/>\n<meta property=\"og:image\" content=\"https:\/\/tinychat.com\/wp-content\/uploads\/2020\/04\/Tinychat-logo-1280x284-new-black.png\" \/>\n\t<meta property=\"og:image:width\" content=\"1280\" \/>\n\t<meta property=\"og:image:height\" content=\"284\" \/>\n\t<meta property=\"og:image:type\" content=\"image\/png\" \/>\n<meta name=\"twitter:card\" content=\"summary_large_image\" \/>\n<meta name=\"twitter:site\" content=\"@tinychat\" \/>\n<meta name=\"twitter:label1\" content=\"Szacowany czas czytania\" \/>\n\t<meta name=\"twitter:data1\" content=\"5 minut\" \/>\n<script type=\"application\/ld+json\" class=\"yoast-schema-graph\">{\"@context\":\"https:\\\/\\\/schema.org\",\"@graph\":[{\"@type\":\"WebPage\",\"@id\":\"https:\\\/\\\/tinychat.com\\\/random-video-chat-with-strangers\\\/\",\"url\":\"https:\\\/\\\/tinychat.com\\\/random-video-chat-with-strangers\\\/\",\"name\":\"Random Video Chat With Strangers on TinyChat.com\",\"isPartOf\":{\"@id\":\"https:\\\/\\\/tinychat.com\\\/#website\"},\"datePublished\":\"2025-09-03T06:47:55+00:00\",\"dateModified\":\"2025-09-03T10:38:11+00:00\",\"description\":\"Enjoying Random Video Chat With Strangers? Join over 50,000,000 strangers on TinyChat! Turn on your cam and start meeting new people, or find a match.\",\"breadcrumb\":{\"@id\":\"https:\\\/\\\/tinychat.com\\\/random-video-chat-with-strangers\\\/#breadcrumb\"},\"inLanguage\":\"pl-PL\",\"potentialAction\":[{\"@type\":\"ReadAction\",\"target\":[\"https:\\\/\\\/tinychat.com\\\/random-video-chat-with-strangers\\\/\"]}]},{\"@type\":\"BreadcrumbList\",\"@id\":\"https:\\\/\\\/tinychat.com\\\/random-video-chat-with-strangers\\\/#breadcrumb\",\"itemListElement\":[{\"@type\":\"ListItem\",\"position\":1,\"name\":\"Home\",\"item\":\"https:\\\/\\\/tinychat.com\\\/\"},{\"@type\":\"ListItem\",\"position\":2,\"name\":\"Random Video Chat With Strangers\"}]},{\"@type\":\"WebSite\",\"@id\":\"https:\\\/\\\/tinychat.com\\\/#website\",\"url\":\"https:\\\/\\\/tinychat.com\\\/\",\"name\":\"TinyChat\",\"description\":\"Random Video Chat with Strangers\",\"publisher\":{\"@id\":\"https:\\\/\\\/tinychat.com\\\/#organization\"},\"alternateName\":\"TinyChat.com\",\"potentialAction\":[{\"@type\":\"SearchAction\",\"target\":{\"@type\":\"EntryPoint\",\"urlTemplate\":\"https:\\\/\\\/tinychat.com\\\/?s={search_term_string}\"},\"query-input\":{\"@type\":\"PropertyValueSpecification\",\"valueRequired\":true,\"valueName\":\"search_term_string\"}}],\"inLanguage\":\"pl-PL\"},{\"@type\":\"Organization\",\"@id\":\"https:\\\/\\\/tinychat.com\\\/#organization\",\"name\":\"TinyChat\",\"alternateName\":\"TinyChat.com\",\"url\":\"https:\\\/\\\/tinychat.com\\\/\",\"logo\":{\"@type\":\"ImageObject\",\"inLanguage\":\"pl-PL\",\"@id\":\"https:\\\/\\\/tinychat.com\\\/#\\\/schema\\\/logo\\\/image\\\/\",\"url\":\"https:\\\/\\\/tinychat.com\\\/wp-content\\\/uploads\\\/2023\\\/11\\\/Tinychat-icon-square.png\",\"contentUrl\":\"https:\\\/\\\/tinychat.com\\\/wp-content\\\/uploads\\\/2023\\\/11\\\/Tinychat-icon-square.png\",\"width\":284,\"height\":284,\"caption\":\"TinyChat\"},\"image\":{\"@id\":\"https:\\\/\\\/tinychat.com\\\/#\\\/schema\\\/logo\\\/image\\\/\"},\"sameAs\":[\"https:\\\/\\\/www.facebook.com\\\/tinychat\",\"https:\\\/\\\/x.com\\\/tinychat\"]}]}<\/script>\n<!-- \/ Yoast SEO plugin. -->","yoast_head_json":{"title":"Losowy czat wideo z nieznajomymi na TinyChat.com","description":"Lubisz losowy czat wideo z nieznajomymi? Do\u0142\u0105cz do ponad 50 000 000 nieznajomych na TinyChat! W\u0142\u0105cz kamer\u0119 i zacznij poznawa\u0107 nowych ludzi lub znajd\u017a partnera.","robots":{"index":"index","follow":"follow","max-snippet":"max-snippet:-1","max-image-preview":"max-image-preview:large","max-video-preview":"max-video-preview:-1"},"canonical":"https:\/\/tinychat.com\/pl\/random-video-chat-with-strangers\/","og_locale":"pl_PL","og_type":"article","og_title":"Random Video Chat With Strangers on TinyChat.com","og_description":"Enjoying Random Video Chat With Strangers? Join over 50,000,000 strangers on TinyChat! Turn on your cam and start meeting new people, or find a match.","og_url":"https:\/\/tinychat.com\/pl\/random-video-chat-with-strangers\/","og_site_name":"TinyChat","article_publisher":"https:\/\/www.facebook.com\/tinychat","article_modified_time":"2025-09-03T10:38:11+00:00","og_image":[{"width":1280,"height":284,"url":"https:\/\/tinychat.com\/wp-content\/uploads\/2020\/04\/Tinychat-logo-1280x284-new-black.png","type":"image\/png"}],"twitter_card":"summary_large_image","twitter_site":"@tinychat","twitter_misc":{"Szacowany czas czytania":"5 minut"},"schema":{"@context":"https:\/\/schema.org","@graph":[{"@type":"WebPage","@id":"https:\/\/tinychat.com\/random-video-chat-with-strangers\/","url":"https:\/\/tinychat.com\/random-video-chat-with-strangers\/","name":"Losowy czat wideo z nieznajomymi na TinyChat.com","isPartOf":{"@id":"https:\/\/tinychat.com\/#website"},"datePublished":"2025-09-03T06:47:55+00:00","dateModified":"2025-09-03T10:38:11+00:00","description":"Lubisz losowy czat wideo z nieznajomymi? Do\u0142\u0105cz do ponad 50 000 000 nieznajomych na TinyChat! W\u0142\u0105cz kamer\u0119 i zacznij poznawa\u0107 nowych ludzi lub znajd\u017a partnera.","breadcrumb":{"@id":"https:\/\/tinychat.com\/random-video-chat-with-strangers\/#breadcrumb"},"inLanguage":"pl-PL","potentialAction":[{"@type":"ReadAction","target":["https:\/\/tinychat.com\/random-video-chat-with-strangers\/"]}]},{"@type":"BreadcrumbList","@id":"https:\/\/tinychat.com\/random-video-chat-with-strangers\/#breadcrumb","itemListElement":[{"@type":"ListItem","position":1,"name":"Home","item":"https:\/\/tinychat.com\/"},{"@type":"ListItem","position":2,"name":"Random Video Chat With Strangers"}]},{"@type":"WebSite","@id":"https:\/\/tinychat.com\/#website","url":"https:\/\/tinychat.com\/","name":"TinyChat","description":"Losowy czat wideo z nieznajomymi","publisher":{"@id":"https:\/\/tinychat.com\/#organization"},"alternateName":"TinyChat.com","potentialAction":[{"@type":"SearchAction","target":{"@type":"EntryPoint","urlTemplate":"https:\/\/tinychat.com\/?s={search_term_string}"},"query-input":{"@type":"PropertyValueSpecification","valueRequired":true,"valueName":"search_term_string"}}],"inLanguage":"pl-PL"},{"@type":"Organization","@id":"https:\/\/tinychat.com\/#organization","name":"TinyChat","alternateName":"TinyChat.com","url":"https:\/\/tinychat.com\/","logo":{"@type":"ImageObject","inLanguage":"pl-PL","@id":"https:\/\/tinychat.com\/#\/schema\/logo\/image\/","url":"https:\/\/tinychat.com\/wp-content\/uploads\/2023\/11\/Tinychat-icon-square.png","contentUrl":"https:\/\/tinychat.com\/wp-content\/uploads\/2023\/11\/Tinychat-icon-square.png","width":284,"height":284,"caption":"TinyChat"},"image":{"@id":"https:\/\/tinychat.com\/#\/schema\/logo\/image\/"},"sameAs":["https:\/\/www.facebook.com\/tinychat","https:\/\/x.com\/tinychat"]}]}},"_links":{"self":[{"href":"https:\/\/tinychat.com\/pl\/wp-json\/wp\/v2\/pages\/4039","targetHints":{"allow":["GET"]}}],"collection":[{"href":"https:\/\/tinychat.com\/pl\/wp-json\/wp\/v2\/pages"}],"about":[{"href":"https:\/\/tinychat.com\/pl\/wp-json\/wp\/v2\/types\/page"}],"author":[{"embeddable":true,"href":"https:\/\/tinychat.com\/pl\/wp-json\/wp\/v2\/users\/8"}],"replies":[{"embeddable":true,"href":"https:\/\/tinychat.com\/pl\/wp-json\/wp\/v2\/comments?post=4039"}],"version-history":[{"count":4,"href":"https:\/\/tinychat.com\/pl\/wp-json\/wp\/v2\/pages\/4039\/revisions"}],"predecessor-version":[{"id":13497,"href":"https:\/\/tinychat.com\/pl\/wp-json\/wp\/v2\/pages\/4039\/revisions\/13497"}],"wp:attachment":[{"href":"https:\/\/tinychat.com\/pl\/wp-json\/wp\/v2\/media?parent=4039"}],"curies":[{"name":"wp","href":"https:\/\/api.w.org\/{rel}","templated":true}]}}