{"id":4056,"date":"2025-09-03T08:50:30","date_gmt":"2025-09-03T06:50:30","guid":{"rendered":"https:\/\/tinychat.com\/?page_id=4056"},"modified":"2025-09-03T12:43:21","modified_gmt":"2025-09-03T10:43:21","slug":"stranger-video-chat","status":"publish","type":"page","link":"https:\/\/tinychat.com\/pl\/stranger-video-chat\/","title":{"rendered":"Nieznajomy czat wideo"},"content":{"rendered":"<p>Czasami najlepsze rozmowy to te, kt\u00f3rych nigdy si\u0119 nie spodziewasz. Dok\u0142adnie o to chodzi w czatach wideo z nieznajomymi - natychmiastowe \u0142\u0105czenie si\u0119 z lud\u017ami, kt\u00f3rych nie znasz, w dowolnym miejscu na \u015bwiecie, za po\u015brednictwem wideo na \u017cywo. Bez d\u0142ugich profili, bez przesuwania, bez algorytm\u00f3w - tylko ty, twoja kamera internetowa i niespodzianka zobaczenia, kto pojawi si\u0119 po drugiej stronie.<\/p>\n<p>Dla milion\u00f3w ludzi sta\u0142 si\u0119 on jednym z najbardziej ekscytuj\u0105cych sposob\u00f3w nawi\u0105zywania kontakt\u00f3w towarzyskich online. Niezale\u017cnie od tego, czy chcesz walczy\u0107 z nud\u0105, pozna\u0107 nowych przyjaci\u00f3\u0142, troch\u0119 poflirtowa\u0107, czy pozna\u0107 inne kultury, platformy do czatowania z nieznajomymi sprawiaj\u0105, \u017ce jest to \u0142atwe, bezp\u0142atne i spontaniczne.<\/p>\n<h2>Czym jest czat wideo z nieznajomymi?<\/h2>\n<p>Nieznajomy czat wideo to prosta, ale pot\u0119\u017cna koncepcja: strona internetowa lub aplikacja losowo \u0142\u0105czy Ci\u0119 z innym u\u017cytkownikiem w rozmow\u0119 wideo na \u017cywo. Mo\u017cesz rozmawia\u0107 tak d\u0142ugo, jak chcesz, lub klikn\u0105\u0107 \"dalej\", aby natychmiast pozna\u0107 kogo\u015b nowego.<\/p>\n<p>Kluczowe funkcje cz\u0119sto obejmuj\u0105:<\/p>\n<ul>\n<li>Darmowy czat wideo z nieznajomymi bez konieczno\u015bci rejestracji.<\/li>\n<li>Losowe parowanie jeden na jednego do prywatnych rozm\u00f3w.<\/li>\n<li>Opcje czatu tekstowego i g\u0142osowego, je\u015bli nie chcesz od razu pokazywa\u0107 swojej twarzy.<\/li>\n<li>Przyciski pomi\u0144\/nast\u0119pny pozwalaj\u0105 kontrolowa\u0107, z kim rozmawiasz.<\/li>\n<li>Filtry zainteresowa\u0144 lub lokalizacji pomagaj\u0105 dopasowa\u0107 si\u0119 do os\u00f3b, kt\u00f3re podzielaj\u0105 Tw\u00f3j klimat.<\/li>\n<\/ul>\n<p>Jest to niskoci\u015bnieniowy spos\u00f3b na do\u015bwiadczanie interakcji mi\u0119dzyludzkich w czasie rzeczywistym.<\/p>\n<h2>Dlaczego ludzie kochaj\u0105 czat wideo z nieznajomymi<\/h2>\n<p>Atrakcyjno\u015b\u0107 jest prosta: ka\u017cdy czat jest niespodziank\u0105, a ta nieprzewidywalno\u015b\u0107 sprawia, \u017ce jest to \u015bwietna zabawa. Oto powody, dla kt\u00f3rych ludzie wci\u0105\u017c tu wracaj\u0105:<\/p>\n<ul>\n<li>Natychmiastowe kontakty mi\u0119dzyludzkie - Spotkaj si\u0119 z kim\u015b twarz\u0105 w twarz w ci\u0105gu kilku sekund.<\/li>\n<li>Globalny zasi\u0119g - Rozmawiaj z lud\u017ami z r\u00f3\u017cnych kraj\u00f3w, \u015brodowisk i kultur.<\/li>\n<li>Niskie stawki - brak profili, polubie\u0144 lub obserwuj\u0105cych do zarz\u0105dzania. Je\u015bli jest to niezr\u0119czne, po prostu pomi\u0144.<\/li>\n<li>Anonimowo\u015b\u0107 - zachowaj prywatno\u015b\u0107 dzi\u0119ki pseudonimowi lub wy\u0142\u0105cz kamer\u0119, dop\u00f3ki nie b\u0119dziesz gotowy.<\/li>\n<li>R\u00f3\u017cnorodno\u015b\u0107 - od g\u0142upich rozm\u00f3w po g\u0142\u0119bokie rozmowy w nocy, ka\u017cda sesja jest inna.<\/li>\n<\/ul>\n<p>To spotkania towarzyskie sprowadzone do najbardziej spontanicznej formy.<\/p>\n<h2>Jak dzia\u0142a czat przed kamer\u0105 nieznajomego<\/h2>\n<p>Je\u015bli nigdy wcze\u015bniej tego nie pr\u00f3bowa\u0142e\u015b, rozpocz\u0119cie jest proste:<\/p>\n<ol>\n<li>Wybierz platform\u0119 - opcje obejmuj\u0105 Omegle, Chatroulette, Chatspin, TinyChat i Camsurf.<\/li>\n<li>W\u0142\u0105cz kamer\u0119 i mikrofon - wi\u0119kszo\u015b\u0107 witryn poprosi o pozwolenie przed po\u0142\u0105czeniem.<\/li>\n<li>Kliknij \"Start\" - zostaniesz natychmiast sparowany z nieznajomym na czacie wideo na \u017cywo.<\/li>\n<li>Czatuj lub pomi\u0144 - ciesz si\u0119 rozmow\u0105 lub naci\u015bnij \"dalej\", aby przej\u015b\u0107 dalej, kiedy tylko chcesz.<\/li>\n<li>Dostosuj filtry - niekt\u00f3re witryny pozwalaj\u0105 wybra\u0107 zainteresowania, p\u0142e\u0107 lub lokalizacj\u0119, aby zaw\u0119zi\u0107 dopasowania.<\/li>\n<\/ol>\n<p>Przez ca\u0142y czas masz kontrol\u0119 - rozmawiaj przez kilka sekund lub zosta\u0144 przez godzin\u0119.<\/p>\n<h2>Najlepsze platformy do czat\u00f3w wideo z nieznajomymi<\/h2>\n<p>Istniej\u0105 dziesi\u0105tki opcji, ale oto kilka najpopularniejszych i najbardziej zaufanych witryn:<\/p>\n<ul>\n<li>Omegle - Oryginalna platforma do czatowania z losowymi nieznajomymi, z trybami tekstowymi i wideo.<\/li>\n<li>Chatroulette - Znany z szybkich losowych po\u0142\u0105cze\u0144 wideo i globalnego zasi\u0119gu.<\/li>\n<li>Chatspin - Oferuje filtry p\u0142ci i lokalizacji oraz zabawne efekty wideo.<\/li>\n<li>Camsurf - Czysta, moderowana platforma z przyjazn\u0105 spo\u0142eczno\u015bci\u0105.<\/li>\n<li>Chatrandom - Zawiera pokoje tematyczne i tryb \"tylko dla dziewczyn\".<\/li>\n<li>TinyChat - \u0141\u0105czy czat z nieznajomymi z pokojami grupowymi, zapewniaj\u0105c poczucie wsp\u00f3lnoty.<\/li>\n<li>Bazoocam - Popularny w Europie, z wbudowanymi grami lodo\u0142amacz.<\/li>\n<\/ul>\n<p>Ka\u017cdy z nich ma sw\u00f3j w\u0142asny klimat, wi\u0119c warto wypr\u00f3bowa\u0107 kilka, aby zobaczy\u0107, gdzie czujesz si\u0119 najbardziej komfortowo.<\/p>\n<h2>Nieznajomy czat wideo vs. czat tekstowy<\/h2>\n<p>Podczas gdy czat tekstowy nadal jest opcj\u0105, nieznajomy czat wideo dodaje zupe\u0142nie now\u0105 warstw\u0119 autentyczno\u015bci.<\/p>\n<table>\n<thead>\n<tr>\n<th>Cecha<\/th>\n<th>Nieznajomy czat wideo<\/th>\n<th>Czat tekstowy<\/th>\n<\/tr>\n<\/thead>\n<tbody>\n<tr>\n<td>Zobacz mimik\u0119 twarzy<\/td>\n<td>\u2705<\/td>\n<td>\u274c<\/td>\n<\/tr>\n<tr>\n<td>Us\u0142ysze\u0107 ton g\u0142osu<\/td>\n<td>\u2705<\/td>\n<td>\u274c<\/td>\n<\/tr>\n<tr>\n<td>Szybsze po\u0142\u0105czenie<\/td>\n<td>\u2705<\/td>\n<td>\u26a0\ufe0f Czasami<\/td>\n<\/tr>\n<tr>\n<td>Wi\u0119cej osobistych do\u015bwiadcze\u0144<\/td>\n<td>\u2705<\/td>\n<td>\u274c<\/td>\n<\/tr>\n<tr>\n<td>\u0141atwiejsza b\u0142\u0119dna interpretacja tekstu<\/td>\n<td>\u274c<\/td>\n<td>\u2705<\/td>\n<\/tr>\n<\/tbody>\n<\/table>\n<p>Widzenie i s\u0142yszenie kogo\u015b w czasie rzeczywistym sprawia, \u017ce rozmowy s\u0105 bardziej naturalne i anga\u017cuj\u0105ce.<\/p>\n<h2>Bezpiecze\u0144stwo podczas rozm\u00f3w wideo z nieznajomymi<\/h2>\n<p>Wi\u0119kszo\u015b\u0107 os\u00f3b do\u0142\u0105cza do czat\u00f3w z nieznajomymi dla zabawy, ale m\u0105drze jest stosowa\u0107 zdroworozs\u0105dkowe \u015brodki ostro\u017cno\u015bci:<\/p>\n<ul>\n<li>Chro\u0144 swoj\u0105 prywatno\u015b\u0107 - nie udost\u0119pniaj swojego prawdziwego imienia i nazwiska, numeru telefonu ani lokalizacji.<\/li>\n<li>U\u017cywaj neutralnego t\u0142a - trzymaj osobiste szczeg\u00f3\u0142y z dala od kadru kamery.<\/li>\n<li>Omijaj swobodnie - Je\u015bli kto\u015b sprawia, \u017ce czujesz si\u0119 niekomfortowo, natychmiast odejd\u017a.<\/li>\n<li>Zg\u0142aszaj nieodpowiednie zachowania - renomowane platformy maj\u0105 narz\u0119dzia do moderacji.<\/li>\n<li>Trzymaj si\u0119 znanych witryn - unikaj podejrzanych platform bez wytycznych dotycz\u0105cych bezpiecze\u0144stwa.<\/li>\n<\/ul>\n<p>Prawid\u0142owo przeprowadzony czat wideo z nieznajomym mo\u017ce by\u0107 zar\u00f3wno bezpieczny, jak i przyjemny.<\/p>\n<h2>Dlaczego ludzie do\u0142\u0105czaj\u0105 do czat\u00f3w z nieznajomymi<\/h2>\n<p>Czy zastanawia\u0142e\u015b si\u0119 kiedy\u015b, dlaczego ludzie tak ch\u0119tnie rozmawiaj\u0105 z nieznajomymi online? Powody s\u0105 r\u00f3\u017cne, ale niekt\u00f3re z najcz\u0119stszych obejmuj\u0105:<\/p>\n<ul>\n<li>Walka z nud\u0105 - idealna na p\u00f3\u017ane wieczory lub przestoje.<\/li>\n<li>Kontakty spo\u0142eczne - szybki spos\u00f3b, by poczu\u0107 si\u0119 mniej odizolowanym.<\/li>\n<li>Flirt i randki - wielu u\u017cytkownik\u00f3w ma nadziej\u0119 na chemi\u0119 i romans.<\/li>\n<li>Nauka - \u0106wicz j\u0119zyk lub poznaj perspektywy r\u00f3\u017cnych kultur.<\/li>\n<li>Ciekawo\u015b\u0107 - Czasami po prostu fajnie jest zobaczy\u0107, kto tam jest.<\/li>\n<\/ul>\n<p>Ta mieszanka ciekawo\u015bci i po\u0142\u0105czenia jest tym, co utrzymuje te platformy przy \u017cyciu.<\/p>\n<h2>Wskaz\u00f3wki dotycz\u0105ce lepszych wra\u017ce\u0144 z czatu wideo z nieznajomymi<\/h2>\n<p>Chcesz w pe\u0142ni wykorzysta\u0107 swoje czaty? Oto kilka \u0142atwych sposob\u00f3w na popraw\u0119 wra\u017ce\u0144:<\/p>\n<ul>\n<li>U\u015bmiechnij si\u0119 i przywitaj si\u0119 pierwszy - przyjazne wibracje maj\u0105 d\u0142ug\u0105 drog\u0119.<\/li>\n<li>Zadawaj pytania otwarte - Zamiast pyta\u0144 typu \"tak\/nie\", pytaj o zainteresowania lub historie.<\/li>\n<li>B\u0105d\u017a pe\u0142en szacunku - traktuj innych tak, jak sam chcia\u0142by\u015b by\u0107 traktowany.<\/li>\n<li>Na pocz\u0105tku zachowaj lekko\u015b\u0107 - humor i swobodna rozmowa pomagaj\u0105 prze\u0142ama\u0107 lody.<\/li>\n<li>Eksperymentuj z czasem - r\u00f3\u017cne strefy czasowe oznaczaj\u0105 r\u00f3\u017cnych ludzi online.<\/li>\n<\/ul>\n<h2>Nieznajomy czat wideo dla r\u00f3\u017cnych potrzeb<\/h2>\n<p>Czat z nieznajomymi nie jest przeznaczony tylko dla jednego typu os\u00f3b. Mo\u017ce dzia\u0142a\u0107 dla:<\/p>\n<ul>\n<li>Single - szukaj\u0105 zalotnej rozmowy lub potencjalnej randki.<\/li>\n<li>Podr\u00f3\u017cni - wirtualne spotkania z mieszka\u0144cami przed odwiedzeniem nowego miejsca.<\/li>\n<li>Studenci - \u0106wiczenie drugiego j\u0119zyka z native speakerami.<\/li>\n<li>Pracownicy zdalni - Przerywanie d\u0142ugich dni interakcjami spo\u0142ecznymi.<\/li>\n<li>Ciekawe umys\u0142y - Po prostu odkrywanie ludzkiej strony internetu.<\/li>\n<\/ul>\n<h2>Darmowe i p\u0142atne funkcje czatu wideo z nieznajomymi<\/h2>\n<p>Wi\u0119kszo\u015b\u0107 platform z nieznajomymi kamerami jest darmowa, ale niekt\u00f3re oferuj\u0105 aktualizacje.<\/p>\n<table>\n<thead>\n<tr>\n<th>Cecha<\/th>\n<th>Darmowa wersja<\/th>\n<th>Wersja p\u0142atna<\/th>\n<\/tr>\n<\/thead>\n<tbody>\n<tr>\n<td>Losowe dopasowanie<\/td>\n<td>Tak<\/td>\n<td>Tak<\/td>\n<\/tr>\n<tr>\n<td>Nieograniczone pomijanie<\/td>\n<td>\u26a0\ufe0f Czasami ograniczone<\/td>\n<td>Zawsze<\/td>\n<\/tr>\n<tr>\n<td>Filtry p\u0142ci<\/td>\n<td>\u26a0\ufe0f Basic<\/td>\n<td>Zaawansowane<\/td>\n<\/tr>\n<tr>\n<td>Reklamy usuni\u0119te<\/td>\n<td>\u274c<\/td>\n<td>Tak<\/td>\n<\/tr>\n<tr>\n<td>Priorytet dopasowania<\/td>\n<td>\u274c<\/td>\n<td>Tak<\/td>\n<\/tr>\n<\/tbody>\n<\/table>\n<p>Dla zwyk\u0142ych u\u017cytkownik\u00f3w darmowa wersja jest zwykle wi\u0119cej ni\u017c wystarczaj\u0105ca.<\/p>\n<h2>TinyChat jako nieznajomy Wideo Chat Alternative<\/h2>\n<p>Je\u015bli szukasz czego\u015b wi\u0119cej ni\u017c standardowy mecz jeden na jednego z nieznajomym, TinyChat oferuje wyj\u0105tkowy zwrot akcji. Zamiast losowych po\u0142\u0105cze\u0144, mo\u017cesz do\u0142\u0105czy\u0107 do tematycznych pokoi grupowych lub zorganizowa\u0107 w\u0142asny. U\u0142atwia to znalezienie os\u00f3b, kt\u00f3re podzielaj\u0105 twoje zainteresowania, przy jednoczesnym zachowaniu spontaniczno\u015bci spotka\u0144 z nieznajomymi.<\/p>\n<p>TinyChat doskonale nadaje si\u0119 do:<\/p>\n<ul>\n<li>Do\u0142\u0105czanie do o\u017cywionych rozm\u00f3w grupowych na temat muzyki, randek, gier lub bie\u017c\u0105cych wydarze\u0144.<\/li>\n<li>Stworzenie w\u0142asnego prywatnego czatu do rozm\u00f3w jeden na jeden.<\/li>\n<li>Prze\u0142\u0105czanie mi\u0119dzy wideo, audio i tekstem w zale\u017cno\u015bci od nastroju.<\/li>\n<li>Czatowanie mi\u0119dzyplatformowe na komputerze lub w aplikacjach mobilnych.<\/li>\n<\/ul>\n<p>Zachowuje emocje nieznajomego czatu wideo, zapewniaj\u0105c jednocze\u015bnie wi\u0119ksz\u0105 kontrol\u0119 i spo\u0142eczno\u015b\u0107.<\/p>\n<p>Czat wideo z nieznajomymi sta\u0142 si\u0119 jednym z najbardziej zabawnych i spontanicznych sposob\u00f3w nawi\u0105zywania kontakt\u00f3w online. Wystarczy kamera internetowa i jedno klikni\u0119cie, by znale\u017a\u0107 si\u0119 twarz\u0105 w twarz z kim\u015b nowym, w dowolnym miejscu na \u015bwiecie. Jest to nieprzewidywalne, autentyczne i cz\u0119sto zaskakuj\u0105co satysfakcjonuj\u0105ce.<\/p>\n<p>Niezale\u017cnie od tego, czy chodzi o niezobowi\u0105zuj\u0105c\u0105 zabaw\u0119, wymian\u0119 kulturow\u0105, towarzystwo p\u00f3\u017an\u0105 noc\u0105, czy nawet szans\u0119 na romans, czat z nieznajomymi oferuje niesko\u0144czone mo\u017cliwo\u015bci - bez koszt\u00f3w i zobowi\u0105za\u0144.<\/p>\n<p>Je\u015bli wi\u0119c jeste\u015b gotowy, aby spr\u00f3bowa\u0107, wskocz na bezp\u0142atn\u0105 platform\u0119, tak\u0105 jak TinyChat lub Chatspin, w\u0142\u0105cz kamer\u0119 i zobacz, kto tam jest. Kolejna \u015bwietna rozmowa mo\u017ce by\u0107 ju\u017c za jednym klikni\u0119ciem.<\/p>","protected":false},"excerpt":{"rendered":"<p>Sometimes the best conversations are the ones you never see coming. That\u2019s exactly what stranger video chat is all about\u2014connecting instantly with people you don\u2019t know, anywhere in the world, through live video. No long profiles, no swiping, no algorithms\u2014just you, your webcam, and the surprise of seeing who pops up on the other side. [&hellip;]<\/p>\n","protected":false},"author":8,"featured_media":0,"parent":0,"menu_order":0,"comment_status":"closed","ping_status":"closed","template":"","meta":{"footnotes":""},"class_list":["post-4056","page","type-page","status-publish","hentry"],"yoast_head":"<!-- This site is optimized with the Yoast SEO plugin v27.4 - https:\/\/yoast.com\/product\/yoast-seo-wordpress\/ -->\n<title>Stranger Video Chat with Video Chat on TinyChat.com<\/title>\n<meta name=\"description\" content=\"Enjoying Stranger Video Chat? Join over 50,000,000 strangers on TinyChat! Turn on your cam and start meeting new people, or find a match.\" \/>\n<meta name=\"robots\" content=\"index, follow, max-snippet:-1, max-image-preview:large, max-video-preview:-1\" \/>\n<link rel=\"canonical\" href=\"https:\/\/tinychat.com\/pl\/stranger-video-chat\/\" \/>\n<meta property=\"og:locale\" content=\"pl_PL\" \/>\n<meta property=\"og:type\" content=\"article\" \/>\n<meta property=\"og:title\" content=\"Stranger Video Chat with Video Chat on TinyChat.com\" \/>\n<meta property=\"og:description\" content=\"Enjoying Stranger Video Chat? Join over 50,000,000 strangers on TinyChat! Turn on your cam and start meeting new people, or find a match.\" \/>\n<meta property=\"og:url\" content=\"https:\/\/tinychat.com\/pl\/stranger-video-chat\/\" \/>\n<meta property=\"og:site_name\" content=\"TinyChat\" \/>\n<meta property=\"article:publisher\" content=\"https:\/\/www.facebook.com\/tinychat\" \/>\n<meta property=\"article:modified_time\" content=\"2025-09-03T10:43:21+00:00\" \/>\n<meta property=\"og:image\" content=\"https:\/\/tinychat.com\/wp-content\/uploads\/2020\/04\/Tinychat-logo-1280x284-new-black.png\" \/>\n\t<meta property=\"og:image:width\" content=\"1280\" \/>\n\t<meta property=\"og:image:height\" content=\"284\" \/>\n\t<meta property=\"og:image:type\" content=\"image\/png\" \/>\n<meta name=\"twitter:card\" content=\"summary_large_image\" \/>\n<meta name=\"twitter:site\" content=\"@tinychat\" \/>\n<meta name=\"twitter:label1\" content=\"Szacowany czas czytania\" \/>\n\t<meta name=\"twitter:data1\" content=\"6 minut\" \/>\n<script type=\"application\/ld+json\" class=\"yoast-schema-graph\">{\"@context\":\"https:\\\/\\\/schema.org\",\"@graph\":[{\"@type\":\"WebPage\",\"@id\":\"https:\\\/\\\/tinychat.com\\\/stranger-video-chat\\\/\",\"url\":\"https:\\\/\\\/tinychat.com\\\/stranger-video-chat\\\/\",\"name\":\"Stranger Video Chat with Video Chat on TinyChat.com\",\"isPartOf\":{\"@id\":\"https:\\\/\\\/tinychat.com\\\/#website\"},\"datePublished\":\"2025-09-03T06:50:30+00:00\",\"dateModified\":\"2025-09-03T10:43:21+00:00\",\"description\":\"Enjoying Stranger Video Chat? Join over 50,000,000 strangers on TinyChat! Turn on your cam and start meeting new people, or find a match.\",\"breadcrumb\":{\"@id\":\"https:\\\/\\\/tinychat.com\\\/stranger-video-chat\\\/#breadcrumb\"},\"inLanguage\":\"pl-PL\",\"potentialAction\":[{\"@type\":\"ReadAction\",\"target\":[\"https:\\\/\\\/tinychat.com\\\/stranger-video-chat\\\/\"]}]},{\"@type\":\"BreadcrumbList\",\"@id\":\"https:\\\/\\\/tinychat.com\\\/stranger-video-chat\\\/#breadcrumb\",\"itemListElement\":[{\"@type\":\"ListItem\",\"position\":1,\"name\":\"Home\",\"item\":\"https:\\\/\\\/tinychat.com\\\/\"},{\"@type\":\"ListItem\",\"position\":2,\"name\":\"Stranger Video Chat\"}]},{\"@type\":\"WebSite\",\"@id\":\"https:\\\/\\\/tinychat.com\\\/#website\",\"url\":\"https:\\\/\\\/tinychat.com\\\/\",\"name\":\"TinyChat\",\"description\":\"Random Video Chat with Strangers\",\"publisher\":{\"@id\":\"https:\\\/\\\/tinychat.com\\\/#organization\"},\"alternateName\":\"TinyChat.com\",\"potentialAction\":[{\"@type\":\"SearchAction\",\"target\":{\"@type\":\"EntryPoint\",\"urlTemplate\":\"https:\\\/\\\/tinychat.com\\\/?s={search_term_string}\"},\"query-input\":{\"@type\":\"PropertyValueSpecification\",\"valueRequired\":true,\"valueName\":\"search_term_string\"}}],\"inLanguage\":\"pl-PL\"},{\"@type\":\"Organization\",\"@id\":\"https:\\\/\\\/tinychat.com\\\/#organization\",\"name\":\"TinyChat\",\"alternateName\":\"TinyChat.com\",\"url\":\"https:\\\/\\\/tinychat.com\\\/\",\"logo\":{\"@type\":\"ImageObject\",\"inLanguage\":\"pl-PL\",\"@id\":\"https:\\\/\\\/tinychat.com\\\/#\\\/schema\\\/logo\\\/image\\\/\",\"url\":\"https:\\\/\\\/tinychat.com\\\/wp-content\\\/uploads\\\/2023\\\/11\\\/Tinychat-icon-square.png\",\"contentUrl\":\"https:\\\/\\\/tinychat.com\\\/wp-content\\\/uploads\\\/2023\\\/11\\\/Tinychat-icon-square.png\",\"width\":284,\"height\":284,\"caption\":\"TinyChat\"},\"image\":{\"@id\":\"https:\\\/\\\/tinychat.com\\\/#\\\/schema\\\/logo\\\/image\\\/\"},\"sameAs\":[\"https:\\\/\\\/www.facebook.com\\\/tinychat\",\"https:\\\/\\\/x.com\\\/tinychat\"]}]}<\/script>\n<!-- \/ Yoast SEO plugin. -->","yoast_head_json":{"title":"Nieznajomy czat wideo z czatem wideo na TinyChat.com","description":"Lubisz czat wideo z nieznajomymi? Do\u0142\u0105cz do ponad 50 000 000 nieznajomych na TinyChat! W\u0142\u0105cz kamer\u0119 i zacznij poznawa\u0107 nowych ludzi lub znajd\u017a partnera.","robots":{"index":"index","follow":"follow","max-snippet":"max-snippet:-1","max-image-preview":"max-image-preview:large","max-video-preview":"max-video-preview:-1"},"canonical":"https:\/\/tinychat.com\/pl\/stranger-video-chat\/","og_locale":"pl_PL","og_type":"article","og_title":"Stranger Video Chat with Video Chat on TinyChat.com","og_description":"Enjoying Stranger Video Chat? Join over 50,000,000 strangers on TinyChat! Turn on your cam and start meeting new people, or find a match.","og_url":"https:\/\/tinychat.com\/pl\/stranger-video-chat\/","og_site_name":"TinyChat","article_publisher":"https:\/\/www.facebook.com\/tinychat","article_modified_time":"2025-09-03T10:43:21+00:00","og_image":[{"width":1280,"height":284,"url":"https:\/\/tinychat.com\/wp-content\/uploads\/2020\/04\/Tinychat-logo-1280x284-new-black.png","type":"image\/png"}],"twitter_card":"summary_large_image","twitter_site":"@tinychat","twitter_misc":{"Szacowany czas czytania":"6 minut"},"schema":{"@context":"https:\/\/schema.org","@graph":[{"@type":"WebPage","@id":"https:\/\/tinychat.com\/stranger-video-chat\/","url":"https:\/\/tinychat.com\/stranger-video-chat\/","name":"Nieznajomy czat wideo z czatem wideo na TinyChat.com","isPartOf":{"@id":"https:\/\/tinychat.com\/#website"},"datePublished":"2025-09-03T06:50:30+00:00","dateModified":"2025-09-03T10:43:21+00:00","description":"Lubisz czat wideo z nieznajomymi? Do\u0142\u0105cz do ponad 50 000 000 nieznajomych na TinyChat! W\u0142\u0105cz kamer\u0119 i zacznij poznawa\u0107 nowych ludzi lub znajd\u017a partnera.","breadcrumb":{"@id":"https:\/\/tinychat.com\/stranger-video-chat\/#breadcrumb"},"inLanguage":"pl-PL","potentialAction":[{"@type":"ReadAction","target":["https:\/\/tinychat.com\/stranger-video-chat\/"]}]},{"@type":"BreadcrumbList","@id":"https:\/\/tinychat.com\/stranger-video-chat\/#breadcrumb","itemListElement":[{"@type":"ListItem","position":1,"name":"Home","item":"https:\/\/tinychat.com\/"},{"@type":"ListItem","position":2,"name":"Stranger Video Chat"}]},{"@type":"WebSite","@id":"https:\/\/tinychat.com\/#website","url":"https:\/\/tinychat.com\/","name":"TinyChat","description":"Losowy czat wideo z nieznajomymi","publisher":{"@id":"https:\/\/tinychat.com\/#organization"},"alternateName":"TinyChat.com","potentialAction":[{"@type":"SearchAction","target":{"@type":"EntryPoint","urlTemplate":"https:\/\/tinychat.com\/?s={search_term_string}"},"query-input":{"@type":"PropertyValueSpecification","valueRequired":true,"valueName":"search_term_string"}}],"inLanguage":"pl-PL"},{"@type":"Organization","@id":"https:\/\/tinychat.com\/#organization","name":"TinyChat","alternateName":"TinyChat.com","url":"https:\/\/tinychat.com\/","logo":{"@type":"ImageObject","inLanguage":"pl-PL","@id":"https:\/\/tinychat.com\/#\/schema\/logo\/image\/","url":"https:\/\/tinychat.com\/wp-content\/uploads\/2023\/11\/Tinychat-icon-square.png","contentUrl":"https:\/\/tinychat.com\/wp-content\/uploads\/2023\/11\/Tinychat-icon-square.png","width":284,"height":284,"caption":"TinyChat"},"image":{"@id":"https:\/\/tinychat.com\/#\/schema\/logo\/image\/"},"sameAs":["https:\/\/www.facebook.com\/tinychat","https:\/\/x.com\/tinychat"]}]}},"_links":{"self":[{"href":"https:\/\/tinychat.com\/pl\/wp-json\/wp\/v2\/pages\/4056","targetHints":{"allow":["GET"]}}],"collection":[{"href":"https:\/\/tinychat.com\/pl\/wp-json\/wp\/v2\/pages"}],"about":[{"href":"https:\/\/tinychat.com\/pl\/wp-json\/wp\/v2\/types\/page"}],"author":[{"embeddable":true,"href":"https:\/\/tinychat.com\/pl\/wp-json\/wp\/v2\/users\/8"}],"replies":[{"embeddable":true,"href":"https:\/\/tinychat.com\/pl\/wp-json\/wp\/v2\/comments?post=4056"}],"version-history":[{"count":5,"href":"https:\/\/tinychat.com\/pl\/wp-json\/wp\/v2\/pages\/4056\/revisions"}],"predecessor-version":[{"id":13496,"href":"https:\/\/tinychat.com\/pl\/wp-json\/wp\/v2\/pages\/4056\/revisions\/13496"}],"wp:attachment":[{"href":"https:\/\/tinychat.com\/pl\/wp-json\/wp\/v2\/media?parent=4056"}],"curies":[{"name":"wp","href":"https:\/\/api.w.org\/{rel}","templated":true}]}}