{"id":4124,"date":"2025-05-23T18:02:09","date_gmt":"2025-05-23T16:02:09","guid":{"rendered":"https:\/\/tinychat.com\/?page_id=4124"},"modified":"2025-07-07T18:19:41","modified_gmt":"2025-07-07T16:19:41","slug":"cam-with-strangers","status":"publish","type":"page","link":"https:\/\/tinychat.com\/pl\/cam-with-strangers\/","title":{"rendered":"Cam With Strangers"},"content":{"rendered":"<p>Je\u015bli chcesz o\u017cywi\u0107 swoje \u017cycie towarzyskie, spr\u00f3bowa\u0107 czego\u015b nowego lub po prostu pokona\u0107 nudn\u0105 noc, niewiele rzeczy jest tak ekscytuj\u0105cych - lub tak nieprzewidywalnych - jak korzystanie z kamerki z nieznajomymi. Zapomnij o nieko\u0144cz\u0105cych si\u0119 czatach grupowych lub przewijaniu medi\u00f3w spo\u0142eczno\u015bciowych. Za pomoc\u0105 kamery internetowej i klikni\u0119cia mo\u017cesz natychmiast po\u0142\u0105czy\u0107 si\u0119 twarz\u0105 w twarz z lud\u017ami z ca\u0142ego \u015bwiata - bez presji, bez oczekiwa\u0144, po prostu prawdziwa rozmowa na \u017cywo.<\/p>\n<p>Niezale\u017cnie od tego, czy masz ochot\u0119 na g\u0142\u0119bok\u0105 rozmow\u0119, kilka \u015bmiech\u00f3w, czy zalotne po\u0142\u0105czenie, kamerowanie z nieznajomymi sprawia, \u017ce ka\u017cda noc jest nieco bardziej interesuj\u0105ca.<\/p>\n<h2>Co to znaczy rozmawia\u0107 z nieznajomymi?<\/h2>\n<p>Kamerowanie z nieznajomymi oznacza po prostu u\u017cywanie kamery internetowej (a czasem mikrofonu) do czatowania z przypadkowymi osobami online. W przeciwie\u0144stwie do tradycyjnych czat\u00f3w, nie chodzi tu o wysy\u0142anie wiadomo\u015bci i czekanie na odpowied\u017a. Spotykasz ludzi na \u017cywo, w czasie rzeczywistym - widzisz ich twarze, s\u0142yszysz ich g\u0142osy i dzielisz si\u0119 prawdziwie autentycznymi chwilami online.<\/p>\n<p>Dost\u0119pnych jest kilka r\u00f3\u017cnych smak\u00f3w, w tym:<\/p>\n<ul>\n<li>Darmowe rozmowy z nieznajomymi: Bez rejestracji, bez p\u0142atno\u015bci, tylko natychmiastowy czat wideo na \u017cywo.<\/li>\n<li>Losowe rozmowy z nieznajomymi: Sparuj si\u0119 z kim\u015b nowym za ka\u017cdym razem, gdy klikniesz \"dalej\".<\/li>\n<li>Czat przed kamer\u0105 z nieznajomymi: \u0141\u0105czy wideo, audio i tekst, zapewniaj\u0105c najwy\u017csz\u0105 elastyczno\u015b\u0107.<\/li>\n<\/ul>\n<p>Pi\u0119kno tkwi w niespodziance - nigdy nie wiesz, kogo spotkasz i w jakim kierunku potoczy si\u0119 rozmowa.<\/p>\n<h2>Dlaczego tak wiele os\u00f3b korzysta z kamer z nieznajomymi?<\/h2>\n<p>B\u0105d\u017amy szczerzy: wszyscy pragniemy prawdziwych wi\u0119zi w cyfrowym \u015bwiecie. Oto dlaczego kamerowanie z nieznajomymi zyskuje na popularno\u015bci:<\/p>\n<ul>\n<li>Spontaniczno\u015b\u0107: Ka\u017cdy czat jest zagadk\u0105. Mo\u017cesz pozna\u0107 nowego przyjaciela, przysz\u0142\u0105 randk\u0119 lub po prostu si\u0119 po\u015bmia\u0107.<\/li>\n<li>Globalny zasi\u0119g: Rozmawiaj z lud\u017ami z ca\u0142ego kraju lub \u015bwiata w ci\u0105gu kilku sekund.<\/li>\n<li>Bez zobowi\u0105za\u0144: Zosta\u0144 na pi\u0119\u0107 minut lub pi\u0119\u0107 godzin. Przejd\u017a do nast\u0119pnego czatu w dowolnym momencie.<\/li>\n<li>B\u0105d\u017a sob\u0105: Z zupe\u0142nie obcymi lud\u017ami nie ma baga\u017cu, oczekiwa\u0144 i potrzeby zaimponowania komukolwiek poza samym sob\u0105.<\/li>\n<li>\u0106wicz umiej\u0119tno\u015bci spo\u0142eczne: \u015awietny spos\u00f3b na prze\u0142amanie lod\u00f3w, popraw\u0119 umiej\u0119tno\u015bci j\u0119zykowych lub po prostu budowanie pewno\u015bci siebie.<\/li>\n<li>Walka z samotno\u015bci\u0105: Idealny dla tych, kt\u00f3rzy chc\u0105 towarzystwa bez \u017cadnych zobowi\u0105za\u0144.<\/li>\n<\/ul>\n<p>\"Zacz\u0105\u0142em u\u017cywa\u0107 kamery z nieznajomymi tylko po to, by \u0107wiczy\u0107 angielski, ale teraz mam przyjaci\u00f3\u0142 z ca\u0142ego \u015bwiata - a ka\u017cda noc jest inna\".<\/p>\n<p>\"Czasem jest g\u0142upio, czasem zalotnie, a czasem zaskakuj\u0105co g\u0142\u0119boko. Nigdy nie wiadomo, kto stoi po drugiej stronie kamery\".<\/p>\n<h2>Jak dzia\u0142a Cam With Strangers?<\/h2>\n<p>Wi\u0119kszo\u015b\u0107 platform jest niezwykle \u0142atwa w u\u017cyciu. Oto, czego mo\u017cna si\u0119 spodziewa\u0107:<\/p>\n<ol>\n<li>Odwied\u017a darmow\u0105 kamer\u0119 z nieznajomymi na stronie lub w aplikacji.<\/li>\n<li>Zezw\u00f3l na dost\u0119p do kamery i mikrofonu (kontrolujesz, co jest udost\u0119pniane).<\/li>\n<li>Naci\u015bnij \"Start\" lub \"Dalej\", aby dopasowa\u0107 si\u0119 do losowego u\u017cytkownika.<\/li>\n<li>Czatuj tak d\u0142ugo, jak chcesz, a nast\u0119pnie kliknij \"dalej\", aby nawi\u0105za\u0107 nowe po\u0142\u0105czenie.<\/li>\n<li>Wiele witryn oferuje r\u00f3wnie\u017c czat tekstowy, filtry p\u0142ci \/ lokalizacji \/ zainteresowa\u0144 oraz opcj\u0119 zachowania anonimowo\u015bci.<\/li>\n<\/ol>\n<p>Niekt\u00f3re platformy w og\u00f3le nie wymagaj\u0105 rejestracji - wystarczy pseudonim lub nawet ca\u0142kowita anonimowo\u015b\u0107. Inne mog\u0105 oferowa\u0107 opcjonaln\u0105 rejestracj\u0119 w celu uzyskania dodatkowych funkcji.<\/p>\n<h2>Najlepsze platformy do kamerowania z nieznajomymi<\/h2>\n<p>Nie wiesz od czego zacz\u0105\u0107? Oto kilka najlepszych miejsc do spotka\u0144 i kamerowania z nieznajomymi:<\/p>\n<ul>\n<li>Omegle: Klasyczna witryna do losowego czatu wideo i tekstowego - ca\u0142kowicie darmowa i globalna.<\/li>\n<li>Chatroulette: Szybki, \u0142atwy w u\u017cyciu i znany z przycisku \"dalej\".<\/li>\n<li>Chatspin: Zawiera filtry zainteresowa\u0144 i p\u0142ci dla bardziej dostosowanych do\u015bwiadcze\u0144.<\/li>\n<li>Camsurf: Czysty, przyjazny dla u\u017cytkownika i skoncentrowany na utrzymywaniu pozytywnych czat\u00f3w.<\/li>\n<li>Chatrandom: Obejmuje tematyczne pokoje rozm\u00f3w, filtry lokalizacji i \u0142atwy dost\u0119p zar\u00f3wno dla komputer\u00f3w stacjonarnych, jak i urz\u0105dze\u0144 mobilnych.<\/li>\n<li>Bazoocam: Popularny w Europie, oferuje zar\u00f3wno funkcje wideo, jak i gier.<\/li>\n<\/ul>\n<p>Ka\u017cda z nich ma sw\u00f3j w\u0142asny klimat. Wypr\u00f3buj kilka z nich, aby sprawdzi\u0107, kt\u00f3ra spo\u0142eczno\u015b\u0107 pasuje do Twojego stylu.<\/p>\n<h2>Kamerowanie z nieznajomymi a inne opcje czatu<\/h2>\n<table>\n<thead>\n<tr>\n<th>Cecha<\/th>\n<th>Cam With Strangers<\/th>\n<th>Pokoje rozm\u00f3w grupowych<\/th>\n<th>Aplikacje do przesy\u0142ania wiadomo\u015bci<\/th>\n<th>Media spo\u0142eczno\u015bciowe<\/th>\n<\/tr>\n<\/thead>\n<tbody>\n<tr>\n<td>Wideo w czasie rzeczywistym<\/td>\n<td>\u2705<\/td>\n<td>\u2705<\/td>\n<td>\u274c<\/td>\n<td>\u2705<\/td>\n<\/tr>\n<tr>\n<td>Anonimowe i losowe dopasowanie<\/td>\n<td>\u2705<\/td>\n<td>\u274c<\/td>\n<td>\u274c<\/td>\n<td>\u274c<\/td>\n<\/tr>\n<tr>\n<td>Rejestracja nie jest wymagana<\/td>\n<td>\u2705<\/td>\n<td>\u2705\/\u274c<\/td>\n<td>\u274c<\/td>\n<td>\u274c<\/td>\n<\/tr>\n<tr>\n<td>Przycisk \"Dalej\" (pomi\u0144 u\u017cytkownik\u00f3w)<\/td>\n<td>\u2705<\/td>\n<td>\u274c<\/td>\n<td>\u274c<\/td>\n<td>\u274c<\/td>\n<\/tr>\n<tr>\n<td>Globalna, zr\u00f3\u017cnicowana spo\u0142eczno\u015b\u0107<\/td>\n<td>\u2705<\/td>\n<td>\u2705<\/td>\n<td>\u2705<\/td>\n<td>\u2705<\/td>\n<\/tr>\n<tr>\n<td>Darmowy w u\u017cyciu<\/td>\n<td>\u2705<\/td>\n<td>\u2705<\/td>\n<td>\u2705<\/td>\n<td>\u2705<\/td>\n<\/tr>\n<\/tbody>\n<\/table>\n<p>Cam z nieznajomymi wygrywa w czasie rzeczywistym, anonimowe, natychmiastowe po\u0142\u0105czenia - bez zamieszania, bez czekania.<\/p>\n<h2>Jak zachowa\u0107 bezpiecze\u0144stwo podczas kamerowania z nieznajomymi?<\/h2>\n<p>Wi\u0119kszo\u015b\u0107 ludzi szuka po prostu zabawy, przyja\u017ani lub rozmowy, ale bezpiecze\u0144stwo zawsze jest najwa\u017cniejsze. Oto jak si\u0119 chroni\u0107:<\/p>\n<ul>\n<li>Nigdy nie udost\u0119pniaj danych osobowych (imi\u0119 i nazwisko, adres, numer telefonu itp.).<\/li>\n<li>U\u017cyj pseudonimu lub pozosta\u0144 anonimowy.<\/li>\n<li>T\u0142o kamery internetowej powinno by\u0107 neutralne, aby unikn\u0105\u0107 pokazywania swojego domu\/lokalizacji.<\/li>\n<li>Nie czuj si\u0119 pod presj\u0105 - zako\u0144cz ka\u017cd\u0105 rozmow\u0119, kt\u00f3ra wydaje si\u0119 niewygodna lub dziwna.<\/li>\n<li>Korzystaj z platform z narz\u0119dziami moderacji - w razie potrzeby zg\u0142aszaj lub blokuj u\u017cytkownik\u00f3w.<\/li>\n<li>Aby zapewni\u0107 sobie dodatkow\u0105 prywatno\u015b\u0107, unikaj udost\u0119pniania medi\u00f3w spo\u0142eczno\u015bciowych lub danych kontaktowych, dop\u00f3ki komu\u015b nie zaufasz.<\/li>\n<\/ul>\n<p>Odrobina ostro\u017cno\u015bci to bardzo du\u017co - ochrona prywatno\u015bci pomaga zapewni\u0107 wszystkim dobr\u0105 zabaw\u0119.<\/p>\n<h2>Kto u\u017cywa kamery z nieznajomymi?<\/h2>\n<p>Odpowied\u017a: <em>wszyscy!<\/em> Platformy te przyci\u0105gaj\u0105 ogromn\u0105 liczb\u0119 os\u00f3b:<\/p>\n<ul>\n<li>Studenci chc\u0105cy nawi\u0105za\u0107 znajomo\u015bci na ca\u0142ym \u015bwiecie lub \u0107wiczy\u0107 umiej\u0119tno\u015bci j\u0119zykowe<\/li>\n<li>Single szukaj\u0105ce romansu lub po prostu zabawnych, zalotnych pogaw\u0119dek<\/li>\n<li>Podr\u00f3\u017cni i ekspaci \u0142\u0105cz\u0105cy si\u0119 z nowymi spo\u0142eczno\u015bciami<\/li>\n<li>Ludzie znudzeni w domu, kt\u00f3rzy chc\u0105 zobaczy\u0107 nowe twarze i prowadzi\u0107 interesuj\u0105ce rozmowy.<\/li>\n<li>Ka\u017cdy, kto szuka wsparcia, porady lub nowej perspektywy<\/li>\n<\/ul>\n<p>Od nie\u015bmia\u0142ych introwertyk\u00f3w po towarzyskich poszukiwaczy przyg\u00f3d - ka\u017cdy znajdzie tu co\u015b dla siebie.<\/p>\n<h2>Wskaz\u00f3wki, jak najlepiej wykorzysta\u0107 Cam z nieznajomymi<\/h2>\n<ul>\n<li>U\u015bmiechaj si\u0119 i b\u0105d\u017a przyjazny! Pierwsze wra\u017cenie ma znaczenie, nawet online.<\/li>\n<li>B\u0105d\u017a ciekawy - pytaj o muzyk\u0119, kultur\u0119, hobby lub historie z podr\u00f3\u017cy.<\/li>\n<li>Spr\u00f3buj czatowa\u0107 o r\u00f3\u017cnych porach dnia, aby pozna\u0107 ludzi z r\u00f3\u017cnych kraj\u00f3w.<\/li>\n<li>Je\u015bli czujesz si\u0119 niezr\u0119cznie, nic nie szkodzi - wszyscy inni te\u017c s\u0105 tu nowi.<\/li>\n<li>Nie zniech\u0119caj si\u0119 okazjonalnymi niezr\u0119cznymi rozmowami; nast\u0119pna rozmowa mo\u017ce by\u0107 niesamowita.<\/li>\n<li>Poznaj zar\u00f3wno tryb wideo, jak i tekstowy. Czasami chcesz by\u0107 przed kamer\u0105, czasami nie!<\/li>\n<\/ul>\n<h2>Kiedy wypr\u00f3bowa\u0107 Cam z nieznajomymi?<\/h2>\n<ul>\n<li>Kiedy jeste\u015b samotny i chcesz towarzystwa w czasie rzeczywistym<\/li>\n<li>Je\u015bli chcesz pozna\u0107 przyjaci\u00f3\u0142 z ca\u0142ego \u015bwiata<\/li>\n<li>Uczy\u0107 si\u0119 lub \u0107wiczy\u0107 nowy j\u0119zyk<\/li>\n<li>Dla zalotnego lub romantycznego po\u0142\u0105czenia bez presji aplikacji randkowych<\/li>\n<li>Kiedy po prostu potrzebujesz si\u0119 po\u015bmia\u0107 lub chcesz zobaczy\u0107, co dzieje si\u0119 w innych zak\u0105tkach \u015bwiata<\/li>\n<\/ul>\n<h2>Darmowa kamera z nieznajomymi vs. p\u0142atne funkcje<\/h2>\n<p>Wi\u0119kszo\u015b\u0107 witryn oferuje darmow\u0105 kamer\u0119 z nieznajomymi jako podstawow\u0105 us\u0142ug\u0119, ale niekt\u00f3re maj\u0105 p\u0142atne opcje, takie jak:<\/p>\n<ul>\n<li>Dodatkowe filtry (p\u0142e\u0107, lokalizacja, zainteresowania)<\/li>\n<li>Priorytetowe dopasowanie lub nieograniczone pomijanie<\/li>\n<li>Wirtualne prezenty, naklejki lub gry na czacie<\/li>\n<li>Prywatne pokoje \"tylko dla zaproszonych\"<\/li>\n<\/ul>\n<p>Dla wi\u0119kszo\u015bci u\u017cytkownik\u00f3w darmowa wersja jest wi\u0119cej ni\u017c wystarczaj\u0105ca. P\u0142atne funkcje s\u0105 dost\u0119pne dla tych, kt\u00f3rzy chc\u0105 mie\u0107 wi\u0119ksz\u0105 kontrol\u0119 lub wi\u0119cej zabawy.<\/p>\n<p>Niezale\u017cnie od tego, czy szukasz \u015bwietnej rozmowy, nowego przyjaciela, czy po prostu odrobiny ekscytacji, kamera z nieznajomymi to najlepszy spos\u00f3b na otwarcie swojego \u015bwiata w zaciszu w\u0142asnego domu. Dzi\u0119ki natychmiastowym po\u0142\u0105czeniom twarz\u0105 w twarz, rozmowom w czasie rzeczywistym i ca\u0142kowitej swobodzie, ka\u017cda noc jest now\u0105 przygod\u0105 - bez presji, bez zobowi\u0105za\u0144 i nie wiadomo, kogo spotkasz w nast\u0119pnej kolejno\u015bci.<\/p>\n<p>Gotowy, by spr\u00f3bowa\u0107? Uruchom kamer\u0119 internetow\u0105, wybierz platform\u0119 i zacznij kamperowa\u0107 z nieznajomymi ju\u017c dzi\u015b wieczorem. Kolejna \u015bwietna historia lub przyja\u017a\u0144 jest tylko o jedno klikni\u0119cie.<\/p>","protected":false},"excerpt":{"rendered":"<p>If you\u2019re looking to shake up your social life, try something new, or just beat a boring night, few things are as thrilling\u2014or as unpredictable\u2014as using a cam with strangers platform. Forget endless group chats or scrolling social media. With just a webcam and a click, you can instantly connect face-to-face with people from all [&hellip;]<\/p>\n","protected":false},"author":8,"featured_media":0,"parent":0,"menu_order":0,"comment_status":"closed","ping_status":"closed","template":"","meta":{"footnotes":""},"class_list":["post-4124","page","type-page","status-publish","hentry"],"yoast_head":"<!-- This site is optimized with the Yoast SEO plugin v27.6 - https:\/\/yoast.com\/product\/yoast-seo-wordpress\/ -->\n<title>Cam With Strangers with Video Chat on TinyChat.com<\/title>\n<meta name=\"description\" content=\"Enjoying Cam With Strangers? Join over 50,000,000 strangers on TinyChat! Turn on your cam and start meeting new people, or find a match.\" \/>\n<meta name=\"robots\" content=\"index, follow, max-snippet:-1, max-image-preview:large, max-video-preview:-1\" \/>\n<link rel=\"canonical\" href=\"https:\/\/tinychat.com\/pl\/cam-with-strangers\/\" \/>\n<meta property=\"og:locale\" content=\"pl_PL\" \/>\n<meta property=\"og:type\" content=\"article\" \/>\n<meta property=\"og:title\" content=\"Cam With Strangers with Video Chat on TinyChat.com\" \/>\n<meta property=\"og:description\" content=\"Enjoying Cam With Strangers? Join over 50,000,000 strangers on TinyChat! Turn on your cam and start meeting new people, or find a match.\" \/>\n<meta property=\"og:url\" content=\"https:\/\/tinychat.com\/pl\/cam-with-strangers\/\" \/>\n<meta property=\"og:site_name\" content=\"TinyChat\" \/>\n<meta property=\"article:publisher\" content=\"https:\/\/www.facebook.com\/tinychat\" \/>\n<meta property=\"article:modified_time\" content=\"2025-07-07T16:19:41+00:00\" \/>\n<meta property=\"og:image\" content=\"https:\/\/tinychat.com\/wp-content\/uploads\/2020\/04\/Tinychat-logo-1280x284-new-black.png\" \/>\n\t<meta property=\"og:image:width\" content=\"1280\" \/>\n\t<meta property=\"og:image:height\" content=\"284\" \/>\n\t<meta property=\"og:image:type\" content=\"image\/png\" \/>\n<meta name=\"twitter:card\" content=\"summary_large_image\" \/>\n<meta name=\"twitter:site\" content=\"@tinychat\" \/>\n<meta name=\"twitter:label1\" content=\"Szacowany czas czytania\" \/>\n\t<meta name=\"twitter:data1\" content=\"6 minut\" \/>\n<script type=\"application\/ld+json\" class=\"yoast-schema-graph\">{\"@context\":\"https:\\\/\\\/schema.org\",\"@graph\":[{\"@type\":\"WebPage\",\"@id\":\"https:\\\/\\\/tinychat.com\\\/cam-with-strangers\\\/\",\"url\":\"https:\\\/\\\/tinychat.com\\\/cam-with-strangers\\\/\",\"name\":\"Cam With Strangers with Video Chat on TinyChat.com\",\"isPartOf\":{\"@id\":\"https:\\\/\\\/tinychat.com\\\/#website\"},\"datePublished\":\"2025-05-23T16:02:09+00:00\",\"dateModified\":\"2025-07-07T16:19:41+00:00\",\"description\":\"Enjoying Cam With Strangers? Join over 50,000,000 strangers on TinyChat! Turn on your cam and start meeting new people, or find a match.\",\"breadcrumb\":{\"@id\":\"https:\\\/\\\/tinychat.com\\\/cam-with-strangers\\\/#breadcrumb\"},\"inLanguage\":\"pl-PL\",\"potentialAction\":[{\"@type\":\"ReadAction\",\"target\":[\"https:\\\/\\\/tinychat.com\\\/cam-with-strangers\\\/\"]}]},{\"@type\":\"BreadcrumbList\",\"@id\":\"https:\\\/\\\/tinychat.com\\\/cam-with-strangers\\\/#breadcrumb\",\"itemListElement\":[{\"@type\":\"ListItem\",\"position\":1,\"name\":\"Home\",\"item\":\"https:\\\/\\\/tinychat.com\\\/\"},{\"@type\":\"ListItem\",\"position\":2,\"name\":\"Cam With Strangers\"}]},{\"@type\":\"WebSite\",\"@id\":\"https:\\\/\\\/tinychat.com\\\/#website\",\"url\":\"https:\\\/\\\/tinychat.com\\\/\",\"name\":\"TinyChat\",\"description\":\"Random Video Chat with Strangers\",\"publisher\":{\"@id\":\"https:\\\/\\\/tinychat.com\\\/#organization\"},\"alternateName\":\"TinyChat.com\",\"potentialAction\":[{\"@type\":\"SearchAction\",\"target\":{\"@type\":\"EntryPoint\",\"urlTemplate\":\"https:\\\/\\\/tinychat.com\\\/?s={search_term_string}\"},\"query-input\":{\"@type\":\"PropertyValueSpecification\",\"valueRequired\":true,\"valueName\":\"search_term_string\"}}],\"inLanguage\":\"pl-PL\"},{\"@type\":\"Organization\",\"@id\":\"https:\\\/\\\/tinychat.com\\\/#organization\",\"name\":\"TinyChat\",\"alternateName\":\"TinyChat.com\",\"url\":\"https:\\\/\\\/tinychat.com\\\/\",\"logo\":{\"@type\":\"ImageObject\",\"inLanguage\":\"pl-PL\",\"@id\":\"https:\\\/\\\/tinychat.com\\\/#\\\/schema\\\/logo\\\/image\\\/\",\"url\":\"https:\\\/\\\/tinychat.com\\\/wp-content\\\/uploads\\\/2023\\\/11\\\/Tinychat-icon-square.png\",\"contentUrl\":\"https:\\\/\\\/tinychat.com\\\/wp-content\\\/uploads\\\/2023\\\/11\\\/Tinychat-icon-square.png\",\"width\":284,\"height\":284,\"caption\":\"TinyChat\"},\"image\":{\"@id\":\"https:\\\/\\\/tinychat.com\\\/#\\\/schema\\\/logo\\\/image\\\/\"},\"sameAs\":[\"https:\\\/\\\/www.facebook.com\\\/tinychat\",\"https:\\\/\\\/x.com\\\/tinychat\"]}]}<\/script>\n<!-- \/ Yoast SEO plugin. -->","yoast_head_json":{"title":"Kamera z nieznajomymi dzi\u0119ki czatowi wideo na TinyChat.com","description":"Korzystasz z Cam z nieznajomymi? Do\u0142\u0105cz do ponad 50 000 000 nieznajomych na TinyChat! W\u0142\u0105cz kamer\u0119 i zacznij poznawa\u0107 nowych ludzi lub znajd\u017a partnera.","robots":{"index":"index","follow":"follow","max-snippet":"max-snippet:-1","max-image-preview":"max-image-preview:large","max-video-preview":"max-video-preview:-1"},"canonical":"https:\/\/tinychat.com\/pl\/cam-with-strangers\/","og_locale":"pl_PL","og_type":"article","og_title":"Cam With Strangers with Video Chat on TinyChat.com","og_description":"Enjoying Cam With Strangers? Join over 50,000,000 strangers on TinyChat! Turn on your cam and start meeting new people, or find a match.","og_url":"https:\/\/tinychat.com\/pl\/cam-with-strangers\/","og_site_name":"TinyChat","article_publisher":"https:\/\/www.facebook.com\/tinychat","article_modified_time":"2025-07-07T16:19:41+00:00","og_image":[{"width":1280,"height":284,"url":"https:\/\/tinychat.com\/wp-content\/uploads\/2020\/04\/Tinychat-logo-1280x284-new-black.png","type":"image\/png"}],"twitter_card":"summary_large_image","twitter_site":"@tinychat","twitter_misc":{"Szacowany czas czytania":"6 minut"},"schema":{"@context":"https:\/\/schema.org","@graph":[{"@type":"WebPage","@id":"https:\/\/tinychat.com\/cam-with-strangers\/","url":"https:\/\/tinychat.com\/cam-with-strangers\/","name":"Kamera z nieznajomymi dzi\u0119ki czatowi wideo na TinyChat.com","isPartOf":{"@id":"https:\/\/tinychat.com\/#website"},"datePublished":"2025-05-23T16:02:09+00:00","dateModified":"2025-07-07T16:19:41+00:00","description":"Korzystasz z Cam z nieznajomymi? Do\u0142\u0105cz do ponad 50 000 000 nieznajomych na TinyChat! W\u0142\u0105cz kamer\u0119 i zacznij poznawa\u0107 nowych ludzi lub znajd\u017a partnera.","breadcrumb":{"@id":"https:\/\/tinychat.com\/cam-with-strangers\/#breadcrumb"},"inLanguage":"pl-PL","potentialAction":[{"@type":"ReadAction","target":["https:\/\/tinychat.com\/cam-with-strangers\/"]}]},{"@type":"BreadcrumbList","@id":"https:\/\/tinychat.com\/cam-with-strangers\/#breadcrumb","itemListElement":[{"@type":"ListItem","position":1,"name":"Home","item":"https:\/\/tinychat.com\/"},{"@type":"ListItem","position":2,"name":"Cam With Strangers"}]},{"@type":"WebSite","@id":"https:\/\/tinychat.com\/#website","url":"https:\/\/tinychat.com\/","name":"TinyChat","description":"Losowy czat wideo z nieznajomymi","publisher":{"@id":"https:\/\/tinychat.com\/#organization"},"alternateName":"TinyChat.com","potentialAction":[{"@type":"SearchAction","target":{"@type":"EntryPoint","urlTemplate":"https:\/\/tinychat.com\/?s={search_term_string}"},"query-input":{"@type":"PropertyValueSpecification","valueRequired":true,"valueName":"search_term_string"}}],"inLanguage":"pl-PL"},{"@type":"Organization","@id":"https:\/\/tinychat.com\/#organization","name":"TinyChat","alternateName":"TinyChat.com","url":"https:\/\/tinychat.com\/","logo":{"@type":"ImageObject","inLanguage":"pl-PL","@id":"https:\/\/tinychat.com\/#\/schema\/logo\/image\/","url":"https:\/\/tinychat.com\/wp-content\/uploads\/2023\/11\/Tinychat-icon-square.png","contentUrl":"https:\/\/tinychat.com\/wp-content\/uploads\/2023\/11\/Tinychat-icon-square.png","width":284,"height":284,"caption":"TinyChat"},"image":{"@id":"https:\/\/tinychat.com\/#\/schema\/logo\/image\/"},"sameAs":["https:\/\/www.facebook.com\/tinychat","https:\/\/x.com\/tinychat"]}]}},"_links":{"self":[{"href":"https:\/\/tinychat.com\/pl\/wp-json\/wp\/v2\/pages\/4124","targetHints":{"allow":["GET"]}}],"collection":[{"href":"https:\/\/tinychat.com\/pl\/wp-json\/wp\/v2\/pages"}],"about":[{"href":"https:\/\/tinychat.com\/pl\/wp-json\/wp\/v2\/types\/page"}],"author":[{"embeddable":true,"href":"https:\/\/tinychat.com\/pl\/wp-json\/wp\/v2\/users\/8"}],"replies":[{"embeddable":true,"href":"https:\/\/tinychat.com\/pl\/wp-json\/wp\/v2\/comments?post=4124"}],"version-history":[{"count":4,"href":"https:\/\/tinychat.com\/pl\/wp-json\/wp\/v2\/pages\/4124\/revisions"}],"predecessor-version":[{"id":13305,"href":"https:\/\/tinychat.com\/pl\/wp-json\/wp\/v2\/pages\/4124\/revisions\/13305"}],"wp:attachment":[{"href":"https:\/\/tinychat.com\/pl\/wp-json\/wp\/v2\/media?parent=4124"}],"curies":[{"name":"wp","href":"https:\/\/api.w.org\/{rel}","templated":true}]}}