{"id":4141,"date":"2025-05-23T18:04:51","date_gmt":"2025-05-23T16:04:51","guid":{"rendered":"https:\/\/tinychat.com\/?page_id=4141"},"modified":"2025-07-07T18:19:49","modified_gmt":"2025-07-07T16:19:49","slug":"cam-dating","status":"publish","type":"page","link":"https:\/\/tinychat.com\/pl\/cam-dating\/","title":{"rendered":"Cam Dating"},"content":{"rendered":"<p>Randki online przesz\u0142y d\u0142ug\u0105 drog\u0119 od wiadomo\u015bci tekstowych i starannie wyselekcjonowanych zdj\u0119\u0107 profilowych. Randki przed kamer\u0105 zmieniaj\u0105 zasady gry, umo\u017cliwiaj\u0105c natychmiastowe po\u0142\u0105czenie twarz\u0105 w twarz - koniec z nieko\u0144cz\u0105cymi si\u0119 wiadomo\u015bciami, \u0142owieniem kot\u00f3w lub zgadywaniem. W \u015bwiecie, w kt\u00f3rym pragniemy zar\u00f3wno intymno\u015bci, jak i autentyczno\u015bci, serwisy randkowe z kamerkami daj\u0105 singlom (a nawet parom) mo\u017cliwo\u015b\u0107 spotykania si\u0119, flirtowania i zakochiwania si\u0119 w sobie nawzajem... a wszystko to w czasie rzeczywistym.<\/p>\n<p>Niezale\u017cnie od tego, czy szukasz niezobowi\u0105zuj\u0105cej zabawy, powa\u017cnego zwi\u0105zku, czy po prostu niezapomnianej wirtualnej randki, randki przed kamer\u0105 zapewniaj\u0105 prawdziwe po\u0142\u0105czenie prosto na ekran.<\/p>\n<h2>Czym jest randkowanie przed kamer\u0105?<\/h2>\n<p>M\u00f3wi\u0105c najpro\u015bciej, randki przez kamerk\u0119 to randki online z elementami wideo na \u017cywo. Zamiast czeka\u0107 na odpowiedzi lub gubi\u0107 si\u0119 w morzu tekstu, wskakujesz na czat wideo w czasie rzeczywistym z kim\u015b nowym - widz\u0105c, s\u0142ysz\u0105c i reaguj\u0105c w danym momencie. Pomy\u015bl o tym jak o szybkich randkach w erze cyfrowej: spontanicznych, szczerych i zabawnych.<\/p>\n<p>Wi\u0119kszo\u015b\u0107 portali randkowych z kamerkami oferuje:<\/p>\n<ul>\n<li>Czat wideo na \u017cywo, jeden na jednego: Natychmiastowe spotkanie i interakcja.<\/li>\n<li>Przypadkowe randki przed kamer\u0105: B\u0105d\u017a dopasowany do singli z ca\u0142ego \u015bwiata za jednym klikni\u0119ciem przycisku.<\/li>\n<li>Filtry p\u0142ci i lokalizacji: Dzi\u0119ki temu mo\u017cesz \u0142\u0105czy\u0107 si\u0119 z osobami, kt\u00f3re naprawd\u0119 Ci\u0119 interesuj\u0105.<\/li>\n<li>Przegl\u0105danie profilu: Dla tych, kt\u00f3rzy chc\u0105 dowiedzie\u0107 si\u0119 nieco wi\u0119cej przed wej\u015bciem na \u017cywo.<\/li>\n<li>Prywatne i grupowe opcje wideo: Od prywatnych randek po niezobowi\u0105zuj\u0105ce imprezy przed kamer\u0105.<\/li>\n<\/ul>\n<p>Jest to najbardziej zbli\u017cone do spotkania z kim\u015b osobi\u015bcie - bez wychodzenia z domu.<\/p>\n<h2>Dlaczego warto wypr\u00f3bowa\u0107 Cam Dating?<\/h2>\n<p>Smsowanie i swipowanie mo\u017ce zaj\u015b\u0107 tylko tak daleko. Oto dlaczego coraz wi\u0119cej singli decyduje si\u0119 na zmian\u0119:<\/p>\n<ul>\n<li>Zobacz prawdziw\u0105 chemi\u0119: Czat wideo pokazuje u\u015bmiechy, \u015bmiech i natychmiastowe przyci\u0105ganie - koniec ze zgadywaniem na podstawie zdj\u0119\u0107 profilowych.<\/li>\n<li>Unikaj catfishingu: Od razu poznaj prawdziw\u0105 osob\u0119.<\/li>\n<li>Oszcz\u0119dno\u015b\u0107 czasu: Natychmiastowe poznanie si\u0119, bez nieko\u0144cz\u0105cych si\u0119 pogaw\u0119dek.<\/li>\n<li>Bardziej osobisty charakter: Wideo sprawia, \u017ce rozmowy s\u0105 g\u0142\u0119bsze, zabawniejsze i bardziej zapadaj\u0105ce w pami\u0119\u0107.<\/li>\n<li>Spontaniczno\u015b\u0107: Ka\u017cde po\u0142\u0105czenie to nowy pocz\u0105tek i nowa historia.<\/li>\n<\/ul>\n<p>Niezale\u017cnie od tego, czy jeste\u015b nie\u015bmia\u0142y, towarzyski, czy gdzie\u015b pomi\u0119dzy, randki przed kamer\u0105 pasuj\u0105 do ka\u017cdego stylu.<\/p>\n<h2>Jak dzia\u0142a randkowanie przed kamer\u0105<\/h2>\n<p>Wi\u0119kszo\u015b\u0107 serwis\u00f3w i aplikacji randkowych z kamerkami jest bardzo \u0142atwa w u\u017cyciu:<\/p>\n<ol>\n<li>Zarejestruj si\u0119 za pomoc\u0105 nazwy u\u017cytkownika, adresu e-mail, a czasem nawet anonimowo.<\/li>\n<li>Ustaw swoje preferencje - z kim chcesz si\u0119 spotyka\u0107 i sk\u0105d.<\/li>\n<li>Do\u0142\u0105cz do losowej sesji randkowej przed kamer\u0105 lub przegl\u0105daj profile, aby zaprosi\u0107 kogo\u015b na prywatny czat.<\/li>\n<li>Zezw\u00f3l na dost\u0119p do kamery i mikrofonu. (Ty kontrolujesz, kiedy kamera jest w\u0142\u0105czona).<\/li>\n<li>Rozpocznij swoj\u0105 randk\u0119! Zosta\u0144 na kilka minut lub godzin\u0119 - to zale\u017cy od Ciebie.<\/li>\n<li>Nie czujesz tego? Przejd\u017a dalej jednym klikni\u0119ciem - bez niezr\u0119czno\u015bci, bez presji.<\/li>\n<\/ol>\n<p>Niekt\u00f3re platformy oferuj\u0105 nawet wydarzenia typu \"szybkie randki\", lodo\u0142amacze lub tematyczne czaty wideo, aby pom\u00f3c Ci zacz\u0105\u0107.<\/p>\n<h2>Najlepsze serwisy i aplikacje randkowe z kamerkami<\/h2>\n<p>Nie wiesz od czego zacz\u0105\u0107? Oto kilka najpopularniejszych miejsc, w kt\u00f3rych mo\u017cna spr\u00f3bowa\u0107 randek przed kamer\u0105:<\/p>\n<ul>\n<li>CooMeet: Znany z weryfikacji p\u0142ci i przyjaznych, zalotnych czat\u00f3w wideo mi\u0119dzy m\u0119\u017cczyznami i kobietami.<\/li>\n<li>LuckyCrush: Losowo \u0142\u0105czy m\u0119\u017cczyzn i kobiety w pary na randki przed kamerami na \u017cywo z ca\u0142ego \u015bwiata.<\/li>\n<li>Flingster: Koncentruje si\u0119 na randkach z kamerkami dla doros\u0142ych i zalotnych, otwartych rozmowach.<\/li>\n<li>Chatspin: Oferuje filtry p\u0142ci, lokalizacji i zainteresowa\u0144, a tak\u017ce opcje randek losowych i prywatnych.<\/li>\n<li>Chatrandom: \u0141\u0105czy swobodny czat, randki i kamery grupowe dla wszystkich osobowo\u015bci.<\/li>\n<li>Omegle\/Chatroulette: Klasyczne platformy do losowego czatowania przed kamer\u0105 - u\u017cywane przez wielu singli w celu znalezienia zabawy lub romansu.<\/li>\n<\/ul>\n<p>Ka\u017cdy z nich ma w\u0142asn\u0105 spo\u0142eczno\u015b\u0107 i klimat. Wypr\u00f3buj kilka z nich, aby znale\u017a\u0107 odpowiednie dla siebie do\u015bwiadczenie randkowe.<\/p>\n<h2>Randki przed kamer\u0105 a tradycyjne randki online<\/h2>\n<table>\n<thead>\n<tr>\n<th>Cecha<\/th>\n<th>Cam Dating<\/th>\n<th>Aplikacja\/Swipe Dating<\/th>\n<th>Media spo\u0142eczno\u015bciowe<\/th>\n<th>Tylko czat tekstowy<\/th>\n<\/tr>\n<\/thead>\n<tbody>\n<tr>\n<td>Wideo w czasie rzeczywistym<\/td>\n<td>\u2705<\/td>\n<td>\u274c<\/td>\n<td>\u274c<\/td>\n<td>\u274c<\/td>\n<\/tr>\n<tr>\n<td>Natychmiastowa chemia<\/td>\n<td>\u2705<\/td>\n<td>\u274c<\/td>\n<td>\u274c<\/td>\n<td>\u274c<\/td>\n<\/tr>\n<tr>\n<td>Odporny na sumy<\/td>\n<td>\u2705<\/td>\n<td>\u274c<\/td>\n<td>\u274c<\/td>\n<td>\u274c<\/td>\n<\/tr>\n<tr>\n<td>Prywatny lub losowy czat<\/td>\n<td>\u2705<\/td>\n<td>\u2705<\/td>\n<td>\u2705<\/td>\n<td>\u2705<\/td>\n<\/tr>\n<tr>\n<td>Opcje czatu grupowego<\/td>\n<td>\u2705<\/td>\n<td>\u274c<\/td>\n<td>\u2705<\/td>\n<td>\u2705<\/td>\n<\/tr>\n<tr>\n<td>Darmowy w u\u017cyciu<\/td>\n<td>\u2705 (wi\u0119kszo\u015b\u0107)<\/td>\n<td>\u2705\/\u274c<\/td>\n<td>\u2705<\/td>\n<td>\u2705<\/td>\n<\/tr>\n<\/tbody>\n<\/table>\n<p>Dla tych, kt\u00f3rzy pragn\u0105 czego\u015b prawdziwego i natychmiastowego, randki przed kamer\u0105 s\u0105 zdecydowanym zwyci\u0119zc\u0105.<\/p>\n<h2>Darmowe randki przed kamer\u0105 a p\u0142atne opcje<\/h2>\n<p>Wi\u0119kszo\u015b\u0107 platform randkowych z kamerkami oferuje bezp\u0142atne randki z kamerkami, z p\u0142atnymi aktualizacjami dla funkcji premium, takich jak nieograniczona liczba dopasowa\u0144, zaawansowane filtry lub specjalne prezenty. Oto, jak si\u0119 one uk\u0142adaj\u0105:<\/p>\n<table>\n<thead>\n<tr>\n<th>Cecha<\/th>\n<th>Darmowe randki przed kamer\u0105<\/th>\n<th>P\u0142atne randki przed kamer\u0105<\/th>\n<\/tr>\n<\/thead>\n<tbody>\n<tr>\n<td>Brak koszt\u00f3w<\/td>\n<td>\u2705<\/td>\n<td>\u274c<\/td>\n<\/tr>\n<tr>\n<td>Nieograniczone losowe czaty<\/td>\n<td>\u2705 (ograniczony)<\/td>\n<td>\u2705<\/td>\n<\/tr>\n<tr>\n<td>Filtry zaawansowane<\/td>\n<td>\u274c<\/td>\n<td>\u2705<\/td>\n<\/tr>\n<tr>\n<td>Mecze priorytetowe<\/td>\n<td>\u274c<\/td>\n<td>\u2705<\/td>\n<\/tr>\n<tr>\n<td>Dost\u0119p do wszystkich funkcji<\/td>\n<td>\u274c<\/td>\n<td>\u2705<\/td>\n<\/tr>\n<\/tbody>\n<\/table>\n<p>Nie musisz p\u0142aci\u0107, by dobrze si\u0119 bawi\u0107! Wi\u0119kszo\u015b\u0107 ludzi czerpie wiele korzy\u015bci z darmowych wersji, a dodatki premium dodaj\u0105 tylko wi\u0119cej kontroli lub wygody.<\/p>\n<h2>Zachowanie bezpiecze\u0144stwa podczas randek przez Cam<\/h2>\n<p>Randki przed kamer\u0105 to \u015bwietna zabawa, ale zawsze priorytetem jest bezpiecze\u0144stwo:<\/p>\n<ul>\n<li>Nigdy nie udost\u0119pniaj prywatnych informacji (imi\u0119 i nazwisko, adres, numer telefonu), dop\u00f3ki nie zaufasz swojej randce.<\/li>\n<li>U\u017cyj pseudonimu, je\u015bli chcesz pozosta\u0107 anonimowy.<\/li>\n<li>Je\u015bli kiedykolwiek poczujesz si\u0119 niekomfortowo, natychmiast opu\u015b\u0107 czat - nie potrzebujesz \u017cadnych wyja\u015bnie\u0144.<\/li>\n<li>Korzystaj z witryn z funkcjami moderacji i raportowania.<\/li>\n<li>Zachowaj ostro\u017cno\u015b\u0107 w przypadku wyra\u017anych tre\u015bci - poznaj zasady platformy i w\u0142asn\u0105 stref\u0119 komfortu.<\/li>\n<\/ul>\n<p>Pami\u0119taj, \u017ce najlepsze relacje maj\u0105 miejsce, gdy obie osoby czuj\u0105 si\u0119 bezpieczne i szanowane.<\/p>\n<h2>Kto korzysta z Cam Dating?<\/h2>\n<p>Prawie wszyscy! Randki przed kamer\u0105 s\u0105 popularne w\u015br\u00f3d:<\/p>\n<ul>\n<li>Single zm\u0119czone catfishingiem i nieko\u0144cz\u0105cymi si\u0119 SMS-ami<\/li>\n<li>Ludzie szukaj\u0105cy prawdziwych, bezpo\u015brednich kontakt\u00f3w<\/li>\n<li>Ekspaci i podr\u00f3\u017cnicy chc\u0105cy pozna\u0107 ludzi z ca\u0142ego \u015bwiata<\/li>\n<li>Zalotne pary szukaj\u0105ce zabawy i przyg\u00f3d online<\/li>\n<li>Ka\u017cdy, kto chce umawia\u0107 si\u0119 na randki lub nawi\u0105zywa\u0107 kontakty towarzyskie na w\u0142asnych warunkach i we w\u0142asnym tempie.<\/li>\n<\/ul>\n<h2>Wskaz\u00f3wki dotycz\u0105ce najlepszych randek przed kamer\u0105<\/h2>\n<ul>\n<li>Ubierz si\u0119 wygodnie, ale b\u0105d\u017a sob\u0105 - nie musisz si\u0119 przebiera\u0107, chyba \u017ce chcesz.<\/li>\n<li>U\u017cyj dobrego o\u015bwietlenia i uporz\u0105dkowanego t\u0142a, aby wygl\u0105da\u0107 jak najlepiej.<\/li>\n<li>Zacznij od przyjaznego przywitania i szczerego u\u015bmiechu.<\/li>\n<li>Zadawaj pytania i s\u0142uchaj - rozmowa to ulica dwukierunkowa.<\/li>\n<li>Nie zniech\u0119caj si\u0119, je\u015bli czat nie jest niesamowity - po prostu przejd\u017a dalej i spr\u00f3buj ponownie.<\/li>\n<li>Jasno okre\u015bl swoje intencje, niezale\u017cnie od tego, czy szukasz przyja\u017ani, romansu, czy po prostu mi\u0142ego wieczoru.<\/li>\n<\/ul>\n<h2>O czym rozmawia\u0107 na randkach<\/h2>\n<p>Potrzebujesz inspiracji na nast\u0119pn\u0105 randk\u0119? Wypr\u00f3buj te tematy:<\/p>\n<ul>\n<li>Hobby, muzyka lub ulubione programy<\/li>\n<li>Historie z podr\u00f3\u017cy lub miejsca na li\u015bcie miejsc do odwiedzenia<\/li>\n<li>Jedzenie - jak\u0105 najlepsz\u0105 rzecz ostatnio jad\u0142e\u015b?<\/li>\n<li>G\u0142upie pytania typu \"czy wola\u0142by\u015b\"<\/li>\n<li>Zabawne wyzwania lub gry (prawda czy wyzwanie?)<\/li>\n<li>Co sk\u0142oni\u0142o Ci\u0119 do randkowania przed kamer\u0105?<\/li>\n<\/ul>\n<p>Odrobina ciekawo\u015bci mo\u017ce wiele zdzia\u0142a\u0107. Co najwa\u017cniejsze, b\u0105d\u017a otwarty, szczery i baw si\u0119 dobrze!<\/p>\n<h2>Kiedy Cam Dating jest w\u0142a\u015bciwym wyborem?<\/h2>\n<ul>\n<li>Kiedy chcesz pomin\u0105\u0107 pogaw\u0119dk\u0119 i zobaczy\u0107, czy iskry natychmiast si\u0119 pojawi\u0105<\/li>\n<li>Dla par na odleg\u0142o\u015b\u0107, kt\u00f3re chc\u0105 sp\u0119dza\u0107 czas twarz\u0105 w twarz<\/li>\n<li>Je\u015bli wstydzisz si\u0119 spotka\u0107 osobi\u015bcie, ale chcesz czego\u015b prawdziwego<\/li>\n<li>Gdy jeste\u015b zm\u0119czony cyklem \"swipe and ghost\" tradycyjnych aplikacji randkowych<\/li>\n<li>Dla ka\u017cdego, kto chce flirtowa\u0107, umawia\u0107 si\u0119 na randki lub po prostu nawi\u0105zywa\u0107 kontakty w nowoczesny, ekscytuj\u0105cy spos\u00f3b<\/li>\n<\/ul>\n<p>Randki przed kamer\u0105 przywracaj\u0105 dreszczyk emocji, prawdziwo\u015b\u0107 i ekscytacj\u0119 randkom online. S\u0105 spontaniczne, zabawne i od\u015bwie\u017caj\u0105co szczere - daj\u0105c ci szans\u0119 na nawi\u0105zanie kontaktu z kim\u015b nowym, twarz\u0105 w twarz, w dowolnym momencie. Niezale\u017cnie od tego, czy masz nadziej\u0119 na mi\u0142o\u015b\u0107, przyja\u017a\u0144, czy po prostu ma\u0142\u0105 przygod\u0119, randki przed kamer\u0105 sprawiaj\u0105, \u017ce jest to mo\u017cliwe - bez zobowi\u0105za\u0144, bez presji, po prostu prawdziwe po\u0142\u0105czenie.<\/p>\n<p>Gotowy, aby zobaczy\u0107, kto tam jest? Uruchom kamer\u0119 internetow\u0105, znajd\u017a darmowy serwis randkowy z kamerkami i rozpocznij kolejn\u0105 \u015bwietn\u0105 rozmow\u0119 ju\u017c dzi\u015b wieczorem. Tw\u00f3j wirtualny romans - lub nowa ulubiona historia - mo\u017ce by\u0107 na wyci\u0105gni\u0119cie r\u0119ki.<\/p>","protected":false},"excerpt":{"rendered":"<p>Online dating has come a long way from text messages and carefully curated profile pics. Cam dating is changing the game by making it possible to connect face-to-face instantly\u2014no more endless messaging, catfishing, or guesswork. In a world where we crave both intimacy and authenticity, cam dating sites give singles (and even couples) a way [&hellip;]<\/p>\n","protected":false},"author":8,"featured_media":0,"parent":0,"menu_order":0,"comment_status":"closed","ping_status":"closed","template":"","meta":{"footnotes":""},"class_list":["post-4141","page","type-page","status-publish","hentry"],"yoast_head":"<!-- This site is optimized with the Yoast SEO plugin v27.6 - https:\/\/yoast.com\/product\/yoast-seo-wordpress\/ -->\n<title>Cam Dating with Video Chat on TinyChat.com<\/title>\n<meta name=\"description\" content=\"Enjoying Cam Dating? Join over 50,000,000 strangers on TinyChat! Turn on your cam and start meeting new people, or find a match.\" \/>\n<meta name=\"robots\" content=\"index, follow, max-snippet:-1, max-image-preview:large, max-video-preview:-1\" \/>\n<link rel=\"canonical\" href=\"https:\/\/tinychat.com\/pl\/cam-dating\/\" \/>\n<meta property=\"og:locale\" content=\"pl_PL\" \/>\n<meta property=\"og:type\" content=\"article\" \/>\n<meta property=\"og:title\" content=\"Cam Dating with Video Chat on TinyChat.com\" \/>\n<meta property=\"og:description\" content=\"Enjoying Cam Dating? Join over 50,000,000 strangers on TinyChat! Turn on your cam and start meeting new people, or find a match.\" \/>\n<meta property=\"og:url\" content=\"https:\/\/tinychat.com\/pl\/cam-dating\/\" \/>\n<meta property=\"og:site_name\" content=\"TinyChat\" \/>\n<meta property=\"article:publisher\" content=\"https:\/\/www.facebook.com\/tinychat\" \/>\n<meta property=\"article:modified_time\" content=\"2025-07-07T16:19:49+00:00\" \/>\n<meta property=\"og:image\" content=\"https:\/\/tinychat.com\/wp-content\/uploads\/2020\/04\/Tinychat-logo-1280x284-new-black.png\" \/>\n\t<meta property=\"og:image:width\" content=\"1280\" \/>\n\t<meta property=\"og:image:height\" content=\"284\" \/>\n\t<meta property=\"og:image:type\" content=\"image\/png\" \/>\n<meta name=\"twitter:card\" content=\"summary_large_image\" \/>\n<meta name=\"twitter:site\" content=\"@tinychat\" \/>\n<meta name=\"twitter:label1\" content=\"Szacowany czas czytania\" \/>\n\t<meta name=\"twitter:data1\" content=\"6 minut\" \/>\n<script type=\"application\/ld+json\" class=\"yoast-schema-graph\">{\"@context\":\"https:\\\/\\\/schema.org\",\"@graph\":[{\"@type\":\"WebPage\",\"@id\":\"https:\\\/\\\/tinychat.com\\\/cam-dating\\\/\",\"url\":\"https:\\\/\\\/tinychat.com\\\/cam-dating\\\/\",\"name\":\"Cam Dating with Video Chat on TinyChat.com\",\"isPartOf\":{\"@id\":\"https:\\\/\\\/tinychat.com\\\/#website\"},\"datePublished\":\"2025-05-23T16:04:51+00:00\",\"dateModified\":\"2025-07-07T16:19:49+00:00\",\"description\":\"Enjoying Cam Dating? Join over 50,000,000 strangers on TinyChat! Turn on your cam and start meeting new people, or find a match.\",\"breadcrumb\":{\"@id\":\"https:\\\/\\\/tinychat.com\\\/cam-dating\\\/#breadcrumb\"},\"inLanguage\":\"pl-PL\",\"potentialAction\":[{\"@type\":\"ReadAction\",\"target\":[\"https:\\\/\\\/tinychat.com\\\/cam-dating\\\/\"]}]},{\"@type\":\"BreadcrumbList\",\"@id\":\"https:\\\/\\\/tinychat.com\\\/cam-dating\\\/#breadcrumb\",\"itemListElement\":[{\"@type\":\"ListItem\",\"position\":1,\"name\":\"Home\",\"item\":\"https:\\\/\\\/tinychat.com\\\/\"},{\"@type\":\"ListItem\",\"position\":2,\"name\":\"Cam Dating\"}]},{\"@type\":\"WebSite\",\"@id\":\"https:\\\/\\\/tinychat.com\\\/#website\",\"url\":\"https:\\\/\\\/tinychat.com\\\/\",\"name\":\"TinyChat\",\"description\":\"Random Video Chat with Strangers\",\"publisher\":{\"@id\":\"https:\\\/\\\/tinychat.com\\\/#organization\"},\"alternateName\":\"TinyChat.com\",\"potentialAction\":[{\"@type\":\"SearchAction\",\"target\":{\"@type\":\"EntryPoint\",\"urlTemplate\":\"https:\\\/\\\/tinychat.com\\\/?s={search_term_string}\"},\"query-input\":{\"@type\":\"PropertyValueSpecification\",\"valueRequired\":true,\"valueName\":\"search_term_string\"}}],\"inLanguage\":\"pl-PL\"},{\"@type\":\"Organization\",\"@id\":\"https:\\\/\\\/tinychat.com\\\/#organization\",\"name\":\"TinyChat\",\"alternateName\":\"TinyChat.com\",\"url\":\"https:\\\/\\\/tinychat.com\\\/\",\"logo\":{\"@type\":\"ImageObject\",\"inLanguage\":\"pl-PL\",\"@id\":\"https:\\\/\\\/tinychat.com\\\/#\\\/schema\\\/logo\\\/image\\\/\",\"url\":\"https:\\\/\\\/tinychat.com\\\/wp-content\\\/uploads\\\/2023\\\/11\\\/Tinychat-icon-square.png\",\"contentUrl\":\"https:\\\/\\\/tinychat.com\\\/wp-content\\\/uploads\\\/2023\\\/11\\\/Tinychat-icon-square.png\",\"width\":284,\"height\":284,\"caption\":\"TinyChat\"},\"image\":{\"@id\":\"https:\\\/\\\/tinychat.com\\\/#\\\/schema\\\/logo\\\/image\\\/\"},\"sameAs\":[\"https:\\\/\\\/www.facebook.com\\\/tinychat\",\"https:\\\/\\\/x.com\\\/tinychat\"]}]}<\/script>\n<!-- \/ Yoast SEO plugin. -->","yoast_head_json":{"title":"Randki przed kamer\u0105 z czatem wideo na TinyChat.com","description":"Lubisz randki przed kamer\u0105? Do\u0142\u0105cz do ponad 50 000 000 nieznajomych na TinyChat! W\u0142\u0105cz kamer\u0119 i zacznij poznawa\u0107 nowych ludzi lub znajd\u017a partnera.","robots":{"index":"index","follow":"follow","max-snippet":"max-snippet:-1","max-image-preview":"max-image-preview:large","max-video-preview":"max-video-preview:-1"},"canonical":"https:\/\/tinychat.com\/pl\/cam-dating\/","og_locale":"pl_PL","og_type":"article","og_title":"Cam Dating with Video Chat on TinyChat.com","og_description":"Enjoying Cam Dating? Join over 50,000,000 strangers on TinyChat! Turn on your cam and start meeting new people, or find a match.","og_url":"https:\/\/tinychat.com\/pl\/cam-dating\/","og_site_name":"TinyChat","article_publisher":"https:\/\/www.facebook.com\/tinychat","article_modified_time":"2025-07-07T16:19:49+00:00","og_image":[{"width":1280,"height":284,"url":"https:\/\/tinychat.com\/wp-content\/uploads\/2020\/04\/Tinychat-logo-1280x284-new-black.png","type":"image\/png"}],"twitter_card":"summary_large_image","twitter_site":"@tinychat","twitter_misc":{"Szacowany czas czytania":"6 minut"},"schema":{"@context":"https:\/\/schema.org","@graph":[{"@type":"WebPage","@id":"https:\/\/tinychat.com\/cam-dating\/","url":"https:\/\/tinychat.com\/cam-dating\/","name":"Randki przed kamer\u0105 z czatem wideo na TinyChat.com","isPartOf":{"@id":"https:\/\/tinychat.com\/#website"},"datePublished":"2025-05-23T16:04:51+00:00","dateModified":"2025-07-07T16:19:49+00:00","description":"Lubisz randki przed kamer\u0105? Do\u0142\u0105cz do ponad 50 000 000 nieznajomych na TinyChat! W\u0142\u0105cz kamer\u0119 i zacznij poznawa\u0107 nowych ludzi lub znajd\u017a partnera.","breadcrumb":{"@id":"https:\/\/tinychat.com\/cam-dating\/#breadcrumb"},"inLanguage":"pl-PL","potentialAction":[{"@type":"ReadAction","target":["https:\/\/tinychat.com\/cam-dating\/"]}]},{"@type":"BreadcrumbList","@id":"https:\/\/tinychat.com\/cam-dating\/#breadcrumb","itemListElement":[{"@type":"ListItem","position":1,"name":"Home","item":"https:\/\/tinychat.com\/"},{"@type":"ListItem","position":2,"name":"Cam Dating"}]},{"@type":"WebSite","@id":"https:\/\/tinychat.com\/#website","url":"https:\/\/tinychat.com\/","name":"TinyChat","description":"Losowy czat wideo z nieznajomymi","publisher":{"@id":"https:\/\/tinychat.com\/#organization"},"alternateName":"TinyChat.com","potentialAction":[{"@type":"SearchAction","target":{"@type":"EntryPoint","urlTemplate":"https:\/\/tinychat.com\/?s={search_term_string}"},"query-input":{"@type":"PropertyValueSpecification","valueRequired":true,"valueName":"search_term_string"}}],"inLanguage":"pl-PL"},{"@type":"Organization","@id":"https:\/\/tinychat.com\/#organization","name":"TinyChat","alternateName":"TinyChat.com","url":"https:\/\/tinychat.com\/","logo":{"@type":"ImageObject","inLanguage":"pl-PL","@id":"https:\/\/tinychat.com\/#\/schema\/logo\/image\/","url":"https:\/\/tinychat.com\/wp-content\/uploads\/2023\/11\/Tinychat-icon-square.png","contentUrl":"https:\/\/tinychat.com\/wp-content\/uploads\/2023\/11\/Tinychat-icon-square.png","width":284,"height":284,"caption":"TinyChat"},"image":{"@id":"https:\/\/tinychat.com\/#\/schema\/logo\/image\/"},"sameAs":["https:\/\/www.facebook.com\/tinychat","https:\/\/x.com\/tinychat"]}]}},"_links":{"self":[{"href":"https:\/\/tinychat.com\/pl\/wp-json\/wp\/v2\/pages\/4141","targetHints":{"allow":["GET"]}}],"collection":[{"href":"https:\/\/tinychat.com\/pl\/wp-json\/wp\/v2\/pages"}],"about":[{"href":"https:\/\/tinychat.com\/pl\/wp-json\/wp\/v2\/types\/page"}],"author":[{"embeddable":true,"href":"https:\/\/tinychat.com\/pl\/wp-json\/wp\/v2\/users\/8"}],"replies":[{"embeddable":true,"href":"https:\/\/tinychat.com\/pl\/wp-json\/wp\/v2\/comments?post=4141"}],"version-history":[{"count":4,"href":"https:\/\/tinychat.com\/pl\/wp-json\/wp\/v2\/pages\/4141\/revisions"}],"predecessor-version":[{"id":13307,"href":"https:\/\/tinychat.com\/pl\/wp-json\/wp\/v2\/pages\/4141\/revisions\/13307"}],"wp:attachment":[{"href":"https:\/\/tinychat.com\/pl\/wp-json\/wp\/v2\/media?parent=4141"}],"curies":[{"name":"wp","href":"https:\/\/api.w.org\/{rel}","templated":true}]}}