{"id":4158,"date":"2025-08-14T09:27:29","date_gmt":"2025-08-14T07:27:29","guid":{"rendered":"https:\/\/tinychat.com\/?page_id=4158"},"modified":"2025-08-14T10:01:21","modified_gmt":"2025-08-14T08:01:21","slug":"omegle-video-call","status":"publish","type":"page","link":"https:\/\/tinychat.com\/pl\/omegle-video-call\/","title":{"rendered":"Omegle Po\u0142\u0105czenie wideo"},"content":{"rendered":"<p>Pomys\u0142 rozpocz\u0119cia rozmowy na \u017cywo z kim\u015b, kogo nigdy nie spotka\u0142e\u015b - gdziekolwiek na \u015bwiecie - nie jest nowy. Funkcje po\u0142\u0105cze\u0144 wideo Omegle uczyni\u0142y go s\u0142awnym, a koncepcja ta nadal ekscytuje ludzi. Jest szybki, nieprzewidywalny i osobisty. Wystarczy jedno klikni\u0119cie, aby znale\u017a\u0107 si\u0119 twarz\u0105 w twarz z kim\u015b po drugiej stronie globu, dziel\u0105c si\u0119 historiami, \u015bmiechem, a nawet kilkoma minutami ciekawo\u015bci.<\/p>\n<p>Dla wielu ten styl czatowania oferuje co\u015b, czego media spo\u0142eczno\u015bciowe i aplikacje randkowe nie mog\u0105: interakcj\u0119 w czasie rzeczywistym bez filtr\u00f3w, przeci\u0105gni\u0119\u0107 lub algorytm\u00f3w decyduj\u0105cych o tym, kogo spotykasz.<\/p>\n<h2>Co to jest po\u0142\u0105czenie wideo Omegle?<\/h2>\n<p>W najprostszej formie rozmowa wideo Omegle to czat wideo na \u017cywo jeden na jednego z przypadkow\u0105 nieznajom\u0105 osob\u0105. W\u0142\u0105czasz kamer\u0119 internetow\u0105, druga osoba robi to samo i rozmawiacie, dop\u00f3ki jedno z was nie zdecyduje si\u0119 przej\u015b\u0107 dalej. Bez rejestracji, bez danych osobowych, bez zobowi\u0105za\u0144 - po prostu spontaniczna, bezpo\u015brednia komunikacja.<\/p>\n<p>Podczas gdy marka Omegle spopularyzowa\u0142a go, ten rodzaj losowych po\u0142\u0105cze\u0144 wideo istnieje obecnie na wielu platformach. G\u0142\u00f3wna idea pozostaje taka sama: po\u0142\u0105cz si\u0119 natychmiast, rozmawiaj tak d\u0142ugo, jak chcesz, a nast\u0119pnie przejd\u017a do nast\u0119pnego meczu.<\/p>\n<h2>Dlaczego ludzie kochaj\u0105 rozmowy wideo w stylu Omegle?<\/h2>\n<p>Nie bez powodu miliony ludzi wypr\u00f3bowa\u0142y ten format i wci\u0105\u017c do niego wracaj\u0105. Nie chodzi tylko o czatowanie - chodzi o nieoczekiwane chwile, kt\u00f3re zdarzaj\u0105 si\u0119, gdy dwoje nieznajomych spotyka si\u0119 w czasie rzeczywistym.<\/p>\n<ul>\n<li>Natychmiastowe po\u0142\u0105czenie - nie trzeba wymienia\u0107 nazw u\u017cytkownik\u00f3w ani dodawa\u0107 os\u00f3b. Natychmiast do\u0142\u0105czasz do rozmowy.<\/li>\n<li>Globalny zasi\u0119g - Poznawaj ludzi z dowolnego miejsca, od du\u017cych miast po odleg\u0142e miejscowo\u015bci.<\/li>\n<li>Pe\u0142na r\u00f3\u017cnorodno\u015b\u0107 - ka\u017cda rozmowa jest inna; nigdy nie wiadomo, kto b\u0119dzie nast\u0119pny.<\/li>\n<li>Swoboda pomijania - je\u015bli atmosfera nie jest odpowiednia, wystarczy jedno klikni\u0119cie, aby przej\u015b\u0107 do nowego czatu.<\/li>\n<li>Szczero\u015b\u0107 twarz\u0105 w twarz - Widz\u0105c i s\u0142ysz\u0105c kogo\u015b w czasie rzeczywistym, trudniej jest ukry\u0107 si\u0119 za fa\u0142szywymi profilami.<\/li>\n<\/ul>\n<p>Niekt\u00f3rzy ludzie u\u017cywaj\u0105 po\u0142\u0105cze\u0144 wideo w stylu Omegle do szybkiej rozrywki, inni do prawdziwej przyja\u017ani, a nawet \u0107wicze\u0144 j\u0119zykowych.<\/p>\n<h2>Jak dzia\u0142a po\u0142\u0105czenie wideo Omegle<\/h2>\n<p>Je\u015bli nigdy wcze\u015bniej tego nie pr\u00f3bowa\u0142e\u015b, rozpocz\u0119cie jest zaskakuj\u0105co proste:<\/p>\n<ol>\n<li>Wybierz platform\u0119 - Podczas gdy oryginalna strona Omegle jest jedn\u0105 z opcji, obecnie istnieje wiele alternatyw, takich jak TinyChat, Chatspin i CamSurf.<\/li>\n<li>W\u0142\u0105cz kamer\u0119 internetow\u0105 i mikrofon - witryna poprosi o pozwolenie na korzystanie z kamery i d\u017awi\u0119ku.<\/li>\n<li>Kliknij, aby po\u0142\u0105czy\u0107 - platforma \u0142\u0105czy Ci\u0119 z innym u\u017cytkownikiem w ci\u0105gu kilku sekund.<\/li>\n<li>Czatuj lub pomi\u0144 - zosta\u0144 tak d\u0142ugo, jak lubisz rozmow\u0119, lub kliknij \"dalej\", aby pozna\u0107 kogo\u015b nowego.<\/li>\n<\/ol>\n<p>Wiele platform umo\u017cliwia r\u00f3wnie\u017c dodawanie tag\u00f3w zainteresowa\u0144, dzi\u0119ki czemu istnieje wi\u0119ksze prawdopodobie\u0144stwo, \u017ce zostaniesz sparowany z osobami, kt\u00f3re podzielaj\u0105 twoje hobby lub tematy.<\/p>\n<h2>Warianty po\u0142\u0105cze\u0144 wideo Omegle<\/h2>\n<p>Nie wszystkie losowe czaty wideo s\u0105 takie same. Mo\u017cesz natkn\u0105\u0107 si\u0119 na r\u00f3\u017cne formaty, kt\u00f3re pasuj\u0105 do r\u00f3\u017cnych nastroj\u00f3w lub poziom\u00f3w komfortu:<\/p>\n<ul>\n<li>Darmowe po\u0142\u0105czenie wideo Omegle - Bez koszt\u00f3w, bez rejestracji, po prostu natychmiastowe mecze.<\/li>\n<li>Anonimowe rozmowy wideo - Ukryj swoje imi\u0119, u\u017cyj pseudonimu lub wy\u0142\u0105cz kamer\u0119, dop\u00f3ki nie b\u0119dziesz gotowy.<\/li>\n<li>Dopasowanie oparte na zainteresowaniach - dopasowanie do os\u00f3b na podstawie wsp\u00f3lnych temat\u00f3w.<\/li>\n<li>Sekcje tylko dla doros\u0142ych - czaty 18+ dla os\u00f3b szukaj\u0105cych zalotnych lub wyra\u017anych interakcji.<\/li>\n<li>Grupowe pokoje wideo - Zamiast jednej osoby, do\u0142\u0105cz do pokoju z wieloma kamerami dzia\u0142aj\u0105cymi jednocze\u015bnie.<\/li>\n<\/ul>\n<h2>Omegle Rozmowa wideo vs. czat tekstowy<\/h2>\n<p>Podczas gdy Omegle rozpocz\u0105\u0142 r\u00f3wnie\u017c czat tekstowy, funkcja po\u0142\u0105cze\u0144 wideo oferuje znacznie bogatsze wra\u017cenia.<\/p>\n<table>\n<thead>\n<tr>\n<th>Cecha<\/th>\n<th>Omegle Po\u0142\u0105czenie wideo<\/th>\n<th>Omegle Czat tekstowy<\/th>\n<\/tr>\n<\/thead>\n<tbody>\n<tr>\n<td>Zobacz mimik\u0119 twarzy<\/td>\n<td>\u2705<\/td>\n<td>\u274c<\/td>\n<\/tr>\n<tr>\n<td>Us\u0142ysze\u0107 ton g\u0142osu<\/td>\n<td>\u2705<\/td>\n<td>\u274c<\/td>\n<\/tr>\n<tr>\n<td>Natychmiastowa kontrola chemiczna<\/td>\n<td>\u2705<\/td>\n<td>\u274c<\/td>\n<\/tr>\n<tr>\n<td>Bardziej osobisty kontakt<\/td>\n<td>\u2705<\/td>\n<td>\u26a0\ufe0f Mniej<\/td>\n<\/tr>\n<tr>\n<td>Dzia\u0142a bez kamery internetowej<\/td>\n<td>\u274c<\/td>\n<td>\u2705<\/td>\n<\/tr>\n<\/tbody>\n<\/table>\n<p>Czat tekstowy mo\u017ce by\u0107 \u015bwietny do zachowania anonimowo\u015bci, ale wideo sprawia, \u017ce interakcja jest bardziej ludzka.<\/p>\n<h2>Bezpiecze\u0144stwo podczas po\u0142\u0105cze\u0144 wideo w stylu Omegle<\/h2>\n<p>Poniewa\u017c spotykasz si\u0119 z nieznajomymi, wa\u017cne jest ustalenie granic. Najlepsze platformy, w tym niekt\u00f3re alternatywy Omegle, maj\u0105 funkcje bezpiecze\u0144stwa, ale powiniene\u015b tak\u017ce chroni\u0107 siebie:<\/p>\n<ul>\n<li>Nie udost\u0119pniaj danych osobowych, takich jak imi\u0119 i nazwisko, adres czy miejsce pracy.<\/li>\n<li>U\u017cyj pseudonimu, je\u015bli w og\u00f3le podajesz swoje imi\u0119.<\/li>\n<li>Opu\u015b\u0107 gr\u0119 natychmiast, je\u015bli kto\u015b sprawi, \u017ce poczujesz si\u0119 niekomfortowo.<\/li>\n<li>Zg\u0142aszaj nieodpowiednich u\u017cytkownik\u00f3w - wi\u0119kszo\u015b\u0107 witryn ma narz\u0119dzia do szybkiego zg\u0142aszania.<\/li>\n<li>Zwr\u00f3\u0107 uwag\u0119 na t\u0142o kamery, aby unikn\u0105\u0107 pokazywania prywatnych szczeg\u00f3\u0142\u00f3w.<\/li>\n<\/ul>\n<h2>Dlaczego ludzie wci\u0105\u017c szukaj\u0105 alternatyw dla po\u0142\u0105cze\u0144 wideo Omegle?<\/h2>\n<p>Omegle istnieje od lat, ale nie jest jedyn\u0105 opcj\u0105 - a dla wielu nie jest ju\u017c najlepsza. Niekt\u00f3rzy u\u017cytkownicy szukaj\u0105 alternatyw, poniewa\u017c:<\/p>\n<ul>\n<li>Omegle nie zawsze ma siln\u0105 moderacj\u0119.<\/li>\n<li>Niekt\u00f3re regiony blokuj\u0105 t\u0119 witryn\u0119.<\/li>\n<li>Potrzebuj\u0105 filtr\u00f3w takich jak p\u0142e\u0107, lokalizacja czy zainteresowania.<\/li>\n<li>Wol\u0105 czystsz\u0105, bardziej przyjazn\u0105 spo\u0142eczno\u015b\u0107.<\/li>\n<li>Lubi\u0105 projekty przyjazne dla urz\u0105dze\u0144 mobilnych lub dedykowane aplikacje.<\/li>\n<\/ul>\n<p>To w\u0142a\u015bnie tam platformy takie jak TinyChat b\u0142yszcz\u0105, oferuj\u0105c zar\u00f3wno losowe rozmowy wideo jeden na jednego, jak i ustrukturyzowane czaty grupowe z pokojami tematycznymi.<\/p>\n<h2>Dlaczego TinyChat jest \u015bwietn\u0105 alternatyw\u0105 dla po\u0142\u0105cze\u0144 wideo Omegle?<\/h2>\n<p>TinyChat daje wi\u0119cej mo\u017cliwo\u015bci po\u0142\u0105czenia si\u0119 bez utraty spontaniczno\u015bci meczu w stylu Omegle:<\/p>\n<ul>\n<li>Publiczne i prywatne pokoje - czatuj jeden na jednego lub do\u0142\u0105cz do otwartych pokoi opartych na Twoich zainteresowaniach.<\/li>\n<li>Wideo, g\u0142os i tekst - wybierz spos\u00f3b po\u0142\u0105czenia.<\/li>\n<li>Brak przymusowej rejestracji - do\u0142\u0105cz natychmiast lub utw\u00f3rz konto, aby korzysta\u0107 z dodatkowych funkcji.<\/li>\n<li>Dost\u0119p mi\u0119dzyplatformowy - dzia\u0142a w przegl\u0105darce lub za po\u015brednictwem aplikacji mobilnych.<\/li>\n<li>Globalna spo\u0142eczno\u015b\u0107 - poznawaj ludzi z ca\u0142ego \u015bwiata o ka\u017cdej porze dnia.<\/li>\n<\/ul>\n<p>Dla tych, kt\u00f3rym podoba si\u0119 pomys\u0142 po\u0142\u0105cze\u0144 wideo Omegle, ale chc\u0105 mie\u0107 wi\u0119ksz\u0105 kontrol\u0119 nad swoim \u015brodowiskiem, TinyChat jest dobrym wyborem.<\/p>\n<h2>Korzystanie z po\u0142\u0105czenia wideo Omegle dla zabawy i po\u0142\u0105czenia<\/h2>\n<p>Ludzie si\u0119gaj\u0105 po telefony w stylu Omegle z r\u00f3\u017cnych powod\u00f3w:<\/p>\n<ul>\n<li>Poznawanie ludzi podczas podr\u00f3\u017cy lub w nowych miastach.<\/li>\n<li>\u0106wiczenie m\u00f3wienia w j\u0119zyku obcym z native speakerami.<\/li>\n<li>Aby prze\u0142ama\u0107 nud\u0119 i spotka\u0107 przyjazne twarze podczas przestoj\u00f3w.<\/li>\n<li>Aby poflirtowa\u0107 i sprawdzi\u0107, czy istnieje natychmiastowa chemia.<\/li>\n<li>Poznawanie innych kultur i styl\u00f3w \u017cycia bez opuszczania domu.<\/li>\n<\/ul>\n<p>Niezale\u017cnie od tego, czy cel jest swobodny, czy bardziej znacz\u0105cy, do\u015bwiadczenie mo\u017ce by\u0107 tak lekkie lub tak g\u0142\u0119bokie, jak chcesz.<\/p>\n<h2>Wskaz\u00f3wki dotycz\u0105ce lepszych wra\u017ce\u0144 z po\u0142\u0105cze\u0144 wideo Omegle<\/h2>\n<ul>\n<li>Dobre o\u015bwietlenie pomaga - ludzie s\u0105 bardziej sk\u0142onni do pozostania w pobli\u017cu, gdy wyra\u017anie ci\u0119 widz\u0105.<\/li>\n<li>Zachowaj otwarty umys\u0142 - spotkasz ludzi z r\u00f3\u017cnych \u015brodowisk.<\/li>\n<li>U\u015bmiechnij si\u0119 i przywitaj - przyjazny pocz\u0105tek robi r\u00f3\u017cnic\u0119.<\/li>\n<li>Pr\u00f3buj o r\u00f3\u017cnych porach - baza u\u017cytkownik\u00f3w zmienia si\u0119 w zale\u017cno\u015bci od godziny, co zapewnia r\u00f3\u017cnorodno\u015b\u0107.<\/li>\n<li>Wiedz, kiedy zrezygnowa\u0107 - je\u015bli to nie dzia\u0142a, id\u017a dalej bez poczucia winy.<\/li>\n<\/ul>\n<h2>Dreszczyk emocji zwi\u0105zany z przypadkowymi po\u0142\u0105czeniami wideo<\/h2>\n<p>Atrakcyjno\u015b\u0107 po\u0142\u0105cze\u0144 wideo Omegle nie s\u0142abnie, poniewa\u017c wykorzystuje co\u015b ponadczasowego: ciekawo\u015b\u0107 innych ludzi. Spotkanie z nieznajomym w czasie rzeczywistym - twarz\u0105 w twarz - mo\u017ce by\u0107 ekscytuj\u0105ce, zabawne, zaskakuj\u0105ce, a nawet wzruszaj\u0105ce. Czasami \u0142\u0105czymy si\u0119 tylko na minut\u0119, czasami na godziny, a czasami wymieniamy si\u0119 szczeg\u00f3\u0142ami, aby porozmawia\u0107 ponownie.<\/p>\n<p>To w\u0142a\u015bnie ta mieszanka nieprzewidywalno\u015bci i mo\u017cliwo\u015bci sprawia, \u017ce ludzie wracaj\u0105.<\/p>\n<p>Sesje po\u0142\u0105cze\u0144 wideo Omegle oferuj\u0105 jeden z najszybszych i najbardziej osobistych sposob\u00f3w na poznanie nieznajomych online. Niezale\u017cnie od tego, czy korzystasz z Omegle, czy te\u017c szukasz alternatywnych rozwi\u0105za\u0144, takich jak TinyChat, formu\u0142a pozostaje taka sama: po\u0142\u0105cz si\u0119 natychmiast, podziel si\u0119 chwil\u0105 i przejd\u017a dalej, gdy b\u0119dziesz gotowy.<\/p>\n<p>Nie chodzi tu o budowanie listy znajomych czy pogo\u0144 za polubieniami - chodzi o prawdziwe, niefiltrowane interakcje mi\u0119dzyludzkie. Je\u015bli nigdy tego nie pr\u00f3bowa\u0142e\u015b, wystarczy kamera internetowa, dobre po\u0142\u0105czenie internetowe i odrobina ciekawo\u015bci.<\/p>\n<p>Kto wie? Twoja nast\u0119pna rozmowa wideo w stylu Omegle mo\u017ce by\u0107 po prostu punktem kulminacyjnym Twojego dnia.<\/p>","protected":false},"excerpt":{"rendered":"<p>The idea of jumping into a live conversation with someone you\u2019ve never met\u2014anywhere in the world\u2014isn\u2019t new. Omegle video call features made it famous, and the concept still excites people today. It\u2019s fast, unpredictable, and personal. With just a click, you can be face-to-face with someone on the other side of the planet, sharing stories, [&hellip;]<\/p>\n","protected":false},"author":8,"featured_media":0,"parent":0,"menu_order":0,"comment_status":"closed","ping_status":"closed","template":"","meta":{"footnotes":""},"class_list":["post-4158","page","type-page","status-publish","hentry"],"yoast_head":"<!-- This site is optimized with the Yoast SEO plugin v27.6 - https:\/\/yoast.com\/product\/yoast-seo-wordpress\/ -->\n<title>Omegle Video Call with Video Chat on TinyChat.com<\/title>\n<meta name=\"description\" content=\"Enjoying Omegle Video Call? Join over 50,000,000 strangers on TinyChat! Turn on your cam and start meeting new people, or find a match.\" \/>\n<meta name=\"robots\" content=\"index, follow, max-snippet:-1, max-image-preview:large, max-video-preview:-1\" \/>\n<link rel=\"canonical\" href=\"https:\/\/tinychat.com\/pl\/omegle-video-call\/\" \/>\n<meta property=\"og:locale\" content=\"pl_PL\" \/>\n<meta property=\"og:type\" content=\"article\" \/>\n<meta property=\"og:title\" content=\"Omegle Video Call with Video Chat on TinyChat.com\" \/>\n<meta property=\"og:description\" content=\"Enjoying Omegle Video Call? Join over 50,000,000 strangers on TinyChat! Turn on your cam and start meeting new people, or find a match.\" \/>\n<meta property=\"og:url\" content=\"https:\/\/tinychat.com\/pl\/omegle-video-call\/\" \/>\n<meta property=\"og:site_name\" content=\"TinyChat\" \/>\n<meta property=\"article:publisher\" content=\"https:\/\/www.facebook.com\/tinychat\" \/>\n<meta property=\"article:modified_time\" content=\"2025-08-14T08:01:21+00:00\" \/>\n<meta property=\"og:image\" content=\"https:\/\/tinychat.com\/wp-content\/uploads\/2020\/04\/Tinychat-logo-1280x284-new-black.png\" \/>\n\t<meta property=\"og:image:width\" content=\"1280\" \/>\n\t<meta property=\"og:image:height\" content=\"284\" \/>\n\t<meta property=\"og:image:type\" content=\"image\/png\" \/>\n<meta name=\"twitter:card\" content=\"summary_large_image\" \/>\n<meta name=\"twitter:site\" content=\"@tinychat\" \/>\n<meta name=\"twitter:label1\" content=\"Szacowany czas czytania\" \/>\n\t<meta name=\"twitter:data1\" content=\"6 minut\" \/>\n<script type=\"application\/ld+json\" class=\"yoast-schema-graph\">{\"@context\":\"https:\\\/\\\/schema.org\",\"@graph\":[{\"@type\":\"WebPage\",\"@id\":\"https:\\\/\\\/tinychat.com\\\/omegle-video-call\\\/\",\"url\":\"https:\\\/\\\/tinychat.com\\\/omegle-video-call\\\/\",\"name\":\"Omegle Video Call with Video Chat on TinyChat.com\",\"isPartOf\":{\"@id\":\"https:\\\/\\\/tinychat.com\\\/#website\"},\"datePublished\":\"2025-08-14T07:27:29+00:00\",\"dateModified\":\"2025-08-14T08:01:21+00:00\",\"description\":\"Enjoying Omegle Video Call? Join over 50,000,000 strangers on TinyChat! Turn on your cam and start meeting new people, or find a match.\",\"breadcrumb\":{\"@id\":\"https:\\\/\\\/tinychat.com\\\/omegle-video-call\\\/#breadcrumb\"},\"inLanguage\":\"pl-PL\",\"potentialAction\":[{\"@type\":\"ReadAction\",\"target\":[\"https:\\\/\\\/tinychat.com\\\/omegle-video-call\\\/\"]}]},{\"@type\":\"BreadcrumbList\",\"@id\":\"https:\\\/\\\/tinychat.com\\\/omegle-video-call\\\/#breadcrumb\",\"itemListElement\":[{\"@type\":\"ListItem\",\"position\":1,\"name\":\"Home\",\"item\":\"https:\\\/\\\/tinychat.com\\\/\"},{\"@type\":\"ListItem\",\"position\":2,\"name\":\"Omegle Video Call\"}]},{\"@type\":\"WebSite\",\"@id\":\"https:\\\/\\\/tinychat.com\\\/#website\",\"url\":\"https:\\\/\\\/tinychat.com\\\/\",\"name\":\"TinyChat\",\"description\":\"Random Video Chat with Strangers\",\"publisher\":{\"@id\":\"https:\\\/\\\/tinychat.com\\\/#organization\"},\"alternateName\":\"TinyChat.com\",\"potentialAction\":[{\"@type\":\"SearchAction\",\"target\":{\"@type\":\"EntryPoint\",\"urlTemplate\":\"https:\\\/\\\/tinychat.com\\\/?s={search_term_string}\"},\"query-input\":{\"@type\":\"PropertyValueSpecification\",\"valueRequired\":true,\"valueName\":\"search_term_string\"}}],\"inLanguage\":\"pl-PL\"},{\"@type\":\"Organization\",\"@id\":\"https:\\\/\\\/tinychat.com\\\/#organization\",\"name\":\"TinyChat\",\"alternateName\":\"TinyChat.com\",\"url\":\"https:\\\/\\\/tinychat.com\\\/\",\"logo\":{\"@type\":\"ImageObject\",\"inLanguage\":\"pl-PL\",\"@id\":\"https:\\\/\\\/tinychat.com\\\/#\\\/schema\\\/logo\\\/image\\\/\",\"url\":\"https:\\\/\\\/tinychat.com\\\/wp-content\\\/uploads\\\/2023\\\/11\\\/Tinychat-icon-square.png\",\"contentUrl\":\"https:\\\/\\\/tinychat.com\\\/wp-content\\\/uploads\\\/2023\\\/11\\\/Tinychat-icon-square.png\",\"width\":284,\"height\":284,\"caption\":\"TinyChat\"},\"image\":{\"@id\":\"https:\\\/\\\/tinychat.com\\\/#\\\/schema\\\/logo\\\/image\\\/\"},\"sameAs\":[\"https:\\\/\\\/www.facebook.com\\\/tinychat\",\"https:\\\/\\\/x.com\\\/tinychat\"]}]}<\/script>\n<!-- \/ Yoast SEO plugin. -->","yoast_head_json":{"title":"Po\u0142\u0105czenie wideo Omegle z czatem wideo na TinyChat.com","description":"Korzystasz z po\u0142\u0105czenia wideo Omegle? Do\u0142\u0105cz do ponad 50 000 000 nieznajomych na TinyChat! W\u0142\u0105cz kamer\u0119 i zacznij poznawa\u0107 nowych ludzi lub znajd\u017a partnera.","robots":{"index":"index","follow":"follow","max-snippet":"max-snippet:-1","max-image-preview":"max-image-preview:large","max-video-preview":"max-video-preview:-1"},"canonical":"https:\/\/tinychat.com\/pl\/omegle-video-call\/","og_locale":"pl_PL","og_type":"article","og_title":"Omegle Video Call with Video Chat on TinyChat.com","og_description":"Enjoying Omegle Video Call? Join over 50,000,000 strangers on TinyChat! Turn on your cam and start meeting new people, or find a match.","og_url":"https:\/\/tinychat.com\/pl\/omegle-video-call\/","og_site_name":"TinyChat","article_publisher":"https:\/\/www.facebook.com\/tinychat","article_modified_time":"2025-08-14T08:01:21+00:00","og_image":[{"width":1280,"height":284,"url":"https:\/\/tinychat.com\/wp-content\/uploads\/2020\/04\/Tinychat-logo-1280x284-new-black.png","type":"image\/png"}],"twitter_card":"summary_large_image","twitter_site":"@tinychat","twitter_misc":{"Szacowany czas czytania":"6 minut"},"schema":{"@context":"https:\/\/schema.org","@graph":[{"@type":"WebPage","@id":"https:\/\/tinychat.com\/omegle-video-call\/","url":"https:\/\/tinychat.com\/omegle-video-call\/","name":"Po\u0142\u0105czenie wideo Omegle z czatem wideo na TinyChat.com","isPartOf":{"@id":"https:\/\/tinychat.com\/#website"},"datePublished":"2025-08-14T07:27:29+00:00","dateModified":"2025-08-14T08:01:21+00:00","description":"Korzystasz z po\u0142\u0105czenia wideo Omegle? Do\u0142\u0105cz do ponad 50 000 000 nieznajomych na TinyChat! W\u0142\u0105cz kamer\u0119 i zacznij poznawa\u0107 nowych ludzi lub znajd\u017a partnera.","breadcrumb":{"@id":"https:\/\/tinychat.com\/omegle-video-call\/#breadcrumb"},"inLanguage":"pl-PL","potentialAction":[{"@type":"ReadAction","target":["https:\/\/tinychat.com\/omegle-video-call\/"]}]},{"@type":"BreadcrumbList","@id":"https:\/\/tinychat.com\/omegle-video-call\/#breadcrumb","itemListElement":[{"@type":"ListItem","position":1,"name":"Home","item":"https:\/\/tinychat.com\/"},{"@type":"ListItem","position":2,"name":"Omegle Video Call"}]},{"@type":"WebSite","@id":"https:\/\/tinychat.com\/#website","url":"https:\/\/tinychat.com\/","name":"TinyChat","description":"Losowy czat wideo z nieznajomymi","publisher":{"@id":"https:\/\/tinychat.com\/#organization"},"alternateName":"TinyChat.com","potentialAction":[{"@type":"SearchAction","target":{"@type":"EntryPoint","urlTemplate":"https:\/\/tinychat.com\/?s={search_term_string}"},"query-input":{"@type":"PropertyValueSpecification","valueRequired":true,"valueName":"search_term_string"}}],"inLanguage":"pl-PL"},{"@type":"Organization","@id":"https:\/\/tinychat.com\/#organization","name":"TinyChat","alternateName":"TinyChat.com","url":"https:\/\/tinychat.com\/","logo":{"@type":"ImageObject","inLanguage":"pl-PL","@id":"https:\/\/tinychat.com\/#\/schema\/logo\/image\/","url":"https:\/\/tinychat.com\/wp-content\/uploads\/2023\/11\/Tinychat-icon-square.png","contentUrl":"https:\/\/tinychat.com\/wp-content\/uploads\/2023\/11\/Tinychat-icon-square.png","width":284,"height":284,"caption":"TinyChat"},"image":{"@id":"https:\/\/tinychat.com\/#\/schema\/logo\/image\/"},"sameAs":["https:\/\/www.facebook.com\/tinychat","https:\/\/x.com\/tinychat"]}]}},"_links":{"self":[{"href":"https:\/\/tinychat.com\/pl\/wp-json\/wp\/v2\/pages\/4158","targetHints":{"allow":["GET"]}}],"collection":[{"href":"https:\/\/tinychat.com\/pl\/wp-json\/wp\/v2\/pages"}],"about":[{"href":"https:\/\/tinychat.com\/pl\/wp-json\/wp\/v2\/types\/page"}],"author":[{"embeddable":true,"href":"https:\/\/tinychat.com\/pl\/wp-json\/wp\/v2\/users\/8"}],"replies":[{"embeddable":true,"href":"https:\/\/tinychat.com\/pl\/wp-json\/wp\/v2\/comments?post=4158"}],"version-history":[{"count":3,"href":"https:\/\/tinychat.com\/pl\/wp-json\/wp\/v2\/pages\/4158\/revisions"}],"predecessor-version":[{"id":13446,"href":"https:\/\/tinychat.com\/pl\/wp-json\/wp\/v2\/pages\/4158\/revisions\/13446"}],"wp:attachment":[{"href":"https:\/\/tinychat.com\/pl\/wp-json\/wp\/v2\/media?parent=4158"}],"curies":[{"name":"wp","href":"https:\/\/api.w.org\/{rel}","templated":true}]}}