{"id":4175,"date":"2021-05-23T18:10:09","date_gmt":"2021-05-23T16:10:09","guid":{"rendered":"https:\/\/tinychat.com\/?page_id=4175"},"modified":"2025-07-21T11:54:59","modified_gmt":"2025-07-21T09:54:59","slug":"omegle-video-chat","status":"publish","type":"page","link":"https:\/\/tinychat.com\/pl\/omegle-video-chat\/","title":{"rendered":"Omegle Video Chat"},"content":{"rendered":"<p>Je\u015bli chodzi o spontaniczne, ekscytuj\u0105ce i prawdziwie przypadkowe rozmowy online, czat wideo Omegle jest miejscem, w kt\u00f3rym wszystko si\u0119 zacz\u0119\u0142o. Od ponad dekady Omegle jest platform\u0105 dla ka\u017cdego, kto chce pozna\u0107 nowych ludzi bez wychodzenia z domu. Niezale\u017cnie od tego, czy chcesz si\u0119 zaprzyja\u017ani\u0107, po\u015bmia\u0107, poflirtowa\u0107, czy po prostu zaspokoi\u0107 swoj\u0105 ciekawo\u015b\u0107, unikalna marka losowych czat\u00f3w wideo Omegle ma co\u015b dla ka\u017cdego.<\/p>\n<p>Przyjrzyjmy si\u0119, dlaczego Omegle jest tak popularny, jak dzia\u0142a i jak najlepiej wykorzysta\u0107 nast\u0119pn\u0105 sesj\u0119 czatu wideo.<\/p>\n<h2>Czym jest czat wideo Omegle?<\/h2>\n<p>U podstaw czatu wideo Omegle le\u017cy prosty, ale genialny pomys\u0142: po\u0142\u0105czy\u0107 dwie nieznajome osoby, w dowolnym miejscu na \u015bwiecie, w celu prowadzenia rozmowy wideo (lub tekstowej) na \u017cywo. Nie ma \u017cadnych profili, biografii, zdj\u0119\u0107 do przes\u0142ania ani d\u0142ugich formularzy rejestracyjnych. Wystarczy nacisn\u0105\u0107 przycisk \"Wideo\" i natychmiast znale\u017a\u0107 si\u0119 twarz\u0105 w twarz z kim\u015b nowym.<\/p>\n<p>Omegle pozwala na:<\/p>\n<ul>\n<li>Rozpocznij darmowy czat wideo Omegle jednym klikni\u0119ciem - bez konieczno\u015bci rejestracji<\/li>\n<li>Czatuj anonimowo, u\u017cywaj\u0105c pseudonimu lub w og\u00f3le bez nazwy<\/li>\n<li>Poznawaj ludzi z ka\u017cdego kraju i z r\u00f3\u017cnych \u015brodowisk<\/li>\n<li>U\u017cyj tag\u00f3w zainteresowa\u0144, aby znale\u017a\u0107 wi\u0119cej podobnie my\u015bl\u0105cych nieznajomych<\/li>\n<\/ul>\n<p>Niezale\u017cnie od tego, czy jeste\u015b towarzyskim motylem, czy po prostu ciekawi Ci\u0119, kogo mo\u017cesz spotka\u0107, losowe parowanie Omegle sprawia, \u017ce ka\u017cda sesja jest niespodziank\u0105.<\/p>\n<h2>Dlaczego warto wypr\u00f3bowa\u0107 losowy czat wideo na Omegle?<\/h2>\n<p>Co odr\u00f3\u017cnia Omegle od medi\u00f3w spo\u0142eczno\u015bciowych i aplikacji randkowych? To wszystko:<\/p>\n<ul>\n<li>Natychmiastowe po\u0142\u0105czenia w czasie rzeczywistym: Bez przesuwania, bez czekania - po prostu wskocz i zacznij czatowa\u0107.<\/li>\n<li>Ca\u0142kowita anonimowo\u015b\u0107: Nie musisz dzieli\u0107 si\u0119 swoj\u0105 to\u017csamo\u015bci\u0105, co u\u0142atwia bycie otwartym i autentycznym.<\/li>\n<li>Globalny zasi\u0119g: Poznawaj ludzi z ca\u0142ego \u015bwiata o ka\u017cdej porze dnia i nocy.<\/li>\n<li>Bez presji: Nie podoba Ci si\u0119 atmosfera? Po prostu kliknij \"Stop\" lub \"Dalej\" i poznaj kogo\u015b nowego.<\/li>\n<li>Czysta r\u00f3\u017cnorodno\u015b\u0107: Ka\u017cda rozmowa jest inna - nigdy nie wiesz, czy znajdziesz przyjaciela, sympati\u0119, czy po prostu ciekaw\u0105 histori\u0119.<\/li>\n<\/ul>\n<p>\"Dzi\u0119ki czatowi wideo Omegle pozna\u0142em przyjaci\u00f3\u0142 z czterech r\u00f3\u017cnych kontynent\u00f3w. Nigdy nie wiadomo, kto b\u0119dzie nast\u0119pny, a to po\u0142owa zabawy!\"<\/p>\n<h2>Jak dzia\u0142a darmowy czat wideo Omegle?<\/h2>\n<p>To bardzo proste - nawet je\u015bli nigdy wcze\u015bniej tego nie pr\u00f3bowa\u0142e\u015b:<\/p>\n<ol>\n<li>Przejd\u017a do strony g\u0142\u00f3wnej Omegle.<\/li>\n<li>Wybierz \"Wideo\", aby rozpocz\u0105\u0107 czat wideo na \u017cywo, lub \"Tekst\", je\u015bli wolisz pisa\u0107.<\/li>\n<li>Zezw\u00f3l na dost\u0119p do kamery i mikrofonu.<\/li>\n<li>Opcjonalnie wprowad\u017a tagi zainteresowa\u0144, aby dopasowa\u0107 si\u0119 do os\u00f3b, kt\u00f3re podzielaj\u0105 Twoje hobby.<\/li>\n<li>Kliknij \"Start\", a natychmiast po\u0142\u0105czysz si\u0119 z przypadkowym nieznajomym.<\/li>\n<li>Rozmawiaj tak d\u0142ugo, jak chcesz, a nast\u0119pnie kliknij \"Stop\" lub \"Dalej\", aby rozpocz\u0105\u0107 nowy mecz.<\/li>\n<\/ol>\n<p>Bez logowania, bez op\u0142at i bez konieczno\u015bci podawania danych osobowych. Je\u015bli chcesz, mo\u017cesz pozosta\u0107 ca\u0142kowicie anonimowy.<\/p>\n<h2>Funkcje, kt\u00f3re wyr\u00f3\u017cniaj\u0105 czat wideo Omegle<\/h2>\n<p>Prostota Omegle jest du\u017c\u0105 cz\u0119\u015bci\u0105 jego uroku, ale ma te\u017c funkcje, kt\u00f3re go wyr\u00f3\u017cniaj\u0105:<\/p>\n<ul>\n<li>Tagi zainteresowa\u0144: Po\u0142\u0105cz si\u0119 z lud\u017ami, kt\u00f3rzy lubi\u0105 to, co Ty - od muzyki po filmy, od sportu po gry.<\/li>\n<li>Tryb szpiegowski: Obserwuj czaty innych os\u00f3b lub odpowiadaj na pytania anonimowo.<\/li>\n<li>Rejestracja nie jest wymagana: Do\u0142\u0105cz natychmiast - nie jest wymagany profil, adres e-mail ani numer telefonu.<\/li>\n<li>Dost\u0119pny na urz\u0105dzenia mobilne: Korzystaj z czatu wideo Omegle na telefonie lub tablecie, aby rozmawia\u0107 w podr\u00f3\u017cy.<\/li>\n<li>Tekst lub wideo: Nie czujesz si\u0119 gotowy na kamer\u0119? Pozosta\u0144 przy czacie tekstowym, kiedy tylko chcesz.<\/li>\n<\/ul>\n<h2>Czat wideo Omegle a inne platformy<\/h2>\n<table>\n<thead>\n<tr>\n<th>Cecha<\/th>\n<th>Omegle Video Chat<\/th>\n<th>Chatroulette<\/th>\n<th>Chatspin<\/th>\n<th>Media spo\u0142eczno\u015bciowe<\/th>\n<\/tr>\n<\/thead>\n<tbody>\n<tr>\n<td>Losowe, anonimowe dopasowanie<\/td>\n<td>\u2705<\/td>\n<td>\u2705<\/td>\n<td>\u2705<\/td>\n<td>\u274c<\/td>\n<\/tr>\n<tr>\n<td>Rejestracja nie jest wymagana<\/td>\n<td>\u2705<\/td>\n<td>\u2705<\/td>\n<td>\u2705<\/td>\n<td>\u274c<\/td>\n<\/tr>\n<tr>\n<td>Znaczniki zainteresowania<\/td>\n<td>\u2705<\/td>\n<td>\u274c<\/td>\n<td>\u2705<\/td>\n<td>\u274c<\/td>\n<\/tr>\n<tr>\n<td>Opcje czatu tekstowego i wideo<\/td>\n<td>\u2705<\/td>\n<td>\u2705<\/td>\n<td>\u2705<\/td>\n<td>\u2705<\/td>\n<\/tr>\n<tr>\n<td>Funkcja \"Dalej\"\/przejd\u017a dalej<\/td>\n<td>\u2705<\/td>\n<td>\u2705<\/td>\n<td>\u2705<\/td>\n<td>\u274c<\/td>\n<\/tr>\n<tr>\n<td>Darmowy w u\u017cyciu<\/td>\n<td>\u2705<\/td>\n<td>\u2705<\/td>\n<td>\u2705<\/td>\n<td>\u2705\/\u274c<\/td>\n<\/tr>\n<\/tbody>\n<\/table>\n<p>Omegle wyr\u00f3\u017cnia si\u0119 czyst\u0105 prostot\u0105 i globaln\u0105 spo\u0142eczno\u015bci\u0105.<\/p>\n<h2>Bezpiecze\u0144stwo na czacie wideo Omegle<\/h2>\n<p>Przypadkowy czat wideo mo\u017ce by\u0107 \u015bwietn\u0105 zabaw\u0105, ale zawsze nale\u017cy pami\u0119ta\u0107 o bezpiecze\u0144stwie:<\/p>\n<ul>\n<li>Nie udost\u0119pniaj swojego prawdziwego imienia i nazwiska, adresu ani danych kontaktowych.<\/li>\n<li>U\u017cywaj neutralnego pseudonimu i unikaj pokazywania osobistych przedmiot\u00f3w lub lokalizacji w kamerze.<\/li>\n<li>Je\u015bli czat wydaje si\u0119 niekomfortowy, natychmiast go zako\u0144cz - bez konieczno\u015bci wyja\u015bniania.<\/li>\n<li>Uwa\u017caj na podejrzane linki lub pro\u015bby o prywatne zdj\u0119cia.<\/li>\n<li>Korzystaj z funkcji \"zg\u0142o\u015b\" w Omegle w przypadku obra\u017aliwego lub nieodpowiedniego zachowania.<\/li>\n<\/ul>\n<p>Wi\u0119kszo\u015b\u0107 ludzi jest tam dla zabawy lub przyjacielskiej rozmowy, ale zawsze warto by\u0107 ostro\u017cnym.<\/p>\n<h2>Kto korzysta z czatu wideo Omegle?<\/h2>\n<p>Omegle przyci\u0105ga bardzo zr\u00f3\u017cnicowan\u0105 publiczno\u015b\u0107, w tym:<\/p>\n<ul>\n<li>Nastolatki i studenci chc\u0105cy pozna\u0107 ludzi z innych miejsc<\/li>\n<li>Osoby ucz\u0105ce si\u0119 j\u0119zyka \u0107wicz\u0105 z native speakerami<\/li>\n<li>Single zainteresowane niezobowi\u0105zuj\u0105cym flirtem lub zabaw\u0105<\/li>\n<li>Znudzone nocne sowy szukaj\u0105ce towarzystwa i rozmowy<\/li>\n<li>Ciekawi podr\u00f3\u017cnicy, arty\u015bci, muzycy i prawie wszyscy inni<\/li>\n<\/ul>\n<p>Bez wzgl\u0119du na nastr\u00f3j i pochodzenie, w Omegle znajdziesz ka\u017cdy rodzaj osobowo\u015bci.<\/p>\n<h2>Wskaz\u00f3wki dotycz\u0105ce najlepszych wra\u017ce\u0144 z czatu wideo Omegle<\/h2>\n<ul>\n<li>U\u015bmiechaj si\u0119 i b\u0105d\u017a przyjazny - pierwsze wra\u017cenie ma znaczenie, nawet w Internecie.<\/li>\n<li>U\u017cyj tag\u00f3w zainteresowa\u0144, aby znale\u017a\u0107 osoby, kt\u00f3re podzielaj\u0105 Twoje hobby lub pasje.<\/li>\n<li>Zadawaj otwarte pytania, aby utrzyma\u0107 p\u0142ynno\u015b\u0107 rozmowy.<\/li>\n<li>Nie zniech\u0119caj si\u0119 kr\u00f3tkimi lub niezr\u0119cznymi rozmowami - nast\u0119pna mo\u017ce by\u0107 niezapomniana.<\/li>\n<li>Wypr\u00f3buj r\u00f3\u017cne pory dnia, aby pozna\u0107 ludzi z ca\u0142ego \u015bwiata.<\/li>\n<\/ul>\n<h2>Kiedy u\u017cywa\u0107 czatu wideo Omegle<\/h2>\n<ul>\n<li>Kiedy jeste\u015b znudzony i chcesz pozna\u0107 kogo\u015b nowego<\/li>\n<li>\u0106wiczenie nowego j\u0119zyka w zrelaksowanym, realistycznym otoczeniu.<\/li>\n<li>Do spontanicznego \u015bmiechu, g\u0142\u0119bokich rozm\u00f3w lub szybkiego towarzystwa<\/li>\n<li>Je\u015bli jeste\u015b ciekawy \u017cycia w innych miejscach<\/li>\n<li>Zawsze, gdy chcesz prawdziwego, nieskryptowanego po\u0142\u0105czenia - bez filtr\u00f3w, bez presji<\/li>\n<\/ul>\n<h2>Darmowe vs. p\u0142atne: czy jest jaki\u015b haczyk?<\/h2>\n<p>Czat wideo Omegle jest ca\u0142kowicie darmowy. Nie ma \u017cadnych subskrypcji ani ukrytych op\u0142at. Niekt\u00f3re witryny innych firm oferuj\u0105 us\u0142ugi czatu \"premium\", ale wszystko, czego potrzebujesz do prawdziwego korzystania z Omegle, jest zawsze bezp\u0142atne.<\/p>\n<p>Czat wideo Omegle pozostaje jednym z najlepszych sposob\u00f3w na poznawanie nieznajomych, nawi\u0105zywanie przyja\u017ani i cieszenie si\u0119 spontaniczn\u0105 rozmow\u0105 w czasie rzeczywistym z dowolnego miejsca na \u015bwiecie. Wystarczy kamera internetowa i jedno klikni\u0119cie, aby odkry\u0107 historie, kultury, przyja\u017anie, a mo\u017ce nawet ma\u0142y romans - bez rejestracji, bez zamieszania i bez ogranicze\u0144.<\/p>\n<p>Dlaczego wi\u0119c nie spr\u00f3bowa\u0107? Twoja nast\u0119pna ulubiona rozmowa mo\u017ce odby\u0107 si\u0119 tylko za pomoc\u0105 jednego czatu wideo Omegle.<\/p>","protected":false},"excerpt":{"rendered":"<p>When it comes to spontaneous, exciting, and truly random online conversations, Omegle video chat is where it all began. For over a decade, Omegle has been the go-to platform for anyone who wants to meet new people without leaving home. Whether you\u2019re looking to make friends, have a laugh, flirt a little, or just satisfy [&hellip;]<\/p>\n","protected":false},"author":8,"featured_media":0,"parent":0,"menu_order":0,"comment_status":"closed","ping_status":"closed","template":"","meta":{"footnotes":""},"class_list":["post-4175","page","type-page","status-publish","hentry"],"yoast_head":"<!-- This site is optimized with the Yoast SEO plugin v27.4 - https:\/\/yoast.com\/product\/yoast-seo-wordpress\/ -->\n<title>Omegle Video Chat with Video Chat on TinyChat.com<\/title>\n<meta name=\"description\" content=\"Enjoying Omegle Video Chat? Join over 50,000,000 strangers on TinyChat! Turn on your cam and start meeting new people, or find a match.\" \/>\n<meta name=\"robots\" content=\"index, follow, max-snippet:-1, max-image-preview:large, max-video-preview:-1\" \/>\n<link rel=\"canonical\" href=\"https:\/\/tinychat.com\/pl\/omegle-video-chat\/\" \/>\n<meta property=\"og:locale\" content=\"pl_PL\" \/>\n<meta property=\"og:type\" content=\"article\" \/>\n<meta property=\"og:title\" content=\"Omegle Video Chat with Video Chat on TinyChat.com\" \/>\n<meta property=\"og:description\" content=\"Enjoying Omegle Video Chat? Join over 50,000,000 strangers on TinyChat! Turn on your cam and start meeting new people, or find a match.\" \/>\n<meta property=\"og:url\" content=\"https:\/\/tinychat.com\/pl\/omegle-video-chat\/\" \/>\n<meta property=\"og:site_name\" content=\"TinyChat\" \/>\n<meta property=\"article:publisher\" content=\"https:\/\/www.facebook.com\/tinychat\" \/>\n<meta property=\"article:modified_time\" content=\"2025-07-21T09:54:59+00:00\" \/>\n<meta property=\"og:image\" content=\"https:\/\/tinychat.com\/wp-content\/uploads\/2020\/04\/Tinychat-logo-1280x284-new-black.png\" \/>\n\t<meta property=\"og:image:width\" content=\"1280\" \/>\n\t<meta property=\"og:image:height\" content=\"284\" \/>\n\t<meta property=\"og:image:type\" content=\"image\/png\" \/>\n<meta name=\"twitter:card\" content=\"summary_large_image\" \/>\n<meta name=\"twitter:site\" content=\"@tinychat\" \/>\n<meta name=\"twitter:label1\" content=\"Szacowany czas czytania\" \/>\n\t<meta name=\"twitter:data1\" content=\"5 minut\" \/>\n<script type=\"application\/ld+json\" class=\"yoast-schema-graph\">{\"@context\":\"https:\\\/\\\/schema.org\",\"@graph\":[{\"@type\":\"WebPage\",\"@id\":\"https:\\\/\\\/tinychat.com\\\/omegle-video-chat\\\/\",\"url\":\"https:\\\/\\\/tinychat.com\\\/omegle-video-chat\\\/\",\"name\":\"Omegle Video Chat with Video Chat on TinyChat.com\",\"isPartOf\":{\"@id\":\"https:\\\/\\\/tinychat.com\\\/#website\"},\"datePublished\":\"2021-05-23T16:10:09+00:00\",\"dateModified\":\"2025-07-21T09:54:59+00:00\",\"description\":\"Enjoying Omegle Video Chat? Join over 50,000,000 strangers on TinyChat! Turn on your cam and start meeting new people, or find a match.\",\"breadcrumb\":{\"@id\":\"https:\\\/\\\/tinychat.com\\\/omegle-video-chat\\\/#breadcrumb\"},\"inLanguage\":\"pl-PL\",\"potentialAction\":[{\"@type\":\"ReadAction\",\"target\":[\"https:\\\/\\\/tinychat.com\\\/omegle-video-chat\\\/\"]}]},{\"@type\":\"BreadcrumbList\",\"@id\":\"https:\\\/\\\/tinychat.com\\\/omegle-video-chat\\\/#breadcrumb\",\"itemListElement\":[{\"@type\":\"ListItem\",\"position\":1,\"name\":\"Home\",\"item\":\"https:\\\/\\\/tinychat.com\\\/\"},{\"@type\":\"ListItem\",\"position\":2,\"name\":\"Omegle Video Chat\"}]},{\"@type\":\"WebSite\",\"@id\":\"https:\\\/\\\/tinychat.com\\\/#website\",\"url\":\"https:\\\/\\\/tinychat.com\\\/\",\"name\":\"TinyChat\",\"description\":\"Random Video Chat with Strangers\",\"publisher\":{\"@id\":\"https:\\\/\\\/tinychat.com\\\/#organization\"},\"alternateName\":\"TinyChat.com\",\"potentialAction\":[{\"@type\":\"SearchAction\",\"target\":{\"@type\":\"EntryPoint\",\"urlTemplate\":\"https:\\\/\\\/tinychat.com\\\/?s={search_term_string}\"},\"query-input\":{\"@type\":\"PropertyValueSpecification\",\"valueRequired\":true,\"valueName\":\"search_term_string\"}}],\"inLanguage\":\"pl-PL\"},{\"@type\":\"Organization\",\"@id\":\"https:\\\/\\\/tinychat.com\\\/#organization\",\"name\":\"TinyChat\",\"alternateName\":\"TinyChat.com\",\"url\":\"https:\\\/\\\/tinychat.com\\\/\",\"logo\":{\"@type\":\"ImageObject\",\"inLanguage\":\"pl-PL\",\"@id\":\"https:\\\/\\\/tinychat.com\\\/#\\\/schema\\\/logo\\\/image\\\/\",\"url\":\"https:\\\/\\\/tinychat.com\\\/wp-content\\\/uploads\\\/2023\\\/11\\\/Tinychat-icon-square.png\",\"contentUrl\":\"https:\\\/\\\/tinychat.com\\\/wp-content\\\/uploads\\\/2023\\\/11\\\/Tinychat-icon-square.png\",\"width\":284,\"height\":284,\"caption\":\"TinyChat\"},\"image\":{\"@id\":\"https:\\\/\\\/tinychat.com\\\/#\\\/schema\\\/logo\\\/image\\\/\"},\"sameAs\":[\"https:\\\/\\\/www.facebook.com\\\/tinychat\",\"https:\\\/\\\/x.com\\\/tinychat\"]}]}<\/script>\n<!-- \/ Yoast SEO plugin. -->","yoast_head_json":{"title":"Omegle Czat wideo z czatem wideo na TinyChat.com","description":"Korzystasz z czatu wideo Omegle? Do\u0142\u0105cz do ponad 50 000 000 nieznajomych na TinyChat! W\u0142\u0105cz kamer\u0119 i zacznij poznawa\u0107 nowych ludzi lub znajd\u017a partnera.","robots":{"index":"index","follow":"follow","max-snippet":"max-snippet:-1","max-image-preview":"max-image-preview:large","max-video-preview":"max-video-preview:-1"},"canonical":"https:\/\/tinychat.com\/pl\/omegle-video-chat\/","og_locale":"pl_PL","og_type":"article","og_title":"Omegle Video Chat with Video Chat on TinyChat.com","og_description":"Enjoying Omegle Video Chat? Join over 50,000,000 strangers on TinyChat! Turn on your cam and start meeting new people, or find a match.","og_url":"https:\/\/tinychat.com\/pl\/omegle-video-chat\/","og_site_name":"TinyChat","article_publisher":"https:\/\/www.facebook.com\/tinychat","article_modified_time":"2025-07-21T09:54:59+00:00","og_image":[{"width":1280,"height":284,"url":"https:\/\/tinychat.com\/wp-content\/uploads\/2020\/04\/Tinychat-logo-1280x284-new-black.png","type":"image\/png"}],"twitter_card":"summary_large_image","twitter_site":"@tinychat","twitter_misc":{"Szacowany czas czytania":"5 minut"},"schema":{"@context":"https:\/\/schema.org","@graph":[{"@type":"WebPage","@id":"https:\/\/tinychat.com\/omegle-video-chat\/","url":"https:\/\/tinychat.com\/omegle-video-chat\/","name":"Omegle Czat wideo z czatem wideo na TinyChat.com","isPartOf":{"@id":"https:\/\/tinychat.com\/#website"},"datePublished":"2021-05-23T16:10:09+00:00","dateModified":"2025-07-21T09:54:59+00:00","description":"Korzystasz z czatu wideo Omegle? Do\u0142\u0105cz do ponad 50 000 000 nieznajomych na TinyChat! W\u0142\u0105cz kamer\u0119 i zacznij poznawa\u0107 nowych ludzi lub znajd\u017a partnera.","breadcrumb":{"@id":"https:\/\/tinychat.com\/omegle-video-chat\/#breadcrumb"},"inLanguage":"pl-PL","potentialAction":[{"@type":"ReadAction","target":["https:\/\/tinychat.com\/omegle-video-chat\/"]}]},{"@type":"BreadcrumbList","@id":"https:\/\/tinychat.com\/omegle-video-chat\/#breadcrumb","itemListElement":[{"@type":"ListItem","position":1,"name":"Home","item":"https:\/\/tinychat.com\/"},{"@type":"ListItem","position":2,"name":"Omegle Video Chat"}]},{"@type":"WebSite","@id":"https:\/\/tinychat.com\/#website","url":"https:\/\/tinychat.com\/","name":"TinyChat","description":"Losowy czat wideo z nieznajomymi","publisher":{"@id":"https:\/\/tinychat.com\/#organization"},"alternateName":"TinyChat.com","potentialAction":[{"@type":"SearchAction","target":{"@type":"EntryPoint","urlTemplate":"https:\/\/tinychat.com\/?s={search_term_string}"},"query-input":{"@type":"PropertyValueSpecification","valueRequired":true,"valueName":"search_term_string"}}],"inLanguage":"pl-PL"},{"@type":"Organization","@id":"https:\/\/tinychat.com\/#organization","name":"TinyChat","alternateName":"TinyChat.com","url":"https:\/\/tinychat.com\/","logo":{"@type":"ImageObject","inLanguage":"pl-PL","@id":"https:\/\/tinychat.com\/#\/schema\/logo\/image\/","url":"https:\/\/tinychat.com\/wp-content\/uploads\/2023\/11\/Tinychat-icon-square.png","contentUrl":"https:\/\/tinychat.com\/wp-content\/uploads\/2023\/11\/Tinychat-icon-square.png","width":284,"height":284,"caption":"TinyChat"},"image":{"@id":"https:\/\/tinychat.com\/#\/schema\/logo\/image\/"},"sameAs":["https:\/\/www.facebook.com\/tinychat","https:\/\/x.com\/tinychat"]}]}},"_links":{"self":[{"href":"https:\/\/tinychat.com\/pl\/wp-json\/wp\/v2\/pages\/4175","targetHints":{"allow":["GET"]}}],"collection":[{"href":"https:\/\/tinychat.com\/pl\/wp-json\/wp\/v2\/pages"}],"about":[{"href":"https:\/\/tinychat.com\/pl\/wp-json\/wp\/v2\/types\/page"}],"author":[{"embeddable":true,"href":"https:\/\/tinychat.com\/pl\/wp-json\/wp\/v2\/users\/8"}],"replies":[{"embeddable":true,"href":"https:\/\/tinychat.com\/pl\/wp-json\/wp\/v2\/comments?post=4175"}],"version-history":[{"count":3,"href":"https:\/\/tinychat.com\/pl\/wp-json\/wp\/v2\/pages\/4175\/revisions"}],"predecessor-version":[{"id":13333,"href":"https:\/\/tinychat.com\/pl\/wp-json\/wp\/v2\/pages\/4175\/revisions\/13333"}],"wp:attachment":[{"href":"https:\/\/tinychat.com\/pl\/wp-json\/wp\/v2\/media?parent=4175"}],"curies":[{"name":"wp","href":"https:\/\/api.w.org\/{rel}","templated":true}]}}