{"id":4831,"date":"2025-09-03T08:00:01","date_gmt":"2025-09-03T06:00:01","guid":{"rendered":"https:\/\/tinychat.com\/?page_id=4831"},"modified":"2025-09-03T12:22:10","modified_gmt":"2025-09-03T10:22:10","slug":"free-random-chat-with-girls","status":"publish","type":"page","link":"https:\/\/tinychat.com\/pl\/free-random-chat-with-girls\/","title":{"rendered":"Darmowy losowy czat z dziewczynami"},"content":{"rendered":"<p>Kiedy jeste\u015b online i chcesz pozna\u0107 kogo\u015b nowego, jest co\u015b ekscytuj\u0105cego w \u0142\u0105czeniu si\u0119 twarz\u0105 w twarz w czasie rzeczywistym. W tym miejscu pojawia si\u0119 darmowy czat z dziewczynami. Zamiast przegl\u0105da\u0107 nieko\u0144cz\u0105ce si\u0119 profile lub czeka\u0107 na wiadomo\u015bci w aplikacjach randkowych, mo\u017cesz klikn\u0105\u0107 jeden przycisk i natychmiast rozpocz\u0105\u0107 rozmow\u0119 na \u017cywo z kobiet\u0105 gdzie\u015b na \u015bwiecie.<\/p>\n<p>Jest szybki, spontaniczny i - co najlepsze - ca\u0142kowicie darmowy. Niezale\u017cnie od tego, czy masz nadziej\u0119 na niezobowi\u0105zuj\u0105cy czat, nowe znajomo\u015bci, czy zalotn\u0105 zabaw\u0119, losowy czat z dziewczynami online u\u0142atwia nawi\u0105zywanie kontakt\u00f3w bez zobowi\u0105za\u0144.<\/p>\n<h2>Czym jest darmowy czat z dziewczynami?<\/h2>\n<p>Darmowy, losowy czat z dziewczynami to us\u0142uga online, kt\u00f3ra umo\u017cliwia natychmiastowe \u0142\u0105czenie si\u0119 z kobietami za po\u015brednictwem wideo, tekstu lub d\u017awi\u0119ku. Cz\u0119\u015b\u0107 \"losowa\" oznacza, \u017ce nigdy nie wiesz, kogo spotkasz - mo\u017ce to by\u0107 kto\u015b w twoim mie\u015bcie lub po drugiej stronie globu.<\/p>\n<p>W przeciwie\u0144stwie do tradycyjnych aplikacji randkowych, kt\u00f3re wymagaj\u0105 biografii, zdj\u0119\u0107 i d\u0142ugiego czasu oczekiwania, losowe platformy czatowe oferuj\u0105 dreszczyk emocji zwi\u0105zany z natychmiastowo\u015bci\u0105:<\/p>\n<ul>\n<li>Kliknij i po\u0142\u0105cz - natychmiast po\u0142\u0105cz si\u0119 z dziewczyn\u0105 online.<\/li>\n<li>Brak koszt\u00f3w - wiele platform umo\u017cliwia czatowanie za darmo.<\/li>\n<li>Opcje anonimowo\u015bci - Zachowaj prywatno\u015b\u0107 lub u\u017cyj pseudonimu, dop\u00f3ki nie b\u0119dziesz gotowy, aby udost\u0119pni\u0107 wi\u0119cej.<\/li>\n<li>Elastyczno\u015b\u0107 - prze\u0142\u0105czaj si\u0119 mi\u0119dzy tekstem, d\u017awi\u0119kiem i wideo w zale\u017cno\u015bci od poziomu komfortu.<\/li>\n<\/ul>\n<p>Ten rodzaj czatu wydaje si\u0119 bardziej autentyczny, poniewa\u017c jest nieskryptowany - spotykasz prawdziwych ludzi w danym momencie.<\/p>\n<h2>Dlaczego warto wypr\u00f3bowa\u0107 losowy czat wideo z dziewczynami online?<\/h2>\n<p>Dlaczego wi\u0119c tak wiele os\u00f3b szuka sposob\u00f3w na czatowanie z przypadkowymi dziewczynami online za darmo? Oto niekt\u00f3re z najwi\u0119kszych powod\u00f3w:<\/p>\n<ul>\n<li>Natychmiastowa interakcja - Nie musisz po\u015bwi\u0119ca\u0107 czasu na tworzenie profilu lub czekanie na odpowiedzi.<\/li>\n<li>Autentyczne po\u0142\u0105czenia - wideo na \u017cywo sprawia, \u017ce rozmowy s\u0105 prawdziwe, a nie zainscenizowane.<\/li>\n<li>R\u00f3\u017cnorodne do\u015bwiadczenia - ka\u017cdy czat jest inny; jeden mo\u017ce by\u0107 g\u0142upi, inny g\u0142\u0119boki, a jeszcze inny zalotny.<\/li>\n<li>Niska presja - je\u015bli nie czujesz tego, naci\u015bnij \"dalej\" i przejd\u017a dalej.<\/li>\n<li>Szansa na romans - Wiele przyja\u017ani i zwi\u0105zk\u00f3w rozpocz\u0119\u0142o si\u0119 na losowych czatach.<\/li>\n<\/ul>\n<blockquote><p>\"Wypr\u00f3bowa\u0142em darmowy, losowy czat z dziewczynami dla zabawy, ale w ko\u0144cu pozna\u0142em kogo\u015b, z kim rozmawiam od miesi\u0119cy. Nigdy nie wiadomo, co si\u0119 stanie po klikni\u0119ciu \"Start\"\".<\/p><\/blockquote>\n<h2>Jak dzia\u0142a darmowy losowy czat z dziewczynami<\/h2>\n<p>Rozpocz\u0119cie pracy jest niezwykle proste:<\/p>\n<ol>\n<li>Wybierz platform\u0119 - wybierz darmowy czat lub aplikacj\u0119, kt\u00f3ra oferuje filtry p\u0142ci.<\/li>\n<li>W\u0142\u0105cz kamer\u0119 i mikrofon - lub zacznij od czatu tekstowego, je\u015bli wolisz.<\/li>\n<li>Kliknij po\u0142\u0105cz - system natychmiast po\u0142\u0105czy ci\u0119 w par\u0119 z losow\u0105 dziewczyn\u0105 online.<\/li>\n<li>Rozmawiaj, \u015bmiej si\u0119 i zobacz, dok\u0105d to zmierza - zosta\u0144 tak d\u0142ugo, jak chcesz.<\/li>\n<li>Pomi\u0144, gdy jeste\u015b gotowy - je\u015bli rozmowa nie jest interesuj\u0105ca, naci\u015bnij \"dalej\", aby pozna\u0107 kogo\u015b nowego.<\/li>\n<\/ol>\n<p>Wi\u0119kszo\u015b\u0107 platform jest oparta na przegl\u0105darce, ale wiele z nich ma r\u00f3wnie\u017c aplikacje mobilne do czatowania w podr\u00f3\u017cy.<\/p>\n<h2>Najlepsze platformy do darmowego czatu z dziewczynami<\/h2>\n<p>Oto niekt\u00f3re z najbardziej popularnych i niezawodnych opcji, je\u015bli chcesz spr\u00f3bowa\u0107 samemu:<\/p>\n<ul>\n<li>CooMeet - Zaprojektowany specjalnie do czatowania z kobietami; wszystkie u\u017cytkowniczki s\u0105 weryfikowane.<\/li>\n<li>LuckyCrush - b\u0142yskawicznie \u0142\u0105czy m\u0119\u017cczyzn z kobietami na ca\u0142ym \u015bwiecie.<\/li>\n<li>Chatspin - Oferuje darmowy losowy czat wideo z opcjonalnymi filtrami p\u0142ci.<\/li>\n<li>Chatrandom - Zawiera tryb czatu \"tylko dla dziewczyn\" i pokoje tematyczne.<\/li>\n<li>TinyChat - bardziej spo\u0142eczno\u015bciowa platforma z pokojami grupowymi i prywatnymi.<\/li>\n<li>Bazoocam - Prosty i szybki losowy czat wideo, popularny w Europie.<\/li>\n<\/ul>\n<h2>Darmowy losowy czat z dziewczynami vs. zwyk\u0142y losowy czat<\/h2>\n<p>Jaka jest r\u00f3\u017cnica mi\u0119dzy og\u00f3lnym przypadkowym czatem a czatem skoncentrowanym na nawi\u0105zywaniu kontakt\u00f3w z dziewczynami?<\/p>\n<table>\n<thead>\n<tr>\n<th>Cecha<\/th>\n<th>Og\u00f3lny losowy czat<\/th>\n<th>Darmowy losowy czat z dziewczynami<\/th>\n<\/tr>\n<\/thead>\n<tbody>\n<tr>\n<td>Filtry p\u0142ci<\/td>\n<td>Ograniczony<\/td>\n<td>Tak (tylko dziewczynki)<\/td>\n<\/tr>\n<tr>\n<td>Skoncentrowane do\u015bwiadczenie<\/td>\n<td>Mieszane<\/td>\n<td>Bardziej ukierunkowane<\/td>\n<\/tr>\n<tr>\n<td>Swobodny vs. zalotny klimat<\/td>\n<td>\u26a0\ufe0f Mieszane<\/td>\n<td>Cz\u0119sto zalotny lub towarzyski<\/td>\n<\/tr>\n<tr>\n<td>Popularne platformy<\/td>\n<td>Omegle, Chatroulette<\/td>\n<td>CooMeet, LuckyCrush, Chatspin<\/td>\n<\/tr>\n<\/tbody>\n<\/table>\n<p>Je\u015bli chcesz nawi\u0105za\u0107 kontakt z kobietami, skorzystanie z platformy oferuj\u0105cej filtrowanie wed\u0142ug p\u0142ci oszcz\u0119dza czas i frustracj\u0119.<\/p>\n<h2>Bezpiecze\u0144stwo podczas czatowania z dziewczynami online<\/h2>\n<p>Chocia\u017c wi\u0119kszo\u015b\u0107 ludzi jest przyjazna i szczera, zawsze nale\u017cy pami\u0119ta\u0107 o bezpiecze\u0144stwie:<\/p>\n<ul>\n<li>Na pocz\u0105tku zachowaj anonimowo\u015b\u0107 - nie udost\u0119pniaj od razu danych osobowych.<\/li>\n<li>Uwa\u017caj na kamer\u0119 - T\u0142o powinno by\u0107 neutralne.<\/li>\n<li>Szanuj granice - traktuj ludzi tak, jak sam chcia\u0142by\u015b by\u0107 traktowany.<\/li>\n<li>Unikaj udost\u0119pniania link\u00f3w lub plik\u00f3w - trzymaj si\u0119 czatu na platformie.<\/li>\n<li>Zg\u0142aszaj nieodpowiednich u\u017cytkownik\u00f3w - dobre platformy maj\u0105 narz\u0119dzia do raportowania - korzystaj z nich.<\/li>\n<\/ul>\n<p>Bezpiecze\u0144stwo zapewnia dobr\u0105 zabaw\u0119 i brak zmartwie\u0144.<\/p>\n<h2>Dlaczego dziewczyny do\u0142\u0105czaj\u0105 do losowych platform czatowych<\/h2>\n<p>Mo\u017cna by si\u0119 zastanawia\u0107 - dlaczego tak wiele kobiet online chce rozmawia\u0107 z nieznajomymi? Powody s\u0105 tak r\u00f3\u017cne, jak ludzie, kt\u00f3rych spotkasz:<\/p>\n<ul>\n<li>Szukasz zabawy i \u015bmiechu podczas przestoj\u00f3w.<\/li>\n<li>Ciekawo\u015b\u0107 poznawania ludzi z innych kraj\u00f3w.<\/li>\n<li>Przyja\u017a\u0144 i wi\u0119zi, zw\u0142aszcza je\u015bli pracuj\u0105 lub ucz\u0105 si\u0119 zdalnie.<\/li>\n<li>Praktyka j\u0119zykowa z native speakerami.<\/li>\n<li>Flirt lub okazjonalne randki.<\/li>\n<\/ul>\n<p>Wiedz\u0105c o tym, \u0142atwiej jest podchodzi\u0107 do ka\u017cdej rozmowy z otwarto\u015bci\u0105 i szacunkiem.<\/p>\n<h2>Wskaz\u00f3wki dotycz\u0105ce \u015bwietnego losowego czatu z dziewczynami<\/h2>\n<p>Chcesz si\u0119 wyr\u00f3\u017cni\u0107 i sprawi\u0107, by rozmowy by\u0142y przyjemniejsze? Wypr\u00f3buj te:<\/p>\n<ul>\n<li>Zacznij od u\u015bmiechu - przyjazna atmosfera pomaga prze\u0142ama\u0107 lody.<\/li>\n<li>Zadawaj pytania - Oka\u017c szczer\u0105 ciekawo\u015b\u0107 na temat jej \u017cycia lub zainteresowa\u0144.<\/li>\n<li>Zachowaj lekko\u015b\u0107 - humor cz\u0119sto dzia\u0142a lepiej ni\u017c ci\u0119\u017ckie tematy na pocz\u0105tku.<\/li>\n<li>Szanuj jej tempo - je\u015bli nie czuje si\u0119 komfortowo z wideo, pozosta\u0144 przy tek\u015bcie lub d\u017awi\u0119ku.<\/li>\n<li>Przygotuj si\u0119 na grzeczne pomini\u0119cie - nie ka\u017cdy mecz b\u0119dzie si\u0119 podoba\u0142 i nie ma w tym nic z\u0142ego.<\/li>\n<\/ul>\n<h2>Korzy\u015bci z darmowego czatu z dziewczynami<\/h2>\n<p>Po\u0142\u0105czenie dost\u0119pno\u015bci i r\u00f3\u017cnorodno\u015bci sprawia, \u017ce ten rodzaj czatu jest atrakcyjny:<\/p>\n<ul>\n<li>Brak koszt\u00f3w - wiele us\u0142ug umo\u017cliwia czatowanie za darmo.<\/li>\n<li>Brak presji - nie jeste\u015b zwi\u0105zany, je\u015bli czat nie dzia\u0142a.<\/li>\n<li>R\u00f3\u017cnorodno\u015b\u0107 ludzi - poznaj kobiety z r\u00f3\u017cnych kultur, o r\u00f3\u017cnych zainteresowaniach i z r\u00f3\u017cnych \u015brodowisk.<\/li>\n<li>Mo\u017cliwo\u015b\u0107 nawi\u0105zania relacji - od kr\u00f3tkich \u015bmiech\u00f3w po trwa\u0142e przyja\u017anie, wszystko mo\u017ce si\u0119 zdarzy\u0107.<\/li>\n<li>Dost\u0119pno\u015b\u0107 24\/7 - Kto\u015b, gdzie\u015b, zawsze jest online.<\/li>\n<\/ul>\n<h2>Kiedy u\u017cywa\u0107 losowego czatu wideo z dziewczynami?<\/h2>\n<p>Nie ma z\u0142ego czasu na wypr\u00f3bowanie, ale jest to szczeg\u00f3lnie dobre dla:<\/p>\n<ul>\n<li>Nocna nuda, gdy potrzebujesz towarzystwa.<\/li>\n<li>Podr\u00f3\u017cuje i chce wirtualnie pozna\u0107 miejscowych.<\/li>\n<li>\u0106wiczenie small talk lub nowego j\u0119zyka.<\/li>\n<li>Flirtowanie i sprawdzanie, czy iskrzy.<\/li>\n<li>Poszerzanie kr\u0119gu znajomych bez presji.<\/li>\n<\/ul>\n<h2>Przemy\u015blenia ko\u0144cowe<\/h2>\n<p>Darmowe czaty z dziewczynami to jeden z najbardziej ekscytuj\u0105cych sposob\u00f3w na poznawanie nowych ludzi online. Jest spontaniczny, elastyczny i pe\u0142en r\u00f3\u017cnorodno\u015bci - nigdy nie wiadomo, czy nast\u0119pny czat b\u0119dzie zabawnymi pi\u0119cioma minutami, interesuj\u0105c\u0105 wymian\u0105 kulturow\u0105, czy pocz\u0105tkiem g\u0142\u0119bszego zwi\u0105zku.<\/p>\n<p>A co najlepsze? Wypr\u00f3bowanie nic nie kosztuje. Dzi\u0119ki platformom oferuj\u0105cym darmowy i natychmiastowy dost\u0119p, wszystko czego potrzebujesz to ciekawo\u015b\u0107 i klikni\u0119cie.<\/p>\n<p>Wi\u0119c je\u015bli jeste\u015b gotowy, aby pozna\u0107 kogo\u015b nowego, wskocz na darmowy czat z dziewczynami ju\u017c dzi\u015b - mo\u017cesz by\u0107 zaskoczony tym, kto czeka, aby z Tob\u0105 porozmawia\u0107.<\/p>","protected":false},"excerpt":{"rendered":"<p>When you\u2019re online looking to meet someone new, there\u2019s something exciting about connecting face-to-face in real time. That\u2019s where free random chat with girls comes in. Instead of swiping through endless profiles or waiting for messages on dating apps, you can click one button and instantly start a live conversation with a woman somewhere in [&hellip;]<\/p>\n","protected":false},"author":8,"featured_media":0,"parent":0,"menu_order":0,"comment_status":"closed","ping_status":"closed","template":"","meta":{"footnotes":""},"class_list":["post-4831","page","type-page","status-publish","hentry"],"yoast_head":"<!-- This site is optimized with the Yoast SEO plugin v27.4 - https:\/\/yoast.com\/product\/yoast-seo-wordpress\/ -->\n<title>Free Random Chat With Girls on TinyChat.com<\/title>\n<meta name=\"description\" content=\"Enjoying Free Random Chat With Girls? Join over 50,000,000 strangers on TinyChat! Turn on your cam and start meeting new people, or find a match.\" \/>\n<meta name=\"robots\" content=\"index, follow, max-snippet:-1, max-image-preview:large, max-video-preview:-1\" \/>\n<link rel=\"canonical\" href=\"https:\/\/tinychat.com\/pl\/free-random-chat-with-girls\/\" \/>\n<meta property=\"og:locale\" content=\"pl_PL\" \/>\n<meta property=\"og:type\" content=\"article\" \/>\n<meta property=\"og:title\" content=\"Free Random Chat With Girls on TinyChat.com\" \/>\n<meta property=\"og:description\" content=\"Enjoying Free Random Chat With Girls? Join over 50,000,000 strangers on TinyChat! Turn on your cam and start meeting new people, or find a match.\" \/>\n<meta property=\"og:url\" content=\"https:\/\/tinychat.com\/pl\/free-random-chat-with-girls\/\" \/>\n<meta property=\"og:site_name\" content=\"TinyChat\" \/>\n<meta property=\"article:publisher\" content=\"https:\/\/www.facebook.com\/tinychat\" \/>\n<meta property=\"article:modified_time\" content=\"2025-09-03T10:22:10+00:00\" \/>\n<meta property=\"og:image\" content=\"https:\/\/tinychat.com\/wp-content\/uploads\/2020\/04\/Tinychat-logo-1280x284-new-black.png\" \/>\n\t<meta property=\"og:image:width\" content=\"1280\" \/>\n\t<meta property=\"og:image:height\" content=\"284\" \/>\n\t<meta property=\"og:image:type\" content=\"image\/png\" \/>\n<meta name=\"twitter:card\" content=\"summary_large_image\" \/>\n<meta name=\"twitter:site\" content=\"@tinychat\" \/>\n<meta name=\"twitter:label1\" content=\"Szacowany czas czytania\" \/>\n\t<meta name=\"twitter:data1\" content=\"5 minut\" \/>\n<script type=\"application\/ld+json\" class=\"yoast-schema-graph\">{\"@context\":\"https:\\\/\\\/schema.org\",\"@graph\":[{\"@type\":\"WebPage\",\"@id\":\"https:\\\/\\\/tinychat.com\\\/free-random-chat-with-girls\\\/\",\"url\":\"https:\\\/\\\/tinychat.com\\\/free-random-chat-with-girls\\\/\",\"name\":\"Free Random Chat With Girls on TinyChat.com\",\"isPartOf\":{\"@id\":\"https:\\\/\\\/tinychat.com\\\/#website\"},\"datePublished\":\"2025-09-03T06:00:01+00:00\",\"dateModified\":\"2025-09-03T10:22:10+00:00\",\"description\":\"Enjoying Free Random Chat With Girls? Join over 50,000,000 strangers on TinyChat! Turn on your cam and start meeting new people, or find a match.\",\"breadcrumb\":{\"@id\":\"https:\\\/\\\/tinychat.com\\\/free-random-chat-with-girls\\\/#breadcrumb\"},\"inLanguage\":\"pl-PL\",\"potentialAction\":[{\"@type\":\"ReadAction\",\"target\":[\"https:\\\/\\\/tinychat.com\\\/free-random-chat-with-girls\\\/\"]}]},{\"@type\":\"BreadcrumbList\",\"@id\":\"https:\\\/\\\/tinychat.com\\\/free-random-chat-with-girls\\\/#breadcrumb\",\"itemListElement\":[{\"@type\":\"ListItem\",\"position\":1,\"name\":\"Home\",\"item\":\"https:\\\/\\\/tinychat.com\\\/\"},{\"@type\":\"ListItem\",\"position\":2,\"name\":\"Free Random Chat With Girls\"}]},{\"@type\":\"WebSite\",\"@id\":\"https:\\\/\\\/tinychat.com\\\/#website\",\"url\":\"https:\\\/\\\/tinychat.com\\\/\",\"name\":\"TinyChat\",\"description\":\"Random Video Chat with Strangers\",\"publisher\":{\"@id\":\"https:\\\/\\\/tinychat.com\\\/#organization\"},\"alternateName\":\"TinyChat.com\",\"potentialAction\":[{\"@type\":\"SearchAction\",\"target\":{\"@type\":\"EntryPoint\",\"urlTemplate\":\"https:\\\/\\\/tinychat.com\\\/?s={search_term_string}\"},\"query-input\":{\"@type\":\"PropertyValueSpecification\",\"valueRequired\":true,\"valueName\":\"search_term_string\"}}],\"inLanguage\":\"pl-PL\"},{\"@type\":\"Organization\",\"@id\":\"https:\\\/\\\/tinychat.com\\\/#organization\",\"name\":\"TinyChat\",\"alternateName\":\"TinyChat.com\",\"url\":\"https:\\\/\\\/tinychat.com\\\/\",\"logo\":{\"@type\":\"ImageObject\",\"inLanguage\":\"pl-PL\",\"@id\":\"https:\\\/\\\/tinychat.com\\\/#\\\/schema\\\/logo\\\/image\\\/\",\"url\":\"https:\\\/\\\/tinychat.com\\\/wp-content\\\/uploads\\\/2023\\\/11\\\/Tinychat-icon-square.png\",\"contentUrl\":\"https:\\\/\\\/tinychat.com\\\/wp-content\\\/uploads\\\/2023\\\/11\\\/Tinychat-icon-square.png\",\"width\":284,\"height\":284,\"caption\":\"TinyChat\"},\"image\":{\"@id\":\"https:\\\/\\\/tinychat.com\\\/#\\\/schema\\\/logo\\\/image\\\/\"},\"sameAs\":[\"https:\\\/\\\/www.facebook.com\\\/tinychat\",\"https:\\\/\\\/x.com\\\/tinychat\"]}]}<\/script>\n<!-- \/ Yoast SEO plugin. -->","yoast_head_json":{"title":"Darmowy losowy czat z dziewczynami na TinyChat.com","description":"Korzystasz z darmowego czatu z dziewczynami? Do\u0142\u0105cz do ponad 50 000 000 nieznajomych na TinyChat! W\u0142\u0105cz kamer\u0119 i zacznij poznawa\u0107 nowych ludzi lub znajd\u017a partnera.","robots":{"index":"index","follow":"follow","max-snippet":"max-snippet:-1","max-image-preview":"max-image-preview:large","max-video-preview":"max-video-preview:-1"},"canonical":"https:\/\/tinychat.com\/pl\/free-random-chat-with-girls\/","og_locale":"pl_PL","og_type":"article","og_title":"Free Random Chat With Girls on TinyChat.com","og_description":"Enjoying Free Random Chat With Girls? Join over 50,000,000 strangers on TinyChat! Turn on your cam and start meeting new people, or find a match.","og_url":"https:\/\/tinychat.com\/pl\/free-random-chat-with-girls\/","og_site_name":"TinyChat","article_publisher":"https:\/\/www.facebook.com\/tinychat","article_modified_time":"2025-09-03T10:22:10+00:00","og_image":[{"width":1280,"height":284,"url":"https:\/\/tinychat.com\/wp-content\/uploads\/2020\/04\/Tinychat-logo-1280x284-new-black.png","type":"image\/png"}],"twitter_card":"summary_large_image","twitter_site":"@tinychat","twitter_misc":{"Szacowany czas czytania":"5 minut"},"schema":{"@context":"https:\/\/schema.org","@graph":[{"@type":"WebPage","@id":"https:\/\/tinychat.com\/free-random-chat-with-girls\/","url":"https:\/\/tinychat.com\/free-random-chat-with-girls\/","name":"Darmowy losowy czat z dziewczynami na TinyChat.com","isPartOf":{"@id":"https:\/\/tinychat.com\/#website"},"datePublished":"2025-09-03T06:00:01+00:00","dateModified":"2025-09-03T10:22:10+00:00","description":"Korzystasz z darmowego czatu z dziewczynami? Do\u0142\u0105cz do ponad 50 000 000 nieznajomych na TinyChat! W\u0142\u0105cz kamer\u0119 i zacznij poznawa\u0107 nowych ludzi lub znajd\u017a partnera.","breadcrumb":{"@id":"https:\/\/tinychat.com\/free-random-chat-with-girls\/#breadcrumb"},"inLanguage":"pl-PL","potentialAction":[{"@type":"ReadAction","target":["https:\/\/tinychat.com\/free-random-chat-with-girls\/"]}]},{"@type":"BreadcrumbList","@id":"https:\/\/tinychat.com\/free-random-chat-with-girls\/#breadcrumb","itemListElement":[{"@type":"ListItem","position":1,"name":"Home","item":"https:\/\/tinychat.com\/"},{"@type":"ListItem","position":2,"name":"Free Random Chat With Girls"}]},{"@type":"WebSite","@id":"https:\/\/tinychat.com\/#website","url":"https:\/\/tinychat.com\/","name":"TinyChat","description":"Losowy czat wideo z nieznajomymi","publisher":{"@id":"https:\/\/tinychat.com\/#organization"},"alternateName":"TinyChat.com","potentialAction":[{"@type":"SearchAction","target":{"@type":"EntryPoint","urlTemplate":"https:\/\/tinychat.com\/?s={search_term_string}"},"query-input":{"@type":"PropertyValueSpecification","valueRequired":true,"valueName":"search_term_string"}}],"inLanguage":"pl-PL"},{"@type":"Organization","@id":"https:\/\/tinychat.com\/#organization","name":"TinyChat","alternateName":"TinyChat.com","url":"https:\/\/tinychat.com\/","logo":{"@type":"ImageObject","inLanguage":"pl-PL","@id":"https:\/\/tinychat.com\/#\/schema\/logo\/image\/","url":"https:\/\/tinychat.com\/wp-content\/uploads\/2023\/11\/Tinychat-icon-square.png","contentUrl":"https:\/\/tinychat.com\/wp-content\/uploads\/2023\/11\/Tinychat-icon-square.png","width":284,"height":284,"caption":"TinyChat"},"image":{"@id":"https:\/\/tinychat.com\/#\/schema\/logo\/image\/"},"sameAs":["https:\/\/www.facebook.com\/tinychat","https:\/\/x.com\/tinychat"]}]}},"_links":{"self":[{"href":"https:\/\/tinychat.com\/pl\/wp-json\/wp\/v2\/pages\/4831","targetHints":{"allow":["GET"]}}],"collection":[{"href":"https:\/\/tinychat.com\/pl\/wp-json\/wp\/v2\/pages"}],"about":[{"href":"https:\/\/tinychat.com\/pl\/wp-json\/wp\/v2\/types\/page"}],"author":[{"embeddable":true,"href":"https:\/\/tinychat.com\/pl\/wp-json\/wp\/v2\/users\/8"}],"replies":[{"embeddable":true,"href":"https:\/\/tinychat.com\/pl\/wp-json\/wp\/v2\/comments?post=4831"}],"version-history":[{"count":4,"href":"https:\/\/tinychat.com\/pl\/wp-json\/wp\/v2\/pages\/4831\/revisions"}],"predecessor-version":[{"id":13493,"href":"https:\/\/tinychat.com\/pl\/wp-json\/wp\/v2\/pages\/4831\/revisions\/13493"}],"wp:attachment":[{"href":"https:\/\/tinychat.com\/pl\/wp-json\/wp\/v2\/media?parent=4831"}],"curies":[{"name":"wp","href":"https:\/\/api.w.org\/{rel}","templated":true}]}}