{"id":51,"date":"2020-04-08T23:24:23","date_gmt":"2020-04-08T21:24:23","guid":{"rendered":"https:\/\/tinychat.com\/?page_id=51"},"modified":"2025-05-03T17:23:14","modified_gmt":"2025-05-03T15:23:14","slug":"rules","status":"publish","type":"page","link":"https:\/\/tinychat.com\/pl\/rules\/","title":{"rendered":"Zasady"},"content":{"rendered":"<p class=\"\" data-start=\"344\" data-end=\"639\"><a href=\"https:\/\/tinychat.com\/pl\/\">TinyChat<\/a> zapewnia bezp\u0142atny, anonimowy dost\u0119p do indywidualnego <a href=\"https:\/\/tinychat.com\/pl\/\">Losowy czat wideo<\/a> do\u015bwiadczenie, rejestracja nie jest wymagana. Naszym celem jest zaoferowanie bezpiecznej, anga\u017cuj\u0105cej i pe\u0142nej szacunku platformy, podobnej do innych platform. <a href=\"https:\/\/tinychat.com\/pl\/chatroulette\/\">czat<\/a> strony takie jak <a href=\"https:\/\/tinychat.com\/pl\/omegle\/\">Omegle<\/a>gdzie u\u017cytkownicy mog\u0105 cieszy\u0107 si\u0119 spontanicznymi interakcjami i poznawa\u0107 nowych ludzi online.<\/p>\n<p class=\"\" data-start=\"641\" data-end=\"833\">Aby zapewni\u0107 pozytywne \u015brodowisko dla wszystkich u\u017cytkownik\u00f3w, prosimy o przestrzeganie poni\u017cszych zasad. Naruszenie tych wytycznych mo\u017ce skutkowa\u0107 natychmiastowym zablokowaniem lub trwa\u0142ym usuni\u0119ciem z platformy.<\/p>\n<h2 data-start=\"840\" data-end=\"878\">Zabronione zachowanie na TinyChat<\/h2>\n<p class=\"\" data-start=\"880\" data-end=\"988\">Aby zachowa\u0107 bezpiecze\u0144stwo, szacunek i zgodno\u015b\u0107 z prawem, nast\u0119puj\u0105ce dzia\u0142ania s\u0105 surowo zabronione na <a href=\"https:\/\/tinychat.com\/pl\/\">TinyChat<\/a>:<\/p>\n<ul>\n<li data-start=\"992\" data-end=\"1127\">Dost\u0119p dla os\u00f3b niepe\u0142noletnich: U\u017cytkownicy musz\u0105 mie\u0107 uko\u0144czone 18 lat, aby korzysta\u0107 z serwisu <a href=\"https:\/\/tinychat.com\/pl\/\">TinyChat<\/a>. Dost\u0119p dla os\u00f3b poni\u017cej 18 roku \u017cycia jest surowo zabroniony.<\/li>\n<li data-start=\"992\" data-end=\"1127\">Nieodpowiedni j\u0119zyk lub zachowanie: Niedozwolone jest u\u017cywanie wulgarnego, seksualnie jednoznacznego, brutalnego lub depresyjnego j\u0119zyka. Nasza platforma nie jest miejscem dla niepokoj\u0105cych lub szkodliwych tre\u015bci.<\/li>\n<li data-start=\"1326\" data-end=\"1556\">Dyskryminacja lub mowa nienawi\u015bci: Nie wolno poni\u017ca\u0107, obra\u017ca\u0107 ani atakowa\u0107 innych os\u00f3b ze wzgl\u0119du na religi\u0119, ras\u0119, p\u0142e\u0107, orientacj\u0119 seksualn\u0105, narodowo\u015b\u0107 lub wiek. Wszelkie formy mowy nienawi\u015bci lub zachowa\u0144 dyskryminacyjnych s\u0105 niedopuszczalne.<\/li>\n<li data-start=\"1560\" data-end=\"1732\">N\u0119kanie lub zn\u0119canie si\u0119: N\u0119kanie, zastraszanie lub celowe okazywanie braku szacunku innemu u\u017cytkownikowi w jakiejkolwiek formie - werbalnej, wizualnej lub innej - jest surowo zabronione.<\/li>\n<li data-start=\"1736\" data-end=\"1949\">Cz\u0119\u015bciowa nago\u015b\u0107 bez identyfikacji: Nie wolno pokazywa\u0107 nagiej klatki piersiowej w kamerze, chyba \u017ce twarz jest wyra\u017anie widoczna w tym samym czasie. Zasada ta ma na celu zapobieganie anonimowej nieprzyzwoitej ekspozycji.<\/li>\n<li data-start=\"1953\" data-end=\"2105\">Nago\u015b\u0107 lub eksponowanie bielizny: Wyst\u0119powanie w kamerze nago lub w samej bieli\u017anie jest w \u017cadnym wypadku niedozwolone.<\/li>\n<li data-start=\"1953\" data-end=\"2105\">Zachowania o charakterze jednoznacznie seksualnym: <span style=\"font-family: -apple-system, BlinkMacSystemFont, 'Segoe UI', Roboto, 'Helvetica Neue', Arial, 'Noto Sans', sans-serif, 'Apple Color Emoji', 'Segoe UI Emoji', 'Segoe UI Symbol', 'Noto Color Emoji';\">Surowo zabrania si\u0119:<\/span>\n<ul>\n<li data-start=\"2178\" data-end=\"2236\">\u017b\u0105danie lub zmuszanie innych do wirtualnej aktywno\u015bci seksualnej.<\/li>\n<li data-start=\"2241\" data-end=\"2281\">Wyeksponuj swoje cz\u0119\u015bci intymne przed kamer\u0105.<\/li>\n<li data-start=\"2286\" data-end=\"2355\">Dotykanie lub symulowanie dotykania swoich genitali\u00f3w, gdy s\u0105 widoczne w kamerze.<\/li>\n<li data-start=\"2360\" data-end=\"2412\">Celowo ustaw ostro\u015b\u0107 kamery poni\u017cej klatki piersiowej.<\/li>\n<\/ul>\n<\/li>\n<li>Tre\u015bci promocyjne lub przekierowuj\u0105ce: <span style=\"font-family: -apple-system, BlinkMacSystemFont, 'Segoe UI', Roboto, 'Helvetica Neue', Arial, 'Noto Sans', sans-serif, 'Apple Color Emoji', 'Segoe UI Emoji', 'Segoe UI Symbol', 'Noto Color Emoji';\">Nie mo\u017cna u\u017cywa\u0107 <a href=\"https:\/\/tinychat.com\/pl\/\">TinyChat<\/a> do:<\/span>\n<ul>\n<li>Wy\u015bwietlanie tekstu, obraz\u00f3w lub film\u00f3w z zamiarem przekierowania u\u017cytkownik\u00f3w do innych witryn, platform lub us\u0142ug.<\/li>\n<li>Wy\u015bwietlanie ekranu komputera, w tym wiadomo\u015bci lub promocji.<\/li>\n<li>U\u017cywanie emulator\u00f3w kamer internetowych, urz\u0105dze\u0144 wirtualnych lub p\u0119tli wideo w celu wprowadzenia w b\u0142\u0105d lub reklamy.<\/li>\n<li>\u017b\u0105danie g\u0142os\u00f3w, promowanie link\u00f3w lub sprzedawanie produkt\u00f3w lub us\u0142ug za po\u015brednictwem dowolnej formy medi\u00f3w na platformie.<\/li>\n<\/ul>\n<\/li>\n<li>Nielegalne lub eksploatacyjne u\u017cycie: <span style=\"font-family: -apple-system, BlinkMacSystemFont, 'Segoe UI', Roboto, 'Helvetica Neue', Arial, 'Noto Sans', sans-serif, 'Apple Color Emoji', 'Segoe UI Emoji', 'Segoe UI Symbol', 'Noto Color Emoji';\">Absolutnie zabronione jest u\u017cywanie <a href=\"https:\/\/tinychat.com\/pl\/\">TinyChat<\/a> anga\u017cowanie si\u0119, promowanie lub u\u0142atwianie jakiejkolwiek formy:<\/span>\n<ul>\n<li>Handel lud\u017ami<\/li>\n<li>Handel lud\u017ami<\/li>\n<li>Prostytucja<\/li>\n<li>Przemoc fizyczna lub psychiczna<\/li>\n<li>Wszelkie nielegalne dzia\u0142ania zwi\u0105zane z wykorzystywaniem innych os\u00f3b<\/li>\n<\/ul>\n<\/li>\n<\/ul>\n<h2 data-start=\"3196\" data-end=\"3222\">Z\u0142o\u017cenie skargi<\/h2>\n<p class=\"\" data-start=\"3224\" data-end=\"3383\">Je\u015bli napotkasz u\u017cytkownika, kt\u00f3ry narusza zasady, zach\u0119camy do natychmiastowego zg\u0142oszenia takiego incydentu. Skarg\u0119 mo\u017cna z\u0142o\u017cy\u0107 za po\u015brednictwem naszego systemu wsparcia.<\/p>\n<p class=\"\" data-start=\"3385\" data-end=\"3551\">W celu szybszej i skuteczniejszej obs\u0142ugi prosimy o do\u0142\u0105czenie zrzutu ekranu naruszenia podczas sk\u0142adania skargi. Pomo\u017ce nam to podj\u0105\u0107 szybkie i dok\u0142adne dzia\u0142ania.<\/p>\n<h2 data-start=\"3558\" data-end=\"3591\">Egzekwowanie i zakazy dla u\u017cytkownik\u00f3w<\/h2>\n<p class=\"\" data-start=\"3593\" data-end=\"3779\"><a href=\"https:\/\/tinychat.com\/pl\/\">TinyChat<\/a> prowadzi polityk\u0119 zerowej tolerancji wobec u\u017cytkownik\u00f3w, kt\u00f3rzy \u0142ami\u0105 zasady. Je\u015bli u\u017cytkownik otrzyma wiele skarg, nasz system automatycznie zablokuje mu dost\u0119p do <a href=\"https:\/\/tinychat.com\/pl\/\">TinyChat<\/a>.<\/p>\n<p class=\"\" data-start=\"3781\" data-end=\"4065\">Zg\u0142oszenia traktujemy powa\u017cnie, ale przed wydaniem sta\u0142ego zakazu bierzemy pod uwag\u0119 wiele czynnik\u00f3w. <a href=\"https:\/\/tinychat.com\/pl\/\">TinyChat<\/a> sami nie jeste\u015bmy w stanie monitorowa\u0107 ka\u017cdej interakcji w czasie rzeczywistym. Polegamy na naszej spo\u0142eczno\u015bci, aby pom\u00f3c w utrzymaniu \u015brodowiska pe\u0142nego szacunku. Wsp\u00f3\u0142praca przy zg\u0142aszaniu narusze\u0144 jest niezb\u0119dna.<\/p>\n<p class=\"\" data-start=\"4067\" data-end=\"4228\">Razem mo\u017cemy nadal budowa\u0107 platform\u0119, kt\u00f3ra jest bezpieczna, spontaniczna i zabawna dla wszystkich. Dzi\u0119kujemy za pomoc w tworzeniu <a href=\"https:\/\/tinychat.com\/pl\/\">TinyChat<\/a> lepsze miejsce do <a href=\"https:\/\/tinychat.com\/pl\/chatroulette\/\">czat<\/a>.<\/p>","protected":false},"excerpt":{"rendered":"<p>TinyChat provides free, anonymous access to a one-on-one random video chat experience, no registration required. Our goal is to offer a safe, engaging, and respectful platform similar to other chat sites like Omegle, where users can enjoy spontaneous interactions and meet new people online. To ensure a positive environment for all users, we ask that [&hellip;]<\/p>\n","protected":false},"author":1,"featured_media":0,"parent":0,"menu_order":0,"comment_status":"closed","ping_status":"closed","template":"","meta":{"footnotes":""},"class_list":["post-51","page","type-page","status-publish","hentry"],"yoast_head":"<!-- This site is optimized with the Yoast SEO plugin v27.3 - https:\/\/yoast.com\/product\/yoast-seo-wordpress\/ -->\n<title>Rules - TinyChat<\/title>\n<meta name=\"robots\" content=\"index, follow, max-snippet:-1, max-image-preview:large, max-video-preview:-1\" \/>\n<link rel=\"canonical\" href=\"https:\/\/tinychat.com\/pl\/rules\/\" \/>\n<meta property=\"og:locale\" content=\"pl_PL\" \/>\n<meta property=\"og:type\" content=\"article\" \/>\n<meta property=\"og:title\" content=\"Rules - TinyChat\" \/>\n<meta property=\"og:description\" content=\"TinyChat provides free, anonymous access to a one-on-one random video chat experience, no registration required. Our goal is to offer a safe, engaging, and respectful platform similar to other chat sites like Omegle, where users can enjoy spontaneous interactions and meet new people online. To ensure a positive environment for all users, we ask that [&hellip;]\" \/>\n<meta property=\"og:url\" content=\"https:\/\/tinychat.com\/pl\/rules\/\" \/>\n<meta property=\"og:site_name\" content=\"TinyChat\" \/>\n<meta property=\"article:publisher\" content=\"https:\/\/www.facebook.com\/tinychat\" \/>\n<meta property=\"article:modified_time\" content=\"2025-05-03T15:23:14+00:00\" \/>\n<meta property=\"og:image\" content=\"https:\/\/tinychat.com\/wp-content\/uploads\/2020\/04\/Tinychat-logo-1280x284-new-black.png\" \/>\n\t<meta property=\"og:image:width\" content=\"1280\" \/>\n\t<meta property=\"og:image:height\" content=\"284\" \/>\n\t<meta property=\"og:image:type\" content=\"image\/png\" \/>\n<meta name=\"twitter:card\" content=\"summary_large_image\" \/>\n<meta name=\"twitter:site\" content=\"@tinychat\" \/>\n<meta name=\"twitter:label1\" content=\"Szacowany czas czytania\" \/>\n\t<meta name=\"twitter:data1\" content=\"3 minuty\" \/>\n<script type=\"application\/ld+json\" class=\"yoast-schema-graph\">{\"@context\":\"https:\\\/\\\/schema.org\",\"@graph\":[{\"@type\":\"WebPage\",\"@id\":\"https:\\\/\\\/tinychat.com\\\/rules\\\/\",\"url\":\"https:\\\/\\\/tinychat.com\\\/rules\\\/\",\"name\":\"Rules - TinyChat\",\"isPartOf\":{\"@id\":\"https:\\\/\\\/tinychat.com\\\/#website\"},\"datePublished\":\"2020-04-08T21:24:23+00:00\",\"dateModified\":\"2025-05-03T15:23:14+00:00\",\"breadcrumb\":{\"@id\":\"https:\\\/\\\/tinychat.com\\\/rules\\\/#breadcrumb\"},\"inLanguage\":\"pl-PL\",\"potentialAction\":[{\"@type\":\"ReadAction\",\"target\":[\"https:\\\/\\\/tinychat.com\\\/rules\\\/\"]}]},{\"@type\":\"BreadcrumbList\",\"@id\":\"https:\\\/\\\/tinychat.com\\\/rules\\\/#breadcrumb\",\"itemListElement\":[{\"@type\":\"ListItem\",\"position\":1,\"name\":\"Home\",\"item\":\"https:\\\/\\\/tinychat.com\\\/\"},{\"@type\":\"ListItem\",\"position\":2,\"name\":\"Rules\"}]},{\"@type\":\"WebSite\",\"@id\":\"https:\\\/\\\/tinychat.com\\\/#website\",\"url\":\"https:\\\/\\\/tinychat.com\\\/\",\"name\":\"TinyChat\",\"description\":\"Random Video Chat with Strangers\",\"publisher\":{\"@id\":\"https:\\\/\\\/tinychat.com\\\/#organization\"},\"alternateName\":\"TinyChat.com\",\"potentialAction\":[{\"@type\":\"SearchAction\",\"target\":{\"@type\":\"EntryPoint\",\"urlTemplate\":\"https:\\\/\\\/tinychat.com\\\/?s={search_term_string}\"},\"query-input\":{\"@type\":\"PropertyValueSpecification\",\"valueRequired\":true,\"valueName\":\"search_term_string\"}}],\"inLanguage\":\"pl-PL\"},{\"@type\":\"Organization\",\"@id\":\"https:\\\/\\\/tinychat.com\\\/#organization\",\"name\":\"TinyChat\",\"alternateName\":\"TinyChat.com\",\"url\":\"https:\\\/\\\/tinychat.com\\\/\",\"logo\":{\"@type\":\"ImageObject\",\"inLanguage\":\"pl-PL\",\"@id\":\"https:\\\/\\\/tinychat.com\\\/#\\\/schema\\\/logo\\\/image\\\/\",\"url\":\"https:\\\/\\\/tinychat.com\\\/wp-content\\\/uploads\\\/2023\\\/11\\\/Tinychat-icon-square.png\",\"contentUrl\":\"https:\\\/\\\/tinychat.com\\\/wp-content\\\/uploads\\\/2023\\\/11\\\/Tinychat-icon-square.png\",\"width\":284,\"height\":284,\"caption\":\"TinyChat\"},\"image\":{\"@id\":\"https:\\\/\\\/tinychat.com\\\/#\\\/schema\\\/logo\\\/image\\\/\"},\"sameAs\":[\"https:\\\/\\\/www.facebook.com\\\/tinychat\",\"https:\\\/\\\/x.com\\\/tinychat\"]}]}<\/script>\n<!-- \/ Yoast SEO plugin. -->","yoast_head_json":{"title":"Zasady - TinyChat","robots":{"index":"index","follow":"follow","max-snippet":"max-snippet:-1","max-image-preview":"max-image-preview:large","max-video-preview":"max-video-preview:-1"},"canonical":"https:\/\/tinychat.com\/pl\/rules\/","og_locale":"pl_PL","og_type":"article","og_title":"Rules - TinyChat","og_description":"TinyChat provides free, anonymous access to a one-on-one random video chat experience, no registration required. Our goal is to offer a safe, engaging, and respectful platform similar to other chat sites like Omegle, where users can enjoy spontaneous interactions and meet new people online. To ensure a positive environment for all users, we ask that [&hellip;]","og_url":"https:\/\/tinychat.com\/pl\/rules\/","og_site_name":"TinyChat","article_publisher":"https:\/\/www.facebook.com\/tinychat","article_modified_time":"2025-05-03T15:23:14+00:00","og_image":[{"width":1280,"height":284,"url":"https:\/\/tinychat.com\/wp-content\/uploads\/2020\/04\/Tinychat-logo-1280x284-new-black.png","type":"image\/png"}],"twitter_card":"summary_large_image","twitter_site":"@tinychat","twitter_misc":{"Szacowany czas czytania":"3 minuty"},"schema":{"@context":"https:\/\/schema.org","@graph":[{"@type":"WebPage","@id":"https:\/\/tinychat.com\/rules\/","url":"https:\/\/tinychat.com\/rules\/","name":"Zasady - TinyChat","isPartOf":{"@id":"https:\/\/tinychat.com\/#website"},"datePublished":"2020-04-08T21:24:23+00:00","dateModified":"2025-05-03T15:23:14+00:00","breadcrumb":{"@id":"https:\/\/tinychat.com\/rules\/#breadcrumb"},"inLanguage":"pl-PL","potentialAction":[{"@type":"ReadAction","target":["https:\/\/tinychat.com\/rules\/"]}]},{"@type":"BreadcrumbList","@id":"https:\/\/tinychat.com\/rules\/#breadcrumb","itemListElement":[{"@type":"ListItem","position":1,"name":"Home","item":"https:\/\/tinychat.com\/"},{"@type":"ListItem","position":2,"name":"Rules"}]},{"@type":"WebSite","@id":"https:\/\/tinychat.com\/#website","url":"https:\/\/tinychat.com\/","name":"TinyChat","description":"Losowy czat wideo z nieznajomymi","publisher":{"@id":"https:\/\/tinychat.com\/#organization"},"alternateName":"TinyChat.com","potentialAction":[{"@type":"SearchAction","target":{"@type":"EntryPoint","urlTemplate":"https:\/\/tinychat.com\/?s={search_term_string}"},"query-input":{"@type":"PropertyValueSpecification","valueRequired":true,"valueName":"search_term_string"}}],"inLanguage":"pl-PL"},{"@type":"Organization","@id":"https:\/\/tinychat.com\/#organization","name":"TinyChat","alternateName":"TinyChat.com","url":"https:\/\/tinychat.com\/","logo":{"@type":"ImageObject","inLanguage":"pl-PL","@id":"https:\/\/tinychat.com\/#\/schema\/logo\/image\/","url":"https:\/\/tinychat.com\/wp-content\/uploads\/2023\/11\/Tinychat-icon-square.png","contentUrl":"https:\/\/tinychat.com\/wp-content\/uploads\/2023\/11\/Tinychat-icon-square.png","width":284,"height":284,"caption":"TinyChat"},"image":{"@id":"https:\/\/tinychat.com\/#\/schema\/logo\/image\/"},"sameAs":["https:\/\/www.facebook.com\/tinychat","https:\/\/x.com\/tinychat"]}]}},"_links":{"self":[{"href":"https:\/\/tinychat.com\/pl\/wp-json\/wp\/v2\/pages\/51","targetHints":{"allow":["GET"]}}],"collection":[{"href":"https:\/\/tinychat.com\/pl\/wp-json\/wp\/v2\/pages"}],"about":[{"href":"https:\/\/tinychat.com\/pl\/wp-json\/wp\/v2\/types\/page"}],"author":[{"embeddable":true,"href":"https:\/\/tinychat.com\/pl\/wp-json\/wp\/v2\/users\/1"}],"replies":[{"embeddable":true,"href":"https:\/\/tinychat.com\/pl\/wp-json\/wp\/v2\/comments?post=51"}],"version-history":[{"count":3,"href":"https:\/\/tinychat.com\/pl\/wp-json\/wp\/v2\/pages\/51\/revisions"}],"predecessor-version":[{"id":13052,"href":"https:\/\/tinychat.com\/pl\/wp-json\/wp\/v2\/pages\/51\/revisions\/13052"}],"wp:attachment":[{"href":"https:\/\/tinychat.com\/pl\/wp-json\/wp\/v2\/media?parent=51"}],"curies":[{"name":"wp","href":"https:\/\/api.w.org\/{rel}","templated":true}]}}