{"id":5113,"date":"2025-06-19T21:05:49","date_gmt":"2025-06-19T19:05:49","guid":{"rendered":"https:\/\/tinychat.com\/?page_id=5113"},"modified":"2025-07-07T18:18:42","modified_gmt":"2025-07-07T16:18:42","slug":"chatiw","status":"publish","type":"page","link":"https:\/\/tinychat.com\/pl\/chatiw\/","title":{"rendered":"Chatiw"},"content":{"rendered":"<p>W czasach, w kt\u00f3rych sieci spo\u0142eczno\u015bciowe s\u0105 wype\u0142nione algorytmami, pro\u015bbami o dodanie do znajomych i przeszkodami w zakresie prywatno\u015bci, platformy czatowe, kt\u00f3re zapewniaj\u0105 szybko\u015b\u0107, prostot\u0119 i anonimowo\u015b\u0107, s\u0105 naprawd\u0119 atrakcyjne. Wejd\u017a na Chatiw: stron\u0119 czatu zaprojektowan\u0105 dla ka\u017cdego, kto chce od razu przej\u015b\u0107 do rozmowy - bez rejestracji, bez pobierania, bez \u017cadnych zobowi\u0105za\u0144.<\/p>\n<p>Podczas gdy niekt\u00f3re platformy koncentruj\u0105 si\u0119 na czatach wideo, randkach lub pokojach grupowych, podstawow\u0105 misj\u0105 Chatiw s\u0105 natychmiastowe po\u0142\u0105czenia tekstowe z nieznajomymi z ca\u0142ego \u015bwiata. Jego lekka konstrukcja, przyjazny dla urz\u0105dze\u0144 mobilnych interfejs i filozofia otwartych drzwi sprawi\u0142y, \u017ce sta\u0142 si\u0119 ulubie\u0144cem u\u017cytkownik\u00f3w, kt\u00f3rzy ceni\u0105 sobie szybkie, autentyczne i pozbawione ryzyka interakcje - niezale\u017cnie od tego, czy szukaj\u0105 przyja\u017ani, swobodnego czatu, czy nawet odrobiny flirtu.<\/p>\n<p>W tym kompleksowym przewodniku zbadamy, jak dzia\u0142a Chatiw, jego kluczowe funkcje, jak wypada w por\u00f3wnaniu z innymi witrynami czatowymi, wskaz\u00f3wki dotycz\u0105ce bezpiecze\u0144stwa i jak najlepiej wykorzysta\u0107 czas sp\u0119dzony na rozmowach z nieznajomymi online.<\/p>\n<h2>Co to jest Chatiw?<\/h2>\n<p>Chatiw to bezp\u0142atna platforma czatu online, kt\u00f3ra \u0142\u0105czy u\u017cytkownik\u00f3w anonimowo z przypadkowymi osobami z ca\u0142ego \u015bwiata, g\u0142\u00f3wnie za po\u015brednictwem czatu tekstowego. Za\u0142o\u017cona ponad dziesi\u0119\u0107 lat temu, platforma Chatiw sta\u0142a si\u0119 jednym z najpopularniejszych miejsc do czatowania z nieznajomymi, koncentruj\u0105c si\u0119 na szybko\u015bci i prostocie.<\/p>\n<p>Nie trzeba dokonywa\u0107 d\u0142ugich rejestracji, weryfikowa\u0107 adresu e-mail ani zak\u0142ada\u0107 skomplikowanych profili. Wystarczy wybra\u0107 nazw\u0119 u\u017cytkownika, kraj, wiek i p\u0142e\u0107, a nast\u0119pnie przej\u015b\u0107 do pokoju rozm\u00f3w lub czatu jeden na jednego. Chatiw oferuje r\u00f3wnie\u017c opcjonalne funkcje dla zarejestrowanych u\u017cytkownik\u00f3w, ale w swej istocie pozostaje platform\u0105 do szybkiej, anonimowej i bezproblemowej konwersacji.<\/p>\n<p>Chatiw jest dost\u0119pny za po\u015brednictwem dowolnej przegl\u0105darki - zar\u00f3wno na komputerach stacjonarnych, jak i urz\u0105dzeniach mobilnych - a tak\u017ce oferuje dedykowan\u0105 aplikacj\u0119 mobiln\u0105 dla u\u017cytkownik\u00f3w Androida.<\/p>\n<h2>Kluczowe cechy Chatiw<\/h2>\n<p>Chocia\u017c koncepcja jest prosta, Chatiw zawiera kilka przydatnych i przyjaznych dla u\u017cytkownika funkcji, kt\u00f3re poprawiaj\u0105 wra\u017cenia z czatu i utrzymuj\u0105 zaanga\u017cowanie u\u017cytkownik\u00f3w:<\/p>\n<h3>1. Natychmiastowy anonimowy czat<\/h3>\n<p>Cech\u0105 charakterystyczn\u0105 Chatiw jest szybko\u015b\u0107 i anonimowo\u015b\u0107. Aby rozpocz\u0105\u0107 czat, nie trzeba tworzy\u0107 konta ani podawa\u0107 \u017cadnych danych osobowych. Wystarczy wype\u0142ni\u0107 kr\u00f3tki formularz (pseudonim, wiek, p\u0142e\u0107, kraj), zaakceptowa\u0107 warunki i natychmiast nawi\u0105za\u0107 po\u0142\u0105czenie.<\/p>\n<p>Sprawia to, \u017ce Chatiw jest idealny dla os\u00f3b, kt\u00f3re chc\u0105 prowadzi\u0107 szybkie rozmowy przy niskim zaanga\u017cowaniu.<\/p>\n<h3>2. Globalne pokoje czatu i czat jeden na jednego<\/h3>\n<p>Po wej\u015bciu do \u015brodka mo\u017cesz:<\/p>\n<ul>\n<li>Do\u0142\u0105cz do publicznego pokoju rozm\u00f3w z u\u017cytkownikami z ca\u0142ego \u015bwiata.<\/li>\n<li>Rozpocznij prywatny czat jeden na jednego z dowoln\u0105 osob\u0105 w pokoju.<\/li>\n<\/ul>\n<p>Ta elastyczno\u015b\u0107 pozwala wybra\u0107 poziom zaanga\u017cowania: wskoczy\u0107 do rozm\u00f3w grupowych lub poszuka\u0107 prywatnych, znacz\u0105cych rozm\u00f3w.<\/p>\n<h3>3. Prywatne wiadomo\u015bci i lista znajomych<\/h3>\n<p>U\u017cytkownicy mog\u0105 wysy\u0142a\u0107 prywatne wiadomo\u015bci do ka\u017cdego, kogo spotkaj\u0105 na czacie. Je\u015bli przypadniecie sobie do gustu, mo\u017cesz doda\u0107 osoby do listy znajomych, aby u\u0142atwi\u0107 sobie przysz\u0142e rozmowy (dla zarejestrowanych u\u017cytkownik\u00f3w).<\/p>\n<h3>4. Opcjonalna rejestracja profilu<\/h3>\n<p>Chocia\u017c mo\u017cesz u\u017cywa\u0107 Chatiw jako go\u015b\u0107, zarejestrowani u\u017cytkownicy otrzymuj\u0105:<\/p>\n<ul>\n<li>Unikalny profil (ze zdj\u0119ciem)<\/li>\n<li>Mo\u017cliwo\u015b\u0107 zapisywania znajomych<\/li>\n<li>Dost\u0119p do historii wiadomo\u015bci<\/li>\n<li>Funkcje blokowania u\u017cytkownik\u00f3w i raportowania<\/li>\n<\/ul>\n<p>Rejestracja jest nadal prosta i wymaga tylko podstawowych informacji.<\/p>\n<h3>5. Aplikacja mobilna dla systemu Android<\/h3>\n<p>Dla czatuj\u0105cych w podr\u00f3\u017cy, Chatiw oferuje dedykowan\u0105 aplikacj\u0119 na Androida, zaprojektowan\u0105 z my\u015bl\u0105 o tym samym lekkim, natychmiastowym dost\u0119pie, co wersja przegl\u0105darkowa. Aplikacja mobilna umo\u017cliwia powiadomienia push, \u0142atwe prze\u0142\u0105czanie mi\u0119dzy czatami publicznymi i prywatnymi oraz zoptymalizowany uk\u0142ad dla ma\u0142ych ekran\u00f3w.<\/p>\n<h3>6. Filtry i wyb\u00f3r kraju<\/h3>\n<p>Chatiw pozwala u\u017cytkownikom filtrowa\u0107 czaty wed\u0142ug kraju, pomagaj\u0105c \u0142\u0105czy\u0107 si\u0119 z osobami z okre\u015blonych region\u00f3w lub znajdowa\u0107 miejscowych. Jest to idealne rozwi\u0105zanie dla tych, kt\u00f3rzy chc\u0105 \u0107wiczy\u0107 j\u0119zyk, pozna\u0107 inn\u0105 kultur\u0119 lub spotka\u0107 ludzi w pobli\u017cu.<\/p>\n<h3>7. Prosta moderacja i raportowanie<\/h3>\n<p>Chatiw korzysta z automatycznej kontroli spamu i zapewnia u\u017cytkownikom narz\u0119dzia do blokowania lub zg\u0142aszania niew\u0142a\u015bciwych u\u017cytkownik\u00f3w. Moderatorzy monitoruj\u0105 platform\u0119 pod k\u0105tem niew\u0142a\u015bciwego zachowania i staraj\u0105 si\u0119 utrzyma\u0107 przyjazn\u0105, przyjazn\u0105 przestrze\u0144.<\/p>\n<h3>8. Emoji, multimedia i udost\u0119pnianie plik\u00f3w<\/h3>\n<p>Aby zapewni\u0107 rozrywk\u0119, Chatiw obs\u0142uguje emoji, GIF-y i ograniczone udost\u0119pnianie plik\u00f3w (dla zarejestrowanych u\u017cytkownik\u00f3w), dzi\u0119ki czemu rozmowy s\u0105 bardziej wyraziste i wci\u0105gaj\u0105ce.<\/p>\n<h2>Jak korzysta\u0107 z Chatiw<\/h2>\n<p>Jedn\u0105 z najwi\u0119kszych zalet Chatiw jest \u0142atwo\u015b\u0107 obs\u0142ugi. Oto jak zacz\u0105\u0107:<\/p>\n<h3>Krok 1: Przejd\u017a do strony internetowej lub pobierz aplikacj\u0119<\/h3>\n<p>Odwied\u017a stron\u0119 chatiw.com w przegl\u0105darce (stacjonarnej lub mobilnej) lub pobierz aplikacj\u0119 Chatiw ze sklepu Google Play.<\/p>\n<h3>Krok 2: Wprowad\u017a swoje dane<\/h3>\n<p>Wype\u0142nij formularz czatu:<\/p>\n<ul>\n<li>Wybierz pseudonim<\/li>\n<li>Wybierz sw\u00f3j wiek, p\u0142e\u0107 i kraj<\/li>\n<\/ul>\n<p>Nie jest wymagany adres e-mail ani prawdziwe imi\u0119 i nazwisko!<\/p>\n<h3>Krok 3: Zaakceptuj warunki<\/h3>\n<p>Zaznacz pole, aby potwierdzi\u0107, \u017ce zgadzasz si\u0119 z warunkami u\u017cytkowania i zasadami witryny.<\/p>\n<h3>Krok 4: Rozpocznij czat<\/h3>\n<p>Jeste\u015b teraz! Wejd\u017a do publicznego pokoju czatu, gdzie mo\u017cesz wysy\u0142a\u0107 wiadomo\u015bci widoczne dla wszystkich, lub kliknij dowoln\u0105 nazw\u0119 u\u017cytkownika, aby rozpocz\u0105\u0107 prywatny czat.<\/p>\n<h3>Krok 5: (Opcjonalnie) Zarejestruj profil<\/h3>\n<p>Je\u015bli chcesz odblokowa\u0107 wi\u0119cej funkcji, kliknij \"Zarejestruj si\u0119\", aby utworzy\u0107 bezp\u0142atne konto. Dodaj zdj\u0119cie, stw\u00f3rz list\u0119 znajomych i dostosuj sw\u00f3j profil.<\/p>\n<h2>Wra\u017cenia u\u017cytkownika na Chatiw<\/h2>\n<p>Chatiw stawia na prostot\u0119 i dost\u0119pno\u015b\u0107. Interfejs jest prosty, z przejrzystymi oknami czatu, \u0142atw\u0105 nawigacj\u0105 i minimalnymi zak\u0142\u00f3ceniami.<\/p>\n<h3>Co kochaj\u0105 u\u017cytkownicy<\/h3>\n<ul>\n<li>Do podstawowego czatu nie jest wymagana rejestracja<\/li>\n<li>Szybkie, globalne po\u0142\u0105czenia - setki u\u017cytkownik\u00f3w online w dowolnym momencie<\/li>\n<li>Niskie zu\u017cycie danych, szybkie \u0142adowanie, \u015bwietne dla wolnych po\u0142\u0105cze\u0144<\/li>\n<li>Idealny dla nie\u015bmia\u0142ych u\u017cytkownik\u00f3w lub tych, kt\u00f3rzy wol\u0105 tekst od wideo<\/li>\n<li>Przyjazny dla urz\u0105dze\u0144 mobilnych i \u0142atwy w u\u017cyciu na dowolnym urz\u0105dzeniu<\/li>\n<\/ul>\n<h3>Co mo\u017cna poprawi\u0107<\/h3>\n<ul>\n<li>Sporadyczny spam i boty w pokojach publicznych<\/li>\n<li>Brak czatu wideo - tylko tekst<\/li>\n<li>Reklamy w darmowej wersji mog\u0105 by\u0107 uci\u0105\u017cliwe.<\/li>\n<li>Ograniczone funkcje dla u\u017cytkownik\u00f3w-go\u015bci<\/li>\n<\/ul>\n<h3>Rzeczywiste opinie u\u017cytkownik\u00f3w<\/h3>\n<blockquote><p>\"Uwielbiam \u0142atwo\u015b\u0107 korzystania z Chatiw. Nie musz\u0119 si\u0119 rejestrowa\u0107 ani przeskakiwa\u0107 przez obr\u0119cze - po prostu czatuj\u0119!\"<br \/>\n- <em>Maria P., Trustpilot<\/em><\/p><\/blockquote>\n<blockquote><p>\"Pozna\u0142em tu ludzi z pi\u0119ciu r\u00f3\u017cnych kraj\u00f3w. Czasami jest to g\u0142upie, czasami g\u0142\u0119bokie. \u015awietny spos\u00f3b na zabicie czasu\".<br \/>\n- <em>Samir D., Google Play<\/em><\/p><\/blockquote>\n<blockquote><p>\"By\u0142oby jeszcze lepiej, gdyby dodali czat wideo, ale podoba mi si\u0119 nawi\u0105zywanie znajomo\u015bci i flirtowanie\".<br \/>\n- <em>Jessica W., Sitejabber<\/em><\/p><\/blockquote>\n<h2>Chatiw vs inne platformy czatu<\/h2>\n<p>Oto jak Chatiw wypada na tle innych wiod\u0105cych platform czatowych:<\/p>\n<table>\n<thead>\n<tr>\n<th>Cecha<\/th>\n<th>Chatiw<\/th>\n<th>Omegle<\/th>\n<th>ChatHub<\/th>\n<th>Camfrog<\/th>\n<th>Emerald Chat<\/th>\n<th>Thundr<\/th>\n<\/tr>\n<\/thead>\n<tbody>\n<tr>\n<td>Anonimowe u\u017cycie<\/td>\n<td>Tak<\/td>\n<td>Tak<\/td>\n<td>Tak<\/td>\n<td>Go\u015b\u0107<\/td>\n<td>Opcjonalnie<\/td>\n<td>Tak<\/td>\n<\/tr>\n<tr>\n<td>Czat tekstowy<\/td>\n<td>Tak<\/td>\n<td>Tak<\/td>\n<td>Tak<\/td>\n<td>Tak<\/td>\n<td>Tak<\/td>\n<td>Tak<\/td>\n<\/tr>\n<tr>\n<td>Czat wideo<\/td>\n<td>Nie<\/td>\n<td>Tak<\/td>\n<td>Tak<\/td>\n<td>Tak<\/td>\n<td>Tak<\/td>\n<td>Tak<\/td>\n<\/tr>\n<tr>\n<td>Publiczne pokoje rozm\u00f3w<\/td>\n<td>Tak<\/td>\n<td>Nie<\/td>\n<td>Nie<\/td>\n<td>Tak<\/td>\n<td>Nie<\/td>\n<td>Nie<\/td>\n<\/tr>\n<tr>\n<td>Prywatne wiadomo\u015bci<\/td>\n<td>Tak<\/td>\n<td>Tak<\/td>\n<td>Tak<\/td>\n<td>Tak<\/td>\n<td>Tak<\/td>\n<td>Tak<\/td>\n<\/tr>\n<tr>\n<td>Rejestracja profilu<\/td>\n<td>Opcjonalnie<\/td>\n<td>Nie<\/td>\n<td>Tak<\/td>\n<td>Tak<\/td>\n<td>Tak<\/td>\n<td>Nie<\/td>\n<\/tr>\n<tr>\n<td>Aplikacja mobilna<\/td>\n<td>Android<\/td>\n<td>Nie<\/td>\n<td>Tak<\/td>\n<td>Tak<\/td>\n<td>Nie<\/td>\n<td>Nie<\/td>\n<\/tr>\n<tr>\n<td>Filtry\/Czat ukierunkowany<\/td>\n<td>Kraj<\/td>\n<td>Odsetki<\/td>\n<td>P\u0142e\u0107<\/td>\n<td>Pokoje<\/td>\n<td>Odsetki<\/td>\n<td>P\u0142e\u0107<\/td>\n<\/tr>\n<tr>\n<td>Waluta w aplikacji \/ prezenty<\/td>\n<td>Nie<\/td>\n<td>Nie<\/td>\n<td>Nie<\/td>\n<td>Tak<\/td>\n<td>Nie<\/td>\n<td>Nie<\/td>\n<\/tr>\n<\/tbody>\n<\/table>\n<p>Podsumowanie: Chatiw jest idealny dla u\u017cytkownik\u00f3w, kt\u00f3rzy chc\u0105 szybkiego, bezproblemowego czatu tekstowego z opcjami grupowymi i prywatnymi. Mniej tu chodzi o wizualizacje, a bardziej o prawdziw\u0105, spontaniczn\u0105 rozmow\u0119.<\/p>\n<h2>Czy Chatiw jest bezpieczny?<\/h2>\n<p>Chatiw priorytetowo traktuje bezpieczne \u015brodowisko, ale podobnie jak w przypadku ka\u017cdej anonimowej witryny czatu, czujno\u015b\u0107 u\u017cytkownika jest niezb\u0119dna. Oto, co powiniene\u015b wiedzie\u0107:<\/p>\n<h3>Funkcje bezpiecze\u0144stwa<\/h3>\n<ul>\n<li>Przyciski blokowania i zg\u0142aszania nieuczciwych u\u017cytkownik\u00f3w<\/li>\n<li>Automatyczne wykrywanie i blokowanie spamu<\/li>\n<li>Moderatorzy obecni w pomieszczeniach og\u00f3lnodost\u0119pnych<\/li>\n<li>Podstawowe filtrowanie tre\u015bci (brak wyra\u017anych obraz\u00f3w, ograniczone udost\u0119pnianie plik\u00f3w)<\/li>\n<\/ul>\n<h3>Najlepsze praktyki<\/h3>\n<ul>\n<li>Nie udost\u0119pniaj danych osobowych (prawdziwego imienia i nazwiska, adresu e-mail, adresu, numeru telefonu).<\/li>\n<li>U\u017cywaj pseudonimu lub nicku, zw\u0142aszcza jako go\u015b\u0107.<\/li>\n<li>Nigdy nie wysy\u0142aj pieni\u0119dzy ani nie klikaj nieznanych link\u00f3w<\/li>\n<li>Blokowanie i zg\u0142aszanie podejrzanych lub obra\u017aliwych u\u017cytkownik\u00f3w<\/li>\n<\/ul>\n<h2>Wskaz\u00f3wki jak najlepiej wykorzysta\u0107 Chatiw<\/h2>\n<ul>\n<li>Wypr\u00f3buj r\u00f3\u017cne pokoje: Poeksperymentuj z czatem publicznym, a nast\u0119pnie przejd\u017a do czat\u00f3w prywatnych, gdy poczujesz si\u0119 komfortowo.<\/li>\n<li>Poznaj kraje: U\u017cyj filtra, aby pozna\u0107 ludzi z r\u00f3\u017cnych region\u00f3w.<\/li>\n<li>Korzystaj z aplikacji mobilnej: Pozosta\u0144 w kontakcie w podr\u00f3\u017cy.<\/li>\n<li>B\u0105d\u017a pe\u0142en szacunku: Uprzejmo\u015b\u0107 prowadzi do lepszych rozm\u00f3w i nowych znajomo\u015bci.<\/li>\n<li>Chro\u0144 swoj\u0105 to\u017csamo\u015b\u0107: Zachowaj prywatne dane osobowe i nie ulegaj presji, by je udost\u0119pnia\u0107.<\/li>\n<\/ul>\n<h2>Rozwi\u0105zywanie typowych problem\u00f3w z Chatiw<\/h2>\n<h3>Nie mo\u017cna po\u0142\u0105czy\u0107 si\u0119 z czatem<\/h3>\n<p>Od\u015bwie\u017c stron\u0119, wyczy\u015b\u0107 pliki cookie lub wypr\u00f3buj inn\u0105 przegl\u0105dark\u0119. Sprawd\u017a, czy Tw\u00f3j kraj nie blokuje witryn czatu.<\/p>\n<h3>Zbyt wiele reklam<\/h3>\n<p>Rozwa\u017c rejestracj\u0119 konta premium (bez reklam) lub skorzystaj z blokady reklam (tylko w wersji przegl\u0105darkowej).<\/p>\n<h3>Spam lub boty<\/h3>\n<p>Blokowanie i zg\u0142aszanie u\u017cytkownik\u00f3w. Przej\u015bcie do prywatnych czat\u00f3w z zaufanymi u\u017cytkownikami.<\/p>\n<h3>Nieotrzymywanie wiadomo\u015bci<\/h3>\n<p>Sprawd\u017a po\u0142\u0105czenie internetowe, od\u015bwie\u017c stron\u0119 lub wyloguj si\u0119 i zaloguj ponownie.<\/p>\n<h3>Awaria aplikacji<\/h3>\n<p>Zaktualizuj aplikacj\u0119, uruchom ponownie urz\u0105dzenie lub zainstaluj ponownie ze sklepu Google Play.<\/p>\n<h2>Przemy\u015blenia ko\u0144cowe: Czy Chatiw jest tego wart?<\/h2>\n<p>Absolutnie - dla ka\u017cdego, kto ceni sobie natychmiastowe, anonimowe rozmowy tekstowe. Chatiw usuwa bariery, kt\u00f3re sprawiaj\u0105, \u017ce inne aplikacje spo\u0142eczno\u015bciowe s\u0105 uci\u0105\u017cliwe i umo\u017cliwia czatowanie w ci\u0105gu kilku sekund.<\/p>\n<p>Nie jest to miejsce na szczeg\u00f3\u0142owe profile, zaawansowane dobieranie partner\u00f3w czy wideo HD - ale w\u0142a\u015bnie dlatego tak wielu u\u017cytkownik\u00f3w je uwielbia. Chatiw spe\u0142nia obietnic\u0119 czystego, ludzkiego po\u0142\u0105czenia: w czasie rzeczywistym, anonimowo i od\u015bwie\u017caj\u0105co prosto.<\/p>\n<p>Niezale\u017cnie od tego, czy chcesz zabija\u0107 czas, nawi\u0105zywa\u0107 znajomo\u015bci, flirtowa\u0107, czy odkrywa\u0107 \u015bwiat poprzez rozmow\u0119, Chatiw stanowi idealn\u0105 bram\u0119.<\/p>\n<p>Odwied\u017a chatiw.com lub pobierz aplikacj\u0119 i zacznij czatowa\u0107 ju\u017c teraz - nigdy nie wiesz, kogo spotkasz.<\/p>","protected":false},"excerpt":{"rendered":"<p>In an age where social networks are filled with algorithms, friend requests, and privacy hurdles, there\u2019s a real appeal to chat platforms that keep things fast, simple, and anonymous. Enter Chatiw: a chat site designed for anyone who wants to jump straight into conversation \u2014 no sign-up, no downloads, no strings attached. While some platforms [&hellip;]<\/p>\n","protected":false},"author":6,"featured_media":0,"parent":0,"menu_order":0,"comment_status":"closed","ping_status":"closed","template":"","meta":{"footnotes":""},"class_list":["post-5113","page","type-page","status-publish","hentry"],"yoast_head":"<!-- This site is optimized with the Yoast SEO plugin v27.6 - https:\/\/yoast.com\/product\/yoast-seo-wordpress\/ -->\n<title>Chatiw - Text Chat Rooms to Chat with Strangers - TinyChat.com<\/title>\n<meta name=\"description\" content=\"Enjoying Chatiw? Join over 50,000,000 strangers on TinyChat! Turn on your cam and start meeting new people, or find a match.\" \/>\n<meta name=\"robots\" content=\"index, follow, max-snippet:-1, max-image-preview:large, max-video-preview:-1\" \/>\n<link rel=\"canonical\" href=\"https:\/\/tinychat.com\/pl\/chatiw\/\" \/>\n<meta property=\"og:locale\" content=\"pl_PL\" \/>\n<meta property=\"og:type\" content=\"article\" \/>\n<meta property=\"og:title\" content=\"Chatiw - Text Chat Rooms to Chat with Strangers - TinyChat.com\" \/>\n<meta property=\"og:description\" content=\"Enjoying Chatiw? Join over 50,000,000 strangers on TinyChat! Turn on your cam and start meeting new people, or find a match.\" \/>\n<meta property=\"og:url\" content=\"https:\/\/tinychat.com\/pl\/chatiw\/\" \/>\n<meta property=\"og:site_name\" content=\"TinyChat\" \/>\n<meta property=\"article:publisher\" content=\"https:\/\/www.facebook.com\/tinychat\" \/>\n<meta property=\"article:modified_time\" content=\"2025-07-07T16:18:42+00:00\" \/>\n<meta property=\"og:image\" content=\"https:\/\/tinychat.com\/wp-content\/uploads\/2020\/04\/Tinychat-logo-1280x284-new-black.png\" \/>\n\t<meta property=\"og:image:width\" content=\"1280\" \/>\n\t<meta property=\"og:image:height\" content=\"284\" \/>\n\t<meta property=\"og:image:type\" content=\"image\/png\" \/>\n<meta name=\"twitter:card\" content=\"summary_large_image\" \/>\n<meta name=\"twitter:site\" content=\"@tinychat\" \/>\n<meta name=\"twitter:label1\" content=\"Szacowany czas czytania\" \/>\n\t<meta name=\"twitter:data1\" content=\"7 minut\" \/>\n<script type=\"application\/ld+json\" class=\"yoast-schema-graph\">{\"@context\":\"https:\\\/\\\/schema.org\",\"@graph\":[{\"@type\":\"WebPage\",\"@id\":\"https:\\\/\\\/tinychat.com\\\/chatiw\\\/\",\"url\":\"https:\\\/\\\/tinychat.com\\\/chatiw\\\/\",\"name\":\"Chatiw - Text Chat Rooms to Chat with Strangers - TinyChat.com\",\"isPartOf\":{\"@id\":\"https:\\\/\\\/tinychat.com\\\/#website\"},\"datePublished\":\"2025-06-19T19:05:49+00:00\",\"dateModified\":\"2025-07-07T16:18:42+00:00\",\"description\":\"Enjoying Chatiw? Join over 50,000,000 strangers on TinyChat! Turn on your cam and start meeting new people, or find a match.\",\"breadcrumb\":{\"@id\":\"https:\\\/\\\/tinychat.com\\\/chatiw\\\/#breadcrumb\"},\"inLanguage\":\"pl-PL\",\"potentialAction\":[{\"@type\":\"ReadAction\",\"target\":[\"https:\\\/\\\/tinychat.com\\\/chatiw\\\/\"]}]},{\"@type\":\"BreadcrumbList\",\"@id\":\"https:\\\/\\\/tinychat.com\\\/chatiw\\\/#breadcrumb\",\"itemListElement\":[{\"@type\":\"ListItem\",\"position\":1,\"name\":\"Home\",\"item\":\"https:\\\/\\\/tinychat.com\\\/\"},{\"@type\":\"ListItem\",\"position\":2,\"name\":\"Chatiw\"}]},{\"@type\":\"WebSite\",\"@id\":\"https:\\\/\\\/tinychat.com\\\/#website\",\"url\":\"https:\\\/\\\/tinychat.com\\\/\",\"name\":\"TinyChat\",\"description\":\"Random Video Chat with Strangers\",\"publisher\":{\"@id\":\"https:\\\/\\\/tinychat.com\\\/#organization\"},\"alternateName\":\"TinyChat.com\",\"potentialAction\":[{\"@type\":\"SearchAction\",\"target\":{\"@type\":\"EntryPoint\",\"urlTemplate\":\"https:\\\/\\\/tinychat.com\\\/?s={search_term_string}\"},\"query-input\":{\"@type\":\"PropertyValueSpecification\",\"valueRequired\":true,\"valueName\":\"search_term_string\"}}],\"inLanguage\":\"pl-PL\"},{\"@type\":\"Organization\",\"@id\":\"https:\\\/\\\/tinychat.com\\\/#organization\",\"name\":\"TinyChat\",\"alternateName\":\"TinyChat.com\",\"url\":\"https:\\\/\\\/tinychat.com\\\/\",\"logo\":{\"@type\":\"ImageObject\",\"inLanguage\":\"pl-PL\",\"@id\":\"https:\\\/\\\/tinychat.com\\\/#\\\/schema\\\/logo\\\/image\\\/\",\"url\":\"https:\\\/\\\/tinychat.com\\\/wp-content\\\/uploads\\\/2023\\\/11\\\/Tinychat-icon-square.png\",\"contentUrl\":\"https:\\\/\\\/tinychat.com\\\/wp-content\\\/uploads\\\/2023\\\/11\\\/Tinychat-icon-square.png\",\"width\":284,\"height\":284,\"caption\":\"TinyChat\"},\"image\":{\"@id\":\"https:\\\/\\\/tinychat.com\\\/#\\\/schema\\\/logo\\\/image\\\/\"},\"sameAs\":[\"https:\\\/\\\/www.facebook.com\\\/tinychat\",\"https:\\\/\\\/x.com\\\/tinychat\"]}]}<\/script>\n<!-- \/ Yoast SEO plugin. -->","yoast_head_json":{"title":"Chatiw - Pokoje rozm\u00f3w tekstowych do czatowania z nieznajomymi - TinyChat.com","description":"Korzystasz z Chatiw? Do\u0142\u0105cz do ponad 50 000 000 nieznajomych na TinyChat! W\u0142\u0105cz kamer\u0119 i zacznij poznawa\u0107 nowych ludzi lub znajd\u017a partnera.","robots":{"index":"index","follow":"follow","max-snippet":"max-snippet:-1","max-image-preview":"max-image-preview:large","max-video-preview":"max-video-preview:-1"},"canonical":"https:\/\/tinychat.com\/pl\/chatiw\/","og_locale":"pl_PL","og_type":"article","og_title":"Chatiw - Text Chat Rooms to Chat with Strangers - TinyChat.com","og_description":"Enjoying Chatiw? Join over 50,000,000 strangers on TinyChat! Turn on your cam and start meeting new people, or find a match.","og_url":"https:\/\/tinychat.com\/pl\/chatiw\/","og_site_name":"TinyChat","article_publisher":"https:\/\/www.facebook.com\/tinychat","article_modified_time":"2025-07-07T16:18:42+00:00","og_image":[{"width":1280,"height":284,"url":"https:\/\/tinychat.com\/wp-content\/uploads\/2020\/04\/Tinychat-logo-1280x284-new-black.png","type":"image\/png"}],"twitter_card":"summary_large_image","twitter_site":"@tinychat","twitter_misc":{"Szacowany czas czytania":"7 minut"},"schema":{"@context":"https:\/\/schema.org","@graph":[{"@type":"WebPage","@id":"https:\/\/tinychat.com\/chatiw\/","url":"https:\/\/tinychat.com\/chatiw\/","name":"Chatiw - Pokoje rozm\u00f3w tekstowych do czatowania z nieznajomymi - TinyChat.com","isPartOf":{"@id":"https:\/\/tinychat.com\/#website"},"datePublished":"2025-06-19T19:05:49+00:00","dateModified":"2025-07-07T16:18:42+00:00","description":"Korzystasz z Chatiw? Do\u0142\u0105cz do ponad 50 000 000 nieznajomych na TinyChat! W\u0142\u0105cz kamer\u0119 i zacznij poznawa\u0107 nowych ludzi lub znajd\u017a partnera.","breadcrumb":{"@id":"https:\/\/tinychat.com\/chatiw\/#breadcrumb"},"inLanguage":"pl-PL","potentialAction":[{"@type":"ReadAction","target":["https:\/\/tinychat.com\/chatiw\/"]}]},{"@type":"BreadcrumbList","@id":"https:\/\/tinychat.com\/chatiw\/#breadcrumb","itemListElement":[{"@type":"ListItem","position":1,"name":"Home","item":"https:\/\/tinychat.com\/"},{"@type":"ListItem","position":2,"name":"Chatiw"}]},{"@type":"WebSite","@id":"https:\/\/tinychat.com\/#website","url":"https:\/\/tinychat.com\/","name":"TinyChat","description":"Losowy czat wideo z nieznajomymi","publisher":{"@id":"https:\/\/tinychat.com\/#organization"},"alternateName":"TinyChat.com","potentialAction":[{"@type":"SearchAction","target":{"@type":"EntryPoint","urlTemplate":"https:\/\/tinychat.com\/?s={search_term_string}"},"query-input":{"@type":"PropertyValueSpecification","valueRequired":true,"valueName":"search_term_string"}}],"inLanguage":"pl-PL"},{"@type":"Organization","@id":"https:\/\/tinychat.com\/#organization","name":"TinyChat","alternateName":"TinyChat.com","url":"https:\/\/tinychat.com\/","logo":{"@type":"ImageObject","inLanguage":"pl-PL","@id":"https:\/\/tinychat.com\/#\/schema\/logo\/image\/","url":"https:\/\/tinychat.com\/wp-content\/uploads\/2023\/11\/Tinychat-icon-square.png","contentUrl":"https:\/\/tinychat.com\/wp-content\/uploads\/2023\/11\/Tinychat-icon-square.png","width":284,"height":284,"caption":"TinyChat"},"image":{"@id":"https:\/\/tinychat.com\/#\/schema\/logo\/image\/"},"sameAs":["https:\/\/www.facebook.com\/tinychat","https:\/\/x.com\/tinychat"]}]}},"_links":{"self":[{"href":"https:\/\/tinychat.com\/pl\/wp-json\/wp\/v2\/pages\/5113","targetHints":{"allow":["GET"]}}],"collection":[{"href":"https:\/\/tinychat.com\/pl\/wp-json\/wp\/v2\/pages"}],"about":[{"href":"https:\/\/tinychat.com\/pl\/wp-json\/wp\/v2\/types\/page"}],"author":[{"embeddable":true,"href":"https:\/\/tinychat.com\/pl\/wp-json\/wp\/v2\/users\/6"}],"replies":[{"embeddable":true,"href":"https:\/\/tinychat.com\/pl\/wp-json\/wp\/v2\/comments?post=5113"}],"version-history":[{"count":3,"href":"https:\/\/tinychat.com\/pl\/wp-json\/wp\/v2\/pages\/5113\/revisions"}],"predecessor-version":[{"id":13288,"href":"https:\/\/tinychat.com\/pl\/wp-json\/wp\/v2\/pages\/5113\/revisions\/13288"}],"wp:attachment":[{"href":"https:\/\/tinychat.com\/pl\/wp-json\/wp\/v2\/media?parent=5113"}],"curies":[{"name":"wp","href":"https:\/\/api.w.org\/{rel}","templated":true}]}}