{"id":5227,"date":"2025-08-18T09:37:25","date_gmt":"2025-08-18T07:37:25","guid":{"rendered":"https:\/\/tinychat.com\/?page_id=5227"},"modified":"2025-08-18T10:15:22","modified_gmt":"2025-08-18T08:15:22","slug":"y99","status":"publish","type":"page","link":"https:\/\/tinychat.com\/pl\/y99\/","title":{"rendered":"Y99"},"content":{"rendered":"<p>W dzisiejszej erze cyfrowej nawi\u0105zywanie kontakt\u00f3w z nieznajomymi sta\u0142o si\u0119 \u0142atwiejsze ni\u017c kiedykolwiek wcze\u015bniej. Podczas gdy aplikacje takie jak WhatsApp i Facebook Messenger utrzymuj\u0105 nas w kontakcie z rodzin\u0105 i przyjaci\u00f3\u0142mi, platformy takie jak Y99 koncentruj\u0105 si\u0119 na czym\u015b innym: nawi\u0105zywaniu nowych kontakt\u00f3w z lud\u017ami, kt\u00f3rych nigdy wcze\u015bniej nie spotka\u0142e\u015b.<\/p>\n<p>Y99 wyr\u00f3s\u0142 na jedn\u0105 z bardziej rozpoznawalnych nazw w spo\u0142eczno\u015bci czat\u00f3w losowych, przyci\u0105gaj\u0105c u\u017cytkownik\u00f3w z ca\u0142ego \u015bwiata, kt\u00f3rzy s\u0105 zainteresowani nawi\u0105zywaniem przyja\u017ani, znajdowaniem romans\u00f3w lub po prostu sp\u0119dzaniem czasu w t\u0119tni\u0105cych \u017cyciem czatach online. W przeciwie\u0144stwie do prostych us\u0142ug tekstowych z przesz\u0142o\u015bci, Y99 oferuje r\u00f3\u017cnorodne do\u015bwiadczenia czatu - od dyskusji grupowych po prywatne czaty jeden na jednego - podkre\u015blaj\u0105c jednocze\u015bnie dost\u0119pno\u015b\u0107 i \u0142atwo\u015b\u0107 u\u017cytkowania.<\/p>\n<p>W tej recenzji zbadamy wszystko, co musisz wiedzie\u0107 o Y99: jego funkcje, wra\u017cenia u\u017cytkownika, bezpiecze\u0144stwo, zalety i wady oraz por\u00f3wnanie z innymi platformami w \u015bwiecie czat\u00f3w online.<\/p>\n<h2>Co to jest Y99?<\/h2>\n<p>Y99 to internetowy czat i spo\u0142eczno\u015b\u0107 spo\u0142eczno\u015bciowa przeznaczona dla os\u00f3b, kt\u00f3re chc\u0105 rozmawia\u0107 z nieznajomymi bez konieczno\u015bci rejestracji lub podawania danych osobowych. Platforma oferuje:<\/p>\n<ul>\n<li>Publiczne czaty zorganizowane wed\u0142ug temat\u00f3w lub zainteresowa\u0144.<\/li>\n<li>Prywatne rozmowy jeden na jednego z przypadkowymi u\u017cytkownikami.<\/li>\n<li>Anonimowy czat tekstowy bez konieczno\u015bci posiadania konta.<\/li>\n<li>Czat g\u0142osowy i zaproszenia do znajomych dla tych, kt\u00f3rzy chc\u0105 nawi\u0105za\u0107 g\u0142\u0119bszy kontakt.<\/li>\n<\/ul>\n<p>To, co wyr\u00f3\u017cnia Y99, to po\u0142\u0105czenie klasycznych czat\u00f3w internetowych (powr\u00f3t do wczesnego Internetu) z nowoczesnymi rozwi\u0105zaniami, takimi jak wiadomo\u015bci g\u0142osowe, systemy znajomych i globalne dopasowanie.<\/p>\n<h2>Kluczowe cechy Y99<\/h2>\n<p>Y99 to nie tylko losowy czat - \u0142\u0105czy funkcje spo\u0142eczno\u015bciowe z szybkimi, anonimowymi wiadomo\u015bciami. Oto zestawienie tego, co oferuje:<\/p>\n<h3>1. Publiczne czaty<\/h3>\n<ul>\n<li>Pokoje tematyczne (np. gry, randki, przyja\u017a\u0144, specyficzne dla danego kraju).<\/li>\n<li>\u0141atwy dost\u0119p bez rejestracji.<\/li>\n<li>\u015awietne rozwi\u0105zanie dla os\u00f3b, kt\u00f3re wol\u0105 interakcj\u0119 w grupie ni\u017c jeden na jednego.<\/li>\n<\/ul>\n<h3>2. Prywatny czat<\/h3>\n<ul>\n<li>Losowo \u0142\u0105cz si\u0119 z innymi u\u017cytkownikami w celu wysy\u0142ania wiadomo\u015bci jeden na jeden.<\/li>\n<li>Zachowaj anonimowo\u015b\u0107, nie udost\u0119pniaj\u0105c danych osobowych.<\/li>\n<\/ul>\n<h3>3. Opcje czatu g\u0142osowego<\/h3>\n<ul>\n<li>Opr\u00f3cz tekstu, Y99 obs\u0142uguje interakcje g\u0142osowe.<\/li>\n<li>Nadaje rozmowom bardziej osobisty i autentyczny charakter.<\/li>\n<\/ul>\n<h3>4. Pro\u015bby o dodanie do znajomych i profile<\/h3>\n<ul>\n<li>U\u017cytkownicy mog\u0105 wysy\u0142a\u0107 \u017c\u0105dania i tworzy\u0107 list\u0119 po\u0142\u0105cze\u0144.<\/li>\n<li>Opcjonalne tworzenie profilu dla tych, kt\u00f3rzy chc\u0105 by\u0107 bardziej widoczni.<\/li>\n<\/ul>\n<h3>5. Obs\u0142uga wielu urz\u0105dze\u0144<\/h3>\n<ul>\n<li>Dzia\u0142a p\u0142ynnie na komputerach stacjonarnych, tabletach i urz\u0105dzeniach mobilnych.<\/li>\n<li>Nie jest wymagana dedykowana aplikacja, cho\u0107 przegl\u0105darki mobilne dobrze sobie z tym radz\u0105.<\/li>\n<\/ul>\n<h3>6. Prosty i bezp\u0142atny dost\u0119p<\/h3>\n<ul>\n<li>Bez pobierania, bez d\u0142ugich formularzy rejestracyjnych.<\/li>\n<li>Wi\u0119kszo\u015b\u0107 funkcji jest dost\u0119pna bez dodatkowych op\u0142at.<\/li>\n<\/ul>\n<h2>Jak korzysta\u0107 z Y99<\/h2>\n<p>Rozpocz\u0119cie pracy z Y99 jest bardzo proste:<\/p>\n<h3>Krok 1: Odwied\u017a stron\u0119 internetow\u0105 Y99<\/h3>\n<p>Otw\u00f3rz przegl\u0105dark\u0119 i przejd\u017a do strony g\u0142\u00f3wnej czatu Y99.<\/p>\n<h3>Krok 2: Wybierz pok\u00f3j lub opcj\u0119<\/h3>\n<ul>\n<li>Wejd\u017a do publicznego pokoju rozm\u00f3w, kt\u00f3ry odpowiada Twoim zainteresowaniom.<\/li>\n<li>Mo\u017cesz te\u017c wybra\u0107 czat prywatny\/losowy, aby nawi\u0105za\u0107 po\u0142\u0105czenie jeden na jednego.<\/li>\n<\/ul>\n<h3>Krok 3: Rozpocznij czat<\/h3>\n<ul>\n<li>Wysy\u0142aj wiadomo\u015bci tekstowe, emotikony lub notatki g\u0142osowe.<\/li>\n<li>Zachowaj swobod\u0119, lekko\u015b\u0107 i szacunek.<\/li>\n<\/ul>\n<h3>Krok 4: Dodaj znajomych<\/h3>\n<ul>\n<li>Je\u015bli spotkasz kogo\u015b interesuj\u0105cego, wy\u015blij zaproszenie do znajomych.<\/li>\n<li>Zbuduj osobist\u0105 list\u0119 kontakt\u00f3w do bie\u017c\u0105cych rozm\u00f3w.<\/li>\n<\/ul>\n<h2>Wra\u017cenia u\u017cytkownika na Y99<\/h2>\n<p>Y99 ma minimalistyczny design, kt\u00f3ry koncentruje si\u0119 na funkcjonalno\u015bci, a nie na krzykliwych efektach wizualnych.<\/p>\n<h3>Plusy<\/h3>\n<ul>\n<li>Do podstawowego u\u017cytkowania nie jest wymagana rejestracja.<\/li>\n<li>R\u00f3\u017cnorodno\u015b\u0107 temat\u00f3w czatu.<\/li>\n<li>Proste i szybkie rozpocz\u0119cie pracy.<\/li>\n<li>Bezp\u0142atny dost\u0119p dla wi\u0119kszo\u015bci u\u017cytkownik\u00f3w.<\/li>\n<\/ul>\n<h3>Wady<\/h3>\n<ul>\n<li>Brak zaawansowanych filtr\u00f3w (takich jak p\u0142e\u0107\/lokalizacja), chyba \u017ce dokonasz aktualizacji.<\/li>\n<li>Niekt\u00f3re pokoje mog\u0105 by\u0107 przepe\u0142nione lub spamerskie.<\/li>\n<li>Czat wideo nie jest tak silny, jak na platformach takich jak Omegle lub Emerald Chat.<\/li>\n<\/ul>\n<h2>Y99 vs. inne platformy czatu losowego<\/h2>\n<table>\n<thead>\n<tr>\n<th>Cecha<\/th>\n<th>Y99<\/th>\n<th>Omegle<\/th>\n<th>ChatHub<\/th>\n<th>Chat Avenue<\/th>\n<th>Wireclub<\/th>\n<th>Emerald Chat<\/th>\n<\/tr>\n<\/thead>\n<tbody>\n<tr>\n<td>Publiczne czaty<\/td>\n<td>Tak<\/td>\n<td>Nie<\/td>\n<td>Nie<\/td>\n<td>Tak<\/td>\n<td>Tak<\/td>\n<td>Nie<\/td>\n<\/tr>\n<tr>\n<td>Losowy czat jeden na jednego<\/td>\n<td>Tak<\/td>\n<td>Tak<\/td>\n<td>Tak<\/td>\n<td>Tak<\/td>\n<td>Nie<\/td>\n<td>Tak<\/td>\n<\/tr>\n<tr>\n<td>Czat g\u0142osowy<\/td>\n<td>Tak<\/td>\n<td>Nie<\/td>\n<td>Nie<\/td>\n<td>Nie<\/td>\n<td>Tak<\/td>\n<td>Tak<\/td>\n<\/tr>\n<tr>\n<td>Czat wideo<\/td>\n<td>Ograniczony<\/td>\n<td>Tak<\/td>\n<td>Tak<\/td>\n<td>Nie<\/td>\n<td>Nie<\/td>\n<td>Tak<\/td>\n<\/tr>\n<tr>\n<td>Pro\u015bby o dodanie do znajomych\/profile<\/td>\n<td>Tak<\/td>\n<td>Nie<\/td>\n<td>Tak<\/td>\n<td>Nie<\/td>\n<td>Tak<\/td>\n<td>Tak<\/td>\n<\/tr>\n<tr>\n<td>Anonimowy dost\u0119p<\/td>\n<td>Tak<\/td>\n<td>Tak<\/td>\n<td>Tak<\/td>\n<td>Tak<\/td>\n<td>Ograniczony<\/td>\n<td>Tak<\/td>\n<\/tr>\n<\/tbody>\n<\/table>\n<p>Podsumowanie: Y99 jest silniejszy w czatach grupowych\/spo\u0142eczno\u015bciowych ni\u017c wielu konkurent\u00f3w, ale s\u0142abszy, je\u015bli chodzi o w pe\u0142ni funkcjonalny czat wideo.<\/p>\n<h2>Bezpiecze\u0144stwo na Y99<\/h2>\n<p>Podobnie jak w przypadku wszystkich platform, kt\u00f3re wymagaj\u0105 rozm\u00f3w z nieznajomymi, bezpiecze\u0144stwo jest wa\u017cn\u0105 kwesti\u0105. Y99 podejmuje pewne \u015brodki, ale u\u017cytkownicy musz\u0105 r\u00f3wnie\u017c dzia\u0142a\u0107 odpowiedzialnie.<\/p>\n<h3>Wbudowane funkcje bezpiecze\u0144stwa<\/h3>\n<ul>\n<li>Anonimowo\u015b\u0107 (do rozpocz\u0119cia nie jest wymagany adres e-mail ani telefon).<\/li>\n<li>Narz\u0119dzia do raportowania i blokowania.<\/li>\n<li>Moderatorzy obecni w niekt\u00f3rych pokojach.<\/li>\n<\/ul>\n<h3>Wskaz\u00f3wki dotycz\u0105ce bezpiecze\u0144stwa<\/h3>\n<ul>\n<li>Unikaj udost\u0119pniania danych osobowych (adres, telefon, media spo\u0142eczno\u015bciowe).<\/li>\n<li>Natychmiast zg\u0142aszaj podejrzane lub obra\u017aliwe zachowania.<\/li>\n<li>Rodzice powinni monitorowa\u0107 dzieci, poniewa\u017c Y99 jest dost\u0119pny dla wszystkich grup wiekowych.<\/li>\n<\/ul>\n<h2>Wskaz\u00f3wki dotycz\u0105ce korzystania z Y99<\/h2>\n<ul>\n<li>Do\u0142\u0105cz do mniejszych pokoi, aby prowadzi\u0107 g\u0142\u0119bsze rozmowy.<\/li>\n<li>Wypr\u00f3buj czat g\u0142osowy, aby uczyni\u0107 interakcje bardziej osobistymi.<\/li>\n<li>Korzystaj z zaprosze\u0144 do znajomych, aby budowa\u0107 trwa\u0142e relacje.<\/li>\n<li>Zachowaj anonimowo\u015b\u0107 do czasu zbudowania zaufania.<\/li>\n<li>Poznaj mi\u0119dzynarodowe pokoje do wymiany kulturalnej.<\/li>\n<\/ul>\n<h2>Typowe problemy i poprawki<\/h2>\n<h3>Nie mo\u017cna po\u0142\u0105czy\u0107 si\u0119 z czatem<\/h3>\n<ul>\n<li>Od\u015bwie\u017c stron\u0119 lub zmie\u0144 przegl\u0105dark\u0119.<\/li>\n<li>Wyczy\u015b\u0107 pliki cookie\/cache.<\/li>\n<\/ul>\n<h3>Czat g\u0142osowy nie dzia\u0142a<\/h3>\n<ul>\n<li>Sprawd\u017a uprawnienia mikrofonu.<\/li>\n<li>W razie potrzeby spr\u00f3buj zmieni\u0107 urz\u0105dzenie.<\/li>\n<\/ul>\n<h3>Napotykanie spamu\/bot\u00f3w<\/h3>\n<ul>\n<li>Trzymaj si\u0119 moderowanych pokoj\u00f3w.<\/li>\n<li>U\u017cyj funkcji raportu\/bloku.<\/li>\n<\/ul>\n<h2>Dlaczego ludzie wybieraj\u0105 Y99<\/h2>\n<p>Y99 sta\u0142 si\u0119 popularny, poniewa\u017c przypomina po\u0142\u0105czenie oldschoolowych czat\u00f3w i nowoczesnych anonimowych aplikacji do czatowania. Dla wielu jest to nostalgiczne, przypominaj\u0105ce kultur\u0119 internetow\u0105 z pocz\u0105tku XXI wieku - ale z dodatkowymi narz\u0119dziami, takimi jak czat g\u0142osowy i listy znajomych.<\/p>\n<p>Nie jest tak wizualny jak platformy oparte na wideo, takie jak Omegle, ale wyrze\u017abi\u0142 nisz\u0119 w\u015br\u00f3d ludzi, kt\u00f3rzy preferuj\u0105 interakcje oparte na spo\u0142eczno\u015bci, oparte na tek\u015bcie.<\/p>\n<p>Je\u015bli szukasz spo\u0142eczno\u015bci czatu, kt\u00f3ra oferuje zar\u00f3wno pokoje publiczne, jak i prywatne rozmowy, Y99 jest zdecydowanie warty wypr\u00f3bowania. Jest on darmowy, szybki i prosty w obs\u0142udze, z wystarczaj\u0105c\u0105 liczb\u0105 funkcji, by zapewni\u0107 interesuj\u0105c\u0105 rozrywk\u0119 bez przyt\u0142aczania nowych u\u017cytkownik\u00f3w.<\/p>\n<p>Chocia\u017c mo\u017ce brakowa\u0107 pe\u0142nego do\u015bwiadczenia czatu wideo na platformach takich jak Emerald Chat lub Chatroulette, Y99 wyr\u00f3\u017cnia si\u0119 aspektem spo\u0142eczno\u015bciowym, dzi\u0119ki czemu jest idealny dla os\u00f3b, kt\u00f3re lubi\u0105 dyskusje grupowe i pokoje tematyczne.<\/p>\n<p>Kr\u00f3tko m\u00f3wi\u0105c, Y99 to niezawodny wyb\u00f3r:<\/p>\n<ul>\n<li>Ludzie, kt\u00f3rzy kochaj\u0105 klasyczne czaty.<\/li>\n<li>Ci, kt\u00f3rzy szukaj\u0105 opcji czatu g\u0142osowego obok tekstu.<\/li>\n<li>Ka\u017cdy, kto szuka darmowych, anonimowych sposob\u00f3w na poznawanie nowych ludzi online.<\/li>\n<\/ul>\n<p>Gotowy do wypr\u00f3bowania Y99? Odwied\u017a stron\u0119, wybierz pok\u00f3j i zanurz si\u0119 w czekaj\u0105cych na Ciebie rozmowach.<\/p>","protected":false},"excerpt":{"rendered":"<p>In today\u2019s digital age, connecting with strangers has become easier than ever before. While apps like WhatsApp and Facebook Messenger keep us in touch with family and friends, platforms like Y99 focus on something different: making new connections with people you\u2019ve never met before. Y99 has grown into one of the more recognizable names in [&hellip;]<\/p>\n","protected":false},"author":6,"featured_media":0,"parent":0,"menu_order":0,"comment_status":"closed","ping_status":"closed","template":"","meta":{"footnotes":""},"class_list":["post-5227","page","type-page","status-publish","hentry"],"yoast_head":"<!-- This site is optimized with the Yoast SEO plugin v27.6 - https:\/\/yoast.com\/product\/yoast-seo-wordpress\/ -->\n<title>Y99 - Free Random Guest Chat Rooms - TinyChat.com<\/title>\n<meta name=\"description\" content=\"Enjoying Y99? Join over 50,000,000 strangers on TinyChat! Turn on your cam and start meeting new people, or find a match.\" \/>\n<meta name=\"robots\" content=\"index, follow, max-snippet:-1, max-image-preview:large, max-video-preview:-1\" \/>\n<link rel=\"canonical\" href=\"https:\/\/tinychat.com\/pl\/y99\/\" \/>\n<meta property=\"og:locale\" content=\"pl_PL\" \/>\n<meta property=\"og:type\" content=\"article\" \/>\n<meta property=\"og:title\" content=\"Y99 - Free Random Guest Chat Rooms - TinyChat.com\" \/>\n<meta property=\"og:description\" content=\"Enjoying Y99? Join over 50,000,000 strangers on TinyChat! Turn on your cam and start meeting new people, or find a match.\" \/>\n<meta property=\"og:url\" content=\"https:\/\/tinychat.com\/pl\/y99\/\" \/>\n<meta property=\"og:site_name\" content=\"TinyChat\" \/>\n<meta property=\"article:publisher\" content=\"https:\/\/www.facebook.com\/tinychat\" \/>\n<meta property=\"article:modified_time\" content=\"2025-08-18T08:15:22+00:00\" \/>\n<meta property=\"og:image\" content=\"https:\/\/tinychat.com\/wp-content\/uploads\/2020\/04\/Tinychat-logo-1280x284-new-black.png\" \/>\n\t<meta property=\"og:image:width\" content=\"1280\" \/>\n\t<meta property=\"og:image:height\" content=\"284\" \/>\n\t<meta property=\"og:image:type\" content=\"image\/png\" \/>\n<meta name=\"twitter:card\" content=\"summary_large_image\" \/>\n<meta name=\"twitter:site\" content=\"@tinychat\" \/>\n<meta name=\"twitter:label1\" content=\"Szacowany czas czytania\" \/>\n\t<meta name=\"twitter:data1\" content=\"5 minut\" \/>\n<script type=\"application\/ld+json\" class=\"yoast-schema-graph\">{\"@context\":\"https:\\\/\\\/schema.org\",\"@graph\":[{\"@type\":\"WebPage\",\"@id\":\"https:\\\/\\\/tinychat.com\\\/y99\\\/\",\"url\":\"https:\\\/\\\/tinychat.com\\\/y99\\\/\",\"name\":\"Y99 - Free Random Guest Chat Rooms - TinyChat.com\",\"isPartOf\":{\"@id\":\"https:\\\/\\\/tinychat.com\\\/#website\"},\"datePublished\":\"2025-08-18T07:37:25+00:00\",\"dateModified\":\"2025-08-18T08:15:22+00:00\",\"description\":\"Enjoying Y99? Join over 50,000,000 strangers on TinyChat! Turn on your cam and start meeting new people, or find a match.\",\"breadcrumb\":{\"@id\":\"https:\\\/\\\/tinychat.com\\\/y99\\\/#breadcrumb\"},\"inLanguage\":\"pl-PL\",\"potentialAction\":[{\"@type\":\"ReadAction\",\"target\":[\"https:\\\/\\\/tinychat.com\\\/y99\\\/\"]}]},{\"@type\":\"BreadcrumbList\",\"@id\":\"https:\\\/\\\/tinychat.com\\\/y99\\\/#breadcrumb\",\"itemListElement\":[{\"@type\":\"ListItem\",\"position\":1,\"name\":\"Home\",\"item\":\"https:\\\/\\\/tinychat.com\\\/\"},{\"@type\":\"ListItem\",\"position\":2,\"name\":\"Y99\"}]},{\"@type\":\"WebSite\",\"@id\":\"https:\\\/\\\/tinychat.com\\\/#website\",\"url\":\"https:\\\/\\\/tinychat.com\\\/\",\"name\":\"TinyChat\",\"description\":\"Random Video Chat with Strangers\",\"publisher\":{\"@id\":\"https:\\\/\\\/tinychat.com\\\/#organization\"},\"alternateName\":\"TinyChat.com\",\"potentialAction\":[{\"@type\":\"SearchAction\",\"target\":{\"@type\":\"EntryPoint\",\"urlTemplate\":\"https:\\\/\\\/tinychat.com\\\/?s={search_term_string}\"},\"query-input\":{\"@type\":\"PropertyValueSpecification\",\"valueRequired\":true,\"valueName\":\"search_term_string\"}}],\"inLanguage\":\"pl-PL\"},{\"@type\":\"Organization\",\"@id\":\"https:\\\/\\\/tinychat.com\\\/#organization\",\"name\":\"TinyChat\",\"alternateName\":\"TinyChat.com\",\"url\":\"https:\\\/\\\/tinychat.com\\\/\",\"logo\":{\"@type\":\"ImageObject\",\"inLanguage\":\"pl-PL\",\"@id\":\"https:\\\/\\\/tinychat.com\\\/#\\\/schema\\\/logo\\\/image\\\/\",\"url\":\"https:\\\/\\\/tinychat.com\\\/wp-content\\\/uploads\\\/2023\\\/11\\\/Tinychat-icon-square.png\",\"contentUrl\":\"https:\\\/\\\/tinychat.com\\\/wp-content\\\/uploads\\\/2023\\\/11\\\/Tinychat-icon-square.png\",\"width\":284,\"height\":284,\"caption\":\"TinyChat\"},\"image\":{\"@id\":\"https:\\\/\\\/tinychat.com\\\/#\\\/schema\\\/logo\\\/image\\\/\"},\"sameAs\":[\"https:\\\/\\\/www.facebook.com\\\/tinychat\",\"https:\\\/\\\/x.com\\\/tinychat\"]}]}<\/script>\n<!-- \/ Yoast SEO plugin. -->","yoast_head_json":{"title":"Y99 - Darmowe pokoje czatowe dla losowych go\u015bci - TinyChat.com","description":"Korzystasz z Y99? Do\u0142\u0105cz do ponad 50 000 000 nieznajomych na TinyChat! W\u0142\u0105cz kamer\u0119 i zacznij poznawa\u0107 nowych ludzi lub znajd\u017a partnera.","robots":{"index":"index","follow":"follow","max-snippet":"max-snippet:-1","max-image-preview":"max-image-preview:large","max-video-preview":"max-video-preview:-1"},"canonical":"https:\/\/tinychat.com\/pl\/y99\/","og_locale":"pl_PL","og_type":"article","og_title":"Y99 - Free Random Guest Chat Rooms - TinyChat.com","og_description":"Enjoying Y99? Join over 50,000,000 strangers on TinyChat! Turn on your cam and start meeting new people, or find a match.","og_url":"https:\/\/tinychat.com\/pl\/y99\/","og_site_name":"TinyChat","article_publisher":"https:\/\/www.facebook.com\/tinychat","article_modified_time":"2025-08-18T08:15:22+00:00","og_image":[{"width":1280,"height":284,"url":"https:\/\/tinychat.com\/wp-content\/uploads\/2020\/04\/Tinychat-logo-1280x284-new-black.png","type":"image\/png"}],"twitter_card":"summary_large_image","twitter_site":"@tinychat","twitter_misc":{"Szacowany czas czytania":"5 minut"},"schema":{"@context":"https:\/\/schema.org","@graph":[{"@type":"WebPage","@id":"https:\/\/tinychat.com\/y99\/","url":"https:\/\/tinychat.com\/y99\/","name":"Y99 - Darmowe pokoje czatowe dla losowych go\u015bci - TinyChat.com","isPartOf":{"@id":"https:\/\/tinychat.com\/#website"},"datePublished":"2025-08-18T07:37:25+00:00","dateModified":"2025-08-18T08:15:22+00:00","description":"Korzystasz z Y99? Do\u0142\u0105cz do ponad 50 000 000 nieznajomych na TinyChat! W\u0142\u0105cz kamer\u0119 i zacznij poznawa\u0107 nowych ludzi lub znajd\u017a partnera.","breadcrumb":{"@id":"https:\/\/tinychat.com\/y99\/#breadcrumb"},"inLanguage":"pl-PL","potentialAction":[{"@type":"ReadAction","target":["https:\/\/tinychat.com\/y99\/"]}]},{"@type":"BreadcrumbList","@id":"https:\/\/tinychat.com\/y99\/#breadcrumb","itemListElement":[{"@type":"ListItem","position":1,"name":"Home","item":"https:\/\/tinychat.com\/"},{"@type":"ListItem","position":2,"name":"Y99"}]},{"@type":"WebSite","@id":"https:\/\/tinychat.com\/#website","url":"https:\/\/tinychat.com\/","name":"TinyChat","description":"Losowy czat wideo z nieznajomymi","publisher":{"@id":"https:\/\/tinychat.com\/#organization"},"alternateName":"TinyChat.com","potentialAction":[{"@type":"SearchAction","target":{"@type":"EntryPoint","urlTemplate":"https:\/\/tinychat.com\/?s={search_term_string}"},"query-input":{"@type":"PropertyValueSpecification","valueRequired":true,"valueName":"search_term_string"}}],"inLanguage":"pl-PL"},{"@type":"Organization","@id":"https:\/\/tinychat.com\/#organization","name":"TinyChat","alternateName":"TinyChat.com","url":"https:\/\/tinychat.com\/","logo":{"@type":"ImageObject","inLanguage":"pl-PL","@id":"https:\/\/tinychat.com\/#\/schema\/logo\/image\/","url":"https:\/\/tinychat.com\/wp-content\/uploads\/2023\/11\/Tinychat-icon-square.png","contentUrl":"https:\/\/tinychat.com\/wp-content\/uploads\/2023\/11\/Tinychat-icon-square.png","width":284,"height":284,"caption":"TinyChat"},"image":{"@id":"https:\/\/tinychat.com\/#\/schema\/logo\/image\/"},"sameAs":["https:\/\/www.facebook.com\/tinychat","https:\/\/x.com\/tinychat"]}]}},"_links":{"self":[{"href":"https:\/\/tinychat.com\/pl\/wp-json\/wp\/v2\/pages\/5227","targetHints":{"allow":["GET"]}}],"collection":[{"href":"https:\/\/tinychat.com\/pl\/wp-json\/wp\/v2\/pages"}],"about":[{"href":"https:\/\/tinychat.com\/pl\/wp-json\/wp\/v2\/types\/page"}],"author":[{"embeddable":true,"href":"https:\/\/tinychat.com\/pl\/wp-json\/wp\/v2\/users\/6"}],"replies":[{"embeddable":true,"href":"https:\/\/tinychat.com\/pl\/wp-json\/wp\/v2\/comments?post=5227"}],"version-history":[{"count":3,"href":"https:\/\/tinychat.com\/pl\/wp-json\/wp\/v2\/pages\/5227\/revisions"}],"predecessor-version":[{"id":13459,"href":"https:\/\/tinychat.com\/pl\/wp-json\/wp\/v2\/pages\/5227\/revisions\/13459"}],"wp:attachment":[{"href":"https:\/\/tinychat.com\/pl\/wp-json\/wp\/v2\/media?parent=5227"}],"curies":[{"name":"wp","href":"https:\/\/api.w.org\/{rel}","templated":true}]}}