{"id":5268,"date":"2025-07-26T15:53:54","date_gmt":"2025-07-26T13:53:54","guid":{"rendered":"https:\/\/tinychat.com\/?page_id=5268"},"modified":"2025-07-26T18:20:07","modified_gmt":"2025-07-26T16:20:07","slug":"chatzy","status":"publish","type":"page","link":"https:\/\/tinychat.com\/pl\/chatzy\/","title":{"rendered":"Chatzy"},"content":{"rendered":"<p>W miar\u0119 jak sieci spo\u0142eczno\u015bciowe i platformy czatowe staj\u0105 si\u0119 coraz wi\u0119ksze, g\u0142o\u015bniejsze i bardziej publiczne, ro\u015bnie zapotrzebowanie na prywatno\u015b\u0107 i prostot\u0119 - miejsca, w kt\u00f3rych mo\u017cna rozmawia\u0107 ze znajomymi, wsp\u00f3\u0142pracownikami, a nawet nieznajomymi bez transmitowania swoich my\u015bli ca\u0142emu \u015bwiatu. Oto Chatzy, jedna z najd\u0142u\u017cej dzia\u0142aj\u0105cych i najbardziej zaufanych platform internetowych do tworzenia prywatnych pokoj\u00f3w rozm\u00f3w, prowadzenia dyskusji grupowych i korzystania z anonimowych czat\u00f3w tekstowych - bez rejestracji, pobierania lub reklam, kt\u00f3re za\u015bmiecaj\u0105 twoje do\u015bwiadczenie.<\/p>\n<p>Chatzy nie jest kolejnym przypadkowym czatem wideo ani kana\u0142em spo\u0142eczno\u015bciowym. Jest to pot\u0119\u017cna, elastyczna i przyjazna dla u\u017cytkownika przestrze\u0144, w kt\u00f3rej mo\u017cna w kilka sekund skonfigurowa\u0107 bezpieczne pokoje rozm\u00f3w, zarz\u0105dza\u0107 dyskusjami grupowymi, zaprasza\u0107 tylko zaufane osoby i rozmawia\u0107 o wszystkim, od hobby, przez prac\u0119 domow\u0105, po grupy wsparcia. Niezale\u017cnie od tego, czy jeste\u015b nauczycielem prowadz\u0105cym zaj\u0119cia, graczem planuj\u0105cym rajd, grup\u0105 przyjaci\u00f3\u0142 nadrabiaj\u0105cych zaleg\u0142o\u015bci, czy nieznajomymi odkrywaj\u0105cymi nowe spo\u0142eczno\u015bci, Chatzy zapewnia narz\u0119dzia do prawdziwych, znacz\u0105cych i prywatnych rozm\u00f3w online.<\/p>\n<p>W tym szczeg\u00f3\u0142owym przewodniku dowiesz si\u0119 wszystkiego, co musisz wiedzie\u0107 o Chatzy: jak dzia\u0142a, jakie s\u0105 jego wyj\u0105tkowe funkcje, wra\u017cenia u\u017cytkownika, prywatno\u015b\u0107 i bezpiecze\u0144stwo, por\u00f3wnania z innymi platformami czatowymi, rozwi\u0105zywanie problem\u00f3w i wskaz\u00f3wki, jak najlepiej wykorzysta\u0107 pokoje Chatzy.<\/p>\n<h2>Co to jest Chatzy?<\/h2>\n<p>Chatzy to internetowa platforma do czatowania, kt\u00f3ra pozwala ka\u017cdemu tworzy\u0107 prywatne lub publiczne pokoje do rozm\u00f3w grupowych lub indywidualnych. W przeciwie\u0144stwie do wielu aplikacji do czatowania, nie trzeba instalowa\u0107 \u017cadnego oprogramowania, a wi\u0119kszo\u015b\u0107 funkcji nie wymaga rejestracji - wystarczy skonfigurowa\u0107 pok\u00f3j, udost\u0119pni\u0107 \u0142\u0105cze i rozpocz\u0105\u0107 rozmow\u0119.<\/p>\n<p>Za\u0142o\u017cona na pocz\u0105tku XXI wieku firma Chatzy zyska\u0142a reputacj\u0119 niezawodnego, szybkiego i wolnego od reklam rozwi\u0105zania:<\/p>\n<ul>\n<li>Prywatne czaty grupowe i grupy do nauki<\/li>\n<li>Planowanie wydarze\u0144 i spo\u0142eczno\u015bci hobbystyczne<\/li>\n<li>Pokoje rodzinne i miejsca spotka\u0144 przyjaci\u00f3\u0142<\/li>\n<li>Sale lekcyjne i sesje korepetycji<\/li>\n<li>Grupy wsparcia i bezpieczne przestrzenie<\/li>\n<\/ul>\n<p>Koncentruj\u0105c si\u0119 na prywatno\u015bci, prostocie i kontroli u\u017cytkownika, Chatzy pozostaje faworytem w\u015br\u00f3d u\u017cytkownik\u00f3w, kt\u00f3rzy chc\u0105 czego\u015b wi\u0119cej ni\u017c media spo\u0142eczno\u015bciowe, ale mniej chaosu ni\u017c publiczne fora lub serwery Discord.<\/p>\n<h2>Kluczowe cechy Chatzy<\/h2>\n<p>Co sprawia, \u017ce Chatzy jest wyr\u00f3\u017cniaj\u0105c\u0105 si\u0119 platform\u0105 do czatu online? Oto zestawienie jej podstawowych funkcji i tego, co j\u0105 wyr\u00f3\u017cnia:<\/p>\n<h3>1. Natychmiastowe tworzenie pokoju czatu<\/h3>\n<p>Utw\u00f3rz pok\u00f3j czatu w kilka sekund. Wystarczy wej\u015b\u0107 na stron\u0119 Chatzy, klikn\u0105\u0107 \"Utw\u00f3rz w\u0142asny pok\u00f3j\", ustawi\u0107 nazw\u0119 i (opcjonalnie) has\u0142o, a prywatna przestrze\u0144 b\u0119dzie gotowa do rozmowy.<\/p>\n<h3>2. Nie wymaga pobierania ani rejestracji<\/h3>\n<p>Chatzy jest oparty na przegl\u0105darce 100% - nie ma aplikacji do zainstalowania, a do utworzenia lub do\u0142\u0105czenia do wi\u0119kszo\u015bci pokoi nie jest wymagany adres e-mail ani profil. Wystarczy otworzy\u0107 \u0142\u0105cze i rozpocz\u0105\u0107 rozmow\u0119.<\/p>\n<h3>3. Ca\u0142kowita prywatno\u015b\u0107 i kontrola nad pomieszczeniem<\/h3>\n<ul>\n<li>Prywatne pokoje: Kontroluj, kto do\u0142\u0105cza, ustawiaj\u0105c has\u0142o lub ograniczaj\u0105c dost\u0119p.<\/li>\n<li>Narz\u0119dzia administracyjne: Banuj, wyrzucaj lub wyciszaj u\u017cytkownik\u00f3w, ustawiaj wymagania dotycz\u0105ce wej\u015bcia i nie tylko.<\/li>\n<li>Anonimowy czat: U\u017cytkownicy mog\u0105 do\u0142\u0105cza\u0107 z pseudonimami; nie ma potrzeby udost\u0119pniania danych osobowych.<\/li>\n<\/ul>\n<h3>4. Du\u017ca grupa lub czat 1 na 1<\/h3>\n<ul>\n<li>Skalowanie do potrzeb: Od kameralnych spotka\u0144 jeden na jeden po grupy ponad 100 u\u017cytkownik\u00f3w.<\/li>\n<li>Prywatne wiadomo\u015bci: Wysy\u0142aj wiadomo\u015bci DM wewn\u0105trz pokoju, aby prowadzi\u0107 rozmowy poboczne.<\/li>\n<\/ul>\n<h3>5. Bogate formatowanie i udost\u0119pnianie multimedi\u00f3w<\/h3>\n<ul>\n<li>Formatowanie tekstu: U\u017cywaj kolor\u00f3w, pogrubienia, kursywy i innych element\u00f3w, aby o\u017cywi\u0107 dyskusje.<\/li>\n<li>Udost\u0119pnianie obraz\u00f3w, link\u00f3w i plik\u00f3w: Bezpieczne przesy\u0142anie obraz\u00f3w lub udost\u0119pnianie dokument\u00f3w.<\/li>\n<li>Emoji: Urozmaicaj swoje wiadomo\u015bci szerokim wyborem emotikon\u00f3w.<\/li>\n<\/ul>\n<h3>6. Niestandardowe zaproszenia i ustawienia pokoju<\/h3>\n<ul>\n<li>Zaproszenie przez link lub e-mail: Udost\u0119pnij sw\u00f3j pok\u00f3j za pomoc\u0105 unikalnego adresu URL lub wy\u015blij zaproszenia e-mailem bezpo\u015brednio z Chatzy.<\/li>\n<li>Dostosuj sw\u00f3j pok\u00f3j: Ustaw wiadomo\u015bci powitalne, role u\u017cytkownik\u00f3w, zasady wej\u015bcia i motywy dla ka\u017cdego pokoju.<\/li>\n<\/ul>\n<h3>7. Dzienniki aktywno\u015bci i transkrypcje<\/h3>\n<ul>\n<li>Wy\u015bwietlanie historii wiadomo\u015bci: Przewijaj dzienniki czat\u00f3w lub eksportuj transkrypcje do p\u00f3\u017aniejszego wykorzystania - przydatne podczas zaj\u0119\u0107, spotka\u0144 lub wa\u017cnych dyskusji.<\/li>\n<\/ul>\n<h3>8. Kodowanie kolorami i znaczniki u\u017cytkownika<\/h3>\n<ul>\n<li>Przypisz kolory do u\u017cytkownik\u00f3w w celu \u0142atwego \u015bledzenia konwersacji.<\/li>\n<li>Tagi\/role u\u017cytkownik\u00f3w dla administrator\u00f3w, nauczycieli lub go\u015bci specjalnych.<\/li>\n<\/ul>\n<h3>9. Opcjonalna rejestracja dla zaawansowanych u\u017cytkownik\u00f3w<\/h3>\n<ul>\n<li>Utw\u00f3rz darmowe konto Chatzy, aby zarz\u0105dza\u0107 swoimi ulubionymi pokojami, uzyska\u0107 dost\u0119p do wszystkich prywatnych zaprosze\u0144 i dostosowa\u0107 czat do swoich potrzeb.<\/li>\n<li>Funkcje premium: Za niewielk\u0105 op\u0142at\u0105 mo\u017cna odblokowa\u0107 dodatki, takie jak brak limit\u00f3w wiadomo\u015bci, wi\u0119ksze pokoje lub zaawansowane funkcje administracyjne.<\/li>\n<\/ul>\n<h2>Jak u\u017cywa\u0107 Chatzy<\/h2>\n<p>Rozpocz\u0119cie korzystania z Chatzy jest \u0142atwe, szybkie i bezp\u0142atne. Oto przewodnik krok po kroku dla nowych i zaawansowanych u\u017cytkownik\u00f3w:<\/p>\n<h3>Krok 1: Odwied\u017a stron\u0119 internetow\u0105 Chatzy<\/h3>\n<p>Wejd\u017a na stron\u0119 chatzy.com w dowolnej przegl\u0105darce internetowej.<\/p>\n<h3>Krok 2: Utw\u00f3rz pok\u00f3j czatu lub do\u0142\u0105cz do niego<\/h3>\n<ul>\n<li>Utw\u00f3rz pok\u00f3j: Kliknij \"Utw\u00f3rz w\u0142asny pok\u00f3j\", ustaw nazw\u0119 pokoju i (je\u015bli chcesz) has\u0142o lub wymagania dotycz\u0105ce wej\u015bcia.<\/li>\n<li>Do\u0142\u0105cz do pokoju: Wprowad\u017a link z zaproszeniem lub adres URL pokoju otrzymany od znajomego, grupy lub nauczyciela.<\/li>\n<\/ul>\n<h3>Krok 3: Ustaw sw\u00f3j pseudonim<\/h3>\n<p>Zostaniesz poproszony o wprowadzenie nazwy wy\u015bwietlanej. Prawdziwe imi\u0119 i nazwisko ani rejestracja nie s\u0105 wymagane.<\/p>\n<h3>Krok 4: Zapro\u015b innych<\/h3>\n<p>Udost\u0119pnij unikalny adres URL pokoju lub skorzystaj z wbudowanego w Chatzy narz\u0119dzia do wysy\u0142ania zaprosze\u0144 e-mail, aby zaprosi\u0107 innych.<\/p>\n<h3>Krok 5: Dostosowywanie i zarz\u0105dzanie pokojem<\/h3>\n<ul>\n<li>Ustawianie wiadomo\u015bci powitalnych lub regu\u0142<\/li>\n<li>Przypisywanie r\u00f3l (administrator, moderator, go\u015b\u0107)<\/li>\n<li>U\u017cyj ustawie\u0144 pokoju, aby zarz\u0105dza\u0107 dost\u0119pem, histori\u0105 lub uprawnieniami u\u017cytkownik\u00f3w.<\/li>\n<\/ul>\n<h3>Krok 6: Rozpocznij czat!<\/h3>\n<p>Wpisuj wiadomo\u015bci, udost\u0119pniaj pliki, publikuj obrazy lub linki i ciesz si\u0119 rozmow\u0105 w czasie rzeczywistym ze swoj\u0105 grup\u0105.<\/p>\n<h3>Krok 7: Korzystanie z prywatnych wiadomo\u015bci lub tag\u00f3w<\/h3>\n<p>Wysy\u0142aj bezpo\u015brednie wiadomo\u015bci do innych u\u017cytkownik\u00f3w w pokoju lub oznaczaj uczestnik\u00f3w dla jasno\u015bci.<\/p>\n<h3>Krok 8: Eksportowanie lub zapisywanie dziennik\u00f3w czatu (w razie potrzeby)<\/h3>\n<p>W przypadku spotka\u0144, grup badawczych lub wa\u017cnych wydarze\u0144, wyeksportuj histori\u0119 czatu, aby mie\u0107 do niej dost\u0119p.<\/p>\n<h2>Wra\u017cenia u\u017cytkownika na Chatzy<\/h2>\n<p>Do\u015bwiadczenie u\u017cytkownika Chatzy opiera si\u0119 na prywatno\u015bci, kontroli i elastyczno\u015bci - bez po\u015bwi\u0119cania prostoty.<\/p>\n<h3>Co kochaj\u0105 u\u017cytkownicy<\/h3>\n<ul>\n<li>Bez rejestracji i pobierania: Wystarczy link i gotowe.<\/li>\n<li>Pe\u0142na prywatno\u015b\u0107: Tw\u00f3rcy pokoju kontroluj\u0105, kto do\u0142\u0105cza, co jest widoczne i kto mo\u017ce m\u00f3wi\u0107.<\/li>\n<li>Grupa lub 1 na 1: Mo\u017cliwo\u015b\u0107 dostosowania do dowolnego scenariusza, od prywatnej terapii po du\u017ce wydarzenia.<\/li>\n<li>Mo\u017cliwo\u015b\u0107 personalizacji: Administratorzy ustawiaj\u0105 motywy, regu\u0142y i nie tylko.<\/li>\n<li>Minimalna liczba reklam: Nawet darmowi u\u017cytkownicy nie s\u0105 rozpraszani przez reklamy.<\/li>\n<li>Udost\u0119pnianie tekstu, multimedi\u00f3w i plik\u00f3w: Idealne rozwi\u0105zanie dla klas, pracy lub grup znajomych.<\/li>\n<\/ul>\n<h3>Gdzie u\u017cytkownicy widz\u0105 pole do poprawy<\/h3>\n<ul>\n<li>Interfejs jest prosty w por\u00f3wnaniu do nowoczesnych aplikacji (ale niekt\u00f3rzy wol\u0105 t\u0119 prostot\u0119).<\/li>\n<li>Brak czatu wideo lub audio (Chatzy jest oparty na tek\u015bcie).<\/li>\n<li>Sporadyczny spam (prywatne pokoje z has\u0142ami eliminuj\u0105 ten problem).<\/li>\n<li>Niekt\u00f3re funkcje, takie jak wi\u0119ksze pokoje lub zaawansowane sterowanie, s\u0105 dost\u0119pne tylko w wersji premium.<\/li>\n<\/ul>\n<h3>Rzeczywiste opinie u\u017cytkownik\u00f3w<\/h3>\n<blockquote><p>\"U\u017cywamy Chatzy dla naszej grupy zdalnej nauki. Jest prywatny, bezpieczny i mo\u017cemy zapisywa\u0107 nasze dzienniki czatu w celu weryfikacji\".<br \/>\n- <em>Melissa J., Trustpilot<\/em><\/p><\/blockquote>\n<blockquote><p>\"Nie ma potrzeby pobierania aplikacji. Wysy\u0142am mojemu zespo\u0142owi link i jeste\u015bmy gotowi do wsp\u00f3\u0142pracy w ci\u0105gu kilku sekund\".<br \/>\n- <em>Rajiv S., Opinie Google<\/em><\/p><\/blockquote>\n<blockquote><p>\"Uwielbiam mo\u017cliwo\u015b\u0107 tworzenia pokoi do wszystkiego - klubu ksi\u0105\u017cki, czatu rodzinnego, grupy wsparcia. To po prostu dzia\u0142a\".<br \/>\n- <em>Nina P., App Store<\/em><\/p><\/blockquote>\n<h2>Chatzy vs. inne platformy czatu<\/h2>\n<p>Jak Chatzy wypada na tle najbardziej znanych aplikacji do czat\u00f3w grupowych i prywatnych?<\/p>\n<table>\n<thead>\n<tr>\n<th>Cecha<\/th>\n<th>Chatzy<\/th>\n<th>Yesichat<\/th>\n<th>Chat Avenue<\/th>\n<th>Discord<\/th>\n<th>Slack<\/th>\n<th>Telegram<\/th>\n<th>WhatsApp<\/th>\n<\/tr>\n<\/thead>\n<tbody>\n<tr>\n<td>Rejestracja nie jest wymagana<\/td>\n<td>Tak<\/td>\n<td>Tak<\/td>\n<td>Tak<\/td>\n<td>Nie<\/td>\n<td>Nie<\/td>\n<td>Nie<\/td>\n<td>Nie<\/td>\n<\/tr>\n<tr>\n<td>Pokoje rozm\u00f3w grupowych<\/td>\n<td>Tak<\/td>\n<td>Tak<\/td>\n<td>Tak<\/td>\n<td>Tak<\/td>\n<td>Tak<\/td>\n<td>Tak<\/td>\n<td>Tak<\/td>\n<\/tr>\n<tr>\n<td>Prywatny czat<\/td>\n<td>Tak<\/td>\n<td>Tak<\/td>\n<td>Tak<\/td>\n<td>Tak<\/td>\n<td>Tak<\/td>\n<td>Tak<\/td>\n<td>Tak<\/td>\n<\/tr>\n<tr>\n<td>Czat wideo\/audio<\/td>\n<td>Nie<\/td>\n<td>Tak<\/td>\n<td>Tak<\/td>\n<td>Tak<\/td>\n<td>Tak<\/td>\n<td>Tak<\/td>\n<td>Tak<\/td>\n<\/tr>\n<tr>\n<td>Anonimowe u\u017cycie<\/td>\n<td>Tak<\/td>\n<td>Tak<\/td>\n<td>Tak<\/td>\n<td>Nie<\/td>\n<td>Nie<\/td>\n<td>\u26a0\ufe0f Limited<\/td>\n<td>\u26a0\ufe0f Limited<\/td>\n<\/tr>\n<tr>\n<td>Nie wymaga pobierania<\/td>\n<td>Tak<\/td>\n<td>Tak<\/td>\n<td>Tak<\/td>\n<td>Nie<\/td>\n<td>Nie<\/td>\n<td>\u26a0\ufe0f Mobile<\/td>\n<td>\u26a0\ufe0f Mobile<\/td>\n<\/tr>\n<tr>\n<td>Formatowanie tekstu<\/td>\n<td>Tak<\/td>\n<td>Ograniczony<\/td>\n<td>Nie<\/td>\n<td>Tak<\/td>\n<td>Tak<\/td>\n<td>Ograniczony<\/td>\n<td>Ograniczony<\/td>\n<\/tr>\n<tr>\n<td>Udost\u0119pnianie plik\u00f3w\/obraz\u00f3w<\/td>\n<td>Tak<\/td>\n<td>Tak<\/td>\n<td>Tak<\/td>\n<td>Tak<\/td>\n<td>Tak<\/td>\n<td>Tak<\/td>\n<td>Tak<\/td>\n<\/tr>\n<tr>\n<td>Niestandardowe sterowanie pomieszczeniem<\/td>\n<td>Tak<\/td>\n<td>Ograniczony<\/td>\n<td>Tak<\/td>\n<td>Tak<\/td>\n<td>Tak<\/td>\n<td>Tak<\/td>\n<td>Nie<\/td>\n<\/tr>\n<\/tbody>\n<\/table>\n<p>Podsumowanie: Chatzy jest wyj\u0105tkowym rozwi\u0105zaniem do natychmiastowego, opartego na przegl\u0105darce, prywatnego grupowego czatu tekstowego - bez konieczno\u015bci rejestracji lub aplikacji - dzi\u0119ki czemu jest idealny dla klas, rodzin, prywatnego wsparcia i ka\u017cdej grupy poszukuj\u0105cej bezpiecze\u0144stwa i prostoty.<\/p>\n<h2>Czy Chatzy jest bezpieczny?<\/h2>\n<p>Chatzy stawia prywatno\u015b\u0107 i kontrol\u0119 u\u017cytkownika na pierwszym miejscu:<\/p>\n<ul>\n<li>Prywatne pokoje: Ustawianie hase\u0142, ograniczanie dost\u0119pu i wyrzucanie\/blokowanie u\u017cytkownik\u00f3w w razie potrzeby.<\/li>\n<li>Dane osobowe nie s\u0105 wymagane: U\u017cywaj tylko pseudonim\u00f3w; do podstawowego u\u017cytku nie jest wymagany adres e-mail ani numer telefonu.<\/li>\n<li>Tylko linki bezpo\u015brednie: Udost\u0119pniaj sw\u00f3j pok\u00f3j tylko zaufanym osobom; pokoje prywatne nie s\u0105 wy\u015bwietlane publicznie.<\/li>\n<li>Brak dziennik\u00f3w czatu zapisywanych na publicznych serwerach: Kontrolujesz w\u0142asne transkrypcje.<\/li>\n<li>Minimalne reklamy lub \u015bledzenie przez strony trzecie: Platforma opiera si\u0119 na zaufaniu u\u017cytkownik\u00f3w, a nie na przychodach z reklam.<\/li>\n<\/ul>\n<h3>Wskaz\u00f3wki dotycz\u0105ce bezpiecze\u0144stwa<\/h3>\n<ul>\n<li>U\u017cywaj silnych hase\u0142 do prywatnych pomieszcze\u0144.<\/li>\n<li>\u0141\u0105cze do pokoju mo\u017cna udost\u0119pnia\u0107 tylko zaufanym osobom.<\/li>\n<li>Natychmiast wyrzu\u0107 lub zablokuj niechcianych u\u017cytkownik\u00f3w.<\/li>\n<li>Nie udost\u0119pniaj poufnych informacji na czatach (nawet prywatnych).<\/li>\n<li>W razie potrzeby u\u017cywaj prywatnych wiadomo\u015bci do rozm\u00f3w jeden na jeden.<\/li>\n<\/ul>\n<h2>Wskaz\u00f3wki, jak najlepiej wykorzysta\u0107 Chatzy<\/h2>\n<ul>\n<li>Idealny dla nauczycieli i grup badawczych: organizuj wirtualne zaj\u0119cia, przypisuj role i zapisuj dzienniki czatu do pracy domowej.<\/li>\n<li>Pokoje rodzinne lub ze znajomymi: Tw\u00f3rz sta\u0142e pokoje czatu, aby pozosta\u0107 w kontakcie bez SMS-\u00f3w grupowych lub niechlujnych aplikacji.<\/li>\n<li>Ustaw has\u0142o: Aby zapewni\u0107 maksymaln\u0105 prywatno\u015b\u0107, zawsze zabezpieczaj has\u0142em wa\u017cne pomieszczenia.<\/li>\n<li>U\u017cywaj formatowania i kolor\u00f3w: Spraw, by czaty by\u0142y \u017cywe i czytelne.<\/li>\n<li>Eksportuj transkrypcje: Zapisuj wa\u017cne dyskusje, notatki ze spotka\u0144 lub sesje tw\u00f3rcze.<\/li>\n<li>Przypisywanie r\u00f3l u\u017cytkownikom: Utrzymuj porz\u0105dek w du\u017cych pokojach, nadaj\u0105c zaufanym u\u017cytkownikom uprawnienia moderator\u00f3w.<\/li>\n<li>Spersonalizuj sw\u00f3j pok\u00f3j: Zmieniaj motywy, ustalaj zasady i napisz wiadomo\u015b\u0107 powitaln\u0105, aby nada\u0107 ton.<\/li>\n<li>\u0141atwe prze\u0142\u0105czanie urz\u0105dze\u0144: Jako oparty na przegl\u0105darce, Chatzy dzia\u0142a na dowolnym komputerze, telefonie lub tablecie - bez konieczno\u015bci pobierania.<\/li>\n<\/ul>\n<h2>Rozwi\u0105zywanie typowych problem\u00f3w z Chatzy<\/h2>\n<h3>Nie mo\u017cna wej\u015b\u0107 do pokoju<\/h3>\n<p>Sprawd\u017a, czy pok\u00f3j wymaga has\u0142a; skontaktuj si\u0119 z administratorem w celu uzyskania dost\u0119pu. Upewnij si\u0119, \u017ce korzystasz z prawid\u0142owego \u0142\u0105cza.<\/p>\n<h3>Spam lub niechciani u\u017cytkownicy<\/h3>\n<p>Zawsze u\u017cywaj pokoj\u00f3w chronionych has\u0142em. Korzystaj z panelu administracyjnego, aby natychmiast banowa\u0107 lub wycisza\u0107 osoby sprawiaj\u0105ce problemy.<\/p>\n<h3>Utracone dzienniki czatu<\/h3>\n<p>Regularnie eksportuj wa\u017cne transkrypcje; awarie przegl\u0105darki lub zamkni\u0119cia kart mog\u0105 spowodowa\u0107 utrat\u0119 niezapisanej historii.<\/p>\n<h3>Udost\u0119pnianie obraz\u00f3w lub plik\u00f3w nie dzia\u0142a<\/h3>\n<p>Sprawd\u017a typ i rozmiar pliku. Upewnij si\u0119, \u017ce przegl\u0105darka jest zaktualizowana i obs\u0142uguje wymagane funkcje.<\/p>\n<h3>Nie mo\u017cna u\u017cy\u0107 formatowania lub kolor\u00f3w<\/h3>\n<p>Informacje na temat prawid\u0142owych kod\u00f3w formatowania i sk\u0142adni mo\u017cna znale\u017a\u0107 w sekcji pomocy Chatzy.<\/p>\n<p>Absolutnie - zw\u0142aszcza dla ka\u017cdego, kto szuka prywatnego, elastycznego i niezawodnego pokoju rozm\u00f3w bez k\u0142opot\u00f3w zwi\u0105zanych z nowoczesnymi sieciami spo\u0142eczno\u015bciowymi. Chatzy oferuje czysty, konfigurowalny czat grupowy bez rejestracji, bez pobierania i z pe\u0142n\u0105 kontrol\u0105 u\u017cytkownika.<\/p>\n<p>Niezale\u017cnie od tego, czy organizujesz zaj\u0119cia, prowadzisz grup\u0119 wsparcia, planujesz wydarzenie, czy po prostu utrzymujesz grup\u0119 znajomych razem, Chatzy to ponadczasowe i godne zaufania rozwi\u0105zanie - tak samo aktualne dzisiaj, jak w momencie premiery.<\/p>\n<p>Gotowy do utworzenia prywatnego pokoju? Odwied\u017a chatzy.com, skonfiguruj przestrze\u0144 czatu i rozpocznij kolejn\u0105 rozmow\u0119 w kilka sekund.<\/p>","protected":false},"excerpt":{"rendered":"<p>As social networks and chat platforms get bigger, noisier, and more public, there\u2019s a growing demand for privacy and simplicity\u2014places where you can talk with friends, colleagues, or even strangers without broadcasting your thoughts to the whole world. Enter Chatzy, one of the web\u2019s longest-running, most trusted platforms for creating private chat rooms, hosting group [&hellip;]<\/p>\n","protected":false},"author":6,"featured_media":0,"parent":0,"menu_order":0,"comment_status":"closed","ping_status":"closed","template":"","meta":{"footnotes":""},"class_list":["post-5268","page","type-page","status-publish","hentry"],"yoast_head":"<!-- This site is optimized with the Yoast SEO plugin v27.4 - https:\/\/yoast.com\/product\/yoast-seo-wordpress\/ -->\n<title>Chatzy - Free Private Chat Rooms - TinyChat.com<\/title>\n<meta name=\"description\" content=\"Enjoying Chatzy? Join over 50,000,000 strangers on TinyChat! Turn on your cam and start meeting new people, or find a match.\" \/>\n<meta name=\"robots\" content=\"index, follow, max-snippet:-1, max-image-preview:large, max-video-preview:-1\" \/>\n<link rel=\"canonical\" href=\"https:\/\/tinychat.com\/pl\/chatzy\/\" \/>\n<meta property=\"og:locale\" content=\"pl_PL\" \/>\n<meta property=\"og:type\" content=\"article\" \/>\n<meta property=\"og:title\" content=\"Chatzy - Free Private Chat Rooms - TinyChat.com\" \/>\n<meta property=\"og:description\" content=\"Enjoying Chatzy? Join over 50,000,000 strangers on TinyChat! Turn on your cam and start meeting new people, or find a match.\" \/>\n<meta property=\"og:url\" content=\"https:\/\/tinychat.com\/pl\/chatzy\/\" \/>\n<meta property=\"og:site_name\" content=\"TinyChat\" \/>\n<meta property=\"article:publisher\" content=\"https:\/\/www.facebook.com\/tinychat\" \/>\n<meta property=\"article:modified_time\" content=\"2025-07-26T16:20:07+00:00\" \/>\n<meta property=\"og:image\" content=\"https:\/\/tinychat.com\/wp-content\/uploads\/2020\/04\/Tinychat-logo-1280x284-new-black.png\" \/>\n\t<meta property=\"og:image:width\" content=\"1280\" \/>\n\t<meta property=\"og:image:height\" content=\"284\" \/>\n\t<meta property=\"og:image:type\" content=\"image\/png\" \/>\n<meta name=\"twitter:card\" content=\"summary_large_image\" \/>\n<meta name=\"twitter:site\" content=\"@tinychat\" \/>\n<meta name=\"twitter:label1\" content=\"Szacowany czas czytania\" \/>\n\t<meta name=\"twitter:data1\" content=\"8 minut\" \/>\n<script type=\"application\/ld+json\" class=\"yoast-schema-graph\">{\"@context\":\"https:\\\/\\\/schema.org\",\"@graph\":[{\"@type\":\"WebPage\",\"@id\":\"https:\\\/\\\/tinychat.com\\\/chatzy\\\/\",\"url\":\"https:\\\/\\\/tinychat.com\\\/chatzy\\\/\",\"name\":\"Chatzy - Free Private Chat Rooms - TinyChat.com\",\"isPartOf\":{\"@id\":\"https:\\\/\\\/tinychat.com\\\/#website\"},\"datePublished\":\"2025-07-26T13:53:54+00:00\",\"dateModified\":\"2025-07-26T16:20:07+00:00\",\"description\":\"Enjoying Chatzy? Join over 50,000,000 strangers on TinyChat! Turn on your cam and start meeting new people, or find a match.\",\"breadcrumb\":{\"@id\":\"https:\\\/\\\/tinychat.com\\\/chatzy\\\/#breadcrumb\"},\"inLanguage\":\"pl-PL\",\"potentialAction\":[{\"@type\":\"ReadAction\",\"target\":[\"https:\\\/\\\/tinychat.com\\\/chatzy\\\/\"]}]},{\"@type\":\"BreadcrumbList\",\"@id\":\"https:\\\/\\\/tinychat.com\\\/chatzy\\\/#breadcrumb\",\"itemListElement\":[{\"@type\":\"ListItem\",\"position\":1,\"name\":\"Home\",\"item\":\"https:\\\/\\\/tinychat.com\\\/\"},{\"@type\":\"ListItem\",\"position\":2,\"name\":\"Chatzy\"}]},{\"@type\":\"WebSite\",\"@id\":\"https:\\\/\\\/tinychat.com\\\/#website\",\"url\":\"https:\\\/\\\/tinychat.com\\\/\",\"name\":\"TinyChat\",\"description\":\"Random Video Chat with Strangers\",\"publisher\":{\"@id\":\"https:\\\/\\\/tinychat.com\\\/#organization\"},\"alternateName\":\"TinyChat.com\",\"potentialAction\":[{\"@type\":\"SearchAction\",\"target\":{\"@type\":\"EntryPoint\",\"urlTemplate\":\"https:\\\/\\\/tinychat.com\\\/?s={search_term_string}\"},\"query-input\":{\"@type\":\"PropertyValueSpecification\",\"valueRequired\":true,\"valueName\":\"search_term_string\"}}],\"inLanguage\":\"pl-PL\"},{\"@type\":\"Organization\",\"@id\":\"https:\\\/\\\/tinychat.com\\\/#organization\",\"name\":\"TinyChat\",\"alternateName\":\"TinyChat.com\",\"url\":\"https:\\\/\\\/tinychat.com\\\/\",\"logo\":{\"@type\":\"ImageObject\",\"inLanguage\":\"pl-PL\",\"@id\":\"https:\\\/\\\/tinychat.com\\\/#\\\/schema\\\/logo\\\/image\\\/\",\"url\":\"https:\\\/\\\/tinychat.com\\\/wp-content\\\/uploads\\\/2023\\\/11\\\/Tinychat-icon-square.png\",\"contentUrl\":\"https:\\\/\\\/tinychat.com\\\/wp-content\\\/uploads\\\/2023\\\/11\\\/Tinychat-icon-square.png\",\"width\":284,\"height\":284,\"caption\":\"TinyChat\"},\"image\":{\"@id\":\"https:\\\/\\\/tinychat.com\\\/#\\\/schema\\\/logo\\\/image\\\/\"},\"sameAs\":[\"https:\\\/\\\/www.facebook.com\\\/tinychat\",\"https:\\\/\\\/x.com\\\/tinychat\"]}]}<\/script>\n<!-- \/ Yoast SEO plugin. -->","yoast_head_json":{"title":"Chatzy - Darmowe Prywatne Pokoje Czat - TinyChat.com","description":"Korzystasz z Chatzy? Do\u0142\u0105cz do ponad 50 000 000 nieznajomych na TinyChat! W\u0142\u0105cz kamer\u0119 i zacznij poznawa\u0107 nowych ludzi lub znajd\u017a partnera.","robots":{"index":"index","follow":"follow","max-snippet":"max-snippet:-1","max-image-preview":"max-image-preview:large","max-video-preview":"max-video-preview:-1"},"canonical":"https:\/\/tinychat.com\/pl\/chatzy\/","og_locale":"pl_PL","og_type":"article","og_title":"Chatzy - Free Private Chat Rooms - TinyChat.com","og_description":"Enjoying Chatzy? Join over 50,000,000 strangers on TinyChat! Turn on your cam and start meeting new people, or find a match.","og_url":"https:\/\/tinychat.com\/pl\/chatzy\/","og_site_name":"TinyChat","article_publisher":"https:\/\/www.facebook.com\/tinychat","article_modified_time":"2025-07-26T16:20:07+00:00","og_image":[{"width":1280,"height":284,"url":"https:\/\/tinychat.com\/wp-content\/uploads\/2020\/04\/Tinychat-logo-1280x284-new-black.png","type":"image\/png"}],"twitter_card":"summary_large_image","twitter_site":"@tinychat","twitter_misc":{"Szacowany czas czytania":"8 minut"},"schema":{"@context":"https:\/\/schema.org","@graph":[{"@type":"WebPage","@id":"https:\/\/tinychat.com\/chatzy\/","url":"https:\/\/tinychat.com\/chatzy\/","name":"Chatzy - Darmowe Prywatne Pokoje Czat - TinyChat.com","isPartOf":{"@id":"https:\/\/tinychat.com\/#website"},"datePublished":"2025-07-26T13:53:54+00:00","dateModified":"2025-07-26T16:20:07+00:00","description":"Korzystasz z Chatzy? Do\u0142\u0105cz do ponad 50 000 000 nieznajomych na TinyChat! W\u0142\u0105cz kamer\u0119 i zacznij poznawa\u0107 nowych ludzi lub znajd\u017a partnera.","breadcrumb":{"@id":"https:\/\/tinychat.com\/chatzy\/#breadcrumb"},"inLanguage":"pl-PL","potentialAction":[{"@type":"ReadAction","target":["https:\/\/tinychat.com\/chatzy\/"]}]},{"@type":"BreadcrumbList","@id":"https:\/\/tinychat.com\/chatzy\/#breadcrumb","itemListElement":[{"@type":"ListItem","position":1,"name":"Home","item":"https:\/\/tinychat.com\/"},{"@type":"ListItem","position":2,"name":"Chatzy"}]},{"@type":"WebSite","@id":"https:\/\/tinychat.com\/#website","url":"https:\/\/tinychat.com\/","name":"TinyChat","description":"Losowy czat wideo z nieznajomymi","publisher":{"@id":"https:\/\/tinychat.com\/#organization"},"alternateName":"TinyChat.com","potentialAction":[{"@type":"SearchAction","target":{"@type":"EntryPoint","urlTemplate":"https:\/\/tinychat.com\/?s={search_term_string}"},"query-input":{"@type":"PropertyValueSpecification","valueRequired":true,"valueName":"search_term_string"}}],"inLanguage":"pl-PL"},{"@type":"Organization","@id":"https:\/\/tinychat.com\/#organization","name":"TinyChat","alternateName":"TinyChat.com","url":"https:\/\/tinychat.com\/","logo":{"@type":"ImageObject","inLanguage":"pl-PL","@id":"https:\/\/tinychat.com\/#\/schema\/logo\/image\/","url":"https:\/\/tinychat.com\/wp-content\/uploads\/2023\/11\/Tinychat-icon-square.png","contentUrl":"https:\/\/tinychat.com\/wp-content\/uploads\/2023\/11\/Tinychat-icon-square.png","width":284,"height":284,"caption":"TinyChat"},"image":{"@id":"https:\/\/tinychat.com\/#\/schema\/logo\/image\/"},"sameAs":["https:\/\/www.facebook.com\/tinychat","https:\/\/x.com\/tinychat"]}]}},"_links":{"self":[{"href":"https:\/\/tinychat.com\/pl\/wp-json\/wp\/v2\/pages\/5268","targetHints":{"allow":["GET"]}}],"collection":[{"href":"https:\/\/tinychat.com\/pl\/wp-json\/wp\/v2\/pages"}],"about":[{"href":"https:\/\/tinychat.com\/pl\/wp-json\/wp\/v2\/types\/page"}],"author":[{"embeddable":true,"href":"https:\/\/tinychat.com\/pl\/wp-json\/wp\/v2\/users\/6"}],"replies":[{"embeddable":true,"href":"https:\/\/tinychat.com\/pl\/wp-json\/wp\/v2\/comments?post=5268"}],"version-history":[{"count":3,"href":"https:\/\/tinychat.com\/pl\/wp-json\/wp\/v2\/pages\/5268\/revisions"}],"predecessor-version":[{"id":13368,"href":"https:\/\/tinychat.com\/pl\/wp-json\/wp\/v2\/pages\/5268\/revisions\/13368"}],"wp:attachment":[{"href":"https:\/\/tinychat.com\/pl\/wp-json\/wp\/v2\/media?parent=5268"}],"curies":[{"name":"wp","href":"https:\/\/api.w.org\/{rel}","templated":true}]}}