{"id":8446,"date":"2021-10-06T19:55:53","date_gmt":"2021-10-06T17:55:53","guid":{"rendered":"https:\/\/tinychat.com\/?page_id=8446"},"modified":"2025-05-03T17:12:32","modified_gmt":"2025-05-03T15:12:32","slug":"contact","status":"publish","type":"page","link":"https:\/\/tinychat.com\/pl\/contact\/","title":{"rendered":"Kontakt"},"content":{"rendered":"<p class=\"\" data-start=\"271\" data-end=\"502\">Je\u015bli masz pytania lub potrzebujesz pomocy <a href=\"https:\/\/tinychat.com\/pl\/\">TinyChat<\/a>jeste\u015b we w\u0142a\u015bciwym miejscu. Przed skontaktowaniem si\u0119 z nami zalecamy zapoznanie si\u0119 z najcz\u0119\u015bciej zadawanymi pytaniami poni\u017cej - wi\u0119kszo\u015b\u0107 u\u017cytkownik\u00f3w znajduje potrzebne odpowiedzi bez czekania na wsparcie.<\/p>\n<blockquote data-start=\"504\" data-end=\"768\">\n<p class=\"\" data-start=\"506\" data-end=\"768\">Wa\u017cna uwaga: <a href=\"https:\/\/tinychat.com\/pl\/\">TinyChat<\/a> wsp\u00f3\u0142pracuje z CooMeet jako podmiot stowarzyszony. Oznacza to, \u017ce nie zarz\u0105dzamy bezpo\u015brednio rozliczeniami, subskrypcjami ani kontami u\u017cytkownik\u00f3w. W przypadku jakichkolwiek zwrot\u00f3w lub spraw zwi\u0105zanych z subskrypcj\u0105 prosimy o kontakt z oficjalnym zespo\u0142em wsparcia CooMeet.<\/p>\n<\/blockquote>\n<h2 data-start=\"775\" data-end=\"816\">Cz\u0119sto zadawane pytania (FAQ)<\/h2>\n<h4 class=\"\" data-start=\"818\" data-end=\"864\">1. Czy moja subskrypcja b\u0119dzie automatycznie odnawiana?<\/h4>\n<p class=\"\" data-start=\"865\" data-end=\"1251\">Tak. Je\u015bli subskrybujesz us\u0142ug\u0119 <a href=\"https:\/\/tinychat.com\/pl\/\">TinyChat<\/a> Plan Premium za po\u015brednictwem CooMeet, subskrypcja zostanie automatycznie odnowiona w oparciu o wybrany cykl rozliczeniowy. Aby anulowa\u0107, odwied\u017a stron\u0119 obs\u0142ugi klienta CooMeet, wprowad\u017a szczeg\u00f3\u0142y p\u0142atno\u015bci i post\u0119puj zgodnie z instrukcjami, aby zatrzyma\u0107 odnawianie.<br data-start=\"1140\" data-end=\"1143\" \/>Uwaga: Je\u015bli zakupi\u0142e\u015b pakiet Diamonds, s\u0105 to jednorazowe zakupy i nie b\u0119d\u0105 automatycznie odnawiane.<\/p>\n<h4 class=\"\" data-start=\"1258\" data-end=\"1296\">2. Czy mog\u0119 usun\u0105\u0107 swoje konto?<\/h4>\n<p class=\"\" data-start=\"1297\" data-end=\"1542\">Obecnie, <a href=\"https:\/\/tinychat.com\/pl\/\">TinyChat<\/a> nie przechowuje \u017cadnych danych osobowych u\u017cytkownik\u00f3w ani sta\u0142ych kont. W zwi\u0105zku z tym nie ma potrzeby - ani funkcji - usuwania konta. Aktywnie pracujemy jednak nad funkcjami, kt\u00f3re mog\u0105 zapewni\u0107 wi\u0119ksz\u0105 kontrol\u0119 nad profilem w przysz\u0142o\u015bci.<\/p>\n<h4 class=\"\" data-start=\"1549\" data-end=\"1582\">3. Czy mog\u0119 zosta\u0107 odblokowany?<\/h4>\n<p class=\"\" data-start=\"1583\" data-end=\"1772\">Je\u015bli Twoje konto zosta\u0142o zablokowane przez nasz zesp\u00f3\u0142 moderator\u00f3w z powodu naruszenia wytycznych naszej platformy, decyzja ta jest ostateczna. W tej chwili nie oferujemy procesu odwo\u0142ywania si\u0119 lub odblokowywania.<\/p>\n<h4 class=\"\" data-start=\"1779\" data-end=\"1812\">4. Czy mog\u0119 otrzyma\u0107 zwrot pieni\u0119dzy?<\/h4>\n<p class=\"\" data-start=\"1813\" data-end=\"2081\">Wszystkie rozliczenia i zwroty s\u0105 obs\u0142ugiwane przez CooMeet, a nie <a href=\"https:\/\/tinychat.com\/pl\/\">TinyChat<\/a>. Prosimy o zapoznanie si\u0119 z polityk\u0105 zwrot\u00f3w CooMeet w celu uzyskania pe\u0142nych informacji i kryteri\u00f3w kwalifikowalno\u015bci. Je\u015bli uwa\u017casz, \u017ce masz prawo do zwrotu pieni\u0119dzy, skontaktuj si\u0119 z zespo\u0142em pomocy technicznej bezpo\u015brednio za po\u015brednictwem oficjalnej strony internetowej.<\/p>\n<h2 data-start=\"2088\" data-end=\"2112\">Nadal potrzebujesz pomocy?<\/h2>\n<p class=\"\" data-start=\"2114\" data-end=\"2387\">Je\u015bli Tw\u00f3j problem nie zosta\u0142 om\u00f3wiony powy\u017cej, skontaktuj si\u0119 z nami za po\u015brednictwem poni\u017cszego formularza kontaktowego. Chocia\u017c nie jeste\u015bmy w stanie pom\u00f3c w kwestiach zwi\u0105zanych z p\u0142atno\u015bciami lub subskrypcj\u0105, do\u0142o\u017cymy wszelkich stara\u0144, aby pom\u00f3c w og\u00f3lnych pytaniach dotycz\u0105cych korzystania z us\u0142ugi. <a href=\"https:\/\/tinychat.com\/pl\/\">TinyChat<\/a>. Czas oczekiwania na odpowied\u017a wynosi do 24 godzin.<\/p>\n<p class=\"\" data-start=\"2389\" data-end=\"2486\">Dzi\u0119kujemy za korzystanie z TinyChat - doceniamy to, \u017ce jeste\u015b cz\u0119\u015bci\u0105 naszego globalnego wideo <a href=\"https:\/\/tinychat.com\/pl\/chatroulette\/\">czat<\/a> spo\u0142eczno\u015b\u0107!<\/p>","protected":false},"excerpt":{"rendered":"<p>If you have questions or need assistance using TinyChat, you\u2019re in the right place. Before reaching out, we recommend reviewing the Frequently Asked Questions below\u2014most users find the answers they need without waiting for support. Important Note: TinyChat works in partnership with CooMeet as an affiliate. This means we do not manage billing, subscriptions, or [&hellip;]<\/p>\n","protected":false},"author":1,"featured_media":0,"parent":0,"menu_order":0,"comment_status":"closed","ping_status":"closed","template":"","meta":{"footnotes":""},"class_list":["post-8446","page","type-page","status-publish","hentry"],"yoast_head":"<!-- This site is optimized with the Yoast SEO plugin v27.4 - https:\/\/yoast.com\/product\/yoast-seo-wordpress\/ -->\n<title>Contact Us - TinyChat<\/title>\n<meta name=\"robots\" content=\"index, follow, max-snippet:-1, max-image-preview:large, max-video-preview:-1\" \/>\n<link rel=\"canonical\" href=\"https:\/\/tinychat.com\/pl\/contact\/\" \/>\n<meta property=\"og:locale\" content=\"pl_PL\" \/>\n<meta property=\"og:type\" content=\"article\" \/>\n<meta property=\"og:title\" content=\"Contact Us - TinyChat\" \/>\n<meta property=\"og:description\" content=\"If you have questions or need assistance using TinyChat, you\u2019re in the right place. Before reaching out, we recommend reviewing the Frequently Asked Questions below\u2014most users find the answers they need without waiting for support. Important Note: TinyChat works in partnership with CooMeet as an affiliate. This means we do not manage billing, subscriptions, or [&hellip;]\" \/>\n<meta property=\"og:url\" content=\"https:\/\/tinychat.com\/pl\/contact\/\" \/>\n<meta property=\"og:site_name\" content=\"TinyChat\" \/>\n<meta property=\"article:publisher\" content=\"https:\/\/www.facebook.com\/tinychat\" \/>\n<meta property=\"article:modified_time\" content=\"2025-05-03T15:12:32+00:00\" \/>\n<meta property=\"og:image\" content=\"https:\/\/tinychat.com\/wp-content\/uploads\/2020\/04\/Tinychat-logo-1280x284-new-black.png\" \/>\n\t<meta property=\"og:image:width\" content=\"1280\" \/>\n\t<meta property=\"og:image:height\" content=\"284\" \/>\n\t<meta property=\"og:image:type\" content=\"image\/png\" \/>\n<meta name=\"twitter:card\" content=\"summary_large_image\" \/>\n<meta name=\"twitter:site\" content=\"@tinychat\" \/>\n<meta name=\"twitter:label1\" content=\"Szacowany czas czytania\" \/>\n\t<meta name=\"twitter:data1\" content=\"2 minuty\" \/>\n<script type=\"application\/ld+json\" class=\"yoast-schema-graph\">{\"@context\":\"https:\\\/\\\/schema.org\",\"@graph\":[{\"@type\":\"WebPage\",\"@id\":\"https:\\\/\\\/tinychat.com\\\/contact\\\/\",\"url\":\"https:\\\/\\\/tinychat.com\\\/contact\\\/\",\"name\":\"Contact Us - TinyChat\",\"isPartOf\":{\"@id\":\"https:\\\/\\\/tinychat.com\\\/#website\"},\"datePublished\":\"2021-10-06T17:55:53+00:00\",\"dateModified\":\"2025-05-03T15:12:32+00:00\",\"breadcrumb\":{\"@id\":\"https:\\\/\\\/tinychat.com\\\/contact\\\/#breadcrumb\"},\"inLanguage\":\"pl-PL\",\"potentialAction\":[{\"@type\":\"ReadAction\",\"target\":[\"https:\\\/\\\/tinychat.com\\\/contact\\\/\"]}]},{\"@type\":\"BreadcrumbList\",\"@id\":\"https:\\\/\\\/tinychat.com\\\/contact\\\/#breadcrumb\",\"itemListElement\":[{\"@type\":\"ListItem\",\"position\":1,\"name\":\"Home\",\"item\":\"https:\\\/\\\/tinychat.com\\\/\"},{\"@type\":\"ListItem\",\"position\":2,\"name\":\"Contact Us\"}]},{\"@type\":\"WebSite\",\"@id\":\"https:\\\/\\\/tinychat.com\\\/#website\",\"url\":\"https:\\\/\\\/tinychat.com\\\/\",\"name\":\"TinyChat\",\"description\":\"Random Video Chat with Strangers\",\"publisher\":{\"@id\":\"https:\\\/\\\/tinychat.com\\\/#organization\"},\"alternateName\":\"TinyChat.com\",\"potentialAction\":[{\"@type\":\"SearchAction\",\"target\":{\"@type\":\"EntryPoint\",\"urlTemplate\":\"https:\\\/\\\/tinychat.com\\\/?s={search_term_string}\"},\"query-input\":{\"@type\":\"PropertyValueSpecification\",\"valueRequired\":true,\"valueName\":\"search_term_string\"}}],\"inLanguage\":\"pl-PL\"},{\"@type\":\"Organization\",\"@id\":\"https:\\\/\\\/tinychat.com\\\/#organization\",\"name\":\"TinyChat\",\"alternateName\":\"TinyChat.com\",\"url\":\"https:\\\/\\\/tinychat.com\\\/\",\"logo\":{\"@type\":\"ImageObject\",\"inLanguage\":\"pl-PL\",\"@id\":\"https:\\\/\\\/tinychat.com\\\/#\\\/schema\\\/logo\\\/image\\\/\",\"url\":\"https:\\\/\\\/tinychat.com\\\/wp-content\\\/uploads\\\/2023\\\/11\\\/Tinychat-icon-square.png\",\"contentUrl\":\"https:\\\/\\\/tinychat.com\\\/wp-content\\\/uploads\\\/2023\\\/11\\\/Tinychat-icon-square.png\",\"width\":284,\"height\":284,\"caption\":\"TinyChat\"},\"image\":{\"@id\":\"https:\\\/\\\/tinychat.com\\\/#\\\/schema\\\/logo\\\/image\\\/\"},\"sameAs\":[\"https:\\\/\\\/www.facebook.com\\\/tinychat\",\"https:\\\/\\\/x.com\\\/tinychat\"]}]}<\/script>\n<!-- \/ Yoast SEO plugin. -->","yoast_head_json":{"title":"Kontakt - TinyChat","robots":{"index":"index","follow":"follow","max-snippet":"max-snippet:-1","max-image-preview":"max-image-preview:large","max-video-preview":"max-video-preview:-1"},"canonical":"https:\/\/tinychat.com\/pl\/contact\/","og_locale":"pl_PL","og_type":"article","og_title":"Contact Us - TinyChat","og_description":"If you have questions or need assistance using TinyChat, you\u2019re in the right place. Before reaching out, we recommend reviewing the Frequently Asked Questions below\u2014most users find the answers they need without waiting for support. Important Note: TinyChat works in partnership with CooMeet as an affiliate. This means we do not manage billing, subscriptions, or [&hellip;]","og_url":"https:\/\/tinychat.com\/pl\/contact\/","og_site_name":"TinyChat","article_publisher":"https:\/\/www.facebook.com\/tinychat","article_modified_time":"2025-05-03T15:12:32+00:00","og_image":[{"width":1280,"height":284,"url":"https:\/\/tinychat.com\/wp-content\/uploads\/2020\/04\/Tinychat-logo-1280x284-new-black.png","type":"image\/png"}],"twitter_card":"summary_large_image","twitter_site":"@tinychat","twitter_misc":{"Szacowany czas czytania":"2 minuty"},"schema":{"@context":"https:\/\/schema.org","@graph":[{"@type":"WebPage","@id":"https:\/\/tinychat.com\/contact\/","url":"https:\/\/tinychat.com\/contact\/","name":"Kontakt - TinyChat","isPartOf":{"@id":"https:\/\/tinychat.com\/#website"},"datePublished":"2021-10-06T17:55:53+00:00","dateModified":"2025-05-03T15:12:32+00:00","breadcrumb":{"@id":"https:\/\/tinychat.com\/contact\/#breadcrumb"},"inLanguage":"pl-PL","potentialAction":[{"@type":"ReadAction","target":["https:\/\/tinychat.com\/contact\/"]}]},{"@type":"BreadcrumbList","@id":"https:\/\/tinychat.com\/contact\/#breadcrumb","itemListElement":[{"@type":"ListItem","position":1,"name":"Home","item":"https:\/\/tinychat.com\/"},{"@type":"ListItem","position":2,"name":"Contact Us"}]},{"@type":"WebSite","@id":"https:\/\/tinychat.com\/#website","url":"https:\/\/tinychat.com\/","name":"TinyChat","description":"Losowy czat wideo z nieznajomymi","publisher":{"@id":"https:\/\/tinychat.com\/#organization"},"alternateName":"TinyChat.com","potentialAction":[{"@type":"SearchAction","target":{"@type":"EntryPoint","urlTemplate":"https:\/\/tinychat.com\/?s={search_term_string}"},"query-input":{"@type":"PropertyValueSpecification","valueRequired":true,"valueName":"search_term_string"}}],"inLanguage":"pl-PL"},{"@type":"Organization","@id":"https:\/\/tinychat.com\/#organization","name":"TinyChat","alternateName":"TinyChat.com","url":"https:\/\/tinychat.com\/","logo":{"@type":"ImageObject","inLanguage":"pl-PL","@id":"https:\/\/tinychat.com\/#\/schema\/logo\/image\/","url":"https:\/\/tinychat.com\/wp-content\/uploads\/2023\/11\/Tinychat-icon-square.png","contentUrl":"https:\/\/tinychat.com\/wp-content\/uploads\/2023\/11\/Tinychat-icon-square.png","width":284,"height":284,"caption":"TinyChat"},"image":{"@id":"https:\/\/tinychat.com\/#\/schema\/logo\/image\/"},"sameAs":["https:\/\/www.facebook.com\/tinychat","https:\/\/x.com\/tinychat"]}]}},"_links":{"self":[{"href":"https:\/\/tinychat.com\/pl\/wp-json\/wp\/v2\/pages\/8446","targetHints":{"allow":["GET"]}}],"collection":[{"href":"https:\/\/tinychat.com\/pl\/wp-json\/wp\/v2\/pages"}],"about":[{"href":"https:\/\/tinychat.com\/pl\/wp-json\/wp\/v2\/types\/page"}],"author":[{"embeddable":true,"href":"https:\/\/tinychat.com\/pl\/wp-json\/wp\/v2\/users\/1"}],"replies":[{"embeddable":true,"href":"https:\/\/tinychat.com\/pl\/wp-json\/wp\/v2\/comments?post=8446"}],"version-history":[{"count":1,"href":"https:\/\/tinychat.com\/pl\/wp-json\/wp\/v2\/pages\/8446\/revisions"}],"predecessor-version":[{"id":13040,"href":"https:\/\/tinychat.com\/pl\/wp-json\/wp\/v2\/pages\/8446\/revisions\/13040"}],"wp:attachment":[{"href":"https:\/\/tinychat.com\/pl\/wp-json\/wp\/v2\/media?parent=8446"}],"curies":[{"name":"wp","href":"https:\/\/api.w.org\/{rel}","templated":true}]}}