{"id":8554,"date":"2021-10-18T10:33:50","date_gmt":"2021-10-18T08:33:50","guid":{"rendered":"https:\/\/tinychat.com\/?page_id=8554"},"modified":"2025-05-03T17:25:13","modified_gmt":"2025-05-03T15:25:13","slug":"refund","status":"publish","type":"page","link":"https:\/\/tinychat.com\/pl\/refund\/","title":{"rendered":"Zwroty i obci\u0105\u017cenia zwrotne"},"content":{"rendered":"<p class=\"\" data-start=\"351\" data-end=\"740\">Dzi\u0119kujemy za skorzystanie z naszej strony internetowej. Informujemy, \u017ce wszystkie rozliczenia, zwroty, obci\u0105\u017cenia zwrotne i zapytania dotycz\u0105ce obs\u0142ugi klienta zwi\u0105zane z zakupami dokonanymi za po\u015brednictwem link\u00f3w na tej stronie s\u0105 zarz\u0105dzane wy\u0142\u0105cznie przez CooMeet. Jako niezale\u017cny podmiot stowarzyszony nie przetwarzamy p\u0142atno\u015bci, nie zajmujemy si\u0119 kwestiami rozliczeniowymi ani nie zapewniamy bezpo\u015bredniej obs\u0142ugi klienta w przypadku transakcji obejmuj\u0105cych us\u0142ugi CooMeet.<\/p>\n<h2 data-start=\"747\" data-end=\"782\">Produkty i us\u0142ugi cyfrowe<\/h2>\n<p class=\"\" data-start=\"784\" data-end=\"1106\">Nasza strona internetowa promuje niematerialne, cyfrowe us\u0142ugi i produkty dostarczane przez CooMeet. Mog\u0105 one obejmowa\u0107 subskrypcje, cz\u0142onkostwa premium lub dodatkowe funkcje.<br data-start=\"951\" data-end=\"954\" \/>Przed dokonaniem jakiegokolwiek zakupu zdecydowanie zach\u0119camy do dok\u0142adnego zapoznania si\u0119 z opisem produktu lub us\u0142ugi, aby upewni\u0107 si\u0119, \u017ce jest on zgodny z Twoimi oczekiwaniami.<\/p>\n<p class=\"\" data-start=\"1108\" data-end=\"1335\">Je\u015bli masz pytania dotycz\u0105ce produktu, funkcji, cen lub warunk\u00f3w subskrypcji, skontaktuj si\u0119 z oficjalnym zespo\u0142em wsparcia CooMeet przed dokonaniem p\u0142atno\u015bci. Nie jeste\u015bmy upowa\u017cnieni do wyja\u015bniania lub modyfikowania tych ofert.<\/p>\n<h2 data-start=\"1342\" data-end=\"1363\">Polityka zwrot\u00f3w<\/h2>\n<p class=\"\" data-start=\"1365\" data-end=\"1560\">Poniewa\u017c CooMeet zajmuje si\u0119 przetwarzaniem wszystkich p\u0142atno\u015bci, wszelkie wnioski o zwrot musz\u0105 by\u0107 sk\u0142adane bezpo\u015brednio do zespo\u0142u obs\u0142ugi klienta. Zwroty mog\u0105 by\u0107 rozpatrywane w szczeg\u00f3lnych okoliczno\u015bciach, takich jak:<\/p>\n<ul>\n<li data-start=\"1564\" data-end=\"1588\">Zduplikowane transakcje<\/li>\n<li data-start=\"1591\" data-end=\"1609\">B\u0142\u0119dy techniczne<\/li>\n<li data-start=\"1612\" data-end=\"1632\">Nieautoryzowane op\u0142aty<\/li>\n<\/ul>\n<p class=\"\" data-start=\"1634\" data-end=\"1709\">Aby za\u017c\u0105da\u0107 zwrotu pieni\u0119dzy, nale\u017cy poda\u0107 CooMeet nast\u0119puj\u0105ce informacje:<\/p>\n<ul>\n<li data-start=\"1713\" data-end=\"1741\">Data i kwota p\u0142atno\u015bci<\/li>\n<li data-start=\"1744\" data-end=\"1765\">Zastosowana metoda p\u0142atno\u015bci<\/li>\n<li data-start=\"1768\" data-end=\"1800\">Identyfikator transakcji lub numer zam\u00f3wienia<\/li>\n<li data-start=\"1803\" data-end=\"1833\">Pow\u00f3d \u017c\u0105dania zwrotu pieni\u0119dzy<\/li>\n<\/ul>\n<p class=\"\" data-start=\"1835\" data-end=\"2106\">Je\u015bli zwrot zostanie zatwierdzony, nale\u017cy odczeka\u0107 od 3 do 10 dni roboczych na przetworzenie zwrotu przez bank lub wystawc\u0119 karty. Nie jeste\u015bmy w stanie \u015bledzi\u0107 ani wp\u0142ywa\u0107 na termin zwrotu pieni\u0119dzy po jego wydaniu. W przypadku aktualizacji lub w\u0105tpliwo\u015bci prosimy o bezpo\u015bredni kontakt z obs\u0142ug\u0105 CooMeet.<\/p>\n<h2 data-start=\"2113\" data-end=\"2132\">Obci\u0105\u017cenia zwrotne<\/h2>\n<p class=\"\" data-start=\"2134\" data-end=\"2385\">Je\u015bli rozwa\u017casz zainicjowanie obci\u0105\u017cenia zwrotnego, zalecamy skontaktowanie si\u0119 najpierw z pomoc\u0105 techniczn\u0105 CooMeet w celu rozwi\u0105zania problemu. Zg\u0142oszenie obci\u0105\u017cenia zwrotnego bez uprzedniego zwr\u00f3cenia si\u0119 o pomoc mo\u017ce op\u00f3\u017ani\u0107 rozwi\u0105zanie problemu i skutkowa\u0107 ograniczeniami konta lub dost\u0119pu do niego w przysz\u0142o\u015bci.<\/p>\n<p class=\"\" data-start=\"2387\" data-end=\"2567\">Wszystkie obci\u0105\u017cenia zwrotne s\u0105 sprawdzane i badane przez CooMeet. Przes\u0142anie fa\u0142szywego lub nieuzasadnionego obci\u0105\u017cenia zwrotnego mo\u017ce stanowi\u0107 naruszenie warunk\u00f3w u\u017cytkowania i mo\u017ce skutkowa\u0107 zawieszeniem us\u0142ugi.<\/p>\n<h2 data-start=\"2574\" data-end=\"2610\">Us\u0142ugi i linki stron trzecich<\/h2>\n<p class=\"\" data-start=\"2612\" data-end=\"2818\">Nasza witryna internetowa mo\u017ce zawiera\u0107 \u0142\u0105cza do platform stron trzecich, w tym CooMeet. Wszelkie produkty lub us\u0142ugi, do kt\u00f3rych u\u017cytkownik uzyskuje dost\u0119p za po\u015brednictwem tych link\u00f3w, podlegaj\u0105 warunkom i zasadom strony trzeciej, a nie naszym.<\/p>\n<p class=\"\" data-start=\"2820\" data-end=\"3042\">Nie ponosimy odpowiedzialno\u015bci za spos\u00f3b dzia\u0142ania tych us\u0142ug zewn\u0119trznych ani nie mo\u017cemy interweniowa\u0107 w ich obs\u0142ug\u0119 klienta lub procedury zwrotu pieni\u0119dzy. W przypadku jakichkolwiek problem\u00f3w z zakupami zewn\u0119trznymi prosimy o bezpo\u015bredni kontakt z dostawc\u0105 zewn\u0119trznym.<\/p>\n<h2 data-start=\"3049\" data-end=\"3070\">Kontakt z nami<\/h2>\n<p class=\"\" data-start=\"3072\" data-end=\"3376\">Je\u015bli masz pytania dotycz\u0105ce tre\u015bci na naszej stronie lub naszej relacji partnerskiej z CooMeet, skontaktuj si\u0119 z nami za po\u015brednictwem naszej strony kontaktowej. Nale\u017cy jednak pami\u0119ta\u0107, \u017ce nie mo\u017cemy pom\u00f3c w kwestiach zwi\u0105zanych z rozliczeniami, zwrotami koszt\u00f3w lub subskrypcj\u0105 - te kwestie nale\u017cy kierowa\u0107 do zespo\u0142u obs\u0142ugi klienta CooMeet.<\/p>","protected":false},"excerpt":{"rendered":"<p>Thank you for using our website. Please be advised that all billing, refunds, chargebacks, and customer support inquiries related to purchases made through links on this website are exclusively managed by CooMeet. As an independent affiliate, we do not process payments, handle billing issues, or provide direct customer support for transactions involving CooMeet services. Digital [&hellip;]<\/p>\n","protected":false},"author":1,"featured_media":0,"parent":0,"menu_order":0,"comment_status":"closed","ping_status":"closed","template":"","meta":{"footnotes":""},"class_list":["post-8554","page","type-page","status-publish","hentry"],"yoast_head":"<!-- This site is optimized with the Yoast SEO plugin v27.3 - https:\/\/yoast.com\/product\/yoast-seo-wordpress\/ -->\n<title>Refunds &amp; Chargeback - TinyChat<\/title>\n<meta name=\"robots\" content=\"index, follow, max-snippet:-1, max-image-preview:large, max-video-preview:-1\" \/>\n<link rel=\"canonical\" href=\"https:\/\/tinychat.com\/pl\/refund\/\" \/>\n<meta property=\"og:locale\" content=\"pl_PL\" \/>\n<meta property=\"og:type\" content=\"article\" \/>\n<meta property=\"og:title\" content=\"Refunds &amp; Chargeback - TinyChat\" \/>\n<meta property=\"og:description\" content=\"Thank you for using our website. Please be advised that all billing, refunds, chargebacks, and customer support inquiries related to purchases made through links on this website are exclusively managed by CooMeet. As an independent affiliate, we do not process payments, handle billing issues, or provide direct customer support for transactions involving CooMeet services. Digital [&hellip;]\" \/>\n<meta property=\"og:url\" content=\"https:\/\/tinychat.com\/pl\/refund\/\" \/>\n<meta property=\"og:site_name\" content=\"TinyChat\" \/>\n<meta property=\"article:publisher\" content=\"https:\/\/www.facebook.com\/tinychat\" \/>\n<meta property=\"article:modified_time\" content=\"2025-05-03T15:25:13+00:00\" \/>\n<meta property=\"og:image\" content=\"https:\/\/tinychat.com\/wp-content\/uploads\/2020\/04\/Tinychat-logo-1280x284-new-black.png\" \/>\n\t<meta property=\"og:image:width\" content=\"1280\" \/>\n\t<meta property=\"og:image:height\" content=\"284\" \/>\n\t<meta property=\"og:image:type\" content=\"image\/png\" \/>\n<meta name=\"twitter:card\" content=\"summary_large_image\" \/>\n<meta name=\"twitter:site\" content=\"@tinychat\" \/>\n<meta name=\"twitter:label1\" content=\"Szacowany czas czytania\" \/>\n\t<meta name=\"twitter:data1\" content=\"2 minuty\" \/>\n<script type=\"application\/ld+json\" class=\"yoast-schema-graph\">{\"@context\":\"https:\\\/\\\/schema.org\",\"@graph\":[{\"@type\":\"WebPage\",\"@id\":\"https:\\\/\\\/tinychat.com\\\/refund\\\/\",\"url\":\"https:\\\/\\\/tinychat.com\\\/refund\\\/\",\"name\":\"Refunds & Chargeback - TinyChat\",\"isPartOf\":{\"@id\":\"https:\\\/\\\/tinychat.com\\\/#website\"},\"datePublished\":\"2021-10-18T08:33:50+00:00\",\"dateModified\":\"2025-05-03T15:25:13+00:00\",\"breadcrumb\":{\"@id\":\"https:\\\/\\\/tinychat.com\\\/refund\\\/#breadcrumb\"},\"inLanguage\":\"pl-PL\",\"potentialAction\":[{\"@type\":\"ReadAction\",\"target\":[\"https:\\\/\\\/tinychat.com\\\/refund\\\/\"]}]},{\"@type\":\"BreadcrumbList\",\"@id\":\"https:\\\/\\\/tinychat.com\\\/refund\\\/#breadcrumb\",\"itemListElement\":[{\"@type\":\"ListItem\",\"position\":1,\"name\":\"Home\",\"item\":\"https:\\\/\\\/tinychat.com\\\/\"},{\"@type\":\"ListItem\",\"position\":2,\"name\":\"Refunds &#038; Chargeback\"}]},{\"@type\":\"WebSite\",\"@id\":\"https:\\\/\\\/tinychat.com\\\/#website\",\"url\":\"https:\\\/\\\/tinychat.com\\\/\",\"name\":\"TinyChat\",\"description\":\"Random Video Chat with Strangers\",\"publisher\":{\"@id\":\"https:\\\/\\\/tinychat.com\\\/#organization\"},\"alternateName\":\"TinyChat.com\",\"potentialAction\":[{\"@type\":\"SearchAction\",\"target\":{\"@type\":\"EntryPoint\",\"urlTemplate\":\"https:\\\/\\\/tinychat.com\\\/?s={search_term_string}\"},\"query-input\":{\"@type\":\"PropertyValueSpecification\",\"valueRequired\":true,\"valueName\":\"search_term_string\"}}],\"inLanguage\":\"pl-PL\"},{\"@type\":\"Organization\",\"@id\":\"https:\\\/\\\/tinychat.com\\\/#organization\",\"name\":\"TinyChat\",\"alternateName\":\"TinyChat.com\",\"url\":\"https:\\\/\\\/tinychat.com\\\/\",\"logo\":{\"@type\":\"ImageObject\",\"inLanguage\":\"pl-PL\",\"@id\":\"https:\\\/\\\/tinychat.com\\\/#\\\/schema\\\/logo\\\/image\\\/\",\"url\":\"https:\\\/\\\/tinychat.com\\\/wp-content\\\/uploads\\\/2023\\\/11\\\/Tinychat-icon-square.png\",\"contentUrl\":\"https:\\\/\\\/tinychat.com\\\/wp-content\\\/uploads\\\/2023\\\/11\\\/Tinychat-icon-square.png\",\"width\":284,\"height\":284,\"caption\":\"TinyChat\"},\"image\":{\"@id\":\"https:\\\/\\\/tinychat.com\\\/#\\\/schema\\\/logo\\\/image\\\/\"},\"sameAs\":[\"https:\\\/\\\/www.facebook.com\\\/tinychat\",\"https:\\\/\\\/x.com\\\/tinychat\"]}]}<\/script>\n<!-- \/ Yoast SEO plugin. -->","yoast_head_json":{"title":"Zwroty i obci\u0105\u017cenia zwrotne - TinyChat","robots":{"index":"index","follow":"follow","max-snippet":"max-snippet:-1","max-image-preview":"max-image-preview:large","max-video-preview":"max-video-preview:-1"},"canonical":"https:\/\/tinychat.com\/pl\/refund\/","og_locale":"pl_PL","og_type":"article","og_title":"Refunds & Chargeback - TinyChat","og_description":"Thank you for using our website. Please be advised that all billing, refunds, chargebacks, and customer support inquiries related to purchases made through links on this website are exclusively managed by CooMeet. As an independent affiliate, we do not process payments, handle billing issues, or provide direct customer support for transactions involving CooMeet services. Digital [&hellip;]","og_url":"https:\/\/tinychat.com\/pl\/refund\/","og_site_name":"TinyChat","article_publisher":"https:\/\/www.facebook.com\/tinychat","article_modified_time":"2025-05-03T15:25:13+00:00","og_image":[{"width":1280,"height":284,"url":"https:\/\/tinychat.com\/wp-content\/uploads\/2020\/04\/Tinychat-logo-1280x284-new-black.png","type":"image\/png"}],"twitter_card":"summary_large_image","twitter_site":"@tinychat","twitter_misc":{"Szacowany czas czytania":"2 minuty"},"schema":{"@context":"https:\/\/schema.org","@graph":[{"@type":"WebPage","@id":"https:\/\/tinychat.com\/refund\/","url":"https:\/\/tinychat.com\/refund\/","name":"Zwroty i obci\u0105\u017cenia zwrotne - TinyChat","isPartOf":{"@id":"https:\/\/tinychat.com\/#website"},"datePublished":"2021-10-18T08:33:50+00:00","dateModified":"2025-05-03T15:25:13+00:00","breadcrumb":{"@id":"https:\/\/tinychat.com\/refund\/#breadcrumb"},"inLanguage":"pl-PL","potentialAction":[{"@type":"ReadAction","target":["https:\/\/tinychat.com\/refund\/"]}]},{"@type":"BreadcrumbList","@id":"https:\/\/tinychat.com\/refund\/#breadcrumb","itemListElement":[{"@type":"ListItem","position":1,"name":"Home","item":"https:\/\/tinychat.com\/"},{"@type":"ListItem","position":2,"name":"Refunds &#038; Chargeback"}]},{"@type":"WebSite","@id":"https:\/\/tinychat.com\/#website","url":"https:\/\/tinychat.com\/","name":"TinyChat","description":"Losowy czat wideo z nieznajomymi","publisher":{"@id":"https:\/\/tinychat.com\/#organization"},"alternateName":"TinyChat.com","potentialAction":[{"@type":"SearchAction","target":{"@type":"EntryPoint","urlTemplate":"https:\/\/tinychat.com\/?s={search_term_string}"},"query-input":{"@type":"PropertyValueSpecification","valueRequired":true,"valueName":"search_term_string"}}],"inLanguage":"pl-PL"},{"@type":"Organization","@id":"https:\/\/tinychat.com\/#organization","name":"TinyChat","alternateName":"TinyChat.com","url":"https:\/\/tinychat.com\/","logo":{"@type":"ImageObject","inLanguage":"pl-PL","@id":"https:\/\/tinychat.com\/#\/schema\/logo\/image\/","url":"https:\/\/tinychat.com\/wp-content\/uploads\/2023\/11\/Tinychat-icon-square.png","contentUrl":"https:\/\/tinychat.com\/wp-content\/uploads\/2023\/11\/Tinychat-icon-square.png","width":284,"height":284,"caption":"TinyChat"},"image":{"@id":"https:\/\/tinychat.com\/#\/schema\/logo\/image\/"},"sameAs":["https:\/\/www.facebook.com\/tinychat","https:\/\/x.com\/tinychat"]}]}},"_links":{"self":[{"href":"https:\/\/tinychat.com\/pl\/wp-json\/wp\/v2\/pages\/8554","targetHints":{"allow":["GET"]}}],"collection":[{"href":"https:\/\/tinychat.com\/pl\/wp-json\/wp\/v2\/pages"}],"about":[{"href":"https:\/\/tinychat.com\/pl\/wp-json\/wp\/v2\/types\/page"}],"author":[{"embeddable":true,"href":"https:\/\/tinychat.com\/pl\/wp-json\/wp\/v2\/users\/1"}],"replies":[{"embeddable":true,"href":"https:\/\/tinychat.com\/pl\/wp-json\/wp\/v2\/comments?post=8554"}],"version-history":[{"count":3,"href":"https:\/\/tinychat.com\/pl\/wp-json\/wp\/v2\/pages\/8554\/revisions"}],"predecessor-version":[{"id":13054,"href":"https:\/\/tinychat.com\/pl\/wp-json\/wp\/v2\/pages\/8554\/revisions\/13054"}],"wp:attachment":[{"href":"https:\/\/tinychat.com\/pl\/wp-json\/wp\/v2\/media?parent=8554"}],"curies":[{"name":"wp","href":"https:\/\/api.w.org\/{rel}","templated":true}]}}